{"id":36639,"date":"2025-01-04T00:18:52","date_gmt":"2025-01-04T00:18:52","guid":{"rendered":"https:\/\/sorareceo.com\/sorareceo-com-nguoi-huong-dan-dang-tin-cay-cua-ban-ve-sorare\/"},"modified":"2025-08-25T17:42:22","modified_gmt":"2025-08-25T17:42:22","slug":"sorareceo-com-nguoi-huong-dan-dang-tin-cay-cua-ban-ve-sorare","status":"publish","type":"page","link":"https:\/\/sorareceo.com\/vi\/","title":{"rendered":"SorareCEO.com \u2013 ng\u01b0\u1eddi h\u01b0\u1edbng d\u1eabn \u0111\u00e1ng tin c\u1eady c\u1ee7a b\u1ea1n v\u1ec1 Sorare"},"content":{"rendered":"<div class=\"gb-container gb-container-4f6744a8 alignfull\">\n\n<h2 class=\"gb-headline gb-headline-59c6c384 gb-headline-text\">Ch\u00e0o m\u1eebng \u0111\u1ebfn v\u1edbi SorareCEO<\/h2>\n\n\n\n<h1 class=\"gb-headline gb-headline-499f076a gb-headline-text\">N\u01a1i d\u00e0nh cho c\u00e1c h\u01b0\u1edbng d\u1eabn, b\u00e0i h\u1ecdc v\u00e0 chi\u1ebfn l\u01b0\u1ee3c v\u1ec1 Sorare.<\/h1>\n\n\n\n<a class=\"gb-button gb-button-7411aeb9 gb-button-text\" href=\"https:\/\/sorareceo.com\/vi\/sorare-la-gi\/\" target=\"_blank\" rel=\"noopener noreferrer\">SORARE L\u00c0 G\u00cc?<\/a>\n\n<\/div>\n\n<div class=\"gb-container gb-container-dff66fc0 alignfull\">\n<div class=\"gb-container gb-container-5ae625cf\">\n<div class=\"gb-container gb-container-7bad8aa5\">\n\n<h2 class=\"gb-headline gb-headline-3639624f gb-headline-text\">H\u01b0\u1edbng d\u1eabn cho ng\u01b0\u1eddi m\u1edbi<\/h2>\n\n\n\n<figure class=\"wp-block-image size-full is-resized\"><img loading=\"lazy\" decoding=\"async\" width=\"1000\" height=\"1000\" src=\"http:\/\/sorareceo.com\/wp-content\/uploads\/2025\/08\/guide-homepage.webp\" alt=\"\" class=\"wp-image-35215\" style=\"object-fit:cover;width:300px;height:300px\" srcset=\"https:\/\/sorareceo.com\/wp-content\/uploads\/2025\/08\/guide-homepage.webp 1000w, https:\/\/sorareceo.com\/wp-content\/uploads\/2025\/08\/guide-homepage-300x300.webp 300w, https:\/\/sorareceo.com\/wp-content\/uploads\/2025\/08\/guide-homepage-150x150.webp 150w, https:\/\/sorareceo.com\/wp-content\/uploads\/2025\/08\/guide-homepage-768x768.webp 768w\" sizes=\"auto, (max-width: 1000px) 100vw, 1000px\" \/><\/figure>\n\n\n<div class=\"gb-container gb-container-98b4471b\">\n\n<p class=\"gb-headline gb-headline-44cbcbf8 gb-headline-text\">B\u1ea1n m\u1edbi tham gia Sorare? C\u00f3 l\u1ebd b\u1ea1n mu\u1ed1n tr\u00e1nh nh\u1eefng sai l\u1ea7m c\u1ee7a ng\u01b0\u1eddi m\u1edbi v\u00e0 t\u1ed1i \u0111a h\u00f3a c\u01a1 h\u1ed9i ki\u1ebfm l\u1ee3i nhu\u1eadn c\u00e0ng s\u1edbm c\u00e0ng t\u1ed1t sau khi tham gia. H\u01b0\u1edbng d\u1eabn cho ng\u01b0\u1eddi m\u1edbi ch\u01a1i Sorare c\u1ee7a t\u00f4i s\u1ebd gi\u00fap b\u1ea1n l\u00e0m \u0111\u01b0\u1ee3c \u0111i\u1ec1u \u0111\u00f3 \u2013 v\u00e0 c\u00f2n nhi\u1ec1u h\u01a1n th\u1ebf.  <\/p>\n\n\n\n<a class=\"gb-button gb-button-ff8e8a3a gb-button-text\" href=\"https:\/\/sorareceo.com\/vi\/sorare-tutorial\/\" target=\"_blank\" rel=\"noopener noreferrer\">\u0110\u1eccC T\u1ea0I \u0110\u00c2Y<\/a>\n\n<\/div>\n<\/div>\n<\/div>\n\n<div class=\"gb-container gb-container-5732aabf\">\n<div class=\"gb-container gb-container-84b12203\">\n\n<h2 class=\"gb-headline gb-headline-a59e7235 gb-headline-text\">\u0110\u00e1nh gi\u00e1 tr\u00f2 ch\u01a1i<\/h2>\n\n\n\n<figure class=\"wp-block-image size-full is-resized\"><img loading=\"lazy\" decoding=\"async\" width=\"1000\" height=\"1000\" src=\"http:\/\/sorareceo.com\/wp-content\/uploads\/2025\/08\/review-homepage.webp\" alt=\"\" class=\"wp-image-35262\" style=\"object-fit:cover;width:300px;height:300px\" srcset=\"https:\/\/sorareceo.com\/wp-content\/uploads\/2025\/08\/review-homepage.webp 1000w, https:\/\/sorareceo.com\/wp-content\/uploads\/2025\/08\/review-homepage-300x300.webp 300w, https:\/\/sorareceo.com\/wp-content\/uploads\/2025\/08\/review-homepage-150x150.webp 150w, https:\/\/sorareceo.com\/wp-content\/uploads\/2025\/08\/review-homepage-768x768.webp 768w\" sizes=\"auto, (max-width: 1000px) 100vw, 1000px\" \/><\/figure>\n\n\n<div class=\"gb-container gb-container-5d281bbd\">\n\n<p class=\"gb-headline gb-headline-e815eb18 gb-headline-text\">V\u1eabn b\u0103n kho\u0103n li\u1ec7u tr\u00f2 ch\u01a1i n\u00e0y c\u00f3 ph\u00f9 h\u1ee3p v\u1edbi b\u1ea1n? H\u00e3y \u0111\u1ecdc b\u00e0i \u0111\u00e1nh gi\u00e1 Sorare c\u1ee7a t\u00f4i, n\u01a1i b\u1ea1n s\u1ebd t\u00ecm th\u1ea5y nh\u1eefng ph\u1ea3n h\u1ed3i ch\u00e2n th\u1eadt nh\u1ea5t v\u1ec1 s\u1ea3n ph\u1ea9m v\u00e0 c\u00e1ch n\u00f3 kh\u00e1c bi\u1ec7t so v\u1edbi c\u00e1c n\u1ec1n t\u1ea3ng fantasy sports kh\u00e1c. Gi\u1ed1ng nh\u01b0 m\u1ecdi tr\u00f2 ch\u01a1i, n\u00f3 c\u00f3 c\u1ea3 \u01b0u v\u00e0 nh\u01b0\u1ee3c \u0111i\u1ec3m.   <\/p>\n\n\n\n<a class=\"gb-button gb-button-2dee9ba5 gb-button-text\" href=\"#\" target=\"_blank\" rel=\"noopener noreferrer\">\u0110\u1eccC T\u1ea0I \u0110\u00c2Y<\/a>\n\n<\/div>\n<\/div>\n<\/div>\n\n<div class=\"gb-container gb-container-9a12ce94\">\n<div class=\"gb-container gb-container-4a74dada\">\n\n<h2 class=\"gb-headline gb-headline-7b49ca4e gb-headline-text\">\u01afu \u0111\u00e3i \u0111\u0103ng k\u00fd<\/h2>\n\n\n\n<figure class=\"wp-block-image size-full is-resized\"><img loading=\"lazy\" decoding=\"async\" width=\"1000\" height=\"1000\" src=\"http:\/\/sorareceo.com\/wp-content\/uploads\/2025\/08\/sign-up-offer-homepage.webp\" alt=\"\" class=\"wp-image-35309\" style=\"object-fit:cover;width:300px;height:300px\" srcset=\"https:\/\/sorareceo.com\/wp-content\/uploads\/2025\/08\/sign-up-offer-homepage.webp 1000w, https:\/\/sorareceo.com\/wp-content\/uploads\/2025\/08\/sign-up-offer-homepage-300x300.webp 300w, https:\/\/sorareceo.com\/wp-content\/uploads\/2025\/08\/sign-up-offer-homepage-150x150.webp 150w, https:\/\/sorareceo.com\/wp-content\/uploads\/2025\/08\/sign-up-offer-homepage-768x768.webp 768w\" sizes=\"auto, (max-width: 1000px) 100vw, 1000px\" \/><\/figure>\n\n\n<div class=\"gb-container gb-container-9727e384\">\n\n<p class=\"gb-headline gb-headline-e3c72453 gb-headline-text\">N\u1ebfu b\u1ea1n \u0111\u00e3 \u0111\u01b0a ra (quy\u1ebft \u0111\u1ecbnh \u0111\u00fang \u0111\u1eafn) l\u00e0 tham gia tr\u00f2 ch\u01a1i, \u0111\u00e2y l\u00e0 m\u00f3n qu\u00e0 c\u1ee7a t\u00f4i d\u00e0nh cho b\u1ea1n. H\u00e3y tr\u1edf th\u00e0nh m\u1ed9t trong nh\u1eefng \u0111\u1ed9c gi\u1ea3 c\u1ee7a SorareCEO nh\u1eadn \u0111\u01b0\u1ee3c ti\u1ec1n th\u01b0\u1edfng ch\u00e0o m\u1eebng v\u00e0 l\u1ee3i th\u1ebf kh\u1edfi \u0111\u1ea7u so v\u1edbi nh\u1eefng nh\u00e0 qu\u1ea3n l\u00fd kh\u00e1c. Kh\u00e1m ph\u00e1 khuy\u1ebfn m\u00e3i hi\u1ec7n t\u1ea1i t\u1ea1i \u0111\u00e2y.   <\/p>\n\n\n\n<a class=\"gb-button gb-button-fc86622e gb-button-text\" href=\"#\" target=\"_blank\" rel=\"noopener noreferrer\">\u0110\u1eccC T\u1ea0I \u0110\u00c2Y<\/a>\n\n<\/div>\n<\/div>\n<\/div>\n<\/div>","protected":false},"excerpt":{"rendered":"<p>Ch\u00e0o m\u1eebng \u0111\u1ebfn v\u1edbi SorareCEO N\u01a1i d\u00e0nh cho c\u00e1c h\u01b0\u1edbng d\u1eabn, b\u00e0i h\u1ecdc v\u00e0 chi\u1ebfn l\u01b0\u1ee3c v\u1ec1 Sorare. H\u01b0\u1edbng d\u1eabn cho ng\u01b0\u1eddi m\u1edbi B\u1ea1n m\u1edbi tham gia Sorare? C\u00f3 l\u1ebd b\u1ea1n mu\u1ed1n tr\u00e1nh nh\u1eefng sai l\u1ea7m c\u1ee7a ng\u01b0\u1eddi m\u1edbi v\u00e0 t\u1ed1i \u0111a h\u00f3a c\u01a1 h\u1ed9i ki\u1ebfm l\u1ee3i nhu\u1eadn c\u00e0ng s\u1edbm c\u00e0ng t\u1ed1t sau khi tham &#8230; <a title=\"SorareCEO.com \u2013 ng\u01b0\u1eddi h\u01b0\u1edbng d\u1eabn \u0111\u00e1ng tin c\u1eady c\u1ee7a b\u1ea1n v\u1ec1 Sorare\" class=\"read-more\" href=\"https:\/\/sorareceo.com\/vi\/\" aria-label=\"Read more about SorareCEO.com \u2013 ng\u01b0\u1eddi h\u01b0\u1edbng d\u1eabn \u0111\u00e1ng tin c\u1eady c\u1ee7a b\u1ea1n v\u1ec1 Sorare\">Read more<\/a><\/p>\n","protected":false},"author":1,"featured_media":34320,"parent":0,"menu_order":0,"comment_status":"closed","ping_status":"closed","template":"","meta":{"footnotes":""},"class_list":["post-36639","page","type-page","status-publish","has-post-thumbnail"],"yoast_head":"<!-- This site is optimized with the Yoast SEO plugin v26.6 - https:\/\/yoast.com\/wordpress\/plugins\/seo\/ -->\n<title>SorareCEO.com \u2013 ng\u01b0\u1eddi h\u01b0\u1edbng d\u1eabn \u0111\u00e1ng tin c\u1eady c\u1ee7a b\u1ea1n v\u1ec1 Sorare<\/title>\n<meta name=\"description\" content=\"SorareCEO l\u00e0 ngu\u1ed3n th\u00f4ng tin \u0111\u00e1ng tin c\u1eady cho c\u00e1c h\u01b0\u1edbng d\u1eabn, b\u00e0i h\u1ecdc, m\u1eb9o, chi\u1ebfn l\u01b0\u1ee3c v\u00e0 tin t\u1ee9c v\u1ec1 Sorare. C\u00f9ng t\u00f4i n\u00e2ng cao k\u1ef9 n\u0103ng ch\u01a1i game c\u1ee7a b\u1ea1n.\" \/>\n<meta name=\"robots\" content=\"index, follow, max-snippet:-1, max-image-preview:large, max-video-preview:-1\" \/>\n<link rel=\"canonical\" href=\"https:\/\/sorareceo.com\/vi\/\" \/>\n<meta property=\"og:locale\" content=\"vi_VN\" \/>\n<meta property=\"og:type\" content=\"article\" \/>\n<meta property=\"og:title\" content=\"SorareCEO.com \u2013 ng\u01b0\u1eddi h\u01b0\u1edbng d\u1eabn \u0111\u00e1ng tin c\u1eady c\u1ee7a b\u1ea1n v\u1ec1 Sorare\" \/>\n<meta property=\"og:description\" content=\"SorareCEO l\u00e0 ngu\u1ed3n th\u00f4ng tin \u0111\u00e1ng tin c\u1eady cho c\u00e1c h\u01b0\u1edbng d\u1eabn, b\u00e0i h\u1ecdc, m\u1eb9o, chi\u1ebfn l\u01b0\u1ee3c v\u00e0 tin t\u1ee9c v\u1ec1 Sorare. C\u00f9ng t\u00f4i n\u00e2ng cao k\u1ef9 n\u0103ng ch\u01a1i game c\u1ee7a b\u1ea1n.\" \/>\n<meta property=\"og:url\" content=\"https:\/\/sorareceo.com\/vi\/\" \/>\n<meta property=\"og:site_name\" content=\"SorareCEO - Your Place for Sorare Strategies &amp; Tips\" \/>\n<meta property=\"article:modified_time\" content=\"2025-08-25T17:42:22+00:00\" \/>\n<meta property=\"og:image\" content=\"https:\/\/sorareceo.com\/wp-content\/uploads\/2025\/08\/icon.webp\" \/>\n\t<meta property=\"og:image:width\" content=\"100\" \/>\n\t<meta property=\"og:image:height\" content=\"100\" \/>\n\t<meta property=\"og:image:type\" content=\"image\/webp\" \/>\n<meta name=\"twitter:card\" content=\"summary_large_image\" \/>\n<meta name=\"twitter:label1\" content=\"Est. reading time\" \/>\n\t<meta name=\"twitter:data1\" content=\"2 minutes\" \/>\n<script type=\"application\/ld+json\" class=\"yoast-schema-graph\">{\"@context\":\"https:\/\/schema.org\",\"@graph\":[{\"@type\":\"WebPage\",\"@id\":\"https:\/\/sorareceo.com\/vi\/\",\"url\":\"https:\/\/sorareceo.com\/vi\/\",\"name\":\"SorareCEO.com \u2013 ng\u01b0\u1eddi h\u01b0\u1edbng d\u1eabn \u0111\u00e1ng tin c\u1eady c\u1ee7a b\u1ea1n v\u1ec1 Sorare\",\"isPartOf\":{\"@id\":\"https:\/\/sorareceo.com\/#website\"},\"primaryImageOfPage\":{\"@id\":\"https:\/\/sorareceo.com\/vi\/#primaryimage\"},\"image\":{\"@id\":\"https:\/\/sorareceo.com\/vi\/#primaryimage\"},\"thumbnailUrl\":\"https:\/\/sorareceo.com\/wp-content\/uploads\/2025\/08\/icon.webp\",\"datePublished\":\"2025-01-04T00:18:52+00:00\",\"dateModified\":\"2025-08-25T17:42:22+00:00\",\"description\":\"SorareCEO l\u00e0 ngu\u1ed3n th\u00f4ng tin \u0111\u00e1ng tin c\u1eady cho c\u00e1c h\u01b0\u1edbng d\u1eabn, b\u00e0i h\u1ecdc, m\u1eb9o, chi\u1ebfn l\u01b0\u1ee3c v\u00e0 tin t\u1ee9c v\u1ec1 Sorare. C\u00f9ng t\u00f4i n\u00e2ng cao k\u1ef9 n\u0103ng ch\u01a1i game c\u1ee7a b\u1ea1n.\",\"breadcrumb\":{\"@id\":\"https:\/\/sorareceo.com\/vi\/#breadcrumb\"},\"inLanguage\":\"vi-VN\",\"potentialAction\":[{\"@type\":\"ReadAction\",\"target\":[\"https:\/\/sorareceo.com\/vi\/\"]}]},{\"@type\":\"ImageObject\",\"inLanguage\":\"vi-VN\",\"@id\":\"https:\/\/sorareceo.com\/vi\/#primaryimage\",\"url\":\"https:\/\/sorareceo.com\/wp-content\/uploads\/2025\/08\/icon.webp\",\"contentUrl\":\"https:\/\/sorareceo.com\/wp-content\/uploads\/2025\/08\/icon.webp\",\"width\":100,\"height\":100},{\"@type\":\"BreadcrumbList\",\"@id\":\"https:\/\/sorareceo.com\/vi\/#breadcrumb\",\"itemListElement\":[{\"@type\":\"ListItem\",\"position\":1,\"name\":\"Home\",\"item\":\"https:\/\/sorareceo.com\/vi\/\"},{\"@type\":\"ListItem\",\"position\":2,\"name\":\"SorareCEO.com \u2013 ng\u01b0\u1eddi h\u01b0\u1edbng d\u1eabn \u0111\u00e1ng tin c\u1eady c\u1ee7a b\u1ea1n v\u1ec1 Sorare\"}]},{\"@type\":\"WebSite\",\"@id\":\"https:\/\/sorareceo.com\/#website\",\"url\":\"https:\/\/sorareceo.com\/\",\"name\":\"SorareCEO - Your Place for Sorare Strategies &amp; Tips\",\"description\":\"The best place for up-to-date Sorare strategies, guides &amp; tips.\",\"publisher\":{\"@id\":\"https:\/\/sorareceo.com\/#organization\"},\"potentialAction\":[{\"@type\":\"SearchAction\",\"target\":{\"@type\":\"EntryPoint\",\"urlTemplate\":\"https:\/\/sorareceo.com\/?s={search_term_string}\"},\"query-input\":{\"@type\":\"PropertyValueSpecification\",\"valueRequired\":true,\"valueName\":\"search_term_string\"}}],\"inLanguage\":\"vi-VN\"},{\"@type\":\"Organization\",\"@id\":\"https:\/\/sorareceo.com\/#organization\",\"name\":\"SorareCEO - Your Place for Sorare Strategies &amp; Tips\",\"url\":\"https:\/\/sorareceo.com\/\",\"logo\":{\"@type\":\"ImageObject\",\"inLanguage\":\"vi-VN\",\"@id\":\"https:\/\/sorareceo.com\/#\/schema\/logo\/image\/\",\"url\":\"https:\/\/sorareceo.com\/wp-content\/uploads\/2025\/08\/new-logo.webp\",\"contentUrl\":\"https:\/\/sorareceo.com\/wp-content\/uploads\/2025\/08\/new-logo.webp\",\"width\":500,\"height\":150,\"caption\":\"SorareCEO - Your Place for Sorare Strategies &amp; Tips\"},\"image\":{\"@id\":\"https:\/\/sorareceo.com\/#\/schema\/logo\/image\/\"}}]}<\/script>\n<!-- \/ Yoast SEO plugin. -->","yoast_head_json":{"title":"SorareCEO.com \u2013 ng\u01b0\u1eddi h\u01b0\u1edbng d\u1eabn \u0111\u00e1ng tin c\u1eady c\u1ee7a b\u1ea1n v\u1ec1 Sorare","description":"SorareCEO l\u00e0 ngu\u1ed3n th\u00f4ng tin \u0111\u00e1ng tin c\u1eady cho c\u00e1c h\u01b0\u1edbng d\u1eabn, b\u00e0i h\u1ecdc, m\u1eb9o, chi\u1ebfn l\u01b0\u1ee3c v\u00e0 tin t\u1ee9c v\u1ec1 Sorare. C\u00f9ng t\u00f4i n\u00e2ng cao k\u1ef9 n\u0103ng ch\u01a1i game c\u1ee7a b\u1ea1n.","robots":{"index":"index","follow":"follow","max-snippet":"max-snippet:-1","max-image-preview":"max-image-preview:large","max-video-preview":"max-video-preview:-1"},"canonical":"https:\/\/sorareceo.com\/vi\/","og_locale":"vi_VN","og_type":"article","og_title":"SorareCEO.com \u2013 ng\u01b0\u1eddi h\u01b0\u1edbng d\u1eabn \u0111\u00e1ng tin c\u1eady c\u1ee7a b\u1ea1n v\u1ec1 Sorare","og_description":"SorareCEO l\u00e0 ngu\u1ed3n th\u00f4ng tin \u0111\u00e1ng tin c\u1eady cho c\u00e1c h\u01b0\u1edbng d\u1eabn, b\u00e0i h\u1ecdc, m\u1eb9o, chi\u1ebfn l\u01b0\u1ee3c v\u00e0 tin t\u1ee9c v\u1ec1 Sorare. C\u00f9ng t\u00f4i n\u00e2ng cao k\u1ef9 n\u0103ng ch\u01a1i game c\u1ee7a b\u1ea1n.","og_url":"https:\/\/sorareceo.com\/vi\/","og_site_name":"SorareCEO - Your Place for Sorare Strategies &amp; Tips","article_modified_time":"2025-08-25T17:42:22+00:00","og_image":[{"width":100,"height":100,"url":"https:\/\/sorareceo.com\/wp-content\/uploads\/2025\/08\/icon.webp","type":"image\/webp"}],"twitter_card":"summary_large_image","twitter_misc":{"Est. reading time":"2 minutes"},"schema":{"@context":"https:\/\/schema.org","@graph":[{"@type":"WebPage","@id":"https:\/\/sorareceo.com\/vi\/","url":"https:\/\/sorareceo.com\/vi\/","name":"SorareCEO.com \u2013 ng\u01b0\u1eddi h\u01b0\u1edbng d\u1eabn \u0111\u00e1ng tin c\u1eady c\u1ee7a b\u1ea1n v\u1ec1 Sorare","isPartOf":{"@id":"https:\/\/sorareceo.com\/#website"},"primaryImageOfPage":{"@id":"https:\/\/sorareceo.com\/vi\/#primaryimage"},"image":{"@id":"https:\/\/sorareceo.com\/vi\/#primaryimage"},"thumbnailUrl":"https:\/\/sorareceo.com\/wp-content\/uploads\/2025\/08\/icon.webp","datePublished":"2025-01-04T00:18:52+00:00","dateModified":"2025-08-25T17:42:22+00:00","description":"SorareCEO l\u00e0 ngu\u1ed3n th\u00f4ng tin \u0111\u00e1ng tin c\u1eady cho c\u00e1c h\u01b0\u1edbng d\u1eabn, b\u00e0i h\u1ecdc, m\u1eb9o, chi\u1ebfn l\u01b0\u1ee3c v\u00e0 tin t\u1ee9c v\u1ec1 Sorare. C\u00f9ng t\u00f4i n\u00e2ng cao k\u1ef9 n\u0103ng ch\u01a1i game c\u1ee7a b\u1ea1n.","breadcrumb":{"@id":"https:\/\/sorareceo.com\/vi\/#breadcrumb"},"inLanguage":"vi-VN","potentialAction":[{"@type":"ReadAction","target":["https:\/\/sorareceo.com\/vi\/"]}]},{"@type":"ImageObject","inLanguage":"vi-VN","@id":"https:\/\/sorareceo.com\/vi\/#primaryimage","url":"https:\/\/sorareceo.com\/wp-content\/uploads\/2025\/08\/icon.webp","contentUrl":"https:\/\/sorareceo.com\/wp-content\/uploads\/2025\/08\/icon.webp","width":100,"height":100},{"@type":"BreadcrumbList","@id":"https:\/\/sorareceo.com\/vi\/#breadcrumb","itemListElement":[{"@type":"ListItem","position":1,"name":"Home","item":"https:\/\/sorareceo.com\/vi\/"},{"@type":"ListItem","position":2,"name":"SorareCEO.com \u2013 ng\u01b0\u1eddi h\u01b0\u1edbng d\u1eabn \u0111\u00e1ng tin c\u1eady c\u1ee7a b\u1ea1n v\u1ec1 Sorare"}]},{"@type":"WebSite","@id":"https:\/\/sorareceo.com\/#website","url":"https:\/\/sorareceo.com\/","name":"SorareCEO - Your Place for Sorare Strategies &amp; Tips","description":"The best place for up-to-date Sorare strategies, guides &amp; tips.","publisher":{"@id":"https:\/\/sorareceo.com\/#organization"},"potentialAction":[{"@type":"SearchAction","target":{"@type":"EntryPoint","urlTemplate":"https:\/\/sorareceo.com\/?s={search_term_string}"},"query-input":{"@type":"PropertyValueSpecification","valueRequired":true,"valueName":"search_term_string"}}],"inLanguage":"vi-VN"},{"@type":"Organization","@id":"https:\/\/sorareceo.com\/#organization","name":"SorareCEO - Your Place for Sorare Strategies &amp; Tips","url":"https:\/\/sorareceo.com\/","logo":{"@type":"ImageObject","inLanguage":"vi-VN","@id":"https:\/\/sorareceo.com\/#\/schema\/logo\/image\/","url":"https:\/\/sorareceo.com\/wp-content\/uploads\/2025\/08\/new-logo.webp","contentUrl":"https:\/\/sorareceo.com\/wp-content\/uploads\/2025\/08\/new-logo.webp","width":500,"height":150,"caption":"SorareCEO - Your Place for Sorare Strategies &amp; Tips"},"image":{"@id":"https:\/\/sorareceo.com\/#\/schema\/logo\/image\/"}}]}},"_links":{"self":[{"href":"https:\/\/sorareceo.com\/vi\/wp-json\/wp\/v2\/pages\/36639","targetHints":{"allow":["GET"]}}],"collection":[{"href":"https:\/\/sorareceo.com\/vi\/wp-json\/wp\/v2\/pages"}],"about":[{"href":"https:\/\/sorareceo.com\/vi\/wp-json\/wp\/v2\/types\/page"}],"author":[{"embeddable":true,"href":"https:\/\/sorareceo.com\/vi\/wp-json\/wp\/v2\/users\/1"}],"replies":[{"embeddable":true,"href":"https:\/\/sorareceo.com\/vi\/wp-json\/wp\/v2\/comments?post=36639"}],"version-history":[{"count":2,"href":"https:\/\/sorareceo.com\/vi\/wp-json\/wp\/v2\/pages\/36639\/revisions"}],"predecessor-version":[{"id":36642,"href":"https:\/\/sorareceo.com\/vi\/wp-json\/wp\/v2\/pages\/36639\/revisions\/36642"}],"wp:featuredmedia":[{"embeddable":true,"href":"https:\/\/sorareceo.com\/vi\/wp-json\/wp\/v2\/media\/34320"}],"wp:attachment":[{"href":"https:\/\/sorareceo.com\/vi\/wp-json\/wp\/v2\/media?parent=36639"}],"curies":[{"name":"wp","href":"https:\/\/api.w.org\/{rel}","templated":true}]}}