{"id":5805,"date":"2022-11-18T00:09:51","date_gmt":"2022-11-18T00:09:51","guid":{"rendered":"https:\/\/www.sorareceo.com\/home\/"},"modified":"2023-02-25T20:44:22","modified_gmt":"2023-02-25T20:44:22","slug":"home","status":"publish","type":"page","link":"https:\/\/sorareceo.com\/tr\/home\/","title":{"rendered":"Home"},"content":{"rendered":"<style>\/*! elementor - v3.9.1 - 14-12-2022 *\/\n.elementor-heading-title{padding:0;margin:0;line-height:1}.elementor-widget-heading .elementor-heading-title[class*=elementor-size-]>a{color:inherit;font-size:inherit;line-height:inherit}.elementor-widget-heading .elementor-heading-title.elementor-size-small{font-size:15px}.elementor-widget-heading .elementor-heading-title.elementor-size-medium{font-size:19px}.elementor-widget-heading .elementor-heading-title.elementor-size-large{font-size:29px}.elementor-widget-heading .elementor-heading-title.elementor-size-xl{font-size:39px}.elementor-widget-heading .elementor-heading-title.elementor-size-xxl{font-size:59px}<\/style>\n<h3>Sorare&#8217;nin 1 Numaral\u0131 Uzman\u0131<\/h3>\n<h1>SORARE CEO<\/h1>\n<p>Kan\u0131tlanm\u0131\u015f Sorare stratejileri, ipu\u00e7lar\u0131 ve p\u00fcf noktalar\u0131n\u0131n yan\u0131 s\u0131ra en b\u00fcy\u00fck fantezi futbol platformuyla ilgili en son haberleri ar\u0131yorsan\u0131z, do\u011fru yere geldiniz.<\/p>\n<p>\t\t\t<a href=\"https:\/\/www.sorareceo.com\/tr\/sorare-kayit-teklifi\/\" role=\"button\"><br \/>\n\t\t\t\t\t\t\u00dcCRETSIZ KART ALIN<br \/>\n\t\t\t\t\t<\/a><br \/>\n\t\t\t<a href=\"https:\/\/www.sorareceo.com\/tr\/sorare-yeni-baslayanlar-rehberi\/\" role=\"button\"><br \/>\n\t\t\t\t\t\tYENI\u0307 BA\u015eLAYANLAR I\u0307\u00c7I\u0307N REHBER<br \/>\n\t\t\t\t\t<\/a><\/p>\n<h3>SORARE&#8217;DE GER\u00c7EKTEN I\u0307YI\u0307 OLMANIZA YARDIMCI OLALIM<\/h3>\n<p>\u0130ster haftal\u0131k yar\u0131\u015fmalardaki konumunuzu iyile\u015ftirmek (ve \u00f6d\u00fcller kazanmaya ba\u015flamak), ister ba\u015far\u0131l\u0131 bir Sorare t\u00fcccar\u0131 olmak ya da sadece fantezi futbol (veya NBA veya MLB) oynarken \u00e7ok daha fazla e\u011flenmek istiyorsan\u0131z, do\u011fru yerdesiniz.<\/p>\n<style>\/*! elementor - v3.9.1 - 14-12-2022 *\/\n.elementor-widget-image{text-align:center}.elementor-widget-image a{display:inline-block}.elementor-widget-image a img[src$=\".svg\"]{width:48px}.elementor-widget-image img{vertical-align:middle;display:inline-block}<\/style>\n<p>\t\t\t\t\t\t\t\t\t\t\t\t<img decoding=\"async\" src=\"https:\/\/sorare.com\/assets\/legacy.5302204a.png\" title=\"\" alt=\"\" \/>\t\t\t\t\t\t\t\t\t\t\t\t\t\t\t<\/p>\n<style>\/*! elementor - v3.9.1 - 14-12-2022 *\/\n.elementor-counter .elementor-counter-number-wrapper{display:flex;font-size:69px;font-weight:600;line-height:1}.elementor-counter .elementor-counter-number-prefix,.elementor-counter .elementor-counter-number-suffix{flex-grow:1;white-space:pre-wrap}.elementor-counter .elementor-counter-number-prefix{text-align:right}.elementor-counter .elementor-counter-number-suffix{text-align:left}.elementor-counter .elementor-counter-title{text-align:center;font-size:19px;font-weight:400;line-height:2.5}<\/style>\n<p>\t\t\t\t0<br \/>\n\t\t\t\t+<br \/>\n\t\t\t\t\t\t\tSORARE Y\u00d6NETI\u0307CI\u0307LERI\u0307<br \/>\n\t\t\t\t0<br \/>\n\t\t\t\t+<br \/>\n\t\t\t\t\t\t\tHaftal\u0131k Yar\u0131\u015fmalar<br \/>\n\t\t\t\t0<br \/>\n\t\t\t\t\t\t\tSORARE CEO<\/p>\n","protected":false},"excerpt":{"rendered":"<p>Sorare&#8217;nin 1 Numaral\u0131 Uzman\u0131 SORARE CEO Kan\u0131tlanm\u0131\u015f Sorare stratejileri, ipu\u00e7lar\u0131 ve p\u00fcf noktalar\u0131n\u0131n yan\u0131 s\u0131ra en b\u00fcy\u00fck fantezi futbol platformuyla ilgili en son haberleri ar\u0131yorsan\u0131z, do\u011fru yere geldiniz. \u00dcCRETSIZ KART ALIN YENI\u0307 BA\u015eLAYANLAR I\u0307\u00c7I\u0307N REHBER SORARE&#8217;DE GER\u00c7EKTEN I\u0307YI\u0307 OLMANIZA YARDIMCI OLALIM \u0130ster haftal\u0131k yar\u0131\u015fmalardaki konumunuzu iyile\u015ftirmek (ve \u00f6d\u00fcller kazanmaya ba\u015flamak), ister ba\u015far\u0131l\u0131 bir Sorare t\u00fcccar\u0131 &#8230; <a title=\"Home\" class=\"read-more\" href=\"https:\/\/sorareceo.com\/tr\/home\/\" aria-label=\"Read more about Home\">Read more<\/a><\/p>\n","protected":false},"author":1,"featured_media":0,"parent":0,"menu_order":0,"comment_status":"closed","ping_status":"closed","template":"","meta":{"footnotes":""},"class_list":["post-5805","page","type-page","status-publish"],"yoast_head":"<!-- This site is optimized with the Yoast SEO plugin v26.6 - https:\/\/yoast.com\/wordpress\/plugins\/seo\/ -->\n<title>SorareCEO - Your Place for Sorare Strategies &amp; Tips<\/title>\n<meta name=\"robots\" content=\"index, follow, max-snippet:-1, max-image-preview:large, max-video-preview:-1\" \/>\n<link rel=\"canonical\" href=\"https:\/\/sorareceo.com\/tr\/home\/\" \/>\n<meta property=\"og:locale\" content=\"tr_TR\" \/>\n<meta property=\"og:type\" content=\"article\" \/>\n<meta property=\"og:title\" content=\"SorareCEO - Your Place for Sorare Strategies &amp; Tips\" \/>\n<meta property=\"og:description\" content=\"Sorare&#8217;nin 1 Numaral\u0131 Uzman\u0131 SORARE CEO Kan\u0131tlanm\u0131\u015f Sorare stratejileri, ipu\u00e7lar\u0131 ve p\u00fcf noktalar\u0131n\u0131n yan\u0131 s\u0131ra en b\u00fcy\u00fck fantezi futbol platformuyla ilgili en son haberleri ar\u0131yorsan\u0131z, do\u011fru yere geldiniz. \u00dcCRETSIZ KART ALIN YENI\u0307 BA\u015eLAYANLAR I\u0307\u00c7I\u0307N REHBER SORARE&#8217;DE GER\u00c7EKTEN I\u0307YI\u0307 OLMANIZA YARDIMCI OLALIM \u0130ster haftal\u0131k yar\u0131\u015fmalardaki konumunuzu iyile\u015ftirmek (ve \u00f6d\u00fcller kazanmaya ba\u015flamak), ister ba\u015far\u0131l\u0131 bir Sorare t\u00fcccar\u0131 ... Read more\" \/>\n<meta property=\"og:url\" content=\"https:\/\/sorareceo.com\/tr\/home\/\" \/>\n<meta property=\"og:site_name\" content=\"SorareCEO - Your Place for Sorare Strategies &amp; Tips\" \/>\n<meta property=\"article:modified_time\" content=\"2023-02-25T20:44:22+00:00\" \/>\n<meta property=\"og:image\" content=\"https:\/\/sorare.com\/assets\/legacy.5302204a.png\" \/>\n<meta name=\"twitter:card\" content=\"summary_large_image\" \/>\n<meta name=\"twitter:label1\" content=\"Tahmini okuma s\u00fcresi\" \/>\n\t<meta name=\"twitter:data1\" content=\"1 dakika\" \/>\n<script type=\"application\/ld+json\" class=\"yoast-schema-graph\">{\"@context\":\"https:\/\/schema.org\",\"@graph\":[{\"@type\":\"WebPage\",\"@id\":\"https:\/\/sorareceo.com\/tr\/home\/\",\"url\":\"https:\/\/sorareceo.com\/tr\/home\/\",\"name\":\"SorareCEO - Your Place for Sorare Strategies &amp; Tips\",\"isPartOf\":{\"@id\":\"https:\/\/sorareceo.com\/#website\"},\"primaryImageOfPage\":{\"@id\":\"https:\/\/sorareceo.com\/tr\/home\/#primaryimage\"},\"image\":{\"@id\":\"https:\/\/sorareceo.com\/tr\/home\/#primaryimage\"},\"thumbnailUrl\":\"https:\/\/sorare.com\/assets\/legacy.5302204a.png\",\"datePublished\":\"2022-11-18T00:09:51+00:00\",\"dateModified\":\"2023-02-25T20:44:22+00:00\",\"breadcrumb\":{\"@id\":\"https:\/\/sorareceo.com\/tr\/home\/#breadcrumb\"},\"inLanguage\":\"tr\",\"potentialAction\":[{\"@type\":\"ReadAction\",\"target\":[\"https:\/\/sorareceo.com\/tr\/home\/\"]}]},{\"@type\":\"ImageObject\",\"inLanguage\":\"tr\",\"@id\":\"https:\/\/sorareceo.com\/tr\/home\/#primaryimage\",\"url\":\"https:\/\/sorare.com\/assets\/legacy.5302204a.png\",\"contentUrl\":\"https:\/\/sorare.com\/assets\/legacy.5302204a.png\"},{\"@type\":\"BreadcrumbList\",\"@id\":\"https:\/\/sorareceo.com\/tr\/home\/#breadcrumb\",\"itemListElement\":[{\"@type\":\"ListItem\",\"position\":1,\"name\":\"Home\",\"item\":\"https:\/\/sorareceo.com\/tr\/\"},{\"@type\":\"ListItem\",\"position\":2,\"name\":\"Home\"}]},{\"@type\":\"WebSite\",\"@id\":\"https:\/\/sorareceo.com\/#website\",\"url\":\"https:\/\/sorareceo.com\/\",\"name\":\"SorareCEO - Your Place for Sorare Strategies &amp; Tips\",\"description\":\"The best place for up-to-date Sorare strategies, guides &amp; tips.\",\"publisher\":{\"@id\":\"https:\/\/sorareceo.com\/#organization\"},\"potentialAction\":[{\"@type\":\"SearchAction\",\"target\":{\"@type\":\"EntryPoint\",\"urlTemplate\":\"https:\/\/sorareceo.com\/?s={search_term_string}\"},\"query-input\":{\"@type\":\"PropertyValueSpecification\",\"valueRequired\":true,\"valueName\":\"search_term_string\"}}],\"inLanguage\":\"tr\"},{\"@type\":\"Organization\",\"@id\":\"https:\/\/sorareceo.com\/#organization\",\"name\":\"SorareCEO - Your Place for Sorare Strategies &amp; Tips\",\"url\":\"https:\/\/sorareceo.com\/\",\"logo\":{\"@type\":\"ImageObject\",\"inLanguage\":\"tr\",\"@id\":\"https:\/\/sorareceo.com\/#\/schema\/logo\/image\/\",\"url\":\"https:\/\/sorareceo.com\/wp-content\/uploads\/2025\/08\/new-logo.webp\",\"contentUrl\":\"https:\/\/sorareceo.com\/wp-content\/uploads\/2025\/08\/new-logo.webp\",\"width\":500,\"height\":150,\"caption\":\"SorareCEO - Your Place for Sorare Strategies &amp; Tips\"},\"image\":{\"@id\":\"https:\/\/sorareceo.com\/#\/schema\/logo\/image\/\"}}]}<\/script>\n<!-- \/ Yoast SEO plugin. -->","yoast_head_json":{"title":"SorareCEO - Your Place for Sorare Strategies &amp; Tips","robots":{"index":"index","follow":"follow","max-snippet":"max-snippet:-1","max-image-preview":"max-image-preview:large","max-video-preview":"max-video-preview:-1"},"canonical":"https:\/\/sorareceo.com\/tr\/home\/","og_locale":"tr_TR","og_type":"article","og_title":"SorareCEO - Your Place for Sorare Strategies &amp; Tips","og_description":"Sorare&#8217;nin 1 Numaral\u0131 Uzman\u0131 SORARE CEO Kan\u0131tlanm\u0131\u015f Sorare stratejileri, ipu\u00e7lar\u0131 ve p\u00fcf noktalar\u0131n\u0131n yan\u0131 s\u0131ra en b\u00fcy\u00fck fantezi futbol platformuyla ilgili en son haberleri ar\u0131yorsan\u0131z, do\u011fru yere geldiniz. \u00dcCRETSIZ KART ALIN YENI\u0307 BA\u015eLAYANLAR I\u0307\u00c7I\u0307N REHBER SORARE&#8217;DE GER\u00c7EKTEN I\u0307YI\u0307 OLMANIZA YARDIMCI OLALIM \u0130ster haftal\u0131k yar\u0131\u015fmalardaki konumunuzu iyile\u015ftirmek (ve \u00f6d\u00fcller kazanmaya ba\u015flamak), ister ba\u015far\u0131l\u0131 bir Sorare t\u00fcccar\u0131 ... Read more","og_url":"https:\/\/sorareceo.com\/tr\/home\/","og_site_name":"SorareCEO - Your Place for Sorare Strategies &amp; Tips","article_modified_time":"2023-02-25T20:44:22+00:00","og_image":[{"url":"https:\/\/sorare.com\/assets\/legacy.5302204a.png","type":"","width":"","height":""}],"twitter_card":"summary_large_image","twitter_misc":{"Tahmini okuma s\u00fcresi":"1 dakika"},"schema":{"@context":"https:\/\/schema.org","@graph":[{"@type":"WebPage","@id":"https:\/\/sorareceo.com\/tr\/home\/","url":"https:\/\/sorareceo.com\/tr\/home\/","name":"SorareCEO - Your Place for Sorare Strategies &amp; Tips","isPartOf":{"@id":"https:\/\/sorareceo.com\/#website"},"primaryImageOfPage":{"@id":"https:\/\/sorareceo.com\/tr\/home\/#primaryimage"},"image":{"@id":"https:\/\/sorareceo.com\/tr\/home\/#primaryimage"},"thumbnailUrl":"https:\/\/sorare.com\/assets\/legacy.5302204a.png","datePublished":"2022-11-18T00:09:51+00:00","dateModified":"2023-02-25T20:44:22+00:00","breadcrumb":{"@id":"https:\/\/sorareceo.com\/tr\/home\/#breadcrumb"},"inLanguage":"tr","potentialAction":[{"@type":"ReadAction","target":["https:\/\/sorareceo.com\/tr\/home\/"]}]},{"@type":"ImageObject","inLanguage":"tr","@id":"https:\/\/sorareceo.com\/tr\/home\/#primaryimage","url":"https:\/\/sorare.com\/assets\/legacy.5302204a.png","contentUrl":"https:\/\/sorare.com\/assets\/legacy.5302204a.png"},{"@type":"BreadcrumbList","@id":"https:\/\/sorareceo.com\/tr\/home\/#breadcrumb","itemListElement":[{"@type":"ListItem","position":1,"name":"Home","item":"https:\/\/sorareceo.com\/tr\/"},{"@type":"ListItem","position":2,"name":"Home"}]},{"@type":"WebSite","@id":"https:\/\/sorareceo.com\/#website","url":"https:\/\/sorareceo.com\/","name":"SorareCEO - Your Place for Sorare Strategies &amp; Tips","description":"The best place for up-to-date Sorare strategies, guides &amp; tips.","publisher":{"@id":"https:\/\/sorareceo.com\/#organization"},"potentialAction":[{"@type":"SearchAction","target":{"@type":"EntryPoint","urlTemplate":"https:\/\/sorareceo.com\/?s={search_term_string}"},"query-input":{"@type":"PropertyValueSpecification","valueRequired":true,"valueName":"search_term_string"}}],"inLanguage":"tr"},{"@type":"Organization","@id":"https:\/\/sorareceo.com\/#organization","name":"SorareCEO - Your Place for Sorare Strategies &amp; Tips","url":"https:\/\/sorareceo.com\/","logo":{"@type":"ImageObject","inLanguage":"tr","@id":"https:\/\/sorareceo.com\/#\/schema\/logo\/image\/","url":"https:\/\/sorareceo.com\/wp-content\/uploads\/2025\/08\/new-logo.webp","contentUrl":"https:\/\/sorareceo.com\/wp-content\/uploads\/2025\/08\/new-logo.webp","width":500,"height":150,"caption":"SorareCEO - Your Place for Sorare Strategies &amp; Tips"},"image":{"@id":"https:\/\/sorareceo.com\/#\/schema\/logo\/image\/"}}]}},"_links":{"self":[{"href":"https:\/\/sorareceo.com\/tr\/wp-json\/wp\/v2\/pages\/5805","targetHints":{"allow":["GET"]}}],"collection":[{"href":"https:\/\/sorareceo.com\/tr\/wp-json\/wp\/v2\/pages"}],"about":[{"href":"https:\/\/sorareceo.com\/tr\/wp-json\/wp\/v2\/types\/page"}],"author":[{"embeddable":true,"href":"https:\/\/sorareceo.com\/tr\/wp-json\/wp\/v2\/users\/1"}],"replies":[{"embeddable":true,"href":"https:\/\/sorareceo.com\/tr\/wp-json\/wp\/v2\/comments?post=5805"}],"version-history":[{"count":0,"href":"https:\/\/sorareceo.com\/tr\/wp-json\/wp\/v2\/pages\/5805\/revisions"}],"wp:attachment":[{"href":"https:\/\/sorareceo.com\/tr\/wp-json\/wp\/v2\/media?parent=5805"}],"curies":[{"name":"wp","href":"https:\/\/api.w.org\/{rel}","templated":true}]}}