{"id":35614,"date":"2025-01-04T00:18:52","date_gmt":"2025-01-04T00:18:52","guid":{"rendered":"https:\/\/sorareceo.com\/sorareceo-com-sorare-icin-guvenilir-rehberiniz\/"},"modified":"2025-09-19T23:04:04","modified_gmt":"2025-09-19T23:04:04","slug":"sorareceo-com-sorare-icin-guvenilir-rehberiniz","status":"publish","type":"page","link":"https:\/\/sorareceo.com\/tr\/","title":{"rendered":"SorareCEO.com \u2013 Sorare i\u00e7in g\u00fcvenilir rehberiniz"},"content":{"rendered":"<div class=\"gb-container gb-container-4f6744a8 alignfull\">\n\n<h2 class=\"gb-headline gb-headline-59c6c384 gb-headline-text\">SorareCEO\u2019ya Ho\u015f Geldiniz<\/h2>\n\n\n\n<h1 class=\"gb-headline gb-headline-499f076a gb-headline-text\">Sorare rehberleri, e\u011fitimleri ve stratejileri i\u00e7in do\u011fru adres.<\/h1>\n\n\n\n<a class=\"gb-button gb-button-7411aeb9 gb-button-text\" href=\"https:\/\/sorareceo.com\/tr\/sorare-nedir\/\" target=\"_blank\" rel=\"noopener noreferrer\">SORARE NED\u0130R?<\/a>\n\n<\/div>\n\n<div class=\"gb-container gb-container-dff66fc0 alignfull\">\n<div class=\"gb-container gb-container-5ae625cf\">\n<div class=\"gb-container gb-container-7bad8aa5\">\n\n<h2 class=\"gb-headline gb-headline-3639624f gb-headline-text\">Yeni Ba\u015flayanlar Rehberi<\/h2>\n\n\n\n<figure class=\"wp-block-image size-full is-resized\"><img loading=\"lazy\" decoding=\"async\" width=\"1000\" height=\"1000\" src=\"http:\/\/sorareceo.com\/wp-content\/uploads\/2025\/08\/guide-homepage.webp\" alt=\"\" class=\"wp-image-35215\" style=\"object-fit:cover;width:300px;height:300px\" srcset=\"https:\/\/sorareceo.com\/wp-content\/uploads\/2025\/08\/guide-homepage.webp 1000w, https:\/\/sorareceo.com\/wp-content\/uploads\/2025\/08\/guide-homepage-300x300.webp 300w, https:\/\/sorareceo.com\/wp-content\/uploads\/2025\/08\/guide-homepage-150x150.webp 150w, https:\/\/sorareceo.com\/wp-content\/uploads\/2025\/08\/guide-homepage-768x768.webp 768w\" sizes=\"auto, (max-width: 1000px) 100vw, 1000px\" \/><\/figure>\n\n\n<div class=\"gb-container gb-container-98b4471b\">\n\n<p class=\"gb-headline gb-headline-44cbcbf8 gb-headline-text\">Sorare\u2019de yeni misiniz? Acemi hatalar\u0131ndan ka\u00e7\u0131nmak ve oyuna kat\u0131ld\u0131ktan hemen sonra k\u00e2r etme \u015fans\u0131n\u0131z\u0131 en \u00fcst d\u00fczeye \u00e7\u0131karmak isteyebilirsiniz. Sorare yeni ba\u015flayanlar rehberim size tam olarak bunu \u2013 ve daha fazlas\u0131n\u0131 \u2013 yapman\u0131zda yard\u0131mc\u0131 olacak.  <\/p>\n\n\n\n<a class=\"gb-button gb-button-ff8e8a3a gb-button-text\" href=\"https:\/\/sorareceo.com\/tr\/sorare-yeni-baslayanlar-rehberi\/\" target=\"_blank\" rel=\"noopener noreferrer\">BURADAN OKUYUN<\/a>\n\n<\/div>\n<\/div>\n<\/div>\n\n<div class=\"gb-container gb-container-5732aabf\">\n<div class=\"gb-container gb-container-84b12203\">\n\n<h2 class=\"gb-headline gb-headline-a59e7235 gb-headline-text\">Oyun \u0130ncelemesi<\/h2>\n\n\n\n<figure class=\"wp-block-image size-full is-resized\"><img loading=\"lazy\" decoding=\"async\" width=\"1000\" height=\"1000\" src=\"http:\/\/sorareceo.com\/wp-content\/uploads\/2025\/08\/review-homepage.webp\" alt=\"\" class=\"wp-image-35262\" style=\"object-fit:cover;width:300px;height:300px\" srcset=\"https:\/\/sorareceo.com\/wp-content\/uploads\/2025\/08\/review-homepage.webp 1000w, https:\/\/sorareceo.com\/wp-content\/uploads\/2025\/08\/review-homepage-300x300.webp 300w, https:\/\/sorareceo.com\/wp-content\/uploads\/2025\/08\/review-homepage-150x150.webp 150w, https:\/\/sorareceo.com\/wp-content\/uploads\/2025\/08\/review-homepage-768x768.webp 768w\" sizes=\"auto, (max-width: 1000px) 100vw, 1000px\" \/><\/figure>\n\n\n<div class=\"gb-container gb-container-5d281bbd\">\n\n<p class=\"gb-headline gb-headline-e815eb18 gb-headline-text\">H\u00e2l\u00e2 bu oyunun size uygun olup olmad\u0131\u011f\u0131n\u0131 m\u0131 d\u00fc\u015f\u00fcn\u00fcyorsunuz? Sorare incelememi okuyun; burada \u00fcr\u00fcn hakk\u0131ndaki en d\u00fcr\u00fcst g\u00f6r\u00fc\u015flerimi ve di\u011fer fantasy spor platformlar\u0131ndan nas\u0131l ayr\u0131ld\u0131\u011f\u0131n\u0131 bulacaks\u0131n\u0131z. Her oyun gibi, art\u0131lar\u0131 ve eksileri var.   <\/p>\n\n\n\n<a class=\"gb-button gb-button-2dee9ba5 gb-button-text\" href=\"https:\/\/sorareceo.com\/tr\/sorare-incelemesi\/\" target=\"_blank\" rel=\"noopener noreferrer\">BURADAN OKUYUN<\/a>\n\n<\/div>\n<\/div>\n<\/div>\n\n<div class=\"gb-container gb-container-9a12ce94\">\n<div class=\"gb-container gb-container-4a74dada\">\n\n<h2 class=\"gb-headline gb-headline-7b49ca4e gb-headline-text\">Kay\u0131t Teklifi<\/h2>\n\n\n\n<figure class=\"wp-block-image size-full is-resized\"><img loading=\"lazy\" decoding=\"async\" width=\"1000\" height=\"1000\" src=\"http:\/\/sorareceo.com\/wp-content\/uploads\/2025\/08\/sign-up-offer-homepage.webp\" alt=\"\" class=\"wp-image-35309\" style=\"object-fit:cover;width:300px;height:300px\" srcset=\"https:\/\/sorareceo.com\/wp-content\/uploads\/2025\/08\/sign-up-offer-homepage.webp 1000w, https:\/\/sorareceo.com\/wp-content\/uploads\/2025\/08\/sign-up-offer-homepage-300x300.webp 300w, https:\/\/sorareceo.com\/wp-content\/uploads\/2025\/08\/sign-up-offer-homepage-150x150.webp 150w, https:\/\/sorareceo.com\/wp-content\/uploads\/2025\/08\/sign-up-offer-homepage-768x768.webp 768w\" sizes=\"auto, (max-width: 1000px) 100vw, 1000px\" \/><\/figure>\n\n\n<div class=\"gb-container gb-container-9727e384\">\n\n<p class=\"gb-headline gb-headline-e3c72453 gb-headline-text\">Oyuna kat\u0131lma (do\u011fru) karar\u0131n\u0131 verdiyseniz, i\u015fte size hediyem. SorareCEO okurlar\u0131ndan biri olun, ho\u015f geldin bonusu al\u0131n ve oyunda di\u011fer menajerlere kar\u015f\u0131 bir ad\u0131m \u00f6nde ba\u015flay\u0131n. G\u00fcncel promosyonu burada ke\u015ffedin.   <\/p>\n\n\n\n<a class=\"gb-button gb-button-fc86622e gb-button-text\" href=\"https:\/\/sorareceo.com\/tr\/sorare-kayit-teklifi\/\" target=\"_blank\" rel=\"noopener noreferrer\">BURADAN OKUYUN<\/a>\n\n<\/div>\n<\/div>\n<\/div>\n<\/div>","protected":false},"excerpt":{"rendered":"<p>SorareCEO\u2019ya Ho\u015f Geldiniz Sorare rehberleri, e\u011fitimleri ve stratejileri i\u00e7in do\u011fru adres. Yeni Ba\u015flayanlar Rehberi Sorare\u2019de yeni misiniz? Acemi hatalar\u0131ndan ka\u00e7\u0131nmak ve oyuna kat\u0131ld\u0131ktan hemen sonra k\u00e2r etme \u015fans\u0131n\u0131z\u0131 en \u00fcst d\u00fczeye \u00e7\u0131karmak isteyebilirsiniz. Sorare yeni ba\u015flayanlar rehberim size tam olarak bunu \u2013 ve daha fazlas\u0131n\u0131 \u2013 yapman\u0131zda yard\u0131mc\u0131 olacak. Oyun \u0130ncelemesi H\u00e2l\u00e2 bu oyunun size &#8230; <a title=\"SorareCEO.com \u2013 Sorare i\u00e7in g\u00fcvenilir rehberiniz\" class=\"read-more\" href=\"https:\/\/sorareceo.com\/tr\/\" aria-label=\"Read more about SorareCEO.com \u2013 Sorare i\u00e7in g\u00fcvenilir rehberiniz\">Read more<\/a><\/p>\n","protected":false},"author":1,"featured_media":34319,"parent":0,"menu_order":0,"comment_status":"closed","ping_status":"closed","template":"","meta":{"footnotes":""},"class_list":["post-35614","page","type-page","status-publish","has-post-thumbnail"],"yoast_head":"<!-- This site is optimized with the Yoast SEO plugin v26.6 - https:\/\/yoast.com\/wordpress\/plugins\/seo\/ -->\n<title>SorareCEO.com \u2013 Sorare i\u00e7in g\u00fcvenilir rehberiniz<\/title>\n<meta name=\"description\" content=\"SorareCEO, Sorare rehberleri, e\u011fitimleri, ipu\u00e7lar\u0131, stratejiler ve haberler i\u00e7in g\u00fcvenilir kayna\u011f\u0131n\u0131zd\u0131r. Benimle birlikte oyunda ustala\u015f\u0131n.\" \/>\n<meta name=\"robots\" content=\"index, follow, max-snippet:-1, max-image-preview:large, max-video-preview:-1\" \/>\n<link rel=\"canonical\" href=\"https:\/\/sorareceo.com\/tr\/\" \/>\n<meta property=\"og:locale\" content=\"tr_TR\" \/>\n<meta property=\"og:type\" content=\"article\" \/>\n<meta property=\"og:title\" content=\"SorareCEO.com \u2013 Sorare i\u00e7in g\u00fcvenilir rehberiniz\" \/>\n<meta property=\"og:description\" content=\"SorareCEO, Sorare rehberleri, e\u011fitimleri, ipu\u00e7lar\u0131, stratejiler ve haberler i\u00e7in g\u00fcvenilir kayna\u011f\u0131n\u0131zd\u0131r. Benimle birlikte oyunda ustala\u015f\u0131n.\" \/>\n<meta property=\"og:url\" content=\"https:\/\/sorareceo.com\/tr\/\" \/>\n<meta property=\"og:site_name\" content=\"SorareCEO - Your Place for Sorare Strategies &amp; Tips\" \/>\n<meta property=\"article:modified_time\" content=\"2025-09-19T23:04:04+00:00\" \/>\n<meta property=\"og:image\" content=\"https:\/\/sorareceo.com\/wp-content\/uploads\/2025\/08\/icon.webp\" \/>\n\t<meta property=\"og:image:width\" content=\"100\" \/>\n\t<meta property=\"og:image:height\" content=\"100\" \/>\n\t<meta property=\"og:image:type\" content=\"image\/webp\" \/>\n<meta name=\"twitter:card\" content=\"summary_large_image\" \/>\n<meta name=\"twitter:label1\" content=\"Tahmini okuma s\u00fcresi\" \/>\n\t<meta name=\"twitter:data1\" content=\"2 dakika\" \/>\n<script type=\"application\/ld+json\" class=\"yoast-schema-graph\">{\"@context\":\"https:\/\/schema.org\",\"@graph\":[{\"@type\":\"WebPage\",\"@id\":\"https:\/\/sorareceo.com\/tr\/\",\"url\":\"https:\/\/sorareceo.com\/tr\/\",\"name\":\"SorareCEO.com \u2013 Sorare i\u00e7in g\u00fcvenilir rehberiniz\",\"isPartOf\":{\"@id\":\"https:\/\/sorareceo.com\/#website\"},\"primaryImageOfPage\":{\"@id\":\"https:\/\/sorareceo.com\/tr\/#primaryimage\"},\"image\":{\"@id\":\"https:\/\/sorareceo.com\/tr\/#primaryimage\"},\"thumbnailUrl\":\"https:\/\/sorareceo.com\/wp-content\/uploads\/2025\/08\/icon.webp\",\"datePublished\":\"2025-01-04T00:18:52+00:00\",\"dateModified\":\"2025-09-19T23:04:04+00:00\",\"description\":\"SorareCEO, Sorare rehberleri, e\u011fitimleri, ipu\u00e7lar\u0131, stratejiler ve haberler i\u00e7in g\u00fcvenilir kayna\u011f\u0131n\u0131zd\u0131r. Benimle birlikte oyunda ustala\u015f\u0131n.\",\"breadcrumb\":{\"@id\":\"https:\/\/sorareceo.com\/tr\/#breadcrumb\"},\"inLanguage\":\"tr\",\"potentialAction\":[{\"@type\":\"ReadAction\",\"target\":[\"https:\/\/sorareceo.com\/tr\/\"]}]},{\"@type\":\"ImageObject\",\"inLanguage\":\"tr\",\"@id\":\"https:\/\/sorareceo.com\/tr\/#primaryimage\",\"url\":\"https:\/\/sorareceo.com\/wp-content\/uploads\/2025\/08\/icon.webp\",\"contentUrl\":\"https:\/\/sorareceo.com\/wp-content\/uploads\/2025\/08\/icon.webp\",\"width\":100,\"height\":100},{\"@type\":\"BreadcrumbList\",\"@id\":\"https:\/\/sorareceo.com\/tr\/#breadcrumb\",\"itemListElement\":[{\"@type\":\"ListItem\",\"position\":1,\"name\":\"Home\",\"item\":\"https:\/\/sorareceo.com\/tr\/\"},{\"@type\":\"ListItem\",\"position\":2,\"name\":\"SorareCEO.com \u2013 Sorare i\u00e7in g\u00fcvenilir rehberiniz\"}]},{\"@type\":\"WebSite\",\"@id\":\"https:\/\/sorareceo.com\/#website\",\"url\":\"https:\/\/sorareceo.com\/\",\"name\":\"SorareCEO - Your Place for Sorare Strategies &amp; Tips\",\"description\":\"The best place for up-to-date Sorare strategies, guides &amp; tips.\",\"publisher\":{\"@id\":\"https:\/\/sorareceo.com\/#organization\"},\"potentialAction\":[{\"@type\":\"SearchAction\",\"target\":{\"@type\":\"EntryPoint\",\"urlTemplate\":\"https:\/\/sorareceo.com\/?s={search_term_string}\"},\"query-input\":{\"@type\":\"PropertyValueSpecification\",\"valueRequired\":true,\"valueName\":\"search_term_string\"}}],\"inLanguage\":\"tr\"},{\"@type\":\"Organization\",\"@id\":\"https:\/\/sorareceo.com\/#organization\",\"name\":\"SorareCEO - Your Place for Sorare Strategies &amp; Tips\",\"url\":\"https:\/\/sorareceo.com\/\",\"logo\":{\"@type\":\"ImageObject\",\"inLanguage\":\"tr\",\"@id\":\"https:\/\/sorareceo.com\/#\/schema\/logo\/image\/\",\"url\":\"https:\/\/sorareceo.com\/wp-content\/uploads\/2025\/08\/new-logo.webp\",\"contentUrl\":\"https:\/\/sorareceo.com\/wp-content\/uploads\/2025\/08\/new-logo.webp\",\"width\":500,\"height\":150,\"caption\":\"SorareCEO - Your Place for Sorare Strategies &amp; Tips\"},\"image\":{\"@id\":\"https:\/\/sorareceo.com\/#\/schema\/logo\/image\/\"}}]}<\/script>\n<!-- \/ Yoast SEO plugin. -->","yoast_head_json":{"title":"SorareCEO.com \u2013 Sorare i\u00e7in g\u00fcvenilir rehberiniz","description":"SorareCEO, Sorare rehberleri, e\u011fitimleri, ipu\u00e7lar\u0131, stratejiler ve haberler i\u00e7in g\u00fcvenilir kayna\u011f\u0131n\u0131zd\u0131r. Benimle birlikte oyunda ustala\u015f\u0131n.","robots":{"index":"index","follow":"follow","max-snippet":"max-snippet:-1","max-image-preview":"max-image-preview:large","max-video-preview":"max-video-preview:-1"},"canonical":"https:\/\/sorareceo.com\/tr\/","og_locale":"tr_TR","og_type":"article","og_title":"SorareCEO.com \u2013 Sorare i\u00e7in g\u00fcvenilir rehberiniz","og_description":"SorareCEO, Sorare rehberleri, e\u011fitimleri, ipu\u00e7lar\u0131, stratejiler ve haberler i\u00e7in g\u00fcvenilir kayna\u011f\u0131n\u0131zd\u0131r. Benimle birlikte oyunda ustala\u015f\u0131n.","og_url":"https:\/\/sorareceo.com\/tr\/","og_site_name":"SorareCEO - Your Place for Sorare Strategies &amp; Tips","article_modified_time":"2025-09-19T23:04:04+00:00","og_image":[{"width":100,"height":100,"url":"https:\/\/sorareceo.com\/wp-content\/uploads\/2025\/08\/icon.webp","type":"image\/webp"}],"twitter_card":"summary_large_image","twitter_misc":{"Tahmini okuma s\u00fcresi":"2 dakika"},"schema":{"@context":"https:\/\/schema.org","@graph":[{"@type":"WebPage","@id":"https:\/\/sorareceo.com\/tr\/","url":"https:\/\/sorareceo.com\/tr\/","name":"SorareCEO.com \u2013 Sorare i\u00e7in g\u00fcvenilir rehberiniz","isPartOf":{"@id":"https:\/\/sorareceo.com\/#website"},"primaryImageOfPage":{"@id":"https:\/\/sorareceo.com\/tr\/#primaryimage"},"image":{"@id":"https:\/\/sorareceo.com\/tr\/#primaryimage"},"thumbnailUrl":"https:\/\/sorareceo.com\/wp-content\/uploads\/2025\/08\/icon.webp","datePublished":"2025-01-04T00:18:52+00:00","dateModified":"2025-09-19T23:04:04+00:00","description":"SorareCEO, Sorare rehberleri, e\u011fitimleri, ipu\u00e7lar\u0131, stratejiler ve haberler i\u00e7in g\u00fcvenilir kayna\u011f\u0131n\u0131zd\u0131r. Benimle birlikte oyunda ustala\u015f\u0131n.","breadcrumb":{"@id":"https:\/\/sorareceo.com\/tr\/#breadcrumb"},"inLanguage":"tr","potentialAction":[{"@type":"ReadAction","target":["https:\/\/sorareceo.com\/tr\/"]}]},{"@type":"ImageObject","inLanguage":"tr","@id":"https:\/\/sorareceo.com\/tr\/#primaryimage","url":"https:\/\/sorareceo.com\/wp-content\/uploads\/2025\/08\/icon.webp","contentUrl":"https:\/\/sorareceo.com\/wp-content\/uploads\/2025\/08\/icon.webp","width":100,"height":100},{"@type":"BreadcrumbList","@id":"https:\/\/sorareceo.com\/tr\/#breadcrumb","itemListElement":[{"@type":"ListItem","position":1,"name":"Home","item":"https:\/\/sorareceo.com\/tr\/"},{"@type":"ListItem","position":2,"name":"SorareCEO.com \u2013 Sorare i\u00e7in g\u00fcvenilir rehberiniz"}]},{"@type":"WebSite","@id":"https:\/\/sorareceo.com\/#website","url":"https:\/\/sorareceo.com\/","name":"SorareCEO - Your Place for Sorare Strategies &amp; Tips","description":"The best place for up-to-date Sorare strategies, guides &amp; tips.","publisher":{"@id":"https:\/\/sorareceo.com\/#organization"},"potentialAction":[{"@type":"SearchAction","target":{"@type":"EntryPoint","urlTemplate":"https:\/\/sorareceo.com\/?s={search_term_string}"},"query-input":{"@type":"PropertyValueSpecification","valueRequired":true,"valueName":"search_term_string"}}],"inLanguage":"tr"},{"@type":"Organization","@id":"https:\/\/sorareceo.com\/#organization","name":"SorareCEO - Your Place for Sorare Strategies &amp; Tips","url":"https:\/\/sorareceo.com\/","logo":{"@type":"ImageObject","inLanguage":"tr","@id":"https:\/\/sorareceo.com\/#\/schema\/logo\/image\/","url":"https:\/\/sorareceo.com\/wp-content\/uploads\/2025\/08\/new-logo.webp","contentUrl":"https:\/\/sorareceo.com\/wp-content\/uploads\/2025\/08\/new-logo.webp","width":500,"height":150,"caption":"SorareCEO - Your Place for Sorare Strategies &amp; Tips"},"image":{"@id":"https:\/\/sorareceo.com\/#\/schema\/logo\/image\/"}}]}},"_links":{"self":[{"href":"https:\/\/sorareceo.com\/tr\/wp-json\/wp\/v2\/pages\/35614","targetHints":{"allow":["GET"]}}],"collection":[{"href":"https:\/\/sorareceo.com\/tr\/wp-json\/wp\/v2\/pages"}],"about":[{"href":"https:\/\/sorareceo.com\/tr\/wp-json\/wp\/v2\/types\/page"}],"author":[{"embeddable":true,"href":"https:\/\/sorareceo.com\/tr\/wp-json\/wp\/v2\/users\/1"}],"replies":[{"embeddable":true,"href":"https:\/\/sorareceo.com\/tr\/wp-json\/wp\/v2\/comments?post=35614"}],"version-history":[{"count":4,"href":"https:\/\/sorareceo.com\/tr\/wp-json\/wp\/v2\/pages\/35614\/revisions"}],"predecessor-version":[{"id":38719,"href":"https:\/\/sorareceo.com\/tr\/wp-json\/wp\/v2\/pages\/35614\/revisions\/38719"}],"wp:featuredmedia":[{"embeddable":true,"href":"https:\/\/sorareceo.com\/tr\/wp-json\/wp\/v2\/media\/34319"}],"wp:attachment":[{"href":"https:\/\/sorareceo.com\/tr\/wp-json\/wp\/v2\/media?parent=35614"}],"curies":[{"name":"wp","href":"https:\/\/api.w.org\/{rel}","templated":true}]}}