{"id":36581,"date":"2025-01-04T00:18:52","date_gmt":"2025-01-04T00:18:52","guid":{"rendered":"https:\/\/sorareceo.com\/sorareceo-com-din-palitliga-guide-till-sorare\/"},"modified":"2025-08-24T20:31:47","modified_gmt":"2025-08-24T20:31:47","slug":"sorareceo-com-din-palitliga-guide-till-sorare","status":"publish","type":"page","link":"https:\/\/sorareceo.com\/sv\/","title":{"rendered":"SorareCEO.com \u2013 din p\u00e5litliga guide till Sorare"},"content":{"rendered":"<div class=\"gb-container gb-container-4f6744a8 alignfull\">\n\n<h2 class=\"gb-headline gb-headline-59c6c384 gb-headline-text\">V\u00e4lkommen till SorareCEO<\/h2>\n\n\n\n<h1 class=\"gb-headline gb-headline-499f076a gb-headline-text\">Platsen f\u00f6r guider, tutorials och strategier om Sorare.<\/h1>\n\n\n\n<a class=\"gb-button gb-button-7411aeb9 gb-button-text\" href=\"https:\/\/sorareceo.com\/sv\/vad-ar-sorare\/\" target=\"_blank\" rel=\"noopener noreferrer\">VAD \u00c4R SORARE?<\/a>\n\n<\/div>\n\n<div class=\"gb-container gb-container-dff66fc0 alignfull\">\n<div class=\"gb-container gb-container-5ae625cf\">\n<div class=\"gb-container gb-container-7bad8aa5\">\n\n<h2 class=\"gb-headline gb-headline-3639624f gb-headline-text\">Nyb\u00f6rjarguide<\/h2>\n\n\n\n<figure class=\"wp-block-image size-full is-resized\"><img loading=\"lazy\" decoding=\"async\" width=\"1000\" height=\"1000\" src=\"http:\/\/sorareceo.com\/wp-content\/uploads\/2025\/08\/guide-homepage.webp\" alt=\"\" class=\"wp-image-35215\" style=\"object-fit:cover;width:300px;height:300px\" srcset=\"https:\/\/sorareceo.com\/wp-content\/uploads\/2025\/08\/guide-homepage.webp 1000w, https:\/\/sorareceo.com\/wp-content\/uploads\/2025\/08\/guide-homepage-300x300.webp 300w, https:\/\/sorareceo.com\/wp-content\/uploads\/2025\/08\/guide-homepage-150x150.webp 150w, https:\/\/sorareceo.com\/wp-content\/uploads\/2025\/08\/guide-homepage-768x768.webp 768w\" sizes=\"auto, (max-width: 1000px) 100vw, 1000px\" \/><\/figure>\n\n\n<div class=\"gb-container gb-container-98b4471b\">\n\n<p class=\"gb-headline gb-headline-44cbcbf8 gb-headline-text\">\u00c4r du ny p\u00e5 Sorare? D\u00e5 vill du kanske undvika nyb\u00f6rjarmisstag och maximera dina chanser att tj\u00e4na p\u00e5 spelet s\u00e5 tidigt som m\u00f6jligt efter att du g\u00e5tt med. Min nyb\u00f6rjarguide f\u00f6r Sorare hj\u00e4lper dig att g\u00f6ra just det \u2013 och mer d\u00e4rtill.  <\/p>\n\n\n\n<a class=\"gb-button gb-button-ff8e8a3a gb-button-text\" href=\"https:\/\/sorareceo.com\/sv\/sorare-tutorial\/\" target=\"_blank\" rel=\"noopener noreferrer\">L\u00c4S H\u00c4R<\/a>\n\n<\/div>\n<\/div>\n<\/div>\n\n<div class=\"gb-container gb-container-5732aabf\">\n<div class=\"gb-container gb-container-84b12203\">\n\n<h2 class=\"gb-headline gb-headline-a59e7235 gb-headline-text\">Spelrecension<\/h2>\n\n\n\n<figure class=\"wp-block-image size-full is-resized\"><img loading=\"lazy\" decoding=\"async\" width=\"1000\" height=\"1000\" src=\"http:\/\/sorareceo.com\/wp-content\/uploads\/2025\/08\/review-homepage.webp\" alt=\"\" class=\"wp-image-35262\" style=\"object-fit:cover;width:300px;height:300px\" srcset=\"https:\/\/sorareceo.com\/wp-content\/uploads\/2025\/08\/review-homepage.webp 1000w, https:\/\/sorareceo.com\/wp-content\/uploads\/2025\/08\/review-homepage-300x300.webp 300w, https:\/\/sorareceo.com\/wp-content\/uploads\/2025\/08\/review-homepage-150x150.webp 150w, https:\/\/sorareceo.com\/wp-content\/uploads\/2025\/08\/review-homepage-768x768.webp 768w\" sizes=\"auto, (max-width: 1000px) 100vw, 1000px\" \/><\/figure>\n\n\n<div class=\"gb-container gb-container-5d281bbd\">\n\n<p class=\"gb-headline gb-headline-e815eb18 gb-headline-text\">Funderar du fortfarande p\u00e5 om spelet \u00e4r n\u00e5got f\u00f6r dig? L\u00e4s min recension av Sorare d\u00e4r du f\u00e5r min mest \u00e4rliga feedback om produkten och hur den skiljer sig fr\u00e5n andra fantasy-sportplattformar. Precis som alla spel har det b\u00e5de f\u00f6r- och nackdelar.   <\/p>\n\n\n\n<a class=\"gb-button gb-button-2dee9ba5 gb-button-text\" href=\"#\" target=\"_blank\" rel=\"noopener noreferrer\">L\u00c4S H\u00c4R<\/a>\n\n<\/div>\n<\/div>\n<\/div>\n\n<div class=\"gb-container gb-container-9a12ce94\">\n<div class=\"gb-container gb-container-4a74dada\">\n\n<h2 class=\"gb-headline gb-headline-7b49ca4e gb-headline-text\">Registreringserbjudande<\/h2>\n\n\n\n<figure class=\"wp-block-image size-full is-resized\"><img loading=\"lazy\" decoding=\"async\" width=\"1000\" height=\"1000\" src=\"http:\/\/sorareceo.com\/wp-content\/uploads\/2025\/08\/sign-up-offer-homepage.webp\" alt=\"\" class=\"wp-image-35309\" style=\"object-fit:cover;width:300px;height:300px\" srcset=\"https:\/\/sorareceo.com\/wp-content\/uploads\/2025\/08\/sign-up-offer-homepage.webp 1000w, https:\/\/sorareceo.com\/wp-content\/uploads\/2025\/08\/sign-up-offer-homepage-300x300.webp 300w, https:\/\/sorareceo.com\/wp-content\/uploads\/2025\/08\/sign-up-offer-homepage-150x150.webp 150w, https:\/\/sorareceo.com\/wp-content\/uploads\/2025\/08\/sign-up-offer-homepage-768x768.webp 768w\" sizes=\"auto, (max-width: 1000px) 100vw, 1000px\" \/><\/figure>\n\n\n<div class=\"gb-container gb-container-9727e384\">\n\n<p class=\"gb-headline gb-headline-e3c72453 gb-headline-text\">Om du har tagit det (r\u00e4tta) beslutet att g\u00e5 med i spelet, h\u00e4r \u00e4r min g\u00e5va till dig. Bli en av SorareCEO:s l\u00e4sare som f\u00e5r en v\u00e4lkomstbonus och ett f\u00f6rspr\u00e5ng gentemot andra managers. Uppt\u00e4ck den aktuella kampanjen h\u00e4r.   <\/p>\n\n\n\n<a class=\"gb-button gb-button-fc86622e gb-button-text\" href=\"https:\/\/sorareceo.com\/sv\/sorare-erbjudandet-for-registrering\/\" target=\"_blank\" rel=\"noopener noreferrer\">L\u00c4S H\u00c4R<\/a>\n\n<\/div>\n<\/div>\n<\/div>\n<\/div>","protected":false},"excerpt":{"rendered":"<p>V\u00e4lkommen till SorareCEO Platsen f\u00f6r guider, tutorials och strategier om Sorare. Nyb\u00f6rjarguide \u00c4r du ny p\u00e5 Sorare? D\u00e5 vill du kanske undvika nyb\u00f6rjarmisstag och maximera dina chanser att tj\u00e4na p\u00e5 spelet s\u00e5 tidigt som m\u00f6jligt efter att du g\u00e5tt med. Min nyb\u00f6rjarguide f\u00f6r Sorare hj\u00e4lper dig att g\u00f6ra just det \u2013 och mer d\u00e4rtill. Spelrecension &#8230; <a title=\"SorareCEO.com \u2013 din p\u00e5litliga guide till Sorare\" class=\"read-more\" href=\"https:\/\/sorareceo.com\/sv\/\" aria-label=\"L\u00e4s mer om SorareCEO.com \u2013 din p\u00e5litliga guide till Sorare\">L\u00e4s mer<\/a><\/p>\n","protected":false},"author":1,"featured_media":34317,"parent":0,"menu_order":0,"comment_status":"closed","ping_status":"closed","template":"","meta":{"footnotes":""},"class_list":["post-36581","page","type-page","status-publish","has-post-thumbnail"],"yoast_head":"<!-- This site is optimized with the Yoast SEO plugin v26.6 - https:\/\/yoast.com\/wordpress\/plugins\/seo\/ -->\n<title>SorareCEO.com \u2013 din p\u00e5litliga guide till Sorare<\/title>\n<meta name=\"description\" content=\"SorareCEO \u00e4r din trov\u00e4rdiga k\u00e4lla f\u00f6r guider, tutorials, tips, strategier och nyheter om Sorare. Bli b\u00e4ttre p\u00e5 spelet tillsammans med mig.\" \/>\n<meta name=\"robots\" content=\"index, follow, max-snippet:-1, max-image-preview:large, max-video-preview:-1\" \/>\n<link rel=\"canonical\" href=\"https:\/\/sorareceo.com\/sv\/\" \/>\n<meta property=\"og:locale\" content=\"sv_SE\" \/>\n<meta property=\"og:type\" content=\"article\" \/>\n<meta property=\"og:title\" content=\"SorareCEO.com \u2013 din p\u00e5litliga guide till Sorare\" \/>\n<meta property=\"og:description\" content=\"SorareCEO \u00e4r din trov\u00e4rdiga k\u00e4lla f\u00f6r guider, tutorials, tips, strategier och nyheter om Sorare. Bli b\u00e4ttre p\u00e5 spelet tillsammans med mig.\" \/>\n<meta property=\"og:url\" content=\"https:\/\/sorareceo.com\/sv\/\" \/>\n<meta property=\"og:site_name\" content=\"SorareCEO - Your Place for Sorare Strategies &amp; Tips\" \/>\n<meta property=\"article:modified_time\" content=\"2025-08-24T20:31:47+00:00\" \/>\n<meta property=\"og:image\" content=\"https:\/\/sorareceo.com\/wp-content\/uploads\/2025\/08\/icon.webp\" \/>\n\t<meta property=\"og:image:width\" content=\"100\" \/>\n\t<meta property=\"og:image:height\" content=\"100\" \/>\n\t<meta property=\"og:image:type\" content=\"image\/webp\" \/>\n<meta name=\"twitter:card\" content=\"summary_large_image\" \/>\n<meta name=\"twitter:label1\" content=\"Ber\u00e4knad l\u00e4stid\" \/>\n\t<meta name=\"twitter:data1\" content=\"2 minuter\" \/>\n<script type=\"application\/ld+json\" class=\"yoast-schema-graph\">{\"@context\":\"https:\/\/schema.org\",\"@graph\":[{\"@type\":\"WebPage\",\"@id\":\"https:\/\/sorareceo.com\/sv\/\",\"url\":\"https:\/\/sorareceo.com\/sv\/\",\"name\":\"SorareCEO.com \u2013 din p\u00e5litliga guide till Sorare\",\"isPartOf\":{\"@id\":\"https:\/\/sorareceo.com\/#website\"},\"primaryImageOfPage\":{\"@id\":\"https:\/\/sorareceo.com\/sv\/#primaryimage\"},\"image\":{\"@id\":\"https:\/\/sorareceo.com\/sv\/#primaryimage\"},\"thumbnailUrl\":\"https:\/\/sorareceo.com\/wp-content\/uploads\/2025\/08\/icon.webp\",\"datePublished\":\"2025-01-04T00:18:52+00:00\",\"dateModified\":\"2025-08-24T20:31:47+00:00\",\"description\":\"SorareCEO \u00e4r din trov\u00e4rdiga k\u00e4lla f\u00f6r guider, tutorials, tips, strategier och nyheter om Sorare. Bli b\u00e4ttre p\u00e5 spelet tillsammans med mig.\",\"breadcrumb\":{\"@id\":\"https:\/\/sorareceo.com\/sv\/#breadcrumb\"},\"inLanguage\":\"sv-SE\",\"potentialAction\":[{\"@type\":\"ReadAction\",\"target\":[\"https:\/\/sorareceo.com\/sv\/\"]}]},{\"@type\":\"ImageObject\",\"inLanguage\":\"sv-SE\",\"@id\":\"https:\/\/sorareceo.com\/sv\/#primaryimage\",\"url\":\"https:\/\/sorareceo.com\/wp-content\/uploads\/2025\/08\/icon.webp\",\"contentUrl\":\"https:\/\/sorareceo.com\/wp-content\/uploads\/2025\/08\/icon.webp\",\"width\":100,\"height\":100},{\"@type\":\"BreadcrumbList\",\"@id\":\"https:\/\/sorareceo.com\/sv\/#breadcrumb\",\"itemListElement\":[{\"@type\":\"ListItem\",\"position\":1,\"name\":\"Home\",\"item\":\"https:\/\/sorareceo.com\/sv\/\"},{\"@type\":\"ListItem\",\"position\":2,\"name\":\"SorareCEO.com \u2013 din p\u00e5litliga guide till Sorare\"}]},{\"@type\":\"WebSite\",\"@id\":\"https:\/\/sorareceo.com\/#website\",\"url\":\"https:\/\/sorareceo.com\/\",\"name\":\"SorareCEO - Your Place for Sorare Strategies &amp; Tips\",\"description\":\"The best place for up-to-date Sorare strategies, guides &amp; tips.\",\"publisher\":{\"@id\":\"https:\/\/sorareceo.com\/#organization\"},\"potentialAction\":[{\"@type\":\"SearchAction\",\"target\":{\"@type\":\"EntryPoint\",\"urlTemplate\":\"https:\/\/sorareceo.com\/?s={search_term_string}\"},\"query-input\":{\"@type\":\"PropertyValueSpecification\",\"valueRequired\":true,\"valueName\":\"search_term_string\"}}],\"inLanguage\":\"sv-SE\"},{\"@type\":\"Organization\",\"@id\":\"https:\/\/sorareceo.com\/#organization\",\"name\":\"SorareCEO - Your Place for Sorare Strategies &amp; Tips\",\"url\":\"https:\/\/sorareceo.com\/\",\"logo\":{\"@type\":\"ImageObject\",\"inLanguage\":\"sv-SE\",\"@id\":\"https:\/\/sorareceo.com\/#\/schema\/logo\/image\/\",\"url\":\"https:\/\/sorareceo.com\/wp-content\/uploads\/2025\/08\/new-logo.webp\",\"contentUrl\":\"https:\/\/sorareceo.com\/wp-content\/uploads\/2025\/08\/new-logo.webp\",\"width\":500,\"height\":150,\"caption\":\"SorareCEO - Your Place for Sorare Strategies &amp; Tips\"},\"image\":{\"@id\":\"https:\/\/sorareceo.com\/#\/schema\/logo\/image\/\"}}]}<\/script>\n<!-- \/ Yoast SEO plugin. -->","yoast_head_json":{"title":"SorareCEO.com \u2013 din p\u00e5litliga guide till Sorare","description":"SorareCEO \u00e4r din trov\u00e4rdiga k\u00e4lla f\u00f6r guider, tutorials, tips, strategier och nyheter om Sorare. Bli b\u00e4ttre p\u00e5 spelet tillsammans med mig.","robots":{"index":"index","follow":"follow","max-snippet":"max-snippet:-1","max-image-preview":"max-image-preview:large","max-video-preview":"max-video-preview:-1"},"canonical":"https:\/\/sorareceo.com\/sv\/","og_locale":"sv_SE","og_type":"article","og_title":"SorareCEO.com \u2013 din p\u00e5litliga guide till Sorare","og_description":"SorareCEO \u00e4r din trov\u00e4rdiga k\u00e4lla f\u00f6r guider, tutorials, tips, strategier och nyheter om Sorare. Bli b\u00e4ttre p\u00e5 spelet tillsammans med mig.","og_url":"https:\/\/sorareceo.com\/sv\/","og_site_name":"SorareCEO - Your Place for Sorare Strategies &amp; Tips","article_modified_time":"2025-08-24T20:31:47+00:00","og_image":[{"width":100,"height":100,"url":"https:\/\/sorareceo.com\/wp-content\/uploads\/2025\/08\/icon.webp","type":"image\/webp"}],"twitter_card":"summary_large_image","twitter_misc":{"Ber\u00e4knad l\u00e4stid":"2 minuter"},"schema":{"@context":"https:\/\/schema.org","@graph":[{"@type":"WebPage","@id":"https:\/\/sorareceo.com\/sv\/","url":"https:\/\/sorareceo.com\/sv\/","name":"SorareCEO.com \u2013 din p\u00e5litliga guide till Sorare","isPartOf":{"@id":"https:\/\/sorareceo.com\/#website"},"primaryImageOfPage":{"@id":"https:\/\/sorareceo.com\/sv\/#primaryimage"},"image":{"@id":"https:\/\/sorareceo.com\/sv\/#primaryimage"},"thumbnailUrl":"https:\/\/sorareceo.com\/wp-content\/uploads\/2025\/08\/icon.webp","datePublished":"2025-01-04T00:18:52+00:00","dateModified":"2025-08-24T20:31:47+00:00","description":"SorareCEO \u00e4r din trov\u00e4rdiga k\u00e4lla f\u00f6r guider, tutorials, tips, strategier och nyheter om Sorare. Bli b\u00e4ttre p\u00e5 spelet tillsammans med mig.","breadcrumb":{"@id":"https:\/\/sorareceo.com\/sv\/#breadcrumb"},"inLanguage":"sv-SE","potentialAction":[{"@type":"ReadAction","target":["https:\/\/sorareceo.com\/sv\/"]}]},{"@type":"ImageObject","inLanguage":"sv-SE","@id":"https:\/\/sorareceo.com\/sv\/#primaryimage","url":"https:\/\/sorareceo.com\/wp-content\/uploads\/2025\/08\/icon.webp","contentUrl":"https:\/\/sorareceo.com\/wp-content\/uploads\/2025\/08\/icon.webp","width":100,"height":100},{"@type":"BreadcrumbList","@id":"https:\/\/sorareceo.com\/sv\/#breadcrumb","itemListElement":[{"@type":"ListItem","position":1,"name":"Home","item":"https:\/\/sorareceo.com\/sv\/"},{"@type":"ListItem","position":2,"name":"SorareCEO.com \u2013 din p\u00e5litliga guide till Sorare"}]},{"@type":"WebSite","@id":"https:\/\/sorareceo.com\/#website","url":"https:\/\/sorareceo.com\/","name":"SorareCEO - Your Place for Sorare Strategies &amp; Tips","description":"The best place for up-to-date Sorare strategies, guides &amp; tips.","publisher":{"@id":"https:\/\/sorareceo.com\/#organization"},"potentialAction":[{"@type":"SearchAction","target":{"@type":"EntryPoint","urlTemplate":"https:\/\/sorareceo.com\/?s={search_term_string}"},"query-input":{"@type":"PropertyValueSpecification","valueRequired":true,"valueName":"search_term_string"}}],"inLanguage":"sv-SE"},{"@type":"Organization","@id":"https:\/\/sorareceo.com\/#organization","name":"SorareCEO - Your Place for Sorare Strategies &amp; Tips","url":"https:\/\/sorareceo.com\/","logo":{"@type":"ImageObject","inLanguage":"sv-SE","@id":"https:\/\/sorareceo.com\/#\/schema\/logo\/image\/","url":"https:\/\/sorareceo.com\/wp-content\/uploads\/2025\/08\/new-logo.webp","contentUrl":"https:\/\/sorareceo.com\/wp-content\/uploads\/2025\/08\/new-logo.webp","width":500,"height":150,"caption":"SorareCEO - Your Place for Sorare Strategies &amp; Tips"},"image":{"@id":"https:\/\/sorareceo.com\/#\/schema\/logo\/image\/"}}]}},"_links":{"self":[{"href":"https:\/\/sorareceo.com\/sv\/wp-json\/wp\/v2\/pages\/36581","targetHints":{"allow":["GET"]}}],"collection":[{"href":"https:\/\/sorareceo.com\/sv\/wp-json\/wp\/v2\/pages"}],"about":[{"href":"https:\/\/sorareceo.com\/sv\/wp-json\/wp\/v2\/types\/page"}],"author":[{"embeddable":true,"href":"https:\/\/sorareceo.com\/sv\/wp-json\/wp\/v2\/users\/1"}],"replies":[{"embeddable":true,"href":"https:\/\/sorareceo.com\/sv\/wp-json\/wp\/v2\/comments?post=36581"}],"version-history":[{"count":2,"href":"https:\/\/sorareceo.com\/sv\/wp-json\/wp\/v2\/pages\/36581\/revisions"}],"predecessor-version":[{"id":36583,"href":"https:\/\/sorareceo.com\/sv\/wp-json\/wp\/v2\/pages\/36581\/revisions\/36583"}],"wp:featuredmedia":[{"embeddable":true,"href":"https:\/\/sorareceo.com\/sv\/wp-json\/wp\/v2\/media\/34317"}],"wp:attachment":[{"href":"https:\/\/sorareceo.com\/sv\/wp-json\/wp\/v2\/media?parent=36581"}],"curies":[{"name":"wp","href":"https:\/\/api.w.org\/{rel}","templated":true}]}}