{"id":36586,"date":"2025-01-04T00:18:52","date_gmt":"2025-01-04T00:18:52","guid":{"rendered":"https:\/\/sorareceo.com\/sorareceo-com-tvoj-zaupanja-vreden-vodic-za-sorare\/"},"modified":"2025-08-27T19:47:13","modified_gmt":"2025-08-27T19:47:13","slug":"sorareceo-com-tvoj-zaupanja-vreden-vodic-za-sorare","status":"publish","type":"page","link":"https:\/\/sorareceo.com\/sl\/","title":{"rendered":"SorareCEO.com \u2013 tvoj zaupanja vreden vodi\u010d za Sorare"},"content":{"rendered":"<div class=\"gb-container gb-container-4f6744a8 alignfull\">\n\n<h2 class=\"gb-headline gb-headline-59c6c384 gb-headline-text\">Dobrodo\u0161el na SorareCEO<\/h2>\n\n\n\n<h1 class=\"gb-headline gb-headline-499f076a gb-headline-text\">Mesto za vodnike, tutoriale in strategije za Sorare.<\/h1>\n\n\n\n<a class=\"gb-button gb-button-7411aeb9 gb-button-text\" href=\"https:\/\/sorareceo.com\/sl\/kaj-je-sorare\/\" target=\"_blank\" rel=\"noopener noreferrer\">KAJ JE SORARE?<\/a>\n\n<\/div>\n\n<div class=\"gb-container gb-container-dff66fc0 alignfull\">\n<div class=\"gb-container gb-container-5ae625cf\">\n<div class=\"gb-container gb-container-7bad8aa5\">\n\n<h2 class=\"gb-headline gb-headline-3639624f gb-headline-text\">Vodnik za za\u010detnike<\/h2>\n\n\n\n<figure class=\"wp-block-image size-full is-resized\"><img loading=\"lazy\" decoding=\"async\" width=\"1000\" height=\"1000\" src=\"http:\/\/sorareceo.com\/wp-content\/uploads\/2025\/08\/guide-homepage.webp\" alt=\"\" class=\"wp-image-35215\" style=\"object-fit:cover;width:300px;height:300px\" srcset=\"https:\/\/sorareceo.com\/wp-content\/uploads\/2025\/08\/guide-homepage.webp 1000w, https:\/\/sorareceo.com\/wp-content\/uploads\/2025\/08\/guide-homepage-300x300.webp 300w, https:\/\/sorareceo.com\/wp-content\/uploads\/2025\/08\/guide-homepage-150x150.webp 150w, https:\/\/sorareceo.com\/wp-content\/uploads\/2025\/08\/guide-homepage-768x768.webp 768w\" sizes=\"auto, (max-width: 1000px) 100vw, 1000px\" \/><\/figure>\n\n\n<div class=\"gb-container gb-container-98b4471b\">\n\n<p class=\"gb-headline gb-headline-44cbcbf8 gb-headline-text\">Si nov pri Sorareju? Morda \u017eeli\u0161 prepre\u010diti za\u010detni\u0161ke napake in pove\u010dati mo\u017enosti za zaslu\u017eek \u010dim prej po pridru\u017eitvi. Moj vodnik za za\u010detnike v Sorareju ti bo pri tem pomagal \u2013 in \u0161e veliko ve\u010d.  <\/p>\n\n\n\n<a class=\"gb-button gb-button-ff8e8a3a gb-button-text\" href=\"https:\/\/sorareceo.com\/sl\/sorare-vadnica\/\" target=\"_blank\" rel=\"noopener noreferrer\">PREBERITE<\/a>\n\n<\/div>\n<\/div>\n<\/div>\n\n<div class=\"gb-container gb-container-5732aabf\">\n<div class=\"gb-container gb-container-84b12203\">\n\n<h2 class=\"gb-headline gb-headline-a59e7235 gb-headline-text\">Ocena igre<\/h2>\n\n\n\n<figure class=\"wp-block-image size-full is-resized\"><img loading=\"lazy\" decoding=\"async\" width=\"1000\" height=\"1000\" src=\"http:\/\/sorareceo.com\/wp-content\/uploads\/2025\/08\/review-homepage.webp\" alt=\"\" class=\"wp-image-35262\" style=\"object-fit:cover;width:300px;height:300px\" srcset=\"https:\/\/sorareceo.com\/wp-content\/uploads\/2025\/08\/review-homepage.webp 1000w, https:\/\/sorareceo.com\/wp-content\/uploads\/2025\/08\/review-homepage-300x300.webp 300w, https:\/\/sorareceo.com\/wp-content\/uploads\/2025\/08\/review-homepage-150x150.webp 150w, https:\/\/sorareceo.com\/wp-content\/uploads\/2025\/08\/review-homepage-768x768.webp 768w\" sizes=\"auto, (max-width: 1000px) 100vw, 1000px\" \/><\/figure>\n\n\n<div class=\"gb-container gb-container-5d281bbd\">\n\n<p class=\"gb-headline gb-headline-e815eb18 gb-headline-text\">Se \u0161e vedno spra\u0161uje\u0161, ali je ta igra zate? Preberi mojo recenzijo Sorareja, kjer bo\u0161 na\u0161el moje najbolj iskreno mnenje o izdelku in o tem, kako se razlikuje od drugih fantasy \u0161portnih platform. Tako kot vsaka igra ima svoje prednosti in slabosti.   <\/p>\n\n\n\n<a class=\"gb-button gb-button-2dee9ba5 gb-button-text\" href=\"#\" target=\"_blank\" rel=\"noopener noreferrer\">PREBERITE<\/a>\n\n<\/div>\n<\/div>\n<\/div>\n\n<div class=\"gb-container gb-container-9a12ce94\">\n<div class=\"gb-container gb-container-4a74dada\">\n\n<h2 class=\"gb-headline gb-headline-7b49ca4e gb-headline-text\">Ponudba ob registraciji<\/h2>\n\n\n\n<figure class=\"wp-block-image size-full is-resized\"><img loading=\"lazy\" decoding=\"async\" width=\"1000\" height=\"1000\" src=\"http:\/\/sorareceo.com\/wp-content\/uploads\/2025\/08\/sign-up-offer-homepage.webp\" alt=\"\" class=\"wp-image-35309\" style=\"object-fit:cover;width:300px;height:300px\" srcset=\"https:\/\/sorareceo.com\/wp-content\/uploads\/2025\/08\/sign-up-offer-homepage.webp 1000w, https:\/\/sorareceo.com\/wp-content\/uploads\/2025\/08\/sign-up-offer-homepage-300x300.webp 300w, https:\/\/sorareceo.com\/wp-content\/uploads\/2025\/08\/sign-up-offer-homepage-150x150.webp 150w, https:\/\/sorareceo.com\/wp-content\/uploads\/2025\/08\/sign-up-offer-homepage-768x768.webp 768w\" sizes=\"auto, (max-width: 1000px) 100vw, 1000px\" \/><\/figure>\n\n\n<div class=\"gb-container gb-container-9727e384\">\n\n<p class=\"gb-headline gb-headline-e3c72453 gb-headline-text\">\u010ce si sprejel (pravo) odlo\u010ditev, da se pridru\u017ei\u0161 igri, imam zate darilo. Postani eden izmed bralcev SorareCEO, ki prejmejo bonus dobrodo\u0161lice in za\u010detno prednost pred drugimi managerji. Odkrij tukaj trenutno promocijo.   <\/p>\n\n\n\n<a class=\"gb-button gb-button-fc86622e gb-button-text\" href=\"https:\/\/sorareceo.com\/sl\/ponudba-za-registracijo-pri-sorare\/\" target=\"_blank\" rel=\"noopener noreferrer\">PREBERITE<\/a>\n\n<\/div>\n<\/div>\n<\/div>\n<\/div>","protected":false},"excerpt":{"rendered":"<p>Dobrodo\u0161el na SorareCEO Mesto za vodnike, tutoriale in strategije za Sorare. Vodnik za za\u010detnike Si nov pri Sorareju? Morda \u017eeli\u0161 prepre\u010diti za\u010detni\u0161ke napake in pove\u010dati mo\u017enosti za zaslu\u017eek \u010dim prej po pridru\u017eitvi. Moj vodnik za za\u010detnike v Sorareju ti bo pri tem pomagal \u2013 in \u0161e veliko ve\u010d. Ocena igre Se \u0161e vedno spra\u0161uje\u0161, ali &#8230; <a title=\"SorareCEO.com \u2013 tvoj zaupanja vreden vodi\u010d za Sorare\" class=\"read-more\" href=\"https:\/\/sorareceo.com\/sl\/\" aria-label=\"Read more about SorareCEO.com \u2013 tvoj zaupanja vreden vodi\u010d za Sorare\">Read more<\/a><\/p>\n","protected":false},"author":1,"featured_media":34315,"parent":0,"menu_order":0,"comment_status":"closed","ping_status":"closed","template":"","meta":{"footnotes":""},"class_list":["post-36586","page","type-page","status-publish","has-post-thumbnail"],"yoast_head":"<!-- This site is optimized with the Yoast SEO plugin v26.6 - https:\/\/yoast.com\/wordpress\/plugins\/seo\/ -->\n<title>SorareCEO.com \u2013 tvoj zaupanja vreden vodi\u010d za Sorare<\/title>\n<meta name=\"description\" content=\"SorareCEO je tvoj zanesljiv vir za vodnike, tutoriale, nasvete, strategije in novice o Sorareju. Izbolj\u0161aj svojo igro skupaj z menoj.\" \/>\n<meta name=\"robots\" content=\"index, follow, max-snippet:-1, max-image-preview:large, max-video-preview:-1\" \/>\n<link rel=\"canonical\" href=\"https:\/\/sorareceo.com\/sl\/\" \/>\n<meta property=\"og:locale\" content=\"sl_SI\" \/>\n<meta property=\"og:type\" content=\"article\" \/>\n<meta property=\"og:title\" content=\"SorareCEO.com \u2013 tvoj zaupanja vreden vodi\u010d za Sorare\" \/>\n<meta property=\"og:description\" content=\"SorareCEO je tvoj zanesljiv vir za vodnike, tutoriale, nasvete, strategije in novice o Sorareju. Izbolj\u0161aj svojo igro skupaj z menoj.\" \/>\n<meta property=\"og:url\" content=\"https:\/\/sorareceo.com\/sl\/\" \/>\n<meta property=\"og:site_name\" content=\"SorareCEO - Your Place for Sorare Strategies &amp; Tips\" \/>\n<meta property=\"article:modified_time\" content=\"2025-08-27T19:47:13+00:00\" \/>\n<meta property=\"og:image\" content=\"https:\/\/sorareceo.com\/wp-content\/uploads\/2025\/08\/icon.webp\" \/>\n\t<meta property=\"og:image:width\" content=\"100\" \/>\n\t<meta property=\"og:image:height\" content=\"100\" \/>\n\t<meta property=\"og:image:type\" content=\"image\/webp\" \/>\n<meta name=\"twitter:card\" content=\"summary_large_image\" \/>\n<meta name=\"twitter:label1\" content=\"Est. reading time\" \/>\n\t<meta name=\"twitter:data1\" content=\"2 minuti\" \/>\n<script type=\"application\/ld+json\" class=\"yoast-schema-graph\">{\"@context\":\"https:\/\/schema.org\",\"@graph\":[{\"@type\":\"WebPage\",\"@id\":\"https:\/\/sorareceo.com\/sl\/\",\"url\":\"https:\/\/sorareceo.com\/sl\/\",\"name\":\"SorareCEO.com \u2013 tvoj zaupanja vreden vodi\u010d za Sorare\",\"isPartOf\":{\"@id\":\"https:\/\/sorareceo.com\/#website\"},\"primaryImageOfPage\":{\"@id\":\"https:\/\/sorareceo.com\/sl\/#primaryimage\"},\"image\":{\"@id\":\"https:\/\/sorareceo.com\/sl\/#primaryimage\"},\"thumbnailUrl\":\"https:\/\/sorareceo.com\/wp-content\/uploads\/2025\/08\/icon.webp\",\"datePublished\":\"2025-01-04T00:18:52+00:00\",\"dateModified\":\"2025-08-27T19:47:13+00:00\",\"description\":\"SorareCEO je tvoj zanesljiv vir za vodnike, tutoriale, nasvete, strategije in novice o Sorareju. Izbolj\u0161aj svojo igro skupaj z menoj.\",\"breadcrumb\":{\"@id\":\"https:\/\/sorareceo.com\/sl\/#breadcrumb\"},\"inLanguage\":\"sl-SI\",\"potentialAction\":[{\"@type\":\"ReadAction\",\"target\":[\"https:\/\/sorareceo.com\/sl\/\"]}]},{\"@type\":\"ImageObject\",\"inLanguage\":\"sl-SI\",\"@id\":\"https:\/\/sorareceo.com\/sl\/#primaryimage\",\"url\":\"https:\/\/sorareceo.com\/wp-content\/uploads\/2025\/08\/icon.webp\",\"contentUrl\":\"https:\/\/sorareceo.com\/wp-content\/uploads\/2025\/08\/icon.webp\",\"width\":100,\"height\":100},{\"@type\":\"BreadcrumbList\",\"@id\":\"https:\/\/sorareceo.com\/sl\/#breadcrumb\",\"itemListElement\":[{\"@type\":\"ListItem\",\"position\":1,\"name\":\"Home\",\"item\":\"https:\/\/sorareceo.com\/sl\/\"},{\"@type\":\"ListItem\",\"position\":2,\"name\":\"SorareCEO.com \u2013 tvoj zaupanja vreden vodi\u010d za Sorare\"}]},{\"@type\":\"WebSite\",\"@id\":\"https:\/\/sorareceo.com\/#website\",\"url\":\"https:\/\/sorareceo.com\/\",\"name\":\"SorareCEO - Your Place for Sorare Strategies &amp; Tips\",\"description\":\"The best place for up-to-date Sorare strategies, guides &amp; tips.\",\"publisher\":{\"@id\":\"https:\/\/sorareceo.com\/#organization\"},\"potentialAction\":[{\"@type\":\"SearchAction\",\"target\":{\"@type\":\"EntryPoint\",\"urlTemplate\":\"https:\/\/sorareceo.com\/?s={search_term_string}\"},\"query-input\":{\"@type\":\"PropertyValueSpecification\",\"valueRequired\":true,\"valueName\":\"search_term_string\"}}],\"inLanguage\":\"sl-SI\"},{\"@type\":\"Organization\",\"@id\":\"https:\/\/sorareceo.com\/#organization\",\"name\":\"SorareCEO - Your Place for Sorare Strategies &amp; Tips\",\"url\":\"https:\/\/sorareceo.com\/\",\"logo\":{\"@type\":\"ImageObject\",\"inLanguage\":\"sl-SI\",\"@id\":\"https:\/\/sorareceo.com\/#\/schema\/logo\/image\/\",\"url\":\"https:\/\/sorareceo.com\/wp-content\/uploads\/2025\/08\/new-logo.webp\",\"contentUrl\":\"https:\/\/sorareceo.com\/wp-content\/uploads\/2025\/08\/new-logo.webp\",\"width\":500,\"height\":150,\"caption\":\"SorareCEO - Your Place for Sorare Strategies &amp; Tips\"},\"image\":{\"@id\":\"https:\/\/sorareceo.com\/#\/schema\/logo\/image\/\"}}]}<\/script>\n<!-- \/ Yoast SEO plugin. -->","yoast_head_json":{"title":"SorareCEO.com \u2013 tvoj zaupanja vreden vodi\u010d za Sorare","description":"SorareCEO je tvoj zanesljiv vir za vodnike, tutoriale, nasvete, strategije in novice o Sorareju. Izbolj\u0161aj svojo igro skupaj z menoj.","robots":{"index":"index","follow":"follow","max-snippet":"max-snippet:-1","max-image-preview":"max-image-preview:large","max-video-preview":"max-video-preview:-1"},"canonical":"https:\/\/sorareceo.com\/sl\/","og_locale":"sl_SI","og_type":"article","og_title":"SorareCEO.com \u2013 tvoj zaupanja vreden vodi\u010d za Sorare","og_description":"SorareCEO je tvoj zanesljiv vir za vodnike, tutoriale, nasvete, strategije in novice o Sorareju. Izbolj\u0161aj svojo igro skupaj z menoj.","og_url":"https:\/\/sorareceo.com\/sl\/","og_site_name":"SorareCEO - Your Place for Sorare Strategies &amp; Tips","article_modified_time":"2025-08-27T19:47:13+00:00","og_image":[{"width":100,"height":100,"url":"https:\/\/sorareceo.com\/wp-content\/uploads\/2025\/08\/icon.webp","type":"image\/webp"}],"twitter_card":"summary_large_image","twitter_misc":{"Est. reading time":"2 minuti"},"schema":{"@context":"https:\/\/schema.org","@graph":[{"@type":"WebPage","@id":"https:\/\/sorareceo.com\/sl\/","url":"https:\/\/sorareceo.com\/sl\/","name":"SorareCEO.com \u2013 tvoj zaupanja vreden vodi\u010d za Sorare","isPartOf":{"@id":"https:\/\/sorareceo.com\/#website"},"primaryImageOfPage":{"@id":"https:\/\/sorareceo.com\/sl\/#primaryimage"},"image":{"@id":"https:\/\/sorareceo.com\/sl\/#primaryimage"},"thumbnailUrl":"https:\/\/sorareceo.com\/wp-content\/uploads\/2025\/08\/icon.webp","datePublished":"2025-01-04T00:18:52+00:00","dateModified":"2025-08-27T19:47:13+00:00","description":"SorareCEO je tvoj zanesljiv vir za vodnike, tutoriale, nasvete, strategije in novice o Sorareju. Izbolj\u0161aj svojo igro skupaj z menoj.","breadcrumb":{"@id":"https:\/\/sorareceo.com\/sl\/#breadcrumb"},"inLanguage":"sl-SI","potentialAction":[{"@type":"ReadAction","target":["https:\/\/sorareceo.com\/sl\/"]}]},{"@type":"ImageObject","inLanguage":"sl-SI","@id":"https:\/\/sorareceo.com\/sl\/#primaryimage","url":"https:\/\/sorareceo.com\/wp-content\/uploads\/2025\/08\/icon.webp","contentUrl":"https:\/\/sorareceo.com\/wp-content\/uploads\/2025\/08\/icon.webp","width":100,"height":100},{"@type":"BreadcrumbList","@id":"https:\/\/sorareceo.com\/sl\/#breadcrumb","itemListElement":[{"@type":"ListItem","position":1,"name":"Home","item":"https:\/\/sorareceo.com\/sl\/"},{"@type":"ListItem","position":2,"name":"SorareCEO.com \u2013 tvoj zaupanja vreden vodi\u010d za Sorare"}]},{"@type":"WebSite","@id":"https:\/\/sorareceo.com\/#website","url":"https:\/\/sorareceo.com\/","name":"SorareCEO - Your Place for Sorare Strategies &amp; Tips","description":"The best place for up-to-date Sorare strategies, guides &amp; tips.","publisher":{"@id":"https:\/\/sorareceo.com\/#organization"},"potentialAction":[{"@type":"SearchAction","target":{"@type":"EntryPoint","urlTemplate":"https:\/\/sorareceo.com\/?s={search_term_string}"},"query-input":{"@type":"PropertyValueSpecification","valueRequired":true,"valueName":"search_term_string"}}],"inLanguage":"sl-SI"},{"@type":"Organization","@id":"https:\/\/sorareceo.com\/#organization","name":"SorareCEO - Your Place for Sorare Strategies &amp; Tips","url":"https:\/\/sorareceo.com\/","logo":{"@type":"ImageObject","inLanguage":"sl-SI","@id":"https:\/\/sorareceo.com\/#\/schema\/logo\/image\/","url":"https:\/\/sorareceo.com\/wp-content\/uploads\/2025\/08\/new-logo.webp","contentUrl":"https:\/\/sorareceo.com\/wp-content\/uploads\/2025\/08\/new-logo.webp","width":500,"height":150,"caption":"SorareCEO - Your Place for Sorare Strategies &amp; Tips"},"image":{"@id":"https:\/\/sorareceo.com\/#\/schema\/logo\/image\/"}}]}},"_links":{"self":[{"href":"https:\/\/sorareceo.com\/sl\/wp-json\/wp\/v2\/pages\/36586","targetHints":{"allow":["GET"]}}],"collection":[{"href":"https:\/\/sorareceo.com\/sl\/wp-json\/wp\/v2\/pages"}],"about":[{"href":"https:\/\/sorareceo.com\/sl\/wp-json\/wp\/v2\/types\/page"}],"author":[{"embeddable":true,"href":"https:\/\/sorareceo.com\/sl\/wp-json\/wp\/v2\/users\/1"}],"replies":[{"embeddable":true,"href":"https:\/\/sorareceo.com\/sl\/wp-json\/wp\/v2\/comments?post=36586"}],"version-history":[{"count":3,"href":"https:\/\/sorareceo.com\/sl\/wp-json\/wp\/v2\/pages\/36586\/revisions"}],"predecessor-version":[{"id":37849,"href":"https:\/\/sorareceo.com\/sl\/wp-json\/wp\/v2\/pages\/36586\/revisions\/37849"}],"wp:featuredmedia":[{"embeddable":true,"href":"https:\/\/sorareceo.com\/sl\/wp-json\/wp\/v2\/media\/34315"}],"wp:attachment":[{"href":"https:\/\/sorareceo.com\/sl\/wp-json\/wp\/v2\/media?parent=36586"}],"curies":[{"name":"wp","href":"https:\/\/api.w.org\/{rel}","templated":true}]}}