{"id":37810,"date":"2022-10-21T00:49:42","date_gmt":"2022-10-21T00:49:42","guid":{"rendered":"https:\/\/sorareceo.com\/sorare-sign-up-offer\/"},"modified":"2025-08-27T19:41:36","modified_gmt":"2025-08-27T19:41:36","slug":"ponuka-na-registraciu-v-sorare","status":"publish","type":"page","link":"https:\/\/sorareceo.com\/sk\/ponuka-na-registraciu-v-sorare\/","title":{"rendered":"Ponuka na registr\u00e1ciu v Sorare [150 dol\u00e1rov na n\u00e1kup kariet]"},"content":{"rendered":"\n<p>Aj ke\u010f je registr\u00e1cia na Sorare \u00faplne zadarmo a r\u00fdchla, mnoh\u00ed st\u00e1le nevedia o bonuse pri registr\u00e1cii, ktor\u00fd ti zaru\u010d\u00ed n\u00e1skok pred v\u00e4\u010d\u0161inou nov\u00fdch mana\u017e\u00e9rov.<\/p>\n\n\n\n<p>Ke\u010f\u017ee SorareCEO.com je certifikovan\u00fdm partnersk\u00fdm webom hry, exkluz\u00edvny bonus pre na\u0161ich \u010ditate\u013eov je najlep\u0161\u00ed na trhu \u2013 a to a\u017e 150 $ v kreditoch na trhu!<\/p>\n\n\n\n<p>Pokra\u010duj v \u010d\u00edtan\u00ed a zisti, ako ho aktivova\u0165 \u2013 a za\u010dni budova\u0165 svoju gal\u00e9riu ove\u013ea lacnej\u0161ie ako v\u00e4\u010d\u0161ina nov\u00e1\u010dikov.<\/p>\n\n\n\n<h2 class=\"wp-block-heading gb-headline gb-headline-f1a263a9 gb-headline-text\">N\u00e1vod na aktiv\u00e1ciu Sorare bonusu<\/h2>\n\n\n\n<p>\u00daprimne \u013eutujem, \u017ee Sorare nepon\u00fakal to, \u010do pon\u00faka dnes, ke\u010f som za\u010d\u00ednal svoju cestu v roku 2022. Vtedy som ako nov\u00fd mana\u017e\u00e9r dostal len jednu Limited kartu v hodnote nie\u010do pod 2 dol\u00e1re. A e\u0161te som musel k\u00fapi\u0165 5 kariet, aby som ju v\u00f4bec z\u00edskal!<\/p>\n\n\n<div class=\"gb-container gb-container-86147414 offer-content\"><div class=\"gb-inside-container\">\n<div class=\"gb-grid-wrapper gb-grid-wrapper-1f0ac75f\">\n<div class=\"gb-grid-column gb-grid-column-d0516e33\"><div class=\"gb-container gb-container-d0516e33\"><div class=\"gb-inside-container\">\n\n<p class=\"gb-headline gb-headline-09f7489c gb-headline-text\">PONUKA PRI REGISTR\u00c1CII<\/p>\n\n\n\n<p class=\"gb-headline gb-headline-eeb2c06c gb-headline-text\">Zaregistruj sa na Sorare s touto ponukou a z\u00edskaj $150 zadarmo na n\u00e1kup kariet.<\/p>\n\n<\/div><\/div><\/div>\n\n<div class=\"gb-grid-column gb-grid-column-53f5d8fa\"><div class=\"gb-container gb-container-53f5d8fa\"><div class=\"gb-inside-container\">\n\n<div class=\"wp-block-buttons has-border-color is-horizontal is-content-justification-center is-layout-flex wp-container-core-buttons-is-layout-29bd5dc9 wp-block-buttons-is-layout-flex\" style=\"border-color:var(--base-3);border-width:3px;border-radius:12px\">\n<div class=\"wp-block-button has-custom-width wp-block-button__width-100 aligncenter is-style-fill\"><a class=\"wp-block-button__link has-base-3-color has-accent-background-color has-text-color has-background has-custom-font-size wp-element-button\" href=\"https:\/\/sorare.pxf.io\/Nk0GkP\" style=\"border-radius:10px;font-size:22px;font-style:normal;font-weight:1000\" target=\"_blank\" rel=\"noreferrer noopener nofollow\">Z\u00cdSKAJ \u20ac150 TERAZ<\/a><\/div>\n<\/div>\n\n<\/div><\/div><\/div>\n<\/div>\n<\/div><\/div><div class=\"gb-container gb-container-72194729\">\n\n<figure class=\"gb-block-image gb-block-image-176ca640\"><img loading=\"lazy\" decoding=\"async\" width=\"700\" height=\"350\" class=\"gb-image gb-image-176ca640\" src=\"http:\/\/sorareceo.com\/wp-content\/uploads\/2023\/03\/banner-cards.webp\" alt=\"\" title=\"banner-cards\" srcset=\"https:\/\/sorareceo.com\/wp-content\/uploads\/2023\/03\/banner-cards.webp 700w, https:\/\/sorareceo.com\/wp-content\/uploads\/2023\/03\/banner-cards-300x150.webp 300w\" sizes=\"auto, (max-width: 700px) 100vw, 700px\" \/><\/figure>\n\n\n\n<div class=\"gb-headline gb-headline-d537e29c gb-headline-text\">PONUKA PRI REGISTR\u00c1CII<\/div>\n\n\n\n<div class=\"gb-headline gb-headline-563ddc24 gb-headline-text\">PRIPOJ SA K SORARE E\u0160TE DNES A Z\u00cdSKAJ $150 ZADARMO NA N\u00c1KUP KARIET.<\/div>\n\n\n\n<a class=\"gb-button gb-button-40af701f\" href=\"https:\/\/sorare.pxf.io\/Nk0GkP\" target=\"_blank\" rel=\"nofollow noopener noreferrer\"><span class=\"gb-icon\"><svg xmlns=\"http:\/\/www.w3.org\/2000\/svg\" aria-hidden=\"true\" role=\"img\" height=\"1em\" width=\"1em\" viewbox=\"0 0 448 512\"><path fill=\"currentColor\" d=\"M416 208H272V64c0-17.67-14.33-32-32-32h-32c-17.67 0-32 14.33-32 32v144H32c-17.67 0-32 14.33-32 32v32c0 17.67 14.33 32 32 32h144v144c0 17.67 14.33 32 32 32h32c17.67 0 32-14.33 32-32V304h144c17.67 0 32-14.33 32-32v-32c0-17.67-14.33-32-32-32z\"><\/path><\/svg><\/span><span class=\"gb-button-text\">PRIDAJ SA TU<\/span><\/a>\n\n<\/div>\n\n\n<p>Dnes je to \u00faplne in\u00fd pr\u00edbeh. V podstate dost\u00e1va\u0161 nie\u010do 75-kr\u00e1t hodnotnej\u0161ie. T\u00fdch 150 $ v kreditoch dostupn\u00fdch pre mojich \u010ditate\u013eov je jednozna\u010dne najlep\u0161ia Sorare ponuka doteraz \u2013 a som nad\u0161en\u00fd, \u017ee si len p\u00e1r klikov od nej!<\/p>\n\n\n<div class=\"gb-container gb-container-8b2e3d1b pro-tip\">\n\n<h3 class=\"wp-block-heading\">\ud83d\udcdd <strong>Podmienky bonusu:<\/strong><\/h3>\n\n\n\n<ul class=\"wp-block-list\">\n<li><strong>Suma:<\/strong> 150 $ (alebo \u00a3, \u010di \u20ac) v kreditoch na n\u00e1kup kariet<\/li>\n\n\n\n<li><strong>Platnos\u0165:<\/strong> 12 mesiacov<\/li>\n\n\n\n<li><strong>Podmienky:<\/strong> Kredity prich\u00e1dzaj\u00fa vo forme 50 % z\u013eavy na n\u00e1kupy na Prim\u00e1rnom trhu. Ak karta stoj\u00ed 20 $, zaplat\u00ed\u0161 len 10 $. Ak stoj\u00ed 100 $, zaplat\u00ed\u0161 50 $. Kredity m\u00f4\u017ee\u0161 min\u00fa\u0165 naraz na jednu ve\u013ek\u00fa k\u00fapu alebo postupne na viacero men\u0161\u00edch n\u00e1kupov.<\/li>\n<\/ul>\n\n<\/div>\n\n\n<p>Teraz, ke\u010f u\u017e vie\u0161, ako tento bonus funguje, po\u010fme na jeho aktiv\u00e1ciu.<\/p>\n\n\n\n<h3 class=\"wp-block-heading\">Krok 1: Pou\u017ei spr\u00e1vny partnersk\u00fd odkaz<\/h3>\n\n\n\n<p>Aby si z\u00edskal 150 $, mus\u00ed\u0161 pou\u017ei\u0165 m\u00f4j partnersk\u00fd odkaz. Takto si nielen\u017ee zabezpe\u010d\u00ed\u0161 obrovsk\u00fa v\u00fdhodu v hre, ale z\u00e1rove\u0148 podpor\u00ed\u0161 aj moju pr\u00e1cu (\u010fakujem vopred! \ud83d\ude42 ).<\/p>\n\n\n\n<p>Na za\u010diatok sta\u010d\u00ed <a href=\"https:\/\/sorare.pxf.io\/Nk0GkP\" target=\"_blank\" rel=\"noreferrer noopener nofollow\">klikn\u00fa\u0165 sem<\/a>.<\/p>\n\n\n\n<h3 class=\"wp-block-heading\">Krok 2: Vyber si meno mana\u017e\u00e9ra<\/h3>\n\n\n\n<figure class=\"wp-block-image size-large\"><img loading=\"lazy\" decoding=\"async\" width=\"1024\" height=\"445\" src=\"http:\/\/sorareceo.com\/wp-content\/uploads\/2025\/08\/offer-claim-screenshot-1024x445.webp\" alt=\"\" class=\"wp-image-31443\" srcset=\"https:\/\/sorareceo.com\/wp-content\/uploads\/2025\/08\/offer-claim-screenshot-1024x445.webp 1024w, https:\/\/sorareceo.com\/wp-content\/uploads\/2025\/08\/offer-claim-screenshot-300x130.webp 300w, https:\/\/sorareceo.com\/wp-content\/uploads\/2025\/08\/offer-claim-screenshot-768x334.webp 768w, https:\/\/sorareceo.com\/wp-content\/uploads\/2025\/08\/offer-claim-screenshot-1536x668.webp 1536w, https:\/\/sorareceo.com\/wp-content\/uploads\/2025\/08\/offer-claim-screenshot-2048x890.webp 2048w\" sizes=\"auto, (max-width: 1024px) 100vw, 1024px\" \/><\/figure>\n\n\n\n<p>Po kliknut\u00ed na odkaz sa dostane\u0161 na str\u00e1nku podobn\u00fa tej na obr\u00e1zku vy\u0161\u0161ie. Tu si vyberie\u0161 <strong>meno mana\u017e\u00e9ra<\/strong> \u2013 meno, ktor\u00e9 sa bude zobrazova\u0165 v rebr\u00ed\u010dkoch a pri tvojich bud\u00facich prestupov\u00fdch vyjedn\u00e1vaniach.<\/p>\n\n\n\n<p>Netreba to pr\u00edli\u0161 rie\u0161i\u0165! Meno si m\u00f4\u017ee\u0161 kedyko\u013evek nesk\u00f4r zmeni\u0165.<\/p>\n\n\n\n<h3 class=\"wp-block-heading\">Krok 3: Vyber si sp\u00f4sob registr\u00e1cie<\/h3>\n\n\n\n<figure class=\"wp-block-image size-large\"><img loading=\"lazy\" decoding=\"async\" width=\"1024\" height=\"436\" src=\"http:\/\/sorareceo.com\/wp-content\/uploads\/2025\/07\/sorare-start-screenshot-email-1024x436.webp\" alt=\"\" class=\"wp-image-31185\" srcset=\"https:\/\/sorareceo.com\/wp-content\/uploads\/2025\/07\/sorare-start-screenshot-email-1024x436.webp 1024w, https:\/\/sorareceo.com\/wp-content\/uploads\/2025\/07\/sorare-start-screenshot-email-300x128.webp 300w, https:\/\/sorareceo.com\/wp-content\/uploads\/2025\/07\/sorare-start-screenshot-email-768x327.webp 768w, https:\/\/sorareceo.com\/wp-content\/uploads\/2025\/07\/sorare-start-screenshot-email-1536x654.webp 1536w, https:\/\/sorareceo.com\/wp-content\/uploads\/2025\/07\/sorare-start-screenshot-email-2048x872.webp 2048w\" sizes=\"auto, (max-width: 1024px) 100vw, 1024px\" \/><\/figure>\n\n\n\n<p>Ak je tvoje vybran\u00e9 meno vo\u013en\u00e9, automaticky \u0165a to posunie na \u010fal\u0161\u00ed krok. Vtedy mus\u00ed\u0161:<\/p>\n\n\n\n<ul class=\"wp-block-list\">\n<li>Potvrdi\u0165, \u017ee m\u00e1\u0161 aspo\u0148 16 rokov (minim\u00e1lny vek na hranie Sorare)<\/li>\n\n\n\n<li>S\u00fahlasi\u0165 s Podmienkami pou\u017e\u00edvania a Z\u00e1sadami ochrany osobn\u00fdch \u00fadajov<\/li>\n\n\n\n<li>Zvoli\u0165 si sp\u00f4sob registr\u00e1cie: email, Google alebo Apple<\/li>\n<\/ul>\n\n\n\n<p class=\"pro-tip\">\ud83d\udca1 <strong>PRO TIP:<\/strong> U\u017e si sa registroval bez vyu\u017eitia mojej ponuky? \u017diadny probl\u00e9m! Ak si e\u0161te nek\u00fapil \u017eiadnu kartu, zaregistruj sa znovu s in\u00fdm emailom a z\u00edska\u0161 rovnak\u00fd bonus 150 $ ako v\u0161etci \u010ditatelia SorareCEO.<\/p>\n\n\n\n<p>Na z\u00e1ver nezabudni vytvori\u0165 siln\u00e9 heslo. To je tvoj k\u013e\u00fa\u010d k pr\u00edstupu do Sorare \u00fa\u010dtu a trhu.<\/p>\n\n\n\n<h2 class=\"wp-block-heading\">Existuje lep\u0161\u00ed Sorare bonus pri registr\u00e1cii?<\/h2>\n\n\n\n<p>V \u010dase p\u00edsania tohto \u010dl\u00e1nku m\u00f4\u017eem s hrdos\u0165ou poveda\u0165, \u017ee t\u00e1to ponuka je najlep\u0161ia pre nov\u00fdch mana\u017e\u00e9rov. \u017diadny in\u00fd partner hry ned\u00e1va viac ako 150 $ v kreditoch!<\/p>\n\n\n\n<p>Bohu\u017eia\u013e, existuj\u00fa weby, ktor\u00e9 sa \u0165a pok\u00fasia oklama\u0165 a nahovori\u0165 ti, \u017ee dostane\u0161 Rare, Super Rare alebo dokonca Unique kartu zadarmo. To je len neetick\u00e1 pasca, aby \u0165a prin\u00fatili pou\u017ei\u0165 ich odkaz.<\/p>\n\n\n\n<p>Ak sa objav\u00ed nov\u00e1 Sorare ponuka, moji \u010ditatelia bud\u00fa prv\u00ed, kto sa o nej dozvie.<\/p>\n\n\n\n<h2 class=\"wp-block-heading\">Viac o hre<\/h2>\n\n\n\n<p>Sorare vznikol v roku 2019, za n\u00edm stoja dvaja franc\u00fazski in\u017einieri \u2013 Nicolas Julia a Adrien Montfort \u2013 ktor\u00ed miluj\u00fa futbal aj technol\u00f3gie. Od svojho spustenia sa Sorare stal jednou z top fantasy \u0161portov\u00fdch platforiem na svete.<\/p>\n\n\n\n<p>Jeho \u00faspech nie je n\u00e1hoda. Sorare kombinuje ofici\u00e1lne licencovan\u00e9 digit\u00e1lne karty, re\u00e1lne v\u00fdkony hr\u00e1\u010dov a hodnotn\u00e9 odmeny \u2013 a presne to spustilo jeho rast po celom svete. Dokonca aj hviezdy ako Kylian Mbapp\u00e9 \u010di Serena Williams podporili projekt invest\u00edciami.<\/p>\n\n\n\n<p>To, \u010do Sorare odli\u0161uje, je fakt, \u017ee ka\u017ed\u00e1 karta, ktor\u00fa vlastn\u00ed\u0161, je skuto\u010dn\u00fd digit\u00e1lny majetok. Platforma transparentne sleduje vlastn\u00edctvo a ty m\u00e1\u0161 vo\u013enos\u0165 kartu pou\u017e\u00edva\u0165 v s\u00fa\u0165a\u017eiach, dr\u017ea\u0165 ju ako zberate\u013esk\u00fd k\u00fasok alebo preda\u0165 na sekund\u00e1rnom trhu. Tvoja strat\u00e9gia, tvoje rozhodnutie.<\/p>\n\n\n\n<figure class=\"wp-block-image gb-block-image gb-block-image-dbe1eb87\"><img decoding=\"async\" src=\"https:\/\/www.sorareceo.com\/wp-content\/uploads\/2022\/12\/logo-sorare.png\" alt=\"Sorare logo\" title=\"logo-sorare\"\/><\/figure>\n\n\n\n<p>Karty m\u00f4\u017ee\u0161 z\u00edska\u0165 dvomi sp\u00f4sobmi: k\u00fapou na Sorare trhu alebo v\u00fdhrou v turnajoch. Ke\u010f m\u00e1\u0161 v gal\u00e9rii zop\u00e1r kariet, m\u00f4\u017ee\u0161 za\u010da\u0165 stava\u0165 zostavy a zap\u00e1ja\u0165 sa do t\u00fd\u017edenn\u00fdch s\u00fa\u0165a\u017e\u00ed.<\/p>\n\n\n\n<p>Nov\u00ed mana\u017e\u00e9ri za\u010d\u00ednaj\u00fa so setom bezplatn\u00fdch Common kariet, ktor\u00e9 ti umo\u017enia vysk\u00fa\u0161a\u0165 si hru bez invest\u00edci\u00ed. Ak ale mieri\u0161 vy\u0161\u0161ie na rebr\u00ed\u010dkoch a chce\u0161 vyhra\u0165 seri\u00f3zne odmeny, bude\u0161 musie\u0165 prejs\u0165 na vz\u00e1cnej\u0161ie karty \u2013 Limited, Rare, Super Rare alebo Unique \u2013 aby si odomkol turnaje vy\u0161\u0161ej \u00farovne.<\/p>\n\n\n\n<p>Hlavn\u00e1 \u00faloha je jasn\u00e1: zostav najsilnej\u0161iu p\u00e4\u0165\u010dlenn\u00fa zostavu a prekonaj ostatn\u00fdch mana\u017e\u00e9rov na z\u00e1klade re\u00e1lnych \u0161tatist\u00edk zo z\u00e1pasov. \u010c\u00edm lep\u0161ie tvoji hr\u00e1\u010di hraj\u00fa, t\u00fdm viac fantasy bodov zbiera\u0161. Tie body ti m\u00f4\u017eu prinies\u0165 hotovos\u0165, nov\u00e9 karty aj celosvetov\u00e9 uznanie.<\/p>\n\n\n\n<p>Ak sa chce\u0161 vyhn\u00fa\u0165 za\u010diato\u010dn\u00edckym chyb\u00e1m a r\u00fdchlej\u0161ie dosiahnu\u0165 \u00faspech, pozri si m\u00f4j n\u00e1vod pre nov\u00e1\u010dikov o <a href=\"https:\/\/sorareceo.com\/sr\/sorare-tutorial\/\" target=\"_blank\" rel=\"noreferrer noopener\">ako hra\u0165 Sorare<\/a>.<\/p>\n\n\n\n<p class=\"pro-tip\">Ak m\u00e1\u0161 ak\u00e9ko\u013evek probl\u00e9my s aktiv\u00e1ciou Sorare bonusu, nev\u00e1haj ma kontaktova\u0165 na Twitteri <em>@SorareCEOx<\/em> alebo mi <a href=\"mailto:contact@sorareceo.com\" target=\"_blank\" rel=\"noreferrer noopener nofollow\">po\u0161li email<\/a>.<\/p>\n","protected":false},"excerpt":{"rendered":"<p>Aj ke\u010f je registr\u00e1cia na Sorare \u00faplne zadarmo a r\u00fdchla, mnoh\u00ed st\u00e1le nevedia o bonuse pri registr\u00e1cii, ktor\u00fd ti zaru\u010d\u00ed n\u00e1skok pred v\u00e4\u010d\u0161inou nov\u00fdch mana\u017e\u00e9rov. Ke\u010f\u017ee SorareCEO.com je certifikovan\u00fdm partnersk\u00fdm webom hry, exkluz\u00edvny bonus pre na\u0161ich \u010ditate\u013eov je najlep\u0161\u00ed na trhu \u2013 a to a\u017e 150 $ v kreditoch na trhu! Pokra\u010duj v \u010d\u00edtan\u00ed a &#8230; <a title=\"Ponuka na registr\u00e1ciu v Sorare [150 dol\u00e1rov na n\u00e1kup kariet]\" class=\"read-more\" href=\"https:\/\/sorareceo.com\/sk\/ponuka-na-registraciu-v-sorare\/\" aria-label=\"Pre\u010d\u00edtajte si viac o Ponuka na registr\u00e1ciu v Sorare [150 dol\u00e1rov na n\u00e1kup kariet]\">Read more<\/a><\/p>\n","protected":false},"author":1,"featured_media":34425,"parent":0,"menu_order":0,"comment_status":"closed","ping_status":"closed","template":"","meta":{"footnotes":""},"class_list":["post-37810","page","type-page","status-publish","has-post-thumbnail"],"yoast_head":"<!-- This site is optimized with the Yoast SEO plugin v26.6 - https:\/\/yoast.com\/wordpress\/plugins\/seo\/ -->\n<title>Ponuka na registr\u00e1ciu v Sorare [150 dol\u00e1rov na n\u00e1kup kariet]<\/title>\n<meta name=\"description\" content=\"Ponuka registr\u00e1cie Sorare pre \u010ditate\u013eov mojej webovej str\u00e1nky je teraz zadarmo a kredity v hodnote 150 dol\u00e1rov na n\u00e1kup nov\u00fdch kariet!\" \/>\n<meta name=\"robots\" content=\"index, follow, max-snippet:-1, max-image-preview:large, max-video-preview:-1\" \/>\n<link rel=\"canonical\" href=\"https:\/\/sorareceo.com\/sk\/ponuka-na-registraciu-v-sorare\/\" \/>\n<meta property=\"og:locale\" content=\"sk_SK\" \/>\n<meta property=\"og:type\" content=\"article\" \/>\n<meta property=\"og:title\" content=\"Ponuka na registr\u00e1ciu v Sorare [150 dol\u00e1rov na n\u00e1kup kariet]\" \/>\n<meta property=\"og:description\" content=\"Ponuka registr\u00e1cie Sorare pre \u010ditate\u013eov mojej webovej str\u00e1nky je teraz zadarmo a kredity v hodnote 150 dol\u00e1rov na n\u00e1kup nov\u00fdch kariet!\" \/>\n<meta property=\"og:url\" content=\"https:\/\/sorareceo.com\/sk\/ponuka-na-registraciu-v-sorare\/\" \/>\n<meta property=\"og:site_name\" content=\"SorareCEO - Your Place for Sorare Strategies &amp; Tips\" \/>\n<meta property=\"article:modified_time\" content=\"2025-08-27T19:41:36+00:00\" \/>\n<meta property=\"og:image\" content=\"https:\/\/sorareceo.com\/wp-content\/uploads\/2025\/08\/sorare-sign-up-offer-featured.webp\" \/>\n\t<meta property=\"og:image:width\" content=\"966\" \/>\n\t<meta property=\"og:image:height\" content=\"692\" \/>\n\t<meta property=\"og:image:type\" content=\"image\/webp\" \/>\n<meta name=\"twitter:card\" content=\"summary_large_image\" \/>\n<meta name=\"twitter:label1\" content=\"Predpokladan\u00fd \u010das \u010d\u00edtania\" \/>\n\t<meta name=\"twitter:data1\" content=\"5 min\u00fat\" \/>\n<script type=\"application\/ld+json\" class=\"yoast-schema-graph\">{\"@context\":\"https:\/\/schema.org\",\"@graph\":[{\"@type\":\"WebPage\",\"@id\":\"https:\/\/sorareceo.com\/sk\/ponuka-na-registraciu-v-sorare\/\",\"url\":\"https:\/\/sorareceo.com\/sk\/ponuka-na-registraciu-v-sorare\/\",\"name\":\"Ponuka na registr\u00e1ciu v Sorare [150 dol\u00e1rov na n\u00e1kup kariet]\",\"isPartOf\":{\"@id\":\"https:\/\/sorareceo.com\/#website\"},\"primaryImageOfPage\":{\"@id\":\"https:\/\/sorareceo.com\/sk\/ponuka-na-registraciu-v-sorare\/#primaryimage\"},\"image\":{\"@id\":\"https:\/\/sorareceo.com\/sk\/ponuka-na-registraciu-v-sorare\/#primaryimage\"},\"thumbnailUrl\":\"https:\/\/sorareceo.com\/wp-content\/uploads\/2025\/08\/sorare-sign-up-offer-featured.webp\",\"datePublished\":\"2022-10-21T00:49:42+00:00\",\"dateModified\":\"2025-08-27T19:41:36+00:00\",\"description\":\"Ponuka registr\u00e1cie Sorare pre \u010ditate\u013eov mojej webovej str\u00e1nky je teraz zadarmo a kredity v hodnote 150 dol\u00e1rov na n\u00e1kup nov\u00fdch kariet!\",\"breadcrumb\":{\"@id\":\"https:\/\/sorareceo.com\/sk\/ponuka-na-registraciu-v-sorare\/#breadcrumb\"},\"inLanguage\":\"sk-SK\",\"potentialAction\":[{\"@type\":\"ReadAction\",\"target\":[\"https:\/\/sorareceo.com\/sk\/ponuka-na-registraciu-v-sorare\/\"]}]},{\"@type\":\"ImageObject\",\"inLanguage\":\"sk-SK\",\"@id\":\"https:\/\/sorareceo.com\/sk\/ponuka-na-registraciu-v-sorare\/#primaryimage\",\"url\":\"https:\/\/sorareceo.com\/wp-content\/uploads\/2025\/08\/sorare-sign-up-offer-featured.webp\",\"contentUrl\":\"https:\/\/sorareceo.com\/wp-content\/uploads\/2025\/08\/sorare-sign-up-offer-featured.webp\",\"width\":966,\"height\":692,\"caption\":\"Sorare sign-up offer - featured image\"},{\"@type\":\"BreadcrumbList\",\"@id\":\"https:\/\/sorareceo.com\/sk\/ponuka-na-registraciu-v-sorare\/#breadcrumb\",\"itemListElement\":[{\"@type\":\"ListItem\",\"position\":1,\"name\":\"Home\",\"item\":\"https:\/\/sorareceo.com\/sk\/\"},{\"@type\":\"ListItem\",\"position\":2,\"name\":\"Ponuka na registr\u00e1ciu v Sorare [150 dol\u00e1rov na n\u00e1kup kariet]\"}]},{\"@type\":\"WebSite\",\"@id\":\"https:\/\/sorareceo.com\/#website\",\"url\":\"https:\/\/sorareceo.com\/\",\"name\":\"SorareCEO - Your Place for Sorare Strategies &amp; Tips\",\"description\":\"The best place for up-to-date Sorare strategies, guides &amp; tips.\",\"publisher\":{\"@id\":\"https:\/\/sorareceo.com\/#organization\"},\"potentialAction\":[{\"@type\":\"SearchAction\",\"target\":{\"@type\":\"EntryPoint\",\"urlTemplate\":\"https:\/\/sorareceo.com\/?s={search_term_string}\"},\"query-input\":{\"@type\":\"PropertyValueSpecification\",\"valueRequired\":true,\"valueName\":\"search_term_string\"}}],\"inLanguage\":\"sk-SK\"},{\"@type\":\"Organization\",\"@id\":\"https:\/\/sorareceo.com\/#organization\",\"name\":\"SorareCEO - Your Place for Sorare Strategies &amp; Tips\",\"url\":\"https:\/\/sorareceo.com\/\",\"logo\":{\"@type\":\"ImageObject\",\"inLanguage\":\"sk-SK\",\"@id\":\"https:\/\/sorareceo.com\/#\/schema\/logo\/image\/\",\"url\":\"https:\/\/sorareceo.com\/wp-content\/uploads\/2025\/08\/new-logo.webp\",\"contentUrl\":\"https:\/\/sorareceo.com\/wp-content\/uploads\/2025\/08\/new-logo.webp\",\"width\":500,\"height\":150,\"caption\":\"SorareCEO - Your Place for Sorare Strategies &amp; Tips\"},\"image\":{\"@id\":\"https:\/\/sorareceo.com\/#\/schema\/logo\/image\/\"}}]}<\/script>\n<!-- \/ Yoast SEO plugin. -->","yoast_head_json":{"title":"Ponuka na registr\u00e1ciu v Sorare [150 dol\u00e1rov na n\u00e1kup kariet]","description":"Ponuka registr\u00e1cie Sorare pre \u010ditate\u013eov mojej webovej str\u00e1nky je teraz zadarmo a kredity v hodnote 150 dol\u00e1rov na n\u00e1kup nov\u00fdch kariet!","robots":{"index":"index","follow":"follow","max-snippet":"max-snippet:-1","max-image-preview":"max-image-preview:large","max-video-preview":"max-video-preview:-1"},"canonical":"https:\/\/sorareceo.com\/sk\/ponuka-na-registraciu-v-sorare\/","og_locale":"sk_SK","og_type":"article","og_title":"Ponuka na registr\u00e1ciu v Sorare [150 dol\u00e1rov na n\u00e1kup kariet]","og_description":"Ponuka registr\u00e1cie Sorare pre \u010ditate\u013eov mojej webovej str\u00e1nky je teraz zadarmo a kredity v hodnote 150 dol\u00e1rov na n\u00e1kup nov\u00fdch kariet!","og_url":"https:\/\/sorareceo.com\/sk\/ponuka-na-registraciu-v-sorare\/","og_site_name":"SorareCEO - Your Place for Sorare Strategies &amp; Tips","article_modified_time":"2025-08-27T19:41:36+00:00","og_image":[{"width":966,"height":692,"url":"https:\/\/sorareceo.com\/wp-content\/uploads\/2025\/08\/sorare-sign-up-offer-featured.webp","type":"image\/webp"}],"twitter_card":"summary_large_image","twitter_misc":{"Predpokladan\u00fd \u010das \u010d\u00edtania":"5 min\u00fat"},"schema":{"@context":"https:\/\/schema.org","@graph":[{"@type":"WebPage","@id":"https:\/\/sorareceo.com\/sk\/ponuka-na-registraciu-v-sorare\/","url":"https:\/\/sorareceo.com\/sk\/ponuka-na-registraciu-v-sorare\/","name":"Ponuka na registr\u00e1ciu v Sorare [150 dol\u00e1rov na n\u00e1kup kariet]","isPartOf":{"@id":"https:\/\/sorareceo.com\/#website"},"primaryImageOfPage":{"@id":"https:\/\/sorareceo.com\/sk\/ponuka-na-registraciu-v-sorare\/#primaryimage"},"image":{"@id":"https:\/\/sorareceo.com\/sk\/ponuka-na-registraciu-v-sorare\/#primaryimage"},"thumbnailUrl":"https:\/\/sorareceo.com\/wp-content\/uploads\/2025\/08\/sorare-sign-up-offer-featured.webp","datePublished":"2022-10-21T00:49:42+00:00","dateModified":"2025-08-27T19:41:36+00:00","description":"Ponuka registr\u00e1cie Sorare pre \u010ditate\u013eov mojej webovej str\u00e1nky je teraz zadarmo a kredity v hodnote 150 dol\u00e1rov na n\u00e1kup nov\u00fdch kariet!","breadcrumb":{"@id":"https:\/\/sorareceo.com\/sk\/ponuka-na-registraciu-v-sorare\/#breadcrumb"},"inLanguage":"sk-SK","potentialAction":[{"@type":"ReadAction","target":["https:\/\/sorareceo.com\/sk\/ponuka-na-registraciu-v-sorare\/"]}]},{"@type":"ImageObject","inLanguage":"sk-SK","@id":"https:\/\/sorareceo.com\/sk\/ponuka-na-registraciu-v-sorare\/#primaryimage","url":"https:\/\/sorareceo.com\/wp-content\/uploads\/2025\/08\/sorare-sign-up-offer-featured.webp","contentUrl":"https:\/\/sorareceo.com\/wp-content\/uploads\/2025\/08\/sorare-sign-up-offer-featured.webp","width":966,"height":692,"caption":"Sorare sign-up offer - featured image"},{"@type":"BreadcrumbList","@id":"https:\/\/sorareceo.com\/sk\/ponuka-na-registraciu-v-sorare\/#breadcrumb","itemListElement":[{"@type":"ListItem","position":1,"name":"Home","item":"https:\/\/sorareceo.com\/sk\/"},{"@type":"ListItem","position":2,"name":"Ponuka na registr\u00e1ciu v Sorare [150 dol\u00e1rov na n\u00e1kup kariet]"}]},{"@type":"WebSite","@id":"https:\/\/sorareceo.com\/#website","url":"https:\/\/sorareceo.com\/","name":"SorareCEO - Your Place for Sorare Strategies &amp; Tips","description":"The best place for up-to-date Sorare strategies, guides &amp; tips.","publisher":{"@id":"https:\/\/sorareceo.com\/#organization"},"potentialAction":[{"@type":"SearchAction","target":{"@type":"EntryPoint","urlTemplate":"https:\/\/sorareceo.com\/?s={search_term_string}"},"query-input":{"@type":"PropertyValueSpecification","valueRequired":true,"valueName":"search_term_string"}}],"inLanguage":"sk-SK"},{"@type":"Organization","@id":"https:\/\/sorareceo.com\/#organization","name":"SorareCEO - Your Place for Sorare Strategies &amp; Tips","url":"https:\/\/sorareceo.com\/","logo":{"@type":"ImageObject","inLanguage":"sk-SK","@id":"https:\/\/sorareceo.com\/#\/schema\/logo\/image\/","url":"https:\/\/sorareceo.com\/wp-content\/uploads\/2025\/08\/new-logo.webp","contentUrl":"https:\/\/sorareceo.com\/wp-content\/uploads\/2025\/08\/new-logo.webp","width":500,"height":150,"caption":"SorareCEO - Your Place for Sorare Strategies &amp; Tips"},"image":{"@id":"https:\/\/sorareceo.com\/#\/schema\/logo\/image\/"}}]}},"_links":{"self":[{"href":"https:\/\/sorareceo.com\/sk\/wp-json\/wp\/v2\/pages\/37810","targetHints":{"allow":["GET"]}}],"collection":[{"href":"https:\/\/sorareceo.com\/sk\/wp-json\/wp\/v2\/pages"}],"about":[{"href":"https:\/\/sorareceo.com\/sk\/wp-json\/wp\/v2\/types\/page"}],"author":[{"embeddable":true,"href":"https:\/\/sorareceo.com\/sk\/wp-json\/wp\/v2\/users\/1"}],"replies":[{"embeddable":true,"href":"https:\/\/sorareceo.com\/sk\/wp-json\/wp\/v2\/comments?post=37810"}],"version-history":[{"count":1,"href":"https:\/\/sorareceo.com\/sk\/wp-json\/wp\/v2\/pages\/37810\/revisions"}],"predecessor-version":[{"id":37842,"href":"https:\/\/sorareceo.com\/sk\/wp-json\/wp\/v2\/pages\/37810\/revisions\/37842"}],"wp:featuredmedia":[{"embeddable":true,"href":"https:\/\/sorareceo.com\/sk\/wp-json\/wp\/v2\/media\/34425"}],"wp:attachment":[{"href":"https:\/\/sorareceo.com\/sk\/wp-json\/wp\/v2\/media?parent=37810"}],"curies":[{"name":"wp","href":"https:\/\/api.w.org\/{rel}","templated":true}]}}