{"id":36572,"date":"2025-01-04T00:18:52","date_gmt":"2025-01-04T00:18:52","guid":{"rendered":"https:\/\/sorareceo.com\/sorareceo-com-vas-doveryhodny-sprievodca-po-sorare\/"},"modified":"2025-08-27T19:42:22","modified_gmt":"2025-08-27T19:42:22","slug":"sorareceo-com-vas-doveryhodny-sprievodca-po-sorare","status":"publish","type":"page","link":"https:\/\/sorareceo.com\/sk\/","title":{"rendered":"SorareCEO.com \u2013 v\u00e1\u0161 d\u00f4veryhodn\u00fd sprievodca po Sorare"},"content":{"rendered":"<div class=\"gb-container gb-container-4f6744a8 alignfull\">\n\n<h2 class=\"gb-headline gb-headline-59c6c384 gb-headline-text\">Vitajte na SorareCEO<\/h2>\n\n\n\n<h1 class=\"gb-headline gb-headline-499f076a gb-headline-text\">Miesto pre n\u00e1vody, tutori\u00e1ly a strat\u00e9gie k Sorare.<\/h1>\n\n\n\n<a class=\"gb-button gb-button-7411aeb9 gb-button-text\" href=\"https:\/\/sorareceo.com\/sk\/co-je-to-sorare\/\" target=\"_blank\" rel=\"noopener noreferrer\">\u010cO JE SORARE?<\/a>\n\n<\/div>\n\n<div class=\"gb-container gb-container-dff66fc0 alignfull\">\n<div class=\"gb-container gb-container-5ae625cf\">\n<div class=\"gb-container gb-container-7bad8aa5\">\n\n<h2 class=\"gb-headline gb-headline-3639624f gb-headline-text\">Sprievodca pre za\u010diato\u010dn\u00edkov<\/h2>\n\n\n\n<figure class=\"wp-block-image size-full is-resized\"><img loading=\"lazy\" decoding=\"async\" width=\"1000\" height=\"1000\" src=\"http:\/\/sorareceo.com\/wp-content\/uploads\/2025\/08\/guide-homepage.webp\" alt=\"\" class=\"wp-image-35215\" style=\"object-fit:cover;width:300px;height:300px\" srcset=\"https:\/\/sorareceo.com\/wp-content\/uploads\/2025\/08\/guide-homepage.webp 1000w, https:\/\/sorareceo.com\/wp-content\/uploads\/2025\/08\/guide-homepage-300x300.webp 300w, https:\/\/sorareceo.com\/wp-content\/uploads\/2025\/08\/guide-homepage-150x150.webp 150w, https:\/\/sorareceo.com\/wp-content\/uploads\/2025\/08\/guide-homepage-768x768.webp 768w\" sizes=\"auto, (max-width: 1000px) 100vw, 1000px\" \/><\/figure>\n\n\n<div class=\"gb-container gb-container-98b4471b\">\n\n<p class=\"gb-headline gb-headline-44cbcbf8 gb-headline-text\">Ste v Sorare nov\u00ed? Mo\u017eno sa chcete vyhn\u00fa\u0165 za\u010diato\u010dn\u00edckym chyb\u00e1m a maximalizova\u0165 \u0161ance na zisk \u010do najsk\u00f4r po registr\u00e1cii. M\u00f4j sprievodca pre za\u010diato\u010dn\u00edkov v Sorare v\u00e1m v tom pom\u00f4\u017ee \u2013 a e\u0161te omnoho viac.  <\/p>\n\n\n\n<a class=\"gb-button gb-button-ff8e8a3a gb-button-text\" href=\"https:\/\/sorareceo.com\/sk\/sorare-tutorial\/\" target=\"_blank\" rel=\"noopener noreferrer\">\u010c\u00cdTAJTE TU<\/a>\n\n<\/div>\n<\/div>\n<\/div>\n\n<div class=\"gb-container gb-container-5732aabf\">\n<div class=\"gb-container gb-container-84b12203\">\n\n<h2 class=\"gb-headline gb-headline-a59e7235 gb-headline-text\">Recenzia hry<\/h2>\n\n\n\n<figure class=\"wp-block-image size-full is-resized\"><img loading=\"lazy\" decoding=\"async\" width=\"1000\" height=\"1000\" src=\"http:\/\/sorareceo.com\/wp-content\/uploads\/2025\/08\/review-homepage.webp\" alt=\"\" class=\"wp-image-35262\" style=\"object-fit:cover;width:300px;height:300px\" srcset=\"https:\/\/sorareceo.com\/wp-content\/uploads\/2025\/08\/review-homepage.webp 1000w, https:\/\/sorareceo.com\/wp-content\/uploads\/2025\/08\/review-homepage-300x300.webp 300w, https:\/\/sorareceo.com\/wp-content\/uploads\/2025\/08\/review-homepage-150x150.webp 150w, https:\/\/sorareceo.com\/wp-content\/uploads\/2025\/08\/review-homepage-768x768.webp 768w\" sizes=\"auto, (max-width: 1000px) 100vw, 1000px\" \/><\/figure>\n\n\n<div class=\"gb-container gb-container-5d281bbd\">\n\n<p class=\"gb-headline gb-headline-e815eb18 gb-headline-text\">St\u00e1le prem\u00fd\u0161\u013eate, \u010di je t\u00e1to hra pre v\u00e1s? Pre\u010d\u00edtajte si moju recenziu Sorare, kde n\u00e1jdete moju naj\u00faprimnej\u0161iu sp\u00e4tn\u00fa v\u00e4zbu o produkte a o tom, \u010d\u00edm sa l\u00ed\u0161i od in\u00fdch fantasy \u0161portov\u00fdch platforiem. Ako ka\u017ed\u00e1 hra, aj t\u00e1to m\u00e1 svoje plusy a m\u00ednusy.   <\/p>\n\n\n\n<a class=\"gb-button gb-button-2dee9ba5 gb-button-text\" href=\"#\" target=\"_blank\" rel=\"noopener noreferrer\">\u010c\u00cdTAJTE TU<\/a>\n\n<\/div>\n<\/div>\n<\/div>\n\n<div class=\"gb-container gb-container-9a12ce94\">\n<div class=\"gb-container gb-container-4a74dada\">\n\n<h2 class=\"gb-headline gb-headline-7b49ca4e gb-headline-text\">Ponuka pri registr\u00e1cii<\/h2>\n\n\n\n<figure class=\"wp-block-image size-full is-resized\"><img loading=\"lazy\" decoding=\"async\" width=\"1000\" height=\"1000\" src=\"http:\/\/sorareceo.com\/wp-content\/uploads\/2025\/08\/sign-up-offer-homepage.webp\" alt=\"\" class=\"wp-image-35309\" style=\"object-fit:cover;width:300px;height:300px\" srcset=\"https:\/\/sorareceo.com\/wp-content\/uploads\/2025\/08\/sign-up-offer-homepage.webp 1000w, https:\/\/sorareceo.com\/wp-content\/uploads\/2025\/08\/sign-up-offer-homepage-300x300.webp 300w, https:\/\/sorareceo.com\/wp-content\/uploads\/2025\/08\/sign-up-offer-homepage-150x150.webp 150w, https:\/\/sorareceo.com\/wp-content\/uploads\/2025\/08\/sign-up-offer-homepage-768x768.webp 768w\" sizes=\"auto, (max-width: 1000px) 100vw, 1000px\" \/><\/figure>\n\n\n<div class=\"gb-container gb-container-9727e384\">\n\n<p class=\"gb-headline gb-headline-e3c72453 gb-headline-text\">Ak ste urobili (spr\u00e1vne) rozhodnutie prida\u0165 sa k hre, m\u00e1m pre v\u00e1s dar\u010dek. Sta\u0148te sa jedn\u00fdm z \u010ditate\u013eov SorareCEO, ktor\u00ed z\u00edskaj\u00fa uv\u00edtac\u00ed bonus a n\u00e1skok pred ostatn\u00fdmi mana\u017e\u00e9rmi. Objavte aktu\u00e1lnu akciu tu.   <\/p>\n\n\n\n<a class=\"gb-button gb-button-fc86622e gb-button-text\" href=\"https:\/\/sorareceo.com\/sk\/ponuka-na-registraciu-v-sorare\/\" target=\"_blank\" rel=\"noopener noreferrer\">\u010c\u00cdTAJTE TU<\/a>\n\n<\/div>\n<\/div>\n<\/div>\n<\/div>","protected":false},"excerpt":{"rendered":"<p>Vitajte na SorareCEO Miesto pre n\u00e1vody, tutori\u00e1ly a strat\u00e9gie k Sorare. Sprievodca pre za\u010diato\u010dn\u00edkov Ste v Sorare nov\u00ed? Mo\u017eno sa chcete vyhn\u00fa\u0165 za\u010diato\u010dn\u00edckym chyb\u00e1m a maximalizova\u0165 \u0161ance na zisk \u010do najsk\u00f4r po registr\u00e1cii. M\u00f4j sprievodca pre za\u010diato\u010dn\u00edkov v Sorare v\u00e1m v tom pom\u00f4\u017ee \u2013 a e\u0161te omnoho viac. Recenzia hry St\u00e1le prem\u00fd\u0161\u013eate, \u010di je t\u00e1to &#8230; <a title=\"SorareCEO.com \u2013 v\u00e1\u0161 d\u00f4veryhodn\u00fd sprievodca po Sorare\" class=\"read-more\" href=\"https:\/\/sorareceo.com\/sk\/\" aria-label=\"Pre\u010d\u00edtajte si viac o SorareCEO.com \u2013 v\u00e1\u0161 d\u00f4veryhodn\u00fd sprievodca po Sorare\">Read more<\/a><\/p>\n","protected":false},"author":1,"featured_media":34314,"parent":0,"menu_order":0,"comment_status":"closed","ping_status":"closed","template":"","meta":{"footnotes":""},"class_list":["post-36572","page","type-page","status-publish","has-post-thumbnail"],"yoast_head":"<!-- This site is optimized with the Yoast SEO plugin v26.6 - https:\/\/yoast.com\/wordpress\/plugins\/seo\/ -->\n<title>SorareCEO.com \u2013 v\u00e1\u0161 d\u00f4veryhodn\u00fd sprievodca po Sorare<\/title>\n<meta name=\"description\" content=\"SorareCEO je v\u00e1\u0161 spo\u013eahliv\u00fd zdroj n\u00e1vodov, tutori\u00e1lov, tipov, strat\u00e9gi\u00ed a noviniek o Sorare. Zlep\u0161ite sa v hre spolu so mnou.\" \/>\n<meta name=\"robots\" content=\"index, follow, max-snippet:-1, max-image-preview:large, max-video-preview:-1\" \/>\n<link rel=\"canonical\" href=\"https:\/\/sorareceo.com\/sk\/\" \/>\n<meta property=\"og:locale\" content=\"sk_SK\" \/>\n<meta property=\"og:type\" content=\"article\" \/>\n<meta property=\"og:title\" content=\"SorareCEO.com \u2013 v\u00e1\u0161 d\u00f4veryhodn\u00fd sprievodca po Sorare\" \/>\n<meta property=\"og:description\" content=\"SorareCEO je v\u00e1\u0161 spo\u013eahliv\u00fd zdroj n\u00e1vodov, tutori\u00e1lov, tipov, strat\u00e9gi\u00ed a noviniek o Sorare. Zlep\u0161ite sa v hre spolu so mnou.\" \/>\n<meta property=\"og:url\" content=\"https:\/\/sorareceo.com\/sk\/\" \/>\n<meta property=\"og:site_name\" content=\"SorareCEO - Your Place for Sorare Strategies &amp; Tips\" \/>\n<meta property=\"article:modified_time\" content=\"2025-08-27T19:42:22+00:00\" \/>\n<meta property=\"og:image\" content=\"https:\/\/sorareceo.com\/wp-content\/uploads\/2025\/08\/icon.webp\" \/>\n\t<meta property=\"og:image:width\" content=\"100\" \/>\n\t<meta property=\"og:image:height\" content=\"100\" \/>\n\t<meta property=\"og:image:type\" content=\"image\/webp\" \/>\n<meta name=\"twitter:card\" content=\"summary_large_image\" \/>\n<meta name=\"twitter:label1\" content=\"Predpokladan\u00fd \u010das \u010d\u00edtania\" \/>\n\t<meta name=\"twitter:data1\" content=\"2 min\u00faty\" \/>\n<script type=\"application\/ld+json\" class=\"yoast-schema-graph\">{\"@context\":\"https:\/\/schema.org\",\"@graph\":[{\"@type\":\"WebPage\",\"@id\":\"https:\/\/sorareceo.com\/sk\/\",\"url\":\"https:\/\/sorareceo.com\/sk\/\",\"name\":\"SorareCEO.com \u2013 v\u00e1\u0161 d\u00f4veryhodn\u00fd sprievodca po Sorare\",\"isPartOf\":{\"@id\":\"https:\/\/sorareceo.com\/#website\"},\"primaryImageOfPage\":{\"@id\":\"https:\/\/sorareceo.com\/sk\/#primaryimage\"},\"image\":{\"@id\":\"https:\/\/sorareceo.com\/sk\/#primaryimage\"},\"thumbnailUrl\":\"https:\/\/sorareceo.com\/wp-content\/uploads\/2025\/08\/icon.webp\",\"datePublished\":\"2025-01-04T00:18:52+00:00\",\"dateModified\":\"2025-08-27T19:42:22+00:00\",\"description\":\"SorareCEO je v\u00e1\u0161 spo\u013eahliv\u00fd zdroj n\u00e1vodov, tutori\u00e1lov, tipov, strat\u00e9gi\u00ed a noviniek o Sorare. Zlep\u0161ite sa v hre spolu so mnou.\",\"breadcrumb\":{\"@id\":\"https:\/\/sorareceo.com\/sk\/#breadcrumb\"},\"inLanguage\":\"sk-SK\",\"potentialAction\":[{\"@type\":\"ReadAction\",\"target\":[\"https:\/\/sorareceo.com\/sk\/\"]}]},{\"@type\":\"ImageObject\",\"inLanguage\":\"sk-SK\",\"@id\":\"https:\/\/sorareceo.com\/sk\/#primaryimage\",\"url\":\"https:\/\/sorareceo.com\/wp-content\/uploads\/2025\/08\/icon.webp\",\"contentUrl\":\"https:\/\/sorareceo.com\/wp-content\/uploads\/2025\/08\/icon.webp\",\"width\":100,\"height\":100},{\"@type\":\"BreadcrumbList\",\"@id\":\"https:\/\/sorareceo.com\/sk\/#breadcrumb\",\"itemListElement\":[{\"@type\":\"ListItem\",\"position\":1,\"name\":\"Home\",\"item\":\"https:\/\/sorareceo.com\/sk\/\"},{\"@type\":\"ListItem\",\"position\":2,\"name\":\"SorareCEO.com \u2013 v\u00e1\u0161 d\u00f4veryhodn\u00fd sprievodca po Sorare\"}]},{\"@type\":\"WebSite\",\"@id\":\"https:\/\/sorareceo.com\/#website\",\"url\":\"https:\/\/sorareceo.com\/\",\"name\":\"SorareCEO - Your Place for Sorare Strategies &amp; Tips\",\"description\":\"The best place for up-to-date Sorare strategies, guides &amp; tips.\",\"publisher\":{\"@id\":\"https:\/\/sorareceo.com\/#organization\"},\"potentialAction\":[{\"@type\":\"SearchAction\",\"target\":{\"@type\":\"EntryPoint\",\"urlTemplate\":\"https:\/\/sorareceo.com\/?s={search_term_string}\"},\"query-input\":{\"@type\":\"PropertyValueSpecification\",\"valueRequired\":true,\"valueName\":\"search_term_string\"}}],\"inLanguage\":\"sk-SK\"},{\"@type\":\"Organization\",\"@id\":\"https:\/\/sorareceo.com\/#organization\",\"name\":\"SorareCEO - Your Place for Sorare Strategies &amp; Tips\",\"url\":\"https:\/\/sorareceo.com\/\",\"logo\":{\"@type\":\"ImageObject\",\"inLanguage\":\"sk-SK\",\"@id\":\"https:\/\/sorareceo.com\/#\/schema\/logo\/image\/\",\"url\":\"https:\/\/sorareceo.com\/wp-content\/uploads\/2025\/08\/new-logo.webp\",\"contentUrl\":\"https:\/\/sorareceo.com\/wp-content\/uploads\/2025\/08\/new-logo.webp\",\"width\":500,\"height\":150,\"caption\":\"SorareCEO - Your Place for Sorare Strategies &amp; Tips\"},\"image\":{\"@id\":\"https:\/\/sorareceo.com\/#\/schema\/logo\/image\/\"}}]}<\/script>\n<!-- \/ Yoast SEO plugin. -->","yoast_head_json":{"title":"SorareCEO.com \u2013 v\u00e1\u0161 d\u00f4veryhodn\u00fd sprievodca po Sorare","description":"SorareCEO je v\u00e1\u0161 spo\u013eahliv\u00fd zdroj n\u00e1vodov, tutori\u00e1lov, tipov, strat\u00e9gi\u00ed a noviniek o Sorare. Zlep\u0161ite sa v hre spolu so mnou.","robots":{"index":"index","follow":"follow","max-snippet":"max-snippet:-1","max-image-preview":"max-image-preview:large","max-video-preview":"max-video-preview:-1"},"canonical":"https:\/\/sorareceo.com\/sk\/","og_locale":"sk_SK","og_type":"article","og_title":"SorareCEO.com \u2013 v\u00e1\u0161 d\u00f4veryhodn\u00fd sprievodca po Sorare","og_description":"SorareCEO je v\u00e1\u0161 spo\u013eahliv\u00fd zdroj n\u00e1vodov, tutori\u00e1lov, tipov, strat\u00e9gi\u00ed a noviniek o Sorare. Zlep\u0161ite sa v hre spolu so mnou.","og_url":"https:\/\/sorareceo.com\/sk\/","og_site_name":"SorareCEO - Your Place for Sorare Strategies &amp; Tips","article_modified_time":"2025-08-27T19:42:22+00:00","og_image":[{"width":100,"height":100,"url":"https:\/\/sorareceo.com\/wp-content\/uploads\/2025\/08\/icon.webp","type":"image\/webp"}],"twitter_card":"summary_large_image","twitter_misc":{"Predpokladan\u00fd \u010das \u010d\u00edtania":"2 min\u00faty"},"schema":{"@context":"https:\/\/schema.org","@graph":[{"@type":"WebPage","@id":"https:\/\/sorareceo.com\/sk\/","url":"https:\/\/sorareceo.com\/sk\/","name":"SorareCEO.com \u2013 v\u00e1\u0161 d\u00f4veryhodn\u00fd sprievodca po Sorare","isPartOf":{"@id":"https:\/\/sorareceo.com\/#website"},"primaryImageOfPage":{"@id":"https:\/\/sorareceo.com\/sk\/#primaryimage"},"image":{"@id":"https:\/\/sorareceo.com\/sk\/#primaryimage"},"thumbnailUrl":"https:\/\/sorareceo.com\/wp-content\/uploads\/2025\/08\/icon.webp","datePublished":"2025-01-04T00:18:52+00:00","dateModified":"2025-08-27T19:42:22+00:00","description":"SorareCEO je v\u00e1\u0161 spo\u013eahliv\u00fd zdroj n\u00e1vodov, tutori\u00e1lov, tipov, strat\u00e9gi\u00ed a noviniek o Sorare. Zlep\u0161ite sa v hre spolu so mnou.","breadcrumb":{"@id":"https:\/\/sorareceo.com\/sk\/#breadcrumb"},"inLanguage":"sk-SK","potentialAction":[{"@type":"ReadAction","target":["https:\/\/sorareceo.com\/sk\/"]}]},{"@type":"ImageObject","inLanguage":"sk-SK","@id":"https:\/\/sorareceo.com\/sk\/#primaryimage","url":"https:\/\/sorareceo.com\/wp-content\/uploads\/2025\/08\/icon.webp","contentUrl":"https:\/\/sorareceo.com\/wp-content\/uploads\/2025\/08\/icon.webp","width":100,"height":100},{"@type":"BreadcrumbList","@id":"https:\/\/sorareceo.com\/sk\/#breadcrumb","itemListElement":[{"@type":"ListItem","position":1,"name":"Home","item":"https:\/\/sorareceo.com\/sk\/"},{"@type":"ListItem","position":2,"name":"SorareCEO.com \u2013 v\u00e1\u0161 d\u00f4veryhodn\u00fd sprievodca po Sorare"}]},{"@type":"WebSite","@id":"https:\/\/sorareceo.com\/#website","url":"https:\/\/sorareceo.com\/","name":"SorareCEO - Your Place for Sorare Strategies &amp; Tips","description":"The best place for up-to-date Sorare strategies, guides &amp; tips.","publisher":{"@id":"https:\/\/sorareceo.com\/#organization"},"potentialAction":[{"@type":"SearchAction","target":{"@type":"EntryPoint","urlTemplate":"https:\/\/sorareceo.com\/?s={search_term_string}"},"query-input":{"@type":"PropertyValueSpecification","valueRequired":true,"valueName":"search_term_string"}}],"inLanguage":"sk-SK"},{"@type":"Organization","@id":"https:\/\/sorareceo.com\/#organization","name":"SorareCEO - Your Place for Sorare Strategies &amp; Tips","url":"https:\/\/sorareceo.com\/","logo":{"@type":"ImageObject","inLanguage":"sk-SK","@id":"https:\/\/sorareceo.com\/#\/schema\/logo\/image\/","url":"https:\/\/sorareceo.com\/wp-content\/uploads\/2025\/08\/new-logo.webp","contentUrl":"https:\/\/sorareceo.com\/wp-content\/uploads\/2025\/08\/new-logo.webp","width":500,"height":150,"caption":"SorareCEO - Your Place for Sorare Strategies &amp; Tips"},"image":{"@id":"https:\/\/sorareceo.com\/#\/schema\/logo\/image\/"}}]}},"_links":{"self":[{"href":"https:\/\/sorareceo.com\/sk\/wp-json\/wp\/v2\/pages\/36572","targetHints":{"allow":["GET"]}}],"collection":[{"href":"https:\/\/sorareceo.com\/sk\/wp-json\/wp\/v2\/pages"}],"about":[{"href":"https:\/\/sorareceo.com\/sk\/wp-json\/wp\/v2\/types\/page"}],"author":[{"embeddable":true,"href":"https:\/\/sorareceo.com\/sk\/wp-json\/wp\/v2\/users\/1"}],"replies":[{"embeddable":true,"href":"https:\/\/sorareceo.com\/sk\/wp-json\/wp\/v2\/comments?post=36572"}],"version-history":[{"count":3,"href":"https:\/\/sorareceo.com\/sk\/wp-json\/wp\/v2\/pages\/36572\/revisions"}],"predecessor-version":[{"id":37843,"href":"https:\/\/sorareceo.com\/sk\/wp-json\/wp\/v2\/pages\/36572\/revisions\/37843"}],"wp:featuredmedia":[{"embeddable":true,"href":"https:\/\/sorareceo.com\/sk\/wp-json\/wp\/v2\/media\/34314"}],"wp:attachment":[{"href":"https:\/\/sorareceo.com\/sk\/wp-json\/wp\/v2\/media?parent=36572"}],"curies":[{"name":"wp","href":"https:\/\/api.w.org\/{rel}","templated":true}]}}