{"id":37808,"date":"2022-10-21T00:49:42","date_gmt":"2022-10-21T00:49:42","guid":{"rendered":"https:\/\/sorareceo.com\/sorare-sign-up-offer\/"},"modified":"2025-08-27T19:24:50","modified_gmt":"2025-08-27T19:24:50","slug":"oferta-de-inscriere-sorare","status":"publish","type":"page","link":"https:\/\/sorareceo.com\/ro\/oferta-de-inscriere-sorare\/","title":{"rendered":"Ofert\u0103 de \u00eenscriere Sorare [150 USD de cheltuit pe carduri]"},"content":{"rendered":"\n<p>De\u0219i \u00eenregistrarea pe Sorare este complet gratuit\u0103 \u0219i rapid\u0103, nu toat\u0103 lumea \u0219tie despre bonusul de \u00eenscriere Sorare, care \u00ee\u021bi garanteaz\u0103 un avantaj fa\u021b\u0103 de majoritatea noilor manageri.<\/p>\n\n\n\n<p>Deoarece SorareCEO.com este un partener afiliat certificat al jocului, bonusul exclusiv de \u00eenscriere pe care \u00eel oferim cititorilor no\u0219tri este cel mai bun de pe pia\u021b\u0103 \u2013 acum oferind 150 $ \u00een credite de pia\u021b\u0103!<\/p>\n\n\n\n<p>Cite\u0219te mai departe pentru a afla cum s\u0103 \u00eel activezi \u2013 \u0219i \u00eencepe s\u0103 \u00ee\u021bi construie\u0219ti galeria mult mai ieftin dec\u00e2t majoritatea \u00eencep\u0103torilor.<\/p>\n\n\n\n<h2 class=\"wp-block-heading gb-headline gb-headline-f1a263a9 gb-headline-text\">Ghid pas cu pas pentru activarea bonusului Sorare<\/h2>\n\n\n\n<p>Mi-a\u0219 fi dorit ca Sorare s\u0103 fi oferit acest bonus atunci c\u00e2nd am \u00eenceput \u00een 2022. Pe atunci, ca manager nou, am primit doar un card Limited gratuit, \u00een valoare de mai pu\u021bin de 2 dolari. \u00cen plus, trebuia s\u0103 cump\u0103r cinci carduri \u00eenainte s\u0103 \u00eel primesc!<\/p>\n\n\n<div class=\"gb-container gb-container-86147414 offer-content\"><div class=\"gb-inside-container\">\n<div class=\"gb-grid-wrapper gb-grid-wrapper-1f0ac75f\">\n<div class=\"gb-grid-column gb-grid-column-d0516e33\"><div class=\"gb-container gb-container-d0516e33\"><div class=\"gb-inside-container\">\n\n<p class=\"gb-headline gb-headline-09f7489c gb-headline-text\">OFERT\u0102 DE \u00ceNREGISTRARE<\/p>\n\n\n\n<p class=\"gb-headline gb-headline-eeb2c06c gb-headline-text\">\u00cenregistreaz\u0103-te pe Sorare cu aceast\u0103 ofert\u0103 \u0219i prime\u0219te $150 gratuit pentru a cump\u0103ra c\u0103r\u021bi.<\/p>\n\n<\/div><\/div><\/div>\n\n<div class=\"gb-grid-column gb-grid-column-53f5d8fa\"><div class=\"gb-container gb-container-53f5d8fa\"><div class=\"gb-inside-container\">\n\n<div class=\"wp-block-buttons has-border-color is-horizontal is-content-justification-center is-layout-flex wp-container-core-buttons-is-layout-29bd5dc9 wp-block-buttons-is-layout-flex\" style=\"border-color:var(--base-3);border-width:3px;border-radius:12px\">\n<div class=\"wp-block-button has-custom-width wp-block-button__width-100 aligncenter is-style-fill\"><a class=\"wp-block-button__link has-base-3-color has-accent-background-color has-text-color has-background has-custom-font-size wp-element-button\" href=\"https:\/\/sorare.pxf.io\/Nk0GkP\" style=\"border-radius:10px;font-size:22px;font-style:normal;font-weight:1000\" target=\"_blank\" rel=\"noreferrer noopener nofollow\">IA \u20ac150 ACUM<\/a><\/div>\n<\/div>\n\n<\/div><\/div><\/div>\n<\/div>\n<\/div><\/div><div class=\"gb-container gb-container-72194729\">\n\n<figure class=\"gb-block-image gb-block-image-176ca640\"><img loading=\"lazy\" decoding=\"async\" width=\"700\" height=\"350\" class=\"gb-image gb-image-176ca640\" src=\"http:\/\/sorareceo.com\/wp-content\/uploads\/2023\/03\/banner-cards.webp\" alt=\"\" title=\"banner-cards\" srcset=\"https:\/\/sorareceo.com\/wp-content\/uploads\/2023\/03\/banner-cards.webp 700w, https:\/\/sorareceo.com\/wp-content\/uploads\/2023\/03\/banner-cards-300x150.webp 300w\" sizes=\"auto, (max-width: 700px) 100vw, 700px\" \/><\/figure>\n\n\n\n<div class=\"gb-headline gb-headline-d537e29c gb-headline-text\">OFERT\u0102 DE \u00ceNREGISTRARE<\/div>\n\n\n\n<div class=\"gb-headline gb-headline-563ddc24 gb-headline-text\">AL\u0102TUR\u0102-TE SORARE AST\u0102ZI \u0218I PRIME\u0218TE $150 GRATUIT PENTRU A CUMP\u0102RA C\u0102R\u021aI.<\/div>\n\n\n\n<a class=\"gb-button gb-button-40af701f\" href=\"https:\/\/sorare.pxf.io\/Nk0GkP\" target=\"_blank\" rel=\"nofollow noopener noreferrer\"><span class=\"gb-icon\"><svg xmlns=\"http:\/\/www.w3.org\/2000\/svg\" aria-hidden=\"true\" role=\"img\" height=\"1em\" width=\"1em\" viewbox=\"0 0 448 512\"><path fill=\"currentColor\" d=\"M416 208H272V64c0-17.67-14.33-32-32-32h-32c-17.67 0-32 14.33-32 32v144H32c-17.67 0-32 14.33-32 32v32c0 17.67 14.33 32 32 32h144v144c0 17.67 14.33 32 32 32h32c17.67 0 32-14.33 32-32V304h144c17.67 0 32-14.33 32-32v-32c0-17.67-14.33-32-32-32z\"><\/path><\/svg><\/span><span class=\"gb-button-text\">AL\u0102TUR\u0102-TE AICI<\/span><\/a>\n\n<\/div>\n\n\n<p>Acum lucrurile s-au schimbat radical. Practic, prime\u0219ti ceva de aproximativ 75 de ori mai valoros. Cei 150 $ \u00een credite de pia\u021b\u0103 disponibili pentru cititorii mei reprezint\u0103 de departe cea mai bun\u0103 ofert\u0103 Sorare de p\u00e2n\u0103 acum \u2013 \u0219i sunt \u00eenc\u00e2ntat c\u0103 e\u0219ti la doar c\u00e2teva clicuri distan\u021b\u0103 de a o activa!<\/p>\n\n\n<div class=\"gb-container gb-container-8b2e3d1b pro-tip\">\n\n<h3 class=\"wp-block-heading\">\ud83d\udcdd Condi\u021bii pentru bonus:<\/h3>\n\n\n\n<ul class=\"wp-block-list\">\n<li><strong>Suma:<\/strong> 150 $ (sau \u00a3, sau \u20ac) \u00een credite de pia\u021b\u0103 pentru achizi\u021bia de carduri<\/li>\n\n\n\n<li><strong>Valabilitate:<\/strong> 12 luni<\/li>\n\n\n\n<li><strong>Condi\u021bii<\/strong>: Creditele sunt acordate sub forma unei reduceri de 50% la achizi\u021biile din Pia\u021ba Primar\u0103. Dac\u0103 un card cost\u0103 20 $, vei pl\u0103ti doar 10 $. Pentru un card de 100 $, pl\u0103te\u0219ti doar 50 $. Po\u021bi folosi to\u021bi cei 150 $ odat\u0103 sau \u00eei po\u021bi \u00eemp\u0103r\u021bi \u00een mai multe achizi\u021bii cu reduceri succesive de 50%.<\/li>\n<\/ul>\n\n<\/div>\n\n\n<p>Acum c\u0103 \u0219tii cum func\u021bioneaz\u0103 aceast\u0103 ofert\u0103, hai s\u0103 vedem cum o activezi.<\/p>\n\n\n\n<h3 class=\"wp-block-heading\">Pasul 1: Folose\u0219te linkul corect al partenerului<\/h3>\n\n\n\n<p>Pentru a primi cei 150 $, trebuie s\u0103 folose\u0219ti linkul meu de partener Sorare. Proced\u00e2nd astfel, nu doar c\u0103 \u00ee\u021bi oferi un avantaj uria\u0219 \u00een joc, dar m\u0103 \u0219i aju\u021bi s\u0103 continui munca pe care o fac (mul\u021bumesc anticipat! \ud83d\ude42 ).<\/p>\n\n\n\n<p>Pentru a \u00eencepe, <a href=\"https:\/\/sorare.pxf.io\/Nk0GkP\" target=\"_blank\" rel=\"noreferrer noopener nofollow\">apas\u0103 aici<\/a>.<\/p>\n\n\n\n<h3 class=\"wp-block-heading\">Pasul 2: Alege numele de manager<\/h3>\n\n\n\n<figure class=\"wp-block-image size-large\"><img loading=\"lazy\" decoding=\"async\" width=\"1024\" height=\"445\" src=\"http:\/\/sorareceo.com\/wp-content\/uploads\/2025\/08\/offer-claim-screenshot-1024x445.webp\" alt=\"\" class=\"wp-image-31443\" srcset=\"https:\/\/sorareceo.com\/wp-content\/uploads\/2025\/08\/offer-claim-screenshot-1024x445.webp 1024w, https:\/\/sorareceo.com\/wp-content\/uploads\/2025\/08\/offer-claim-screenshot-300x130.webp 300w, https:\/\/sorareceo.com\/wp-content\/uploads\/2025\/08\/offer-claim-screenshot-768x334.webp 768w, https:\/\/sorareceo.com\/wp-content\/uploads\/2025\/08\/offer-claim-screenshot-1536x668.webp 1536w, https:\/\/sorareceo.com\/wp-content\/uploads\/2025\/08\/offer-claim-screenshot-2048x890.webp 2048w\" sizes=\"auto, (max-width: 1024px) 100vw, 1024px\" \/><\/figure>\n\n\n\n<p>Dup\u0103 ce ape\u0219i pe link, vei ajunge pe o pagin\u0103 asem\u0103n\u0103toare cu cea din imaginea de mai sus. Aici \u00ee\u021bi vei alege <strong>numele de manager<\/strong> \u2013 numele care va ap\u0103rea pe clasamente \u0219i \u00een negocierile de tranzac\u021bionare.<\/p>\n\n\n\n<p>Nu \u00ee\u021bi face griji prea mari! \u00ce\u021bi po\u021bi schimba numele mai t\u00e2rziu dac\u0103 g\u0103se\u0219ti unul mai bun.<\/p>\n\n\n\n<h3 class=\"wp-block-heading\">Pasul 3: Alege metoda de \u00eenregistrare<\/h3>\n\n\n\n<figure class=\"wp-block-image size-large\"><img loading=\"lazy\" decoding=\"async\" width=\"1024\" height=\"436\" src=\"http:\/\/sorareceo.com\/wp-content\/uploads\/2025\/07\/sorare-start-screenshot-email-1024x436.webp\" alt=\"\" class=\"wp-image-31185\" srcset=\"https:\/\/sorareceo.com\/wp-content\/uploads\/2025\/07\/sorare-start-screenshot-email-1024x436.webp 1024w, https:\/\/sorareceo.com\/wp-content\/uploads\/2025\/07\/sorare-start-screenshot-email-300x128.webp 300w, https:\/\/sorareceo.com\/wp-content\/uploads\/2025\/07\/sorare-start-screenshot-email-768x327.webp 768w, https:\/\/sorareceo.com\/wp-content\/uploads\/2025\/07\/sorare-start-screenshot-email-1536x654.webp 1536w, https:\/\/sorareceo.com\/wp-content\/uploads\/2025\/07\/sorare-start-screenshot-email-2048x872.webp 2048w\" sizes=\"auto, (max-width: 1024px) 100vw, 1024px\" \/><\/figure>\n\n\n\n<p>Dac\u0103 numele ales este disponibil, vei trece la urm\u0103torul pas. Aici trebuie s\u0103:<\/p>\n\n\n\n<ul class=\"wp-block-list\">\n<li>S\u0103 confirmi c\u0103 ai cel pu\u021bin 16 ani (v\u00e2rsta minim\u0103 pentru a juca Sorare)<\/li>\n\n\n\n<li>S\u0103 accep\u021bi Termenii &amp; Condi\u021biile \u0219i Politica de Confiden\u021bialitate<\/li>\n\n\n\n<li>S\u0103 selectezi metoda preferat\u0103 de \u00eenregistrare: email, Google sau Apple<\/li>\n<\/ul>\n\n\n\n<p class=\"pro-tip\">\ud83d\udca1 <strong>PRO TIP:<\/strong> Te-ai \u00eenscris deja f\u0103r\u0103 s\u0103 profi\u021bi de oferta mea? Nu e nimic pierdut! Dac\u0103 nu ai cump\u0103rat \u00eenc\u0103 niciun card, te po\u021bi \u00eenregistra din nou cu o alt\u0103 adres\u0103 de email \u0219i vei primi acela\u0219i bonus de 150 $ ca to\u021bi cititorii SorareCEO.<\/p>\n\n\n\n<p>La final, nu uita s\u0103 \u00ee\u021bi creezi o parol\u0103 puternic\u0103. Aceasta va fi cheia ta pentru accesarea contului Sorare \u0219i a pie\u021bei.<\/p>\n\n\n\n<h2 class=\"wp-block-heading\">Exist\u0103 o ofert\u0103 Sorare mai bun\u0103?<\/h2>\n\n\n\n<p>\u00cen acest moment, pot spune cu \u00eencredere c\u0103 oferta prezentat\u0103 aici este cea mai bun\u0103 disponibil\u0103 pentru managerii noi. Niciun alt partener al jocului nu ofer\u0103 mai mult de 150 $ \u00een credite!<\/p>\n\n\n\n<p>Dar aten\u021bie \u2013 exist\u0103 site-uri care \u00eencearc\u0103 s\u0103 te p\u0103c\u0103leasc\u0103, promi\u021b\u00e2nd carduri Rare, Super Rare sau Unique gratuite ca bonus de bun venit. Este doar o strategie \u00een\u0219el\u0103toare pentru a te face s\u0103 folose\u0219ti linkul lor.<\/p>\n\n\n\n<p>Dac\u0103 va ap\u0103rea o nou\u0103 ofert\u0103 Sorare pe viitor, cititorii mei vor fi primii care vor afla.<\/p>\n\n\n\n<h2 class=\"wp-block-heading\">Mai multe despre joc<\/h2>\n\n\n\n<p>Sorare a ap\u0103rut \u00een 2019, creat de doi ingineri francezi \u2013 Nicolas Julia \u0219i Adrien Montfort \u2013 pasiona\u021bi de fotbal \u0219i tehnologie. De atunci, Sorare a devenit una dintre cele mai populare platforme de fantasy sports din lume.<\/p>\n\n\n\n<p>Succesul s\u0103u nu este \u00eent\u00e2mpl\u0103tor. Modelul Sorare, care combin\u0103 carduri digitale licen\u021biate oficial, performan\u021ba real\u0103 a juc\u0103torilor \u0219i premii valoroase, a cucerit la nivel global. Sportivi celebri precum Kylian Mbapp\u00e9 sau Serena Williams au investit chiar \u00een proiect.<\/p>\n\n\n\n<p>Ceea ce face Sorare unic este c\u0103 fiecare card pe care \u00eel de\u021bii este un activ digital real. Platforma urm\u0103re\u0219te transparent proprietatea, iar tu po\u021bi folosi cardurile \u00een competi\u021bii, le po\u021bi p\u0103stra ca obiecte de colec\u021bie sau le po\u021bi vinde pe pia\u021ba secundar\u0103. Strategia \u00ee\u021bi apar\u021bine \u00een totalitate.<\/p>\n\n\n\n<figure class=\"wp-block-image gb-block-image gb-block-image-dbe1eb87\"><img decoding=\"async\" src=\"https:\/\/www.sorareceo.com\/wp-content\/uploads\/2022\/12\/logo-sorare.png\" alt=\"Sorare logo\" title=\"logo-sorare\"\/><\/figure>\n\n\n\n<p>Po\u021bi ob\u021bine carduri noi \u00een dou\u0103 moduri: cump\u0103r\u00e2ndu-le din pia\u021ba Sorare sau c\u00e2\u0219tig\u00e2ndu-le \u00een turnee. Odat\u0103 ce ai c\u00e2teva \u00een galerie, po\u021bi \u00eencepe s\u0103 \u00ee\u021bi construie\u0219ti echipe \u0219i s\u0103 participi la competi\u021bii s\u0103pt\u0103m\u00e2nale.<\/p>\n\n\n\n<p>Managerii noi \u00eencep cu o selec\u021bie de carduri Common gratuite, care \u00ee\u021bi permit s\u0103 testezi platforma f\u0103r\u0103 s\u0103 cheltui bani. Dar dac\u0103 vrei s\u0103 urci \u00een clasamente \u0219i s\u0103 c\u00e2\u0219tigi premii serioase, va trebui s\u0103 treci la carduri mai rare \u2013 Limited, Rare, Super Rare sau Unique \u2013 pentru a accesa turneele de nivel superior.<\/p>\n\n\n\n<p>Provocarea de baz\u0103 este simpl\u0103: creeaz\u0103-\u021bi cea mai puternic\u0103 echip\u0103 de cinci juc\u0103tori \u0219i dep\u0103\u0219e\u0219te-i pe ceilal\u021bi manageri pe baza statisticilor reale din meciuri. Cu c\u00e2t juc\u0103torii t\u0103i performeaz\u0103 mai bine pe teren, cu at\u00e2t aduni mai multe puncte de fantezie. Aceste puncte pot \u00eensemna premii \u00een bani, carduri noi \u0219i chiar recunoa\u0219tere global\u0103.<\/p>\n\n\n\n<p>Dac\u0103 vrei s\u0103 evi\u021bi gre\u0219elile de \u00eencep\u0103tor \u0219i s\u0103 ai succes mai repede, cite\u0219te ghidul meu pentru \u00eencep\u0103tori despre <a href=\"https:\/\/sorareceo.com\/ro\/sorare-tutorial\/\" target=\"_blank\" rel=\"noreferrer noopener\">cum s\u0103 joci Sorare<\/a>.<\/p>\n\n\n\n<p class=\"pro-tip\">Dac\u0103 \u00eent\u00e2mpini probleme la revendicarea bonusului Sorare, nu ezita s\u0103 m\u0103 contactezi pe Twitter <em>@SorareCEOx<\/em> sau s\u0103 \u00eemi <a href=\"mailto:contact@sorareceo.com\" target=\"_blank\" rel=\"noreferrer noopener nofollow\">trimi\u021bi un email<\/a>.<\/p>\n","protected":false},"excerpt":{"rendered":"<p>De\u0219i \u00eenregistrarea pe Sorare este complet gratuit\u0103 \u0219i rapid\u0103, nu toat\u0103 lumea \u0219tie despre bonusul de \u00eenscriere Sorare, care \u00ee\u021bi garanteaz\u0103 un avantaj fa\u021b\u0103 de majoritatea noilor manageri. Deoarece SorareCEO.com este un partener afiliat certificat al jocului, bonusul exclusiv de \u00eenscriere pe care \u00eel oferim cititorilor no\u0219tri este cel mai bun de pe pia\u021b\u0103 \u2013 &#8230; <a title=\"Ofert\u0103 de \u00eenscriere Sorare [150 USD de cheltuit pe carduri]\" class=\"read-more\" href=\"https:\/\/sorareceo.com\/ro\/oferta-de-inscriere-sorare\/\" aria-label=\"Cite\u0219te mai multe despre Ofert\u0103 de \u00eenscriere Sorare [150 USD de cheltuit pe carduri]\">Read more<\/a><\/p>\n","protected":false},"author":1,"featured_media":34422,"parent":0,"menu_order":0,"comment_status":"closed","ping_status":"closed","template":"","meta":{"footnotes":""},"class_list":["post-37808","page","type-page","status-publish","has-post-thumbnail"],"yoast_head":"<!-- This site is optimized with the Yoast SEO plugin v26.6 - https:\/\/yoast.com\/wordpress\/plugins\/seo\/ -->\n<title>Ofert\u0103 de \u00eenscriere Sorare [150 USD de cheltuit pe carduri]<\/title>\n<meta name=\"description\" content=\"Oferta de \u00eenscriere Sorare pentru cititorii site-ului meu web este acum gratuit\u0103, cu credite \u00een valoare de 150 USD, pe care le pute\u021bi cheltui pe carduri noi!\" \/>\n<meta name=\"robots\" content=\"index, follow, max-snippet:-1, max-image-preview:large, max-video-preview:-1\" \/>\n<link rel=\"canonical\" href=\"https:\/\/sorareceo.com\/ro\/oferta-de-inscriere-sorare\/\" \/>\n<meta property=\"og:locale\" content=\"ro_RO\" \/>\n<meta property=\"og:type\" content=\"article\" \/>\n<meta property=\"og:title\" content=\"Ofert\u0103 de \u00eenscriere Sorare [150 USD de cheltuit pe carduri]\" \/>\n<meta property=\"og:description\" content=\"Oferta de \u00eenscriere Sorare pentru cititorii site-ului meu web este acum gratuit\u0103, cu credite \u00een valoare de 150 USD, pe care le pute\u021bi cheltui pe carduri noi!\" \/>\n<meta property=\"og:url\" content=\"https:\/\/sorareceo.com\/ro\/oferta-de-inscriere-sorare\/\" \/>\n<meta property=\"og:site_name\" content=\"SorareCEO - Your Place for Sorare Strategies &amp; Tips\" \/>\n<meta property=\"article:modified_time\" content=\"2025-08-27T19:24:50+00:00\" \/>\n<meta property=\"og:image\" content=\"https:\/\/sorareceo.com\/wp-content\/uploads\/2025\/08\/sorare-sign-up-offer-featured.webp\" \/>\n\t<meta property=\"og:image:width\" content=\"966\" \/>\n\t<meta property=\"og:image:height\" content=\"692\" \/>\n\t<meta property=\"og:image:type\" content=\"image\/webp\" \/>\n<meta name=\"twitter:card\" content=\"summary_large_image\" \/>\n<meta name=\"twitter:label1\" content=\"Timp estimat pentru citire\" \/>\n\t<meta name=\"twitter:data1\" content=\"6 minute\" \/>\n<script type=\"application\/ld+json\" class=\"yoast-schema-graph\">{\"@context\":\"https:\/\/schema.org\",\"@graph\":[{\"@type\":\"WebPage\",\"@id\":\"https:\/\/sorareceo.com\/ro\/oferta-de-inscriere-sorare\/\",\"url\":\"https:\/\/sorareceo.com\/ro\/oferta-de-inscriere-sorare\/\",\"name\":\"Ofert\u0103 de \u00eenscriere Sorare [150 USD de cheltuit pe carduri]\",\"isPartOf\":{\"@id\":\"https:\/\/sorareceo.com\/#website\"},\"primaryImageOfPage\":{\"@id\":\"https:\/\/sorareceo.com\/ro\/oferta-de-inscriere-sorare\/#primaryimage\"},\"image\":{\"@id\":\"https:\/\/sorareceo.com\/ro\/oferta-de-inscriere-sorare\/#primaryimage\"},\"thumbnailUrl\":\"https:\/\/sorareceo.com\/wp-content\/uploads\/2025\/08\/sorare-sign-up-offer-featured.webp\",\"datePublished\":\"2022-10-21T00:49:42+00:00\",\"dateModified\":\"2025-08-27T19:24:50+00:00\",\"description\":\"Oferta de \u00eenscriere Sorare pentru cititorii site-ului meu web este acum gratuit\u0103, cu credite \u00een valoare de 150 USD, pe care le pute\u021bi cheltui pe carduri noi!\",\"breadcrumb\":{\"@id\":\"https:\/\/sorareceo.com\/ro\/oferta-de-inscriere-sorare\/#breadcrumb\"},\"inLanguage\":\"ro-RO\",\"potentialAction\":[{\"@type\":\"ReadAction\",\"target\":[\"https:\/\/sorareceo.com\/ro\/oferta-de-inscriere-sorare\/\"]}]},{\"@type\":\"ImageObject\",\"inLanguage\":\"ro-RO\",\"@id\":\"https:\/\/sorareceo.com\/ro\/oferta-de-inscriere-sorare\/#primaryimage\",\"url\":\"https:\/\/sorareceo.com\/wp-content\/uploads\/2025\/08\/sorare-sign-up-offer-featured.webp\",\"contentUrl\":\"https:\/\/sorareceo.com\/wp-content\/uploads\/2025\/08\/sorare-sign-up-offer-featured.webp\",\"width\":966,\"height\":692,\"caption\":\"Sorare sign-up offer - featured image\"},{\"@type\":\"BreadcrumbList\",\"@id\":\"https:\/\/sorareceo.com\/ro\/oferta-de-inscriere-sorare\/#breadcrumb\",\"itemListElement\":[{\"@type\":\"ListItem\",\"position\":1,\"name\":\"Home\",\"item\":\"https:\/\/sorareceo.com\/ro\/\"},{\"@type\":\"ListItem\",\"position\":2,\"name\":\"Ofert\u0103 de \u00eenscriere Sorare [150 USD de cheltuit pe carduri]\"}]},{\"@type\":\"WebSite\",\"@id\":\"https:\/\/sorareceo.com\/#website\",\"url\":\"https:\/\/sorareceo.com\/\",\"name\":\"SorareCEO - Your Place for Sorare Strategies &amp; Tips\",\"description\":\"The best place for up-to-date Sorare strategies, guides &amp; tips.\",\"publisher\":{\"@id\":\"https:\/\/sorareceo.com\/#organization\"},\"potentialAction\":[{\"@type\":\"SearchAction\",\"target\":{\"@type\":\"EntryPoint\",\"urlTemplate\":\"https:\/\/sorareceo.com\/?s={search_term_string}\"},\"query-input\":{\"@type\":\"PropertyValueSpecification\",\"valueRequired\":true,\"valueName\":\"search_term_string\"}}],\"inLanguage\":\"ro-RO\"},{\"@type\":\"Organization\",\"@id\":\"https:\/\/sorareceo.com\/#organization\",\"name\":\"SorareCEO - Your Place for Sorare Strategies &amp; Tips\",\"url\":\"https:\/\/sorareceo.com\/\",\"logo\":{\"@type\":\"ImageObject\",\"inLanguage\":\"ro-RO\",\"@id\":\"https:\/\/sorareceo.com\/#\/schema\/logo\/image\/\",\"url\":\"https:\/\/sorareceo.com\/wp-content\/uploads\/2025\/08\/new-logo.webp\",\"contentUrl\":\"https:\/\/sorareceo.com\/wp-content\/uploads\/2025\/08\/new-logo.webp\",\"width\":500,\"height\":150,\"caption\":\"SorareCEO - Your Place for Sorare Strategies &amp; Tips\"},\"image\":{\"@id\":\"https:\/\/sorareceo.com\/#\/schema\/logo\/image\/\"}}]}<\/script>\n<!-- \/ Yoast SEO plugin. -->","yoast_head_json":{"title":"Ofert\u0103 de \u00eenscriere Sorare [150 USD de cheltuit pe carduri]","description":"Oferta de \u00eenscriere Sorare pentru cititorii site-ului meu web este acum gratuit\u0103, cu credite \u00een valoare de 150 USD, pe care le pute\u021bi cheltui pe carduri noi!","robots":{"index":"index","follow":"follow","max-snippet":"max-snippet:-1","max-image-preview":"max-image-preview:large","max-video-preview":"max-video-preview:-1"},"canonical":"https:\/\/sorareceo.com\/ro\/oferta-de-inscriere-sorare\/","og_locale":"ro_RO","og_type":"article","og_title":"Ofert\u0103 de \u00eenscriere Sorare [150 USD de cheltuit pe carduri]","og_description":"Oferta de \u00eenscriere Sorare pentru cititorii site-ului meu web este acum gratuit\u0103, cu credite \u00een valoare de 150 USD, pe care le pute\u021bi cheltui pe carduri noi!","og_url":"https:\/\/sorareceo.com\/ro\/oferta-de-inscriere-sorare\/","og_site_name":"SorareCEO - Your Place for Sorare Strategies &amp; Tips","article_modified_time":"2025-08-27T19:24:50+00:00","og_image":[{"width":966,"height":692,"url":"https:\/\/sorareceo.com\/wp-content\/uploads\/2025\/08\/sorare-sign-up-offer-featured.webp","type":"image\/webp"}],"twitter_card":"summary_large_image","twitter_misc":{"Timp estimat pentru citire":"6 minute"},"schema":{"@context":"https:\/\/schema.org","@graph":[{"@type":"WebPage","@id":"https:\/\/sorareceo.com\/ro\/oferta-de-inscriere-sorare\/","url":"https:\/\/sorareceo.com\/ro\/oferta-de-inscriere-sorare\/","name":"Ofert\u0103 de \u00eenscriere Sorare [150 USD de cheltuit pe carduri]","isPartOf":{"@id":"https:\/\/sorareceo.com\/#website"},"primaryImageOfPage":{"@id":"https:\/\/sorareceo.com\/ro\/oferta-de-inscriere-sorare\/#primaryimage"},"image":{"@id":"https:\/\/sorareceo.com\/ro\/oferta-de-inscriere-sorare\/#primaryimage"},"thumbnailUrl":"https:\/\/sorareceo.com\/wp-content\/uploads\/2025\/08\/sorare-sign-up-offer-featured.webp","datePublished":"2022-10-21T00:49:42+00:00","dateModified":"2025-08-27T19:24:50+00:00","description":"Oferta de \u00eenscriere Sorare pentru cititorii site-ului meu web este acum gratuit\u0103, cu credite \u00een valoare de 150 USD, pe care le pute\u021bi cheltui pe carduri noi!","breadcrumb":{"@id":"https:\/\/sorareceo.com\/ro\/oferta-de-inscriere-sorare\/#breadcrumb"},"inLanguage":"ro-RO","potentialAction":[{"@type":"ReadAction","target":["https:\/\/sorareceo.com\/ro\/oferta-de-inscriere-sorare\/"]}]},{"@type":"ImageObject","inLanguage":"ro-RO","@id":"https:\/\/sorareceo.com\/ro\/oferta-de-inscriere-sorare\/#primaryimage","url":"https:\/\/sorareceo.com\/wp-content\/uploads\/2025\/08\/sorare-sign-up-offer-featured.webp","contentUrl":"https:\/\/sorareceo.com\/wp-content\/uploads\/2025\/08\/sorare-sign-up-offer-featured.webp","width":966,"height":692,"caption":"Sorare sign-up offer - featured image"},{"@type":"BreadcrumbList","@id":"https:\/\/sorareceo.com\/ro\/oferta-de-inscriere-sorare\/#breadcrumb","itemListElement":[{"@type":"ListItem","position":1,"name":"Home","item":"https:\/\/sorareceo.com\/ro\/"},{"@type":"ListItem","position":2,"name":"Ofert\u0103 de \u00eenscriere Sorare [150 USD de cheltuit pe carduri]"}]},{"@type":"WebSite","@id":"https:\/\/sorareceo.com\/#website","url":"https:\/\/sorareceo.com\/","name":"SorareCEO - Your Place for Sorare Strategies &amp; Tips","description":"The best place for up-to-date Sorare strategies, guides &amp; tips.","publisher":{"@id":"https:\/\/sorareceo.com\/#organization"},"potentialAction":[{"@type":"SearchAction","target":{"@type":"EntryPoint","urlTemplate":"https:\/\/sorareceo.com\/?s={search_term_string}"},"query-input":{"@type":"PropertyValueSpecification","valueRequired":true,"valueName":"search_term_string"}}],"inLanguage":"ro-RO"},{"@type":"Organization","@id":"https:\/\/sorareceo.com\/#organization","name":"SorareCEO - Your Place for Sorare Strategies &amp; Tips","url":"https:\/\/sorareceo.com\/","logo":{"@type":"ImageObject","inLanguage":"ro-RO","@id":"https:\/\/sorareceo.com\/#\/schema\/logo\/image\/","url":"https:\/\/sorareceo.com\/wp-content\/uploads\/2025\/08\/new-logo.webp","contentUrl":"https:\/\/sorareceo.com\/wp-content\/uploads\/2025\/08\/new-logo.webp","width":500,"height":150,"caption":"SorareCEO - Your Place for Sorare Strategies &amp; Tips"},"image":{"@id":"https:\/\/sorareceo.com\/#\/schema\/logo\/image\/"}}]}},"_links":{"self":[{"href":"https:\/\/sorareceo.com\/ro\/wp-json\/wp\/v2\/pages\/37808","targetHints":{"allow":["GET"]}}],"collection":[{"href":"https:\/\/sorareceo.com\/ro\/wp-json\/wp\/v2\/pages"}],"about":[{"href":"https:\/\/sorareceo.com\/ro\/wp-json\/wp\/v2\/types\/page"}],"author":[{"embeddable":true,"href":"https:\/\/sorareceo.com\/ro\/wp-json\/wp\/v2\/users\/1"}],"replies":[{"embeddable":true,"href":"https:\/\/sorareceo.com\/ro\/wp-json\/wp\/v2\/comments?post=37808"}],"version-history":[{"count":2,"href":"https:\/\/sorareceo.com\/ro\/wp-json\/wp\/v2\/pages\/37808\/revisions"}],"predecessor-version":[{"id":37837,"href":"https:\/\/sorareceo.com\/ro\/wp-json\/wp\/v2\/pages\/37808\/revisions\/37837"}],"wp:featuredmedia":[{"embeddable":true,"href":"https:\/\/sorareceo.com\/ro\/wp-json\/wp\/v2\/media\/34422"}],"wp:attachment":[{"href":"https:\/\/sorareceo.com\/ro\/wp-json\/wp\/v2\/media?parent=37808"}],"curies":[{"name":"wp","href":"https:\/\/api.w.org\/{rel}","templated":true}]}}