{"id":36569,"date":"2025-01-04T00:18:52","date_gmt":"2025-01-04T00:18:52","guid":{"rendered":"https:\/\/sorareceo.com\/sorareceo-com-ghidul-tau-de-incredere-pentru-sorare\/"},"modified":"2025-08-27T17:41:25","modified_gmt":"2025-08-27T17:41:25","slug":"sorareceo-com-ghidul-tau-de-incredere-pentru-sorare","status":"publish","type":"page","link":"https:\/\/sorareceo.com\/ro\/","title":{"rendered":"SorareCEO.com \u2013 ghidul t\u0103u de \u00eencredere pentru Sorare"},"content":{"rendered":"<div class=\"gb-container gb-container-4f6744a8 alignfull\">\n\n<h2 class=\"gb-headline gb-headline-59c6c384 gb-headline-text\">Bun venit la SorareCEO<\/h2>\n\n\n\n<h1 class=\"gb-headline gb-headline-499f076a gb-headline-text\">Locul unde g\u0103se\u0219ti ghiduri, tutoriale \u0219i strategii pentru Sorare.<\/h1>\n\n\n\n<a class=\"gb-button gb-button-7411aeb9 gb-button-text\" href=\"https:\/\/sorareceo.com\/ro\/ce-este-sorare\/\" target=\"_blank\" rel=\"noopener noreferrer\">CE ESTE SORARE?<\/a>\n\n<\/div>\n\n<div class=\"gb-container gb-container-dff66fc0 alignfull\">\n<div class=\"gb-container gb-container-5ae625cf\">\n<div class=\"gb-container gb-container-7bad8aa5\">\n\n<h2 class=\"gb-headline gb-headline-3639624f gb-headline-text\">Ghid pentru \u00eencep\u0103tori<\/h2>\n\n\n\n<figure class=\"wp-block-image size-full is-resized\"><img loading=\"lazy\" decoding=\"async\" width=\"1000\" height=\"1000\" src=\"http:\/\/sorareceo.com\/wp-content\/uploads\/2025\/08\/guide-homepage.webp\" alt=\"\" class=\"wp-image-35215\" style=\"object-fit:cover;width:300px;height:300px\" srcset=\"https:\/\/sorareceo.com\/wp-content\/uploads\/2025\/08\/guide-homepage.webp 1000w, https:\/\/sorareceo.com\/wp-content\/uploads\/2025\/08\/guide-homepage-300x300.webp 300w, https:\/\/sorareceo.com\/wp-content\/uploads\/2025\/08\/guide-homepage-150x150.webp 150w, https:\/\/sorareceo.com\/wp-content\/uploads\/2025\/08\/guide-homepage-768x768.webp 768w\" sizes=\"auto, (max-width: 1000px) 100vw, 1000px\" \/><\/figure>\n\n\n<div class=\"gb-container gb-container-98b4471b\">\n\n<p class=\"gb-headline gb-headline-44cbcbf8 gb-headline-text\">E\u0219ti nou pe Sorare? Probabil vrei s\u0103 evi\u021bi gre\u0219elile de \u00eencep\u0103tor \u0219i s\u0103 \u00ee\u021bi maximizezi \u0219ansele de a ob\u021bine profit c\u00e2t mai devreme dup\u0103 ce te al\u0103turi. Ghidul meu pentru \u00eencep\u0103tori \u00een Sorare te va ajuta s\u0103 faci exact asta \u2013 \u0219i chiar mai mult.  <\/p>\n\n\n\n<a class=\"gb-button gb-button-ff8e8a3a gb-button-text\" href=\"https:\/\/sorareceo.com\/ro\/sorare-tutorial\/\" target=\"_blank\" rel=\"noopener noreferrer\">CITE\u0218TE AICI<\/a>\n\n<\/div>\n<\/div>\n<\/div>\n\n<div class=\"gb-container gb-container-5732aabf\">\n<div class=\"gb-container gb-container-84b12203\">\n\n<h2 class=\"gb-headline gb-headline-a59e7235 gb-headline-text\">Recenzie joc<\/h2>\n\n\n\n<figure class=\"wp-block-image size-full is-resized\"><img loading=\"lazy\" decoding=\"async\" width=\"1000\" height=\"1000\" src=\"http:\/\/sorareceo.com\/wp-content\/uploads\/2025\/08\/review-homepage.webp\" alt=\"\" class=\"wp-image-35262\" style=\"object-fit:cover;width:300px;height:300px\" srcset=\"https:\/\/sorareceo.com\/wp-content\/uploads\/2025\/08\/review-homepage.webp 1000w, https:\/\/sorareceo.com\/wp-content\/uploads\/2025\/08\/review-homepage-300x300.webp 300w, https:\/\/sorareceo.com\/wp-content\/uploads\/2025\/08\/review-homepage-150x150.webp 150w, https:\/\/sorareceo.com\/wp-content\/uploads\/2025\/08\/review-homepage-768x768.webp 768w\" sizes=\"auto, (max-width: 1000px) 100vw, 1000px\" \/><\/figure>\n\n\n<div class=\"gb-container gb-container-5d281bbd\">\n\n<p class=\"gb-headline gb-headline-e815eb18 gb-headline-text\">\u00cenc\u0103 te \u00eentrebi dac\u0103 jocul este pentru tine? Cite\u0219te recenzia mea despre Sorare, unde vei g\u0103si cea mai sincer\u0103 opinie a mea despre produs \u0219i modul \u00een care se diferen\u021biaz\u0103 de alte platforme de sporturi fantasy. Ca orice joc, are avantaje \u0219i dezavantaje.   <\/p>\n\n\n\n<a class=\"gb-button gb-button-2dee9ba5 gb-button-text\" href=\"#\" target=\"_blank\" rel=\"noopener noreferrer\">CITE\u0218TE AICI<\/a>\n\n<\/div>\n<\/div>\n<\/div>\n\n<div class=\"gb-container gb-container-9a12ce94\">\n<div class=\"gb-container gb-container-4a74dada\">\n\n<h2 class=\"gb-headline gb-headline-7b49ca4e gb-headline-text\">Ofert\u0103 de \u00eenregistrare<\/h2>\n\n\n\n<figure class=\"wp-block-image size-full is-resized\"><img loading=\"lazy\" decoding=\"async\" width=\"1000\" height=\"1000\" src=\"http:\/\/sorareceo.com\/wp-content\/uploads\/2025\/08\/sign-up-offer-homepage.webp\" alt=\"\" class=\"wp-image-35309\" style=\"object-fit:cover;width:300px;height:300px\" srcset=\"https:\/\/sorareceo.com\/wp-content\/uploads\/2025\/08\/sign-up-offer-homepage.webp 1000w, https:\/\/sorareceo.com\/wp-content\/uploads\/2025\/08\/sign-up-offer-homepage-300x300.webp 300w, https:\/\/sorareceo.com\/wp-content\/uploads\/2025\/08\/sign-up-offer-homepage-150x150.webp 150w, https:\/\/sorareceo.com\/wp-content\/uploads\/2025\/08\/sign-up-offer-homepage-768x768.webp 768w\" sizes=\"auto, (max-width: 1000px) 100vw, 1000px\" \/><\/figure>\n\n\n<div class=\"gb-container gb-container-9727e384\">\n\n<p class=\"gb-headline gb-headline-e3c72453 gb-headline-text\">Dac\u0103 ai luat (buna) decizie de a te al\u0103tura jocului, iat\u0103 cadoul meu pentru tine. Devino unul dintre cititorii SorareCEO care primesc un bonus de bun venit \u0219i un avantaj \u00een fa\u021ba altor manageri. Descoper\u0103 aici promo\u021bia actual\u0103.   <\/p>\n\n\n\n<a class=\"gb-button gb-button-fc86622e gb-button-text\" href=\"https:\/\/sorareceo.com\/ro\/oferta-de-inscriere-sorare\/\" target=\"_blank\" rel=\"noopener noreferrer\">CITE\u0218TE AICI<\/a>\n\n<\/div>\n<\/div>\n<\/div>\n<\/div>","protected":false},"excerpt":{"rendered":"<p>Bun venit la SorareCEO Locul unde g\u0103se\u0219ti ghiduri, tutoriale \u0219i strategii pentru Sorare. Ghid pentru \u00eencep\u0103tori E\u0219ti nou pe Sorare? Probabil vrei s\u0103 evi\u021bi gre\u0219elile de \u00eencep\u0103tor \u0219i s\u0103 \u00ee\u021bi maximizezi \u0219ansele de a ob\u021bine profit c\u00e2t mai devreme dup\u0103 ce te al\u0103turi. Ghidul meu pentru \u00eencep\u0103tori \u00een Sorare te va ajuta s\u0103 faci exact &#8230; <a title=\"SorareCEO.com \u2013 ghidul t\u0103u de \u00eencredere pentru Sorare\" class=\"read-more\" href=\"https:\/\/sorareceo.com\/ro\/\" aria-label=\"Cite\u0219te mai multe despre SorareCEO.com \u2013 ghidul t\u0103u de \u00eencredere pentru Sorare\">Read more<\/a><\/p>\n","protected":false},"author":1,"featured_media":34311,"parent":0,"menu_order":0,"comment_status":"closed","ping_status":"closed","template":"","meta":{"footnotes":""},"class_list":["post-36569","page","type-page","status-publish","has-post-thumbnail"],"yoast_head":"<!-- This site is optimized with the Yoast SEO plugin v26.6 - https:\/\/yoast.com\/wordpress\/plugins\/seo\/ -->\n<title>SorareCEO.com \u2013 ghidul t\u0103u de \u00eencredere pentru Sorare<\/title>\n<meta name=\"description\" content=\"SorareCEO este sursa ta de \u00eencredere pentru ghiduri, tutoriale, sfaturi, strategii \u0219i \u0219tiri despre Sorare. \u00cembun\u0103t\u0103\u021be\u0219te-\u021bi jocul al\u0103turi de mine.\" \/>\n<meta name=\"robots\" content=\"index, follow, max-snippet:-1, max-image-preview:large, max-video-preview:-1\" \/>\n<link rel=\"canonical\" href=\"https:\/\/sorareceo.com\/ro\/\" \/>\n<meta property=\"og:locale\" content=\"ro_RO\" \/>\n<meta property=\"og:type\" content=\"article\" \/>\n<meta property=\"og:title\" content=\"SorareCEO.com \u2013 ghidul t\u0103u de \u00eencredere pentru Sorare\" \/>\n<meta property=\"og:description\" content=\"SorareCEO este sursa ta de \u00eencredere pentru ghiduri, tutoriale, sfaturi, strategii \u0219i \u0219tiri despre Sorare. \u00cembun\u0103t\u0103\u021be\u0219te-\u021bi jocul al\u0103turi de mine.\" \/>\n<meta property=\"og:url\" content=\"https:\/\/sorareceo.com\/ro\/\" \/>\n<meta property=\"og:site_name\" content=\"SorareCEO - Your Place for Sorare Strategies &amp; Tips\" \/>\n<meta property=\"article:modified_time\" content=\"2025-08-27T17:41:25+00:00\" \/>\n<meta property=\"og:image\" content=\"https:\/\/sorareceo.com\/wp-content\/uploads\/2025\/08\/icon.webp\" \/>\n\t<meta property=\"og:image:width\" content=\"100\" \/>\n\t<meta property=\"og:image:height\" content=\"100\" \/>\n\t<meta property=\"og:image:type\" content=\"image\/webp\" \/>\n<meta name=\"twitter:card\" content=\"summary_large_image\" \/>\n<meta name=\"twitter:label1\" content=\"Timp estimat pentru citire\" \/>\n\t<meta name=\"twitter:data1\" content=\"2 minute\" \/>\n<script type=\"application\/ld+json\" class=\"yoast-schema-graph\">{\"@context\":\"https:\/\/schema.org\",\"@graph\":[{\"@type\":\"WebPage\",\"@id\":\"https:\/\/sorareceo.com\/ro\/\",\"url\":\"https:\/\/sorareceo.com\/ro\/\",\"name\":\"SorareCEO.com \u2013 ghidul t\u0103u de \u00eencredere pentru Sorare\",\"isPartOf\":{\"@id\":\"https:\/\/sorareceo.com\/#website\"},\"primaryImageOfPage\":{\"@id\":\"https:\/\/sorareceo.com\/ro\/#primaryimage\"},\"image\":{\"@id\":\"https:\/\/sorareceo.com\/ro\/#primaryimage\"},\"thumbnailUrl\":\"https:\/\/sorareceo.com\/wp-content\/uploads\/2025\/08\/icon.webp\",\"datePublished\":\"2025-01-04T00:18:52+00:00\",\"dateModified\":\"2025-08-27T17:41:25+00:00\",\"description\":\"SorareCEO este sursa ta de \u00eencredere pentru ghiduri, tutoriale, sfaturi, strategii \u0219i \u0219tiri despre Sorare. \u00cembun\u0103t\u0103\u021be\u0219te-\u021bi jocul al\u0103turi de mine.\",\"breadcrumb\":{\"@id\":\"https:\/\/sorareceo.com\/ro\/#breadcrumb\"},\"inLanguage\":\"ro-RO\",\"potentialAction\":[{\"@type\":\"ReadAction\",\"target\":[\"https:\/\/sorareceo.com\/ro\/\"]}]},{\"@type\":\"ImageObject\",\"inLanguage\":\"ro-RO\",\"@id\":\"https:\/\/sorareceo.com\/ro\/#primaryimage\",\"url\":\"https:\/\/sorareceo.com\/wp-content\/uploads\/2025\/08\/icon.webp\",\"contentUrl\":\"https:\/\/sorareceo.com\/wp-content\/uploads\/2025\/08\/icon.webp\",\"width\":100,\"height\":100},{\"@type\":\"BreadcrumbList\",\"@id\":\"https:\/\/sorareceo.com\/ro\/#breadcrumb\",\"itemListElement\":[{\"@type\":\"ListItem\",\"position\":1,\"name\":\"Home\",\"item\":\"https:\/\/sorareceo.com\/ro\/\"},{\"@type\":\"ListItem\",\"position\":2,\"name\":\"SorareCEO.com \u2013 ghidul t\u0103u de \u00eencredere pentru Sorare\"}]},{\"@type\":\"WebSite\",\"@id\":\"https:\/\/sorareceo.com\/#website\",\"url\":\"https:\/\/sorareceo.com\/\",\"name\":\"SorareCEO - Your Place for Sorare Strategies &amp; Tips\",\"description\":\"The best place for up-to-date Sorare strategies, guides &amp; tips.\",\"publisher\":{\"@id\":\"https:\/\/sorareceo.com\/#organization\"},\"potentialAction\":[{\"@type\":\"SearchAction\",\"target\":{\"@type\":\"EntryPoint\",\"urlTemplate\":\"https:\/\/sorareceo.com\/?s={search_term_string}\"},\"query-input\":{\"@type\":\"PropertyValueSpecification\",\"valueRequired\":true,\"valueName\":\"search_term_string\"}}],\"inLanguage\":\"ro-RO\"},{\"@type\":\"Organization\",\"@id\":\"https:\/\/sorareceo.com\/#organization\",\"name\":\"SorareCEO - Your Place for Sorare Strategies &amp; Tips\",\"url\":\"https:\/\/sorareceo.com\/\",\"logo\":{\"@type\":\"ImageObject\",\"inLanguage\":\"ro-RO\",\"@id\":\"https:\/\/sorareceo.com\/#\/schema\/logo\/image\/\",\"url\":\"https:\/\/sorareceo.com\/wp-content\/uploads\/2025\/08\/new-logo.webp\",\"contentUrl\":\"https:\/\/sorareceo.com\/wp-content\/uploads\/2025\/08\/new-logo.webp\",\"width\":500,\"height\":150,\"caption\":\"SorareCEO - Your Place for Sorare Strategies &amp; Tips\"},\"image\":{\"@id\":\"https:\/\/sorareceo.com\/#\/schema\/logo\/image\/\"}}]}<\/script>\n<!-- \/ Yoast SEO plugin. -->","yoast_head_json":{"title":"SorareCEO.com \u2013 ghidul t\u0103u de \u00eencredere pentru Sorare","description":"SorareCEO este sursa ta de \u00eencredere pentru ghiduri, tutoriale, sfaturi, strategii \u0219i \u0219tiri despre Sorare. \u00cembun\u0103t\u0103\u021be\u0219te-\u021bi jocul al\u0103turi de mine.","robots":{"index":"index","follow":"follow","max-snippet":"max-snippet:-1","max-image-preview":"max-image-preview:large","max-video-preview":"max-video-preview:-1"},"canonical":"https:\/\/sorareceo.com\/ro\/","og_locale":"ro_RO","og_type":"article","og_title":"SorareCEO.com \u2013 ghidul t\u0103u de \u00eencredere pentru Sorare","og_description":"SorareCEO este sursa ta de \u00eencredere pentru ghiduri, tutoriale, sfaturi, strategii \u0219i \u0219tiri despre Sorare. \u00cembun\u0103t\u0103\u021be\u0219te-\u021bi jocul al\u0103turi de mine.","og_url":"https:\/\/sorareceo.com\/ro\/","og_site_name":"SorareCEO - Your Place for Sorare Strategies &amp; Tips","article_modified_time":"2025-08-27T17:41:25+00:00","og_image":[{"width":100,"height":100,"url":"https:\/\/sorareceo.com\/wp-content\/uploads\/2025\/08\/icon.webp","type":"image\/webp"}],"twitter_card":"summary_large_image","twitter_misc":{"Timp estimat pentru citire":"2 minute"},"schema":{"@context":"https:\/\/schema.org","@graph":[{"@type":"WebPage","@id":"https:\/\/sorareceo.com\/ro\/","url":"https:\/\/sorareceo.com\/ro\/","name":"SorareCEO.com \u2013 ghidul t\u0103u de \u00eencredere pentru Sorare","isPartOf":{"@id":"https:\/\/sorareceo.com\/#website"},"primaryImageOfPage":{"@id":"https:\/\/sorareceo.com\/ro\/#primaryimage"},"image":{"@id":"https:\/\/sorareceo.com\/ro\/#primaryimage"},"thumbnailUrl":"https:\/\/sorareceo.com\/wp-content\/uploads\/2025\/08\/icon.webp","datePublished":"2025-01-04T00:18:52+00:00","dateModified":"2025-08-27T17:41:25+00:00","description":"SorareCEO este sursa ta de \u00eencredere pentru ghiduri, tutoriale, sfaturi, strategii \u0219i \u0219tiri despre Sorare. \u00cembun\u0103t\u0103\u021be\u0219te-\u021bi jocul al\u0103turi de mine.","breadcrumb":{"@id":"https:\/\/sorareceo.com\/ro\/#breadcrumb"},"inLanguage":"ro-RO","potentialAction":[{"@type":"ReadAction","target":["https:\/\/sorareceo.com\/ro\/"]}]},{"@type":"ImageObject","inLanguage":"ro-RO","@id":"https:\/\/sorareceo.com\/ro\/#primaryimage","url":"https:\/\/sorareceo.com\/wp-content\/uploads\/2025\/08\/icon.webp","contentUrl":"https:\/\/sorareceo.com\/wp-content\/uploads\/2025\/08\/icon.webp","width":100,"height":100},{"@type":"BreadcrumbList","@id":"https:\/\/sorareceo.com\/ro\/#breadcrumb","itemListElement":[{"@type":"ListItem","position":1,"name":"Home","item":"https:\/\/sorareceo.com\/ro\/"},{"@type":"ListItem","position":2,"name":"SorareCEO.com \u2013 ghidul t\u0103u de \u00eencredere pentru Sorare"}]},{"@type":"WebSite","@id":"https:\/\/sorareceo.com\/#website","url":"https:\/\/sorareceo.com\/","name":"SorareCEO - Your Place for Sorare Strategies &amp; Tips","description":"The best place for up-to-date Sorare strategies, guides &amp; tips.","publisher":{"@id":"https:\/\/sorareceo.com\/#organization"},"potentialAction":[{"@type":"SearchAction","target":{"@type":"EntryPoint","urlTemplate":"https:\/\/sorareceo.com\/?s={search_term_string}"},"query-input":{"@type":"PropertyValueSpecification","valueRequired":true,"valueName":"search_term_string"}}],"inLanguage":"ro-RO"},{"@type":"Organization","@id":"https:\/\/sorareceo.com\/#organization","name":"SorareCEO - Your Place for Sorare Strategies &amp; Tips","url":"https:\/\/sorareceo.com\/","logo":{"@type":"ImageObject","inLanguage":"ro-RO","@id":"https:\/\/sorareceo.com\/#\/schema\/logo\/image\/","url":"https:\/\/sorareceo.com\/wp-content\/uploads\/2025\/08\/new-logo.webp","contentUrl":"https:\/\/sorareceo.com\/wp-content\/uploads\/2025\/08\/new-logo.webp","width":500,"height":150,"caption":"SorareCEO - Your Place for Sorare Strategies &amp; Tips"},"image":{"@id":"https:\/\/sorareceo.com\/#\/schema\/logo\/image\/"}}]}},"_links":{"self":[{"href":"https:\/\/sorareceo.com\/ro\/wp-json\/wp\/v2\/pages\/36569","targetHints":{"allow":["GET"]}}],"collection":[{"href":"https:\/\/sorareceo.com\/ro\/wp-json\/wp\/v2\/pages"}],"about":[{"href":"https:\/\/sorareceo.com\/ro\/wp-json\/wp\/v2\/types\/page"}],"author":[{"embeddable":true,"href":"https:\/\/sorareceo.com\/ro\/wp-json\/wp\/v2\/users\/1"}],"replies":[{"embeddable":true,"href":"https:\/\/sorareceo.com\/ro\/wp-json\/wp\/v2\/comments?post=36569"}],"version-history":[{"count":3,"href":"https:\/\/sorareceo.com\/ro\/wp-json\/wp\/v2\/pages\/36569\/revisions"}],"predecessor-version":[{"id":37832,"href":"https:\/\/sorareceo.com\/ro\/wp-json\/wp\/v2\/pages\/36569\/revisions\/37832"}],"wp:featuredmedia":[{"embeddable":true,"href":"https:\/\/sorareceo.com\/ro\/wp-json\/wp\/v2\/media\/34311"}],"wp:attachment":[{"href":"https:\/\/sorareceo.com\/ro\/wp-json\/wp\/v2\/media?parent=36569"}],"curies":[{"name":"wp","href":"https:\/\/api.w.org\/{rel}","templated":true}]}}