{"id":5822,"date":"2022-11-18T00:09:51","date_gmt":"2022-11-18T00:09:51","guid":{"rendered":"https:\/\/www.sorareceo.com\/home\/"},"modified":"2023-02-25T21:36:24","modified_gmt":"2023-02-25T21:36:24","slug":"home","status":"publish","type":"page","link":"https:\/\/sorareceo.com\/pt-pt\/home\/","title":{"rendered":"Home"},"content":{"rendered":"<style>\/*! elementor - v3.9.1 - 14-12-2022 *\/\n.elementor-heading-title{padding:0;margin:0;line-height:1}.elementor-widget-heading .elementor-heading-title[class*=elementor-size-]>a{color:inherit;font-size:inherit;line-height:inherit}.elementor-widget-heading .elementor-heading-title.elementor-size-small{font-size:15px}.elementor-widget-heading .elementor-heading-title.elementor-size-medium{font-size:19px}.elementor-widget-heading .elementor-heading-title.elementor-size-large{font-size:29px}.elementor-widget-heading .elementor-heading-title.elementor-size-xl{font-size:39px}.elementor-widget-heading .elementor-heading-title.elementor-size-xxl{font-size:59px}<\/style>\n<h3>Especialista n\u00ba1 da Sorare<\/h3>\n<h1>SORARE CEO<\/h1>\n<p>Se tem estado \u00e0 procura de estrat\u00e9gias, dicas e truques Sorare de trabalho, bem como as \u00faltimas not\u00edcias sobre a maior plataforma de futebol de fantasia, veio ao s\u00edtio certo.<\/p>\n<p>\t\t\t<a href=\"https:\/\/www.sorareceo.com\/pt-pt\/oferta-de-inscricao\/\" role=\"button\"><br \/>\n\t\t\t\t\t\tCART\u00c3O GRATUITO<br \/>\n\t\t\t\t\t<\/a><br \/>\n\t\t\t<a href=\"https:\/\/www.sorareceo.com\/pt-pt\/tutorial-sorare\/\" role=\"button\"><br \/>\n\t\t\t\t\t\tGUIA PARA PRINCIPIANTES<br \/>\n\t\t\t\t\t<\/a><\/p>\n<h3>DEIXE-NOS AJUD\u00c1-LO A TORNAR-SE BOM EM SORARE<\/h3>\n<p>Quer pretenda melhorar a sua posi\u00e7\u00e3o em competi\u00e7\u00f5es semanais (e come\u00e7ar a ganhar pr\u00e9mios), tornar-se um comerciante Sorare de sucesso ou simplesmente divertir-se mais a jogar futebol de fantasia (ou NBA ou MLB), est\u00e1 no s\u00edtio certo.<\/p>\n<style>\/*! elementor - v3.9.1 - 14-12-2022 *\/\n.elementor-widget-image{text-align:center}.elementor-widget-image a{display:inline-block}.elementor-widget-image a img[src$=\".svg\"]{width:48px}.elementor-widget-image img{vertical-align:middle;display:inline-block}<\/style>\n<p>\t\t\t\t\t\t\t\t\t\t\t\t<img decoding=\"async\" src=\"https:\/\/sorare.com\/assets\/legacy.5302204a.png\" title=\"\" alt=\"\" \/>\t\t\t\t\t\t\t\t\t\t\t\t\t\t\t<\/p>\n<style>\/*! elementor - v3.9.1 - 14-12-2022 *\/\n.elementor-counter .elementor-counter-number-wrapper{display:flex;font-size:69px;font-weight:600;line-height:1}.elementor-counter .elementor-counter-number-prefix,.elementor-counter .elementor-counter-number-suffix{flex-grow:1;white-space:pre-wrap}.elementor-counter .elementor-counter-number-prefix{text-align:right}.elementor-counter .elementor-counter-number-suffix{text-align:left}.elementor-counter .elementor-counter-title{text-align:center;font-size:19px;font-weight:400;line-height:2.5}<\/style>\n<p>\t\t\t\t0<br \/>\n\t\t\t\t+<br \/>\n\t\t\t\t\t\t\tGESTORES DE SORARE<br \/>\n\t\t\t\t0<br \/>\n\t\t\t\t+<br \/>\n\t\t\t\t\t\t\tConcursos semanais<br \/>\n\t\t\t\t0<br \/>\n\t\t\t\t\t\t\tSORARE CEO<\/p>\n","protected":false},"excerpt":{"rendered":"<p>Especialista n\u00ba1 da Sorare SORARE CEO Se tem estado \u00e0 procura de estrat\u00e9gias, dicas e truques Sorare de trabalho, bem como as \u00faltimas not\u00edcias sobre a maior plataforma de futebol de fantasia, veio ao s\u00edtio certo. CART\u00c3O GRATUITO GUIA PARA PRINCIPIANTES DEIXE-NOS AJUD\u00c1-LO A TORNAR-SE BOM EM SORARE Quer pretenda melhorar a sua posi\u00e7\u00e3o em &#8230; <a title=\"Home\" class=\"read-more\" href=\"https:\/\/sorareceo.com\/pt-pt\/home\/\" aria-label=\"Leia mais sobre Home\">Ler mais<\/a><\/p>\n","protected":false},"author":1,"featured_media":0,"parent":0,"menu_order":0,"comment_status":"closed","ping_status":"closed","template":"","meta":{"footnotes":""},"class_list":["post-5822","page","type-page","status-publish"],"yoast_head":"<!-- This site is optimized with the Yoast SEO plugin v26.6 - https:\/\/yoast.com\/wordpress\/plugins\/seo\/ -->\n<title>SorareCEO - Your Place for Sorare Strategies &amp; Tips<\/title>\n<meta name=\"robots\" content=\"index, follow, max-snippet:-1, max-image-preview:large, max-video-preview:-1\" \/>\n<link rel=\"canonical\" href=\"https:\/\/sorareceo.com\/pt-pt\/home\/\" \/>\n<meta property=\"og:locale\" content=\"pt_PT\" \/>\n<meta property=\"og:type\" content=\"article\" \/>\n<meta property=\"og:title\" content=\"SorareCEO - Your Place for Sorare Strategies &amp; Tips\" \/>\n<meta property=\"og:description\" content=\"Especialista n\u00ba1 da Sorare SORARE CEO Se tem estado \u00e0 procura de estrat\u00e9gias, dicas e truques Sorare de trabalho, bem como as \u00faltimas not\u00edcias sobre a maior plataforma de futebol de fantasia, veio ao s\u00edtio certo. CART\u00c3O GRATUITO GUIA PARA PRINCIPIANTES DEIXE-NOS AJUD\u00c1-LO A TORNAR-SE BOM EM SORARE Quer pretenda melhorar a sua posi\u00e7\u00e3o em ... Ler mais\" \/>\n<meta property=\"og:url\" content=\"https:\/\/sorareceo.com\/pt-pt\/home\/\" \/>\n<meta property=\"og:site_name\" content=\"SorareCEO - Your Place for Sorare Strategies &amp; Tips\" \/>\n<meta property=\"article:modified_time\" content=\"2023-02-25T21:36:24+00:00\" \/>\n<meta property=\"og:image\" content=\"https:\/\/sorare.com\/assets\/legacy.5302204a.png\" \/>\n<meta name=\"twitter:card\" content=\"summary_large_image\" \/>\n<meta name=\"twitter:label1\" content=\"Tempo estimado de leitura\" \/>\n\t<meta name=\"twitter:data1\" content=\"1 minuto\" \/>\n<script type=\"application\/ld+json\" class=\"yoast-schema-graph\">{\"@context\":\"https:\/\/schema.org\",\"@graph\":[{\"@type\":\"WebPage\",\"@id\":\"https:\/\/sorareceo.com\/pt-pt\/home\/\",\"url\":\"https:\/\/sorareceo.com\/pt-pt\/home\/\",\"name\":\"SorareCEO - Your Place for Sorare Strategies &amp; Tips\",\"isPartOf\":{\"@id\":\"https:\/\/sorareceo.com\/#website\"},\"primaryImageOfPage\":{\"@id\":\"https:\/\/sorareceo.com\/pt-pt\/home\/#primaryimage\"},\"image\":{\"@id\":\"https:\/\/sorareceo.com\/pt-pt\/home\/#primaryimage\"},\"thumbnailUrl\":\"https:\/\/sorare.com\/assets\/legacy.5302204a.png\",\"datePublished\":\"2022-11-18T00:09:51+00:00\",\"dateModified\":\"2023-02-25T21:36:24+00:00\",\"breadcrumb\":{\"@id\":\"https:\/\/sorareceo.com\/pt-pt\/home\/#breadcrumb\"},\"inLanguage\":\"pt-PT\",\"potentialAction\":[{\"@type\":\"ReadAction\",\"target\":[\"https:\/\/sorareceo.com\/pt-pt\/home\/\"]}]},{\"@type\":\"ImageObject\",\"inLanguage\":\"pt-PT\",\"@id\":\"https:\/\/sorareceo.com\/pt-pt\/home\/#primaryimage\",\"url\":\"https:\/\/sorare.com\/assets\/legacy.5302204a.png\",\"contentUrl\":\"https:\/\/sorare.com\/assets\/legacy.5302204a.png\"},{\"@type\":\"BreadcrumbList\",\"@id\":\"https:\/\/sorareceo.com\/pt-pt\/home\/#breadcrumb\",\"itemListElement\":[{\"@type\":\"ListItem\",\"position\":1,\"name\":\"Home\",\"item\":\"https:\/\/sorareceo.com\/pt-pt\/\"},{\"@type\":\"ListItem\",\"position\":2,\"name\":\"Home\"}]},{\"@type\":\"WebSite\",\"@id\":\"https:\/\/sorareceo.com\/#website\",\"url\":\"https:\/\/sorareceo.com\/\",\"name\":\"SorareCEO - Your Place for Sorare Strategies &amp; Tips\",\"description\":\"The best place for up-to-date Sorare strategies, guides &amp; tips.\",\"publisher\":{\"@id\":\"https:\/\/sorareceo.com\/#organization\"},\"potentialAction\":[{\"@type\":\"SearchAction\",\"target\":{\"@type\":\"EntryPoint\",\"urlTemplate\":\"https:\/\/sorareceo.com\/?s={search_term_string}\"},\"query-input\":{\"@type\":\"PropertyValueSpecification\",\"valueRequired\":true,\"valueName\":\"search_term_string\"}}],\"inLanguage\":\"pt-PT\"},{\"@type\":\"Organization\",\"@id\":\"https:\/\/sorareceo.com\/#organization\",\"name\":\"SorareCEO - Your Place for Sorare Strategies &amp; Tips\",\"url\":\"https:\/\/sorareceo.com\/\",\"logo\":{\"@type\":\"ImageObject\",\"inLanguage\":\"pt-PT\",\"@id\":\"https:\/\/sorareceo.com\/#\/schema\/logo\/image\/\",\"url\":\"https:\/\/sorareceo.com\/wp-content\/uploads\/2025\/08\/new-logo.webp\",\"contentUrl\":\"https:\/\/sorareceo.com\/wp-content\/uploads\/2025\/08\/new-logo.webp\",\"width\":500,\"height\":150,\"caption\":\"SorareCEO - Your Place for Sorare Strategies &amp; Tips\"},\"image\":{\"@id\":\"https:\/\/sorareceo.com\/#\/schema\/logo\/image\/\"}}]}<\/script>\n<!-- \/ Yoast SEO plugin. -->","yoast_head_json":{"title":"SorareCEO - Your Place for Sorare Strategies &amp; Tips","robots":{"index":"index","follow":"follow","max-snippet":"max-snippet:-1","max-image-preview":"max-image-preview:large","max-video-preview":"max-video-preview:-1"},"canonical":"https:\/\/sorareceo.com\/pt-pt\/home\/","og_locale":"pt_PT","og_type":"article","og_title":"SorareCEO - Your Place for Sorare Strategies &amp; Tips","og_description":"Especialista n\u00ba1 da Sorare SORARE CEO Se tem estado \u00e0 procura de estrat\u00e9gias, dicas e truques Sorare de trabalho, bem como as \u00faltimas not\u00edcias sobre a maior plataforma de futebol de fantasia, veio ao s\u00edtio certo. CART\u00c3O GRATUITO GUIA PARA PRINCIPIANTES DEIXE-NOS AJUD\u00c1-LO A TORNAR-SE BOM EM SORARE Quer pretenda melhorar a sua posi\u00e7\u00e3o em ... Ler mais","og_url":"https:\/\/sorareceo.com\/pt-pt\/home\/","og_site_name":"SorareCEO - Your Place for Sorare Strategies &amp; Tips","article_modified_time":"2023-02-25T21:36:24+00:00","og_image":[{"url":"https:\/\/sorare.com\/assets\/legacy.5302204a.png","type":"","width":"","height":""}],"twitter_card":"summary_large_image","twitter_misc":{"Tempo estimado de leitura":"1 minuto"},"schema":{"@context":"https:\/\/schema.org","@graph":[{"@type":"WebPage","@id":"https:\/\/sorareceo.com\/pt-pt\/home\/","url":"https:\/\/sorareceo.com\/pt-pt\/home\/","name":"SorareCEO - Your Place for Sorare Strategies &amp; Tips","isPartOf":{"@id":"https:\/\/sorareceo.com\/#website"},"primaryImageOfPage":{"@id":"https:\/\/sorareceo.com\/pt-pt\/home\/#primaryimage"},"image":{"@id":"https:\/\/sorareceo.com\/pt-pt\/home\/#primaryimage"},"thumbnailUrl":"https:\/\/sorare.com\/assets\/legacy.5302204a.png","datePublished":"2022-11-18T00:09:51+00:00","dateModified":"2023-02-25T21:36:24+00:00","breadcrumb":{"@id":"https:\/\/sorareceo.com\/pt-pt\/home\/#breadcrumb"},"inLanguage":"pt-PT","potentialAction":[{"@type":"ReadAction","target":["https:\/\/sorareceo.com\/pt-pt\/home\/"]}]},{"@type":"ImageObject","inLanguage":"pt-PT","@id":"https:\/\/sorareceo.com\/pt-pt\/home\/#primaryimage","url":"https:\/\/sorare.com\/assets\/legacy.5302204a.png","contentUrl":"https:\/\/sorare.com\/assets\/legacy.5302204a.png"},{"@type":"BreadcrumbList","@id":"https:\/\/sorareceo.com\/pt-pt\/home\/#breadcrumb","itemListElement":[{"@type":"ListItem","position":1,"name":"Home","item":"https:\/\/sorareceo.com\/pt-pt\/"},{"@type":"ListItem","position":2,"name":"Home"}]},{"@type":"WebSite","@id":"https:\/\/sorareceo.com\/#website","url":"https:\/\/sorareceo.com\/","name":"SorareCEO - Your Place for Sorare Strategies &amp; Tips","description":"The best place for up-to-date Sorare strategies, guides &amp; tips.","publisher":{"@id":"https:\/\/sorareceo.com\/#organization"},"potentialAction":[{"@type":"SearchAction","target":{"@type":"EntryPoint","urlTemplate":"https:\/\/sorareceo.com\/?s={search_term_string}"},"query-input":{"@type":"PropertyValueSpecification","valueRequired":true,"valueName":"search_term_string"}}],"inLanguage":"pt-PT"},{"@type":"Organization","@id":"https:\/\/sorareceo.com\/#organization","name":"SorareCEO - Your Place for Sorare Strategies &amp; Tips","url":"https:\/\/sorareceo.com\/","logo":{"@type":"ImageObject","inLanguage":"pt-PT","@id":"https:\/\/sorareceo.com\/#\/schema\/logo\/image\/","url":"https:\/\/sorareceo.com\/wp-content\/uploads\/2025\/08\/new-logo.webp","contentUrl":"https:\/\/sorareceo.com\/wp-content\/uploads\/2025\/08\/new-logo.webp","width":500,"height":150,"caption":"SorareCEO - Your Place for Sorare Strategies &amp; Tips"},"image":{"@id":"https:\/\/sorareceo.com\/#\/schema\/logo\/image\/"}}]}},"_links":{"self":[{"href":"https:\/\/sorareceo.com\/pt-pt\/wp-json\/wp\/v2\/pages\/5822","targetHints":{"allow":["GET"]}}],"collection":[{"href":"https:\/\/sorareceo.com\/pt-pt\/wp-json\/wp\/v2\/pages"}],"about":[{"href":"https:\/\/sorareceo.com\/pt-pt\/wp-json\/wp\/v2\/types\/page"}],"author":[{"embeddable":true,"href":"https:\/\/sorareceo.com\/pt-pt\/wp-json\/wp\/v2\/users\/1"}],"replies":[{"embeddable":true,"href":"https:\/\/sorareceo.com\/pt-pt\/wp-json\/wp\/v2\/comments?post=5822"}],"version-history":[{"count":0,"href":"https:\/\/sorareceo.com\/pt-pt\/wp-json\/wp\/v2\/pages\/5822\/revisions"}],"wp:attachment":[{"href":"https:\/\/sorareceo.com\/pt-pt\/wp-json\/wp\/v2\/media?parent=5822"}],"curies":[{"name":"wp","href":"https:\/\/api.w.org\/{rel}","templated":true}]}}