{"id":5401,"date":"2022-10-21T00:49:42","date_gmt":"2022-10-21T00:49:42","guid":{"rendered":"https:\/\/www.sorareceo.com\/sorare-sign-up-bonus-offer-1-free-limited-40-common-cards\/"},"modified":"2025-08-03T03:35:00","modified_gmt":"2025-08-03T03:35:00","slug":"oferta-de-inscricao","status":"publish","type":"page","link":"https:\/\/sorareceo.com\/pt-pt\/oferta-de-inscricao\/","title":{"rendered":"Melhor oferta de inscri\u00e7\u00e3o da Sorare [$150 para gastar em cartas]"},"content":{"rendered":"\n<p>Abrir uma conta na Sorare \u00e9 totalmente gratuito e leva s\u00f3 alguns minutos. Mas muita gente ainda n\u00e3o sabe que existe uma oferta de inscri\u00e7\u00e3o da Sorare que te d\u00e1 uma vantagem real sobre a maioria dos novos treinadores.<\/p>\n\n\n\n<p>Como o SorareCEO.com \u00e9 um parceiro certificado do jogo, oferecemos aos nossos leitores um b\u00f4nus exclusivo: $150 em cr\u00e9ditos para gastar no mercado da Sorare \u2013 a melhor oferta atualmente dispon\u00edvel!<\/p>\n\n\n<div class=\"gb-container gb-container-86147414 offer-content\"><div class=\"gb-inside-container\">\n<div class=\"gb-grid-wrapper gb-grid-wrapper-1f0ac75f\">\n<div class=\"gb-grid-column gb-grid-column-d0516e33\"><div class=\"gb-container gb-container-d0516e33\"><div class=\"gb-inside-container\">\n\n<p class=\"gb-headline gb-headline-09f7489c gb-headline-text\">OFERTA DE CADASTRO<\/p>\n\n\n\n<p class=\"gb-headline gb-headline-eeb2c06c gb-headline-text\">Cadastre-se no Sorare com esta oferta e ganhe $150 gr\u00e1tis para gastar em cartas.<\/p>\n\n<\/div><\/div><\/div>\n\n<div class=\"gb-grid-column gb-grid-column-53f5d8fa\"><div class=\"gb-container gb-container-53f5d8fa\"><div class=\"gb-inside-container\">\n\n<div class=\"wp-block-buttons has-border-color is-horizontal is-content-justification-center is-layout-flex wp-container-core-buttons-is-layout-29bd5dc9 wp-block-buttons-is-layout-flex\" style=\"border-color:var(--base-3);border-width:3px;border-radius:12px\">\n<div class=\"wp-block-button has-custom-width wp-block-button__width-100 aligncenter is-style-fill\"><a class=\"wp-block-button__link has-base-3-color has-accent-background-color has-text-color has-background has-custom-font-size wp-element-button\" href=\"https:\/\/sorare.pxf.io\/Nk0GkP\" style=\"border-radius:10px;font-size:22px;font-style:normal;font-weight:1000\" target=\"_blank\" rel=\"noreferrer noopener nofollow\">GANHE US$150 AGORA<\/a><\/div>\n<\/div>\n\n<\/div><\/div><\/div>\n<\/div>\n<\/div><\/div><div class=\"gb-container gb-container-72194729\">\n\n<figure class=\"gb-block-image gb-block-image-176ca640\"><img loading=\"lazy\" decoding=\"async\" width=\"700\" height=\"350\" class=\"gb-image gb-image-176ca640\" src=\"http:\/\/sorareceo.com\/wp-content\/uploads\/2023\/03\/banner-cards.webp\" alt=\"\" title=\"banner-cards\" srcset=\"https:\/\/sorareceo.com\/wp-content\/uploads\/2023\/03\/banner-cards.webp 700w, https:\/\/sorareceo.com\/wp-content\/uploads\/2023\/03\/banner-cards-300x150.webp 300w\" sizes=\"auto, (max-width: 700px) 100vw, 700px\" \/><\/figure>\n\n\n\n<div class=\"gb-headline gb-headline-d537e29c gb-headline-text\">OFERTA DE CADASTRO<\/div>\n\n\n\n<div class=\"gb-headline gb-headline-563ddc24 gb-headline-text\">JUNTE-SE AO SORARE HOJE E GANHE $150 GR\u00c1TIS PARA GASTAR EM CARTAS.<\/div>\n\n\n\n<a class=\"gb-button gb-button-40af701f\" href=\"https:\/\/sorare.pxf.io\/Nk0GkP\" target=\"_blank\" rel=\"nofollow noopener noreferrer\"><span class=\"gb-icon\"><svg xmlns=\"http:\/\/www.w3.org\/2000\/svg\" aria-hidden=\"true\" role=\"img\" height=\"1em\" width=\"1em\" viewbox=\"0 0 448 512\"><path fill=\"currentColor\" d=\"M416 208H272V64c0-17.67-14.33-32-32-32h-32c-17.67 0-32 14.33-32 32v144H32c-17.67 0-32 14.33-32 32v32c0 17.67 14.33 32 32 32h144v144c0 17.67 14.33 32 32 32h32c17.67 0 32-14.33 32-32V304h144c17.67 0 32-14.33 32-32v-32c0-17.67-14.33-32-32-32z\"><\/path><\/svg><\/span><span class=\"gb-button-text\">ENTRE AQUI<\/span><\/a>\n\n<\/div>\n\n\n<p>Continue lendo para saber como ativar o b\u00f4nus&#8230; e comece a montar sua galeria gastando muito menos do que os iniciantes comuns.<\/p>\n\n\n\n<h2 class=\"wp-block-heading\">Passo a passo da oferta de inscri\u00e7\u00e3o da Sorare<\/h2>\n\n\n\n<p>Eu adoraria que a Sorare tivesse oferecido isso quando comecei em 2022. Naquela \u00e9poca, como novo treinador, ganhei uma carta Limitada gratuita que valia menos de $2. E ainda precisei comprar 5 cartas antes de poder receb\u00ea-la!<\/p>\n\n\n\n<p>Agora, comparando, voc\u00ea est\u00e1 recebendo algo cerca de 75 vezes melhor. Os $150 em cr\u00e9ditos de mercado dispon\u00edveis para meus leitores s\u00e3o, de longe, a melhor oferta de inscri\u00e7\u00e3o da Sorare at\u00e9 hoje. E voc\u00ea est\u00e1 apenas a alguns cliques de garantir isso.<\/p>\n\n\n<div class=\"gb-container gb-container-7d331f7e pro-tip\">\n\n<h3 class=\"wp-block-heading\">\ud83d\udcdd Condi\u00e7\u00f5es do b\u00f4nus:<\/h3>\n\n\n\n<ul class=\"wp-block-list\">\n<li><strong>Valor:<\/strong> $150 (ou equivalente em \u20ac ou \u00a3) em cr\u00e9ditos para uso no mercado<\/li>\n\n\n\n<li><strong>Validade:<\/strong> 12 meses<\/li>\n\n\n\n<li><strong>Como funciona:<\/strong> Os cr\u00e9ditos funcionam como descontos de 50% nas compras. Uma carta de $20 sai por $10. Uma de $100 sai por $50. Voc\u00ea pode gastar tudo em uma \u00fanica compra ou dividir os descontos entre v\u00e1rias transa\u00e7\u00f5es.<\/li>\n<\/ul>\n\n<\/div>\n\n\n<h3 class=\"wp-block-heading\">Passo 1: Use o link de parceiro correto<\/h3>\n\n\n\n<p>Para ativar os $150, voc\u00ea precisa se cadastrar usando <strong>meu link oficial de parceiro da Sorare<\/strong>. Com isso, voc\u00ea n\u00e3o s\u00f3 desbloqueia o b\u00f4nus como tamb\u00e9m apoia meu trabalho (obrigado desde j\u00e1!).<\/p>\n\n\n\n<p><a href=\"https:\/\/sorare.pxf.io\/Nk0GkP\" target=\"_blank\" rel=\"noreferrer noopener nofollow\">Clique aqui<\/a> para ativar a oferta.<\/p>\n\n\n\n<h3 class=\"wp-block-heading\">Passo 2: Escolha seu nome de treinador<\/h3>\n\n\n\n<figure class=\"wp-block-image size-large\"><img loading=\"lazy\" decoding=\"async\" width=\"1024\" height=\"445\" src=\"http:\/\/sorareceo.com\/wp-content\/uploads\/2025\/08\/offer-claim-screenshot-1024x445.webp\" alt=\"\" class=\"wp-image-31469\" srcset=\"https:\/\/sorareceo.com\/wp-content\/uploads\/2025\/08\/offer-claim-screenshot-1024x445.webp 1024w, https:\/\/sorareceo.com\/wp-content\/uploads\/2025\/08\/offer-claim-screenshot-300x130.webp 300w, https:\/\/sorareceo.com\/wp-content\/uploads\/2025\/08\/offer-claim-screenshot-768x334.webp 768w, https:\/\/sorareceo.com\/wp-content\/uploads\/2025\/08\/offer-claim-screenshot-1536x668.webp 1536w, https:\/\/sorareceo.com\/wp-content\/uploads\/2025\/08\/offer-claim-screenshot-2048x890.webp 2048w\" sizes=\"auto, (max-width: 1024px) 100vw, 1024px\" \/><\/figure>\n\n\n\n<p>Depois de clicar, voc\u00ea ser\u00e1 levado para uma p\u00e1gina onde vai escolher o nome do seu treinador \u2013 ele aparecer\u00e1 nos rankings e nas negocia\u00e7\u00f5es futuras.<\/p>\n\n\n\n<p>N\u00e3o se preocupe demais com isso. Voc\u00ea pode trocar seu nome mais tarde se tiver uma ideia melhor.<\/p>\n\n\n\n<h3 class=\"wp-block-heading\">Passo 3: Conclua o cadastro<\/h3>\n\n\n\n<figure class=\"wp-block-image size-large\"><img loading=\"lazy\" decoding=\"async\" width=\"1024\" height=\"436\" src=\"http:\/\/sorareceo.com\/wp-content\/uploads\/2025\/07\/sorare-start-screenshot-email-1024x436.webp\" alt=\"\" class=\"wp-image-31211\" srcset=\"https:\/\/sorareceo.com\/wp-content\/uploads\/2025\/07\/sorare-start-screenshot-email-1024x436.webp 1024w, https:\/\/sorareceo.com\/wp-content\/uploads\/2025\/07\/sorare-start-screenshot-email-300x128.webp 300w, https:\/\/sorareceo.com\/wp-content\/uploads\/2025\/07\/sorare-start-screenshot-email-768x327.webp 768w, https:\/\/sorareceo.com\/wp-content\/uploads\/2025\/07\/sorare-start-screenshot-email-1536x654.webp 1536w, https:\/\/sorareceo.com\/wp-content\/uploads\/2025\/07\/sorare-start-screenshot-email-2048x872.webp 2048w\" sizes=\"auto, (max-width: 1024px) 100vw, 1024px\" \/><\/figure>\n\n\n\n<p>Se o nome estiver dispon\u00edvel, voc\u00ea avan\u00e7ar\u00e1 para a pr\u00f3xima etapa. Nela, ser\u00e1 necess\u00e1rio:<\/p>\n\n\n\n<ul class=\"wp-block-list\">\n<li>Confirmar que voc\u00ea tem pelo menos 16 anos (idade m\u00ednima para jogar Sorare)<\/li>\n\n\n\n<li>Aceitar os Termos de Uso e a Pol\u00edtica de Privacidade<\/li>\n\n\n\n<li>Escolher o m\u00e9todo de cadastro: e-mail, conta Google ou Apple<\/li>\n<\/ul>\n\n\n\n<p class=\"pro-tip\"><strong>\ud83d\udca1 DICA PRO:<\/strong> J\u00e1 se cadastrou antes sem usar esta oferta? Sem problemas \u2013 basta criar uma nova conta com outro e-mail e voc\u00ea tamb\u00e9m ter\u00e1 direito aos mesmos $150, assim como todos os leitores do SorareCEO.<\/p>\n\n\n\n<p>E claro, escolha uma senha segura. Ela ser\u00e1 sua chave de acesso \u00e0 conta e ao mercado completo da Sorare.<\/p>\n\n\n\n<h2 class=\"wp-block-heading\">Existe uma oferta de inscri\u00e7\u00e3o da Sorare melhor?<\/h2>\n\n\n\n<p>No momento em que este artigo foi escrito, esta \u00e9 a melhor oferta de inscri\u00e7\u00e3o da Sorare dispon\u00edvel para novos usu\u00e1rios. Nenhum outro parceiro oferece mais do que $150 em cr\u00e9ditos!<\/p>\n\n\n\n<p>Mas aten\u00e7\u00e3o: h\u00e1 sites que prometem cartas Raras, Super Raras ou at\u00e9 \u00danicas como b\u00f4nus de boas-vindas. Isso n\u00e3o passa de uma t\u00e1tica anti\u00e9tica para fazer voc\u00ea se registrar atrav\u00e9s do link de afiliado deles.<\/p>\n\n\n<div class=\"gb-container gb-container-86147414 offer-content\"><div class=\"gb-inside-container\">\n<div class=\"gb-grid-wrapper gb-grid-wrapper-1f0ac75f\">\n<div class=\"gb-grid-column gb-grid-column-d0516e33\"><div class=\"gb-container gb-container-d0516e33\"><div class=\"gb-inside-container\">\n\n<p class=\"gb-headline gb-headline-09f7489c gb-headline-text\">OFERTA DE CADASTRO<\/p>\n\n\n\n<p class=\"gb-headline gb-headline-eeb2c06c gb-headline-text\">Cadastre-se no Sorare com esta oferta e ganhe $150 gr\u00e1tis para gastar em cartas.<\/p>\n\n<\/div><\/div><\/div>\n\n<div class=\"gb-grid-column gb-grid-column-53f5d8fa\"><div class=\"gb-container gb-container-53f5d8fa\"><div class=\"gb-inside-container\">\n\n<div class=\"wp-block-buttons has-border-color is-horizontal is-content-justification-center is-layout-flex wp-container-core-buttons-is-layout-29bd5dc9 wp-block-buttons-is-layout-flex\" style=\"border-color:var(--base-3);border-width:3px;border-radius:12px\">\n<div class=\"wp-block-button has-custom-width wp-block-button__width-100 aligncenter is-style-fill\"><a class=\"wp-block-button__link has-base-3-color has-accent-background-color has-text-color has-background has-custom-font-size wp-element-button\" href=\"https:\/\/sorare.pxf.io\/Nk0GkP\" style=\"border-radius:10px;font-size:22px;font-style:normal;font-weight:1000\" target=\"_blank\" rel=\"noreferrer noopener nofollow\">GANHE US$150 AGORA<\/a><\/div>\n<\/div>\n\n<\/div><\/div><\/div>\n<\/div>\n<\/div><\/div><div class=\"gb-container gb-container-72194729\">\n\n<figure class=\"gb-block-image gb-block-image-176ca640\"><img loading=\"lazy\" decoding=\"async\" width=\"700\" height=\"350\" class=\"gb-image gb-image-176ca640\" src=\"http:\/\/sorareceo.com\/wp-content\/uploads\/2023\/03\/banner-cards.webp\" alt=\"\" title=\"banner-cards\" srcset=\"https:\/\/sorareceo.com\/wp-content\/uploads\/2023\/03\/banner-cards.webp 700w, https:\/\/sorareceo.com\/wp-content\/uploads\/2023\/03\/banner-cards-300x150.webp 300w\" sizes=\"auto, (max-width: 700px) 100vw, 700px\" \/><\/figure>\n\n\n\n<div class=\"gb-headline gb-headline-d537e29c gb-headline-text\">OFERTA DE CADASTRO<\/div>\n\n\n\n<div class=\"gb-headline gb-headline-563ddc24 gb-headline-text\">JUNTE-SE AO SORARE HOJE E GANHE $150 GR\u00c1TIS PARA GASTAR EM CARTAS.<\/div>\n\n\n\n<a class=\"gb-button gb-button-40af701f\" href=\"https:\/\/sorare.pxf.io\/Nk0GkP\" target=\"_blank\" rel=\"nofollow noopener noreferrer\"><span class=\"gb-icon\"><svg xmlns=\"http:\/\/www.w3.org\/2000\/svg\" aria-hidden=\"true\" role=\"img\" height=\"1em\" width=\"1em\" viewbox=\"0 0 448 512\"><path fill=\"currentColor\" d=\"M416 208H272V64c0-17.67-14.33-32-32-32h-32c-17.67 0-32 14.33-32 32v144H32c-17.67 0-32 14.33-32 32v32c0 17.67 14.33 32 32 32h144v144c0 17.67 14.33 32 32 32h32c17.67 0 32-14.33 32-32V304h144c17.67 0 32-14.33 32-32v-32c0-17.67-14.33-32-32-32z\"><\/path><\/svg><\/span><span class=\"gb-button-text\">ENTRE AQUI<\/span><\/a>\n\n<\/div>\n\n\n<p>Se surgir uma nova oferta oficial da Sorare, meus leitores ser\u00e3o os primeiros a saber.<\/p>\n\n\n\n<h2 class=\"wp-block-heading\">Mais sobre o jogo<\/h2>\n\n\n\n<p>A Sorare surgiu em 2019, criada por dois engenheiros franceses \u2013 Nicolas Julia e Adrien Montfort \u2013 apaixonados por futebol e tecnologia. Desde seu lan\u00e7amento, a Sorare se tornou refer\u00eancia mundial em fantasy sports.<\/p>\n\n\n\n<p>N\u00e3o foi por acaso. A Sorare combina cartas digitais licenciadas oficialmente, desempenho real dos jogadores e pr\u00eamios valiosos. Estrelas como Kylian Mbapp\u00e9 e a lenda do t\u00eanis Serena Williams j\u00e1 investiram no projeto.<\/p>\n\n\n\n<p>O diferencial da Sorare est\u00e1 no fato de que cada carta \u00e9 um ativo digital real. A plataforma registra a propriedade de forma transparente. Voc\u00ea pode us\u00e1-las em torneios, colecionar ou negociar livremente no mercado. A estrat\u00e9gia \u00e9 sua.<\/p>\n\n\n\n<figure class=\"wp-block-image size-large\"><img loading=\"lazy\" decoding=\"async\" width=\"1024\" height=\"307\" src=\"http:\/\/sorareceo.com\/wp-content\/uploads\/2022\/12\/logo-sorare-1024x307.png\" alt=\"Sorare logo\" class=\"wp-image-1522\" srcset=\"https:\/\/sorareceo.com\/wp-content\/uploads\/2022\/12\/logo-sorare-1024x307.png 1024w, https:\/\/sorareceo.com\/wp-content\/uploads\/2022\/12\/logo-sorare-300x90.png 300w, https:\/\/sorareceo.com\/wp-content\/uploads\/2022\/12\/logo-sorare-768x230.png 768w, https:\/\/sorareceo.com\/wp-content\/uploads\/2022\/12\/logo-sorare.png 1200w\" sizes=\"auto, (max-width: 1024px) 100vw, 1024px\" \/><\/figure>\n\n\n\n<p>\u00c9 poss\u00edvel adquirir novas cartas de duas maneiras: comprando no marketplace da Sorare ou ganhando em torneios. Quando voc\u00ea tiver algumas em sua galeria, poder\u00e1 montar escala\u00e7\u00f5es e competir em desafios semanais.<\/p>\n\n\n\n<p>Todo novo usu\u00e1rio come\u00e7a com um conjunto de cartas Comuns gr\u00e1tis, permitindo testar o jogo sem gastar nada. Mas se quiser subir nos rankings e disputar grandes pr\u00eamios, precisar\u00e1 evoluir para cartas Limitadas, Raras, Super Raras ou \u00danicas.<\/p>\n\n\n\n<p>O objetivo \u00e9 simples: monte seu melhor time com cinco jogadores e supere os outros treinadores com base nas estat\u00edsticas reais dos atletas. Quanto melhor o desempenho dos seus jogadores em campo, mais pontos de fantasia voc\u00ea ganha. E esses pontos se traduzem em pr\u00eamios em dinheiro, novas cartas e reconhecimento global.<\/p>\n\n\n\n<p>Quer evitar os erros comuns dos iniciantes e avan\u00e7ar mais r\u00e1pido? Ent\u00e3o leia <strong><a href=\"https:\/\/sorareceo.com\/pt-pt\/tutorial-sorare\/\" target=\"_blank\" rel=\"noreferrer noopener\">meu guia completo para novos jogadores<\/a><\/strong> e entenda como come\u00e7ar com o p\u00e9 direito na Sorare.<\/p>\n\n\n\n<p>Est\u00e1 tendo dificuldades para ativar sua oferta de inscri\u00e7\u00e3o da Sorare? Me chama no Twitter @SorareCEOx ou <a href=\"mailto:contact@sorareceo.com\" target=\"_blank\" rel=\"noreferrer noopener\">manda um e-mail<\/a>. Terei o maior prazer em ajudar!<\/p>\n","protected":false},"excerpt":{"rendered":"<p>Abrir uma conta na Sorare \u00e9 totalmente gratuito e leva s\u00f3 alguns minutos. Mas muita gente ainda n\u00e3o sabe que existe uma oferta de inscri\u00e7\u00e3o da Sorare que te d\u00e1 uma vantagem real sobre a maioria dos novos treinadores. Como o SorareCEO.com \u00e9 um parceiro certificado do jogo, oferecemos aos nossos leitores um b\u00f4nus exclusivo: &#8230; <a title=\"Melhor oferta de inscri\u00e7\u00e3o da Sorare [$150 para gastar em cartas]\" class=\"read-more\" href=\"https:\/\/sorareceo.com\/pt-pt\/oferta-de-inscricao\/\" aria-label=\"Leia mais sobre Melhor oferta de inscri\u00e7\u00e3o da Sorare [$150 para gastar em cartas]\">Ler mais<\/a><\/p>\n","protected":false},"author":1,"featured_media":32332,"parent":0,"menu_order":0,"comment_status":"closed","ping_status":"closed","template":"","meta":{"footnotes":""},"class_list":["post-5401","page","type-page","status-publish","has-post-thumbnail"],"yoast_head":"<!-- This site is optimized with the Yoast SEO plugin v26.6 - https:\/\/yoast.com\/wordpress\/plugins\/seo\/ -->\n<title>Melhor oferta de inscri\u00e7\u00e3o da Sorare [$150 para gastar em cartas]<\/title>\n<meta name=\"description\" content=\"Oferta de inscri\u00e7\u00e3o da Sorare \u2013 receba $150 gr\u00e1tis em cr\u00e9ditos e comece sua galeria com vantagem. Adquira AGORA!\" \/>\n<meta name=\"robots\" content=\"index, follow, max-snippet:-1, max-image-preview:large, max-video-preview:-1\" \/>\n<link rel=\"canonical\" href=\"https:\/\/sorareceo.com\/sorare-sign-up-offer\/\" \/>\n<meta property=\"og:locale\" content=\"pt_PT\" \/>\n<meta property=\"og:type\" content=\"article\" \/>\n<meta property=\"og:title\" content=\"Melhor oferta de inscri\u00e7\u00e3o da Sorare [$150 para gastar em cartas]\" \/>\n<meta property=\"og:description\" content=\"Oferta de inscri\u00e7\u00e3o da Sorare \u2013 receba $150 gr\u00e1tis em cr\u00e9ditos e comece sua galeria com vantagem. Adquira AGORA!\" \/>\n<meta property=\"og:url\" content=\"https:\/\/sorareceo.com\/sorare-sign-up-offer\/\" \/>\n<meta property=\"og:site_name\" content=\"SorareCEO - Your Place for Sorare Strategies &amp; Tips\" \/>\n<meta property=\"article:modified_time\" content=\"2025-08-03T03:35:00+00:00\" \/>\n<meta property=\"og:image\" content=\"https:\/\/sorareceo.com\/wp-content\/uploads\/2025\/08\/Oferta-de-Inscricao-sorare-main.webp\" \/>\n\t<meta property=\"og:image:width\" content=\"865\" \/>\n\t<meta property=\"og:image:height\" content=\"432\" \/>\n\t<meta property=\"og:image:type\" content=\"image\/webp\" \/>\n<meta name=\"twitter:card\" content=\"summary_large_image\" \/>\n<meta name=\"twitter:label1\" content=\"Tempo estimado de leitura\" \/>\n\t<meta name=\"twitter:data1\" content=\"5 minutos\" \/>\n<script type=\"application\/ld+json\" class=\"yoast-schema-graph\">{\"@context\":\"https:\/\/schema.org\",\"@graph\":[{\"@type\":\"WebPage\",\"@id\":\"https:\/\/sorareceo.com\/sorare-sign-up-offer\/\",\"url\":\"https:\/\/sorareceo.com\/sorare-sign-up-offer\/\",\"name\":\"Melhor oferta de inscri\u00e7\u00e3o da Sorare [$150 para gastar em cartas]\",\"isPartOf\":{\"@id\":\"https:\/\/sorareceo.com\/#website\"},\"primaryImageOfPage\":{\"@id\":\"https:\/\/sorareceo.com\/sorare-sign-up-offer\/#primaryimage\"},\"image\":{\"@id\":\"https:\/\/sorareceo.com\/sorare-sign-up-offer\/#primaryimage\"},\"thumbnailUrl\":\"https:\/\/sorareceo.com\/wp-content\/uploads\/2025\/08\/Oferta-de-Inscricao-sorare-main.webp\",\"datePublished\":\"2022-10-21T00:49:42+00:00\",\"dateModified\":\"2025-08-03T03:35:00+00:00\",\"description\":\"Oferta de inscri\u00e7\u00e3o da Sorare \u2013 receba $150 gr\u00e1tis em cr\u00e9ditos e comece sua galeria com vantagem. Adquira AGORA!\",\"breadcrumb\":{\"@id\":\"https:\/\/sorareceo.com\/sorare-sign-up-offer\/#breadcrumb\"},\"inLanguage\":\"pt-PT\",\"potentialAction\":[{\"@type\":\"ReadAction\",\"target\":[\"https:\/\/sorareceo.com\/sorare-sign-up-offer\/\"]}]},{\"@type\":\"ImageObject\",\"inLanguage\":\"pt-PT\",\"@id\":\"https:\/\/sorareceo.com\/sorare-sign-up-offer\/#primaryimage\",\"url\":\"https:\/\/sorareceo.com\/wp-content\/uploads\/2025\/08\/Oferta-de-Inscricao-sorare-main.webp\",\"contentUrl\":\"https:\/\/sorareceo.com\/wp-content\/uploads\/2025\/08\/Oferta-de-Inscricao-sorare-main.webp\",\"width\":865,\"height\":432,\"caption\":\"Oferta de Inscri\u00e7\u00e3o Sorare - imagem principal\"},{\"@type\":\"BreadcrumbList\",\"@id\":\"https:\/\/sorareceo.com\/sorare-sign-up-offer\/#breadcrumb\",\"itemListElement\":[{\"@type\":\"ListItem\",\"position\":1,\"name\":\"Home\",\"item\":\"https:\/\/sorareceo.com\/pt-pt\/\"},{\"@type\":\"ListItem\",\"position\":2,\"name\":\"Melhor oferta de inscri\u00e7\u00e3o da Sorare [$150 para gastar em cartas]\"}]},{\"@type\":\"WebSite\",\"@id\":\"https:\/\/sorareceo.com\/#website\",\"url\":\"https:\/\/sorareceo.com\/\",\"name\":\"SorareCEO - Your Place for Sorare Strategies &amp; Tips\",\"description\":\"The best place for up-to-date Sorare strategies, guides &amp; tips.\",\"publisher\":{\"@id\":\"https:\/\/sorareceo.com\/#organization\"},\"potentialAction\":[{\"@type\":\"SearchAction\",\"target\":{\"@type\":\"EntryPoint\",\"urlTemplate\":\"https:\/\/sorareceo.com\/?s={search_term_string}\"},\"query-input\":{\"@type\":\"PropertyValueSpecification\",\"valueRequired\":true,\"valueName\":\"search_term_string\"}}],\"inLanguage\":\"pt-PT\"},{\"@type\":\"Organization\",\"@id\":\"https:\/\/sorareceo.com\/#organization\",\"name\":\"SorareCEO - Your Place for Sorare Strategies &amp; Tips\",\"url\":\"https:\/\/sorareceo.com\/\",\"logo\":{\"@type\":\"ImageObject\",\"inLanguage\":\"pt-PT\",\"@id\":\"https:\/\/sorareceo.com\/#\/schema\/logo\/image\/\",\"url\":\"https:\/\/sorareceo.com\/wp-content\/uploads\/2025\/08\/new-logo.webp\",\"contentUrl\":\"https:\/\/sorareceo.com\/wp-content\/uploads\/2025\/08\/new-logo.webp\",\"width\":500,\"height\":150,\"caption\":\"SorareCEO - Your Place for Sorare Strategies &amp; Tips\"},\"image\":{\"@id\":\"https:\/\/sorareceo.com\/#\/schema\/logo\/image\/\"}}]}<\/script>\n<!-- \/ Yoast SEO plugin. -->","yoast_head_json":{"title":"Melhor oferta de inscri\u00e7\u00e3o da Sorare [$150 para gastar em cartas]","description":"Oferta de inscri\u00e7\u00e3o da Sorare \u2013 receba $150 gr\u00e1tis em cr\u00e9ditos e comece sua galeria com vantagem. Adquira AGORA!","robots":{"index":"index","follow":"follow","max-snippet":"max-snippet:-1","max-image-preview":"max-image-preview:large","max-video-preview":"max-video-preview:-1"},"canonical":"https:\/\/sorareceo.com\/sorare-sign-up-offer\/","og_locale":"pt_PT","og_type":"article","og_title":"Melhor oferta de inscri\u00e7\u00e3o da Sorare [$150 para gastar em cartas]","og_description":"Oferta de inscri\u00e7\u00e3o da Sorare \u2013 receba $150 gr\u00e1tis em cr\u00e9ditos e comece sua galeria com vantagem. Adquira AGORA!","og_url":"https:\/\/sorareceo.com\/sorare-sign-up-offer\/","og_site_name":"SorareCEO - Your Place for Sorare Strategies &amp; Tips","article_modified_time":"2025-08-03T03:35:00+00:00","og_image":[{"width":865,"height":432,"url":"https:\/\/sorareceo.com\/wp-content\/uploads\/2025\/08\/Oferta-de-Inscricao-sorare-main.webp","type":"image\/webp"}],"twitter_card":"summary_large_image","twitter_misc":{"Tempo estimado de leitura":"5 minutos"},"schema":{"@context":"https:\/\/schema.org","@graph":[{"@type":"WebPage","@id":"https:\/\/sorareceo.com\/sorare-sign-up-offer\/","url":"https:\/\/sorareceo.com\/sorare-sign-up-offer\/","name":"Melhor oferta de inscri\u00e7\u00e3o da Sorare [$150 para gastar em cartas]","isPartOf":{"@id":"https:\/\/sorareceo.com\/#website"},"primaryImageOfPage":{"@id":"https:\/\/sorareceo.com\/sorare-sign-up-offer\/#primaryimage"},"image":{"@id":"https:\/\/sorareceo.com\/sorare-sign-up-offer\/#primaryimage"},"thumbnailUrl":"https:\/\/sorareceo.com\/wp-content\/uploads\/2025\/08\/Oferta-de-Inscricao-sorare-main.webp","datePublished":"2022-10-21T00:49:42+00:00","dateModified":"2025-08-03T03:35:00+00:00","description":"Oferta de inscri\u00e7\u00e3o da Sorare \u2013 receba $150 gr\u00e1tis em cr\u00e9ditos e comece sua galeria com vantagem. Adquira AGORA!","breadcrumb":{"@id":"https:\/\/sorareceo.com\/sorare-sign-up-offer\/#breadcrumb"},"inLanguage":"pt-PT","potentialAction":[{"@type":"ReadAction","target":["https:\/\/sorareceo.com\/sorare-sign-up-offer\/"]}]},{"@type":"ImageObject","inLanguage":"pt-PT","@id":"https:\/\/sorareceo.com\/sorare-sign-up-offer\/#primaryimage","url":"https:\/\/sorareceo.com\/wp-content\/uploads\/2025\/08\/Oferta-de-Inscricao-sorare-main.webp","contentUrl":"https:\/\/sorareceo.com\/wp-content\/uploads\/2025\/08\/Oferta-de-Inscricao-sorare-main.webp","width":865,"height":432,"caption":"Oferta de Inscri\u00e7\u00e3o Sorare - imagem principal"},{"@type":"BreadcrumbList","@id":"https:\/\/sorareceo.com\/sorare-sign-up-offer\/#breadcrumb","itemListElement":[{"@type":"ListItem","position":1,"name":"Home","item":"https:\/\/sorareceo.com\/pt-pt\/"},{"@type":"ListItem","position":2,"name":"Melhor oferta de inscri\u00e7\u00e3o da Sorare [$150 para gastar em cartas]"}]},{"@type":"WebSite","@id":"https:\/\/sorareceo.com\/#website","url":"https:\/\/sorareceo.com\/","name":"SorareCEO - Your Place for Sorare Strategies &amp; Tips","description":"The best place for up-to-date Sorare strategies, guides &amp; tips.","publisher":{"@id":"https:\/\/sorareceo.com\/#organization"},"potentialAction":[{"@type":"SearchAction","target":{"@type":"EntryPoint","urlTemplate":"https:\/\/sorareceo.com\/?s={search_term_string}"},"query-input":{"@type":"PropertyValueSpecification","valueRequired":true,"valueName":"search_term_string"}}],"inLanguage":"pt-PT"},{"@type":"Organization","@id":"https:\/\/sorareceo.com\/#organization","name":"SorareCEO - Your Place for Sorare Strategies &amp; Tips","url":"https:\/\/sorareceo.com\/","logo":{"@type":"ImageObject","inLanguage":"pt-PT","@id":"https:\/\/sorareceo.com\/#\/schema\/logo\/image\/","url":"https:\/\/sorareceo.com\/wp-content\/uploads\/2025\/08\/new-logo.webp","contentUrl":"https:\/\/sorareceo.com\/wp-content\/uploads\/2025\/08\/new-logo.webp","width":500,"height":150,"caption":"SorareCEO - Your Place for Sorare Strategies &amp; Tips"},"image":{"@id":"https:\/\/sorareceo.com\/#\/schema\/logo\/image\/"}}]}},"_links":{"self":[{"href":"https:\/\/sorareceo.com\/pt-pt\/wp-json\/wp\/v2\/pages\/5401","targetHints":{"allow":["GET"]}}],"collection":[{"href":"https:\/\/sorareceo.com\/pt-pt\/wp-json\/wp\/v2\/pages"}],"about":[{"href":"https:\/\/sorareceo.com\/pt-pt\/wp-json\/wp\/v2\/types\/page"}],"author":[{"embeddable":true,"href":"https:\/\/sorareceo.com\/pt-pt\/wp-json\/wp\/v2\/users\/1"}],"replies":[{"embeddable":true,"href":"https:\/\/sorareceo.com\/pt-pt\/wp-json\/wp\/v2\/comments?post=5401"}],"version-history":[{"count":1,"href":"https:\/\/sorareceo.com\/pt-pt\/wp-json\/wp\/v2\/pages\/5401\/revisions"}],"predecessor-version":[{"id":32371,"href":"https:\/\/sorareceo.com\/pt-pt\/wp-json\/wp\/v2\/pages\/5401\/revisions\/32371"}],"wp:featuredmedia":[{"embeddable":true,"href":"https:\/\/sorareceo.com\/pt-pt\/wp-json\/wp\/v2\/media\/32332"}],"wp:attachment":[{"href":"https:\/\/sorareceo.com\/pt-pt\/wp-json\/wp\/v2\/media?parent=5401"}],"curies":[{"name":"wp","href":"https:\/\/api.w.org\/{rel}","templated":true}]}}