{"id":35612,"date":"2025-01-04T00:18:52","date_gmt":"2025-01-04T00:18:52","guid":{"rendered":"https:\/\/sorareceo.com\/sorareceo-com-seu-guia-de-confianca-para-o-sorare\/"},"modified":"2025-09-20T23:05:42","modified_gmt":"2025-09-20T23:05:42","slug":"sorareceo-com-seu-guia-de-confianca-para-o-sorare","status":"publish","type":"page","link":"https:\/\/sorareceo.com\/pt-pt\/","title":{"rendered":"SorareCEO.com \u2013 seu guia de confian\u00e7a para o Sorare"},"content":{"rendered":"<div class=\"gb-container gb-container-4f6744a8 alignfull\">\n\n<h2 class=\"gb-headline gb-headline-59c6c384 gb-headline-text\">Bem-vindo ao SorareCEO<\/h2>\n\n\n\n<h1 class=\"gb-headline gb-headline-499f076a gb-headline-text\">O lugar para guias, tutoriais e estrat\u00e9gias do Sorare.<\/h1>\n\n\n\n<a class=\"gb-button gb-button-7411aeb9 gb-button-text\" href=\"https:\/\/sorareceo.com\/pt-pt\/o-que-e-sorare\/\" target=\"_blank\" rel=\"noopener noreferrer\">O QUE \u00c9 SORARE?<\/a>\n\n<\/div>\n\n<div class=\"gb-container gb-container-dff66fc0 alignfull\">\n<div class=\"gb-container gb-container-5ae625cf\">\n<div class=\"gb-container gb-container-7bad8aa5\">\n\n<h2 class=\"gb-headline gb-headline-3639624f gb-headline-text\">Guia para iniciantes<\/h2>\n\n\n\n<figure class=\"wp-block-image size-full is-resized\"><img loading=\"lazy\" decoding=\"async\" width=\"1000\" height=\"1000\" src=\"http:\/\/sorareceo.com\/wp-content\/uploads\/2025\/08\/guide-homepage.webp\" alt=\"\" class=\"wp-image-35215\" style=\"object-fit:cover;width:300px;height:300px\" srcset=\"https:\/\/sorareceo.com\/wp-content\/uploads\/2025\/08\/guide-homepage.webp 1000w, https:\/\/sorareceo.com\/wp-content\/uploads\/2025\/08\/guide-homepage-300x300.webp 300w, https:\/\/sorareceo.com\/wp-content\/uploads\/2025\/08\/guide-homepage-150x150.webp 150w, https:\/\/sorareceo.com\/wp-content\/uploads\/2025\/08\/guide-homepage-768x768.webp 768w\" sizes=\"auto, (max-width: 1000px) 100vw, 1000px\" \/><\/figure>\n\n\n<div class=\"gb-container gb-container-98b4471b\">\n\n<p class=\"gb-headline gb-headline-44cbcbf8 gb-headline-text\">\u00c9 novo no Sorare? Talvez queira evitar erros de principiante e maximizar suas chances de lucrar o mais cedo poss\u00edvel ap\u00f3s entrar. Meu guia para iniciantes do Sorare vai ajud\u00e1-lo a fazer exatamente isso\u2026 e muito mais.  <\/p>\n\n\n\n<a class=\"gb-button gb-button-ff8e8a3a gb-button-text\" href=\"https:\/\/sorareceo.com\/pt-pt\/tutorial-sorare\/\" target=\"_blank\" rel=\"noopener noreferrer\">LEIA AQUI<\/a>\n\n<\/div>\n<\/div>\n<\/div>\n\n<div class=\"gb-container gb-container-5732aabf\">\n<div class=\"gb-container gb-container-84b12203\">\n\n<h2 class=\"gb-headline gb-headline-a59e7235 gb-headline-text\">An\u00e1lise do jogo<\/h2>\n\n\n\n<figure class=\"wp-block-image size-full is-resized\"><img loading=\"lazy\" decoding=\"async\" width=\"1000\" height=\"1000\" src=\"http:\/\/sorareceo.com\/wp-content\/uploads\/2025\/08\/review-homepage.webp\" alt=\"\" class=\"wp-image-35262\" style=\"object-fit:cover;width:300px;height:300px\" srcset=\"https:\/\/sorareceo.com\/wp-content\/uploads\/2025\/08\/review-homepage.webp 1000w, https:\/\/sorareceo.com\/wp-content\/uploads\/2025\/08\/review-homepage-300x300.webp 300w, https:\/\/sorareceo.com\/wp-content\/uploads\/2025\/08\/review-homepage-150x150.webp 150w, https:\/\/sorareceo.com\/wp-content\/uploads\/2025\/08\/review-homepage-768x768.webp 768w\" sizes=\"auto, (max-width: 1000px) 100vw, 1000px\" \/><\/figure>\n\n\n<div class=\"gb-container gb-container-5d281bbd\">\n\n<p class=\"gb-headline gb-headline-e815eb18 gb-headline-text\">Ainda est\u00e1 se perguntando se o jogo \u00e9 para voc\u00ea? Leia minha an\u00e1lise do Sorare, na qual apresento minha opini\u00e3o mais honesta sobre o produto e explico como ele se diferencia de outras plataformas de fantasy sports. Como qualquer jogo, tem pontos positivos e negativos. <\/p>\n\n\n\n<a class=\"gb-button gb-button-2dee9ba5 gb-button-text\" href=\"https:\/\/sorareceo.com\/pt-pt\/revisao-sorare\/\" target=\"_blank\" rel=\"noopener noreferrer\">LEIA AQUI<\/a>\n\n<\/div>\n<\/div>\n<\/div>\n\n<div class=\"gb-container gb-container-9a12ce94\">\n<div class=\"gb-container gb-container-4a74dada\">\n\n<h2 class=\"gb-headline gb-headline-7b49ca4e gb-headline-text\">Oferta de cadastro<\/h2>\n\n\n\n<figure class=\"wp-block-image size-full is-resized\"><img loading=\"lazy\" decoding=\"async\" width=\"1000\" height=\"1000\" src=\"http:\/\/sorareceo.com\/wp-content\/uploads\/2025\/08\/sign-up-offer-homepage.webp\" alt=\"\" class=\"wp-image-35309\" style=\"object-fit:cover;width:300px;height:300px\" srcset=\"https:\/\/sorareceo.com\/wp-content\/uploads\/2025\/08\/sign-up-offer-homepage.webp 1000w, https:\/\/sorareceo.com\/wp-content\/uploads\/2025\/08\/sign-up-offer-homepage-300x300.webp 300w, https:\/\/sorareceo.com\/wp-content\/uploads\/2025\/08\/sign-up-offer-homepage-150x150.webp 150w, https:\/\/sorareceo.com\/wp-content\/uploads\/2025\/08\/sign-up-offer-homepage-768x768.webp 768w\" sizes=\"auto, (max-width: 1000px) 100vw, 1000px\" \/><\/figure>\n\n\n<div class=\"gb-container gb-container-9727e384\">\n\n<p class=\"gb-headline gb-headline-e3c72453 gb-headline-text\">Se voc\u00ea tomou a (boa) decis\u00e3o de entrar no jogo, aqui est\u00e1 meu presente para voc\u00ea. Torne-se um dos leitores do SorareCEO que recebe um b\u00f4nus de boas-vindas e sai na frente de outros managers. Confira aqui a promo\u00e7\u00e3o atual. Become one of SorareCEO readers who gets a welcome bonus and a head start over other managers in the game. Discover the current promotion here. <\/p>\n\n\n\n<a class=\"gb-button gb-button-fc86622e gb-button-text\" href=\"https:\/\/sorareceo.com\/pt-pt\/oferta-de-inscricao\/\" target=\"_blank\" rel=\"noopener noreferrer\">LEIA AQUI<\/a>\n\n<\/div>\n<\/div>\n<\/div>\n<\/div>","protected":false},"excerpt":{"rendered":"<p>Bem-vindo ao SorareCEO O lugar para guias, tutoriais e estrat\u00e9gias do Sorare. Guia para iniciantes \u00c9 novo no Sorare? Talvez queira evitar erros de principiante e maximizar suas chances de lucrar o mais cedo poss\u00edvel ap\u00f3s entrar. Meu guia para iniciantes do Sorare vai ajud\u00e1-lo a fazer exatamente isso\u2026 e muito mais. An\u00e1lise do jogo &#8230; <a title=\"SorareCEO.com \u2013 seu guia de confian\u00e7a para o Sorare\" class=\"read-more\" href=\"https:\/\/sorareceo.com\/pt-pt\/\" aria-label=\"Leia mais sobre SorareCEO.com \u2013 seu guia de confian\u00e7a para o Sorare\">Ler mais<\/a><\/p>\n","protected":false},"author":1,"featured_media":34310,"parent":0,"menu_order":0,"comment_status":"closed","ping_status":"closed","template":"","meta":{"footnotes":""},"class_list":["post-35612","page","type-page","status-publish","has-post-thumbnail"],"yoast_head":"<!-- This site is optimized with the Yoast SEO plugin v26.6 - https:\/\/yoast.com\/wordpress\/plugins\/seo\/ -->\n<title>SorareCEO.com \u2013 seu guia de confian\u00e7a para o Sorare<\/title>\n<meta name=\"description\" content=\"O SorareCEO \u00e9 sua fonte confi\u00e1vel para guias, tutoriais, dicas, estrat\u00e9gias e not\u00edcias sobre Sorare. Aprenda a se destacar no jogo comigo.\" \/>\n<meta name=\"robots\" content=\"index, follow, max-snippet:-1, max-image-preview:large, max-video-preview:-1\" \/>\n<link rel=\"canonical\" href=\"https:\/\/sorareceo.com\/pt-pt\/\" \/>\n<meta property=\"og:locale\" content=\"pt_PT\" \/>\n<meta property=\"og:type\" content=\"article\" \/>\n<meta property=\"og:title\" content=\"SorareCEO.com \u2013 seu guia de confian\u00e7a para o Sorare\" \/>\n<meta property=\"og:description\" content=\"O SorareCEO \u00e9 sua fonte confi\u00e1vel para guias, tutoriais, dicas, estrat\u00e9gias e not\u00edcias sobre Sorare. Aprenda a se destacar no jogo comigo.\" \/>\n<meta property=\"og:url\" content=\"https:\/\/sorareceo.com\/pt-pt\/\" \/>\n<meta property=\"og:site_name\" content=\"SorareCEO - Your Place for Sorare Strategies &amp; Tips\" \/>\n<meta property=\"article:modified_time\" content=\"2025-09-20T23:05:42+00:00\" \/>\n<meta property=\"og:image\" content=\"https:\/\/sorareceo.com\/wp-content\/uploads\/2025\/08\/icon.webp\" \/>\n\t<meta property=\"og:image:width\" content=\"100\" \/>\n\t<meta property=\"og:image:height\" content=\"100\" \/>\n\t<meta property=\"og:image:type\" content=\"image\/webp\" \/>\n<meta name=\"twitter:card\" content=\"summary_large_image\" \/>\n<meta name=\"twitter:label1\" content=\"Tempo estimado de leitura\" \/>\n\t<meta name=\"twitter:data1\" content=\"2 minutos\" \/>\n<script type=\"application\/ld+json\" class=\"yoast-schema-graph\">{\"@context\":\"https:\/\/schema.org\",\"@graph\":[{\"@type\":\"WebPage\",\"@id\":\"https:\/\/sorareceo.com\/pt-pt\/\",\"url\":\"https:\/\/sorareceo.com\/pt-pt\/\",\"name\":\"SorareCEO.com \u2013 seu guia de confian\u00e7a para o Sorare\",\"isPartOf\":{\"@id\":\"https:\/\/sorareceo.com\/#website\"},\"primaryImageOfPage\":{\"@id\":\"https:\/\/sorareceo.com\/pt-pt\/#primaryimage\"},\"image\":{\"@id\":\"https:\/\/sorareceo.com\/pt-pt\/#primaryimage\"},\"thumbnailUrl\":\"https:\/\/sorareceo.com\/wp-content\/uploads\/2025\/08\/icon.webp\",\"datePublished\":\"2025-01-04T00:18:52+00:00\",\"dateModified\":\"2025-09-20T23:05:42+00:00\",\"description\":\"O SorareCEO \u00e9 sua fonte confi\u00e1vel para guias, tutoriais, dicas, estrat\u00e9gias e not\u00edcias sobre Sorare. Aprenda a se destacar no jogo comigo.\",\"breadcrumb\":{\"@id\":\"https:\/\/sorareceo.com\/pt-pt\/#breadcrumb\"},\"inLanguage\":\"pt-PT\",\"potentialAction\":[{\"@type\":\"ReadAction\",\"target\":[\"https:\/\/sorareceo.com\/pt-pt\/\"]}]},{\"@type\":\"ImageObject\",\"inLanguage\":\"pt-PT\",\"@id\":\"https:\/\/sorareceo.com\/pt-pt\/#primaryimage\",\"url\":\"https:\/\/sorareceo.com\/wp-content\/uploads\/2025\/08\/icon.webp\",\"contentUrl\":\"https:\/\/sorareceo.com\/wp-content\/uploads\/2025\/08\/icon.webp\",\"width\":100,\"height\":100},{\"@type\":\"BreadcrumbList\",\"@id\":\"https:\/\/sorareceo.com\/pt-pt\/#breadcrumb\",\"itemListElement\":[{\"@type\":\"ListItem\",\"position\":1,\"name\":\"Home\",\"item\":\"https:\/\/sorareceo.com\/pt-pt\/\"},{\"@type\":\"ListItem\",\"position\":2,\"name\":\"SorareCEO.com \u2013 seu guia de confian\u00e7a para o Sorare\"}]},{\"@type\":\"WebSite\",\"@id\":\"https:\/\/sorareceo.com\/#website\",\"url\":\"https:\/\/sorareceo.com\/\",\"name\":\"SorareCEO - Your Place for Sorare Strategies &amp; Tips\",\"description\":\"The best place for up-to-date Sorare strategies, guides &amp; tips.\",\"publisher\":{\"@id\":\"https:\/\/sorareceo.com\/#organization\"},\"potentialAction\":[{\"@type\":\"SearchAction\",\"target\":{\"@type\":\"EntryPoint\",\"urlTemplate\":\"https:\/\/sorareceo.com\/?s={search_term_string}\"},\"query-input\":{\"@type\":\"PropertyValueSpecification\",\"valueRequired\":true,\"valueName\":\"search_term_string\"}}],\"inLanguage\":\"pt-PT\"},{\"@type\":\"Organization\",\"@id\":\"https:\/\/sorareceo.com\/#organization\",\"name\":\"SorareCEO - Your Place for Sorare Strategies &amp; Tips\",\"url\":\"https:\/\/sorareceo.com\/\",\"logo\":{\"@type\":\"ImageObject\",\"inLanguage\":\"pt-PT\",\"@id\":\"https:\/\/sorareceo.com\/#\/schema\/logo\/image\/\",\"url\":\"https:\/\/sorareceo.com\/wp-content\/uploads\/2025\/08\/new-logo.webp\",\"contentUrl\":\"https:\/\/sorareceo.com\/wp-content\/uploads\/2025\/08\/new-logo.webp\",\"width\":500,\"height\":150,\"caption\":\"SorareCEO - Your Place for Sorare Strategies &amp; Tips\"},\"image\":{\"@id\":\"https:\/\/sorareceo.com\/#\/schema\/logo\/image\/\"}}]}<\/script>\n<!-- \/ Yoast SEO plugin. -->","yoast_head_json":{"title":"SorareCEO.com \u2013 seu guia de confian\u00e7a para o Sorare","description":"O SorareCEO \u00e9 sua fonte confi\u00e1vel para guias, tutoriais, dicas, estrat\u00e9gias e not\u00edcias sobre Sorare. Aprenda a se destacar no jogo comigo.","robots":{"index":"index","follow":"follow","max-snippet":"max-snippet:-1","max-image-preview":"max-image-preview:large","max-video-preview":"max-video-preview:-1"},"canonical":"https:\/\/sorareceo.com\/pt-pt\/","og_locale":"pt_PT","og_type":"article","og_title":"SorareCEO.com \u2013 seu guia de confian\u00e7a para o Sorare","og_description":"O SorareCEO \u00e9 sua fonte confi\u00e1vel para guias, tutoriais, dicas, estrat\u00e9gias e not\u00edcias sobre Sorare. Aprenda a se destacar no jogo comigo.","og_url":"https:\/\/sorareceo.com\/pt-pt\/","og_site_name":"SorareCEO - Your Place for Sorare Strategies &amp; Tips","article_modified_time":"2025-09-20T23:05:42+00:00","og_image":[{"width":100,"height":100,"url":"https:\/\/sorareceo.com\/wp-content\/uploads\/2025\/08\/icon.webp","type":"image\/webp"}],"twitter_card":"summary_large_image","twitter_misc":{"Tempo estimado de leitura":"2 minutos"},"schema":{"@context":"https:\/\/schema.org","@graph":[{"@type":"WebPage","@id":"https:\/\/sorareceo.com\/pt-pt\/","url":"https:\/\/sorareceo.com\/pt-pt\/","name":"SorareCEO.com \u2013 seu guia de confian\u00e7a para o Sorare","isPartOf":{"@id":"https:\/\/sorareceo.com\/#website"},"primaryImageOfPage":{"@id":"https:\/\/sorareceo.com\/pt-pt\/#primaryimage"},"image":{"@id":"https:\/\/sorareceo.com\/pt-pt\/#primaryimage"},"thumbnailUrl":"https:\/\/sorareceo.com\/wp-content\/uploads\/2025\/08\/icon.webp","datePublished":"2025-01-04T00:18:52+00:00","dateModified":"2025-09-20T23:05:42+00:00","description":"O SorareCEO \u00e9 sua fonte confi\u00e1vel para guias, tutoriais, dicas, estrat\u00e9gias e not\u00edcias sobre Sorare. Aprenda a se destacar no jogo comigo.","breadcrumb":{"@id":"https:\/\/sorareceo.com\/pt-pt\/#breadcrumb"},"inLanguage":"pt-PT","potentialAction":[{"@type":"ReadAction","target":["https:\/\/sorareceo.com\/pt-pt\/"]}]},{"@type":"ImageObject","inLanguage":"pt-PT","@id":"https:\/\/sorareceo.com\/pt-pt\/#primaryimage","url":"https:\/\/sorareceo.com\/wp-content\/uploads\/2025\/08\/icon.webp","contentUrl":"https:\/\/sorareceo.com\/wp-content\/uploads\/2025\/08\/icon.webp","width":100,"height":100},{"@type":"BreadcrumbList","@id":"https:\/\/sorareceo.com\/pt-pt\/#breadcrumb","itemListElement":[{"@type":"ListItem","position":1,"name":"Home","item":"https:\/\/sorareceo.com\/pt-pt\/"},{"@type":"ListItem","position":2,"name":"SorareCEO.com \u2013 seu guia de confian\u00e7a para o Sorare"}]},{"@type":"WebSite","@id":"https:\/\/sorareceo.com\/#website","url":"https:\/\/sorareceo.com\/","name":"SorareCEO - Your Place for Sorare Strategies &amp; Tips","description":"The best place for up-to-date Sorare strategies, guides &amp; tips.","publisher":{"@id":"https:\/\/sorareceo.com\/#organization"},"potentialAction":[{"@type":"SearchAction","target":{"@type":"EntryPoint","urlTemplate":"https:\/\/sorareceo.com\/?s={search_term_string}"},"query-input":{"@type":"PropertyValueSpecification","valueRequired":true,"valueName":"search_term_string"}}],"inLanguage":"pt-PT"},{"@type":"Organization","@id":"https:\/\/sorareceo.com\/#organization","name":"SorareCEO - Your Place for Sorare Strategies &amp; Tips","url":"https:\/\/sorareceo.com\/","logo":{"@type":"ImageObject","inLanguage":"pt-PT","@id":"https:\/\/sorareceo.com\/#\/schema\/logo\/image\/","url":"https:\/\/sorareceo.com\/wp-content\/uploads\/2025\/08\/new-logo.webp","contentUrl":"https:\/\/sorareceo.com\/wp-content\/uploads\/2025\/08\/new-logo.webp","width":500,"height":150,"caption":"SorareCEO - Your Place for Sorare Strategies &amp; Tips"},"image":{"@id":"https:\/\/sorareceo.com\/#\/schema\/logo\/image\/"}}]}},"_links":{"self":[{"href":"https:\/\/sorareceo.com\/pt-pt\/wp-json\/wp\/v2\/pages\/35612","targetHints":{"allow":["GET"]}}],"collection":[{"href":"https:\/\/sorareceo.com\/pt-pt\/wp-json\/wp\/v2\/pages"}],"about":[{"href":"https:\/\/sorareceo.com\/pt-pt\/wp-json\/wp\/v2\/types\/page"}],"author":[{"embeddable":true,"href":"https:\/\/sorareceo.com\/pt-pt\/wp-json\/wp\/v2\/users\/1"}],"replies":[{"embeddable":true,"href":"https:\/\/sorareceo.com\/pt-pt\/wp-json\/wp\/v2\/comments?post=35612"}],"version-history":[{"count":5,"href":"https:\/\/sorareceo.com\/pt-pt\/wp-json\/wp\/v2\/pages\/35612\/revisions"}],"predecessor-version":[{"id":38730,"href":"https:\/\/sorareceo.com\/pt-pt\/wp-json\/wp\/v2\/pages\/35612\/revisions\/38730"}],"wp:featuredmedia":[{"embeddable":true,"href":"https:\/\/sorareceo.com\/pt-pt\/wp-json\/wp\/v2\/media\/34310"}],"wp:attachment":[{"href":"https:\/\/sorareceo.com\/pt-pt\/wp-json\/wp\/v2\/media?parent=35612"}],"curies":[{"name":"wp","href":"https:\/\/api.w.org\/{rel}","templated":true}]}}