{"id":968,"date":"2022-11-18T00:09:51","date_gmt":"2022-11-18T00:09:51","guid":{"rendered":"https:\/\/www.sorareceo.com\/strona-glowna\/"},"modified":"2022-12-16T21:38:24","modified_gmt":"2022-12-16T21:38:24","slug":"strona-glowna","status":"publish","type":"page","link":"https:\/\/sorareceo.com\/pl\/strona-glowna\/","title":{"rendered":"Strona g\u0142\u00f3wna"},"content":{"rendered":"<h3>#1 Ekspert Sorare<\/h3>\n<h1>SORARE CEO<\/h1>\n<p>Je\u015bli szuka\u0142e\u015b dzia\u0142aj\u0105cych strategii Sorare, wskaz\u00f3wek i trik\u00f3w, a tak\u017ce najnowszych wiadomo\u015bci na temat najwi\u0119kszej platformy fantasy football, trafi\u0142e\u015b we w\u0142a\u015bciwe miejsce. Witamy na pok\u0142adzie.<\/p>\n<p>\t\t\t<a href=\"https:\/\/www.sorareceo.com\/pl\/oferta-powitalna-sorare\/\" role=\"button\"><br \/>\n\t\t\t\t\t\tDARMOWA KARTA<br \/>\n\t\t\t\t\t<\/a><br \/>\n\t\t\t<a href=\"https:\/\/www.sorareceo.com\/pl\/sorare-poradnik-tutorial\/\" role=\"button\"><br \/>\n\t\t\t\t\t\tPORADNIK<br \/>\n\t\t\t\t\t<\/a><\/p>\n<h3>POZW\u00d3L NAM POM\u00d3C CI STA\u0106 SI\u0118 MISTRZEM W SORARE<\/h3>\n<p>Niezale\u017cnie od tego, czy chcesz poprawi\u0107 swoj\u0105 pozycj\u0119 w cotygodniowych rozgrywkach (i zacz\u0105\u0107 wygrywa\u0107 nagrody), zosta\u0107 odnosz\u0105cym sukcesy traderem w Sorare, czy po prostu mie\u0107 o wiele wi\u0119cej zabawy graj\u0105c w fantasy football (lub NBA lub MLB), SorareCEO to miejsce dla Ciebie.<\/p>\n<p>\t\t\t\t\t\t\t\t\t\t\t\t\t\t\t<img decoding=\"async\" src=\"https:\/\/sorare.com\/assets\/legacy.5302204a.png\" title=\"\" alt=\"\" \/><br \/>\n\t\t\t\t0<br \/>\n\t\t\t\t+<br \/>\n\t\t\t\t\t\t\tMENAD\u017bER\u00d3W SORARE<br \/>\n\t\t\t\t0<br \/>\n\t\t\t\t+<br \/>\n\t\t\t\t\t\t\tCotygodniowych rozgrywek<br \/>\n\t\t\t\t0<br \/>\n\t\t\t\t\t\t\tSORARE CEO<\/p>\n","protected":false},"excerpt":{"rendered":"<p>#1 Ekspert Sorare SORARE CEO Je\u015bli szuka\u0142e\u015b dzia\u0142aj\u0105cych strategii Sorare, wskaz\u00f3wek i trik\u00f3w, a tak\u017ce najnowszych wiadomo\u015bci na temat najwi\u0119kszej platformy fantasy football, trafi\u0142e\u015b we w\u0142a\u015bciwe miejsce. Witamy na pok\u0142adzie. DARMOWA KARTA PORADNIK POZW\u00d3L NAM POM\u00d3C CI STA\u0106 SI\u0118 MISTRZEM W SORARE Niezale\u017cnie od tego, czy chcesz poprawi\u0107 swoj\u0105 pozycj\u0119 w cotygodniowych rozgrywkach (i zacz\u0105\u0107 &#8230; <a title=\"Strona g\u0142\u00f3wna\" class=\"read-more\" href=\"https:\/\/sorareceo.com\/pl\/strona-glowna\/\" aria-label=\"Dowiedz si\u0119 wi\u0119cej o Strona g\u0142\u00f3wna\">Czytaj dalej<\/a><\/p>\n","protected":false},"author":1,"featured_media":0,"parent":0,"menu_order":0,"comment_status":"closed","ping_status":"closed","template":"","meta":{"footnotes":""},"class_list":["post-968","page","type-page","status-publish"],"yoast_head":"<!-- This site is optimized with the Yoast SEO plugin v26.6 - https:\/\/yoast.com\/wordpress\/plugins\/seo\/ -->\n<title>SorareCEO - najwi\u0119kszy portal dla fan\u00f3w Sorare w Polsce<\/title>\n<meta name=\"robots\" content=\"index, follow, max-snippet:-1, max-image-preview:large, max-video-preview:-1\" \/>\n<link rel=\"canonical\" href=\"https:\/\/sorareceo.com\/pl\/strona-glowna\/\" \/>\n<meta property=\"og:locale\" content=\"pl_PL\" \/>\n<meta property=\"og:type\" content=\"article\" \/>\n<meta property=\"og:title\" content=\"SorareCEO - najwi\u0119kszy portal dla fan\u00f3w Sorare w Polsce\" \/>\n<meta property=\"og:description\" content=\"#1 Ekspert Sorare SORARE CEO Je\u015bli szuka\u0142e\u015b dzia\u0142aj\u0105cych strategii Sorare, wskaz\u00f3wek i trik\u00f3w, a tak\u017ce najnowszych wiadomo\u015bci na temat najwi\u0119kszej platformy fantasy football, trafi\u0142e\u015b we w\u0142a\u015bciwe miejsce. Witamy na pok\u0142adzie. DARMOWA KARTA PORADNIK POZW\u00d3L NAM POM\u00d3C CI STA\u0106 SI\u0118 MISTRZEM W SORARE Niezale\u017cnie od tego, czy chcesz poprawi\u0107 swoj\u0105 pozycj\u0119 w cotygodniowych rozgrywkach (i zacz\u0105\u0107 ... Czytaj dalej\" \/>\n<meta property=\"og:url\" content=\"https:\/\/sorareceo.com\/pl\/strona-glowna\/\" \/>\n<meta property=\"og:site_name\" content=\"SorareCEO - Your Place for Sorare Strategies &amp; Tips\" \/>\n<meta property=\"article:modified_time\" content=\"2022-12-16T21:38:24+00:00\" \/>\n<meta property=\"og:image\" content=\"https:\/\/sorare.com\/assets\/legacy.5302204a.png\" \/>\n<meta name=\"twitter:card\" content=\"summary_large_image\" \/>\n<meta name=\"twitter:label1\" content=\"Szacowany czas czytania\" \/>\n\t<meta name=\"twitter:data1\" content=\"1 minuta\" \/>\n<script type=\"application\/ld+json\" class=\"yoast-schema-graph\">{\"@context\":\"https:\/\/schema.org\",\"@graph\":[{\"@type\":\"WebPage\",\"@id\":\"https:\/\/sorareceo.com\/pl\/strona-glowna\/\",\"url\":\"https:\/\/sorareceo.com\/pl\/strona-glowna\/\",\"name\":\"SorareCEO - najwi\u0119kszy portal dla fan\u00f3w Sorare w Polsce\",\"isPartOf\":{\"@id\":\"https:\/\/sorareceo.com\/#website\"},\"primaryImageOfPage\":{\"@id\":\"https:\/\/sorareceo.com\/pl\/strona-glowna\/#primaryimage\"},\"image\":{\"@id\":\"https:\/\/sorareceo.com\/pl\/strona-glowna\/#primaryimage\"},\"thumbnailUrl\":\"https:\/\/sorare.com\/assets\/legacy.5302204a.png\",\"datePublished\":\"2022-11-18T00:09:51+00:00\",\"dateModified\":\"2022-12-16T21:38:24+00:00\",\"breadcrumb\":{\"@id\":\"https:\/\/sorareceo.com\/pl\/strona-glowna\/#breadcrumb\"},\"inLanguage\":\"pl-PL\",\"potentialAction\":[{\"@type\":\"ReadAction\",\"target\":[\"https:\/\/sorareceo.com\/pl\/strona-glowna\/\"]}]},{\"@type\":\"ImageObject\",\"inLanguage\":\"pl-PL\",\"@id\":\"https:\/\/sorareceo.com\/pl\/strona-glowna\/#primaryimage\",\"url\":\"https:\/\/sorare.com\/assets\/legacy.5302204a.png\",\"contentUrl\":\"https:\/\/sorare.com\/assets\/legacy.5302204a.png\"},{\"@type\":\"BreadcrumbList\",\"@id\":\"https:\/\/sorareceo.com\/pl\/strona-glowna\/#breadcrumb\",\"itemListElement\":[{\"@type\":\"ListItem\",\"position\":1,\"name\":\"Home\",\"item\":\"https:\/\/sorareceo.com\/pl\/\"},{\"@type\":\"ListItem\",\"position\":2,\"name\":\"Strona g\u0142\u00f3wna\"}]},{\"@type\":\"WebSite\",\"@id\":\"https:\/\/sorareceo.com\/#website\",\"url\":\"https:\/\/sorareceo.com\/\",\"name\":\"SorareCEO - Your Place for Sorare Strategies &amp; Tips\",\"description\":\"The best place for up-to-date Sorare strategies, guides &amp; tips.\",\"publisher\":{\"@id\":\"https:\/\/sorareceo.com\/#organization\"},\"potentialAction\":[{\"@type\":\"SearchAction\",\"target\":{\"@type\":\"EntryPoint\",\"urlTemplate\":\"https:\/\/sorareceo.com\/?s={search_term_string}\"},\"query-input\":{\"@type\":\"PropertyValueSpecification\",\"valueRequired\":true,\"valueName\":\"search_term_string\"}}],\"inLanguage\":\"pl-PL\"},{\"@type\":\"Organization\",\"@id\":\"https:\/\/sorareceo.com\/#organization\",\"name\":\"SorareCEO - Your Place for Sorare Strategies &amp; Tips\",\"url\":\"https:\/\/sorareceo.com\/\",\"logo\":{\"@type\":\"ImageObject\",\"inLanguage\":\"pl-PL\",\"@id\":\"https:\/\/sorareceo.com\/#\/schema\/logo\/image\/\",\"url\":\"https:\/\/sorareceo.com\/wp-content\/uploads\/2025\/08\/new-logo.webp\",\"contentUrl\":\"https:\/\/sorareceo.com\/wp-content\/uploads\/2025\/08\/new-logo.webp\",\"width\":500,\"height\":150,\"caption\":\"SorareCEO - Your Place for Sorare Strategies &amp; Tips\"},\"image\":{\"@id\":\"https:\/\/sorareceo.com\/#\/schema\/logo\/image\/\"}}]}<\/script>\n<!-- \/ Yoast SEO plugin. -->","yoast_head_json":{"title":"SorareCEO - najwi\u0119kszy portal dla fan\u00f3w Sorare w Polsce","robots":{"index":"index","follow":"follow","max-snippet":"max-snippet:-1","max-image-preview":"max-image-preview:large","max-video-preview":"max-video-preview:-1"},"canonical":"https:\/\/sorareceo.com\/pl\/strona-glowna\/","og_locale":"pl_PL","og_type":"article","og_title":"SorareCEO - najwi\u0119kszy portal dla fan\u00f3w Sorare w Polsce","og_description":"#1 Ekspert Sorare SORARE CEO Je\u015bli szuka\u0142e\u015b dzia\u0142aj\u0105cych strategii Sorare, wskaz\u00f3wek i trik\u00f3w, a tak\u017ce najnowszych wiadomo\u015bci na temat najwi\u0119kszej platformy fantasy football, trafi\u0142e\u015b we w\u0142a\u015bciwe miejsce. Witamy na pok\u0142adzie. DARMOWA KARTA PORADNIK POZW\u00d3L NAM POM\u00d3C CI STA\u0106 SI\u0118 MISTRZEM W SORARE Niezale\u017cnie od tego, czy chcesz poprawi\u0107 swoj\u0105 pozycj\u0119 w cotygodniowych rozgrywkach (i zacz\u0105\u0107 ... Czytaj dalej","og_url":"https:\/\/sorareceo.com\/pl\/strona-glowna\/","og_site_name":"SorareCEO - Your Place for Sorare Strategies &amp; Tips","article_modified_time":"2022-12-16T21:38:24+00:00","og_image":[{"url":"https:\/\/sorare.com\/assets\/legacy.5302204a.png","type":"","width":"","height":""}],"twitter_card":"summary_large_image","twitter_misc":{"Szacowany czas czytania":"1 minuta"},"schema":{"@context":"https:\/\/schema.org","@graph":[{"@type":"WebPage","@id":"https:\/\/sorareceo.com\/pl\/strona-glowna\/","url":"https:\/\/sorareceo.com\/pl\/strona-glowna\/","name":"SorareCEO - najwi\u0119kszy portal dla fan\u00f3w Sorare w Polsce","isPartOf":{"@id":"https:\/\/sorareceo.com\/#website"},"primaryImageOfPage":{"@id":"https:\/\/sorareceo.com\/pl\/strona-glowna\/#primaryimage"},"image":{"@id":"https:\/\/sorareceo.com\/pl\/strona-glowna\/#primaryimage"},"thumbnailUrl":"https:\/\/sorare.com\/assets\/legacy.5302204a.png","datePublished":"2022-11-18T00:09:51+00:00","dateModified":"2022-12-16T21:38:24+00:00","breadcrumb":{"@id":"https:\/\/sorareceo.com\/pl\/strona-glowna\/#breadcrumb"},"inLanguage":"pl-PL","potentialAction":[{"@type":"ReadAction","target":["https:\/\/sorareceo.com\/pl\/strona-glowna\/"]}]},{"@type":"ImageObject","inLanguage":"pl-PL","@id":"https:\/\/sorareceo.com\/pl\/strona-glowna\/#primaryimage","url":"https:\/\/sorare.com\/assets\/legacy.5302204a.png","contentUrl":"https:\/\/sorare.com\/assets\/legacy.5302204a.png"},{"@type":"BreadcrumbList","@id":"https:\/\/sorareceo.com\/pl\/strona-glowna\/#breadcrumb","itemListElement":[{"@type":"ListItem","position":1,"name":"Home","item":"https:\/\/sorareceo.com\/pl\/"},{"@type":"ListItem","position":2,"name":"Strona g\u0142\u00f3wna"}]},{"@type":"WebSite","@id":"https:\/\/sorareceo.com\/#website","url":"https:\/\/sorareceo.com\/","name":"SorareCEO - Your Place for Sorare Strategies &amp; Tips","description":"The best place for up-to-date Sorare strategies, guides &amp; tips.","publisher":{"@id":"https:\/\/sorareceo.com\/#organization"},"potentialAction":[{"@type":"SearchAction","target":{"@type":"EntryPoint","urlTemplate":"https:\/\/sorareceo.com\/?s={search_term_string}"},"query-input":{"@type":"PropertyValueSpecification","valueRequired":true,"valueName":"search_term_string"}}],"inLanguage":"pl-PL"},{"@type":"Organization","@id":"https:\/\/sorareceo.com\/#organization","name":"SorareCEO - Your Place for Sorare Strategies &amp; Tips","url":"https:\/\/sorareceo.com\/","logo":{"@type":"ImageObject","inLanguage":"pl-PL","@id":"https:\/\/sorareceo.com\/#\/schema\/logo\/image\/","url":"https:\/\/sorareceo.com\/wp-content\/uploads\/2025\/08\/new-logo.webp","contentUrl":"https:\/\/sorareceo.com\/wp-content\/uploads\/2025\/08\/new-logo.webp","width":500,"height":150,"caption":"SorareCEO - Your Place for Sorare Strategies &amp; Tips"},"image":{"@id":"https:\/\/sorareceo.com\/#\/schema\/logo\/image\/"}}]}},"_links":{"self":[{"href":"https:\/\/sorareceo.com\/pl\/wp-json\/wp\/v2\/pages\/968","targetHints":{"allow":["GET"]}}],"collection":[{"href":"https:\/\/sorareceo.com\/pl\/wp-json\/wp\/v2\/pages"}],"about":[{"href":"https:\/\/sorareceo.com\/pl\/wp-json\/wp\/v2\/types\/page"}],"author":[{"embeddable":true,"href":"https:\/\/sorareceo.com\/pl\/wp-json\/wp\/v2\/users\/1"}],"replies":[{"embeddable":true,"href":"https:\/\/sorareceo.com\/pl\/wp-json\/wp\/v2\/comments?post=968"}],"version-history":[{"count":0,"href":"https:\/\/sorareceo.com\/pl\/wp-json\/wp\/v2\/pages\/968\/revisions"}],"wp:attachment":[{"href":"https:\/\/sorareceo.com\/pl\/wp-json\/wp\/v2\/media?parent=968"}],"curies":[{"name":"wp","href":"https:\/\/api.w.org\/{rel}","templated":true}]}}