{"id":713,"date":"2022-10-21T00:49:42","date_gmt":"2022-10-21T00:49:42","guid":{"rendered":"https:\/\/www.sorareceo.com\/oferta-bonus-powitalny-sorare-2022-12-kart-common-i-1-limited\/"},"modified":"2025-08-06T05:37:35","modified_gmt":"2025-08-06T05:37:35","slug":"oferta-powitalna-sorare","status":"publish","type":"page","link":"https:\/\/sorareceo.com\/pl\/oferta-powitalna-sorare\/","title":{"rendered":"Najlepszy bonus powitalny Sorare 2025 [$150 do wydania na karty]"},"content":{"rendered":"\n<p>Za\u0142o\u017cenie konta w Sorare jest ca\u0142kowicie darmowe i zajmuje tylko chwil\u0119. Ale wielu nowych graczy nie wie, \u017ce dost\u0119pny jest bonus powitalny Sorare, kt\u00f3ry daje Ci przewag\u0119 ju\u017c na samym starcie.<\/p>\n\n\n\n<p>Jako \u017ce SorareCEO.com jest oficjalnym partnerem gry, nasi czytelnicy mog\u0105 skorzysta\u0107 z najlepszej oferty na rynku \u2013 $150 w kredytach na zakup kart!<\/p>\n\n\n<div class=\"gb-container gb-container-86147414 offer-content\"><div class=\"gb-inside-container\">\n<div class=\"gb-grid-wrapper gb-grid-wrapper-1f0ac75f\">\n<div class=\"gb-grid-column gb-grid-column-d0516e33\"><div class=\"gb-container gb-container-d0516e33\"><div class=\"gb-inside-container\">\n\n<p class=\"gb-headline gb-headline-09f7489c gb-headline-text\">BONUS POWITALNY<\/p>\n\n\n\n<p class=\"gb-headline gb-headline-eeb2c06c gb-headline-text\">Zarejestruj si\u0119 na Sorare z t\u0105 ofert\u0105 i odbierz darmowe $150 do wydania na karty.<\/p>\n\n<\/div><\/div><\/div>\n\n<div class=\"gb-grid-column gb-grid-column-53f5d8fa\"><div class=\"gb-container gb-container-53f5d8fa\"><div class=\"gb-inside-container\">\n\n<div class=\"wp-block-buttons has-border-color is-horizontal is-content-justification-center is-layout-flex wp-container-core-buttons-is-layout-29bd5dc9 wp-block-buttons-is-layout-flex\" style=\"border-color:var(--base-3);border-width:3px;border-radius:12px\">\n<div class=\"wp-block-button has-custom-width wp-block-button__width-100 aligncenter is-style-fill\"><a class=\"wp-block-button__link has-base-3-color has-accent-background-color has-text-color has-background has-custom-font-size wp-element-button\" href=\"https:\/\/sorare.pxf.io\/Nk0GkP\" style=\"border-radius:10px;font-size:22px;font-style:normal;font-weight:1000\" target=\"_blank\" rel=\"noreferrer noopener nofollow\">ZGARNIJ $150 TERAZ<\/a><\/div>\n<\/div>\n\n<\/div><\/div><\/div>\n<\/div>\n<\/div><\/div><div class=\"gb-container gb-container-72194729\">\n\n<figure class=\"gb-block-image gb-block-image-176ca640\"><img loading=\"lazy\" decoding=\"async\" width=\"700\" height=\"350\" class=\"gb-image gb-image-176ca640\" src=\"http:\/\/sorareceo.com\/wp-content\/uploads\/2023\/03\/banner-cards.webp\" alt=\"\" title=\"banner-cards\" srcset=\"https:\/\/sorareceo.com\/wp-content\/uploads\/2023\/03\/banner-cards.webp 700w, https:\/\/sorareceo.com\/wp-content\/uploads\/2023\/03\/banner-cards-300x150.webp 300w\" sizes=\"auto, (max-width: 700px) 100vw, 700px\" \/><\/figure>\n\n\n\n<div class=\"gb-headline gb-headline-d537e29c gb-headline-text\">BONUS POWITALNY<\/div>\n\n\n\n<div class=\"gb-headline gb-headline-563ddc24 gb-headline-text\">Do\u0142\u0105cz do Sorare dzi\u015b i odbierz darmowe $150 do wydania na karty.<\/div>\n\n\n\n<a class=\"gb-button gb-button-40af701f\" href=\"https:\/\/sorare.pxf.io\/Nk0GkP\" target=\"_blank\" rel=\"nofollow noopener noreferrer\"><span class=\"gb-icon\"><svg xmlns=\"http:\/\/www.w3.org\/2000\/svg\" aria-hidden=\"true\" role=\"img\" height=\"1em\" width=\"1em\" viewbox=\"0 0 448 512\"><path fill=\"currentColor\" d=\"M416 208H272V64c0-17.67-14.33-32-32-32h-32c-17.67 0-32 14.33-32 32v144H32c-17.67 0-32 14.33-32 32v32c0 17.67 14.33 32 32 32h144v144c0 17.67 14.33 32 32 32h32c17.67 0 32-14.33 32-32V304h144c17.67 0 32-14.33 32-32v-32c0-17.67-14.33-32-32-32z\"><\/path><\/svg><\/span><span class=\"gb-button-text\">REJESTRACJA<\/span><\/a>\n\n<\/div>\n\n\n<p>W tym artykule pokazuj\u0119 dok\u0142adnie, jak odebra\u0107 ten bonus\u2026 i jak zacz\u0105\u0107 taniej ni\u017c wi\u0119kszo\u015b\u0107 pocz\u0105tkuj\u0105cych.<\/p>\n\n\n\n<h2 class=\"wp-block-heading\">Krok po kroku: jak dzia\u0142a bonus powitalny Sorare<\/h2>\n\n\n\n<p>Naprawd\u0119 szkoda, \u017ce Sorare nie mia\u0142o takiej oferty, kiedy zaczyna\u0142em w 2022 roku. Wtedy, jako nowy mened\u017cer, dosta\u0142em jedn\u0105 kart\u0119 Limitowan\u0105 wart\u0105 mo\u017ce $2 \u2013 i to dopiero po zakupie pi\u0119ciu innych.<\/p>\n\n\n\n<p>Dzisiaj dostajesz co\u015b 75 razy lepszego. Ten bonus $150 dost\u0119pny dla moich czytelnik\u00f3w to najlepsza oferta powitalna Sorare w historii. I najlepsze: jeste\u015b dos\u0142ownie kilka klik\u00f3w od jego aktywacji!<\/p>\n\n\n<div class=\"gb-container gb-container-7d331f7e pro-tip\">\n\n<h3 class=\"wp-block-heading\">\ud83d\udcdd Warunki oferty:<\/h3>\n\n\n\n<ul class=\"wp-block-list\">\n<li><strong>Kwota:<\/strong> $150 (lub r\u00f3wnowarto\u015b\u0107 w \u20ac, \u00a3) w kredytach na karty<\/li>\n\n\n\n<li><strong>Wa\u017cno\u015b\u0107:<\/strong> 12 miesi\u0119cy<\/li>\n\n\n\n<li><strong>Jak to dzia\u0142a:<\/strong> Bonus dzia\u0142a jako 50% zni\u017cki przy zakupach. Karta za $20 kosztuje Ci\u0119 tylko $10, karta za $100 \u2013 tylko $50. Mo\u017cesz wykorzysta\u0107 wszystko od razu lub rozbi\u0107 na wiele zakup\u00f3w.<\/li>\n<\/ul>\n\n<\/div>\n\n\n<h3 class=\"wp-block-heading\">Krok 1: U\u017cyj odpowiedniego linka partnerskiego<\/h3>\n\n\n\n<p>Aby aktywowa\u0107 bonus $150, musisz za\u0142o\u017cy\u0107 konto przez m\u00f3j link partnerski do Sorare. Tym samym nie tylko zgarniasz bonus, ale te\u017c wspierasz moj\u0105 prac\u0119 (dzi\u0119ki z g\u00f3ry! \ud83d\ude42 ).<\/p>\n\n\n\n<p><a href=\"https:\/\/sorare.pxf.io\/Nk0GkP\" target=\"_blank\" rel=\"noreferrer noopener nofollow\"><strong>Kliknij tutaj<\/strong><\/a>, aby przej\u015b\u0107 do oferty.<\/p>\n\n\n\n<h3 class=\"wp-block-heading\">Krok 2: Wybierz swoj\u0105 nazw\u0119 mened\u017cera<\/h3>\n\n\n\n<figure class=\"wp-block-image size-large\"><img loading=\"lazy\" decoding=\"async\" width=\"1024\" height=\"445\" src=\"http:\/\/sorareceo.com\/wp-content\/uploads\/2025\/08\/offer-claim-screenshot-1024x445.webp\" alt=\"\" class=\"wp-image-31468\" srcset=\"https:\/\/sorareceo.com\/wp-content\/uploads\/2025\/08\/offer-claim-screenshot-1024x445.webp 1024w, https:\/\/sorareceo.com\/wp-content\/uploads\/2025\/08\/offer-claim-screenshot-300x130.webp 300w, https:\/\/sorareceo.com\/wp-content\/uploads\/2025\/08\/offer-claim-screenshot-768x334.webp 768w, https:\/\/sorareceo.com\/wp-content\/uploads\/2025\/08\/offer-claim-screenshot-1536x668.webp 1536w, https:\/\/sorareceo.com\/wp-content\/uploads\/2025\/08\/offer-claim-screenshot-2048x890.webp 2048w\" sizes=\"auto, (max-width: 1024px) 100vw, 1024px\" \/><\/figure>\n\n\n\n<p>Po klikni\u0119ciu trafisz na stron\u0119, gdzie podajesz nazw\u0119 u\u017cytkownika \u2013 to b\u0119dzie Tw\u00f3j nick widoczny w rankingach i podczas wymian kart. Bez stresu, mo\u017cesz go p\u00f3\u017aniej zmieni\u0107.<\/p>\n\n\n\n<h3 class=\"wp-block-heading\">Krok 3: Zarejestruj konto<\/h3>\n\n\n\n<figure class=\"wp-block-image size-large\"><img loading=\"lazy\" decoding=\"async\" width=\"1024\" height=\"436\" src=\"http:\/\/sorareceo.com\/wp-content\/uploads\/2025\/07\/sorare-start-screenshot-email-1024x436.webp\" alt=\"\" class=\"wp-image-31210\" srcset=\"https:\/\/sorareceo.com\/wp-content\/uploads\/2025\/07\/sorare-start-screenshot-email-1024x436.webp 1024w, https:\/\/sorareceo.com\/wp-content\/uploads\/2025\/07\/sorare-start-screenshot-email-300x128.webp 300w, https:\/\/sorareceo.com\/wp-content\/uploads\/2025\/07\/sorare-start-screenshot-email-768x327.webp 768w, https:\/\/sorareceo.com\/wp-content\/uploads\/2025\/07\/sorare-start-screenshot-email-1536x654.webp 1536w, https:\/\/sorareceo.com\/wp-content\/uploads\/2025\/07\/sorare-start-screenshot-email-2048x872.webp 2048w\" sizes=\"auto, (max-width: 1024px) 100vw, 1024px\" \/><\/figure>\n\n\n\n<p>Je\u015bli wybrana nazwa jest wolna, przechodzisz dalej. W kolejnym kroku musisz:<\/p>\n\n\n\n<ul class=\"wp-block-list\">\n<li>Potwierdzi\u0107, \u017ce masz minimum 16 lat (to dolna granica wieku w Sorare)<\/li>\n\n\n\n<li>Zaakceptowa\u0107 Regulamin i Polityk\u0119 Prywatno\u015bci<\/li>\n\n\n\n<li>Wybra\u0107 spos\u00f3b rejestracji: e-mail, konto Google lub Apple<\/li>\n<\/ul>\n\n\n\n<p class=\"pro-tip\"><strong>\ud83d\udca1 PRO TIP:<\/strong> Ju\u017c masz konto, ale nie skorzysta\u0142e\u015b z mojego bonusu powitalnego? Nic straconego! Zarejestruj si\u0119 ponownie z innym mailem i zgarniesz ten sam bonus $150, jak wszyscy czytelnicy SorareCEO.<\/p>\n\n\n\n<p>Nie zapomnij ustawi\u0107 mocnego has\u0142a \u2013 to Twoja przepustka do konta i pe\u0142nego dost\u0119pu do rynku.<\/p>\n\n\n\n<h2 class=\"wp-block-heading\">Czy istnieje lepsza oferta powitalna Sorare?<\/h2>\n\n\n\n<p>Na dzie\u0144 pisania tego artyku\u0142u mog\u0119 \u015bmia\u0142o powiedzie\u0107, \u017ce ten bonus powitalny Sorare jest najlepszy ze wszystkich dost\u0119pnych. \u017baden inny partner nie oferuje wi\u0119cej ni\u017c $150!<\/p>\n\n\n\n<p>Niestety, s\u0105 strony, kt\u00f3re pr\u00f3buj\u0105 Ci wm\u00f3wi\u0107, \u017ce dostaniesz darmow\u0105 kart\u0119 Rzadk\u0105, Super Rzadk\u0105 albo nawet Unikaln\u0105. To zwyk\u0142e oszustwo maj\u0105ce na celu zdobycie Twojego klikni\u0119cia w ich link afiliacyjny.<\/p>\n\n\n<div class=\"gb-container gb-container-86147414 offer-content\"><div class=\"gb-inside-container\">\n<div class=\"gb-grid-wrapper gb-grid-wrapper-1f0ac75f\">\n<div class=\"gb-grid-column gb-grid-column-d0516e33\"><div class=\"gb-container gb-container-d0516e33\"><div class=\"gb-inside-container\">\n\n<p class=\"gb-headline gb-headline-09f7489c gb-headline-text\">BONUS POWITALNY<\/p>\n\n\n\n<p class=\"gb-headline gb-headline-eeb2c06c gb-headline-text\">Zarejestruj si\u0119 na Sorare z t\u0105 ofert\u0105 i odbierz darmowe $150 do wydania na karty.<\/p>\n\n<\/div><\/div><\/div>\n\n<div class=\"gb-grid-column gb-grid-column-53f5d8fa\"><div class=\"gb-container gb-container-53f5d8fa\"><div class=\"gb-inside-container\">\n\n<div class=\"wp-block-buttons has-border-color is-horizontal is-content-justification-center is-layout-flex wp-container-core-buttons-is-layout-29bd5dc9 wp-block-buttons-is-layout-flex\" style=\"border-color:var(--base-3);border-width:3px;border-radius:12px\">\n<div class=\"wp-block-button has-custom-width wp-block-button__width-100 aligncenter is-style-fill\"><a class=\"wp-block-button__link has-base-3-color has-accent-background-color has-text-color has-background has-custom-font-size wp-element-button\" href=\"https:\/\/sorare.pxf.io\/Nk0GkP\" style=\"border-radius:10px;font-size:22px;font-style:normal;font-weight:1000\" target=\"_blank\" rel=\"noreferrer noopener nofollow\">ZGARNIJ $150 TERAZ<\/a><\/div>\n<\/div>\n\n<\/div><\/div><\/div>\n<\/div>\n<\/div><\/div><div class=\"gb-container gb-container-72194729\">\n\n<figure class=\"gb-block-image gb-block-image-176ca640\"><img loading=\"lazy\" decoding=\"async\" width=\"700\" height=\"350\" class=\"gb-image gb-image-176ca640\" src=\"http:\/\/sorareceo.com\/wp-content\/uploads\/2023\/03\/banner-cards.webp\" alt=\"\" title=\"banner-cards\" srcset=\"https:\/\/sorareceo.com\/wp-content\/uploads\/2023\/03\/banner-cards.webp 700w, https:\/\/sorareceo.com\/wp-content\/uploads\/2023\/03\/banner-cards-300x150.webp 300w\" sizes=\"auto, (max-width: 700px) 100vw, 700px\" \/><\/figure>\n\n\n\n<div class=\"gb-headline gb-headline-d537e29c gb-headline-text\">BONUS POWITALNY<\/div>\n\n\n\n<div class=\"gb-headline gb-headline-563ddc24 gb-headline-text\">Do\u0142\u0105cz do Sorare dzi\u015b i odbierz darmowe $150 do wydania na karty.<\/div>\n\n\n\n<a class=\"gb-button gb-button-40af701f\" href=\"https:\/\/sorare.pxf.io\/Nk0GkP\" target=\"_blank\" rel=\"nofollow noopener noreferrer\"><span class=\"gb-icon\"><svg xmlns=\"http:\/\/www.w3.org\/2000\/svg\" aria-hidden=\"true\" role=\"img\" height=\"1em\" width=\"1em\" viewbox=\"0 0 448 512\"><path fill=\"currentColor\" d=\"M416 208H272V64c0-17.67-14.33-32-32-32h-32c-17.67 0-32 14.33-32 32v144H32c-17.67 0-32 14.33-32 32v32c0 17.67 14.33 32 32 32h144v144c0 17.67 14.33 32 32 32h32c17.67 0 32-14.33 32-32V304h144c17.67 0 32-14.33 32-32v-32c0-17.67-14.33-32-32-32z\"><\/path><\/svg><\/span><span class=\"gb-button-text\">REJESTRACJA<\/span><\/a>\n\n<\/div>\n\n\n<p>Je\u015bli pojawi si\u0119 nowy bonus powitalny Sorare, moi czytelnicy dowiedz\u0105 si\u0119 pierwsi.<\/p>\n\n\n\n<h2 class=\"wp-block-heading\">Wi\u0119cej o Sorare<\/h2>\n\n\n\n<p>Sorare powsta\u0142o w 2019 roku dzi\u0119ki dw\u00f3m francuskim in\u017cynierom \u2013 Nicolasowi Julii i Adrienowi Montfortowi \u2013 wielkim fanom pi\u0142ki i nowych technologii. Od tego czasu Sorare sta\u0142o si\u0119 liderem na rynku gier fantasy.<\/p>\n\n\n\n<p>Sukces Sorare nie jest przypadkiem. To po\u0142\u0105czenie oficjalnych kart cyfrowych, prawdziwych wynik\u00f3w meczowych i konkretnych nagr\u00f3d przyci\u0105ga graczy z ca\u0142ego \u015bwiata. W projekt zainwestowali m.in. Kylian Mbapp\u00e9 i Serena Williams.<\/p>\n\n\n\n<p>To, co wyr\u00f3\u017cnia Sorare, to fakt, \u017ce ka\u017cda karta jest prawdziwym cyfrowym aktywem. Mo\u017cesz jej u\u017cywa\u0107 w turniejach, trzyma\u0107 jako kolekcjonersk\u0105 albo sprzeda\u0107\/wymieni\u0107 na rynku. Twoja strategia, Tw\u00f3j wyb\u00f3r.<\/p>\n\n\n\n<p>Nowe karty zdobywasz na dwa sposoby: kupuj\u0105c na rynku Sorare albo wygrywaj\u0105c je w turniejach. Gdy masz ju\u017c kilka kart, mo\u017cesz zacz\u0105\u0107 budowa\u0107 sk\u0142ady i bra\u0107 udzia\u0142 w cotygodniowych konkursach.<\/p>\n\n\n\n<p>Na start dostajesz darmowy zestaw kart Wsp\u00f3lnych, by bez ryzyka pozna\u0107 zasady gry. Ale je\u015bli chcesz si\u0119 wspina\u0107 w rankingach i walczy\u0107 o powa\u017cne nagrody, b\u0119dziesz potrzebowa\u0107 kart Limitowanych, Rzadkich, Super Rzadkich albo Unikalnych.<\/p>\n\n\n\n<p>Podstawowe wyzwanie? Zbuduj najmocniejsz\u0105 pi\u0105tk\u0119 i pokonuj innych graczy dzi\u0119ki realnym statystykom pi\u0142karzy. Im lepiej radz\u0105 sobie na boisku, tym wi\u0119cej zdobywasz punkt\u00f3w fantasy. A te punkty oznaczaj\u0105 nagrody pieni\u0119\u017cne, nowe karty i&#8230; \u015bwiatowy presti\u017c.<\/p>\n\n\n\n<p>Je\u015bli chcesz unikn\u0105\u0107 b\u0142\u0119d\u00f3w pocz\u0105tkuj\u0105cego i szybciej wej\u015b\u0107 na wy\u017cszy poziom, sprawd\u017a m\u00f3j <a href=\"https:\/\/sorareceo.com\/pl\/sorare-poradnik-tutorial\/\" target=\"_blank\" rel=\"noreferrer noopener\">Sorare poradnik<\/a> dla nowych graczy.<\/p>\n\n\n\n<p class=\"pro-tip\">Masz pytania albo problemy z aktywacj\u0105 bonusu powitalnego Sorare? Odezwij si\u0119 do mnie na Twitterze <strong>@SorareCEOx<\/strong> albo <a href=\"mailto:contact@sorareceo.com\">wy\u015blij maila<\/a>. Ch\u0119tnie pomog\u0119!<\/p>\n","protected":false},"excerpt":{"rendered":"<p>Za\u0142o\u017cenie konta w Sorare jest ca\u0142kowicie darmowe i zajmuje tylko chwil\u0119. Ale wielu nowych graczy nie wie, \u017ce dost\u0119pny jest bonus powitalny Sorare, kt\u00f3ry daje Ci przewag\u0119 ju\u017c na samym starcie. Jako \u017ce SorareCEO.com jest oficjalnym partnerem gry, nasi czytelnicy mog\u0105 skorzysta\u0107 z najlepszej oferty na rynku \u2013 $150 w kredytach na zakup kart! W &#8230; <a title=\"Najlepszy bonus powitalny Sorare 2025 [$150 do wydania na karty]\" class=\"read-more\" href=\"https:\/\/sorareceo.com\/pl\/oferta-powitalna-sorare\/\" aria-label=\"Dowiedz si\u0119 wi\u0119cej o Najlepszy bonus powitalny Sorare 2025 [$150 do wydania na karty]\">Czytaj dalej<\/a><\/p>\n","protected":false},"author":1,"featured_media":34420,"parent":0,"menu_order":0,"comment_status":"closed","ping_status":"closed","template":"","meta":{"footnotes":""},"class_list":["post-713","page","type-page","status-publish","has-post-thumbnail"],"yoast_head":"<!-- This site is optimized with the Yoast SEO plugin v26.6 - https:\/\/yoast.com\/wordpress\/plugins\/seo\/ -->\n<title>Najlepszy bonus powitalny Sorare 2025 [$150 do wydania na karty]<\/title>\n<meta name=\"description\" content=\"Bonus powitalny Sorare oferowany przez SorareCEO to a\u017c $150 zni\u017cki na Twoje pierwsze karty. Zgarnij TERAZ!\" \/>\n<meta name=\"robots\" content=\"index, follow, max-snippet:-1, max-image-preview:large, max-video-preview:-1\" \/>\n<link rel=\"canonical\" href=\"https:\/\/sorareceo.com\/sorare-sign-up-offer\/\" \/>\n<meta property=\"og:locale\" content=\"pl_PL\" \/>\n<meta property=\"og:type\" content=\"article\" \/>\n<meta property=\"og:title\" content=\"Najlepszy bonus powitalny Sorare 2025 [$150 do wydania na karty]\" \/>\n<meta property=\"og:description\" content=\"Bonus powitalny Sorare oferowany przez SorareCEO to a\u017c $150 zni\u017cki na Twoje pierwsze karty. Zgarnij TERAZ!\" \/>\n<meta property=\"og:url\" content=\"https:\/\/sorareceo.com\/sorare-sign-up-offer\/\" \/>\n<meta property=\"og:site_name\" content=\"SorareCEO - Your Place for Sorare Strategies &amp; Tips\" \/>\n<meta property=\"article:modified_time\" content=\"2025-08-06T05:37:35+00:00\" \/>\n<meta property=\"og:image\" content=\"https:\/\/sorareceo.com\/wp-content\/uploads\/2025\/08\/sorare-sign-up-offer-featured.webp\" \/>\n\t<meta property=\"og:image:width\" content=\"966\" \/>\n\t<meta property=\"og:image:height\" content=\"692\" \/>\n\t<meta property=\"og:image:type\" content=\"image\/webp\" \/>\n<meta name=\"twitter:card\" content=\"summary_large_image\" \/>\n<meta name=\"twitter:label1\" content=\"Szacowany czas czytania\" \/>\n\t<meta name=\"twitter:data1\" content=\"10 minut\" \/>\n<script type=\"application\/ld+json\" class=\"yoast-schema-graph\">{\"@context\":\"https:\/\/schema.org\",\"@graph\":[{\"@type\":\"WebPage\",\"@id\":\"https:\/\/sorareceo.com\/sorare-sign-up-offer\/\",\"url\":\"https:\/\/sorareceo.com\/sorare-sign-up-offer\/\",\"name\":\"Najlepszy bonus powitalny Sorare 2025 [$150 do wydania na karty]\",\"isPartOf\":{\"@id\":\"https:\/\/sorareceo.com\/#website\"},\"primaryImageOfPage\":{\"@id\":\"https:\/\/sorareceo.com\/sorare-sign-up-offer\/#primaryimage\"},\"image\":{\"@id\":\"https:\/\/sorareceo.com\/sorare-sign-up-offer\/#primaryimage\"},\"thumbnailUrl\":\"https:\/\/sorareceo.com\/wp-content\/uploads\/2025\/08\/sorare-sign-up-offer-featured.webp\",\"datePublished\":\"2022-10-21T00:49:42+00:00\",\"dateModified\":\"2025-08-06T05:37:35+00:00\",\"description\":\"Bonus powitalny Sorare oferowany przez SorareCEO to a\u017c $150 zni\u017cki na Twoje pierwsze karty. Zgarnij TERAZ!\",\"breadcrumb\":{\"@id\":\"https:\/\/sorareceo.com\/sorare-sign-up-offer\/#breadcrumb\"},\"inLanguage\":\"pl-PL\",\"potentialAction\":[{\"@type\":\"ReadAction\",\"target\":[\"https:\/\/sorareceo.com\/sorare-sign-up-offer\/\"]}]},{\"@type\":\"ImageObject\",\"inLanguage\":\"pl-PL\",\"@id\":\"https:\/\/sorareceo.com\/sorare-sign-up-offer\/#primaryimage\",\"url\":\"https:\/\/sorareceo.com\/wp-content\/uploads\/2025\/08\/sorare-sign-up-offer-featured.webp\",\"contentUrl\":\"https:\/\/sorareceo.com\/wp-content\/uploads\/2025\/08\/sorare-sign-up-offer-featured.webp\",\"width\":966,\"height\":692,\"caption\":\"Sorare sign-up offer - featured image\"},{\"@type\":\"BreadcrumbList\",\"@id\":\"https:\/\/sorareceo.com\/sorare-sign-up-offer\/#breadcrumb\",\"itemListElement\":[{\"@type\":\"ListItem\",\"position\":1,\"name\":\"Home\",\"item\":\"https:\/\/sorareceo.com\/pl\/\"},{\"@type\":\"ListItem\",\"position\":2,\"name\":\"Najlepszy bonus powitalny Sorare 2025 [$150 do wydania na karty]\"}]},{\"@type\":\"WebSite\",\"@id\":\"https:\/\/sorareceo.com\/#website\",\"url\":\"https:\/\/sorareceo.com\/\",\"name\":\"SorareCEO - Your Place for Sorare Strategies &amp; Tips\",\"description\":\"The best place for up-to-date Sorare strategies, guides &amp; tips.\",\"publisher\":{\"@id\":\"https:\/\/sorareceo.com\/#organization\"},\"potentialAction\":[{\"@type\":\"SearchAction\",\"target\":{\"@type\":\"EntryPoint\",\"urlTemplate\":\"https:\/\/sorareceo.com\/?s={search_term_string}\"},\"query-input\":{\"@type\":\"PropertyValueSpecification\",\"valueRequired\":true,\"valueName\":\"search_term_string\"}}],\"inLanguage\":\"pl-PL\"},{\"@type\":\"Organization\",\"@id\":\"https:\/\/sorareceo.com\/#organization\",\"name\":\"SorareCEO - Your Place for Sorare Strategies &amp; Tips\",\"url\":\"https:\/\/sorareceo.com\/\",\"logo\":{\"@type\":\"ImageObject\",\"inLanguage\":\"pl-PL\",\"@id\":\"https:\/\/sorareceo.com\/#\/schema\/logo\/image\/\",\"url\":\"https:\/\/sorareceo.com\/wp-content\/uploads\/2025\/08\/new-logo.webp\",\"contentUrl\":\"https:\/\/sorareceo.com\/wp-content\/uploads\/2025\/08\/new-logo.webp\",\"width\":500,\"height\":150,\"caption\":\"SorareCEO - Your Place for Sorare Strategies &amp; Tips\"},\"image\":{\"@id\":\"https:\/\/sorareceo.com\/#\/schema\/logo\/image\/\"}}]}<\/script>\n<!-- \/ Yoast SEO plugin. -->","yoast_head_json":{"title":"Najlepszy bonus powitalny Sorare 2025 [$150 do wydania na karty]","description":"Bonus powitalny Sorare oferowany przez SorareCEO to a\u017c $150 zni\u017cki na Twoje pierwsze karty. Zgarnij TERAZ!","robots":{"index":"index","follow":"follow","max-snippet":"max-snippet:-1","max-image-preview":"max-image-preview:large","max-video-preview":"max-video-preview:-1"},"canonical":"https:\/\/sorareceo.com\/sorare-sign-up-offer\/","og_locale":"pl_PL","og_type":"article","og_title":"Najlepszy bonus powitalny Sorare 2025 [$150 do wydania na karty]","og_description":"Bonus powitalny Sorare oferowany przez SorareCEO to a\u017c $150 zni\u017cki na Twoje pierwsze karty. Zgarnij TERAZ!","og_url":"https:\/\/sorareceo.com\/sorare-sign-up-offer\/","og_site_name":"SorareCEO - Your Place for Sorare Strategies &amp; Tips","article_modified_time":"2025-08-06T05:37:35+00:00","og_image":[{"width":966,"height":692,"url":"https:\/\/sorareceo.com\/wp-content\/uploads\/2025\/08\/sorare-sign-up-offer-featured.webp","type":"image\/webp"}],"twitter_card":"summary_large_image","twitter_misc":{"Szacowany czas czytania":"10 minut"},"schema":{"@context":"https:\/\/schema.org","@graph":[{"@type":"WebPage","@id":"https:\/\/sorareceo.com\/sorare-sign-up-offer\/","url":"https:\/\/sorareceo.com\/sorare-sign-up-offer\/","name":"Najlepszy bonus powitalny Sorare 2025 [$150 do wydania na karty]","isPartOf":{"@id":"https:\/\/sorareceo.com\/#website"},"primaryImageOfPage":{"@id":"https:\/\/sorareceo.com\/sorare-sign-up-offer\/#primaryimage"},"image":{"@id":"https:\/\/sorareceo.com\/sorare-sign-up-offer\/#primaryimage"},"thumbnailUrl":"https:\/\/sorareceo.com\/wp-content\/uploads\/2025\/08\/sorare-sign-up-offer-featured.webp","datePublished":"2022-10-21T00:49:42+00:00","dateModified":"2025-08-06T05:37:35+00:00","description":"Bonus powitalny Sorare oferowany przez SorareCEO to a\u017c $150 zni\u017cki na Twoje pierwsze karty. Zgarnij TERAZ!","breadcrumb":{"@id":"https:\/\/sorareceo.com\/sorare-sign-up-offer\/#breadcrumb"},"inLanguage":"pl-PL","potentialAction":[{"@type":"ReadAction","target":["https:\/\/sorareceo.com\/sorare-sign-up-offer\/"]}]},{"@type":"ImageObject","inLanguage":"pl-PL","@id":"https:\/\/sorareceo.com\/sorare-sign-up-offer\/#primaryimage","url":"https:\/\/sorareceo.com\/wp-content\/uploads\/2025\/08\/sorare-sign-up-offer-featured.webp","contentUrl":"https:\/\/sorareceo.com\/wp-content\/uploads\/2025\/08\/sorare-sign-up-offer-featured.webp","width":966,"height":692,"caption":"Sorare sign-up offer - featured image"},{"@type":"BreadcrumbList","@id":"https:\/\/sorareceo.com\/sorare-sign-up-offer\/#breadcrumb","itemListElement":[{"@type":"ListItem","position":1,"name":"Home","item":"https:\/\/sorareceo.com\/pl\/"},{"@type":"ListItem","position":2,"name":"Najlepszy bonus powitalny Sorare 2025 [$150 do wydania na karty]"}]},{"@type":"WebSite","@id":"https:\/\/sorareceo.com\/#website","url":"https:\/\/sorareceo.com\/","name":"SorareCEO - Your Place for Sorare Strategies &amp; Tips","description":"The best place for up-to-date Sorare strategies, guides &amp; tips.","publisher":{"@id":"https:\/\/sorareceo.com\/#organization"},"potentialAction":[{"@type":"SearchAction","target":{"@type":"EntryPoint","urlTemplate":"https:\/\/sorareceo.com\/?s={search_term_string}"},"query-input":{"@type":"PropertyValueSpecification","valueRequired":true,"valueName":"search_term_string"}}],"inLanguage":"pl-PL"},{"@type":"Organization","@id":"https:\/\/sorareceo.com\/#organization","name":"SorareCEO - Your Place for Sorare Strategies &amp; Tips","url":"https:\/\/sorareceo.com\/","logo":{"@type":"ImageObject","inLanguage":"pl-PL","@id":"https:\/\/sorareceo.com\/#\/schema\/logo\/image\/","url":"https:\/\/sorareceo.com\/wp-content\/uploads\/2025\/08\/new-logo.webp","contentUrl":"https:\/\/sorareceo.com\/wp-content\/uploads\/2025\/08\/new-logo.webp","width":500,"height":150,"caption":"SorareCEO - Your Place for Sorare Strategies &amp; Tips"},"image":{"@id":"https:\/\/sorareceo.com\/#\/schema\/logo\/image\/"}}]}},"_links":{"self":[{"href":"https:\/\/sorareceo.com\/pl\/wp-json\/wp\/v2\/pages\/713","targetHints":{"allow":["GET"]}}],"collection":[{"href":"https:\/\/sorareceo.com\/pl\/wp-json\/wp\/v2\/pages"}],"about":[{"href":"https:\/\/sorareceo.com\/pl\/wp-json\/wp\/v2\/types\/page"}],"author":[{"embeddable":true,"href":"https:\/\/sorareceo.com\/pl\/wp-json\/wp\/v2\/users\/1"}],"replies":[{"embeddable":true,"href":"https:\/\/sorareceo.com\/pl\/wp-json\/wp\/v2\/comments?post=713"}],"version-history":[{"count":5,"href":"https:\/\/sorareceo.com\/pl\/wp-json\/wp\/v2\/pages\/713\/revisions"}],"predecessor-version":[{"id":34445,"href":"https:\/\/sorareceo.com\/pl\/wp-json\/wp\/v2\/pages\/713\/revisions\/34445"}],"wp:featuredmedia":[{"embeddable":true,"href":"https:\/\/sorareceo.com\/pl\/wp-json\/wp\/v2\/media\/34420"}],"wp:attachment":[{"href":"https:\/\/sorareceo.com\/pl\/wp-json\/wp\/v2\/media?parent=713"}],"curies":[{"name":"wp","href":"https:\/\/api.w.org\/{rel}","templated":true}]}}