{"id":35610,"date":"2025-01-04T00:18:52","date_gmt":"2025-01-04T00:18:52","guid":{"rendered":"https:\/\/sorareceo.com\/sorareceo-com-twoj-zaufany-przewodnik-po-sorare\/"},"modified":"2025-08-13T13:39:41","modified_gmt":"2025-08-13T13:39:41","slug":"sorareceo-com-twoj-zaufany-przewodnik-po-sorare","status":"publish","type":"page","link":"https:\/\/sorareceo.com\/pl\/","title":{"rendered":"SorareCEO.com \u2013 tw\u00f3j zaufany przewodnik po Sorare"},"content":{"rendered":"<div class=\"gb-container gb-container-4f6744a8 alignfull\">\n\n<h2 class=\"gb-headline gb-headline-59c6c384 gb-headline-text\">Witamy w SorareCEO<\/h2>\n\n\n\n<h1 class=\"gb-headline gb-headline-499f076a gb-headline-text\">Miejsce dla poradnik\u00f3w, tutoriali i strategii Sorare.<\/h1>\n\n\n\n<a class=\"gb-button gb-button-7411aeb9 gb-button-text\" href=\"https:\/\/sorareceo.com\/pl\/co-to-sorare\/\" target=\"_blank\" rel=\"noopener noreferrer\">CO TO SORARE?<\/a>\n\n<\/div>\n\n<div class=\"gb-container gb-container-dff66fc0 alignfull\">\n<div class=\"gb-container gb-container-5ae625cf\">\n<div class=\"gb-container gb-container-7bad8aa5\">\n\n<h2 class=\"gb-headline gb-headline-3639624f gb-headline-text\">Poradnik dla pocz\u0105tkuj\u0105cych<\/h2>\n\n\n\n<figure class=\"wp-block-image size-full is-resized\"><img loading=\"lazy\" decoding=\"async\" width=\"1000\" height=\"1000\" src=\"http:\/\/sorareceo.com\/wp-content\/uploads\/2025\/08\/guide-homepage.webp\" alt=\"\" class=\"wp-image-35215\" style=\"object-fit:cover;width:300px;height:300px\" srcset=\"https:\/\/sorareceo.com\/wp-content\/uploads\/2025\/08\/guide-homepage.webp 1000w, https:\/\/sorareceo.com\/wp-content\/uploads\/2025\/08\/guide-homepage-300x300.webp 300w, https:\/\/sorareceo.com\/wp-content\/uploads\/2025\/08\/guide-homepage-150x150.webp 150w, https:\/\/sorareceo.com\/wp-content\/uploads\/2025\/08\/guide-homepage-768x768.webp 768w\" sizes=\"auto, (max-width: 1000px) 100vw, 1000px\" \/><\/figure>\n\n\n<div class=\"gb-container gb-container-98b4471b\">\n\n<p class=\"gb-headline gb-headline-44cbcbf8 gb-headline-text\">Dopiero zaczynasz przygod\u0119 z Sorare? Chcesz unikn\u0105\u0107 b\u0142\u0119d\u00f3w nowicjusza i zmaksymalizowa\u0107 szanse na zysk jak najszybciej po do\u0142\u0105czeniu? M\u00f3j poradnik dla pocz\u0105tkuj\u0105cych w Sorare pomo\u017ce ci to osi\u0105gn\u0105\u0107\u2026 i wiele wi\u0119cej.  <\/p>\n\n\n\n<a class=\"gb-button gb-button-ff8e8a3a gb-button-text\" href=\"https:\/\/sorareceo.com\/pl\/sorare-poradnik-tutorial\/\" target=\"_blank\" rel=\"noopener noreferrer\">CZYTAJ TUTAJ<\/a>\n\n<\/div>\n<\/div>\n<\/div>\n\n<div class=\"gb-container gb-container-5732aabf\">\n<div class=\"gb-container gb-container-84b12203\">\n\n<h2 class=\"gb-headline gb-headline-a59e7235 gb-headline-text\">Recenzja gry<\/h2>\n\n\n\n<figure class=\"wp-block-image size-full is-resized\"><img loading=\"lazy\" decoding=\"async\" width=\"1000\" height=\"1000\" src=\"http:\/\/sorareceo.com\/wp-content\/uploads\/2025\/08\/review-homepage.webp\" alt=\"\" class=\"wp-image-35262\" style=\"object-fit:cover;width:300px;height:300px\" srcset=\"https:\/\/sorareceo.com\/wp-content\/uploads\/2025\/08\/review-homepage.webp 1000w, https:\/\/sorareceo.com\/wp-content\/uploads\/2025\/08\/review-homepage-300x300.webp 300w, https:\/\/sorareceo.com\/wp-content\/uploads\/2025\/08\/review-homepage-150x150.webp 150w, https:\/\/sorareceo.com\/wp-content\/uploads\/2025\/08\/review-homepage-768x768.webp 768w\" sizes=\"auto, (max-width: 1000px) 100vw, 1000px\" \/><\/figure>\n\n\n<div class=\"gb-container gb-container-5d281bbd\">\n\n<p class=\"gb-headline gb-headline-e815eb18 gb-headline-text\">Nadal zastanawiasz si\u0119, czy ta gra jest dla ciebie? Przeczytaj moj\u0105 recenzj\u0119 Sorare, w kt\u00f3rej znajdziesz moj\u0105 szczer\u0105 opini\u0119 o produkcie i o tym, czym r\u00f3\u017cni si\u0119 od innych platform fantasy sports. Jak ka\u017cda gra, ma swoje plusy i minusy.   <\/p>\n\n\n\n<a class=\"gb-button gb-button-2dee9ba5 gb-button-text\" href=\"https:\/\/sorareceo.com\/pl\/sorare-opinie-recenzja\/\" target=\"_blank\" rel=\"noopener noreferrer\">CZYTAJ TUTAJ<\/a>\n\n<\/div>\n<\/div>\n<\/div>\n\n<div class=\"gb-container gb-container-9a12ce94\">\n<div class=\"gb-container gb-container-4a74dada\">\n\n<h2 class=\"gb-headline gb-headline-7b49ca4e gb-headline-text\">Bonus powitalny<\/h2>\n\n\n\n<figure class=\"wp-block-image size-full is-resized\"><img loading=\"lazy\" decoding=\"async\" width=\"1000\" height=\"1000\" src=\"http:\/\/sorareceo.com\/wp-content\/uploads\/2025\/08\/sign-up-offer-homepage.webp\" alt=\"\" class=\"wp-image-35309\" style=\"object-fit:cover;width:300px;height:300px\" srcset=\"https:\/\/sorareceo.com\/wp-content\/uploads\/2025\/08\/sign-up-offer-homepage.webp 1000w, https:\/\/sorareceo.com\/wp-content\/uploads\/2025\/08\/sign-up-offer-homepage-300x300.webp 300w, https:\/\/sorareceo.com\/wp-content\/uploads\/2025\/08\/sign-up-offer-homepage-150x150.webp 150w, https:\/\/sorareceo.com\/wp-content\/uploads\/2025\/08\/sign-up-offer-homepage-768x768.webp 768w\" sizes=\"auto, (max-width: 1000px) 100vw, 1000px\" \/><\/figure>\n\n\n<div class=\"gb-container gb-container-9727e384\">\n\n<p class=\"gb-headline gb-headline-e3c72453 gb-headline-text\">Je\u015bli podj\u0105\u0142e\u015b (dobr\u0105) decyzj\u0119 o do\u0142\u0105czeniu do gry, mam dla ciebie prezent. Do\u0142\u0105cz do grona czytelnik\u00f3w SorareCEO, kt\u00f3rzy otrzymuj\u0105 bonus powitalny i przewag\u0119 nad innymi mened\u017cerami. Sprawd\u017a tutaj aktualn\u0105 promocj\u0119.   <\/p>\n\n\n\n<a class=\"gb-button gb-button-fc86622e gb-button-text\" href=\"https:\/\/sorareceo.com\/pl\/oferta-powitalna-sorare\/\" target=\"_blank\" rel=\"noopener noreferrer\">CZYTAJ TUTAJ<\/a>\n\n<\/div>\n<\/div>\n<\/div>\n<\/div>","protected":false},"excerpt":{"rendered":"<p>Witamy w SorareCEO Miejsce dla poradnik\u00f3w, tutoriali i strategii Sorare. Poradnik dla pocz\u0105tkuj\u0105cych Dopiero zaczynasz przygod\u0119 z Sorare? Chcesz unikn\u0105\u0107 b\u0142\u0119d\u00f3w nowicjusza i zmaksymalizowa\u0107 szanse na zysk jak najszybciej po do\u0142\u0105czeniu? M\u00f3j poradnik dla pocz\u0105tkuj\u0105cych w Sorare pomo\u017ce ci to osi\u0105gn\u0105\u0107\u2026 i wiele wi\u0119cej. Recenzja gry Nadal zastanawiasz si\u0119, czy ta gra jest dla ciebie? &#8230; <a title=\"SorareCEO.com \u2013 tw\u00f3j zaufany przewodnik po Sorare\" class=\"read-more\" href=\"https:\/\/sorareceo.com\/pl\/\" aria-label=\"Dowiedz si\u0119 wi\u0119cej o SorareCEO.com \u2013 tw\u00f3j zaufany przewodnik po Sorare\">Czytaj dalej<\/a><\/p>\n","protected":false},"author":1,"featured_media":34309,"parent":0,"menu_order":0,"comment_status":"closed","ping_status":"closed","template":"","meta":{"footnotes":""},"class_list":["post-35610","page","type-page","status-publish","has-post-thumbnail"],"yoast_head":"<!-- This site is optimized with the Yoast SEO plugin v26.6 - https:\/\/yoast.com\/wordpress\/plugins\/seo\/ -->\n<title>SorareCEO.com \u2013 tw\u00f3j zaufany przewodnik po Sorare<\/title>\n<meta name=\"description\" content=\"SorareCEO to twoje wiarygodne \u017ar\u00f3d\u0142o poradnik\u00f3w, tutoriali, wskaz\u00f3wek, strategii i news\u00f3w o Sorare. Naucz si\u0119 gra\u0107 dobrze razem ze mn\u0105.\" \/>\n<meta name=\"robots\" content=\"index, follow, max-snippet:-1, max-image-preview:large, max-video-preview:-1\" \/>\n<link rel=\"canonical\" href=\"https:\/\/sorareceo.com\/pl\/\" \/>\n<meta property=\"og:locale\" content=\"pl_PL\" \/>\n<meta property=\"og:type\" content=\"article\" \/>\n<meta property=\"og:title\" content=\"SorareCEO.com \u2013 tw\u00f3j zaufany przewodnik po Sorare\" \/>\n<meta property=\"og:description\" content=\"SorareCEO to twoje wiarygodne \u017ar\u00f3d\u0142o poradnik\u00f3w, tutoriali, wskaz\u00f3wek, strategii i news\u00f3w o Sorare. Naucz si\u0119 gra\u0107 dobrze razem ze mn\u0105.\" \/>\n<meta property=\"og:url\" content=\"https:\/\/sorareceo.com\/pl\/\" \/>\n<meta property=\"og:site_name\" content=\"SorareCEO - Your Place for Sorare Strategies &amp; Tips\" \/>\n<meta property=\"article:modified_time\" content=\"2025-08-13T13:39:41+00:00\" \/>\n<meta property=\"og:image\" content=\"https:\/\/sorareceo.com\/wp-content\/uploads\/2025\/08\/icon.webp\" \/>\n\t<meta property=\"og:image:width\" content=\"100\" \/>\n\t<meta property=\"og:image:height\" content=\"100\" \/>\n\t<meta property=\"og:image:type\" content=\"image\/webp\" \/>\n<meta name=\"twitter:card\" content=\"summary_large_image\" \/>\n<meta name=\"twitter:label1\" content=\"Szacowany czas czytania\" \/>\n\t<meta name=\"twitter:data1\" content=\"2 minuty\" \/>\n<script type=\"application\/ld+json\" class=\"yoast-schema-graph\">{\"@context\":\"https:\/\/schema.org\",\"@graph\":[{\"@type\":\"WebPage\",\"@id\":\"https:\/\/sorareceo.com\/pl\/\",\"url\":\"https:\/\/sorareceo.com\/pl\/\",\"name\":\"SorareCEO.com \u2013 tw\u00f3j zaufany przewodnik po Sorare\",\"isPartOf\":{\"@id\":\"https:\/\/sorareceo.com\/#website\"},\"primaryImageOfPage\":{\"@id\":\"https:\/\/sorareceo.com\/pl\/#primaryimage\"},\"image\":{\"@id\":\"https:\/\/sorareceo.com\/pl\/#primaryimage\"},\"thumbnailUrl\":\"https:\/\/sorareceo.com\/wp-content\/uploads\/2025\/08\/icon.webp\",\"datePublished\":\"2025-01-04T00:18:52+00:00\",\"dateModified\":\"2025-08-13T13:39:41+00:00\",\"description\":\"SorareCEO to twoje wiarygodne \u017ar\u00f3d\u0142o poradnik\u00f3w, tutoriali, wskaz\u00f3wek, strategii i news\u00f3w o Sorare. Naucz si\u0119 gra\u0107 dobrze razem ze mn\u0105.\",\"breadcrumb\":{\"@id\":\"https:\/\/sorareceo.com\/pl\/#breadcrumb\"},\"inLanguage\":\"pl-PL\",\"potentialAction\":[{\"@type\":\"ReadAction\",\"target\":[\"https:\/\/sorareceo.com\/pl\/\"]}]},{\"@type\":\"ImageObject\",\"inLanguage\":\"pl-PL\",\"@id\":\"https:\/\/sorareceo.com\/pl\/#primaryimage\",\"url\":\"https:\/\/sorareceo.com\/wp-content\/uploads\/2025\/08\/icon.webp\",\"contentUrl\":\"https:\/\/sorareceo.com\/wp-content\/uploads\/2025\/08\/icon.webp\",\"width\":100,\"height\":100},{\"@type\":\"BreadcrumbList\",\"@id\":\"https:\/\/sorareceo.com\/pl\/#breadcrumb\",\"itemListElement\":[{\"@type\":\"ListItem\",\"position\":1,\"name\":\"Home\",\"item\":\"https:\/\/sorareceo.com\/pl\/\"},{\"@type\":\"ListItem\",\"position\":2,\"name\":\"SorareCEO.com \u2013 tw\u00f3j zaufany przewodnik po Sorare\"}]},{\"@type\":\"WebSite\",\"@id\":\"https:\/\/sorareceo.com\/#website\",\"url\":\"https:\/\/sorareceo.com\/\",\"name\":\"SorareCEO - Your Place for Sorare Strategies &amp; Tips\",\"description\":\"The best place for up-to-date Sorare strategies, guides &amp; tips.\",\"publisher\":{\"@id\":\"https:\/\/sorareceo.com\/#organization\"},\"potentialAction\":[{\"@type\":\"SearchAction\",\"target\":{\"@type\":\"EntryPoint\",\"urlTemplate\":\"https:\/\/sorareceo.com\/?s={search_term_string}\"},\"query-input\":{\"@type\":\"PropertyValueSpecification\",\"valueRequired\":true,\"valueName\":\"search_term_string\"}}],\"inLanguage\":\"pl-PL\"},{\"@type\":\"Organization\",\"@id\":\"https:\/\/sorareceo.com\/#organization\",\"name\":\"SorareCEO - Your Place for Sorare Strategies &amp; Tips\",\"url\":\"https:\/\/sorareceo.com\/\",\"logo\":{\"@type\":\"ImageObject\",\"inLanguage\":\"pl-PL\",\"@id\":\"https:\/\/sorareceo.com\/#\/schema\/logo\/image\/\",\"url\":\"https:\/\/sorareceo.com\/wp-content\/uploads\/2025\/08\/new-logo.webp\",\"contentUrl\":\"https:\/\/sorareceo.com\/wp-content\/uploads\/2025\/08\/new-logo.webp\",\"width\":500,\"height\":150,\"caption\":\"SorareCEO - Your Place for Sorare Strategies &amp; Tips\"},\"image\":{\"@id\":\"https:\/\/sorareceo.com\/#\/schema\/logo\/image\/\"}}]}<\/script>\n<!-- \/ Yoast SEO plugin. -->","yoast_head_json":{"title":"SorareCEO.com \u2013 tw\u00f3j zaufany przewodnik po Sorare","description":"SorareCEO to twoje wiarygodne \u017ar\u00f3d\u0142o poradnik\u00f3w, tutoriali, wskaz\u00f3wek, strategii i news\u00f3w o Sorare. Naucz si\u0119 gra\u0107 dobrze razem ze mn\u0105.","robots":{"index":"index","follow":"follow","max-snippet":"max-snippet:-1","max-image-preview":"max-image-preview:large","max-video-preview":"max-video-preview:-1"},"canonical":"https:\/\/sorareceo.com\/pl\/","og_locale":"pl_PL","og_type":"article","og_title":"SorareCEO.com \u2013 tw\u00f3j zaufany przewodnik po Sorare","og_description":"SorareCEO to twoje wiarygodne \u017ar\u00f3d\u0142o poradnik\u00f3w, tutoriali, wskaz\u00f3wek, strategii i news\u00f3w o Sorare. Naucz si\u0119 gra\u0107 dobrze razem ze mn\u0105.","og_url":"https:\/\/sorareceo.com\/pl\/","og_site_name":"SorareCEO - Your Place for Sorare Strategies &amp; Tips","article_modified_time":"2025-08-13T13:39:41+00:00","og_image":[{"width":100,"height":100,"url":"https:\/\/sorareceo.com\/wp-content\/uploads\/2025\/08\/icon.webp","type":"image\/webp"}],"twitter_card":"summary_large_image","twitter_misc":{"Szacowany czas czytania":"2 minuty"},"schema":{"@context":"https:\/\/schema.org","@graph":[{"@type":"WebPage","@id":"https:\/\/sorareceo.com\/pl\/","url":"https:\/\/sorareceo.com\/pl\/","name":"SorareCEO.com \u2013 tw\u00f3j zaufany przewodnik po Sorare","isPartOf":{"@id":"https:\/\/sorareceo.com\/#website"},"primaryImageOfPage":{"@id":"https:\/\/sorareceo.com\/pl\/#primaryimage"},"image":{"@id":"https:\/\/sorareceo.com\/pl\/#primaryimage"},"thumbnailUrl":"https:\/\/sorareceo.com\/wp-content\/uploads\/2025\/08\/icon.webp","datePublished":"2025-01-04T00:18:52+00:00","dateModified":"2025-08-13T13:39:41+00:00","description":"SorareCEO to twoje wiarygodne \u017ar\u00f3d\u0142o poradnik\u00f3w, tutoriali, wskaz\u00f3wek, strategii i news\u00f3w o Sorare. Naucz si\u0119 gra\u0107 dobrze razem ze mn\u0105.","breadcrumb":{"@id":"https:\/\/sorareceo.com\/pl\/#breadcrumb"},"inLanguage":"pl-PL","potentialAction":[{"@type":"ReadAction","target":["https:\/\/sorareceo.com\/pl\/"]}]},{"@type":"ImageObject","inLanguage":"pl-PL","@id":"https:\/\/sorareceo.com\/pl\/#primaryimage","url":"https:\/\/sorareceo.com\/wp-content\/uploads\/2025\/08\/icon.webp","contentUrl":"https:\/\/sorareceo.com\/wp-content\/uploads\/2025\/08\/icon.webp","width":100,"height":100},{"@type":"BreadcrumbList","@id":"https:\/\/sorareceo.com\/pl\/#breadcrumb","itemListElement":[{"@type":"ListItem","position":1,"name":"Home","item":"https:\/\/sorareceo.com\/pl\/"},{"@type":"ListItem","position":2,"name":"SorareCEO.com \u2013 tw\u00f3j zaufany przewodnik po Sorare"}]},{"@type":"WebSite","@id":"https:\/\/sorareceo.com\/#website","url":"https:\/\/sorareceo.com\/","name":"SorareCEO - Your Place for Sorare Strategies &amp; Tips","description":"The best place for up-to-date Sorare strategies, guides &amp; tips.","publisher":{"@id":"https:\/\/sorareceo.com\/#organization"},"potentialAction":[{"@type":"SearchAction","target":{"@type":"EntryPoint","urlTemplate":"https:\/\/sorareceo.com\/?s={search_term_string}"},"query-input":{"@type":"PropertyValueSpecification","valueRequired":true,"valueName":"search_term_string"}}],"inLanguage":"pl-PL"},{"@type":"Organization","@id":"https:\/\/sorareceo.com\/#organization","name":"SorareCEO - Your Place for Sorare Strategies &amp; Tips","url":"https:\/\/sorareceo.com\/","logo":{"@type":"ImageObject","inLanguage":"pl-PL","@id":"https:\/\/sorareceo.com\/#\/schema\/logo\/image\/","url":"https:\/\/sorareceo.com\/wp-content\/uploads\/2025\/08\/new-logo.webp","contentUrl":"https:\/\/sorareceo.com\/wp-content\/uploads\/2025\/08\/new-logo.webp","width":500,"height":150,"caption":"SorareCEO - Your Place for Sorare Strategies &amp; Tips"},"image":{"@id":"https:\/\/sorareceo.com\/#\/schema\/logo\/image\/"}}]}},"_links":{"self":[{"href":"https:\/\/sorareceo.com\/pl\/wp-json\/wp\/v2\/pages\/35610","targetHints":{"allow":["GET"]}}],"collection":[{"href":"https:\/\/sorareceo.com\/pl\/wp-json\/wp\/v2\/pages"}],"about":[{"href":"https:\/\/sorareceo.com\/pl\/wp-json\/wp\/v2\/types\/page"}],"author":[{"embeddable":true,"href":"https:\/\/sorareceo.com\/pl\/wp-json\/wp\/v2\/users\/1"}],"replies":[{"embeddable":true,"href":"https:\/\/sorareceo.com\/pl\/wp-json\/wp\/v2\/comments?post=35610"}],"version-history":[{"count":2,"href":"https:\/\/sorareceo.com\/pl\/wp-json\/wp\/v2\/pages\/35610\/revisions"}],"predecessor-version":[{"id":36385,"href":"https:\/\/sorareceo.com\/pl\/wp-json\/wp\/v2\/pages\/35610\/revisions\/36385"}],"wp:featuredmedia":[{"embeddable":true,"href":"https:\/\/sorareceo.com\/pl\/wp-json\/wp\/v2\/media\/34309"}],"wp:attachment":[{"href":"https:\/\/sorareceo.com\/pl\/wp-json\/wp\/v2\/media?parent=35610"}],"curies":[{"name":"wp","href":"https:\/\/api.w.org\/{rel}","templated":true}]}}