{"id":37807,"date":"2022-10-21T00:49:42","date_gmt":"2022-10-21T00:49:42","guid":{"rendered":"https:\/\/sorareceo.com\/sorare-sign-up-offer\/"},"modified":"2025-08-27T17:37:36","modified_gmt":"2025-08-27T17:37:36","slug":"sorare-registreringstilbud","status":"publish","type":"page","link":"https:\/\/sorareceo.com\/no\/sorare-registreringstilbud\/","title":{"rendered":"Sorare-registreringstilbud [150 dollar \u00e5 bruke p\u00e5 kort]"},"content":{"rendered":"\n<p>Selv om registrering p\u00e5 Sorare er helt gratis og tar bare noen f\u00e5 minutter, er det ikke alle som vet om registreringsbonusen som gir deg et forsprang p\u00e5 de fleste nye managere.<\/p>\n\n\n\n<p>Siden SorareCEO.com er en sertifisert partner av spillet, er den eksklusive registreringsbonusen vi tilbyr v\u00e5re lesere den beste p\u00e5 markedet \u2013 n\u00e5 med hele 150 $ i kreditter til markedet!<\/p>\n\n\n\n<p>Les videre for \u00e5 finne ut hvordan du aktiverer den \u2013 og start byggingen av galleriet ditt for mye mindre enn de fleste nykommere.<\/p>\n\n\n\n<h2 class=\"wp-block-heading gb-headline gb-headline-f1a263a9 gb-headline-text\">Guide til Sorare registreringsbonus<\/h2>\n\n\n\n<p>Skulle \u00f8nske Sorare tilb\u00f8d det samme da jeg startet i 2022. Den gangen fikk jeg bare et gratis Limited-kort verdt under 2 dollar, og m\u00e5tte kj\u00f8pe fem kort f\u00f8rst for \u00e5 i det hele tatt kvalifisere!<\/p>\n\n\n<div class=\"gb-container gb-container-86147414 offer-content\"><div class=\"gb-inside-container\">\n<div class=\"gb-grid-wrapper gb-grid-wrapper-1f0ac75f\">\n<div class=\"gb-grid-column gb-grid-column-d0516e33\"><div class=\"gb-container gb-container-d0516e33\"><div class=\"gb-inside-container\">\n\n<p class=\"gb-headline gb-headline-09f7489c gb-headline-text\">TILBUD VED REGISTRERING<\/p>\n\n\n\n<p class=\"gb-headline gb-headline-eeb2c06c gb-headline-text\">Registrer deg p\u00e5 Sorare med dette tilbudet og f\u00e5 $150 gratis til \u00e5 bruke p\u00e5 kort.<\/p>\n\n<\/div><\/div><\/div>\n\n<div class=\"gb-grid-column gb-grid-column-53f5d8fa\"><div class=\"gb-container gb-container-53f5d8fa\"><div class=\"gb-inside-container\">\n\n<div class=\"wp-block-buttons has-border-color is-horizontal is-content-justification-center is-layout-flex wp-container-core-buttons-is-layout-29bd5dc9 wp-block-buttons-is-layout-flex\" style=\"border-color:var(--base-3);border-width:3px;border-radius:12px\">\n<div class=\"wp-block-button has-custom-width wp-block-button__width-100 aligncenter is-style-fill\"><a class=\"wp-block-button__link has-base-3-color has-accent-background-color has-text-color has-background has-custom-font-size wp-element-button\" href=\"https:\/\/sorare.pxf.io\/Nk0GkP\" style=\"border-radius:10px;font-size:22px;font-style:normal;font-weight:1000\" target=\"_blank\" rel=\"noreferrer noopener nofollow\">F\u00c5 \u20ac150 N\u00c5<\/a><\/div>\n<\/div>\n\n<\/div><\/div><\/div>\n<\/div>\n<\/div><\/div><div class=\"gb-container gb-container-72194729\">\n\n<figure class=\"gb-block-image gb-block-image-176ca640\"><img loading=\"lazy\" decoding=\"async\" width=\"700\" height=\"350\" class=\"gb-image gb-image-176ca640\" src=\"http:\/\/sorareceo.com\/wp-content\/uploads\/2023\/03\/banner-cards.webp\" alt=\"\" title=\"banner-cards\" srcset=\"https:\/\/sorareceo.com\/wp-content\/uploads\/2023\/03\/banner-cards.webp 700w, https:\/\/sorareceo.com\/wp-content\/uploads\/2023\/03\/banner-cards-300x150.webp 300w\" sizes=\"auto, (max-width: 700px) 100vw, 700px\" \/><\/figure>\n\n\n\n<div class=\"gb-headline gb-headline-d537e29c gb-headline-text\">TILBUD VED REGISTRERING<\/div>\n\n\n\n<div class=\"gb-headline gb-headline-563ddc24 gb-headline-text\">BLI MED I SORARE I DAG OG F\u00c5 $150 GRATIS TIL \u00c5 BRUKE P\u00c5 KORT.<\/div>\n\n\n\n<a class=\"gb-button gb-button-40af701f\" href=\"https:\/\/sorare.pxf.io\/Nk0GkP\" target=\"_blank\" rel=\"nofollow noopener noreferrer\"><span class=\"gb-icon\"><svg xmlns=\"http:\/\/www.w3.org\/2000\/svg\" aria-hidden=\"true\" role=\"img\" height=\"1em\" width=\"1em\" viewbox=\"0 0 448 512\"><path fill=\"currentColor\" d=\"M416 208H272V64c0-17.67-14.33-32-32-32h-32c-17.67 0-32 14.33-32 32v144H32c-17.67 0-32 14.33-32 32v32c0 17.67 14.33 32 32 32h144v144c0 17.67 14.33 32 32 32h32c17.67 0 32-14.33 32-32V304h144c17.67 0 32-14.33 32-32v-32c0-17.67-14.33-32-32-32z\"><\/path><\/svg><\/span><span class=\"gb-button-text\">BLI MED HER<\/span><\/a>\n\n<\/div>\n\n\n<p>N\u00e5 er det helt annerledes. I praksis f\u00e5r du noe som er rundt 75 ganger bedre. De 150 dollarene i markedskreditt som mine lesere f\u00e5r, er den klart beste Sorare-bonusen til dags dato \u2013 og jeg er oppriktig glad for at du bare er noen klikk unna \u00e5 hente den!<\/p>\n\n\n<div class=\"gb-container gb-container-8b2e3d1b pro-tip\">\n\n<p>\ud83d\udcdd <strong>Betingelser for bonusen:<\/strong><\/p>\n\n\n\n<ul class=\"wp-block-list\">\n<li><strong>Bel\u00f8p:<\/strong> 150 $ (eller \u00a3, eller \u20ac) i markedskreditt til kortkj\u00f8p<\/li>\n\n\n\n<li><strong>Gyldighet:<\/strong> 12 m\u00e5neder<\/li>\n\n\n\n<li><strong>Betingelser:<\/strong> Kredittene gis som 50 % rabatt p\u00e5 dine kj\u00f8p i Primary Market. Kj\u00f8per du et kort til 20 $, betaler du bare 10 $. Et kort til 100 $ koster deg bare 50 $. Du kan bruke alt p\u00e5 \u00e9n handel eller spre rabattene over flere kj\u00f8p.<\/li>\n<\/ul>\n\n<\/div>\n\n\n<p>N\u00e5 som du vet hvordan avtalen fungerer, la oss g\u00e5 gjennom hvordan du aktiverer den.<\/p>\n\n\n\n<h3 class=\"wp-block-heading\">Steg 1: Bruk riktig partnerlenke<\/h3>\n\n\n\n<p>For \u00e5 f\u00e5 150 $ kreditert m\u00e5 du bruke min partnerlenke. Da f\u00e5r du ikke bare en stor fordel i spillet, men du st\u00f8tter ogs\u00e5 mitt arbeid (tusen takk p\u00e5 forh\u00e5nd! \ud83d\ude42 ).<\/p>\n\n\n\n<p>For \u00e5 starte, <a href=\"https:\/\/sorare.pxf.io\/Nk0GkP\" target=\"_blank\" rel=\"noreferrer noopener nofollow\">klikk her<\/a>.<\/p>\n\n\n\n<h3 class=\"wp-block-heading\">Steg 2: Velg managernavn<\/h3>\n\n\n\n<figure class=\"wp-block-image size-large\"><img loading=\"lazy\" decoding=\"async\" width=\"1024\" height=\"445\" src=\"http:\/\/sorareceo.com\/wp-content\/uploads\/2025\/08\/offer-claim-screenshot-1024x445.webp\" alt=\"\" class=\"wp-image-31443\" srcset=\"https:\/\/sorareceo.com\/wp-content\/uploads\/2025\/08\/offer-claim-screenshot-1024x445.webp 1024w, https:\/\/sorareceo.com\/wp-content\/uploads\/2025\/08\/offer-claim-screenshot-300x130.webp 300w, https:\/\/sorareceo.com\/wp-content\/uploads\/2025\/08\/offer-claim-screenshot-768x334.webp 768w, https:\/\/sorareceo.com\/wp-content\/uploads\/2025\/08\/offer-claim-screenshot-1536x668.webp 1536w, https:\/\/sorareceo.com\/wp-content\/uploads\/2025\/08\/offer-claim-screenshot-2048x890.webp 2048w\" sizes=\"auto, (max-width: 1024px) 100vw, 1024px\" \/><\/figure>\n\n\n\n<p>N\u00e5r du klikker p\u00e5 lenken, kommer du til en side som ser ut som vist ovenfor. Her velger du ditt <strong>managernavn<\/strong> \u2013 navnet som vises p\u00e5 ledertavler og i handler.<\/p>\n\n\n\n<p>Ikke stress for mye! Du kan alltid endre navnet senere hvis du finner p\u00e5 et bedre.<\/p>\n\n\n\n<h3 class=\"wp-block-heading\">Steg 3: Velg registreringsmetode<\/h3>\n\n\n\n<figure class=\"wp-block-image size-large\"><img loading=\"lazy\" decoding=\"async\" width=\"1024\" height=\"436\" src=\"http:\/\/sorareceo.com\/wp-content\/uploads\/2025\/07\/sorare-start-screenshot-email-1024x436.webp\" alt=\"\" class=\"wp-image-31185\" srcset=\"https:\/\/sorareceo.com\/wp-content\/uploads\/2025\/07\/sorare-start-screenshot-email-1024x436.webp 1024w, https:\/\/sorareceo.com\/wp-content\/uploads\/2025\/07\/sorare-start-screenshot-email-300x128.webp 300w, https:\/\/sorareceo.com\/wp-content\/uploads\/2025\/07\/sorare-start-screenshot-email-768x327.webp 768w, https:\/\/sorareceo.com\/wp-content\/uploads\/2025\/07\/sorare-start-screenshot-email-1536x654.webp 1536w, https:\/\/sorareceo.com\/wp-content\/uploads\/2025\/07\/sorare-start-screenshot-email-2048x872.webp 2048w\" sizes=\"auto, (max-width: 1024px) 100vw, 1024px\" \/><\/figure>\n\n\n\n<p>Hvis navnet ditt er ledig, g\u00e5r du videre til neste steg. Da m\u00e5 du:<\/p>\n\n\n\n<ul class=\"wp-block-list\">\n<li>Bekrefte at du er minst 16 \u00e5r (minimumsalderen for \u00e5 spille Sorare)<\/li>\n\n\n\n<li>Godta vilk\u00e5r og personvernregler<\/li>\n\n\n\n<li>Velge registreringsmetode: e-post, Google eller Apple<\/li>\n<\/ul>\n\n\n\n<p class=\"pro-tip\">\ud83d\udca1 <strong>PRO TIP:<\/strong> Allerede registrert deg uten \u00e5 bruke bonusen min? Ikke noe problem \u2013 du kan fortsatt f\u00e5 den! Hvis du ikke har kj\u00f8pt noen kort enn\u00e5, registrer deg p\u00e5 nytt med en annen e-post, og du kvalifiserer for samme 150 $ bonus som alle SorareCEO-lesere.<\/p>\n\n\n\n<p>Til slutt, husk \u00e5 lage et sterkt passord. Det blir n\u00f8kkelen din til \u00e5 logge inn p\u00e5 Sorare og bruke markedet.<\/p>\n\n\n\n<h2 class=\"wp-block-heading\">Finnes det en bedre Sorare registreringsbonus?<\/h2>\n\n\n\n<p>Akkurat n\u00e5 kan jeg trygt si at denne bonusen er den beste tilgjengelige for nye managere. Ingen andre partnere tilbyr mer enn 150 $ i kreditter!<\/p>\n\n\n\n<p>Men pass p\u00e5 \u2013 noen nettsider pr\u00f8ver \u00e5 lure deg til \u00e5 tro at du kan f\u00e5 et gratis Rare-, Super Rare- eller Unique-kort som velkomstbonus. Det er bare en uetisk metode for \u00e5 f\u00e5 deg til \u00e5 bruke deres lenke.<\/p>\n\n\n\n<p>Skulle det dukke opp en ny Sorare-bonus i fremtiden, er mine lesere de f\u00f8rste som f\u00e5r vite om det.<\/p>\n\n\n\n<h2 class=\"wp-block-heading\">Mer om spillet<\/h2>\n\n\n\n<p>Sorare ble lansert i 2019 av to franske ingeni\u00f8rer \u2013 Nicolas Julia og Adrien Montfort \u2013 som deler en lidenskap for b\u00e5de fotball og teknologi. Siden starten har Sorare vokst til \u00e5 bli en av de ledende plattformene for fantasy-sport verden over.<\/p>\n\n\n\n<p>Det er ikke tilfeldig. Sorare sin modell, som kombinerer offisielt lisensierte digitale kort, ekte spillerprestasjoner og verdifulle premier, har sl\u00e5tt an internasjonalt. Kjente idrettsut\u00f8vere som Kylian Mbapp\u00e9 og tennisspilleren Serena Williams har til og med investert i prosjektet.<\/p>\n\n\n\n<p>Det som gj\u00f8r Sorare unikt er at hvert kort du eier er en ekte digital eiendel. Plattformen sporer eierskap p\u00e5 en gjennomsiktig m\u00e5te, og du kan bruke kortene dine i konkurranser, beholde dem som samlerobjekter eller selge dem p\u00e5 markedet. Strategien er helt opp til deg.<\/p>\n\n\n\n<figure class=\"wp-block-image gb-block-image gb-block-image-dbe1eb87\"><img decoding=\"async\" src=\"https:\/\/www.sorareceo.com\/wp-content\/uploads\/2022\/12\/logo-sorare.png\" alt=\"Sorare logo\" title=\"logo-sorare\"\/><\/figure>\n\n\n\n<p>Nye kort kan skaffes p\u00e5 to m\u00e5ter: ved \u00e5 kj\u00f8pe dem p\u00e5 Sorare-markedet eller ved \u00e5 vinne dem i turneringer. N\u00e5r du har noen kort i galleriet ditt, kan du begynne \u00e5 sette opp lag og delta i ukentlige konkurranser.<\/p>\n\n\n\n<p>Nye managere starter med et utvalg gratis Common-kort, som lar deg pr\u00f8ve spillet uten \u00e5 bruke penger. Men hvis du vil opp p\u00e5 listene og vinne seri\u00f8se premier, m\u00e5 du skaffe deg sjeldnere kort \u2013 Limited, Rare, Super Rare eller Unique \u2013 for \u00e5 \u00e5pne d\u00f8rene til de h\u00f8yere turneringene.<\/p>\n\n\n\n<p>Hovedm\u00e5let er enkelt: bygg ditt sterkeste femmannslag og sl\u00e5 andre managere basert p\u00e5 ekte spillerstatistikk. Jo bedre spillerne dine gj\u00f8r det p\u00e5 banen, desto flere poeng samler du. Poengene kan gi deg pengepremier, nye kort og til og med global anerkjennelse.<\/p>\n\n\n\n<p>Vil du unng\u00e5 nybegynnerfeil og komme raskere i gang? Les guiden min for nybegynnere om <a href=\"https:\/\/sorareceo.com\/no\/sorare-veiledning\/\" target=\"_blank\" rel=\"noreferrer noopener\">hvordan spille Sorare<\/a>.<\/p>\n\n\n\n<p class=\"pro-tip\">Hvis du f\u00e5r problemer med \u00e5 hente ut Sorare-bonusen, kan du kontakte meg p\u00e5 Twitter <em>@SorareCEOx<\/em> eller <a href=\"mailto:contact@sorareceo.com\" target=\"_blank\" rel=\"noreferrer noopener nofollow\">sende meg en e-post<\/a>.<\/p>\n","protected":false},"excerpt":{"rendered":"<p>Selv om registrering p\u00e5 Sorare er helt gratis og tar bare noen f\u00e5 minutter, er det ikke alle som vet om registreringsbonusen som gir deg et forsprang p\u00e5 de fleste nye managere. Siden SorareCEO.com er en sertifisert partner av spillet, er den eksklusive registreringsbonusen vi tilbyr v\u00e5re lesere den beste p\u00e5 markedet \u2013 n\u00e5 med &#8230; <a title=\"Sorare-registreringstilbud [150 dollar \u00e5 bruke p\u00e5 kort]\" class=\"read-more\" href=\"https:\/\/sorareceo.com\/no\/sorare-registreringstilbud\/\" aria-label=\"Read more about Sorare-registreringstilbud [150 dollar \u00e5 bruke p\u00e5 kort]\">Les mer<\/a><\/p>\n","protected":false},"author":1,"featured_media":34419,"parent":0,"menu_order":0,"comment_status":"closed","ping_status":"closed","template":"","meta":{"footnotes":""},"class_list":["post-37807","page","type-page","status-publish","has-post-thumbnail"],"yoast_head":"<!-- This site is optimized with the Yoast SEO plugin v26.6 - https:\/\/yoast.com\/wordpress\/plugins\/seo\/ -->\n<title>Sorare-registreringstilbud [150 dollar \u00e5 bruke p\u00e5 kort]<\/title>\n<meta name=\"description\" content=\"Sorare-registreringstilbudet for leserne av nettstedet mitt er n\u00e5 gratis kreditter p\u00e5 150 dollar som kan brukes p\u00e5 nye kort! F\u00e5 det HER.\" \/>\n<meta name=\"robots\" content=\"index, follow, max-snippet:-1, max-image-preview:large, max-video-preview:-1\" \/>\n<link rel=\"canonical\" href=\"https:\/\/sorareceo.com\/no\/sorare-registreringstilbud\/\" \/>\n<meta property=\"og:locale\" content=\"nb_NO\" \/>\n<meta property=\"og:type\" content=\"article\" \/>\n<meta property=\"og:title\" content=\"Sorare-registreringstilbud [150 dollar \u00e5 bruke p\u00e5 kort]\" \/>\n<meta property=\"og:description\" content=\"Sorare-registreringstilbudet for leserne av nettstedet mitt er n\u00e5 gratis kreditter p\u00e5 150 dollar som kan brukes p\u00e5 nye kort! F\u00e5 det HER.\" \/>\n<meta property=\"og:url\" content=\"https:\/\/sorareceo.com\/no\/sorare-registreringstilbud\/\" \/>\n<meta property=\"og:site_name\" content=\"SorareCEO - Your Place for Sorare Strategies &amp; Tips\" \/>\n<meta property=\"article:modified_time\" content=\"2025-08-27T17:37:36+00:00\" \/>\n<meta property=\"og:image\" content=\"https:\/\/sorareceo.com\/wp-content\/uploads\/2025\/08\/sorare-sign-up-offer-featured.webp\" \/>\n\t<meta property=\"og:image:width\" content=\"966\" \/>\n\t<meta property=\"og:image:height\" content=\"692\" \/>\n\t<meta property=\"og:image:type\" content=\"image\/webp\" \/>\n<meta name=\"twitter:card\" content=\"summary_large_image\" \/>\n<meta name=\"twitter:label1\" content=\"Ansl. lesetid\" \/>\n\t<meta name=\"twitter:data1\" content=\"5 minutter\" \/>\n<script type=\"application\/ld+json\" class=\"yoast-schema-graph\">{\"@context\":\"https:\/\/schema.org\",\"@graph\":[{\"@type\":\"WebPage\",\"@id\":\"https:\/\/sorareceo.com\/no\/sorare-registreringstilbud\/\",\"url\":\"https:\/\/sorareceo.com\/no\/sorare-registreringstilbud\/\",\"name\":\"Sorare-registreringstilbud [150 dollar \u00e5 bruke p\u00e5 kort]\",\"isPartOf\":{\"@id\":\"https:\/\/sorareceo.com\/#website\"},\"primaryImageOfPage\":{\"@id\":\"https:\/\/sorareceo.com\/no\/sorare-registreringstilbud\/#primaryimage\"},\"image\":{\"@id\":\"https:\/\/sorareceo.com\/no\/sorare-registreringstilbud\/#primaryimage\"},\"thumbnailUrl\":\"https:\/\/sorareceo.com\/wp-content\/uploads\/2025\/08\/sorare-sign-up-offer-featured.webp\",\"datePublished\":\"2022-10-21T00:49:42+00:00\",\"dateModified\":\"2025-08-27T17:37:36+00:00\",\"description\":\"Sorare-registreringstilbudet for leserne av nettstedet mitt er n\u00e5 gratis kreditter p\u00e5 150 dollar som kan brukes p\u00e5 nye kort! F\u00e5 det HER.\",\"breadcrumb\":{\"@id\":\"https:\/\/sorareceo.com\/no\/sorare-registreringstilbud\/#breadcrumb\"},\"inLanguage\":\"nb-NO\",\"potentialAction\":[{\"@type\":\"ReadAction\",\"target\":[\"https:\/\/sorareceo.com\/no\/sorare-registreringstilbud\/\"]}]},{\"@type\":\"ImageObject\",\"inLanguage\":\"nb-NO\",\"@id\":\"https:\/\/sorareceo.com\/no\/sorare-registreringstilbud\/#primaryimage\",\"url\":\"https:\/\/sorareceo.com\/wp-content\/uploads\/2025\/08\/sorare-sign-up-offer-featured.webp\",\"contentUrl\":\"https:\/\/sorareceo.com\/wp-content\/uploads\/2025\/08\/sorare-sign-up-offer-featured.webp\",\"width\":966,\"height\":692,\"caption\":\"Sorare sign-up offer - featured image\"},{\"@type\":\"BreadcrumbList\",\"@id\":\"https:\/\/sorareceo.com\/no\/sorare-registreringstilbud\/#breadcrumb\",\"itemListElement\":[{\"@type\":\"ListItem\",\"position\":1,\"name\":\"Home\",\"item\":\"https:\/\/sorareceo.com\/no\/\"},{\"@type\":\"ListItem\",\"position\":2,\"name\":\"Sorare-registreringstilbud [150 dollar \u00e5 bruke p\u00e5 kort]\"}]},{\"@type\":\"WebSite\",\"@id\":\"https:\/\/sorareceo.com\/#website\",\"url\":\"https:\/\/sorareceo.com\/\",\"name\":\"SorareCEO - Your Place for Sorare Strategies &amp; Tips\",\"description\":\"The best place for up-to-date Sorare strategies, guides &amp; tips.\",\"publisher\":{\"@id\":\"https:\/\/sorareceo.com\/#organization\"},\"potentialAction\":[{\"@type\":\"SearchAction\",\"target\":{\"@type\":\"EntryPoint\",\"urlTemplate\":\"https:\/\/sorareceo.com\/?s={search_term_string}\"},\"query-input\":{\"@type\":\"PropertyValueSpecification\",\"valueRequired\":true,\"valueName\":\"search_term_string\"}}],\"inLanguage\":\"nb-NO\"},{\"@type\":\"Organization\",\"@id\":\"https:\/\/sorareceo.com\/#organization\",\"name\":\"SorareCEO - Your Place for Sorare Strategies &amp; Tips\",\"url\":\"https:\/\/sorareceo.com\/\",\"logo\":{\"@type\":\"ImageObject\",\"inLanguage\":\"nb-NO\",\"@id\":\"https:\/\/sorareceo.com\/#\/schema\/logo\/image\/\",\"url\":\"https:\/\/sorareceo.com\/wp-content\/uploads\/2025\/08\/new-logo.webp\",\"contentUrl\":\"https:\/\/sorareceo.com\/wp-content\/uploads\/2025\/08\/new-logo.webp\",\"width\":500,\"height\":150,\"caption\":\"SorareCEO - Your Place for Sorare Strategies &amp; Tips\"},\"image\":{\"@id\":\"https:\/\/sorareceo.com\/#\/schema\/logo\/image\/\"}}]}<\/script>\n<!-- \/ Yoast SEO plugin. -->","yoast_head_json":{"title":"Sorare-registreringstilbud [150 dollar \u00e5 bruke p\u00e5 kort]","description":"Sorare-registreringstilbudet for leserne av nettstedet mitt er n\u00e5 gratis kreditter p\u00e5 150 dollar som kan brukes p\u00e5 nye kort! F\u00e5 det HER.","robots":{"index":"index","follow":"follow","max-snippet":"max-snippet:-1","max-image-preview":"max-image-preview:large","max-video-preview":"max-video-preview:-1"},"canonical":"https:\/\/sorareceo.com\/no\/sorare-registreringstilbud\/","og_locale":"nb_NO","og_type":"article","og_title":"Sorare-registreringstilbud [150 dollar \u00e5 bruke p\u00e5 kort]","og_description":"Sorare-registreringstilbudet for leserne av nettstedet mitt er n\u00e5 gratis kreditter p\u00e5 150 dollar som kan brukes p\u00e5 nye kort! F\u00e5 det HER.","og_url":"https:\/\/sorareceo.com\/no\/sorare-registreringstilbud\/","og_site_name":"SorareCEO - Your Place for Sorare Strategies &amp; Tips","article_modified_time":"2025-08-27T17:37:36+00:00","og_image":[{"width":966,"height":692,"url":"https:\/\/sorareceo.com\/wp-content\/uploads\/2025\/08\/sorare-sign-up-offer-featured.webp","type":"image\/webp"}],"twitter_card":"summary_large_image","twitter_misc":{"Ansl. lesetid":"5 minutter"},"schema":{"@context":"https:\/\/schema.org","@graph":[{"@type":"WebPage","@id":"https:\/\/sorareceo.com\/no\/sorare-registreringstilbud\/","url":"https:\/\/sorareceo.com\/no\/sorare-registreringstilbud\/","name":"Sorare-registreringstilbud [150 dollar \u00e5 bruke p\u00e5 kort]","isPartOf":{"@id":"https:\/\/sorareceo.com\/#website"},"primaryImageOfPage":{"@id":"https:\/\/sorareceo.com\/no\/sorare-registreringstilbud\/#primaryimage"},"image":{"@id":"https:\/\/sorareceo.com\/no\/sorare-registreringstilbud\/#primaryimage"},"thumbnailUrl":"https:\/\/sorareceo.com\/wp-content\/uploads\/2025\/08\/sorare-sign-up-offer-featured.webp","datePublished":"2022-10-21T00:49:42+00:00","dateModified":"2025-08-27T17:37:36+00:00","description":"Sorare-registreringstilbudet for leserne av nettstedet mitt er n\u00e5 gratis kreditter p\u00e5 150 dollar som kan brukes p\u00e5 nye kort! F\u00e5 det HER.","breadcrumb":{"@id":"https:\/\/sorareceo.com\/no\/sorare-registreringstilbud\/#breadcrumb"},"inLanguage":"nb-NO","potentialAction":[{"@type":"ReadAction","target":["https:\/\/sorareceo.com\/no\/sorare-registreringstilbud\/"]}]},{"@type":"ImageObject","inLanguage":"nb-NO","@id":"https:\/\/sorareceo.com\/no\/sorare-registreringstilbud\/#primaryimage","url":"https:\/\/sorareceo.com\/wp-content\/uploads\/2025\/08\/sorare-sign-up-offer-featured.webp","contentUrl":"https:\/\/sorareceo.com\/wp-content\/uploads\/2025\/08\/sorare-sign-up-offer-featured.webp","width":966,"height":692,"caption":"Sorare sign-up offer - featured image"},{"@type":"BreadcrumbList","@id":"https:\/\/sorareceo.com\/no\/sorare-registreringstilbud\/#breadcrumb","itemListElement":[{"@type":"ListItem","position":1,"name":"Home","item":"https:\/\/sorareceo.com\/no\/"},{"@type":"ListItem","position":2,"name":"Sorare-registreringstilbud [150 dollar \u00e5 bruke p\u00e5 kort]"}]},{"@type":"WebSite","@id":"https:\/\/sorareceo.com\/#website","url":"https:\/\/sorareceo.com\/","name":"SorareCEO - Your Place for Sorare Strategies &amp; Tips","description":"The best place for up-to-date Sorare strategies, guides &amp; tips.","publisher":{"@id":"https:\/\/sorareceo.com\/#organization"},"potentialAction":[{"@type":"SearchAction","target":{"@type":"EntryPoint","urlTemplate":"https:\/\/sorareceo.com\/?s={search_term_string}"},"query-input":{"@type":"PropertyValueSpecification","valueRequired":true,"valueName":"search_term_string"}}],"inLanguage":"nb-NO"},{"@type":"Organization","@id":"https:\/\/sorareceo.com\/#organization","name":"SorareCEO - Your Place for Sorare Strategies &amp; Tips","url":"https:\/\/sorareceo.com\/","logo":{"@type":"ImageObject","inLanguage":"nb-NO","@id":"https:\/\/sorareceo.com\/#\/schema\/logo\/image\/","url":"https:\/\/sorareceo.com\/wp-content\/uploads\/2025\/08\/new-logo.webp","contentUrl":"https:\/\/sorareceo.com\/wp-content\/uploads\/2025\/08\/new-logo.webp","width":500,"height":150,"caption":"SorareCEO - Your Place for Sorare Strategies &amp; Tips"},"image":{"@id":"https:\/\/sorareceo.com\/#\/schema\/logo\/image\/"}}]}},"_links":{"self":[{"href":"https:\/\/sorareceo.com\/no\/wp-json\/wp\/v2\/pages\/37807","targetHints":{"allow":["GET"]}}],"collection":[{"href":"https:\/\/sorareceo.com\/no\/wp-json\/wp\/v2\/pages"}],"about":[{"href":"https:\/\/sorareceo.com\/no\/wp-json\/wp\/v2\/types\/page"}],"author":[{"embeddable":true,"href":"https:\/\/sorareceo.com\/no\/wp-json\/wp\/v2\/users\/1"}],"replies":[{"embeddable":true,"href":"https:\/\/sorareceo.com\/no\/wp-json\/wp\/v2\/comments?post=37807"}],"version-history":[{"count":1,"href":"https:\/\/sorareceo.com\/no\/wp-json\/wp\/v2\/pages\/37807\/revisions"}],"predecessor-version":[{"id":37828,"href":"https:\/\/sorareceo.com\/no\/wp-json\/wp\/v2\/pages\/37807\/revisions\/37828"}],"wp:featuredmedia":[{"embeddable":true,"href":"https:\/\/sorareceo.com\/no\/wp-json\/wp\/v2\/media\/34419"}],"wp:attachment":[{"href":"https:\/\/sorareceo.com\/no\/wp-json\/wp\/v2\/media?parent=37807"}],"curies":[{"name":"wp","href":"https:\/\/api.w.org\/{rel}","templated":true}]}}