{"id":5782,"date":"2022-11-11T18:39:59","date_gmt":"2022-11-11T18:39:59","guid":{"rendered":"https:\/\/www.sorareceo.com\/sazinieties-ar-mums\/"},"modified":"2023-02-25T19:41:32","modified_gmt":"2023-02-25T19:41:32","slug":"sazinieties-ar-mums","status":"publish","type":"page","link":"https:\/\/sorareceo.com\/lv\/sazinieties-ar-mums\/","title":{"rendered":"Sazinieties ar mums"},"content":{"rendered":"\n<p>Neatkar\u012bgi no t\u0101, vai jums ir vair\u0101k jaut\u0101jumu par to, k\u0101 k\u013c\u016bt par veiksm\u012bgu Sorare mened\u017eeri, vai ar\u012b v\u0113laties apmain\u012bties ar pieredzi saist\u012bb\u0101 ar \u0161o unik\u0101lo fant\u0101zijas futbola sp\u0113li, l\u016bdzu, izmantojiet zem\u0101k eso\u0161o kontaktformu, lai sazin\u0101tos ar mums!<\/p>\n\n<p>M\u0113s parasti atbildam 24 stundu laik\u0101.<\/p>\n<div class=\"wpforms-container wpforms-container-full\" id=\"wpforms-235\"><form id=\"wpforms-form-235\" class=\"wpforms-validate wpforms-form wpforms-ajax-form\" data-formid=\"235\" method=\"post\" enctype=\"multipart\/form-data\" action=\"\/lv\/wp-json\/wp\/v2\/pages\/5782\" data-token=\"4fcc4ee5bd04a022b823ec2604f3f136\" data-token-time=\"1777630459\"><noscript class=\"wpforms-error-noscript\">Please enable JavaScript in your browser to complete this form.<\/noscript><div class=\"wpforms-field-container\"><div id=\"wpforms-235-field_0-container\" class=\"wpforms-field wpforms-field-name\" data-field-id=\"0\"><label class=\"wpforms-field-label\" for=\"wpforms-235-field_0\">Name <span class=\"wpforms-required-label\">*<\/span><\/label><div class=\"wpforms-field-row wpforms-field-medium\"><div class=\"wpforms-field-row-block wpforms-first wpforms-one-half\"><input type=\"text\" id=\"wpforms-235-field_0\" class=\"wpforms-field-name-first wpforms-field-required\" name=\"wpforms[fields][0][first]\" required><label for=\"wpforms-235-field_0\" class=\"wpforms-field-sublabel after\">First<\/label><\/div><div class=\"wpforms-field-row-block wpforms-one-half\"><input type=\"text\" id=\"wpforms-235-field_0-last\" class=\"wpforms-field-name-last wpforms-field-required\" name=\"wpforms[fields][0][last]\" required><label for=\"wpforms-235-field_0-last\" class=\"wpforms-field-sublabel after\">Last<\/label><\/div><\/div><\/div><div id=\"wpforms-235-field_1-container\" class=\"wpforms-field wpforms-field-email\" data-field-id=\"1\"><label class=\"wpforms-field-label\" for=\"wpforms-235-field_1\">Email <span class=\"wpforms-required-label\">*<\/span><\/label><input type=\"email\" id=\"wpforms-235-field_1\" class=\"wpforms-field-medium wpforms-field-required\" name=\"wpforms[fields][1]\" spellcheck=\"false\" required><\/div><div id=\"wpforms-235-field_2-container\" class=\"wpforms-field wpforms-field-textarea\" data-field-id=\"2\"><label class=\"wpforms-field-label\" for=\"wpforms-235-field_2\">Comment or Message<\/label><textarea id=\"wpforms-235-field_2\" class=\"wpforms-field-medium\" name=\"wpforms[fields][2]\" ><\/textarea><\/div><\/div><!-- .wpforms-field-container --><div class=\"wpforms-submit-container\" ><input type=\"hidden\" name=\"wpforms[id]\" value=\"235\"><input type=\"hidden\" name=\"page_title\" value=\"\"><input type=\"hidden\" name=\"page_url\" value=\"https:\/\/sorareceo.com\/lv\/wp-json\/wp\/v2\/pages\/5782\"><button type=\"submit\" name=\"wpforms[submit]\" id=\"wpforms-submit-235\" class=\"wpforms-submit\" data-alt-text=\"Sending...\" data-submit-text=\"Submit\" aria-live=\"assertive\" value=\"wpforms-submit\">Submit<\/button><img loading=\"lazy\" decoding=\"async\" src=\"https:\/\/sorareceo.com\/wp-content\/plugins\/wpforms\/assets\/images\/submit-spin.svg\" class=\"wpforms-submit-spinner\" style=\"display: none;\" width=\"26\" height=\"26\" alt=\"Loading\"><\/div><\/form><\/div>  <!-- .wpforms-container -->\n","protected":false},"excerpt":{"rendered":"<p>Neatkar\u012bgi no t\u0101, vai jums ir vair\u0101k jaut\u0101jumu par to, k\u0101 k\u013c\u016bt par veiksm\u012bgu Sorare mened\u017eeri, vai ar\u012b v\u0113laties apmain\u012bties ar pieredzi saist\u012bb\u0101 ar \u0161o unik\u0101lo fant\u0101zijas futbola sp\u0113li, l\u016bdzu, izmantojiet zem\u0101k eso\u0161o kontaktformu, lai sazin\u0101tos ar mums! M\u0113s parasti atbildam 24 stundu laik\u0101.<\/p>\n","protected":false},"author":1,"featured_media":0,"parent":0,"menu_order":0,"comment_status":"closed","ping_status":"closed","template":"","meta":{"footnotes":""},"class_list":["post-5782","page","type-page","status-publish"],"yoast_head":"<!-- This site is optimized with the Yoast SEO plugin v26.6 - https:\/\/yoast.com\/wordpress\/plugins\/seo\/ -->\n<title>Sazinieties ar mums - SorareCEO - Your Place for Sorare Strategies &amp; Tips<\/title>\n<meta name=\"robots\" content=\"index, follow, max-snippet:-1, max-image-preview:large, max-video-preview:-1\" \/>\n<link rel=\"canonical\" href=\"https:\/\/sorareceo.com\/contact\/\" \/>\n<meta property=\"og:locale\" content=\"lv_LV\" \/>\n<meta property=\"og:type\" content=\"article\" \/>\n<meta property=\"og:title\" content=\"Sazinieties ar mums - SorareCEO - Your Place for Sorare Strategies &amp; Tips\" \/>\n<meta property=\"og:description\" content=\"Neatkar\u012bgi no t\u0101, vai jums ir vair\u0101k jaut\u0101jumu par to, k\u0101 k\u013c\u016bt par veiksm\u012bgu Sorare mened\u017eeri, vai ar\u012b v\u0113laties apmain\u012bties ar pieredzi saist\u012bb\u0101 ar \u0161o unik\u0101lo fant\u0101zijas futbola sp\u0113li, l\u016bdzu, izmantojiet zem\u0101k eso\u0161o kontaktformu, lai sazin\u0101tos ar mums! M\u0113s parasti atbildam 24 stundu laik\u0101.\" \/>\n<meta property=\"og:url\" content=\"https:\/\/sorareceo.com\/contact\/\" \/>\n<meta property=\"og:site_name\" content=\"SorareCEO - Your Place for Sorare Strategies &amp; Tips\" \/>\n<meta property=\"article:modified_time\" content=\"2023-02-25T19:41:32+00:00\" \/>\n<meta name=\"twitter:card\" content=\"summary_large_image\" \/>\n<script type=\"application\/ld+json\" class=\"yoast-schema-graph\">{\"@context\":\"https:\/\/schema.org\",\"@graph\":[{\"@type\":\"WebPage\",\"@id\":\"https:\/\/sorareceo.com\/contact\/\",\"url\":\"https:\/\/sorareceo.com\/contact\/\",\"name\":\"Sazinieties ar mums - SorareCEO - Your Place for Sorare Strategies &amp; Tips\",\"isPartOf\":{\"@id\":\"https:\/\/sorareceo.com\/#website\"},\"datePublished\":\"2022-11-11T18:39:59+00:00\",\"dateModified\":\"2023-02-25T19:41:32+00:00\",\"breadcrumb\":{\"@id\":\"https:\/\/sorareceo.com\/contact\/#breadcrumb\"},\"inLanguage\":\"lv-LV\",\"potentialAction\":[{\"@type\":\"ReadAction\",\"target\":[\"https:\/\/sorareceo.com\/contact\/\"]}]},{\"@type\":\"BreadcrumbList\",\"@id\":\"https:\/\/sorareceo.com\/contact\/#breadcrumb\",\"itemListElement\":[{\"@type\":\"ListItem\",\"position\":1,\"name\":\"Home\",\"item\":\"https:\/\/sorareceo.com\/lv\/\"},{\"@type\":\"ListItem\",\"position\":2,\"name\":\"Sazinieties ar mums\"}]},{\"@type\":\"WebSite\",\"@id\":\"https:\/\/sorareceo.com\/#website\",\"url\":\"https:\/\/sorareceo.com\/\",\"name\":\"SorareCEO - Your Place for Sorare Strategies &amp; Tips\",\"description\":\"The best place for up-to-date Sorare strategies, guides &amp; tips.\",\"publisher\":{\"@id\":\"https:\/\/sorareceo.com\/#organization\"},\"potentialAction\":[{\"@type\":\"SearchAction\",\"target\":{\"@type\":\"EntryPoint\",\"urlTemplate\":\"https:\/\/sorareceo.com\/?s={search_term_string}\"},\"query-input\":{\"@type\":\"PropertyValueSpecification\",\"valueRequired\":true,\"valueName\":\"search_term_string\"}}],\"inLanguage\":\"lv-LV\"},{\"@type\":\"Organization\",\"@id\":\"https:\/\/sorareceo.com\/#organization\",\"name\":\"SorareCEO - Your Place for Sorare Strategies &amp; Tips\",\"url\":\"https:\/\/sorareceo.com\/\",\"logo\":{\"@type\":\"ImageObject\",\"inLanguage\":\"lv-LV\",\"@id\":\"https:\/\/sorareceo.com\/#\/schema\/logo\/image\/\",\"url\":\"https:\/\/sorareceo.com\/wp-content\/uploads\/2025\/08\/new-logo.webp\",\"contentUrl\":\"https:\/\/sorareceo.com\/wp-content\/uploads\/2025\/08\/new-logo.webp\",\"width\":500,\"height\":150,\"caption\":\"SorareCEO - Your Place for Sorare Strategies &amp; Tips\"},\"image\":{\"@id\":\"https:\/\/sorareceo.com\/#\/schema\/logo\/image\/\"}}]}<\/script>\n<!-- \/ Yoast SEO plugin. -->","yoast_head_json":{"title":"Sazinieties ar mums - SorareCEO - Your Place for Sorare Strategies &amp; Tips","robots":{"index":"index","follow":"follow","max-snippet":"max-snippet:-1","max-image-preview":"max-image-preview:large","max-video-preview":"max-video-preview:-1"},"canonical":"https:\/\/sorareceo.com\/contact\/","og_locale":"lv_LV","og_type":"article","og_title":"Sazinieties ar mums - SorareCEO - Your Place for Sorare Strategies &amp; Tips","og_description":"Neatkar\u012bgi no t\u0101, vai jums ir vair\u0101k jaut\u0101jumu par to, k\u0101 k\u013c\u016bt par veiksm\u012bgu Sorare mened\u017eeri, vai ar\u012b v\u0113laties apmain\u012bties ar pieredzi saist\u012bb\u0101 ar \u0161o unik\u0101lo fant\u0101zijas futbola sp\u0113li, l\u016bdzu, izmantojiet zem\u0101k eso\u0161o kontaktformu, lai sazin\u0101tos ar mums! M\u0113s parasti atbildam 24 stundu laik\u0101.","og_url":"https:\/\/sorareceo.com\/contact\/","og_site_name":"SorareCEO - Your Place for Sorare Strategies &amp; Tips","article_modified_time":"2023-02-25T19:41:32+00:00","twitter_card":"summary_large_image","schema":{"@context":"https:\/\/schema.org","@graph":[{"@type":"WebPage","@id":"https:\/\/sorareceo.com\/contact\/","url":"https:\/\/sorareceo.com\/contact\/","name":"Sazinieties ar mums - SorareCEO - Your Place for Sorare Strategies &amp; Tips","isPartOf":{"@id":"https:\/\/sorareceo.com\/#website"},"datePublished":"2022-11-11T18:39:59+00:00","dateModified":"2023-02-25T19:41:32+00:00","breadcrumb":{"@id":"https:\/\/sorareceo.com\/contact\/#breadcrumb"},"inLanguage":"lv-LV","potentialAction":[{"@type":"ReadAction","target":["https:\/\/sorareceo.com\/contact\/"]}]},{"@type":"BreadcrumbList","@id":"https:\/\/sorareceo.com\/contact\/#breadcrumb","itemListElement":[{"@type":"ListItem","position":1,"name":"Home","item":"https:\/\/sorareceo.com\/lv\/"},{"@type":"ListItem","position":2,"name":"Sazinieties ar mums"}]},{"@type":"WebSite","@id":"https:\/\/sorareceo.com\/#website","url":"https:\/\/sorareceo.com\/","name":"SorareCEO - Your Place for Sorare Strategies &amp; Tips","description":"The best place for up-to-date Sorare strategies, guides &amp; tips.","publisher":{"@id":"https:\/\/sorareceo.com\/#organization"},"potentialAction":[{"@type":"SearchAction","target":{"@type":"EntryPoint","urlTemplate":"https:\/\/sorareceo.com\/?s={search_term_string}"},"query-input":{"@type":"PropertyValueSpecification","valueRequired":true,"valueName":"search_term_string"}}],"inLanguage":"lv-LV"},{"@type":"Organization","@id":"https:\/\/sorareceo.com\/#organization","name":"SorareCEO - Your Place for Sorare Strategies &amp; Tips","url":"https:\/\/sorareceo.com\/","logo":{"@type":"ImageObject","inLanguage":"lv-LV","@id":"https:\/\/sorareceo.com\/#\/schema\/logo\/image\/","url":"https:\/\/sorareceo.com\/wp-content\/uploads\/2025\/08\/new-logo.webp","contentUrl":"https:\/\/sorareceo.com\/wp-content\/uploads\/2025\/08\/new-logo.webp","width":500,"height":150,"caption":"SorareCEO - Your Place for Sorare Strategies &amp; Tips"},"image":{"@id":"https:\/\/sorareceo.com\/#\/schema\/logo\/image\/"}}]}},"_links":{"self":[{"href":"https:\/\/sorareceo.com\/lv\/wp-json\/wp\/v2\/pages\/5782","targetHints":{"allow":["GET"]}}],"collection":[{"href":"https:\/\/sorareceo.com\/lv\/wp-json\/wp\/v2\/pages"}],"about":[{"href":"https:\/\/sorareceo.com\/lv\/wp-json\/wp\/v2\/types\/page"}],"author":[{"embeddable":true,"href":"https:\/\/sorareceo.com\/lv\/wp-json\/wp\/v2\/users\/1"}],"replies":[{"embeddable":true,"href":"https:\/\/sorareceo.com\/lv\/wp-json\/wp\/v2\/comments?post=5782"}],"version-history":[{"count":0,"href":"https:\/\/sorareceo.com\/lv\/wp-json\/wp\/v2\/pages\/5782\/revisions"}],"wp:attachment":[{"href":"https:\/\/sorareceo.com\/lv\/wp-json\/wp\/v2\/media?parent=5782"}],"curies":[{"name":"wp","href":"https:\/\/api.w.org\/{rel}","templated":true}]}}