{"id":36635,"date":"2025-01-04T00:18:52","date_gmt":"2025-01-04T00:18:52","guid":{"rendered":"https:\/\/sorareceo.com\/sorareceo-com-tavs-uzticamais-celvedis-sorare-pasaule\/"},"modified":"2025-08-27T17:25:30","modified_gmt":"2025-08-27T17:25:30","slug":"sorareceo-com-tavs-uzticamais-celvedis-sorare-pasaule","status":"publish","type":"page","link":"https:\/\/sorareceo.com\/lv\/","title":{"rendered":"SorareCEO.com \u2013 tavs uzticamais ce\u013cvedis Sorare pasaul\u0113"},"content":{"rendered":"<div class=\"gb-container gb-container-4f6744a8 alignfull\">\n\n<h2 class=\"gb-headline gb-headline-59c6c384 gb-headline-text\">Laipni l\u016bgts SorareCEO<\/h2>\n\n\n\n<h1 class=\"gb-headline gb-headline-499f076a gb-headline-text\">Vieta Sorare ce\u013cve\u017eiem, pam\u0101c\u012bb\u0101m un strat\u0113\u0123ij\u0101m.<\/h1>\n\n\n\n<a class=\"gb-button gb-button-7411aeb9 gb-button-text\" href=\"https:\/\/sorareceo.com\/lv\/kas-ir-sorare\/\" target=\"_blank\" rel=\"noopener noreferrer\">KAS IR SORARE?<\/a>\n\n<\/div>\n\n<div class=\"gb-container gb-container-dff66fc0 alignfull\">\n<div class=\"gb-container gb-container-5ae625cf\">\n<div class=\"gb-container gb-container-7bad8aa5\">\n\n<h2 class=\"gb-headline gb-headline-3639624f gb-headline-text\">Ce\u013cvedis ies\u0101c\u0113jiem<\/h2>\n\n\n\n<figure class=\"wp-block-image size-full is-resized\"><img loading=\"lazy\" decoding=\"async\" width=\"1000\" height=\"1000\" src=\"http:\/\/sorareceo.com\/wp-content\/uploads\/2025\/08\/guide-homepage.webp\" alt=\"\" class=\"wp-image-35215\" style=\"object-fit:cover;width:300px;height:300px\" srcset=\"https:\/\/sorareceo.com\/wp-content\/uploads\/2025\/08\/guide-homepage.webp 1000w, https:\/\/sorareceo.com\/wp-content\/uploads\/2025\/08\/guide-homepage-300x300.webp 300w, https:\/\/sorareceo.com\/wp-content\/uploads\/2025\/08\/guide-homepage-150x150.webp 150w, https:\/\/sorareceo.com\/wp-content\/uploads\/2025\/08\/guide-homepage-768x768.webp 768w\" sizes=\"auto, (max-width: 1000px) 100vw, 1000px\" \/><\/figure>\n\n\n<div class=\"gb-container gb-container-98b4471b\">\n\n<p class=\"gb-headline gb-headline-44cbcbf8 gb-headline-text\">Vai esi jauns Sorare? Varb\u016bt v\u0113lies izvair\u012bties no ies\u0101c\u0113ju k\u013c\u016bd\u0101m un maksim\u0101li palielin\u0101t iesp\u0113jas g\u016bt pe\u013c\u0146u p\u0113c iesp\u0113jas \u0101tr\u0101k p\u0113c pievieno\u0161an\u0101s. Mans Sorare ies\u0101c\u0113ju ce\u013cvedis tev pal\u012bdz\u0113s to izdar\u012bt \u2013 un v\u0113l vair\u0101k.  <\/p>\n\n\n\n<a class=\"gb-button gb-button-ff8e8a3a gb-button-text\" href=\"https:\/\/sorareceo.com\/lv\/sorare-apmaciba\/\" target=\"_blank\" rel=\"noopener noreferrer\">LAS\u012aT<\/a>\n\n<\/div>\n<\/div>\n<\/div>\n\n<div class=\"gb-container gb-container-5732aabf\">\n<div class=\"gb-container gb-container-84b12203\">\n\n<h2 class=\"gb-headline gb-headline-a59e7235 gb-headline-text\">Sp\u0113les apskats<\/h2>\n\n\n\n<figure class=\"wp-block-image size-full is-resized\"><img loading=\"lazy\" decoding=\"async\" width=\"1000\" height=\"1000\" src=\"http:\/\/sorareceo.com\/wp-content\/uploads\/2025\/08\/review-homepage.webp\" alt=\"\" class=\"wp-image-35262\" style=\"object-fit:cover;width:300px;height:300px\" srcset=\"https:\/\/sorareceo.com\/wp-content\/uploads\/2025\/08\/review-homepage.webp 1000w, https:\/\/sorareceo.com\/wp-content\/uploads\/2025\/08\/review-homepage-300x300.webp 300w, https:\/\/sorareceo.com\/wp-content\/uploads\/2025\/08\/review-homepage-150x150.webp 150w, https:\/\/sorareceo.com\/wp-content\/uploads\/2025\/08\/review-homepage-768x768.webp 768w\" sizes=\"auto, (max-width: 1000px) 100vw, 1000px\" \/><\/figure>\n\n\n<div class=\"gb-container gb-container-5d281bbd\">\n\n<p class=\"gb-headline gb-headline-e815eb18 gb-headline-text\">Joproj\u0101m dom\u0101, vai \u0161\u012b sp\u0113le ir tev piem\u0113rota? Izlasi manu Sorare apskatu, kur\u0101 atrad\u012bsi manu visatkl\u0101t\u0101ko viedokli par produktu un uzzin\u0101si, k\u0101 tas at\u0161\u0137iras no cit\u0101m fantasy sporta platform\u0101m. T\u0101pat k\u0101 jebkurai sp\u0113lei, ar\u012b \u0161ai ir savi plusi un m\u012bnusi.   <\/p>\n\n\n\n<a class=\"gb-button gb-button-2dee9ba5 gb-button-text\" href=\"#\" target=\"_blank\" rel=\"noopener noreferrer\">LAS\u012aT<\/a>\n\n<\/div>\n<\/div>\n<\/div>\n\n<div class=\"gb-container gb-container-9a12ce94\">\n<div class=\"gb-container gb-container-4a74dada\">\n\n<h2 class=\"gb-headline gb-headline-7b49ca4e gb-headline-text\">Re\u0123istr\u0101cijas pied\u0101v\u0101jums<\/h2>\n\n\n\n<figure class=\"wp-block-image size-full is-resized\"><img loading=\"lazy\" decoding=\"async\" width=\"1000\" height=\"1000\" src=\"http:\/\/sorareceo.com\/wp-content\/uploads\/2025\/08\/sign-up-offer-homepage.webp\" alt=\"\" class=\"wp-image-35309\" style=\"object-fit:cover;width:300px;height:300px\" srcset=\"https:\/\/sorareceo.com\/wp-content\/uploads\/2025\/08\/sign-up-offer-homepage.webp 1000w, https:\/\/sorareceo.com\/wp-content\/uploads\/2025\/08\/sign-up-offer-homepage-300x300.webp 300w, https:\/\/sorareceo.com\/wp-content\/uploads\/2025\/08\/sign-up-offer-homepage-150x150.webp 150w, https:\/\/sorareceo.com\/wp-content\/uploads\/2025\/08\/sign-up-offer-homepage-768x768.webp 768w\" sizes=\"auto, (max-width: 1000px) 100vw, 1000px\" \/><\/figure>\n\n\n<div class=\"gb-container gb-container-9727e384\">\n\n<p class=\"gb-headline gb-headline-e3c72453 gb-headline-text\">Ja esi pie\u0146\u0113mis (pareizo) l\u0113mumu pievienoties sp\u0113lei, \u0161\u012b ir mana d\u0101vana tev. K\u013c\u016bsti par vienu no SorareCEO las\u012bt\u0101jiem, kas sa\u0146em sveiciena bonusu un priek\u0161roc\u012bbas sal\u012bdzin\u0101jum\u0101 ar citiem mened\u017eeriem. Atkl\u0101j \u0161eit pa\u0161reiz\u0113jo akciju.   <\/p>\n\n\n\n<a class=\"gb-button gb-button-fc86622e gb-button-text\" href=\"https:\/\/sorareceo.com\/lv\/sorare-registracijas-piedavajums\/\" target=\"_blank\" rel=\"noopener noreferrer\">LAS\u012aT<\/a>\n\n<\/div>\n<\/div>\n<\/div>\n<\/div>","protected":false},"excerpt":{"rendered":"<p>Laipni l\u016bgts SorareCEO Vieta Sorare ce\u013cve\u017eiem, pam\u0101c\u012bb\u0101m un strat\u0113\u0123ij\u0101m. Ce\u013cvedis ies\u0101c\u0113jiem Vai esi jauns Sorare? Varb\u016bt v\u0113lies izvair\u012bties no ies\u0101c\u0113ju k\u013c\u016bd\u0101m un maksim\u0101li palielin\u0101t iesp\u0113jas g\u016bt pe\u013c\u0146u p\u0113c iesp\u0113jas \u0101tr\u0101k p\u0113c pievieno\u0161an\u0101s. Mans Sorare ies\u0101c\u0113ju ce\u013cvedis tev pal\u012bdz\u0113s to izdar\u012bt \u2013 un v\u0113l vair\u0101k. Sp\u0113les apskats Joproj\u0101m dom\u0101, vai \u0161\u012b sp\u0113le ir tev piem\u0113rota? Izlasi &#8230; <a title=\"SorareCEO.com \u2013 tavs uzticamais ce\u013cvedis Sorare pasaul\u0113\" class=\"read-more\" href=\"https:\/\/sorareceo.com\/lv\/\" aria-label=\"Read more about SorareCEO.com \u2013 tavs uzticamais ce\u013cvedis Sorare pasaul\u0113\">Read more<\/a><\/p>\n","protected":false},"author":1,"featured_media":34306,"parent":0,"menu_order":0,"comment_status":"closed","ping_status":"closed","template":"","meta":{"footnotes":""},"class_list":["post-36635","page","type-page","status-publish","has-post-thumbnail"],"yoast_head":"<!-- This site is optimized with the Yoast SEO plugin v26.6 - https:\/\/yoast.com\/wordpress\/plugins\/seo\/ -->\n<title>SorareCEO.com \u2013 tavs uzticamais ce\u013cvedis Sorare pasaul\u0113<\/title>\n<meta name=\"description\" content=\"SorareCEO ir tavs uzticamais avots ce\u013cve\u017eiem, pam\u0101c\u012bb\u0101m, padomiem, strat\u0113\u0123ij\u0101m un jaunumiem par Sorare. Pilnveido savas sp\u0113les prasmes kop\u0101 ar mani.\" \/>\n<meta name=\"robots\" content=\"index, follow, max-snippet:-1, max-image-preview:large, max-video-preview:-1\" \/>\n<link rel=\"canonical\" href=\"https:\/\/sorareceo.com\/lv\/\" \/>\n<meta property=\"og:locale\" content=\"lv_LV\" \/>\n<meta property=\"og:type\" content=\"article\" \/>\n<meta property=\"og:title\" content=\"SorareCEO.com \u2013 tavs uzticamais ce\u013cvedis Sorare pasaul\u0113\" \/>\n<meta property=\"og:description\" content=\"SorareCEO ir tavs uzticamais avots ce\u013cve\u017eiem, pam\u0101c\u012bb\u0101m, padomiem, strat\u0113\u0123ij\u0101m un jaunumiem par Sorare. Pilnveido savas sp\u0113les prasmes kop\u0101 ar mani.\" \/>\n<meta property=\"og:url\" content=\"https:\/\/sorareceo.com\/lv\/\" \/>\n<meta property=\"og:site_name\" content=\"SorareCEO - Your Place for Sorare Strategies &amp; Tips\" \/>\n<meta property=\"article:modified_time\" content=\"2025-08-27T17:25:30+00:00\" \/>\n<meta property=\"og:image\" content=\"https:\/\/sorareceo.com\/wp-content\/uploads\/2025\/08\/icon.webp\" \/>\n\t<meta property=\"og:image:width\" content=\"100\" \/>\n\t<meta property=\"og:image:height\" content=\"100\" \/>\n\t<meta property=\"og:image:type\" content=\"image\/webp\" \/>\n<meta name=\"twitter:card\" content=\"summary_large_image\" \/>\n<meta name=\"twitter:label1\" content=\"Est. reading time\" \/>\n\t<meta name=\"twitter:data1\" content=\"2 minutes\" \/>\n<script type=\"application\/ld+json\" class=\"yoast-schema-graph\">{\"@context\":\"https:\/\/schema.org\",\"@graph\":[{\"@type\":\"WebPage\",\"@id\":\"https:\/\/sorareceo.com\/lv\/\",\"url\":\"https:\/\/sorareceo.com\/lv\/\",\"name\":\"SorareCEO.com \u2013 tavs uzticamais ce\u013cvedis Sorare pasaul\u0113\",\"isPartOf\":{\"@id\":\"https:\/\/sorareceo.com\/#website\"},\"primaryImageOfPage\":{\"@id\":\"https:\/\/sorareceo.com\/lv\/#primaryimage\"},\"image\":{\"@id\":\"https:\/\/sorareceo.com\/lv\/#primaryimage\"},\"thumbnailUrl\":\"https:\/\/sorareceo.com\/wp-content\/uploads\/2025\/08\/icon.webp\",\"datePublished\":\"2025-01-04T00:18:52+00:00\",\"dateModified\":\"2025-08-27T17:25:30+00:00\",\"description\":\"SorareCEO ir tavs uzticamais avots ce\u013cve\u017eiem, pam\u0101c\u012bb\u0101m, padomiem, strat\u0113\u0123ij\u0101m un jaunumiem par Sorare. Pilnveido savas sp\u0113les prasmes kop\u0101 ar mani.\",\"breadcrumb\":{\"@id\":\"https:\/\/sorareceo.com\/lv\/#breadcrumb\"},\"inLanguage\":\"lv-LV\",\"potentialAction\":[{\"@type\":\"ReadAction\",\"target\":[\"https:\/\/sorareceo.com\/lv\/\"]}]},{\"@type\":\"ImageObject\",\"inLanguage\":\"lv-LV\",\"@id\":\"https:\/\/sorareceo.com\/lv\/#primaryimage\",\"url\":\"https:\/\/sorareceo.com\/wp-content\/uploads\/2025\/08\/icon.webp\",\"contentUrl\":\"https:\/\/sorareceo.com\/wp-content\/uploads\/2025\/08\/icon.webp\",\"width\":100,\"height\":100},{\"@type\":\"BreadcrumbList\",\"@id\":\"https:\/\/sorareceo.com\/lv\/#breadcrumb\",\"itemListElement\":[{\"@type\":\"ListItem\",\"position\":1,\"name\":\"Home\",\"item\":\"https:\/\/sorareceo.com\/lv\/\"},{\"@type\":\"ListItem\",\"position\":2,\"name\":\"SorareCEO.com \u2013 tavs uzticamais ce\u013cvedis Sorare pasaul\u0113\"}]},{\"@type\":\"WebSite\",\"@id\":\"https:\/\/sorareceo.com\/#website\",\"url\":\"https:\/\/sorareceo.com\/\",\"name\":\"SorareCEO - Your Place for Sorare Strategies &amp; Tips\",\"description\":\"The best place for up-to-date Sorare strategies, guides &amp; tips.\",\"publisher\":{\"@id\":\"https:\/\/sorareceo.com\/#organization\"},\"potentialAction\":[{\"@type\":\"SearchAction\",\"target\":{\"@type\":\"EntryPoint\",\"urlTemplate\":\"https:\/\/sorareceo.com\/?s={search_term_string}\"},\"query-input\":{\"@type\":\"PropertyValueSpecification\",\"valueRequired\":true,\"valueName\":\"search_term_string\"}}],\"inLanguage\":\"lv-LV\"},{\"@type\":\"Organization\",\"@id\":\"https:\/\/sorareceo.com\/#organization\",\"name\":\"SorareCEO - Your Place for Sorare Strategies &amp; Tips\",\"url\":\"https:\/\/sorareceo.com\/\",\"logo\":{\"@type\":\"ImageObject\",\"inLanguage\":\"lv-LV\",\"@id\":\"https:\/\/sorareceo.com\/#\/schema\/logo\/image\/\",\"url\":\"https:\/\/sorareceo.com\/wp-content\/uploads\/2025\/08\/new-logo.webp\",\"contentUrl\":\"https:\/\/sorareceo.com\/wp-content\/uploads\/2025\/08\/new-logo.webp\",\"width\":500,\"height\":150,\"caption\":\"SorareCEO - Your Place for Sorare Strategies &amp; Tips\"},\"image\":{\"@id\":\"https:\/\/sorareceo.com\/#\/schema\/logo\/image\/\"}}]}<\/script>\n<!-- \/ Yoast SEO plugin. -->","yoast_head_json":{"title":"SorareCEO.com \u2013 tavs uzticamais ce\u013cvedis Sorare pasaul\u0113","description":"SorareCEO ir tavs uzticamais avots ce\u013cve\u017eiem, pam\u0101c\u012bb\u0101m, padomiem, strat\u0113\u0123ij\u0101m un jaunumiem par Sorare. Pilnveido savas sp\u0113les prasmes kop\u0101 ar mani.","robots":{"index":"index","follow":"follow","max-snippet":"max-snippet:-1","max-image-preview":"max-image-preview:large","max-video-preview":"max-video-preview:-1"},"canonical":"https:\/\/sorareceo.com\/lv\/","og_locale":"lv_LV","og_type":"article","og_title":"SorareCEO.com \u2013 tavs uzticamais ce\u013cvedis Sorare pasaul\u0113","og_description":"SorareCEO ir tavs uzticamais avots ce\u013cve\u017eiem, pam\u0101c\u012bb\u0101m, padomiem, strat\u0113\u0123ij\u0101m un jaunumiem par Sorare. Pilnveido savas sp\u0113les prasmes kop\u0101 ar mani.","og_url":"https:\/\/sorareceo.com\/lv\/","og_site_name":"SorareCEO - Your Place for Sorare Strategies &amp; Tips","article_modified_time":"2025-08-27T17:25:30+00:00","og_image":[{"width":100,"height":100,"url":"https:\/\/sorareceo.com\/wp-content\/uploads\/2025\/08\/icon.webp","type":"image\/webp"}],"twitter_card":"summary_large_image","twitter_misc":{"Est. reading time":"2 minutes"},"schema":{"@context":"https:\/\/schema.org","@graph":[{"@type":"WebPage","@id":"https:\/\/sorareceo.com\/lv\/","url":"https:\/\/sorareceo.com\/lv\/","name":"SorareCEO.com \u2013 tavs uzticamais ce\u013cvedis Sorare pasaul\u0113","isPartOf":{"@id":"https:\/\/sorareceo.com\/#website"},"primaryImageOfPage":{"@id":"https:\/\/sorareceo.com\/lv\/#primaryimage"},"image":{"@id":"https:\/\/sorareceo.com\/lv\/#primaryimage"},"thumbnailUrl":"https:\/\/sorareceo.com\/wp-content\/uploads\/2025\/08\/icon.webp","datePublished":"2025-01-04T00:18:52+00:00","dateModified":"2025-08-27T17:25:30+00:00","description":"SorareCEO ir tavs uzticamais avots ce\u013cve\u017eiem, pam\u0101c\u012bb\u0101m, padomiem, strat\u0113\u0123ij\u0101m un jaunumiem par Sorare. Pilnveido savas sp\u0113les prasmes kop\u0101 ar mani.","breadcrumb":{"@id":"https:\/\/sorareceo.com\/lv\/#breadcrumb"},"inLanguage":"lv-LV","potentialAction":[{"@type":"ReadAction","target":["https:\/\/sorareceo.com\/lv\/"]}]},{"@type":"ImageObject","inLanguage":"lv-LV","@id":"https:\/\/sorareceo.com\/lv\/#primaryimage","url":"https:\/\/sorareceo.com\/wp-content\/uploads\/2025\/08\/icon.webp","contentUrl":"https:\/\/sorareceo.com\/wp-content\/uploads\/2025\/08\/icon.webp","width":100,"height":100},{"@type":"BreadcrumbList","@id":"https:\/\/sorareceo.com\/lv\/#breadcrumb","itemListElement":[{"@type":"ListItem","position":1,"name":"Home","item":"https:\/\/sorareceo.com\/lv\/"},{"@type":"ListItem","position":2,"name":"SorareCEO.com \u2013 tavs uzticamais ce\u013cvedis Sorare pasaul\u0113"}]},{"@type":"WebSite","@id":"https:\/\/sorareceo.com\/#website","url":"https:\/\/sorareceo.com\/","name":"SorareCEO - Your Place for Sorare Strategies &amp; Tips","description":"The best place for up-to-date Sorare strategies, guides &amp; tips.","publisher":{"@id":"https:\/\/sorareceo.com\/#organization"},"potentialAction":[{"@type":"SearchAction","target":{"@type":"EntryPoint","urlTemplate":"https:\/\/sorareceo.com\/?s={search_term_string}"},"query-input":{"@type":"PropertyValueSpecification","valueRequired":true,"valueName":"search_term_string"}}],"inLanguage":"lv-LV"},{"@type":"Organization","@id":"https:\/\/sorareceo.com\/#organization","name":"SorareCEO - Your Place for Sorare Strategies &amp; Tips","url":"https:\/\/sorareceo.com\/","logo":{"@type":"ImageObject","inLanguage":"lv-LV","@id":"https:\/\/sorareceo.com\/#\/schema\/logo\/image\/","url":"https:\/\/sorareceo.com\/wp-content\/uploads\/2025\/08\/new-logo.webp","contentUrl":"https:\/\/sorareceo.com\/wp-content\/uploads\/2025\/08\/new-logo.webp","width":500,"height":150,"caption":"SorareCEO - Your Place for Sorare Strategies &amp; Tips"},"image":{"@id":"https:\/\/sorareceo.com\/#\/schema\/logo\/image\/"}}]}},"_links":{"self":[{"href":"https:\/\/sorareceo.com\/lv\/wp-json\/wp\/v2\/pages\/36635","targetHints":{"allow":["GET"]}}],"collection":[{"href":"https:\/\/sorareceo.com\/lv\/wp-json\/wp\/v2\/pages"}],"about":[{"href":"https:\/\/sorareceo.com\/lv\/wp-json\/wp\/v2\/types\/page"}],"author":[{"embeddable":true,"href":"https:\/\/sorareceo.com\/lv\/wp-json\/wp\/v2\/users\/1"}],"replies":[{"embeddable":true,"href":"https:\/\/sorareceo.com\/lv\/wp-json\/wp\/v2\/comments?post=36635"}],"version-history":[{"count":3,"href":"https:\/\/sorareceo.com\/lv\/wp-json\/wp\/v2\/pages\/36635\/revisions"}],"predecessor-version":[{"id":37818,"href":"https:\/\/sorareceo.com\/lv\/wp-json\/wp\/v2\/pages\/36635\/revisions\/37818"}],"wp:featuredmedia":[{"embeddable":true,"href":"https:\/\/sorareceo.com\/lv\/wp-json\/wp\/v2\/media\/34306"}],"wp:attachment":[{"href":"https:\/\/sorareceo.com\/lv\/wp-json\/wp\/v2\/media?parent=36635"}],"curies":[{"name":"wp","href":"https:\/\/api.w.org\/{rel}","templated":true}]}}