{"id":36597,"date":"2025-01-04T00:18:52","date_gmt":"2025-01-04T00:18:52","guid":{"rendered":"https:\/\/sorareceo.com\/sorareceo-com-tavo-patikimas-gidas-i-sorare\/"},"modified":"2025-08-27T17:31:25","modified_gmt":"2025-08-27T17:31:25","slug":"sorareceo-com-tavo-patikimas-gidas-i-sorare","status":"publish","type":"page","link":"https:\/\/sorareceo.com\/lt\/","title":{"rendered":"SorareCEO.com \u2013 tavo patikimas gidas \u012f Sorare"},"content":{"rendered":"<div class=\"gb-container gb-container-4f6744a8 alignfull\">\n\n<h2 class=\"gb-headline gb-headline-59c6c384 gb-headline-text\">Sveikas atvyk\u0119s \u012f SorareCEO<\/h2>\n\n\n\n<h1 class=\"gb-headline gb-headline-499f076a gb-headline-text\">Vieta, skirta Sorare gidams, pamokoms ir strategijoms.<\/h1>\n\n\n\n<a class=\"gb-button gb-button-7411aeb9 gb-button-text\" href=\"https:\/\/sorareceo.com\/lt\/kas-yra-sorare\/\" target=\"_blank\" rel=\"noopener noreferrer\">KAS YRA SORARE?<\/a>\n\n<\/div>\n\n<div class=\"gb-container gb-container-dff66fc0 alignfull\">\n<div class=\"gb-container gb-container-5ae625cf\">\n<div class=\"gb-container gb-container-7bad8aa5\">\n\n<h2 class=\"gb-headline gb-headline-3639624f gb-headline-text\">Pradedan\u010di\u0173j\u0173 gidas<\/h2>\n\n\n\n<figure class=\"wp-block-image size-full is-resized\"><img loading=\"lazy\" decoding=\"async\" width=\"1000\" height=\"1000\" src=\"http:\/\/sorareceo.com\/wp-content\/uploads\/2025\/08\/guide-homepage.webp\" alt=\"\" class=\"wp-image-35215\" style=\"object-fit:cover;width:300px;height:300px\" srcset=\"https:\/\/sorareceo.com\/wp-content\/uploads\/2025\/08\/guide-homepage.webp 1000w, https:\/\/sorareceo.com\/wp-content\/uploads\/2025\/08\/guide-homepage-300x300.webp 300w, https:\/\/sorareceo.com\/wp-content\/uploads\/2025\/08\/guide-homepage-150x150.webp 150w, https:\/\/sorareceo.com\/wp-content\/uploads\/2025\/08\/guide-homepage-768x768.webp 768w\" sizes=\"auto, (max-width: 1000px) 100vw, 1000px\" \/><\/figure>\n\n\n<div class=\"gb-container gb-container-98b4471b\">\n\n<p class=\"gb-headline gb-headline-44cbcbf8 gb-headline-text\">Esi naujokas Sorare? Galb\u016bt nori i\u0161vengti naujok\u0173 klaid\u0173 ir kuo grei\u010diau po prisijungimo padidinti savo galimybes u\u017edirbti. Mano Sorare pradedan\u010di\u0173j\u0173 gidas pad\u0117s tau tai pasiekti \u2013 ir dar daugiau.  <\/p>\n\n\n\n<a class=\"gb-button gb-button-ff8e8a3a gb-button-text\" href=\"https:\/\/sorareceo.com\/lt\/sorare-pamoka\/\" target=\"_blank\" rel=\"noopener noreferrer\">SKAITYTI \u010cIA<\/a>\n\n<\/div>\n<\/div>\n<\/div>\n\n<div class=\"gb-container gb-container-5732aabf\">\n<div class=\"gb-container gb-container-84b12203\">\n\n<h2 class=\"gb-headline gb-headline-a59e7235 gb-headline-text\">\u017daidimo ap\u017evalga<\/h2>\n\n\n\n<figure class=\"wp-block-image size-full is-resized\"><img loading=\"lazy\" decoding=\"async\" width=\"1000\" height=\"1000\" src=\"http:\/\/sorareceo.com\/wp-content\/uploads\/2025\/08\/review-homepage.webp\" alt=\"\" class=\"wp-image-35262\" style=\"object-fit:cover;width:300px;height:300px\" srcset=\"https:\/\/sorareceo.com\/wp-content\/uploads\/2025\/08\/review-homepage.webp 1000w, https:\/\/sorareceo.com\/wp-content\/uploads\/2025\/08\/review-homepage-300x300.webp 300w, https:\/\/sorareceo.com\/wp-content\/uploads\/2025\/08\/review-homepage-150x150.webp 150w, https:\/\/sorareceo.com\/wp-content\/uploads\/2025\/08\/review-homepage-768x768.webp 768w\" sizes=\"auto, (max-width: 1000px) 100vw, 1000px\" \/><\/figure>\n\n\n<div class=\"gb-container gb-container-5d281bbd\">\n\n<p class=\"gb-headline gb-headline-e815eb18 gb-headline-text\">Vis dar svarstai, ar \u0161is \u017eaidimas tau tinka? Perskaityk mano Sorare ap\u017evalg\u0105, kurioje rasi pa\u010dius nuo\u0161ird\u017eiausius atsiliepimus apie produkt\u0105 ir su\u017einosi, kuo jis skiriasi nuo kit\u0173 fantasy sporto platform\u0173. Kaip ir kiekvienas \u017eaidimas, jis turi savo privalum\u0173 ir tr\u016bkum\u0173.   <\/p>\n\n\n\n<a class=\"gb-button gb-button-2dee9ba5 gb-button-text\" href=\"#\" target=\"_blank\" rel=\"noopener noreferrer\">SKAITYTI \u010cIA<\/a>\n\n<\/div>\n<\/div>\n<\/div>\n\n<div class=\"gb-container gb-container-9a12ce94\">\n<div class=\"gb-container gb-container-4a74dada\">\n\n<h2 class=\"gb-headline gb-headline-7b49ca4e gb-headline-text\">Registracijos pasi\u016blymas<\/h2>\n\n\n\n<figure class=\"wp-block-image size-full is-resized\"><img loading=\"lazy\" decoding=\"async\" width=\"1000\" height=\"1000\" src=\"http:\/\/sorareceo.com\/wp-content\/uploads\/2025\/08\/sign-up-offer-homepage.webp\" alt=\"\" class=\"wp-image-35309\" style=\"object-fit:cover;width:300px;height:300px\" srcset=\"https:\/\/sorareceo.com\/wp-content\/uploads\/2025\/08\/sign-up-offer-homepage.webp 1000w, https:\/\/sorareceo.com\/wp-content\/uploads\/2025\/08\/sign-up-offer-homepage-300x300.webp 300w, https:\/\/sorareceo.com\/wp-content\/uploads\/2025\/08\/sign-up-offer-homepage-150x150.webp 150w, https:\/\/sorareceo.com\/wp-content\/uploads\/2025\/08\/sign-up-offer-homepage-768x768.webp 768w\" sizes=\"auto, (max-width: 1000px) 100vw, 1000px\" \/><\/figure>\n\n\n<div class=\"gb-container gb-container-9727e384\">\n\n<p class=\"gb-headline gb-headline-e3c72453 gb-headline-text\">Jei pri\u0117mei (teising\u0105) sprendim\u0105 prisijungti prie \u017eaidimo, turiu tau dovan\u0105. Tapk vienu i\u0161 SorareCEO skaitytoj\u0173, kurie gauna pasveikinimo premij\u0105 ir prana\u0161um\u0105 prie\u0161 kitus vadybininkus. \u010cia su\u017einok apie dabartin\u0119 akcij\u0105.   <\/p>\n\n\n\n<a class=\"gb-button gb-button-fc86622e gb-button-text\" href=\"https:\/\/sorareceo.com\/lt\/sorare-registracijos-pasiulymas\/\" target=\"_blank\" rel=\"noopener noreferrer\">SKAITYTI \u010cIA<\/a>\n\n<\/div>\n<\/div>\n<\/div>\n<\/div>","protected":false},"excerpt":{"rendered":"<p>Sveikas atvyk\u0119s \u012f SorareCEO Vieta, skirta Sorare gidams, pamokoms ir strategijoms. Pradedan\u010di\u0173j\u0173 gidas Esi naujokas Sorare? Galb\u016bt nori i\u0161vengti naujok\u0173 klaid\u0173 ir kuo grei\u010diau po prisijungimo padidinti savo galimybes u\u017edirbti. Mano Sorare pradedan\u010di\u0173j\u0173 gidas pad\u0117s tau tai pasiekti \u2013 ir dar daugiau. \u017daidimo ap\u017evalga Vis dar svarstai, ar \u0161is \u017eaidimas tau tinka? Perskaityk mano Sorare &#8230; <a title=\"SorareCEO.com \u2013 tavo patikimas gidas \u012f Sorare\" class=\"read-more\" href=\"https:\/\/sorareceo.com\/lt\/\" aria-label=\"Read more about SorareCEO.com \u2013 tavo patikimas gidas \u012f Sorare\">Read more<\/a><\/p>\n","protected":false},"author":1,"featured_media":34307,"parent":0,"menu_order":0,"comment_status":"closed","ping_status":"closed","template":"","meta":{"footnotes":""},"class_list":["post-36597","page","type-page","status-publish","has-post-thumbnail"],"yoast_head":"<!-- This site is optimized with the Yoast SEO plugin v26.6 - https:\/\/yoast.com\/wordpress\/plugins\/seo\/ -->\n<title>SorareCEO.com \u2013 tavo patikimas gidas \u012f Sorare<\/title>\n<meta name=\"description\" content=\"SorareCEO yra patikimas \u0161altinis, kuriame rasi gaires, pamokas, patarimus, strategijas ir naujienas apie Sorare. Tobul\u0117k \u017eaidime kartu su manimi.\" \/>\n<meta name=\"robots\" content=\"index, follow, max-snippet:-1, max-image-preview:large, max-video-preview:-1\" \/>\n<link rel=\"canonical\" href=\"https:\/\/sorareceo.com\/lt\/\" \/>\n<meta property=\"og:locale\" content=\"lt_LT\" \/>\n<meta property=\"og:type\" content=\"article\" \/>\n<meta property=\"og:title\" content=\"SorareCEO.com \u2013 tavo patikimas gidas \u012f Sorare\" \/>\n<meta property=\"og:description\" content=\"SorareCEO yra patikimas \u0161altinis, kuriame rasi gaires, pamokas, patarimus, strategijas ir naujienas apie Sorare. Tobul\u0117k \u017eaidime kartu su manimi.\" \/>\n<meta property=\"og:url\" content=\"https:\/\/sorareceo.com\/lt\/\" \/>\n<meta property=\"og:site_name\" content=\"SorareCEO - Your Place for Sorare Strategies &amp; Tips\" \/>\n<meta property=\"article:modified_time\" content=\"2025-08-27T17:31:25+00:00\" \/>\n<meta property=\"og:image\" content=\"https:\/\/sorareceo.com\/wp-content\/uploads\/2025\/08\/icon.webp\" \/>\n\t<meta property=\"og:image:width\" content=\"100\" \/>\n\t<meta property=\"og:image:height\" content=\"100\" \/>\n\t<meta property=\"og:image:type\" content=\"image\/webp\" \/>\n<meta name=\"twitter:card\" content=\"summary_large_image\" \/>\n<meta name=\"twitter:label1\" content=\"Est. reading time\" \/>\n\t<meta name=\"twitter:data1\" content=\"2 minut\u0117s\" \/>\n<script type=\"application\/ld+json\" class=\"yoast-schema-graph\">{\"@context\":\"https:\/\/schema.org\",\"@graph\":[{\"@type\":\"WebPage\",\"@id\":\"https:\/\/sorareceo.com\/lt\/\",\"url\":\"https:\/\/sorareceo.com\/lt\/\",\"name\":\"SorareCEO.com \u2013 tavo patikimas gidas \u012f Sorare\",\"isPartOf\":{\"@id\":\"https:\/\/sorareceo.com\/#website\"},\"primaryImageOfPage\":{\"@id\":\"https:\/\/sorareceo.com\/lt\/#primaryimage\"},\"image\":{\"@id\":\"https:\/\/sorareceo.com\/lt\/#primaryimage\"},\"thumbnailUrl\":\"https:\/\/sorareceo.com\/wp-content\/uploads\/2025\/08\/icon.webp\",\"datePublished\":\"2025-01-04T00:18:52+00:00\",\"dateModified\":\"2025-08-27T17:31:25+00:00\",\"description\":\"SorareCEO yra patikimas \u0161altinis, kuriame rasi gaires, pamokas, patarimus, strategijas ir naujienas apie Sorare. Tobul\u0117k \u017eaidime kartu su manimi.\",\"breadcrumb\":{\"@id\":\"https:\/\/sorareceo.com\/lt\/#breadcrumb\"},\"inLanguage\":\"lt-LT\",\"potentialAction\":[{\"@type\":\"ReadAction\",\"target\":[\"https:\/\/sorareceo.com\/lt\/\"]}]},{\"@type\":\"ImageObject\",\"inLanguage\":\"lt-LT\",\"@id\":\"https:\/\/sorareceo.com\/lt\/#primaryimage\",\"url\":\"https:\/\/sorareceo.com\/wp-content\/uploads\/2025\/08\/icon.webp\",\"contentUrl\":\"https:\/\/sorareceo.com\/wp-content\/uploads\/2025\/08\/icon.webp\",\"width\":100,\"height\":100},{\"@type\":\"BreadcrumbList\",\"@id\":\"https:\/\/sorareceo.com\/lt\/#breadcrumb\",\"itemListElement\":[{\"@type\":\"ListItem\",\"position\":1,\"name\":\"Home\",\"item\":\"https:\/\/sorareceo.com\/lt\/\"},{\"@type\":\"ListItem\",\"position\":2,\"name\":\"SorareCEO.com \u2013 tavo patikimas gidas \u012f Sorare\"}]},{\"@type\":\"WebSite\",\"@id\":\"https:\/\/sorareceo.com\/#website\",\"url\":\"https:\/\/sorareceo.com\/\",\"name\":\"SorareCEO - Your Place for Sorare Strategies &amp; Tips\",\"description\":\"The best place for up-to-date Sorare strategies, guides &amp; tips.\",\"publisher\":{\"@id\":\"https:\/\/sorareceo.com\/#organization\"},\"potentialAction\":[{\"@type\":\"SearchAction\",\"target\":{\"@type\":\"EntryPoint\",\"urlTemplate\":\"https:\/\/sorareceo.com\/?s={search_term_string}\"},\"query-input\":{\"@type\":\"PropertyValueSpecification\",\"valueRequired\":true,\"valueName\":\"search_term_string\"}}],\"inLanguage\":\"lt-LT\"},{\"@type\":\"Organization\",\"@id\":\"https:\/\/sorareceo.com\/#organization\",\"name\":\"SorareCEO - Your Place for Sorare Strategies &amp; Tips\",\"url\":\"https:\/\/sorareceo.com\/\",\"logo\":{\"@type\":\"ImageObject\",\"inLanguage\":\"lt-LT\",\"@id\":\"https:\/\/sorareceo.com\/#\/schema\/logo\/image\/\",\"url\":\"https:\/\/sorareceo.com\/wp-content\/uploads\/2025\/08\/new-logo.webp\",\"contentUrl\":\"https:\/\/sorareceo.com\/wp-content\/uploads\/2025\/08\/new-logo.webp\",\"width\":500,\"height\":150,\"caption\":\"SorareCEO - Your Place for Sorare Strategies &amp; Tips\"},\"image\":{\"@id\":\"https:\/\/sorareceo.com\/#\/schema\/logo\/image\/\"}}]}<\/script>\n<!-- \/ Yoast SEO plugin. -->","yoast_head_json":{"title":"SorareCEO.com \u2013 tavo patikimas gidas \u012f Sorare","description":"SorareCEO yra patikimas \u0161altinis, kuriame rasi gaires, pamokas, patarimus, strategijas ir naujienas apie Sorare. Tobul\u0117k \u017eaidime kartu su manimi.","robots":{"index":"index","follow":"follow","max-snippet":"max-snippet:-1","max-image-preview":"max-image-preview:large","max-video-preview":"max-video-preview:-1"},"canonical":"https:\/\/sorareceo.com\/lt\/","og_locale":"lt_LT","og_type":"article","og_title":"SorareCEO.com \u2013 tavo patikimas gidas \u012f Sorare","og_description":"SorareCEO yra patikimas \u0161altinis, kuriame rasi gaires, pamokas, patarimus, strategijas ir naujienas apie Sorare. Tobul\u0117k \u017eaidime kartu su manimi.","og_url":"https:\/\/sorareceo.com\/lt\/","og_site_name":"SorareCEO - Your Place for Sorare Strategies &amp; Tips","article_modified_time":"2025-08-27T17:31:25+00:00","og_image":[{"width":100,"height":100,"url":"https:\/\/sorareceo.com\/wp-content\/uploads\/2025\/08\/icon.webp","type":"image\/webp"}],"twitter_card":"summary_large_image","twitter_misc":{"Est. reading time":"2 minut\u0117s"},"schema":{"@context":"https:\/\/schema.org","@graph":[{"@type":"WebPage","@id":"https:\/\/sorareceo.com\/lt\/","url":"https:\/\/sorareceo.com\/lt\/","name":"SorareCEO.com \u2013 tavo patikimas gidas \u012f Sorare","isPartOf":{"@id":"https:\/\/sorareceo.com\/#website"},"primaryImageOfPage":{"@id":"https:\/\/sorareceo.com\/lt\/#primaryimage"},"image":{"@id":"https:\/\/sorareceo.com\/lt\/#primaryimage"},"thumbnailUrl":"https:\/\/sorareceo.com\/wp-content\/uploads\/2025\/08\/icon.webp","datePublished":"2025-01-04T00:18:52+00:00","dateModified":"2025-08-27T17:31:25+00:00","description":"SorareCEO yra patikimas \u0161altinis, kuriame rasi gaires, pamokas, patarimus, strategijas ir naujienas apie Sorare. Tobul\u0117k \u017eaidime kartu su manimi.","breadcrumb":{"@id":"https:\/\/sorareceo.com\/lt\/#breadcrumb"},"inLanguage":"lt-LT","potentialAction":[{"@type":"ReadAction","target":["https:\/\/sorareceo.com\/lt\/"]}]},{"@type":"ImageObject","inLanguage":"lt-LT","@id":"https:\/\/sorareceo.com\/lt\/#primaryimage","url":"https:\/\/sorareceo.com\/wp-content\/uploads\/2025\/08\/icon.webp","contentUrl":"https:\/\/sorareceo.com\/wp-content\/uploads\/2025\/08\/icon.webp","width":100,"height":100},{"@type":"BreadcrumbList","@id":"https:\/\/sorareceo.com\/lt\/#breadcrumb","itemListElement":[{"@type":"ListItem","position":1,"name":"Home","item":"https:\/\/sorareceo.com\/lt\/"},{"@type":"ListItem","position":2,"name":"SorareCEO.com \u2013 tavo patikimas gidas \u012f Sorare"}]},{"@type":"WebSite","@id":"https:\/\/sorareceo.com\/#website","url":"https:\/\/sorareceo.com\/","name":"SorareCEO - Your Place for Sorare Strategies &amp; Tips","description":"The best place for up-to-date Sorare strategies, guides &amp; tips.","publisher":{"@id":"https:\/\/sorareceo.com\/#organization"},"potentialAction":[{"@type":"SearchAction","target":{"@type":"EntryPoint","urlTemplate":"https:\/\/sorareceo.com\/?s={search_term_string}"},"query-input":{"@type":"PropertyValueSpecification","valueRequired":true,"valueName":"search_term_string"}}],"inLanguage":"lt-LT"},{"@type":"Organization","@id":"https:\/\/sorareceo.com\/#organization","name":"SorareCEO - Your Place for Sorare Strategies &amp; Tips","url":"https:\/\/sorareceo.com\/","logo":{"@type":"ImageObject","inLanguage":"lt-LT","@id":"https:\/\/sorareceo.com\/#\/schema\/logo\/image\/","url":"https:\/\/sorareceo.com\/wp-content\/uploads\/2025\/08\/new-logo.webp","contentUrl":"https:\/\/sorareceo.com\/wp-content\/uploads\/2025\/08\/new-logo.webp","width":500,"height":150,"caption":"SorareCEO - Your Place for Sorare Strategies &amp; Tips"},"image":{"@id":"https:\/\/sorareceo.com\/#\/schema\/logo\/image\/"}}]}},"_links":{"self":[{"href":"https:\/\/sorareceo.com\/lt\/wp-json\/wp\/v2\/pages\/36597","targetHints":{"allow":["GET"]}}],"collection":[{"href":"https:\/\/sorareceo.com\/lt\/wp-json\/wp\/v2\/pages"}],"about":[{"href":"https:\/\/sorareceo.com\/lt\/wp-json\/wp\/v2\/types\/page"}],"author":[{"embeddable":true,"href":"https:\/\/sorareceo.com\/lt\/wp-json\/wp\/v2\/users\/1"}],"replies":[{"embeddable":true,"href":"https:\/\/sorareceo.com\/lt\/wp-json\/wp\/v2\/comments?post=36597"}],"version-history":[{"count":3,"href":"https:\/\/sorareceo.com\/lt\/wp-json\/wp\/v2\/pages\/36597\/revisions"}],"predecessor-version":[{"id":37824,"href":"https:\/\/sorareceo.com\/lt\/wp-json\/wp\/v2\/pages\/36597\/revisions\/37824"}],"wp:featuredmedia":[{"embeddable":true,"href":"https:\/\/sorareceo.com\/lt\/wp-json\/wp\/v2\/media\/34307"}],"wp:attachment":[{"href":"https:\/\/sorareceo.com\/lt\/wp-json\/wp\/v2\/media?parent=36597"}],"curies":[{"name":"wp","href":"https:\/\/api.w.org\/{rel}","templated":true}]}}