{"id":5365,"date":"2022-10-21T00:49:42","date_gmt":"2022-10-21T00:49:42","guid":{"rendered":"https:\/\/www.sorareceo.com\/sorare-sign-up-offer\/"},"modified":"2025-08-06T05:10:39","modified_gmt":"2025-08-06T05:10:39","slug":"offerta-di-iscrizione","status":"publish","type":"page","link":"https:\/\/sorareceo.com\/it\/offerta-di-iscrizione\/","title":{"rendered":"Migliore offerta di iscrizione Sorare [\u20ac150 da spendere in carte]"},"content":{"rendered":"\n<p>Aprire un account Sorare \u00e8 completamente gratuito e richiede solo pochi minuti. Ma molti non sanno che esiste un\u2019offerta di iscrizione Sorare che ti d\u00e0 un vantaggio reale rispetto alla maggior parte dei nuovi manager.<\/p>\n\n\n\n<p>Poich\u00e9 SorareCEO.com \u00e8 un partner ufficiale del gioco, i nostri lettori hanno accesso alla migliore promozione sul mercato: \u20ac150 in crediti da spendere in nuove carte!<\/p>\n\n\n<div class=\"gb-container gb-container-86147414 offer-content\"><div class=\"gb-inside-container\">\n<div class=\"gb-grid-wrapper gb-grid-wrapper-1f0ac75f\">\n<div class=\"gb-grid-column gb-grid-column-d0516e33\"><div class=\"gb-container gb-container-d0516e33\"><div class=\"gb-inside-container\">\n\n<p class=\"gb-headline gb-headline-09f7489c gb-headline-text\">OFFERTA DI ISCRIZIONE<\/p>\n\n\n\n<p class=\"gb-headline gb-headline-eeb2c06c gb-headline-text\">Registrati su Sorare con questa offerta di iscrizione e ricevi 150\u202f\u20ac gratis da spendere in carte.<\/p>\n\n<\/div><\/div><\/div>\n\n<div class=\"gb-grid-column gb-grid-column-53f5d8fa\"><div class=\"gb-container gb-container-53f5d8fa\"><div class=\"gb-inside-container\">\n\n<div class=\"wp-block-buttons has-border-color is-horizontal is-content-justification-center is-layout-flex wp-container-core-buttons-is-layout-29bd5dc9 wp-block-buttons-is-layout-flex\" style=\"border-color:var(--base-3);border-width:3px;border-radius:12px\">\n<div class=\"wp-block-button has-custom-width wp-block-button__width-100 aligncenter is-style-fill\"><a class=\"wp-block-button__link has-base-3-color has-accent-background-color has-text-color has-background has-custom-font-size wp-element-button\" href=\"https:\/\/sorare.pxf.io\/Nk0GkP\" style=\"border-radius:10px;font-size:22px;font-style:normal;font-weight:1000\" target=\"_blank\" rel=\"noreferrer noopener nofollow\">OTTIENI \u20ac150 ORA<\/a><\/div>\n<\/div>\n\n<\/div><\/div><\/div>\n<\/div>\n<\/div><\/div><div class=\"gb-container gb-container-72194729\">\n\n<figure class=\"gb-block-image gb-block-image-176ca640\"><img loading=\"lazy\" decoding=\"async\" width=\"700\" height=\"350\" class=\"gb-image gb-image-176ca640\" src=\"http:\/\/sorareceo.com\/wp-content\/uploads\/2023\/03\/banner-cards.webp\" alt=\"\" title=\"banner-cards\" srcset=\"https:\/\/sorareceo.com\/wp-content\/uploads\/2023\/03\/banner-cards.webp 700w, https:\/\/sorareceo.com\/wp-content\/uploads\/2023\/03\/banner-cards-300x150.webp 300w\" sizes=\"auto, (max-width: 700px) 100vw, 700px\" \/><\/figure>\n\n\n\n<div class=\"gb-headline gb-headline-d537e29c gb-headline-text\">OFFERTA DI ISCRIZIONE<\/div>\n\n\n\n<div class=\"gb-headline gb-headline-563ddc24 gb-headline-text\">UNISCITI A SORARE OGGI E RICEVI \u20ac150 GRATIS DA SPENDERE IN CARTE.<\/div>\n\n\n\n<a class=\"gb-button gb-button-40af701f\" href=\"https:\/\/sorare.pxf.io\/Nk0GkP\" target=\"_blank\" rel=\"nofollow noopener noreferrer\"><span class=\"gb-icon\"><svg xmlns=\"http:\/\/www.w3.org\/2000\/svg\" aria-hidden=\"true\" role=\"img\" height=\"1em\" width=\"1em\" viewbox=\"0 0 448 512\"><path fill=\"currentColor\" d=\"M416 208H272V64c0-17.67-14.33-32-32-32h-32c-17.67 0-32 14.33-32 32v144H32c-17.67 0-32 14.33-32 32v32c0 17.67 14.33 32 32 32h144v144c0 17.67 14.33 32 32 32h32c17.67 0 32-14.33 32-32V304h144c17.67 0 32-14.33 32-32v-32c0-17.67-14.33-32-32-32z\"><\/path><\/svg><\/span><span class=\"gb-button-text\">ISCRIVITI QUI<\/span><\/a>\n\n<\/div>\n\n\n<p>Ti spiego passo passo come riscattarla\u2026 e iniziare a costruire la tua galleria spendendo molto meno di altri principianti.<\/p>\n\n\n\n\n\n<h2 class=\"wp-block-heading\">Come funziona l\u2019offerta di iscrizione Sorare<\/h2>\n\n\n\n<p>Vorrei davvero che Sorare avesse proposto questa offerta quando ho iniziato nel 2022. All\u2019epoca, come nuovo manager, ricevetti una carta Limitata gratuita del valore di appena \u20ac2 \u2013 e solo dopo aver acquistato cinque carte in precedenza.<\/p>\n\n\n\n<p>Oggi ricevi qualcosa di 75 volte pi\u00f9 vantaggioso. Questo bonus da \u20ac150 \u00e8 di gran lunga la migliore offerta di iscrizione Sorare di sempre. E la cosa migliore? Ti separano solo pochi clic dal riceverlo!<\/p>\n\n\n<div class=\"gb-container gb-container-7d331f7e pro-tip\">\n\n<h3 class=\"wp-block-heading\">\ud83d\udcdd Condizioni del bonus:<\/h3>\n\n\n\n<ul class=\"wp-block-list\">\n<li><strong>Importo:<\/strong> \u20ac150 (oppure l\u2019equivalente in \u20ac o \u00a3) in crediti di mercato<\/li>\n\n\n\n<li><strong>Validit\u00e0:<\/strong> 12 mesi<\/li>\n\n\n\n<li><strong>Modalit\u00e0:<\/strong> I crediti si applicano sotto forma di sconto del 50%. Una carta da \u20ac20 ti coster\u00e0 \u20ac10, una da \u20ac100 solo \u20ac50, e cos\u00ec via. Puoi usarli tutti in una sola volta o distribuirli su pi\u00f9 acquisti.<\/li>\n<\/ul>\n\n<\/div>\n\n\n<h3 class=\"wp-block-heading\">Passaggio 1: Usa il link corretto<\/h3>\n\n\n\n<p>Per ricevere i \u20ac150, devi registrarti tramite il mio link partner Sorare. In questo modo ottieni il bonus e allo stesso tempo supporti il mio lavoro su SorareCEO (grazie in anticipo!).<\/p>\n\n\n\n<p><strong><a href=\"https:\/\/sorare.pxf.io\/Nk0GkP\" target=\"_blank\" rel=\"noreferrer noopener\">Clicca qui<\/a> <\/strong>per attivare l\u2019offerta.<\/p>\n\n\n\n<h3 class=\"wp-block-heading\">Passaggio 2: Scegli il tuo nome manager<\/h3>\n\n\n\n<figure class=\"wp-block-image size-large\"><img loading=\"lazy\" decoding=\"async\" width=\"1024\" height=\"436\" src=\"http:\/\/sorareceo.com\/wp-content\/uploads\/2025\/07\/sorare-start-screenshot-manager-name-1024x436.webp\" alt=\"\" class=\"wp-image-31241\" srcset=\"https:\/\/sorareceo.com\/wp-content\/uploads\/2025\/07\/sorare-start-screenshot-manager-name-1024x436.webp 1024w, https:\/\/sorareceo.com\/wp-content\/uploads\/2025\/07\/sorare-start-screenshot-manager-name-300x128.webp 300w, https:\/\/sorareceo.com\/wp-content\/uploads\/2025\/07\/sorare-start-screenshot-manager-name-768x327.webp 768w, https:\/\/sorareceo.com\/wp-content\/uploads\/2025\/07\/sorare-start-screenshot-manager-name-1536x654.webp 1536w, https:\/\/sorareceo.com\/wp-content\/uploads\/2025\/07\/sorare-start-screenshot-manager-name-2048x872.webp 2048w\" sizes=\"auto, (max-width: 1024px) 100vw, 1024px\" \/><\/figure>\n\n\n\n<p>Dopo aver cliccato, arriverai su una pagina dove potrai scegliere il tuo nome manager \u2013 quello che apparir\u00e0 nelle classifiche e nelle trattative future.<\/p>\n\n\n\n<p>Non pensarci troppo! Se ti viene in mente qualcosa di meglio, potrai sempre cambiarlo in seguito.<\/p>\n\n\n\n<h3 class=\"wp-block-heading\">Passaggio 3: Completa la registrazione<\/h3>\n\n\n\n<figure class=\"wp-block-image size-large\"><img loading=\"lazy\" decoding=\"async\" width=\"1024\" height=\"436\" src=\"http:\/\/sorareceo.com\/wp-content\/uploads\/2025\/07\/sorare-start-screenshot-email-1024x436.webp\" alt=\"\" class=\"wp-image-31204\" srcset=\"https:\/\/sorareceo.com\/wp-content\/uploads\/2025\/07\/sorare-start-screenshot-email-1024x436.webp 1024w, https:\/\/sorareceo.com\/wp-content\/uploads\/2025\/07\/sorare-start-screenshot-email-300x128.webp 300w, https:\/\/sorareceo.com\/wp-content\/uploads\/2025\/07\/sorare-start-screenshot-email-768x327.webp 768w, https:\/\/sorareceo.com\/wp-content\/uploads\/2025\/07\/sorare-start-screenshot-email-1536x654.webp 1536w, https:\/\/sorareceo.com\/wp-content\/uploads\/2025\/07\/sorare-start-screenshot-email-2048x872.webp 2048w\" sizes=\"auto, (max-width: 1024px) 100vw, 1024px\" \/><\/figure>\n\n\n\n<p>Se il nome scelto \u00e8 disponibile, proseguirai con questi passaggi:<\/p>\n\n\n\n<ul class=\"wp-block-list\">\n<li>Confermare di avere almeno 16 anni (et\u00e0 minima per giocare a Sorare)<\/li>\n\n\n\n<li>Accettare i Termini e Condizioni e la Privacy Policy<\/li>\n\n\n\n<li>Scegliere il metodo di registrazione: email, Google o Apple<\/li>\n<\/ul>\n\n\n\n<p class=\"pro-tip\"><strong>\ud83d\udca1 CONSIGLIO:<\/strong> Ti sei gi\u00e0 registrato ma non hai usato l\u2019offerta? Nessun problema. Puoi registrarti di nuovo con un\u2019altra email e ottenere lo stesso bonus da \u20ac150, proprio come tutti i lettori di SorareCEO.<\/p>\n\n\n\n<p>Ricorda anche di creare una password sicura: sar\u00e0 la tua chiave per accedere al tuo account Sorare e al marketplace.<\/p>\n\n\n\n<h2 class=\"wp-block-heading\">Esiste un\u2019offerta Sorare migliore?<\/h2>\n\n\n\n<p>Attualmente, l\u2019offerta di iscrizione Sorare descritta in questo articolo \u00e8 la pi\u00f9 vantaggiosa per i nuovi manager. Nessun altro partner ufficiale offre pi\u00f9 di \u20ac150 in crediti!<\/p>\n\n\n\n<p>Attenzione per\u00f2: alcuni siti cercano di farti credere che riceverai una carta Rara, Super Rara o Unica gratuita come bonus di benvenuto. Si tratta solo di trucchi poco etici per farti cliccare sui loro link affiliati.<\/p>\n\n\n<div class=\"gb-container gb-container-86147414 offer-content\"><div class=\"gb-inside-container\">\n<div class=\"gb-grid-wrapper gb-grid-wrapper-1f0ac75f\">\n<div class=\"gb-grid-column gb-grid-column-d0516e33\"><div class=\"gb-container gb-container-d0516e33\"><div class=\"gb-inside-container\">\n\n<p class=\"gb-headline gb-headline-09f7489c gb-headline-text\">OFFERTA DI ISCRIZIONE<\/p>\n\n\n\n<p class=\"gb-headline gb-headline-eeb2c06c gb-headline-text\">Registrati su Sorare con questa offerta di iscrizione e ricevi 150\u202f\u20ac gratis da spendere in carte.<\/p>\n\n<\/div><\/div><\/div>\n\n<div class=\"gb-grid-column gb-grid-column-53f5d8fa\"><div class=\"gb-container gb-container-53f5d8fa\"><div class=\"gb-inside-container\">\n\n<div class=\"wp-block-buttons has-border-color is-horizontal is-content-justification-center is-layout-flex wp-container-core-buttons-is-layout-29bd5dc9 wp-block-buttons-is-layout-flex\" style=\"border-color:var(--base-3);border-width:3px;border-radius:12px\">\n<div class=\"wp-block-button has-custom-width wp-block-button__width-100 aligncenter is-style-fill\"><a class=\"wp-block-button__link has-base-3-color has-accent-background-color has-text-color has-background has-custom-font-size wp-element-button\" href=\"https:\/\/sorare.pxf.io\/Nk0GkP\" style=\"border-radius:10px;font-size:22px;font-style:normal;font-weight:1000\" target=\"_blank\" rel=\"noreferrer noopener nofollow\">OTTIENI \u20ac150 ORA<\/a><\/div>\n<\/div>\n\n<\/div><\/div><\/div>\n<\/div>\n<\/div><\/div><div class=\"gb-container gb-container-72194729\">\n\n<figure class=\"gb-block-image gb-block-image-176ca640\"><img loading=\"lazy\" decoding=\"async\" width=\"700\" height=\"350\" class=\"gb-image gb-image-176ca640\" src=\"http:\/\/sorareceo.com\/wp-content\/uploads\/2023\/03\/banner-cards.webp\" alt=\"\" title=\"banner-cards\" srcset=\"https:\/\/sorareceo.com\/wp-content\/uploads\/2023\/03\/banner-cards.webp 700w, https:\/\/sorareceo.com\/wp-content\/uploads\/2023\/03\/banner-cards-300x150.webp 300w\" sizes=\"auto, (max-width: 700px) 100vw, 700px\" \/><\/figure>\n\n\n\n<div class=\"gb-headline gb-headline-d537e29c gb-headline-text\">OFFERTA DI ISCRIZIONE<\/div>\n\n\n\n<div class=\"gb-headline gb-headline-563ddc24 gb-headline-text\">UNISCITI A SORARE OGGI E RICEVI \u20ac150 GRATIS DA SPENDERE IN CARTE.<\/div>\n\n\n\n<a class=\"gb-button gb-button-40af701f\" href=\"https:\/\/sorare.pxf.io\/Nk0GkP\" target=\"_blank\" rel=\"nofollow noopener noreferrer\"><span class=\"gb-icon\"><svg xmlns=\"http:\/\/www.w3.org\/2000\/svg\" aria-hidden=\"true\" role=\"img\" height=\"1em\" width=\"1em\" viewbox=\"0 0 448 512\"><path fill=\"currentColor\" d=\"M416 208H272V64c0-17.67-14.33-32-32-32h-32c-17.67 0-32 14.33-32 32v144H32c-17.67 0-32 14.33-32 32v32c0 17.67 14.33 32 32 32h144v144c0 17.67 14.33 32 32 32h32c17.67 0 32-14.33 32-32V304h144c17.67 0 32-14.33 32-32v-32c0-17.67-14.33-32-32-32z\"><\/path><\/svg><\/span><span class=\"gb-button-text\">ISCRIVITI QUI<\/span><\/a>\n\n<\/div>\n\n\n<p>Se dovesse uscire una nuova offerta ufficiale Sorare, i miei lettori saranno i primi a saperlo.<\/p>\n\n\n\n<h2 class=\"wp-block-heading\">Cos\u2019\u00e8 Sorare? Una panoramica veloce<\/h2>\n\n\n\n<p>Sorare \u00e8 nato nel 2019 grazie a due ingegneri francesi, Nicolas Julia e Adrien Montfort, appassionati di calcio e tecnologia. Oggi \u00e8 la piattaforma fantasy calcistica di riferimento nel mondo.<\/p>\n\n\n\n<p>Il successo non \u00e8 un caso: Sorare unisce carte digitali con licenza ufficiale, performance reali dei giocatori e premi concreti. Anche Kylian Mbapp\u00e9 e la leggenda del tennis Serena Williams hanno investito nel progetto.<\/p>\n\n\n\n<p>La differenza? Ogni carta \u00e8 un vero asset digitale. Puoi usarla in competizione, collezionarla o scambiarla liberamente sul mercato. Tutto dipende dalla tua strategia.<\/p>\n\n\n\n<p>Puoi ottenere nuove carte in due modi: acquistarle nel marketplace di Sorare o vincerle nei tornei. Una volta che hai qualche carta nella galleria, puoi iniziare a creare formazioni e competere ogni settimana.<\/p>\n\n\n\n<figure class=\"wp-block-image size-large\"><img loading=\"lazy\" decoding=\"async\" width=\"1024\" height=\"307\" src=\"http:\/\/sorareceo.com\/wp-content\/uploads\/2022\/12\/logo-sorare-1024x307.png\" alt=\"Sorare logo\" class=\"wp-image-1423\" srcset=\"https:\/\/sorareceo.com\/wp-content\/uploads\/2022\/12\/logo-sorare-1024x307.png 1024w, https:\/\/sorareceo.com\/wp-content\/uploads\/2022\/12\/logo-sorare-300x90.png 300w, https:\/\/sorareceo.com\/wp-content\/uploads\/2022\/12\/logo-sorare-768x230.png 768w, https:\/\/sorareceo.com\/wp-content\/uploads\/2022\/12\/logo-sorare.png 1200w\" sizes=\"auto, (max-width: 1024px) 100vw, 1024px\" \/><\/figure>\n\n\n\n<p>I nuovi manager iniziano con un set di carte Comuni gratuite per testare il gioco senza rischi. Ma se vuoi salire in classifica e ottenere premi seri, ti serviranno carte pi\u00f9 rare: Limitate, Rare, Super Rare o Uniche.<\/p>\n\n\n\n<p>La sfida \u00e8 semplice: crea la tua migliore formazione da cinque giocatori e supera gli altri manager in base alle statistiche reali. Pi\u00f9 i tuoi giocatori brillano sul campo, pi\u00f9 punti ottieni. E quei punti ti portano carte, premi in denaro e riconoscimento internazionale.<\/p>\n\n\n\n<p>Se vuoi evitare errori da principiante e migliorare pi\u00f9 velocemente, ti consiglio di leggere la mia <a href=\"https:\/\/sorareceo.com\/it\/sorare-guida-per-principianti\/\" target=\"_blank\" rel=\"noreferrer noopener\">Sorare guida per principianti<\/a>.<\/p>\n\n\n\n<p class=\"pro-tip\">Hai problemi ad attivare l\u2019offerta de iscrizione Sorare o dubbi sul processo? Scrivimi su Twitter @SorareCEOx oppure <a href=\"mailto:contact@sorareceo.com\">mandami una mail<\/a>. Sar\u00f2 felice di aiutarti.<\/p>\n","protected":false},"excerpt":{"rendered":"<p>Aprire un account Sorare \u00e8 completamente gratuito e richiede solo pochi minuti. Ma molti non sanno che esiste un\u2019offerta di iscrizione Sorare che ti d\u00e0 un vantaggio reale rispetto alla maggior parte dei nuovi manager. Poich\u00e9 SorareCEO.com \u00e8 un partner ufficiale del gioco, i nostri lettori hanno accesso alla migliore promozione sul mercato: \u20ac150 in &#8230; <a title=\"Migliore offerta di iscrizione Sorare [\u20ac150 da spendere in carte]\" class=\"read-more\" href=\"https:\/\/sorareceo.com\/it\/offerta-di-iscrizione\/\" aria-label=\"Per saperne di pi\u00f9 su Migliore offerta di iscrizione Sorare [\u20ac150 da spendere in carte]\">Leggi tutto<\/a><\/p>\n","protected":false},"author":1,"featured_media":34414,"parent":0,"menu_order":0,"comment_status":"closed","ping_status":"closed","template":"","meta":{"footnotes":""},"class_list":["post-5365","page","type-page","status-publish","has-post-thumbnail"],"yoast_head":"<!-- This site is optimized with the Yoast SEO plugin v26.6 - https:\/\/yoast.com\/wordpress\/plugins\/seo\/ -->\n<title>Migliore offerta di iscrizione Sorare [\u20ac150 da spendere in carte]<\/title>\n<meta name=\"description\" content=\"Offerta di iscrizione Sorare \u2013 ottieni \u20ac150 di credito gratuito per iniziare a costruire la tua galleria. REGISTRATI QUI!\" \/>\n<meta name=\"robots\" content=\"index, follow, max-snippet:-1, max-image-preview:large, max-video-preview:-1\" \/>\n<link rel=\"canonical\" href=\"https:\/\/sorareceo.com\/it\/offerta-di-iscrizione\/\" \/>\n<meta property=\"og:locale\" content=\"it_IT\" \/>\n<meta property=\"og:type\" content=\"article\" \/>\n<meta property=\"og:title\" content=\"Migliore offerta di iscrizione Sorare [\u20ac150 da spendere in carte]\" \/>\n<meta property=\"og:description\" content=\"Offerta di iscrizione Sorare \u2013 ottieni \u20ac150 di credito gratuito per iniziare a costruire la tua galleria. REGISTRATI QUI!\" \/>\n<meta property=\"og:url\" content=\"https:\/\/sorareceo.com\/it\/offerta-di-iscrizione\/\" \/>\n<meta property=\"og:site_name\" content=\"SorareCEO - Your Place for Sorare Strategies &amp; Tips\" \/>\n<meta property=\"article:modified_time\" content=\"2025-08-06T05:10:39+00:00\" \/>\n<meta property=\"og:image\" content=\"https:\/\/sorareceo.com\/wp-content\/uploads\/2025\/08\/sorare-sign-up-offer-featured.webp\" \/>\n\t<meta property=\"og:image:width\" content=\"966\" \/>\n\t<meta property=\"og:image:height\" content=\"692\" \/>\n\t<meta property=\"og:image:type\" content=\"image\/webp\" \/>\n<meta name=\"twitter:card\" content=\"summary_large_image\" \/>\n<meta name=\"twitter:label1\" content=\"Tempo di lettura stimato\" \/>\n\t<meta name=\"twitter:data1\" content=\"12 minuti\" \/>\n<script type=\"application\/ld+json\" class=\"yoast-schema-graph\">{\"@context\":\"https:\/\/schema.org\",\"@graph\":[{\"@type\":\"WebPage\",\"@id\":\"https:\/\/sorareceo.com\/it\/offerta-di-iscrizione\/\",\"url\":\"https:\/\/sorareceo.com\/it\/offerta-di-iscrizione\/\",\"name\":\"Migliore offerta di iscrizione Sorare [\u20ac150 da spendere in carte]\",\"isPartOf\":{\"@id\":\"https:\/\/sorareceo.com\/#website\"},\"primaryImageOfPage\":{\"@id\":\"https:\/\/sorareceo.com\/it\/offerta-di-iscrizione\/#primaryimage\"},\"image\":{\"@id\":\"https:\/\/sorareceo.com\/it\/offerta-di-iscrizione\/#primaryimage\"},\"thumbnailUrl\":\"https:\/\/sorareceo.com\/wp-content\/uploads\/2025\/08\/sorare-sign-up-offer-featured.webp\",\"datePublished\":\"2022-10-21T00:49:42+00:00\",\"dateModified\":\"2025-08-06T05:10:39+00:00\",\"description\":\"Offerta di iscrizione Sorare \u2013 ottieni \u20ac150 di credito gratuito per iniziare a costruire la tua galleria. REGISTRATI QUI!\",\"breadcrumb\":{\"@id\":\"https:\/\/sorareceo.com\/it\/offerta-di-iscrizione\/#breadcrumb\"},\"inLanguage\":\"it-IT\",\"potentialAction\":[{\"@type\":\"ReadAction\",\"target\":[\"https:\/\/sorareceo.com\/it\/offerta-di-iscrizione\/\"]}]},{\"@type\":\"ImageObject\",\"inLanguage\":\"it-IT\",\"@id\":\"https:\/\/sorareceo.com\/it\/offerta-di-iscrizione\/#primaryimage\",\"url\":\"https:\/\/sorareceo.com\/wp-content\/uploads\/2025\/08\/sorare-sign-up-offer-featured.webp\",\"contentUrl\":\"https:\/\/sorareceo.com\/wp-content\/uploads\/2025\/08\/sorare-sign-up-offer-featured.webp\",\"width\":966,\"height\":692,\"caption\":\"Sorare sign-up offer - featured image\"},{\"@type\":\"BreadcrumbList\",\"@id\":\"https:\/\/sorareceo.com\/it\/offerta-di-iscrizione\/#breadcrumb\",\"itemListElement\":[{\"@type\":\"ListItem\",\"position\":1,\"name\":\"Home\",\"item\":\"https:\/\/sorareceo.com\/it\/\"},{\"@type\":\"ListItem\",\"position\":2,\"name\":\"Migliore offerta di iscrizione Sorare [\u20ac150 da spendere in carte]\"}]},{\"@type\":\"WebSite\",\"@id\":\"https:\/\/sorareceo.com\/#website\",\"url\":\"https:\/\/sorareceo.com\/\",\"name\":\"SorareCEO - Your Place for Sorare Strategies &amp; Tips\",\"description\":\"The best place for up-to-date Sorare strategies, guides &amp; tips.\",\"publisher\":{\"@id\":\"https:\/\/sorareceo.com\/#organization\"},\"potentialAction\":[{\"@type\":\"SearchAction\",\"target\":{\"@type\":\"EntryPoint\",\"urlTemplate\":\"https:\/\/sorareceo.com\/?s={search_term_string}\"},\"query-input\":{\"@type\":\"PropertyValueSpecification\",\"valueRequired\":true,\"valueName\":\"search_term_string\"}}],\"inLanguage\":\"it-IT\"},{\"@type\":\"Organization\",\"@id\":\"https:\/\/sorareceo.com\/#organization\",\"name\":\"SorareCEO - Your Place for Sorare Strategies &amp; Tips\",\"url\":\"https:\/\/sorareceo.com\/\",\"logo\":{\"@type\":\"ImageObject\",\"inLanguage\":\"it-IT\",\"@id\":\"https:\/\/sorareceo.com\/#\/schema\/logo\/image\/\",\"url\":\"https:\/\/sorareceo.com\/wp-content\/uploads\/2025\/08\/new-logo.webp\",\"contentUrl\":\"https:\/\/sorareceo.com\/wp-content\/uploads\/2025\/08\/new-logo.webp\",\"width\":500,\"height\":150,\"caption\":\"SorareCEO - Your Place for Sorare Strategies &amp; Tips\"},\"image\":{\"@id\":\"https:\/\/sorareceo.com\/#\/schema\/logo\/image\/\"}}]}<\/script>\n<!-- \/ Yoast SEO plugin. -->","yoast_head_json":{"title":"Migliore offerta di iscrizione Sorare [\u20ac150 da spendere in carte]","description":"Offerta di iscrizione Sorare \u2013 ottieni \u20ac150 di credito gratuito per iniziare a costruire la tua galleria. REGISTRATI QUI!","robots":{"index":"index","follow":"follow","max-snippet":"max-snippet:-1","max-image-preview":"max-image-preview:large","max-video-preview":"max-video-preview:-1"},"canonical":"https:\/\/sorareceo.com\/it\/offerta-di-iscrizione\/","og_locale":"it_IT","og_type":"article","og_title":"Migliore offerta di iscrizione Sorare [\u20ac150 da spendere in carte]","og_description":"Offerta di iscrizione Sorare \u2013 ottieni \u20ac150 di credito gratuito per iniziare a costruire la tua galleria. REGISTRATI QUI!","og_url":"https:\/\/sorareceo.com\/it\/offerta-di-iscrizione\/","og_site_name":"SorareCEO - Your Place for Sorare Strategies &amp; Tips","article_modified_time":"2025-08-06T05:10:39+00:00","og_image":[{"width":966,"height":692,"url":"https:\/\/sorareceo.com\/wp-content\/uploads\/2025\/08\/sorare-sign-up-offer-featured.webp","type":"image\/webp"}],"twitter_card":"summary_large_image","twitter_misc":{"Tempo di lettura stimato":"12 minuti"},"schema":{"@context":"https:\/\/schema.org","@graph":[{"@type":"WebPage","@id":"https:\/\/sorareceo.com\/it\/offerta-di-iscrizione\/","url":"https:\/\/sorareceo.com\/it\/offerta-di-iscrizione\/","name":"Migliore offerta di iscrizione Sorare [\u20ac150 da spendere in carte]","isPartOf":{"@id":"https:\/\/sorareceo.com\/#website"},"primaryImageOfPage":{"@id":"https:\/\/sorareceo.com\/it\/offerta-di-iscrizione\/#primaryimage"},"image":{"@id":"https:\/\/sorareceo.com\/it\/offerta-di-iscrizione\/#primaryimage"},"thumbnailUrl":"https:\/\/sorareceo.com\/wp-content\/uploads\/2025\/08\/sorare-sign-up-offer-featured.webp","datePublished":"2022-10-21T00:49:42+00:00","dateModified":"2025-08-06T05:10:39+00:00","description":"Offerta di iscrizione Sorare \u2013 ottieni \u20ac150 di credito gratuito per iniziare a costruire la tua galleria. REGISTRATI QUI!","breadcrumb":{"@id":"https:\/\/sorareceo.com\/it\/offerta-di-iscrizione\/#breadcrumb"},"inLanguage":"it-IT","potentialAction":[{"@type":"ReadAction","target":["https:\/\/sorareceo.com\/it\/offerta-di-iscrizione\/"]}]},{"@type":"ImageObject","inLanguage":"it-IT","@id":"https:\/\/sorareceo.com\/it\/offerta-di-iscrizione\/#primaryimage","url":"https:\/\/sorareceo.com\/wp-content\/uploads\/2025\/08\/sorare-sign-up-offer-featured.webp","contentUrl":"https:\/\/sorareceo.com\/wp-content\/uploads\/2025\/08\/sorare-sign-up-offer-featured.webp","width":966,"height":692,"caption":"Sorare sign-up offer - featured image"},{"@type":"BreadcrumbList","@id":"https:\/\/sorareceo.com\/it\/offerta-di-iscrizione\/#breadcrumb","itemListElement":[{"@type":"ListItem","position":1,"name":"Home","item":"https:\/\/sorareceo.com\/it\/"},{"@type":"ListItem","position":2,"name":"Migliore offerta di iscrizione Sorare [\u20ac150 da spendere in carte]"}]},{"@type":"WebSite","@id":"https:\/\/sorareceo.com\/#website","url":"https:\/\/sorareceo.com\/","name":"SorareCEO - Your Place for Sorare Strategies &amp; Tips","description":"The best place for up-to-date Sorare strategies, guides &amp; tips.","publisher":{"@id":"https:\/\/sorareceo.com\/#organization"},"potentialAction":[{"@type":"SearchAction","target":{"@type":"EntryPoint","urlTemplate":"https:\/\/sorareceo.com\/?s={search_term_string}"},"query-input":{"@type":"PropertyValueSpecification","valueRequired":true,"valueName":"search_term_string"}}],"inLanguage":"it-IT"},{"@type":"Organization","@id":"https:\/\/sorareceo.com\/#organization","name":"SorareCEO - Your Place for Sorare Strategies &amp; Tips","url":"https:\/\/sorareceo.com\/","logo":{"@type":"ImageObject","inLanguage":"it-IT","@id":"https:\/\/sorareceo.com\/#\/schema\/logo\/image\/","url":"https:\/\/sorareceo.com\/wp-content\/uploads\/2025\/08\/new-logo.webp","contentUrl":"https:\/\/sorareceo.com\/wp-content\/uploads\/2025\/08\/new-logo.webp","width":500,"height":150,"caption":"SorareCEO - Your Place for Sorare Strategies &amp; Tips"},"image":{"@id":"https:\/\/sorareceo.com\/#\/schema\/logo\/image\/"}}]}},"_links":{"self":[{"href":"https:\/\/sorareceo.com\/it\/wp-json\/wp\/v2\/pages\/5365","targetHints":{"allow":["GET"]}}],"collection":[{"href":"https:\/\/sorareceo.com\/it\/wp-json\/wp\/v2\/pages"}],"about":[{"href":"https:\/\/sorareceo.com\/it\/wp-json\/wp\/v2\/types\/page"}],"author":[{"embeddable":true,"href":"https:\/\/sorareceo.com\/it\/wp-json\/wp\/v2\/users\/1"}],"replies":[{"embeddable":true,"href":"https:\/\/sorareceo.com\/it\/wp-json\/wp\/v2\/comments?post=5365"}],"version-history":[{"count":3,"href":"https:\/\/sorareceo.com\/it\/wp-json\/wp\/v2\/pages\/5365\/revisions"}],"predecessor-version":[{"id":32080,"href":"https:\/\/sorareceo.com\/it\/wp-json\/wp\/v2\/pages\/5365\/revisions\/32080"}],"wp:featuredmedia":[{"embeddable":true,"href":"https:\/\/sorareceo.com\/it\/wp-json\/wp\/v2\/media\/34414"}],"wp:attachment":[{"href":"https:\/\/sorareceo.com\/it\/wp-json\/wp\/v2\/media?parent=5365"}],"curies":[{"name":"wp","href":"https:\/\/api.w.org\/{rel}","templated":true}]}}