{"id":5774,"date":"2022-11-11T18:39:59","date_gmt":"2022-11-11T18:39:59","guid":{"rendered":"https:\/\/www.sorareceo.com\/hafdu-samband-vid-okkur\/"},"modified":"2023-02-25T19:32:00","modified_gmt":"2023-02-25T19:32:00","slug":"hafdu-samband-vid-okkur","status":"publish","type":"page","link":"https:\/\/sorareceo.com\/is\/hafdu-samband-vid-okkur\/","title":{"rendered":"Haf\u00f0u samband vi\u00f0 okkur"},"content":{"rendered":"\n<p>Hvort sem \u00fe\u00fa hefur fleiri spurningar um hvernig \u00e1 a\u00f0 ver\u00f0a fars\u00e6ll stj\u00f3ri Sorare e\u00f0a \u00fe\u00fa vilt skiptast \u00e1 reynslu \u00ed tengslum vi\u00f0 \u00feennan einstaka fantas\u00eduf\u00f3tboltaleik, vinsamlegast nota\u00f0u snertingarey\u00f0ubla\u00f0i\u00f0 h\u00e9r a\u00f0 ne\u00f0an til a\u00f0 hafa samband vi\u00f0 okkur!<\/p>\n\n<p>Vi\u00f0 sv\u00f6rum venjulega innan 24 klukkustunda.<\/p>\n<div class=\"wpforms-container wpforms-container-full\" id=\"wpforms-235\"><form id=\"wpforms-form-235\" class=\"wpforms-validate wpforms-form wpforms-ajax-form\" data-formid=\"235\" method=\"post\" enctype=\"multipart\/form-data\" action=\"\/is\/wp-json\/wp\/v2\/pages\/5774\" data-token=\"e8cf6a7ae4b2cbd8a0ff0737addcd431\" data-token-time=\"1777165183\"><noscript class=\"wpforms-error-noscript\">Please enable JavaScript in your browser to complete this form.<\/noscript><div class=\"wpforms-field-container\"><div id=\"wpforms-235-field_0-container\" class=\"wpforms-field wpforms-field-name\" data-field-id=\"0\"><label class=\"wpforms-field-label\" for=\"wpforms-235-field_0\">Name <span class=\"wpforms-required-label\">*<\/span><\/label><div class=\"wpforms-field-row wpforms-field-medium\"><div class=\"wpforms-field-row-block wpforms-first wpforms-one-half\"><input type=\"text\" id=\"wpforms-235-field_0\" class=\"wpforms-field-name-first wpforms-field-required\" name=\"wpforms[fields][0][first]\" required><label for=\"wpforms-235-field_0\" class=\"wpforms-field-sublabel after\">First<\/label><\/div><div class=\"wpforms-field-row-block wpforms-one-half\"><input type=\"text\" id=\"wpforms-235-field_0-last\" class=\"wpforms-field-name-last wpforms-field-required\" name=\"wpforms[fields][0][last]\" required><label for=\"wpforms-235-field_0-last\" class=\"wpforms-field-sublabel after\">Last<\/label><\/div><\/div><\/div><div id=\"wpforms-235-field_1-container\" class=\"wpforms-field wpforms-field-email\" data-field-id=\"1\"><label class=\"wpforms-field-label\" for=\"wpforms-235-field_1\">Email <span class=\"wpforms-required-label\">*<\/span><\/label><input type=\"email\" id=\"wpforms-235-field_1\" class=\"wpforms-field-medium wpforms-field-required\" name=\"wpforms[fields][1]\" spellcheck=\"false\" required><\/div><div id=\"wpforms-235-field_2-container\" class=\"wpforms-field wpforms-field-textarea\" data-field-id=\"2\"><label class=\"wpforms-field-label\" for=\"wpforms-235-field_2\">Comment or Message<\/label><textarea id=\"wpforms-235-field_2\" class=\"wpforms-field-medium\" name=\"wpforms[fields][2]\" ><\/textarea><\/div><\/div><!-- .wpforms-field-container --><div class=\"wpforms-submit-container\" ><input type=\"hidden\" name=\"wpforms[id]\" value=\"235\"><input type=\"hidden\" name=\"page_title\" value=\"\"><input type=\"hidden\" name=\"page_url\" value=\"https:\/\/sorareceo.com\/is\/wp-json\/wp\/v2\/pages\/5774\"><button type=\"submit\" name=\"wpforms[submit]\" id=\"wpforms-submit-235\" class=\"wpforms-submit\" data-alt-text=\"Sending...\" data-submit-text=\"Submit\" aria-live=\"assertive\" value=\"wpforms-submit\">Submit<\/button><img loading=\"lazy\" decoding=\"async\" src=\"https:\/\/sorareceo.com\/wp-content\/plugins\/wpforms\/assets\/images\/submit-spin.svg\" class=\"wpforms-submit-spinner\" style=\"display: none;\" width=\"26\" height=\"26\" alt=\"Loading\"><\/div><\/form><\/div>  <!-- .wpforms-container -->\n","protected":false},"excerpt":{"rendered":"<p>Hvort sem \u00fe\u00fa hefur fleiri spurningar um hvernig \u00e1 a\u00f0 ver\u00f0a fars\u00e6ll stj\u00f3ri Sorare e\u00f0a \u00fe\u00fa vilt skiptast \u00e1 reynslu \u00ed tengslum vi\u00f0 \u00feennan einstaka fantas\u00eduf\u00f3tboltaleik, vinsamlegast nota\u00f0u snertingarey\u00f0ubla\u00f0i\u00f0 h\u00e9r a\u00f0 ne\u00f0an til a\u00f0 hafa samband vi\u00f0 okkur! Vi\u00f0 sv\u00f6rum venjulega innan 24 klukkustunda.<\/p>\n","protected":false},"author":1,"featured_media":0,"parent":0,"menu_order":0,"comment_status":"closed","ping_status":"closed","template":"","meta":{"footnotes":""},"class_list":["post-5774","page","type-page","status-publish"],"yoast_head":"<!-- This site is optimized with the Yoast SEO plugin v26.6 - https:\/\/yoast.com\/wordpress\/plugins\/seo\/ -->\n<title>Haf\u00f0u samband vi\u00f0 okkur - SorareCEO - Your Place for Sorare Strategies &amp; Tips<\/title>\n<meta name=\"robots\" content=\"index, follow, max-snippet:-1, max-image-preview:large, max-video-preview:-1\" \/>\n<link rel=\"canonical\" href=\"https:\/\/sorareceo.com\/contact\/\" \/>\n<meta property=\"og:locale\" content=\"is_IS\" \/>\n<meta property=\"og:type\" content=\"article\" \/>\n<meta property=\"og:title\" content=\"Haf\u00f0u samband vi\u00f0 okkur - SorareCEO - Your Place for Sorare Strategies &amp; Tips\" \/>\n<meta property=\"og:description\" content=\"Hvort sem \u00fe\u00fa hefur fleiri spurningar um hvernig \u00e1 a\u00f0 ver\u00f0a fars\u00e6ll stj\u00f3ri Sorare e\u00f0a \u00fe\u00fa vilt skiptast \u00e1 reynslu \u00ed tengslum vi\u00f0 \u00feennan einstaka fantas\u00eduf\u00f3tboltaleik, vinsamlegast nota\u00f0u snertingarey\u00f0ubla\u00f0i\u00f0 h\u00e9r a\u00f0 ne\u00f0an til a\u00f0 hafa samband vi\u00f0 okkur! Vi\u00f0 sv\u00f6rum venjulega innan 24 klukkustunda.\" \/>\n<meta property=\"og:url\" content=\"https:\/\/sorareceo.com\/contact\/\" \/>\n<meta property=\"og:site_name\" content=\"SorareCEO - Your Place for Sorare Strategies &amp; Tips\" \/>\n<meta property=\"article:modified_time\" content=\"2023-02-25T19:32:00+00:00\" \/>\n<meta name=\"twitter:card\" content=\"summary_large_image\" \/>\n<script type=\"application\/ld+json\" class=\"yoast-schema-graph\">{\"@context\":\"https:\/\/schema.org\",\"@graph\":[{\"@type\":\"WebPage\",\"@id\":\"https:\/\/sorareceo.com\/contact\/\",\"url\":\"https:\/\/sorareceo.com\/contact\/\",\"name\":\"Haf\u00f0u samband vi\u00f0 okkur - SorareCEO - Your Place for Sorare Strategies &amp; Tips\",\"isPartOf\":{\"@id\":\"https:\/\/sorareceo.com\/#website\"},\"datePublished\":\"2022-11-11T18:39:59+00:00\",\"dateModified\":\"2023-02-25T19:32:00+00:00\",\"breadcrumb\":{\"@id\":\"https:\/\/sorareceo.com\/contact\/#breadcrumb\"},\"inLanguage\":\"is\",\"potentialAction\":[{\"@type\":\"ReadAction\",\"target\":[\"https:\/\/sorareceo.com\/contact\/\"]}]},{\"@type\":\"BreadcrumbList\",\"@id\":\"https:\/\/sorareceo.com\/contact\/#breadcrumb\",\"itemListElement\":[{\"@type\":\"ListItem\",\"position\":1,\"name\":\"Home\",\"item\":\"https:\/\/sorareceo.com\/is\/\"},{\"@type\":\"ListItem\",\"position\":2,\"name\":\"Haf\u00f0u samband vi\u00f0 okkur\"}]},{\"@type\":\"WebSite\",\"@id\":\"https:\/\/sorareceo.com\/#website\",\"url\":\"https:\/\/sorareceo.com\/\",\"name\":\"SorareCEO - Your Place for Sorare Strategies &amp; Tips\",\"description\":\"The best place for up-to-date Sorare strategies, guides &amp; tips.\",\"publisher\":{\"@id\":\"https:\/\/sorareceo.com\/#organization\"},\"potentialAction\":[{\"@type\":\"SearchAction\",\"target\":{\"@type\":\"EntryPoint\",\"urlTemplate\":\"https:\/\/sorareceo.com\/?s={search_term_string}\"},\"query-input\":{\"@type\":\"PropertyValueSpecification\",\"valueRequired\":true,\"valueName\":\"search_term_string\"}}],\"inLanguage\":\"is\"},{\"@type\":\"Organization\",\"@id\":\"https:\/\/sorareceo.com\/#organization\",\"name\":\"SorareCEO - Your Place for Sorare Strategies &amp; Tips\",\"url\":\"https:\/\/sorareceo.com\/\",\"logo\":{\"@type\":\"ImageObject\",\"inLanguage\":\"is\",\"@id\":\"https:\/\/sorareceo.com\/#\/schema\/logo\/image\/\",\"url\":\"https:\/\/sorareceo.com\/wp-content\/uploads\/2025\/08\/new-logo.webp\",\"contentUrl\":\"https:\/\/sorareceo.com\/wp-content\/uploads\/2025\/08\/new-logo.webp\",\"width\":500,\"height\":150,\"caption\":\"SorareCEO - Your Place for Sorare Strategies &amp; Tips\"},\"image\":{\"@id\":\"https:\/\/sorareceo.com\/#\/schema\/logo\/image\/\"}}]}<\/script>\n<!-- \/ Yoast SEO plugin. -->","yoast_head_json":{"title":"Haf\u00f0u samband vi\u00f0 okkur - SorareCEO - Your Place for Sorare Strategies &amp; Tips","robots":{"index":"index","follow":"follow","max-snippet":"max-snippet:-1","max-image-preview":"max-image-preview:large","max-video-preview":"max-video-preview:-1"},"canonical":"https:\/\/sorareceo.com\/contact\/","og_locale":"is_IS","og_type":"article","og_title":"Haf\u00f0u samband vi\u00f0 okkur - SorareCEO - Your Place for Sorare Strategies &amp; Tips","og_description":"Hvort sem \u00fe\u00fa hefur fleiri spurningar um hvernig \u00e1 a\u00f0 ver\u00f0a fars\u00e6ll stj\u00f3ri Sorare e\u00f0a \u00fe\u00fa vilt skiptast \u00e1 reynslu \u00ed tengslum vi\u00f0 \u00feennan einstaka fantas\u00eduf\u00f3tboltaleik, vinsamlegast nota\u00f0u snertingarey\u00f0ubla\u00f0i\u00f0 h\u00e9r a\u00f0 ne\u00f0an til a\u00f0 hafa samband vi\u00f0 okkur! Vi\u00f0 sv\u00f6rum venjulega innan 24 klukkustunda.","og_url":"https:\/\/sorareceo.com\/contact\/","og_site_name":"SorareCEO - Your Place for Sorare Strategies &amp; Tips","article_modified_time":"2023-02-25T19:32:00+00:00","twitter_card":"summary_large_image","schema":{"@context":"https:\/\/schema.org","@graph":[{"@type":"WebPage","@id":"https:\/\/sorareceo.com\/contact\/","url":"https:\/\/sorareceo.com\/contact\/","name":"Haf\u00f0u samband vi\u00f0 okkur - SorareCEO - Your Place for Sorare Strategies &amp; Tips","isPartOf":{"@id":"https:\/\/sorareceo.com\/#website"},"datePublished":"2022-11-11T18:39:59+00:00","dateModified":"2023-02-25T19:32:00+00:00","breadcrumb":{"@id":"https:\/\/sorareceo.com\/contact\/#breadcrumb"},"inLanguage":"is","potentialAction":[{"@type":"ReadAction","target":["https:\/\/sorareceo.com\/contact\/"]}]},{"@type":"BreadcrumbList","@id":"https:\/\/sorareceo.com\/contact\/#breadcrumb","itemListElement":[{"@type":"ListItem","position":1,"name":"Home","item":"https:\/\/sorareceo.com\/is\/"},{"@type":"ListItem","position":2,"name":"Haf\u00f0u samband vi\u00f0 okkur"}]},{"@type":"WebSite","@id":"https:\/\/sorareceo.com\/#website","url":"https:\/\/sorareceo.com\/","name":"SorareCEO - Your Place for Sorare Strategies &amp; Tips","description":"The best place for up-to-date Sorare strategies, guides &amp; tips.","publisher":{"@id":"https:\/\/sorareceo.com\/#organization"},"potentialAction":[{"@type":"SearchAction","target":{"@type":"EntryPoint","urlTemplate":"https:\/\/sorareceo.com\/?s={search_term_string}"},"query-input":{"@type":"PropertyValueSpecification","valueRequired":true,"valueName":"search_term_string"}}],"inLanguage":"is"},{"@type":"Organization","@id":"https:\/\/sorareceo.com\/#organization","name":"SorareCEO - Your Place for Sorare Strategies &amp; Tips","url":"https:\/\/sorareceo.com\/","logo":{"@type":"ImageObject","inLanguage":"is","@id":"https:\/\/sorareceo.com\/#\/schema\/logo\/image\/","url":"https:\/\/sorareceo.com\/wp-content\/uploads\/2025\/08\/new-logo.webp","contentUrl":"https:\/\/sorareceo.com\/wp-content\/uploads\/2025\/08\/new-logo.webp","width":500,"height":150,"caption":"SorareCEO - Your Place for Sorare Strategies &amp; Tips"},"image":{"@id":"https:\/\/sorareceo.com\/#\/schema\/logo\/image\/"}}]}},"_links":{"self":[{"href":"https:\/\/sorareceo.com\/is\/wp-json\/wp\/v2\/pages\/5774","targetHints":{"allow":["GET"]}}],"collection":[{"href":"https:\/\/sorareceo.com\/is\/wp-json\/wp\/v2\/pages"}],"about":[{"href":"https:\/\/sorareceo.com\/is\/wp-json\/wp\/v2\/types\/page"}],"author":[{"embeddable":true,"href":"https:\/\/sorareceo.com\/is\/wp-json\/wp\/v2\/users\/1"}],"replies":[{"embeddable":true,"href":"https:\/\/sorareceo.com\/is\/wp-json\/wp\/v2\/comments?post=5774"}],"version-history":[{"count":0,"href":"https:\/\/sorareceo.com\/is\/wp-json\/wp\/v2\/pages\/5774\/revisions"}],"wp:attachment":[{"href":"https:\/\/sorareceo.com\/is\/wp-json\/wp\/v2\/media?parent=5774"}],"curies":[{"name":"wp","href":"https:\/\/api.w.org\/{rel}","templated":true}]}}