{"id":37856,"date":"2022-10-21T00:49:42","date_gmt":"2022-10-21T00:49:42","guid":{"rendered":"https:\/\/sorareceo.com\/sorare-sign-up-offer\/"},"modified":"2025-08-29T23:10:28","modified_gmt":"2025-08-29T23:10:28","slug":"skraningartilbod-sorare","status":"publish","type":"page","link":"https:\/\/sorareceo.com\/is\/skraningartilbod-sorare\/","title":{"rendered":"Skr\u00e1ningartilbo\u00f0 \u00ed Sorare [150 dollarar til a\u00f0 ey\u00f0a \u00ed kort]"},"content":{"rendered":"\n<p>\u00de\u00f3 a\u00f0 skr\u00e1ning \u00ed Sorare s\u00e9 algj\u00f6rlega \u00f3keypis og flj\u00f3tleg, vita ekki allir af Sorare skr\u00e1ningartilbo\u00f0inu sem tryggir \u00fe\u00e9r forskot \u00e1 flesta n\u00fdja stj\u00f3rnendur.<\/p>\n\n\n\n<p>SorareCEO.com er votta\u00f0ur samstarfsa\u00f0ili leiksins og b\u00fd\u00f0ur lesendum okkar upp \u00e1 einkar\u00e9tt skr\u00e1ningarb\u00f3nus sem er s\u00e1 besti \u00e1 marka\u00f0num \u2013 n\u00fa me\u00f0 150$ \u00ed inneign fyrir kauph\u00f6llina!<\/p>\n\n\n\n<p>Lestu \u00e1fram til a\u00f0 sj\u00e1 hvernig \u00fe\u00fa virkjar tilbo\u00f0i\u00f0 \u2013 og byrja\u00f0u a\u00f0 byggja safni\u00f0 \u00feitt \u00e1 mun l\u00e6gri kostna\u00f0i en flestir byrjendur.<\/p>\n\n\n\n<h2 class=\"wp-block-heading gb-headline gb-headline-f1a263a9 gb-headline-text\">Sorare skr\u00e1ningartilbo\u00f0 \u2013 skref fyrir skref<\/h2>\n\n\n\n<p>\u00c9g vildi \u00f3ska \u00feess a\u00f0 Sorare hef\u00f0i bo\u00f0i\u00f0 n\u00fdjum notendum \u00fea\u00f0 sem \u00fea\u00f0 b\u00fd\u00f0ur n\u00fa \u00feegar \u00e9g byrja\u00f0i m\u00edna vegfer\u00f0 \u00e1ri\u00f0 2022. \u00de\u00e1 f\u00e9kk \u00e9g sem n\u00fdr stj\u00f3rnandi a\u00f0eins \u00f3keypis Limited spil sem var r\u00e9tt undir 2$ vir\u00f0i. \u00c9g \u00feurfti l\u00edka a\u00f0 kaupa 5 spil \u00e1\u00f0ur en \u00e9g f\u00e9kk \u00fea\u00f0!<\/p>\n\n\n<div class=\"gb-container gb-container-86147414 offer-content\"><div class=\"gb-inside-container\">\n<div class=\"gb-grid-wrapper gb-grid-wrapper-1f0ac75f\">\n<div class=\"gb-grid-column gb-grid-column-d0516e33\"><div class=\"gb-container gb-container-d0516e33\"><div class=\"gb-inside-container\">\n\n<p class=\"gb-headline gb-headline-09f7489c gb-headline-text\">SKR\u00c1NINGARTILBO\u00d0<\/p>\n\n\n\n<p class=\"gb-headline gb-headline-eeb2c06c gb-headline-text\">Skr\u00e1\u00f0u \u00feig hj\u00e1 Sorare me\u00f0 \u00feessu tilbo\u00f0i og f\u00e1\u00f0u $150 \u00f3keypis til a\u00f0 nota \u00ed spilakaup.<\/p>\n\n<\/div><\/div><\/div>\n\n<div class=\"gb-grid-column gb-grid-column-53f5d8fa\"><div class=\"gb-container gb-container-53f5d8fa\"><div class=\"gb-inside-container\">\n\n<div class=\"wp-block-buttons has-border-color is-horizontal is-content-justification-center is-layout-flex wp-container-core-buttons-is-layout-29bd5dc9 wp-block-buttons-is-layout-flex\" style=\"border-color:var(--base-3);border-width:3px;border-radius:12px\">\n<div class=\"wp-block-button has-custom-width wp-block-button__width-100 aligncenter is-style-fill\"><a class=\"wp-block-button__link has-base-3-color has-accent-background-color has-text-color has-background has-custom-font-size wp-element-button\" href=\"https:\/\/sorare.pxf.io\/Nk0GkP\" style=\"border-radius:10px;font-size:22px;font-style:normal;font-weight:1000\" target=\"_blank\" rel=\"noreferrer noopener nofollow\">F\u00c1\u00d0U 150 $<\/a><\/div>\n<\/div>\n\n<\/div><\/div><\/div>\n<\/div>\n<\/div><\/div><div class=\"gb-container gb-container-72194729\">\n\n<figure class=\"gb-block-image gb-block-image-176ca640\"><img loading=\"lazy\" decoding=\"async\" width=\"700\" height=\"350\" class=\"gb-image gb-image-176ca640\" src=\"http:\/\/sorareceo.com\/wp-content\/uploads\/2023\/03\/banner-cards.webp\" alt=\"\" title=\"banner-cards\" srcset=\"https:\/\/sorareceo.com\/wp-content\/uploads\/2023\/03\/banner-cards.webp 700w, https:\/\/sorareceo.com\/wp-content\/uploads\/2023\/03\/banner-cards-300x150.webp 300w\" sizes=\"auto, (max-width: 700px) 100vw, 700px\" \/><\/figure>\n\n\n\n<div class=\"gb-headline gb-headline-d537e29c gb-headline-text\">SKR\u00c1NINGARTILBO\u00d0<\/div>\n\n\n\n<div class=\"gb-headline gb-headline-563ddc24 gb-headline-text\">GAKKTU \u00cd SORARE \u00cd DAG OG F\u00c1\u00d0U $150 \u00d3KEYPIS TIL A\u00d0 NOTA \u00cd SPILAK\u00d6P.<\/div>\n\n\n\n<a class=\"gb-button gb-button-40af701f\" href=\"https:\/\/sorare.pxf.io\/Nk0GkP\" target=\"_blank\" rel=\"nofollow noopener noreferrer\"><span class=\"gb-icon\"><svg xmlns=\"http:\/\/www.w3.org\/2000\/svg\" aria-hidden=\"true\" role=\"img\" height=\"1em\" width=\"1em\" viewbox=\"0 0 448 512\"><path fill=\"currentColor\" d=\"M416 208H272V64c0-17.67-14.33-32-32-32h-32c-17.67 0-32 14.33-32 32v144H32c-17.67 0-32 14.33-32 32v32c0 17.67 14.33 32 32 32h144v144c0 17.67 14.33 32 32 32h32c17.67 0 32-14.33 32-32V304h144c17.67 0 32-14.33 32-32v-32c0-17.67-14.33-32-32-32z\"><\/path><\/svg><\/span><span class=\"gb-button-text\">SKR\u00c1\u00d0U \u00deIG H\u00c9R<\/span><\/a>\n\n<\/div>\n\n\n<p>Mi\u00f0a\u00f0 vi\u00f0 d\u00e6mi\u00f0 h\u00e9r a\u00f0 ofan, \u00fe\u00e1 ertu n\u00fa \u00ed raun a\u00f0 f\u00e1 eitthva\u00f0 sem er 75 sinnum betra. \u00deessi 150$ inneign sem stendur lesendum m\u00ednum til bo\u00f0a er \u00e1n nokkurs vafa besta Sorare skr\u00e1ningartilbo\u00f0i\u00f0 hinga\u00f0 til. \u00c9g er \u00f3tr\u00falega spenntur \u00fev\u00ed \u00fe\u00fa ert a\u00f0eins \u00f6rf\u00e1um smellum fr\u00e1 \u00fev\u00ed a\u00f0 f\u00e1 \u00fea\u00f0!<\/p>\n\n\n<div class=\"gb-container gb-container-8b2e3d1b pro-tip\">\n\n<h3 class=\"wp-block-heading\">\ud83d\udcdd <strong>Skilm\u00e1lar b\u00f3nusarins:<\/strong><\/h3>\n\n\n\n<ul class=\"wp-block-list\">\n<li><strong>Upph\u00e6\u00f0:<\/strong> 150$ (e\u00f0a \u00a3, e\u00f0a \u20ac) \u00ed marka\u00f0sinneign til a\u00f0 nota \u00ed spilakaup<\/li>\n\n\n\n<li><strong>Gildist\u00edmi:<\/strong> 12 m\u00e1nu\u00f0ir<\/li>\n\n\n\n<li><strong>Skilyr\u00f0i:<\/strong> Inneignin birtist sem 50% afsl\u00e1ttur \u00e1 kaupum \u00ed A\u00f0almarka\u00f0i. Ef \u00fe\u00fa kaupir spil fyrir 20$, borgar \u00fe\u00fa a\u00f0eins 10$. Ef \u00fe\u00fa kaupir spil fyrir 100$, borgar \u00fe\u00fa a\u00f0eins 50$. \u00de\u00fa getur nota\u00f0 150$ strax \u00ed einu st\u00f3ru kaupi e\u00f0a dreift afsl\u00e6ttinum yfir m\u00f6rg kaup.<\/li>\n<\/ul>\n\n<\/div>\n\n\n<p>N\u00fa \u00feegar \u00fe\u00fa veist hvernig \u00feetta Sorare tilbo\u00f0 virkar, skulum vi\u00f0 fara yfir hvernig \u00e1 a\u00f0 virkja \u00fea\u00f0.<\/p>\n\n\n\n<h3 class=\"wp-block-heading\">Skref 1: Nota\u00f0u r\u00e9ttan samstarfstengil<\/h3>\n\n\n\n<p>Til a\u00f0 f\u00e1 150$ \u00fearftu a\u00f0 nota Sorare samstarfstengilinn minn. Me\u00f0 \u00fev\u00ed f\u00e6r\u00f0 \u00fe\u00fa ekki a\u00f0eins gr\u00ed\u00f0arlegt forskot \u00ed leiknum heldur sty\u00f0ur\u00f0u l\u00edka vi\u00f0 vinnu m\u00edna (takk fyrirfram! \ud83d\ude42 ).<\/p>\n\n\n\n<p>Til a\u00f0 byrja, <a href=\"https:\/\/sorare.pxf.io\/Nk0GkP\" target=\"_blank\" rel=\"noreferrer noopener nofollow\">smelltu h\u00e9r<\/a>.<\/p>\n\n\n\n<h3 class=\"wp-block-heading\">Skref 2: Veldu stj\u00f3rnandanafn<\/h3>\n\n\n\n<figure class=\"wp-block-image size-large\"><img loading=\"lazy\" decoding=\"async\" width=\"1024\" height=\"445\" src=\"http:\/\/sorareceo.com\/wp-content\/uploads\/2025\/08\/offer-claim-screenshot-1024x445.webp\" alt=\"\" class=\"wp-image-31443\" srcset=\"https:\/\/sorareceo.com\/wp-content\/uploads\/2025\/08\/offer-claim-screenshot-1024x445.webp 1024w, https:\/\/sorareceo.com\/wp-content\/uploads\/2025\/08\/offer-claim-screenshot-300x130.webp 300w, https:\/\/sorareceo.com\/wp-content\/uploads\/2025\/08\/offer-claim-screenshot-768x334.webp 768w, https:\/\/sorareceo.com\/wp-content\/uploads\/2025\/08\/offer-claim-screenshot-1536x668.webp 1536w, https:\/\/sorareceo.com\/wp-content\/uploads\/2025\/08\/offer-claim-screenshot-2048x890.webp 2048w\" sizes=\"auto, (max-width: 1024px) 100vw, 1024px\" \/><\/figure>\n\n\n\n<p>Eftir a\u00f0 hafa smellt \u00e1 tengilinn lendir \u00fe\u00fa \u00e1 s\u00ed\u00f0u sem l\u00edtur \u00fat svipa\u00f0 og myndin h\u00e9r a\u00f0 ofan. \u00dear velur\u00f0u \u00feitt <strong>stj\u00f3rnandanafn<\/strong> \u2013 nafni\u00f0 sem birtist \u00e1 stigat\u00f6flunni og \u00ed framt\u00ed\u00f0arsamningavi\u00f0r\u00e6\u00f0um \u00fe\u00ednum.<\/p>\n\n\n\n<p>Ekki hugsa of miki\u00f0 um \u00fea\u00f0! \u00de\u00fa getur alltaf breytt stj\u00f3rnandanafninu seinna ef \u00fe\u00e9r dettur eitthva\u00f0 betra \u00ed hug.<\/p>\n\n\n\n<h3 class=\"wp-block-heading\">Skref 3: Veldu skr\u00e1ningara\u00f0fer\u00f0<\/h3>\n\n\n\n<figure class=\"wp-block-image size-large\"><img loading=\"lazy\" decoding=\"async\" width=\"1024\" height=\"436\" src=\"http:\/\/sorareceo.com\/wp-content\/uploads\/2025\/07\/sorare-start-screenshot-email-1024x436.webp\" alt=\"\" class=\"wp-image-31185\" srcset=\"https:\/\/sorareceo.com\/wp-content\/uploads\/2025\/07\/sorare-start-screenshot-email-1024x436.webp 1024w, https:\/\/sorareceo.com\/wp-content\/uploads\/2025\/07\/sorare-start-screenshot-email-300x128.webp 300w, https:\/\/sorareceo.com\/wp-content\/uploads\/2025\/07\/sorare-start-screenshot-email-768x327.webp 768w, https:\/\/sorareceo.com\/wp-content\/uploads\/2025\/07\/sorare-start-screenshot-email-1536x654.webp 1536w, https:\/\/sorareceo.com\/wp-content\/uploads\/2025\/07\/sorare-start-screenshot-email-2048x872.webp 2048w\" sizes=\"auto, (max-width: 1024px) 100vw, 1024px\" \/><\/figure>\n\n\n\n<p>Ef valda nafni\u00f0 \u00feitt er tilt\u00e6kt, f\u00e6r\u00f0 \u00fe\u00fa a\u00f0 halda \u00e1fram \u00ed n\u00e6sta skref. \u00c1 \u00feessum t\u00edmapunkti \u00fearftu a\u00f0:<\/p>\n\n\n\n<ul class=\"wp-block-list\">\n<li>Sta\u00f0festa a\u00f0 \u00fe\u00fa s\u00e9rt a.m.k. 16 \u00e1ra (l\u00e1gmarksaldur til a\u00f0 spila Sorare)<\/li>\n\n\n\n<li>Sam\u00feykkja skilm\u00e1la og pers\u00f3nuverndarstefnu<\/li>\n\n\n\n<li>Velja skr\u00e1ningara\u00f0fer\u00f0: netfang, Google e\u00f0a Apple<\/li>\n<\/ul>\n\n\n\n<p class=\"pro-tip\">\ud83d\udca1 <strong>PRO TIP:<\/strong> Hefur\u00f0u \u00feegar skr\u00e1\u00f0 \u00feig \u00e1n \u00feess a\u00f0 n\u00fdta velkomustilbo\u00f0i\u00f0 mitt? Engar \u00e1hyggjur \u2013 \u00fe\u00fa getur samt fengi\u00f0 \u00fea\u00f0! Ef \u00fe\u00fa hefur ekki keypt nein spil enn\u00fe\u00e1, skr\u00e1\u00f0u \u00feig aftur me\u00f0 \u00f6\u00f0ru netfangi og \u00fe\u00fa f\u00e6r\u00f0 s\u00f6mu 150$ inneignina eins og allir SorareCEO lesendur.<\/p>\n\n\n\n<p>A\u00f0 lokum, ekki gleyma a\u00f0 b\u00faa til sterkt lykilor\u00f0. \u00dea\u00f0 er lykillinn \u00feinn a\u00f0 Sorare a\u00f0ganginum og marka\u00f0num.<\/p>\n\n\n\n<h2 class=\"wp-block-heading\">Er til betra Sorare skr\u00e1ningartilbo\u00f0?<\/h2>\n\n\n\n<p>\u00deegar \u00feetta er skrifa\u00f0 er \u00e9g stoltur af \u00fev\u00ed a\u00f0 segja a\u00f0 Sorare skr\u00e1ningartilbo\u00f0i\u00f0 sem fjalla\u00f0 er um h\u00e9r er \u00fea\u00f0 besta sem n\u00fdir stj\u00f3rnendur geta fengi\u00f0. Enginn annar samstarfsa\u00f0ili leiksins b\u00fd\u00f0ur meira en 150$ \u00ed inneign!<\/p>\n\n\n\n<p>\u00dev\u00ed mi\u00f0ur eru sumar vefs\u00ed\u00f0ur sem reyna a\u00f0 blekkja \u00feig til a\u00f0 tr\u00faa \u00fev\u00ed a\u00f0 \u00fe\u00fa getir fengi\u00f0 \u00f3keypis Rare, Super Rare e\u00f0a jafnvel Unique spil sem velkomub\u00f3nus. \u00deetta er ekkert anna\u00f0 en \u00f3si\u00f0legt brag\u00f0 til a\u00f0 f\u00e1 \u00feig til a\u00f0 skr\u00e1 \u00feig \u00ed gegnum \u00feeirra tengil.<\/p>\n\n\n\n<p>Ef n\u00fdtt Sorare tilbo\u00f0 kemur \u00ed framt\u00ed\u00f0inni ver\u00f0a lesendur m\u00ednir fyrstir til a\u00f0 vita af \u00fev\u00ed.<\/p>\n\n\n\n<h2 class=\"wp-block-heading\">Meira um leikinn<\/h2>\n\n\n\n<p>Sorare var\u00f0 til \u00e1ri\u00f0 2019, stofna\u00f0 af tveimur fr\u00f6nskum verkfr\u00e6\u00f0ingum \u2013 Nicolas Julia og Adrien Montfort \u2013 sem deila dj\u00fapri \u00e1str\u00ed\u00f0u fyrir f\u00f3tbolta og t\u00e6kni. S\u00ed\u00f0an \u00fe\u00e1 hefur Sorare or\u00f0i\u00f0 fremsta fantas\u00edu\u00ed\u00fer\u00f3ttapallbor\u00f0 heimsins.<\/p>\n\n\n\n<p>\u00deetta er ekki tilviljun. L\u00edkani\u00f0 sem sameinar opinberlega leyf\u00f0 stafr\u00e6nt spil, raunverulega frammist\u00f6\u00f0u leikmanna og ver\u00f0m\u00e6ta ver\u00f0launa hefur n\u00e1\u00f0 gr\u00ed\u00f0arlegum vins\u00e6ldum \u00e1 heimsv\u00edsu. St\u00f3rstj\u00f6rnur \u00e1 bor\u00f0 vi\u00f0 Kylian Mbapp\u00e9 og tennisgo\u00f0s\u00f6gnina Serena Williams hafa jafnvel fj\u00e1rfest \u00ed verkefninu.<\/p>\n\n\n\n<p>\u00dea\u00f0 sem gerir Sorare s\u00e9rstakt er a\u00f0 hvert spil sem \u00fe\u00fa \u00e1tt er raunveruleg stafr\u00e6nt eign. Pallurinn fylgist me\u00f0 eignarhaldi \u00e1 gagns\u00e6jan h\u00e1tt og \u00fe\u00fa ert frj\u00e1ls til a\u00f0 nota spilin \u00ed keppni, geyma \u00feau sem safngripi e\u00f0a eiga vi\u00f0skipti me\u00f0 \u00feau \u00e1 opnum marka\u00f0i. \u00de\u00edn stefna, \u00fe\u00edn \u00e1kv\u00f6r\u00f0un.<\/p>\n\n\n\n<figure class=\"wp-block-image gb-block-image gb-block-image-dbe1eb87\"><img decoding=\"async\" src=\"https:\/\/www.sorareceo.com\/wp-content\/uploads\/2022\/12\/logo-sorare.png\" alt=\"Sorare logo\" title=\"logo-sorare\"\/><\/figure>\n\n\n\n<p>\u00de\u00fa getur fengi\u00f0 n\u00fd spil \u00e1 tvo vegu: me\u00f0 kaupum \u00e1 Sorare marka\u00f0num e\u00f0a me\u00f0 \u00fev\u00ed a\u00f0 vinna \u00feau \u00ed m\u00f3tum. \u00deegar \u00fe\u00fa \u00e1tt nokkur spil \u00ed safninu \u00fe\u00ednu getur\u00f0u byrja\u00f0 a\u00f0 setja saman li\u00f0 og teki\u00f0 \u00fe\u00e1tt \u00ed vikulegum keppnum.<\/p>\n\n\n\n<p>N\u00fdir stj\u00f3rnendur byrja me\u00f0 \u00farval af \u00f3keypis Common spilum, sem leyfa \u00fe\u00e9r a\u00f0 pr\u00f3fa leikinn \u00e1n \u00feess a\u00f0 ey\u00f0a kr\u00f3nu. En ef \u00fe\u00fa \u00e6tlar \u00fe\u00e9r a\u00f0 komast ofar \u00e1 stigat\u00f6fluna og vinna st\u00e6rri ver\u00f0laun, \u00fearftu a\u00f0 f\u00e1 sjaldg\u00e6fari spil \u2013 Limited, Rare, Super Rare e\u00f0a Unique \u2013 til a\u00f0 opna fyrir a\u00f0gang a\u00f0 h\u00e6rri stigum m\u00f3ta.<\/p>\n\n\n\n<p>Kjarna\u00e1skorunin er einf\u00f6ld: settu saman \u00feitt sterkasta fimm manna li\u00f0 og taktu fram \u00far \u00f6\u00f0rum stj\u00f3rnendum me\u00f0 raunverulegum leikmannag\u00f6gnum. \u00dev\u00ed betri sem leikmenn \u00fe\u00ednir spila, \u00fev\u00ed fleiri stig f\u00e6r\u00f0u. \u00deessi stig geta skila\u00f0 \u00fe\u00e9r peningaver\u00f0launum, n\u00fdjum spilum og jafnvel al\u00fej\u00f3\u00f0legum hei\u00f0ri.<\/p>\n\n\n\n<p>Ef \u00fe\u00fa vilt for\u00f0ast byrjendamist\u00f6k og n\u00e1 \u00e1rangri hra\u00f0ar en a\u00f0rir, lestu lei\u00f0arv\u00edsi minn fyrir byrjendur um <a href=\"https:\/\/sorareceo.com\/is\/sorare-tutorial\/\" target=\"_blank\" rel=\"noreferrer noopener\">hvernig \u00e1 a\u00f0 spila Sorare<\/a>.<\/p>\n\n\n\n<p class=\"pro-tip\">Ef \u00fe\u00fa lendir \u00ed einhverjum vandr\u00e6\u00f0um vi\u00f0 a\u00f0 virkja Sorare skr\u00e1ningartilbo\u00f0i\u00f0 \u00feitt, ekki hika vi\u00f0 a\u00f0 hafa samband vi\u00f0 mig \u00e1 Twitter <em>@SorareCEOx<\/em> e\u00f0a me\u00f0 \u00fev\u00ed a\u00f0 <a href=\"mailto:contact@sorareceo.com\" target=\"_blank\" rel=\"noreferrer noopener nofollow\">senda m\u00e9r t\u00f6lvup\u00f3st<\/a>.<\/p>\n","protected":false},"excerpt":{"rendered":"<p>\u00de\u00f3 a\u00f0 skr\u00e1ning \u00ed Sorare s\u00e9 algj\u00f6rlega \u00f3keypis og flj\u00f3tleg, vita ekki allir af Sorare skr\u00e1ningartilbo\u00f0inu sem tryggir \u00fe\u00e9r forskot \u00e1 flesta n\u00fdja stj\u00f3rnendur. SorareCEO.com er votta\u00f0ur samstarfsa\u00f0ili leiksins og b\u00fd\u00f0ur lesendum okkar upp \u00e1 einkar\u00e9tt skr\u00e1ningarb\u00f3nus sem er s\u00e1 besti \u00e1 marka\u00f0num \u2013 n\u00fa me\u00f0 150$ \u00ed inneign fyrir kauph\u00f6llina! Lestu \u00e1fram til a\u00f0 &#8230; <a title=\"Skr\u00e1ningartilbo\u00f0 \u00ed Sorare [150 dollarar til a\u00f0 ey\u00f0a \u00ed kort]\" class=\"read-more\" href=\"https:\/\/sorareceo.com\/is\/skraningartilbod-sorare\/\" aria-label=\"Read more about Skr\u00e1ningartilbo\u00f0 \u00ed Sorare [150 dollarar til a\u00f0 ey\u00f0a \u00ed kort]\">Read more<\/a><\/p>\n","protected":false},"author":1,"featured_media":34412,"parent":0,"menu_order":0,"comment_status":"closed","ping_status":"closed","template":"","meta":{"footnotes":""},"class_list":["post-37856","page","type-page","status-publish","has-post-thumbnail"],"yoast_head":"<!-- This site is optimized with the Yoast SEO plugin v26.6 - https:\/\/yoast.com\/wordpress\/plugins\/seo\/ -->\n<title>Skr\u00e1ningartilbo\u00f0 \u00ed Sorare [150 dollarar til a\u00f0 ey\u00f0a \u00ed kort]<\/title>\n<meta name=\"description\" content=\"Skr\u00e1ningartilbo\u00f0 Sorare fyrir lesendur vefs\u00ed\u00f0u minnar er n\u00fa $150 \u00ed inneign til a\u00f0 ey\u00f0a \u00ed n\u00fd kort! F\u00e1\u00f0u \u00fea\u00f0 H\u00c9R.\" \/>\n<meta name=\"robots\" content=\"index, follow, max-snippet:-1, max-image-preview:large, max-video-preview:-1\" \/>\n<link rel=\"canonical\" href=\"https:\/\/sorareceo.com\/is\/skraningartilbod-sorare\/\" \/>\n<meta property=\"og:locale\" content=\"is_IS\" \/>\n<meta property=\"og:type\" content=\"article\" \/>\n<meta property=\"og:title\" content=\"Skr\u00e1ningartilbo\u00f0 \u00ed Sorare [150 dollarar til a\u00f0 ey\u00f0a \u00ed kort]\" \/>\n<meta property=\"og:description\" content=\"Skr\u00e1ningartilbo\u00f0 Sorare fyrir lesendur vefs\u00ed\u00f0u minnar er n\u00fa $150 \u00ed inneign til a\u00f0 ey\u00f0a \u00ed n\u00fd kort! F\u00e1\u00f0u \u00fea\u00f0 H\u00c9R.\" \/>\n<meta property=\"og:url\" content=\"https:\/\/sorareceo.com\/is\/skraningartilbod-sorare\/\" \/>\n<meta property=\"og:site_name\" content=\"SorareCEO - Your Place for Sorare Strategies &amp; Tips\" \/>\n<meta property=\"article:modified_time\" content=\"2025-08-29T23:10:28+00:00\" \/>\n<meta property=\"og:image\" content=\"https:\/\/sorareceo.com\/wp-content\/uploads\/2025\/08\/sorare-sign-up-offer-featured.webp\" \/>\n\t<meta property=\"og:image:width\" content=\"966\" \/>\n\t<meta property=\"og:image:height\" content=\"692\" \/>\n\t<meta property=\"og:image:type\" content=\"image\/webp\" \/>\n<meta name=\"twitter:card\" content=\"summary_large_image\" \/>\n<meta name=\"twitter:label1\" content=\"Est. reading time\" \/>\n\t<meta name=\"twitter:data1\" content=\"6 minutes\" \/>\n<script type=\"application\/ld+json\" class=\"yoast-schema-graph\">{\"@context\":\"https:\/\/schema.org\",\"@graph\":[{\"@type\":\"WebPage\",\"@id\":\"https:\/\/sorareceo.com\/is\/skraningartilbod-sorare\/\",\"url\":\"https:\/\/sorareceo.com\/is\/skraningartilbod-sorare\/\",\"name\":\"Skr\u00e1ningartilbo\u00f0 \u00ed Sorare [150 dollarar til a\u00f0 ey\u00f0a \u00ed kort]\",\"isPartOf\":{\"@id\":\"https:\/\/sorareceo.com\/#website\"},\"primaryImageOfPage\":{\"@id\":\"https:\/\/sorareceo.com\/is\/skraningartilbod-sorare\/#primaryimage\"},\"image\":{\"@id\":\"https:\/\/sorareceo.com\/is\/skraningartilbod-sorare\/#primaryimage\"},\"thumbnailUrl\":\"https:\/\/sorareceo.com\/wp-content\/uploads\/2025\/08\/sorare-sign-up-offer-featured.webp\",\"datePublished\":\"2022-10-21T00:49:42+00:00\",\"dateModified\":\"2025-08-29T23:10:28+00:00\",\"description\":\"Skr\u00e1ningartilbo\u00f0 Sorare fyrir lesendur vefs\u00ed\u00f0u minnar er n\u00fa $150 \u00ed inneign til a\u00f0 ey\u00f0a \u00ed n\u00fd kort! F\u00e1\u00f0u \u00fea\u00f0 H\u00c9R.\",\"breadcrumb\":{\"@id\":\"https:\/\/sorareceo.com\/is\/skraningartilbod-sorare\/#breadcrumb\"},\"inLanguage\":\"is\",\"potentialAction\":[{\"@type\":\"ReadAction\",\"target\":[\"https:\/\/sorareceo.com\/is\/skraningartilbod-sorare\/\"]}]},{\"@type\":\"ImageObject\",\"inLanguage\":\"is\",\"@id\":\"https:\/\/sorareceo.com\/is\/skraningartilbod-sorare\/#primaryimage\",\"url\":\"https:\/\/sorareceo.com\/wp-content\/uploads\/2025\/08\/sorare-sign-up-offer-featured.webp\",\"contentUrl\":\"https:\/\/sorareceo.com\/wp-content\/uploads\/2025\/08\/sorare-sign-up-offer-featured.webp\",\"width\":966,\"height\":692,\"caption\":\"Sorare sign-up offer - featured image\"},{\"@type\":\"BreadcrumbList\",\"@id\":\"https:\/\/sorareceo.com\/is\/skraningartilbod-sorare\/#breadcrumb\",\"itemListElement\":[{\"@type\":\"ListItem\",\"position\":1,\"name\":\"Home\",\"item\":\"https:\/\/sorareceo.com\/is\/\"},{\"@type\":\"ListItem\",\"position\":2,\"name\":\"Skr\u00e1ningartilbo\u00f0 \u00ed Sorare [150 dollarar til a\u00f0 ey\u00f0a \u00ed kort]\"}]},{\"@type\":\"WebSite\",\"@id\":\"https:\/\/sorareceo.com\/#website\",\"url\":\"https:\/\/sorareceo.com\/\",\"name\":\"SorareCEO - Your Place for Sorare Strategies &amp; Tips\",\"description\":\"The best place for up-to-date Sorare strategies, guides &amp; tips.\",\"publisher\":{\"@id\":\"https:\/\/sorareceo.com\/#organization\"},\"potentialAction\":[{\"@type\":\"SearchAction\",\"target\":{\"@type\":\"EntryPoint\",\"urlTemplate\":\"https:\/\/sorareceo.com\/?s={search_term_string}\"},\"query-input\":{\"@type\":\"PropertyValueSpecification\",\"valueRequired\":true,\"valueName\":\"search_term_string\"}}],\"inLanguage\":\"is\"},{\"@type\":\"Organization\",\"@id\":\"https:\/\/sorareceo.com\/#organization\",\"name\":\"SorareCEO - Your Place for Sorare Strategies &amp; Tips\",\"url\":\"https:\/\/sorareceo.com\/\",\"logo\":{\"@type\":\"ImageObject\",\"inLanguage\":\"is\",\"@id\":\"https:\/\/sorareceo.com\/#\/schema\/logo\/image\/\",\"url\":\"https:\/\/sorareceo.com\/wp-content\/uploads\/2025\/08\/new-logo.webp\",\"contentUrl\":\"https:\/\/sorareceo.com\/wp-content\/uploads\/2025\/08\/new-logo.webp\",\"width\":500,\"height\":150,\"caption\":\"SorareCEO - Your Place for Sorare Strategies &amp; Tips\"},\"image\":{\"@id\":\"https:\/\/sorareceo.com\/#\/schema\/logo\/image\/\"}}]}<\/script>\n<!-- \/ Yoast SEO plugin. -->","yoast_head_json":{"title":"Skr\u00e1ningartilbo\u00f0 \u00ed Sorare [150 dollarar til a\u00f0 ey\u00f0a \u00ed kort]","description":"Skr\u00e1ningartilbo\u00f0 Sorare fyrir lesendur vefs\u00ed\u00f0u minnar er n\u00fa $150 \u00ed inneign til a\u00f0 ey\u00f0a \u00ed n\u00fd kort! F\u00e1\u00f0u \u00fea\u00f0 H\u00c9R.","robots":{"index":"index","follow":"follow","max-snippet":"max-snippet:-1","max-image-preview":"max-image-preview:large","max-video-preview":"max-video-preview:-1"},"canonical":"https:\/\/sorareceo.com\/is\/skraningartilbod-sorare\/","og_locale":"is_IS","og_type":"article","og_title":"Skr\u00e1ningartilbo\u00f0 \u00ed Sorare [150 dollarar til a\u00f0 ey\u00f0a \u00ed kort]","og_description":"Skr\u00e1ningartilbo\u00f0 Sorare fyrir lesendur vefs\u00ed\u00f0u minnar er n\u00fa $150 \u00ed inneign til a\u00f0 ey\u00f0a \u00ed n\u00fd kort! F\u00e1\u00f0u \u00fea\u00f0 H\u00c9R.","og_url":"https:\/\/sorareceo.com\/is\/skraningartilbod-sorare\/","og_site_name":"SorareCEO - Your Place for Sorare Strategies &amp; Tips","article_modified_time":"2025-08-29T23:10:28+00:00","og_image":[{"width":966,"height":692,"url":"https:\/\/sorareceo.com\/wp-content\/uploads\/2025\/08\/sorare-sign-up-offer-featured.webp","type":"image\/webp"}],"twitter_card":"summary_large_image","twitter_misc":{"Est. reading time":"6 minutes"},"schema":{"@context":"https:\/\/schema.org","@graph":[{"@type":"WebPage","@id":"https:\/\/sorareceo.com\/is\/skraningartilbod-sorare\/","url":"https:\/\/sorareceo.com\/is\/skraningartilbod-sorare\/","name":"Skr\u00e1ningartilbo\u00f0 \u00ed Sorare [150 dollarar til a\u00f0 ey\u00f0a \u00ed kort]","isPartOf":{"@id":"https:\/\/sorareceo.com\/#website"},"primaryImageOfPage":{"@id":"https:\/\/sorareceo.com\/is\/skraningartilbod-sorare\/#primaryimage"},"image":{"@id":"https:\/\/sorareceo.com\/is\/skraningartilbod-sorare\/#primaryimage"},"thumbnailUrl":"https:\/\/sorareceo.com\/wp-content\/uploads\/2025\/08\/sorare-sign-up-offer-featured.webp","datePublished":"2022-10-21T00:49:42+00:00","dateModified":"2025-08-29T23:10:28+00:00","description":"Skr\u00e1ningartilbo\u00f0 Sorare fyrir lesendur vefs\u00ed\u00f0u minnar er n\u00fa $150 \u00ed inneign til a\u00f0 ey\u00f0a \u00ed n\u00fd kort! F\u00e1\u00f0u \u00fea\u00f0 H\u00c9R.","breadcrumb":{"@id":"https:\/\/sorareceo.com\/is\/skraningartilbod-sorare\/#breadcrumb"},"inLanguage":"is","potentialAction":[{"@type":"ReadAction","target":["https:\/\/sorareceo.com\/is\/skraningartilbod-sorare\/"]}]},{"@type":"ImageObject","inLanguage":"is","@id":"https:\/\/sorareceo.com\/is\/skraningartilbod-sorare\/#primaryimage","url":"https:\/\/sorareceo.com\/wp-content\/uploads\/2025\/08\/sorare-sign-up-offer-featured.webp","contentUrl":"https:\/\/sorareceo.com\/wp-content\/uploads\/2025\/08\/sorare-sign-up-offer-featured.webp","width":966,"height":692,"caption":"Sorare sign-up offer - featured image"},{"@type":"BreadcrumbList","@id":"https:\/\/sorareceo.com\/is\/skraningartilbod-sorare\/#breadcrumb","itemListElement":[{"@type":"ListItem","position":1,"name":"Home","item":"https:\/\/sorareceo.com\/is\/"},{"@type":"ListItem","position":2,"name":"Skr\u00e1ningartilbo\u00f0 \u00ed Sorare [150 dollarar til a\u00f0 ey\u00f0a \u00ed kort]"}]},{"@type":"WebSite","@id":"https:\/\/sorareceo.com\/#website","url":"https:\/\/sorareceo.com\/","name":"SorareCEO - Your Place for Sorare Strategies &amp; Tips","description":"The best place for up-to-date Sorare strategies, guides &amp; tips.","publisher":{"@id":"https:\/\/sorareceo.com\/#organization"},"potentialAction":[{"@type":"SearchAction","target":{"@type":"EntryPoint","urlTemplate":"https:\/\/sorareceo.com\/?s={search_term_string}"},"query-input":{"@type":"PropertyValueSpecification","valueRequired":true,"valueName":"search_term_string"}}],"inLanguage":"is"},{"@type":"Organization","@id":"https:\/\/sorareceo.com\/#organization","name":"SorareCEO - Your Place for Sorare Strategies &amp; Tips","url":"https:\/\/sorareceo.com\/","logo":{"@type":"ImageObject","inLanguage":"is","@id":"https:\/\/sorareceo.com\/#\/schema\/logo\/image\/","url":"https:\/\/sorareceo.com\/wp-content\/uploads\/2025\/08\/new-logo.webp","contentUrl":"https:\/\/sorareceo.com\/wp-content\/uploads\/2025\/08\/new-logo.webp","width":500,"height":150,"caption":"SorareCEO - Your Place for Sorare Strategies &amp; Tips"},"image":{"@id":"https:\/\/sorareceo.com\/#\/schema\/logo\/image\/"}}]}},"_links":{"self":[{"href":"https:\/\/sorareceo.com\/is\/wp-json\/wp\/v2\/pages\/37856","targetHints":{"allow":["GET"]}}],"collection":[{"href":"https:\/\/sorareceo.com\/is\/wp-json\/wp\/v2\/pages"}],"about":[{"href":"https:\/\/sorareceo.com\/is\/wp-json\/wp\/v2\/types\/page"}],"author":[{"embeddable":true,"href":"https:\/\/sorareceo.com\/is\/wp-json\/wp\/v2\/users\/1"}],"replies":[{"embeddable":true,"href":"https:\/\/sorareceo.com\/is\/wp-json\/wp\/v2\/comments?post=37856"}],"version-history":[{"count":1,"href":"https:\/\/sorareceo.com\/is\/wp-json\/wp\/v2\/pages\/37856\/revisions"}],"predecessor-version":[{"id":37888,"href":"https:\/\/sorareceo.com\/is\/wp-json\/wp\/v2\/pages\/37856\/revisions\/37888"}],"wp:featuredmedia":[{"embeddable":true,"href":"https:\/\/sorareceo.com\/is\/wp-json\/wp\/v2\/media\/34412"}],"wp:attachment":[{"href":"https:\/\/sorareceo.com\/is\/wp-json\/wp\/v2\/media?parent=37856"}],"curies":[{"name":"wp","href":"https:\/\/api.w.org\/{rel}","templated":true}]}}