{"id":36594,"date":"2025-01-04T00:18:52","date_gmt":"2025-01-04T00:18:52","guid":{"rendered":"https:\/\/sorareceo.com\/sorareceo-com-a-megbizhato-utmutatod-a-sorare-hez\/"},"modified":"2025-08-27T17:20:16","modified_gmt":"2025-08-27T17:20:16","slug":"sorareceo-com-a-megbizhato-utmutatod-a-sorare-hez","status":"publish","type":"page","link":"https:\/\/sorareceo.com\/hu\/","title":{"rendered":"SorareCEO.com \u2013 a megb\u00edzhat\u00f3 \u00fatmutat\u00f3d a Sorare-hez"},"content":{"rendered":"<div class=\"gb-container gb-container-4f6744a8 alignfull\">\n\n<h2 class=\"gb-headline gb-headline-59c6c384 gb-headline-text\">\u00dcdv\u00f6z\u00f6l a SorareCEO<\/h2>\n\n\n\n<h1 class=\"gb-headline gb-headline-499f076a gb-headline-text\">A hely, ahol Sorare-\u00fatmutat\u00f3kat, oktat\u00f3anyagokat \u00e9s strat\u00e9gi\u00e1kat tal\u00e1lsz.<\/h1>\n\n\n\n<a class=\"gb-button gb-button-7411aeb9 gb-button-text\" href=\"https:\/\/sorareceo.com\/hu\/mi-az-sorare\/\" target=\"_blank\" rel=\"noopener noreferrer\">MI AZ A SORARE?<\/a>\n\n<\/div>\n\n<div class=\"gb-container gb-container-dff66fc0 alignfull\">\n<div class=\"gb-container gb-container-5ae625cf\">\n<div class=\"gb-container gb-container-7bad8aa5\">\n\n<h2 class=\"gb-headline gb-headline-3639624f gb-headline-text\">\u00datmutat\u00f3 kezd\u0151knek<\/h2>\n\n\n\n<figure class=\"wp-block-image size-full is-resized\"><img loading=\"lazy\" decoding=\"async\" width=\"1000\" height=\"1000\" src=\"http:\/\/sorareceo.com\/wp-content\/uploads\/2025\/08\/guide-homepage.webp\" alt=\"\" class=\"wp-image-35215\" style=\"object-fit:cover;width:300px;height:300px\" srcset=\"https:\/\/sorareceo.com\/wp-content\/uploads\/2025\/08\/guide-homepage.webp 1000w, https:\/\/sorareceo.com\/wp-content\/uploads\/2025\/08\/guide-homepage-300x300.webp 300w, https:\/\/sorareceo.com\/wp-content\/uploads\/2025\/08\/guide-homepage-150x150.webp 150w, https:\/\/sorareceo.com\/wp-content\/uploads\/2025\/08\/guide-homepage-768x768.webp 768w\" sizes=\"auto, (max-width: 1000px) 100vw, 1000px\" \/><\/figure>\n\n\n<div class=\"gb-container gb-container-98b4471b\">\n\n<p class=\"gb-headline gb-headline-44cbcbf8 gb-headline-text\">\u00daj vagy a Sorare-ben? Tal\u00e1n szeretn\u00e9d elker\u00fclni a kezd\u0151 hib\u00e1kat, \u00e9s a lehet\u0151 leghamarabb maximaliz\u00e1lni az es\u00e9lyeidet a nyeres\u00e9gre a csatlakoz\u00e1s ut\u00e1n. Az \u00e9n Sorare-kezd\u0151knek sz\u00f3l\u00f3 \u00fatmutat\u00f3m seg\u00edt pontosan ebben \u2013 \u00e9s m\u00e9g sok minden m\u00e1sban is.  <\/p>\n\n\n\n<a class=\"gb-button gb-button-ff8e8a3a gb-button-text\" href=\"https:\/\/sorareceo.com\/hu\/sorare-oktatoanyag\/\" target=\"_blank\" rel=\"noopener noreferrer\">OLVASD EL ITT<\/a>\n\n<\/div>\n<\/div>\n<\/div>\n\n<div class=\"gb-container gb-container-5732aabf\">\n<div class=\"gb-container gb-container-84b12203\">\n\n<h2 class=\"gb-headline gb-headline-a59e7235 gb-headline-text\">J\u00e1t\u00e9k\u00e9rt\u00e9kel\u00e9s<\/h2>\n\n\n\n<figure class=\"wp-block-image size-full is-resized\"><img loading=\"lazy\" decoding=\"async\" width=\"1000\" height=\"1000\" src=\"http:\/\/sorareceo.com\/wp-content\/uploads\/2025\/08\/review-homepage.webp\" alt=\"\" class=\"wp-image-35262\" style=\"object-fit:cover;width:300px;height:300px\" srcset=\"https:\/\/sorareceo.com\/wp-content\/uploads\/2025\/08\/review-homepage.webp 1000w, https:\/\/sorareceo.com\/wp-content\/uploads\/2025\/08\/review-homepage-300x300.webp 300w, https:\/\/sorareceo.com\/wp-content\/uploads\/2025\/08\/review-homepage-150x150.webp 150w, https:\/\/sorareceo.com\/wp-content\/uploads\/2025\/08\/review-homepage-768x768.webp 768w\" sizes=\"auto, (max-width: 1000px) 100vw, 1000px\" \/><\/figure>\n\n\n<div class=\"gb-container gb-container-5d281bbd\">\n\n<p class=\"gb-headline gb-headline-e815eb18 gb-headline-text\">M\u00e9g mindig azon gondolkodsz, hogy neked val\u00f3-e a j\u00e1t\u00e9k? Olvasd el a Sorare-\u00e9rt\u00e9kel\u00e9semet, amelyben a leg\u0151szint\u00e9bb v\u00e9lem\u00e9nyemet tal\u00e1lod a term\u00e9kr\u0151l, \u00e9s arr\u00f3l, hogyan k\u00fcl\u00f6nb\u00f6zik m\u00e1s fantasy sport platformokt\u00f3l. Mint minden j\u00e1t\u00e9knak, ennek is vannak el\u0151nyei \u00e9s h\u00e1tr\u00e1nyai.   <\/p>\n\n\n\n<a class=\"gb-button gb-button-2dee9ba5 gb-button-text\" href=\"#\" target=\"_blank\" rel=\"noopener noreferrer\">OLVASD EL ITT<\/a>\n\n<\/div>\n<\/div>\n<\/div>\n\n<div class=\"gb-container gb-container-9a12ce94\">\n<div class=\"gb-container gb-container-4a74dada\">\n\n<h2 class=\"gb-headline gb-headline-7b49ca4e gb-headline-text\">Regisztr\u00e1ci\u00f3s aj\u00e1nlat<\/h2>\n\n\n\n<figure class=\"wp-block-image size-full is-resized\"><img loading=\"lazy\" decoding=\"async\" width=\"1000\" height=\"1000\" src=\"http:\/\/sorareceo.com\/wp-content\/uploads\/2025\/08\/sign-up-offer-homepage.webp\" alt=\"\" class=\"wp-image-35309\" style=\"object-fit:cover;width:300px;height:300px\" srcset=\"https:\/\/sorareceo.com\/wp-content\/uploads\/2025\/08\/sign-up-offer-homepage.webp 1000w, https:\/\/sorareceo.com\/wp-content\/uploads\/2025\/08\/sign-up-offer-homepage-300x300.webp 300w, https:\/\/sorareceo.com\/wp-content\/uploads\/2025\/08\/sign-up-offer-homepage-150x150.webp 150w, https:\/\/sorareceo.com\/wp-content\/uploads\/2025\/08\/sign-up-offer-homepage-768x768.webp 768w\" sizes=\"auto, (max-width: 1000px) 100vw, 1000px\" \/><\/figure>\n\n\n<div class=\"gb-container gb-container-9727e384\">\n\n<p class=\"gb-headline gb-headline-e3c72453 gb-headline-text\">Ha meghoztad (a helyes) d\u00f6nt\u00e9st, hogy csatlakozol a j\u00e1t\u00e9khoz, \u00edme az aj\u00e1nd\u00e9kom sz\u00e1modra. L\u00e9gy a SorareCEO olvas\u00f3i k\u00f6z\u00fcl az egyik, aki \u00fcdv\u00f6zl\u0151 b\u00f3nuszt kap \u00e9s el\u0151nyh\u00f6z jut m\u00e1s menedzserekkel szemben. Fedezd fel a jelenlegi prom\u00f3ci\u00f3t itt.   <\/p>\n\n\n\n<a class=\"gb-button gb-button-fc86622e gb-button-text\" href=\"https:\/\/sorareceo.com\/hu\/sorare-regisztracios-ajanlat\/\" target=\"_blank\" rel=\"noopener noreferrer\">OLVASD EL ITT<\/a>\n\n<\/div>\n<\/div>\n<\/div>\n<\/div>","protected":false},"excerpt":{"rendered":"<p>\u00dcdv\u00f6z\u00f6l a SorareCEO A hely, ahol Sorare-\u00fatmutat\u00f3kat, oktat\u00f3anyagokat \u00e9s strat\u00e9gi\u00e1kat tal\u00e1lsz. \u00datmutat\u00f3 kezd\u0151knek \u00daj vagy a Sorare-ben? Tal\u00e1n szeretn\u00e9d elker\u00fclni a kezd\u0151 hib\u00e1kat, \u00e9s a lehet\u0151 leghamarabb maximaliz\u00e1lni az es\u00e9lyeidet a nyeres\u00e9gre a csatlakoz\u00e1s ut\u00e1n. Az \u00e9n Sorare-kezd\u0151knek sz\u00f3l\u00f3 \u00fatmutat\u00f3m seg\u00edt pontosan ebben \u2013 \u00e9s m\u00e9g sok minden m\u00e1sban is. J\u00e1t\u00e9k\u00e9rt\u00e9kel\u00e9s M\u00e9g mindig azon gondolkodsz, &#8230; <a title=\"SorareCEO.com \u2013 a megb\u00edzhat\u00f3 \u00fatmutat\u00f3d a Sorare-hez\" class=\"read-more\" href=\"https:\/\/sorareceo.com\/hu\/\" aria-label=\"Read more about SorareCEO.com \u2013 a megb\u00edzhat\u00f3 \u00fatmutat\u00f3d a Sorare-hez\">Olvass tov\u00e1bb<\/a><\/p>\n","protected":false},"author":1,"featured_media":34300,"parent":0,"menu_order":0,"comment_status":"closed","ping_status":"closed","template":"","meta":{"footnotes":""},"class_list":["post-36594","page","type-page","status-publish","has-post-thumbnail"],"yoast_head":"<!-- This site is optimized with the Yoast SEO plugin v26.6 - https:\/\/yoast.com\/wordpress\/plugins\/seo\/ -->\n<title>SorareCEO.com \u2013 a megb\u00edzhat\u00f3 \u00fatmutat\u00f3d a Sorare-hez<\/title>\n<meta name=\"description\" content=\"A SorareCEO a megb\u00edzhat\u00f3 forr\u00e1sod \u00fatmutat\u00f3khoz, oktat\u00f3anyagokhoz, tippekhez, strat\u00e9gi\u00e1khoz \u00e9s h\u00edrekhez a Sorare-r\u0151l. V\u00e1lj jobb j\u00e1t\u00e9koss\u00e1 velem egy\u00fctt.\" \/>\n<meta name=\"robots\" content=\"index, follow, max-snippet:-1, max-image-preview:large, max-video-preview:-1\" \/>\n<link rel=\"canonical\" href=\"https:\/\/sorareceo.com\/hu\/\" \/>\n<meta property=\"og:locale\" content=\"hu_HU\" \/>\n<meta property=\"og:type\" content=\"article\" \/>\n<meta property=\"og:title\" content=\"SorareCEO.com \u2013 a megb\u00edzhat\u00f3 \u00fatmutat\u00f3d a Sorare-hez\" \/>\n<meta property=\"og:description\" content=\"A SorareCEO a megb\u00edzhat\u00f3 forr\u00e1sod \u00fatmutat\u00f3khoz, oktat\u00f3anyagokhoz, tippekhez, strat\u00e9gi\u00e1khoz \u00e9s h\u00edrekhez a Sorare-r\u0151l. V\u00e1lj jobb j\u00e1t\u00e9koss\u00e1 velem egy\u00fctt.\" \/>\n<meta property=\"og:url\" content=\"https:\/\/sorareceo.com\/hu\/\" \/>\n<meta property=\"og:site_name\" content=\"SorareCEO - Your Place for Sorare Strategies &amp; Tips\" \/>\n<meta property=\"article:modified_time\" content=\"2025-08-27T17:20:16+00:00\" \/>\n<meta property=\"og:image\" content=\"https:\/\/sorareceo.com\/wp-content\/uploads\/2025\/08\/icon.webp\" \/>\n\t<meta property=\"og:image:width\" content=\"100\" \/>\n\t<meta property=\"og:image:height\" content=\"100\" \/>\n\t<meta property=\"og:image:type\" content=\"image\/webp\" \/>\n<meta name=\"twitter:card\" content=\"summary_large_image\" \/>\n<meta name=\"twitter:label1\" content=\"Becs\u00fclt olvas\u00e1si id\u0151\" \/>\n\t<meta name=\"twitter:data1\" content=\"2 perc\" \/>\n<script type=\"application\/ld+json\" class=\"yoast-schema-graph\">{\"@context\":\"https:\/\/schema.org\",\"@graph\":[{\"@type\":\"WebPage\",\"@id\":\"https:\/\/sorareceo.com\/hu\/\",\"url\":\"https:\/\/sorareceo.com\/hu\/\",\"name\":\"SorareCEO.com \u2013 a megb\u00edzhat\u00f3 \u00fatmutat\u00f3d a Sorare-hez\",\"isPartOf\":{\"@id\":\"https:\/\/sorareceo.com\/#website\"},\"primaryImageOfPage\":{\"@id\":\"https:\/\/sorareceo.com\/hu\/#primaryimage\"},\"image\":{\"@id\":\"https:\/\/sorareceo.com\/hu\/#primaryimage\"},\"thumbnailUrl\":\"https:\/\/sorareceo.com\/wp-content\/uploads\/2025\/08\/icon.webp\",\"datePublished\":\"2025-01-04T00:18:52+00:00\",\"dateModified\":\"2025-08-27T17:20:16+00:00\",\"description\":\"A SorareCEO a megb\u00edzhat\u00f3 forr\u00e1sod \u00fatmutat\u00f3khoz, oktat\u00f3anyagokhoz, tippekhez, strat\u00e9gi\u00e1khoz \u00e9s h\u00edrekhez a Sorare-r\u0151l. V\u00e1lj jobb j\u00e1t\u00e9koss\u00e1 velem egy\u00fctt.\",\"breadcrumb\":{\"@id\":\"https:\/\/sorareceo.com\/hu\/#breadcrumb\"},\"inLanguage\":\"hu\",\"potentialAction\":[{\"@type\":\"ReadAction\",\"target\":[\"https:\/\/sorareceo.com\/hu\/\"]}]},{\"@type\":\"ImageObject\",\"inLanguage\":\"hu\",\"@id\":\"https:\/\/sorareceo.com\/hu\/#primaryimage\",\"url\":\"https:\/\/sorareceo.com\/wp-content\/uploads\/2025\/08\/icon.webp\",\"contentUrl\":\"https:\/\/sorareceo.com\/wp-content\/uploads\/2025\/08\/icon.webp\",\"width\":100,\"height\":100},{\"@type\":\"BreadcrumbList\",\"@id\":\"https:\/\/sorareceo.com\/hu\/#breadcrumb\",\"itemListElement\":[{\"@type\":\"ListItem\",\"position\":1,\"name\":\"Home\",\"item\":\"https:\/\/sorareceo.com\/hu\/\"},{\"@type\":\"ListItem\",\"position\":2,\"name\":\"SorareCEO.com \u2013 a megb\u00edzhat\u00f3 \u00fatmutat\u00f3d a Sorare-hez\"}]},{\"@type\":\"WebSite\",\"@id\":\"https:\/\/sorareceo.com\/#website\",\"url\":\"https:\/\/sorareceo.com\/\",\"name\":\"SorareCEO - Your Place for Sorare Strategies &amp; Tips\",\"description\":\"The best place for up-to-date Sorare strategies, guides &amp; tips.\",\"publisher\":{\"@id\":\"https:\/\/sorareceo.com\/#organization\"},\"potentialAction\":[{\"@type\":\"SearchAction\",\"target\":{\"@type\":\"EntryPoint\",\"urlTemplate\":\"https:\/\/sorareceo.com\/?s={search_term_string}\"},\"query-input\":{\"@type\":\"PropertyValueSpecification\",\"valueRequired\":true,\"valueName\":\"search_term_string\"}}],\"inLanguage\":\"hu\"},{\"@type\":\"Organization\",\"@id\":\"https:\/\/sorareceo.com\/#organization\",\"name\":\"SorareCEO - Your Place for Sorare Strategies &amp; Tips\",\"url\":\"https:\/\/sorareceo.com\/\",\"logo\":{\"@type\":\"ImageObject\",\"inLanguage\":\"hu\",\"@id\":\"https:\/\/sorareceo.com\/#\/schema\/logo\/image\/\",\"url\":\"https:\/\/sorareceo.com\/wp-content\/uploads\/2025\/08\/new-logo.webp\",\"contentUrl\":\"https:\/\/sorareceo.com\/wp-content\/uploads\/2025\/08\/new-logo.webp\",\"width\":500,\"height\":150,\"caption\":\"SorareCEO - Your Place for Sorare Strategies &amp; Tips\"},\"image\":{\"@id\":\"https:\/\/sorareceo.com\/#\/schema\/logo\/image\/\"}}]}<\/script>\n<!-- \/ Yoast SEO plugin. -->","yoast_head_json":{"title":"SorareCEO.com \u2013 a megb\u00edzhat\u00f3 \u00fatmutat\u00f3d a Sorare-hez","description":"A SorareCEO a megb\u00edzhat\u00f3 forr\u00e1sod \u00fatmutat\u00f3khoz, oktat\u00f3anyagokhoz, tippekhez, strat\u00e9gi\u00e1khoz \u00e9s h\u00edrekhez a Sorare-r\u0151l. V\u00e1lj jobb j\u00e1t\u00e9koss\u00e1 velem egy\u00fctt.","robots":{"index":"index","follow":"follow","max-snippet":"max-snippet:-1","max-image-preview":"max-image-preview:large","max-video-preview":"max-video-preview:-1"},"canonical":"https:\/\/sorareceo.com\/hu\/","og_locale":"hu_HU","og_type":"article","og_title":"SorareCEO.com \u2013 a megb\u00edzhat\u00f3 \u00fatmutat\u00f3d a Sorare-hez","og_description":"A SorareCEO a megb\u00edzhat\u00f3 forr\u00e1sod \u00fatmutat\u00f3khoz, oktat\u00f3anyagokhoz, tippekhez, strat\u00e9gi\u00e1khoz \u00e9s h\u00edrekhez a Sorare-r\u0151l. V\u00e1lj jobb j\u00e1t\u00e9koss\u00e1 velem egy\u00fctt.","og_url":"https:\/\/sorareceo.com\/hu\/","og_site_name":"SorareCEO - Your Place for Sorare Strategies &amp; Tips","article_modified_time":"2025-08-27T17:20:16+00:00","og_image":[{"width":100,"height":100,"url":"https:\/\/sorareceo.com\/wp-content\/uploads\/2025\/08\/icon.webp","type":"image\/webp"}],"twitter_card":"summary_large_image","twitter_misc":{"Becs\u00fclt olvas\u00e1si id\u0151":"2 perc"},"schema":{"@context":"https:\/\/schema.org","@graph":[{"@type":"WebPage","@id":"https:\/\/sorareceo.com\/hu\/","url":"https:\/\/sorareceo.com\/hu\/","name":"SorareCEO.com \u2013 a megb\u00edzhat\u00f3 \u00fatmutat\u00f3d a Sorare-hez","isPartOf":{"@id":"https:\/\/sorareceo.com\/#website"},"primaryImageOfPage":{"@id":"https:\/\/sorareceo.com\/hu\/#primaryimage"},"image":{"@id":"https:\/\/sorareceo.com\/hu\/#primaryimage"},"thumbnailUrl":"https:\/\/sorareceo.com\/wp-content\/uploads\/2025\/08\/icon.webp","datePublished":"2025-01-04T00:18:52+00:00","dateModified":"2025-08-27T17:20:16+00:00","description":"A SorareCEO a megb\u00edzhat\u00f3 forr\u00e1sod \u00fatmutat\u00f3khoz, oktat\u00f3anyagokhoz, tippekhez, strat\u00e9gi\u00e1khoz \u00e9s h\u00edrekhez a Sorare-r\u0151l. V\u00e1lj jobb j\u00e1t\u00e9koss\u00e1 velem egy\u00fctt.","breadcrumb":{"@id":"https:\/\/sorareceo.com\/hu\/#breadcrumb"},"inLanguage":"hu","potentialAction":[{"@type":"ReadAction","target":["https:\/\/sorareceo.com\/hu\/"]}]},{"@type":"ImageObject","inLanguage":"hu","@id":"https:\/\/sorareceo.com\/hu\/#primaryimage","url":"https:\/\/sorareceo.com\/wp-content\/uploads\/2025\/08\/icon.webp","contentUrl":"https:\/\/sorareceo.com\/wp-content\/uploads\/2025\/08\/icon.webp","width":100,"height":100},{"@type":"BreadcrumbList","@id":"https:\/\/sorareceo.com\/hu\/#breadcrumb","itemListElement":[{"@type":"ListItem","position":1,"name":"Home","item":"https:\/\/sorareceo.com\/hu\/"},{"@type":"ListItem","position":2,"name":"SorareCEO.com \u2013 a megb\u00edzhat\u00f3 \u00fatmutat\u00f3d a Sorare-hez"}]},{"@type":"WebSite","@id":"https:\/\/sorareceo.com\/#website","url":"https:\/\/sorareceo.com\/","name":"SorareCEO - Your Place for Sorare Strategies &amp; Tips","description":"The best place for up-to-date Sorare strategies, guides &amp; tips.","publisher":{"@id":"https:\/\/sorareceo.com\/#organization"},"potentialAction":[{"@type":"SearchAction","target":{"@type":"EntryPoint","urlTemplate":"https:\/\/sorareceo.com\/?s={search_term_string}"},"query-input":{"@type":"PropertyValueSpecification","valueRequired":true,"valueName":"search_term_string"}}],"inLanguage":"hu"},{"@type":"Organization","@id":"https:\/\/sorareceo.com\/#organization","name":"SorareCEO - Your Place for Sorare Strategies &amp; Tips","url":"https:\/\/sorareceo.com\/","logo":{"@type":"ImageObject","inLanguage":"hu","@id":"https:\/\/sorareceo.com\/#\/schema\/logo\/image\/","url":"https:\/\/sorareceo.com\/wp-content\/uploads\/2025\/08\/new-logo.webp","contentUrl":"https:\/\/sorareceo.com\/wp-content\/uploads\/2025\/08\/new-logo.webp","width":500,"height":150,"caption":"SorareCEO - Your Place for Sorare Strategies &amp; Tips"},"image":{"@id":"https:\/\/sorareceo.com\/#\/schema\/logo\/image\/"}}]}},"_links":{"self":[{"href":"https:\/\/sorareceo.com\/hu\/wp-json\/wp\/v2\/pages\/36594","targetHints":{"allow":["GET"]}}],"collection":[{"href":"https:\/\/sorareceo.com\/hu\/wp-json\/wp\/v2\/pages"}],"about":[{"href":"https:\/\/sorareceo.com\/hu\/wp-json\/wp\/v2\/types\/page"}],"author":[{"embeddable":true,"href":"https:\/\/sorareceo.com\/hu\/wp-json\/wp\/v2\/users\/1"}],"replies":[{"embeddable":true,"href":"https:\/\/sorareceo.com\/hu\/wp-json\/wp\/v2\/comments?post=36594"}],"version-history":[{"count":3,"href":"https:\/\/sorareceo.com\/hu\/wp-json\/wp\/v2\/pages\/36594\/revisions"}],"predecessor-version":[{"id":37813,"href":"https:\/\/sorareceo.com\/hu\/wp-json\/wp\/v2\/pages\/36594\/revisions\/37813"}],"wp:featuredmedia":[{"embeddable":true,"href":"https:\/\/sorareceo.com\/hu\/wp-json\/wp\/v2\/media\/34300"}],"wp:attachment":[{"href":"https:\/\/sorareceo.com\/hu\/wp-json\/wp\/v2\/media?parent=36594"}],"curies":[{"name":"wp","href":"https:\/\/api.w.org\/{rel}","templated":true}]}}