{"id":37761,"date":"2022-10-21T00:49:42","date_gmt":"2022-10-21T00:49:42","guid":{"rendered":"https:\/\/sorareceo.com\/sorare-sign-up-offer\/"},"modified":"2025-08-26T23:02:59","modified_gmt":"2025-08-26T23:02:59","slug":"ponuda-za-registraciju-sorare","status":"publish","type":"page","link":"https:\/\/sorareceo.com\/hr\/ponuda-za-registraciju-sorare\/","title":{"rendered":"Ponuda za registraciju u Sorare [150 USD na kartice u 2025.]"},"content":{"rendered":"\n<p>Iako je registracija na Sorare potpuno besplatna i brza, mnogi jo\u0161 uvijek ne znaju za Sorare bonus dobrodo\u0161lice koji ti osigurava prednost nad ve\u0107inom novih menad\u017eera.<\/p>\n\n\n\n<p>Budu\u0107i da je SorareCEO.com certificirani partnerski affiliate igre, ekskluzivni Sorare bonus dobrodo\u0161lice koji nudimo na\u0161im \u010ditateljima najbolja je ponuda na tr\u017ei\u0161tu \u2013 sada daje \u010dak 150 $ kredita za kupovinu kartica!<\/p>\n\n\n\n<p>Nastavi \u010ditati kako bi saznao kako ga aktivirati \u2013 i po\u010dni graditi svoju galeriju kartica puno jeftinije nego ostali po\u010detnici.<\/p>\n\n\n\n<h2 class=\"wp-block-heading gb-headline gb-headline-f1a263a9 gb-headline-text\">Vodi\u010d za Sorare bonus dobrodo\u0161lice<\/h2>\n\n\n\n<p>Iskreno bih volio da je Sorare nudio ovakav bonus kada sam ja zapo\u010deo svoje putovanje 2022. godine. Tada sam, kao novi menad\u017eer na platformi, dobio besplatnu Limited karticu vrijednu jedva 2 $. Osim toga, morao sam prethodno kupiti 5 kartica da bih je uop\u0107e dobio!<\/p>\n\n\n<div class=\"gb-container gb-container-86147414 offer-content\"><div class=\"gb-inside-container\">\n<div class=\"gb-grid-wrapper gb-grid-wrapper-1f0ac75f\">\n<div class=\"gb-grid-column gb-grid-column-d0516e33\"><div class=\"gb-container gb-container-d0516e33\"><div class=\"gb-inside-container\">\n\n<p class=\"gb-headline gb-headline-09f7489c gb-headline-text\">PONUDA ZA REGISTRACIJU<\/p>\n\n\n\n<p class=\"gb-headline gb-headline-eeb2c06c gb-headline-text\">Registriraj se na Sorare putem ove ponude i osvoji 150\u202f\u20ac besplatno za kupnju kartica.<\/p>\n\n<\/div><\/div><\/div>\n\n<div class=\"gb-grid-column gb-grid-column-53f5d8fa\"><div class=\"gb-container gb-container-53f5d8fa\"><div class=\"gb-inside-container\">\n\n<div class=\"wp-block-buttons has-border-color is-horizontal is-content-justification-center is-layout-flex wp-container-core-buttons-is-layout-29bd5dc9 wp-block-buttons-is-layout-flex\" style=\"border-color:var(--base-3);border-width:3px;border-radius:12px\">\n<div class=\"wp-block-button has-custom-width wp-block-button__width-100 aligncenter is-style-fill\"><a class=\"wp-block-button__link has-base-3-color has-accent-background-color has-text-color has-background has-custom-font-size wp-element-button\" href=\"https:\/\/sorare.pxf.io\/Nk0GkP\" style=\"border-radius:10px;font-size:22px;font-style:normal;font-weight:1000\" target=\"_blank\" rel=\"noreferrer noopener nofollow\">OSVOJI \u20ac150 SADA<\/a><\/div>\n<\/div>\n\n<\/div><\/div><\/div>\n<\/div>\n<\/div><\/div><div class=\"gb-container gb-container-72194729\">\n\n<figure class=\"gb-block-image gb-block-image-176ca640\"><img loading=\"lazy\" decoding=\"async\" width=\"700\" height=\"350\" class=\"gb-image gb-image-176ca640\" src=\"http:\/\/sorareceo.com\/wp-content\/uploads\/2023\/03\/banner-cards.webp\" alt=\"\" title=\"banner-cards\" srcset=\"https:\/\/sorareceo.com\/wp-content\/uploads\/2023\/03\/banner-cards.webp 700w, https:\/\/sorareceo.com\/wp-content\/uploads\/2023\/03\/banner-cards-300x150.webp 300w\" sizes=\"auto, (max-width: 700px) 100vw, 700px\" \/><\/figure>\n\n\n\n<div class=\"gb-headline gb-headline-d537e29c gb-headline-text\">PONUDA ZA REGISTRACIJU<\/div>\n\n\n\n<div class=\"gb-headline gb-headline-563ddc24 gb-headline-text\">PRIDRU\u017dI SE SORAREU DANAS I OSVOJI 150\u202f\u20ac BESPLATNO ZA KUPNJU KARTICA.<\/div>\n\n\n\n<a class=\"gb-button gb-button-40af701f\" href=\"https:\/\/sorare.pxf.io\/Nk0GkP\" target=\"_blank\" rel=\"nofollow noopener noreferrer\"><span class=\"gb-icon\"><svg xmlns=\"http:\/\/www.w3.org\/2000\/svg\" aria-hidden=\"true\" role=\"img\" height=\"1em\" width=\"1em\" viewbox=\"0 0 448 512\"><path fill=\"currentColor\" d=\"M416 208H272V64c0-17.67-14.33-32-32-32h-32c-17.67 0-32 14.33-32 32v144H32c-17.67 0-32 14.33-32 32v32c0 17.67 14.33 32 32 32h144v144c0 17.67 14.33 32 32 32h32c17.67 0 32-14.33 32-32V304h144c17.67 0 32-14.33 32-32v-32c0-17.67-14.33-32-32-32z\"><\/path><\/svg><\/span><span class=\"gb-button-text\">PRIDRU\u017dI SE OVDJE<\/span><\/a>\n\n<\/div>\n\n\n<p>U usporedbi s tim, sada dobiva\u0161 ponudu koja je 75x bolja. Bonus od 150 $ kredita koji je dostupan mojim \u010ditateljima daleko je najbolja Sorare promocija do sada i presretan sam \u0161to si svega nekoliko klikova od aktivacije!<\/p>\n\n\n<div class=\"gb-container gb-container-8b2e3d1b pro-tip\">\n\n<h3 class=\"wp-block-heading\">\ud83d\udcdd <strong>Uvjeti bonusa:<\/strong><\/h3>\n\n\n\n<ul class=\"wp-block-list\">\n<li><strong>Iznos:<\/strong> 150 $ (ili \u00a3, ili \u20ac) kredita za tr\u017ei\u0161te koje mo\u017ee\u0161 potro\u0161iti na kartice<\/li>\n\n\n\n<li><strong>Rok trajanja:<\/strong> 12 mjeseci<\/li>\n\n\n\n<li><strong>Uvjeti:<\/strong> Krediti funkcioniraju kao 50% popusta na kupovine na Primarnom Tr\u017ei\u0161tu. Ako kupuje\u0161 karticu za 20 $, pla\u0107a\u0161 samo 10 $. Ako je cijena 100 $, pla\u0107a\u0161 50 $, i tako dalje. Mo\u017ee\u0161 odmah iskoristiti svih 150 $ na jednu kupovinu ili rasporediti popuste kroz vi\u0161e transakcija.<\/li>\n<\/ul>\n\n<\/div>\n\n\n<p>Sada kada zna\u0161 kako ova ponuda funkcionira, krenimo na korake aktivacije.<\/p>\n\n\n\n<h3 class=\"wp-block-heading\">Korak 1: Iskoristi partnerski link<\/h3>\n\n\n\n<p>Da bi dobio 150 $ kredita, mora\u0161 se registrirati preko mog Sorare partnerskog linka. Time si ne samo daje\u0161 ogromnu prednost u igri nego i podr\u017eava\u0161 moj rad (hvala unaprijed! \ud83d\ude42 ).<\/p>\n\n\n\n<p>Za po\u010detak, <a href=\"https:\/\/sorare.pxf.io\/Nk0GkP\" target=\"_blank\" rel=\"noreferrer noopener nofollow\">klikni ovdje<\/a>.<\/p>\n\n\n\n<h3 class=\"wp-block-heading\">Korak 2: Odaberi svoje menad\u017eersko ime<\/h3>\n\n\n\n<figure class=\"wp-block-image size-large\"><img loading=\"lazy\" decoding=\"async\" width=\"1024\" height=\"445\" src=\"http:\/\/sorareceo.com\/wp-content\/uploads\/2025\/08\/offer-claim-screenshot-1024x445.webp\" alt=\"\" class=\"wp-image-31443\" srcset=\"https:\/\/sorareceo.com\/wp-content\/uploads\/2025\/08\/offer-claim-screenshot-1024x445.webp 1024w, https:\/\/sorareceo.com\/wp-content\/uploads\/2025\/08\/offer-claim-screenshot-300x130.webp 300w, https:\/\/sorareceo.com\/wp-content\/uploads\/2025\/08\/offer-claim-screenshot-768x334.webp 768w, https:\/\/sorareceo.com\/wp-content\/uploads\/2025\/08\/offer-claim-screenshot-1536x668.webp 1536w, https:\/\/sorareceo.com\/wp-content\/uploads\/2025\/08\/offer-claim-screenshot-2048x890.webp 2048w\" sizes=\"auto, (max-width: 1024px) 100vw, 1024px\" \/><\/figure>\n\n\n\n<p>Kada klikne\u0161 na link, otvorit \u0107e ti se stranica sli\u010dna onoj gore. Tu odabire\u0161 svoje <strong>menad\u017eersko ime<\/strong> \u2013 ime koje \u0107e se pojavljivati na ljestvicama i u budu\u0107im pregovorima o razmjeni kartica.<\/p>\n\n\n\n<p>Ne razbijaj previ\u0161e glavu oko imena! Uvijek ga mo\u017ee\u0161 promijeniti kasnije ako smisli\u0161 ne\u0161to bolje.<\/p>\n\n\n\n<h3 class=\"wp-block-heading\">Korak 3: Odaberi na\u010din registracije<\/h3>\n\n\n\n<figure class=\"wp-block-image size-large\"><img loading=\"lazy\" decoding=\"async\" width=\"1024\" height=\"436\" src=\"http:\/\/sorareceo.com\/wp-content\/uploads\/2025\/07\/sorare-start-screenshot-email-1024x436.webp\" alt=\"\" class=\"wp-image-31185\" srcset=\"https:\/\/sorareceo.com\/wp-content\/uploads\/2025\/07\/sorare-start-screenshot-email-1024x436.webp 1024w, https:\/\/sorareceo.com\/wp-content\/uploads\/2025\/07\/sorare-start-screenshot-email-300x128.webp 300w, https:\/\/sorareceo.com\/wp-content\/uploads\/2025\/07\/sorare-start-screenshot-email-768x327.webp 768w, https:\/\/sorareceo.com\/wp-content\/uploads\/2025\/07\/sorare-start-screenshot-email-1536x654.webp 1536w, https:\/\/sorareceo.com\/wp-content\/uploads\/2025\/07\/sorare-start-screenshot-email-2048x872.webp 2048w\" sizes=\"auto, (max-width: 1024px) 100vw, 1024px\" \/><\/figure>\n\n\n\n<p>Ako je odabrano ime dostupno, prelazi\u0161 na sljede\u0107i korak. Ovdje treba\u0161:<\/p>\n\n\n\n<ul class=\"wp-block-list\">\n<li>Potvrditi da ima\u0161 barem 16 godina (minimalna dob za igranje Sorare-a)<\/li>\n\n\n\n<li>Prihvatiti Uvjete kori\u0161tenja i Politiku privatnosti<\/li>\n\n\n\n<li>Odabrati metodu registracije: email, Google ili Apple<\/li>\n<\/ul>\n\n\n\n<p class=\"pro-tip\">\ud83d\udca1 <strong>PRO TIP:<\/strong> Ve\u0107 si se registrirao bez da si iskoristio moj bonus dobrodo\u0161lice? Bez brige \u2013 jo\u0161 uvijek ga mo\u017ee\u0161 dobiti! Ako jo\u0161 nisi kupio nijednu karticu, registriraj se ponovno koriste\u0107i drugu email adresu i dobit \u0107e\u0161 isti bonus od 150 $ kao i svi SorareCEO \u010ditatelji.<\/p>\n\n\n\n<p>Na kraju, ne zaboravi kreirati sna\u017enu lozinku. To \u0107e ti biti klju\u010d za pristup Sorare ra\u010dunu i tr\u017ei\u0161tu.<\/p>\n\n\n\n<h2 class=\"wp-block-heading\">Postoji li bolji Sorare bonus dobrodo\u0161lice?<\/h2>\n\n\n\n<p>U trenutku pisanja ovog teksta, s ponosom mogu re\u0107i da je bonus predstavljen u ovom \u010dlanku najbolji koji postoji za nove korisnike. Nijedan drugi partner igre ne nudi vi\u0161e od 150 $ kredita!<\/p>\n\n\n\n<p>Na\u017ealost, postoje i stranice koje poku\u0161avaju zavarati ljude obe\u0107anjima o besplatnim Rare, Super Rare ili \u010dak Unique karticama kao bonusima dobrodo\u0161lice. To su samo neeti\u010dne taktike da te natjeraju da se registrira\u0161 preko njihovih affiliate linkova.<\/p>\n\n\n\n<p>Ako se u budu\u0107nosti pojavi nova Sorare promocija, moji \u010ditatelji \u0107e prvi doznati.<\/p>\n\n\n\n<h2 class=\"wp-block-heading\">Vi\u0161e o igri<\/h2>\n\n\n\n<p>Sorare je pokrenut 2019. godine, a stvorili su ga francuski in\u017eenjeri Nicolas Julia i Adrien Montfort, zaljubljenici u nogomet i tehnologiju. Od tada Sorare je izrastao u jednu od vode\u0107ih fantasy sportskih platformi u svijetu.<\/p>\n\n\n\n<p>Nije slu\u010dajnost da je Sorare postao globalni hit. Model koji spaja slu\u017ebeno licencirane digitalne kartice, stvarne sportske performanse i vrijedne nagrade osvojio je korisnike diljem svijeta. Poznati sporta\u0161i poput Kyliana Mbapp\u00e9a i teniske legende Serene Williams \u010dak su investirali u projekt.<\/p>\n\n\n\n<p>Ono \u0161to Sorare \u010dini posebnim jest da svaka kartica koju posjeduje\u0161 predstavlja pravi digitalni resurs. Platforma transparentno prati vlasni\u0161tvo, a ti svoje kartice mo\u017ee\u0161 koristiti u natjecanjima, \u010duvati kao kolekcionarske primjerke ili ih prodati na tr\u017ei\u0161tu. Tvoja strategija, tvoj izbor.<\/p>\n\n\n\n<figure class=\"wp-block-image gb-block-image gb-block-image-dbe1eb87\"><img decoding=\"async\" src=\"https:\/\/www.sorareceo.com\/wp-content\/uploads\/2022\/12\/logo-sorare.png\" alt=\"Sorare logo\" title=\"logo-sorare\"\/><\/figure>\n\n\n\n<p>Nove kartice mo\u017ee\u0161 dobiti na dva na\u010dina: kupovinom na Sorare tr\u017ei\u0161tu ili osvajanjem u turnirima. Kada skupi\u0161 nekoliko kartica u svojoj galeriji, mo\u017ee\u0161 po\u010deti slagati mom\u010dadi i ulaziti u tjedna natjecanja.<\/p>\n\n\n\n<p>Novi menad\u017eeri zapo\u010dinju s besplatnim Common karticama koje im omogu\u0107uju da isprobaju igru bez ikakvog ulaganja. Ali, ako \u017eeli\u0161 osvajati ozbiljne nagrade i penjati se na ljestvicama, trebat \u0107e\u0161 nabaviti rje\u0111e kartice \u2013 Limited, Rare, Super Rare ili Unique \u2013 kako bi otklju\u010dao pristup ja\u010dim turnirima.<\/p>\n\n\n\n<p>Glavni izazov je jednostavan: slo\u017ei svoju najja\u010du petorku i nadma\u0161i druge menad\u017eere na temelju statistike stvarnih utakmica. \u0160to tvoji igra\u010di igraju bolje, to vi\u0161e fantasy bodova skuplja\u0161. Ti bodovi vode prema novim karticama, nov\u010danim nagradama i globalnom presti\u017eu.<\/p>\n\n\n\n<p>Ako \u017eeli\u0161 izbje\u0107i tipi\u010dne po\u010detni\u010dke gre\u0161ke i br\u017ee napredovati od drugih, pro\u010ditaj moj vodi\u010d za po\u010detnike o <a href=\"https:\/\/sorareceo.com\/hr\/sorare-udzbenik\/\" target=\"_blank\" rel=\"noreferrer noopener\">kako igrati Sorare<\/a>.<\/p>\n\n\n\n<p class=\"pro-tip\">Ako nai\u0111e\u0161 na probleme s preuzimanjem svog Sorare bonusa dobrodo\u0161lice, slobodno me kontaktiraj na Twitteru <em>@SorareCEOx<\/em> ili po\u0161alji <a href=\"mailto:contact@sorareceo.com\" target=\"_blank\" rel=\"noreferrer noopener nofollow\">email<\/a>.<\/p>\n","protected":false},"excerpt":{"rendered":"<p>Iako je registracija na Sorare potpuno besplatna i brza, mnogi jo\u0161 uvijek ne znaju za Sorare bonus dobrodo\u0161lice koji ti osigurava prednost nad ve\u0107inom novih menad\u017eera. Budu\u0107i da je SorareCEO.com certificirani partnerski affiliate igre, ekskluzivni Sorare bonus dobrodo\u0161lice koji nudimo na\u0161im \u010ditateljima najbolja je ponuda na tr\u017ei\u0161tu \u2013 sada daje \u010dak 150 $ kredita za &#8230; <a title=\"Ponuda za registraciju u Sorare [150 USD na kartice u 2025.]\" class=\"read-more\" href=\"https:\/\/sorareceo.com\/hr\/ponuda-za-registraciju-sorare\/\" aria-label=\"Read more about Ponuda za registraciju u Sorare [150 USD na kartice u 2025.]\">Pro\u010ditaj vi\u0161e<\/a><\/p>\n","protected":false},"author":1,"featured_media":34401,"parent":0,"menu_order":0,"comment_status":"closed","ping_status":"closed","template":"","meta":{"footnotes":""},"class_list":["post-37761","page","type-page","status-publish","has-post-thumbnail"],"yoast_head":"<!-- This site is optimized with the Yoast SEO plugin v26.6 - https:\/\/yoast.com\/wordpress\/plugins\/seo\/ -->\n<title>Ponuda za registraciju u Sorare [150 USD na kartice u 2025.]<\/title>\n<meta name=\"description\" content=\"Ponuda za registraciju u Sorare za \u010ditatelje moje web stranice sada je besplatna i nudi 150 USD kredita za kupnju novih kartica!\" \/>\n<meta name=\"robots\" content=\"index, follow, max-snippet:-1, max-image-preview:large, max-video-preview:-1\" \/>\n<link rel=\"canonical\" href=\"https:\/\/sorareceo.com\/hr\/ponuda-za-registraciju-sorare\/\" \/>\n<meta property=\"og:locale\" content=\"hr_HR\" \/>\n<meta property=\"og:type\" content=\"article\" \/>\n<meta property=\"og:title\" content=\"Ponuda za registraciju u Sorare [150 USD na kartice u 2025.]\" \/>\n<meta property=\"og:description\" content=\"Ponuda za registraciju u Sorare za \u010ditatelje moje web stranice sada je besplatna i nudi 150 USD kredita za kupnju novih kartica!\" \/>\n<meta property=\"og:url\" content=\"https:\/\/sorareceo.com\/hr\/ponuda-za-registraciju-sorare\/\" \/>\n<meta property=\"og:site_name\" content=\"SorareCEO - Your Place for Sorare Strategies &amp; Tips\" \/>\n<meta property=\"article:modified_time\" content=\"2025-08-26T23:02:59+00:00\" \/>\n<meta property=\"og:image\" content=\"https:\/\/sorareceo.com\/wp-content\/uploads\/2025\/08\/sorare-sign-up-offer-featured.webp\" \/>\n\t<meta property=\"og:image:width\" content=\"966\" \/>\n\t<meta property=\"og:image:height\" content=\"692\" \/>\n\t<meta property=\"og:image:type\" content=\"image\/webp\" \/>\n<meta name=\"twitter:card\" content=\"summary_large_image\" \/>\n<meta name=\"twitter:label1\" content=\"Procijenjeno vrijeme \u010ditanja\" \/>\n\t<meta name=\"twitter:data1\" content=\"5 minuta\" \/>\n<script type=\"application\/ld+json\" class=\"yoast-schema-graph\">{\"@context\":\"https:\/\/schema.org\",\"@graph\":[{\"@type\":\"WebPage\",\"@id\":\"https:\/\/sorareceo.com\/hr\/ponuda-za-registraciju-sorare\/\",\"url\":\"https:\/\/sorareceo.com\/hr\/ponuda-za-registraciju-sorare\/\",\"name\":\"Ponuda za registraciju u Sorare [150 USD na kartice u 2025.]\",\"isPartOf\":{\"@id\":\"https:\/\/sorareceo.com\/#website\"},\"primaryImageOfPage\":{\"@id\":\"https:\/\/sorareceo.com\/hr\/ponuda-za-registraciju-sorare\/#primaryimage\"},\"image\":{\"@id\":\"https:\/\/sorareceo.com\/hr\/ponuda-za-registraciju-sorare\/#primaryimage\"},\"thumbnailUrl\":\"https:\/\/sorareceo.com\/wp-content\/uploads\/2025\/08\/sorare-sign-up-offer-featured.webp\",\"datePublished\":\"2022-10-21T00:49:42+00:00\",\"dateModified\":\"2025-08-26T23:02:59+00:00\",\"description\":\"Ponuda za registraciju u Sorare za \u010ditatelje moje web stranice sada je besplatna i nudi 150 USD kredita za kupnju novih kartica!\",\"breadcrumb\":{\"@id\":\"https:\/\/sorareceo.com\/hr\/ponuda-za-registraciju-sorare\/#breadcrumb\"},\"inLanguage\":\"hr\",\"potentialAction\":[{\"@type\":\"ReadAction\",\"target\":[\"https:\/\/sorareceo.com\/hr\/ponuda-za-registraciju-sorare\/\"]}]},{\"@type\":\"ImageObject\",\"inLanguage\":\"hr\",\"@id\":\"https:\/\/sorareceo.com\/hr\/ponuda-za-registraciju-sorare\/#primaryimage\",\"url\":\"https:\/\/sorareceo.com\/wp-content\/uploads\/2025\/08\/sorare-sign-up-offer-featured.webp\",\"contentUrl\":\"https:\/\/sorareceo.com\/wp-content\/uploads\/2025\/08\/sorare-sign-up-offer-featured.webp\",\"width\":966,\"height\":692,\"caption\":\"Sorare sign-up offer - featured image\"},{\"@type\":\"BreadcrumbList\",\"@id\":\"https:\/\/sorareceo.com\/hr\/ponuda-za-registraciju-sorare\/#breadcrumb\",\"itemListElement\":[{\"@type\":\"ListItem\",\"position\":1,\"name\":\"Home\",\"item\":\"https:\/\/sorareceo.com\/hr\/\"},{\"@type\":\"ListItem\",\"position\":2,\"name\":\"Ponuda za registraciju u Sorare [150 USD na kartice u 2025.]\"}]},{\"@type\":\"WebSite\",\"@id\":\"https:\/\/sorareceo.com\/#website\",\"url\":\"https:\/\/sorareceo.com\/\",\"name\":\"SorareCEO - Your Place for Sorare Strategies &amp; Tips\",\"description\":\"The best place for up-to-date Sorare strategies, guides &amp; tips.\",\"publisher\":{\"@id\":\"https:\/\/sorareceo.com\/#organization\"},\"potentialAction\":[{\"@type\":\"SearchAction\",\"target\":{\"@type\":\"EntryPoint\",\"urlTemplate\":\"https:\/\/sorareceo.com\/?s={search_term_string}\"},\"query-input\":{\"@type\":\"PropertyValueSpecification\",\"valueRequired\":true,\"valueName\":\"search_term_string\"}}],\"inLanguage\":\"hr\"},{\"@type\":\"Organization\",\"@id\":\"https:\/\/sorareceo.com\/#organization\",\"name\":\"SorareCEO - Your Place for Sorare Strategies &amp; Tips\",\"url\":\"https:\/\/sorareceo.com\/\",\"logo\":{\"@type\":\"ImageObject\",\"inLanguage\":\"hr\",\"@id\":\"https:\/\/sorareceo.com\/#\/schema\/logo\/image\/\",\"url\":\"https:\/\/sorareceo.com\/wp-content\/uploads\/2025\/08\/new-logo.webp\",\"contentUrl\":\"https:\/\/sorareceo.com\/wp-content\/uploads\/2025\/08\/new-logo.webp\",\"width\":500,\"height\":150,\"caption\":\"SorareCEO - Your Place for Sorare Strategies &amp; Tips\"},\"image\":{\"@id\":\"https:\/\/sorareceo.com\/#\/schema\/logo\/image\/\"}}]}<\/script>\n<!-- \/ Yoast SEO plugin. -->","yoast_head_json":{"title":"Ponuda za registraciju u Sorare [150 USD na kartice u 2025.]","description":"Ponuda za registraciju u Sorare za \u010ditatelje moje web stranice sada je besplatna i nudi 150 USD kredita za kupnju novih kartica!","robots":{"index":"index","follow":"follow","max-snippet":"max-snippet:-1","max-image-preview":"max-image-preview:large","max-video-preview":"max-video-preview:-1"},"canonical":"https:\/\/sorareceo.com\/hr\/ponuda-za-registraciju-sorare\/","og_locale":"hr_HR","og_type":"article","og_title":"Ponuda za registraciju u Sorare [150 USD na kartice u 2025.]","og_description":"Ponuda za registraciju u Sorare za \u010ditatelje moje web stranice sada je besplatna i nudi 150 USD kredita za kupnju novih kartica!","og_url":"https:\/\/sorareceo.com\/hr\/ponuda-za-registraciju-sorare\/","og_site_name":"SorareCEO - Your Place for Sorare Strategies &amp; Tips","article_modified_time":"2025-08-26T23:02:59+00:00","og_image":[{"width":966,"height":692,"url":"https:\/\/sorareceo.com\/wp-content\/uploads\/2025\/08\/sorare-sign-up-offer-featured.webp","type":"image\/webp"}],"twitter_card":"summary_large_image","twitter_misc":{"Procijenjeno vrijeme \u010ditanja":"5 minuta"},"schema":{"@context":"https:\/\/schema.org","@graph":[{"@type":"WebPage","@id":"https:\/\/sorareceo.com\/hr\/ponuda-za-registraciju-sorare\/","url":"https:\/\/sorareceo.com\/hr\/ponuda-za-registraciju-sorare\/","name":"Ponuda za registraciju u Sorare [150 USD na kartice u 2025.]","isPartOf":{"@id":"https:\/\/sorareceo.com\/#website"},"primaryImageOfPage":{"@id":"https:\/\/sorareceo.com\/hr\/ponuda-za-registraciju-sorare\/#primaryimage"},"image":{"@id":"https:\/\/sorareceo.com\/hr\/ponuda-za-registraciju-sorare\/#primaryimage"},"thumbnailUrl":"https:\/\/sorareceo.com\/wp-content\/uploads\/2025\/08\/sorare-sign-up-offer-featured.webp","datePublished":"2022-10-21T00:49:42+00:00","dateModified":"2025-08-26T23:02:59+00:00","description":"Ponuda za registraciju u Sorare za \u010ditatelje moje web stranice sada je besplatna i nudi 150 USD kredita za kupnju novih kartica!","breadcrumb":{"@id":"https:\/\/sorareceo.com\/hr\/ponuda-za-registraciju-sorare\/#breadcrumb"},"inLanguage":"hr","potentialAction":[{"@type":"ReadAction","target":["https:\/\/sorareceo.com\/hr\/ponuda-za-registraciju-sorare\/"]}]},{"@type":"ImageObject","inLanguage":"hr","@id":"https:\/\/sorareceo.com\/hr\/ponuda-za-registraciju-sorare\/#primaryimage","url":"https:\/\/sorareceo.com\/wp-content\/uploads\/2025\/08\/sorare-sign-up-offer-featured.webp","contentUrl":"https:\/\/sorareceo.com\/wp-content\/uploads\/2025\/08\/sorare-sign-up-offer-featured.webp","width":966,"height":692,"caption":"Sorare sign-up offer - featured image"},{"@type":"BreadcrumbList","@id":"https:\/\/sorareceo.com\/hr\/ponuda-za-registraciju-sorare\/#breadcrumb","itemListElement":[{"@type":"ListItem","position":1,"name":"Home","item":"https:\/\/sorareceo.com\/hr\/"},{"@type":"ListItem","position":2,"name":"Ponuda za registraciju u Sorare [150 USD na kartice u 2025.]"}]},{"@type":"WebSite","@id":"https:\/\/sorareceo.com\/#website","url":"https:\/\/sorareceo.com\/","name":"SorareCEO - Your Place for Sorare Strategies &amp; Tips","description":"The best place for up-to-date Sorare strategies, guides &amp; tips.","publisher":{"@id":"https:\/\/sorareceo.com\/#organization"},"potentialAction":[{"@type":"SearchAction","target":{"@type":"EntryPoint","urlTemplate":"https:\/\/sorareceo.com\/?s={search_term_string}"},"query-input":{"@type":"PropertyValueSpecification","valueRequired":true,"valueName":"search_term_string"}}],"inLanguage":"hr"},{"@type":"Organization","@id":"https:\/\/sorareceo.com\/#organization","name":"SorareCEO - Your Place for Sorare Strategies &amp; Tips","url":"https:\/\/sorareceo.com\/","logo":{"@type":"ImageObject","inLanguage":"hr","@id":"https:\/\/sorareceo.com\/#\/schema\/logo\/image\/","url":"https:\/\/sorareceo.com\/wp-content\/uploads\/2025\/08\/new-logo.webp","contentUrl":"https:\/\/sorareceo.com\/wp-content\/uploads\/2025\/08\/new-logo.webp","width":500,"height":150,"caption":"SorareCEO - Your Place for Sorare Strategies &amp; Tips"},"image":{"@id":"https:\/\/sorareceo.com\/#\/schema\/logo\/image\/"}}]}},"_links":{"self":[{"href":"https:\/\/sorareceo.com\/hr\/wp-json\/wp\/v2\/pages\/37761","targetHints":{"allow":["GET"]}}],"collection":[{"href":"https:\/\/sorareceo.com\/hr\/wp-json\/wp\/v2\/pages"}],"about":[{"href":"https:\/\/sorareceo.com\/hr\/wp-json\/wp\/v2\/types\/page"}],"author":[{"embeddable":true,"href":"https:\/\/sorareceo.com\/hr\/wp-json\/wp\/v2\/users\/1"}],"replies":[{"embeddable":true,"href":"https:\/\/sorareceo.com\/hr\/wp-json\/wp\/v2\/comments?post=37761"}],"version-history":[{"count":3,"href":"https:\/\/sorareceo.com\/hr\/wp-json\/wp\/v2\/pages\/37761\/revisions"}],"predecessor-version":[{"id":37770,"href":"https:\/\/sorareceo.com\/hr\/wp-json\/wp\/v2\/pages\/37761\/revisions\/37770"}],"wp:featuredmedia":[{"embeddable":true,"href":"https:\/\/sorareceo.com\/hr\/wp-json\/wp\/v2\/media\/34401"}],"wp:attachment":[{"href":"https:\/\/sorareceo.com\/hr\/wp-json\/wp\/v2\/media?parent=37761"}],"curies":[{"name":"wp","href":"https:\/\/api.w.org\/{rel}","templated":true}]}}