{"id":36578,"date":"2025-01-04T00:18:52","date_gmt":"2025-01-04T00:18:52","guid":{"rendered":"https:\/\/sorareceo.com\/sorareceo-com-tvoj-pouzdani-vodic-za-sorare\/"},"modified":"2025-08-26T23:04:13","modified_gmt":"2025-08-26T23:04:13","slug":"sorareceo-com-tvoj-pouzdani-vodic-za-sorare","status":"publish","type":"page","link":"https:\/\/sorareceo.com\/hr\/","title":{"rendered":"SorareCEO.com \u2013 tvoj pouzdani vodi\u010d za Sorare"},"content":{"rendered":"<div class=\"gb-container gb-container-4f6744a8 alignfull\">\n\n<h2 class=\"gb-headline gb-headline-59c6c384 gb-headline-text\">Dobrodo\u0161ao na SorareCEO<\/h2>\n\n\n\n<h1 class=\"gb-headline gb-headline-499f076a gb-headline-text\">Mjesto za vodi\u010de, tutorijale i strategije za Sorare.<\/h1>\n\n\n\n<a class=\"gb-button gb-button-7411aeb9 gb-button-text\" href=\"https:\/\/sorareceo.com\/hr\/sto-je-sorare\/\" target=\"_blank\" rel=\"noopener noreferrer\">\u0160TO JE SORARE?<\/a>\n\n<\/div>\n\n<div class=\"gb-container gb-container-dff66fc0 alignfull\">\n<div class=\"gb-container gb-container-5ae625cf\">\n<div class=\"gb-container gb-container-7bad8aa5\">\n\n<h2 class=\"gb-headline gb-headline-3639624f gb-headline-text\">Vodi\u010d za po\u010detnike<\/h2>\n\n\n\n<figure class=\"wp-block-image size-full is-resized\"><img loading=\"lazy\" decoding=\"async\" width=\"1000\" height=\"1000\" src=\"http:\/\/sorareceo.com\/wp-content\/uploads\/2025\/08\/guide-homepage.webp\" alt=\"\" class=\"wp-image-35215\" style=\"object-fit:cover;width:300px;height:300px\" srcset=\"https:\/\/sorareceo.com\/wp-content\/uploads\/2025\/08\/guide-homepage.webp 1000w, https:\/\/sorareceo.com\/wp-content\/uploads\/2025\/08\/guide-homepage-300x300.webp 300w, https:\/\/sorareceo.com\/wp-content\/uploads\/2025\/08\/guide-homepage-150x150.webp 150w, https:\/\/sorareceo.com\/wp-content\/uploads\/2025\/08\/guide-homepage-768x768.webp 768w\" sizes=\"auto, (max-width: 1000px) 100vw, 1000px\" \/><\/figure>\n\n\n<div class=\"gb-container gb-container-98b4471b\">\n\n<p class=\"gb-headline gb-headline-44cbcbf8 gb-headline-text\">Novi si u Sorareu? Mo\u017eda \u017eeli\u0161 izbje\u0107i po\u010detni\u010dke pogre\u0161ke i maksimalno pove\u0107ati \u0161anse za dobit \u0161to je ranije mogu\u0107e nakon pridru\u017eivanja. Moj vodi\u010d za po\u010detnike u Sorareu pomo\u0107i \u0107e ti upravo u tome \u2013 i jo\u0161 mnogo vi\u0161e.  <\/p>\n\n\n\n<a class=\"gb-button gb-button-ff8e8a3a gb-button-text\" href=\"https:\/\/sorareceo.com\/hr\/sorare-udzbenik\/\" target=\"_blank\" rel=\"noopener noreferrer\">\u010cITAJ<\/a>\n\n<\/div>\n<\/div>\n<\/div>\n\n<div class=\"gb-container gb-container-5732aabf\">\n<div class=\"gb-container gb-container-84b12203\">\n\n<h2 class=\"gb-headline gb-headline-a59e7235 gb-headline-text\">Recenzija igre<\/h2>\n\n\n\n<figure class=\"wp-block-image size-full is-resized\"><img loading=\"lazy\" decoding=\"async\" width=\"1000\" height=\"1000\" src=\"http:\/\/sorareceo.com\/wp-content\/uploads\/2025\/08\/review-homepage.webp\" alt=\"\" class=\"wp-image-35262\" style=\"object-fit:cover;width:300px;height:300px\" srcset=\"https:\/\/sorareceo.com\/wp-content\/uploads\/2025\/08\/review-homepage.webp 1000w, https:\/\/sorareceo.com\/wp-content\/uploads\/2025\/08\/review-homepage-300x300.webp 300w, https:\/\/sorareceo.com\/wp-content\/uploads\/2025\/08\/review-homepage-150x150.webp 150w, https:\/\/sorareceo.com\/wp-content\/uploads\/2025\/08\/review-homepage-768x768.webp 768w\" sizes=\"auto, (max-width: 1000px) 100vw, 1000px\" \/><\/figure>\n\n\n<div class=\"gb-container gb-container-5d281bbd\">\n\n<p class=\"gb-headline gb-headline-e815eb18 gb-headline-text\">Jo\u0161 se pita\u0161 je li ova igra za tebe? Pro\u010ditaj moju recenziju Sorarea u kojoj \u0107e\u0161 prona\u0107i moje najiskrenije mi\u0161ljenje o proizvodu i kako se razlikuje od drugih fantasy sportskih platformi. Kao i svaka igra, ima svoje prednosti i nedostatke.   <\/p>\n\n\n\n<a class=\"gb-button gb-button-2dee9ba5 gb-button-text\" href=\"#\" target=\"_blank\" rel=\"noopener noreferrer\">\u010cITAJ<\/a>\n\n<\/div>\n<\/div>\n<\/div>\n\n<div class=\"gb-container gb-container-9a12ce94\">\n<div class=\"gb-container gb-container-4a74dada\">\n\n<h2 class=\"gb-headline gb-headline-7b49ca4e gb-headline-text\">Ponuda za registraciju<\/h2>\n\n\n\n<figure class=\"wp-block-image size-full is-resized\"><img loading=\"lazy\" decoding=\"async\" width=\"1000\" height=\"1000\" src=\"http:\/\/sorareceo.com\/wp-content\/uploads\/2025\/08\/sign-up-offer-homepage.webp\" alt=\"\" class=\"wp-image-35309\" style=\"object-fit:cover;width:300px;height:300px\" srcset=\"https:\/\/sorareceo.com\/wp-content\/uploads\/2025\/08\/sign-up-offer-homepage.webp 1000w, https:\/\/sorareceo.com\/wp-content\/uploads\/2025\/08\/sign-up-offer-homepage-300x300.webp 300w, https:\/\/sorareceo.com\/wp-content\/uploads\/2025\/08\/sign-up-offer-homepage-150x150.webp 150w, https:\/\/sorareceo.com\/wp-content\/uploads\/2025\/08\/sign-up-offer-homepage-768x768.webp 768w\" sizes=\"auto, (max-width: 1000px) 100vw, 1000px\" \/><\/figure>\n\n\n<div class=\"gb-container gb-container-9727e384\">\n\n<p class=\"gb-headline gb-headline-e3c72453 gb-headline-text\">Ako si donio (pravu) odluku da se pridru\u017ei\u0161 igri, evo mog poklona za tebe. Postani jedan od \u010ditatelja SorareCEO-a koji dobivaju bonus dobrodo\u0161lice i po\u010detnu prednost nad ostalim menad\u017eerima. Otkrij aktualnu promociju ovdje.   <\/p>\n\n\n\n<a class=\"gb-button gb-button-fc86622e gb-button-text\" href=\"https:\/\/sorareceo.com\/hr\/ponuda-za-registraciju-sorare\/\" target=\"_blank\" rel=\"noopener noreferrer\">\u010cITAJ<\/a>\n\n<\/div>\n<\/div>\n<\/div>\n<\/div>","protected":false},"excerpt":{"rendered":"<p>Dobrodo\u0161ao na SorareCEO Mjesto za vodi\u010de, tutorijale i strategije za Sorare. Vodi\u010d za po\u010detnike Novi si u Sorareu? Mo\u017eda \u017eeli\u0161 izbje\u0107i po\u010detni\u010dke pogre\u0161ke i maksimalno pove\u0107ati \u0161anse za dobit \u0161to je ranije mogu\u0107e nakon pridru\u017eivanja. Moj vodi\u010d za po\u010detnike u Sorareu pomo\u0107i \u0107e ti upravo u tome \u2013 i jo\u0161 mnogo vi\u0161e. Recenzija igre Jo\u0161 &#8230; <a title=\"SorareCEO.com \u2013 tvoj pouzdani vodi\u010d za Sorare\" class=\"read-more\" href=\"https:\/\/sorareceo.com\/hr\/\" aria-label=\"Read more about SorareCEO.com \u2013 tvoj pouzdani vodi\u010d za Sorare\">Pro\u010ditaj vi\u0161e<\/a><\/p>\n","protected":false},"author":1,"featured_media":34290,"parent":0,"menu_order":0,"comment_status":"closed","ping_status":"closed","template":"","meta":{"footnotes":""},"class_list":["post-36578","page","type-page","status-publish","has-post-thumbnail"],"yoast_head":"<!-- This site is optimized with the Yoast SEO plugin v26.6 - https:\/\/yoast.com\/wordpress\/plugins\/seo\/ -->\n<title>SorareCEO.com \u2013 tvoj pouzdani vodi\u010d za Sorare<\/title>\n<meta name=\"description\" content=\"SorareCEO je tvoj pouzdani izvor za vodi\u010de, tutorijale, savjete, strategije i vijesti o Sorareu. Postani dobar u igri sa mnom.\" \/>\n<meta name=\"robots\" content=\"index, follow, max-snippet:-1, max-image-preview:large, max-video-preview:-1\" \/>\n<link rel=\"canonical\" href=\"https:\/\/sorareceo.com\/hr\/\" \/>\n<meta property=\"og:locale\" content=\"hr_HR\" \/>\n<meta property=\"og:type\" content=\"article\" \/>\n<meta property=\"og:title\" content=\"SorareCEO.com \u2013 tvoj pouzdani vodi\u010d za Sorare\" \/>\n<meta property=\"og:description\" content=\"SorareCEO je tvoj pouzdani izvor za vodi\u010de, tutorijale, savjete, strategije i vijesti o Sorareu. Postani dobar u igri sa mnom.\" \/>\n<meta property=\"og:url\" content=\"https:\/\/sorareceo.com\/hr\/\" \/>\n<meta property=\"og:site_name\" content=\"SorareCEO - Your Place for Sorare Strategies &amp; Tips\" \/>\n<meta property=\"article:modified_time\" content=\"2025-08-26T23:04:13+00:00\" \/>\n<meta property=\"og:image\" content=\"https:\/\/sorareceo.com\/wp-content\/uploads\/2025\/08\/icon.webp\" \/>\n\t<meta property=\"og:image:width\" content=\"100\" \/>\n\t<meta property=\"og:image:height\" content=\"100\" \/>\n\t<meta property=\"og:image:type\" content=\"image\/webp\" \/>\n<meta name=\"twitter:card\" content=\"summary_large_image\" \/>\n<meta name=\"twitter:label1\" content=\"Procijenjeno vrijeme \u010ditanja\" \/>\n\t<meta name=\"twitter:data1\" content=\"2 minute\" \/>\n<script type=\"application\/ld+json\" class=\"yoast-schema-graph\">{\"@context\":\"https:\/\/schema.org\",\"@graph\":[{\"@type\":\"WebPage\",\"@id\":\"https:\/\/sorareceo.com\/hr\/\",\"url\":\"https:\/\/sorareceo.com\/hr\/\",\"name\":\"SorareCEO.com \u2013 tvoj pouzdani vodi\u010d za Sorare\",\"isPartOf\":{\"@id\":\"https:\/\/sorareceo.com\/#website\"},\"primaryImageOfPage\":{\"@id\":\"https:\/\/sorareceo.com\/hr\/#primaryimage\"},\"image\":{\"@id\":\"https:\/\/sorareceo.com\/hr\/#primaryimage\"},\"thumbnailUrl\":\"https:\/\/sorareceo.com\/wp-content\/uploads\/2025\/08\/icon.webp\",\"datePublished\":\"2025-01-04T00:18:52+00:00\",\"dateModified\":\"2025-08-26T23:04:13+00:00\",\"description\":\"SorareCEO je tvoj pouzdani izvor za vodi\u010de, tutorijale, savjete, strategije i vijesti o Sorareu. Postani dobar u igri sa mnom.\",\"breadcrumb\":{\"@id\":\"https:\/\/sorareceo.com\/hr\/#breadcrumb\"},\"inLanguage\":\"hr\",\"potentialAction\":[{\"@type\":\"ReadAction\",\"target\":[\"https:\/\/sorareceo.com\/hr\/\"]}]},{\"@type\":\"ImageObject\",\"inLanguage\":\"hr\",\"@id\":\"https:\/\/sorareceo.com\/hr\/#primaryimage\",\"url\":\"https:\/\/sorareceo.com\/wp-content\/uploads\/2025\/08\/icon.webp\",\"contentUrl\":\"https:\/\/sorareceo.com\/wp-content\/uploads\/2025\/08\/icon.webp\",\"width\":100,\"height\":100},{\"@type\":\"BreadcrumbList\",\"@id\":\"https:\/\/sorareceo.com\/hr\/#breadcrumb\",\"itemListElement\":[{\"@type\":\"ListItem\",\"position\":1,\"name\":\"Home\",\"item\":\"https:\/\/sorareceo.com\/hr\/\"},{\"@type\":\"ListItem\",\"position\":2,\"name\":\"SorareCEO.com \u2013 tvoj pouzdani vodi\u010d za Sorare\"}]},{\"@type\":\"WebSite\",\"@id\":\"https:\/\/sorareceo.com\/#website\",\"url\":\"https:\/\/sorareceo.com\/\",\"name\":\"SorareCEO - Your Place for Sorare Strategies &amp; Tips\",\"description\":\"The best place for up-to-date Sorare strategies, guides &amp; tips.\",\"publisher\":{\"@id\":\"https:\/\/sorareceo.com\/#organization\"},\"potentialAction\":[{\"@type\":\"SearchAction\",\"target\":{\"@type\":\"EntryPoint\",\"urlTemplate\":\"https:\/\/sorareceo.com\/?s={search_term_string}\"},\"query-input\":{\"@type\":\"PropertyValueSpecification\",\"valueRequired\":true,\"valueName\":\"search_term_string\"}}],\"inLanguage\":\"hr\"},{\"@type\":\"Organization\",\"@id\":\"https:\/\/sorareceo.com\/#organization\",\"name\":\"SorareCEO - Your Place for Sorare Strategies &amp; Tips\",\"url\":\"https:\/\/sorareceo.com\/\",\"logo\":{\"@type\":\"ImageObject\",\"inLanguage\":\"hr\",\"@id\":\"https:\/\/sorareceo.com\/#\/schema\/logo\/image\/\",\"url\":\"https:\/\/sorareceo.com\/wp-content\/uploads\/2025\/08\/new-logo.webp\",\"contentUrl\":\"https:\/\/sorareceo.com\/wp-content\/uploads\/2025\/08\/new-logo.webp\",\"width\":500,\"height\":150,\"caption\":\"SorareCEO - Your Place for Sorare Strategies &amp; Tips\"},\"image\":{\"@id\":\"https:\/\/sorareceo.com\/#\/schema\/logo\/image\/\"}}]}<\/script>\n<!-- \/ Yoast SEO plugin. -->","yoast_head_json":{"title":"SorareCEO.com \u2013 tvoj pouzdani vodi\u010d za Sorare","description":"SorareCEO je tvoj pouzdani izvor za vodi\u010de, tutorijale, savjete, strategije i vijesti o Sorareu. Postani dobar u igri sa mnom.","robots":{"index":"index","follow":"follow","max-snippet":"max-snippet:-1","max-image-preview":"max-image-preview:large","max-video-preview":"max-video-preview:-1"},"canonical":"https:\/\/sorareceo.com\/hr\/","og_locale":"hr_HR","og_type":"article","og_title":"SorareCEO.com \u2013 tvoj pouzdani vodi\u010d za Sorare","og_description":"SorareCEO je tvoj pouzdani izvor za vodi\u010de, tutorijale, savjete, strategije i vijesti o Sorareu. Postani dobar u igri sa mnom.","og_url":"https:\/\/sorareceo.com\/hr\/","og_site_name":"SorareCEO - Your Place for Sorare Strategies &amp; Tips","article_modified_time":"2025-08-26T23:04:13+00:00","og_image":[{"width":100,"height":100,"url":"https:\/\/sorareceo.com\/wp-content\/uploads\/2025\/08\/icon.webp","type":"image\/webp"}],"twitter_card":"summary_large_image","twitter_misc":{"Procijenjeno vrijeme \u010ditanja":"2 minute"},"schema":{"@context":"https:\/\/schema.org","@graph":[{"@type":"WebPage","@id":"https:\/\/sorareceo.com\/hr\/","url":"https:\/\/sorareceo.com\/hr\/","name":"SorareCEO.com \u2013 tvoj pouzdani vodi\u010d za Sorare","isPartOf":{"@id":"https:\/\/sorareceo.com\/#website"},"primaryImageOfPage":{"@id":"https:\/\/sorareceo.com\/hr\/#primaryimage"},"image":{"@id":"https:\/\/sorareceo.com\/hr\/#primaryimage"},"thumbnailUrl":"https:\/\/sorareceo.com\/wp-content\/uploads\/2025\/08\/icon.webp","datePublished":"2025-01-04T00:18:52+00:00","dateModified":"2025-08-26T23:04:13+00:00","description":"SorareCEO je tvoj pouzdani izvor za vodi\u010de, tutorijale, savjete, strategije i vijesti o Sorareu. Postani dobar u igri sa mnom.","breadcrumb":{"@id":"https:\/\/sorareceo.com\/hr\/#breadcrumb"},"inLanguage":"hr","potentialAction":[{"@type":"ReadAction","target":["https:\/\/sorareceo.com\/hr\/"]}]},{"@type":"ImageObject","inLanguage":"hr","@id":"https:\/\/sorareceo.com\/hr\/#primaryimage","url":"https:\/\/sorareceo.com\/wp-content\/uploads\/2025\/08\/icon.webp","contentUrl":"https:\/\/sorareceo.com\/wp-content\/uploads\/2025\/08\/icon.webp","width":100,"height":100},{"@type":"BreadcrumbList","@id":"https:\/\/sorareceo.com\/hr\/#breadcrumb","itemListElement":[{"@type":"ListItem","position":1,"name":"Home","item":"https:\/\/sorareceo.com\/hr\/"},{"@type":"ListItem","position":2,"name":"SorareCEO.com \u2013 tvoj pouzdani vodi\u010d za Sorare"}]},{"@type":"WebSite","@id":"https:\/\/sorareceo.com\/#website","url":"https:\/\/sorareceo.com\/","name":"SorareCEO - Your Place for Sorare Strategies &amp; Tips","description":"The best place for up-to-date Sorare strategies, guides &amp; tips.","publisher":{"@id":"https:\/\/sorareceo.com\/#organization"},"potentialAction":[{"@type":"SearchAction","target":{"@type":"EntryPoint","urlTemplate":"https:\/\/sorareceo.com\/?s={search_term_string}"},"query-input":{"@type":"PropertyValueSpecification","valueRequired":true,"valueName":"search_term_string"}}],"inLanguage":"hr"},{"@type":"Organization","@id":"https:\/\/sorareceo.com\/#organization","name":"SorareCEO - Your Place for Sorare Strategies &amp; Tips","url":"https:\/\/sorareceo.com\/","logo":{"@type":"ImageObject","inLanguage":"hr","@id":"https:\/\/sorareceo.com\/#\/schema\/logo\/image\/","url":"https:\/\/sorareceo.com\/wp-content\/uploads\/2025\/08\/new-logo.webp","contentUrl":"https:\/\/sorareceo.com\/wp-content\/uploads\/2025\/08\/new-logo.webp","width":500,"height":150,"caption":"SorareCEO - Your Place for Sorare Strategies &amp; Tips"},"image":{"@id":"https:\/\/sorareceo.com\/#\/schema\/logo\/image\/"}}]}},"_links":{"self":[{"href":"https:\/\/sorareceo.com\/hr\/wp-json\/wp\/v2\/pages\/36578","targetHints":{"allow":["GET"]}}],"collection":[{"href":"https:\/\/sorareceo.com\/hr\/wp-json\/wp\/v2\/pages"}],"about":[{"href":"https:\/\/sorareceo.com\/hr\/wp-json\/wp\/v2\/types\/page"}],"author":[{"embeddable":true,"href":"https:\/\/sorareceo.com\/hr\/wp-json\/wp\/v2\/users\/1"}],"replies":[{"embeddable":true,"href":"https:\/\/sorareceo.com\/hr\/wp-json\/wp\/v2\/comments?post=36578"}],"version-history":[{"count":3,"href":"https:\/\/sorareceo.com\/hr\/wp-json\/wp\/v2\/pages\/36578\/revisions"}],"predecessor-version":[{"id":37771,"href":"https:\/\/sorareceo.com\/hr\/wp-json\/wp\/v2\/pages\/36578\/revisions\/37771"}],"wp:featuredmedia":[{"embeddable":true,"href":"https:\/\/sorareceo.com\/hr\/wp-json\/wp\/v2\/media\/34290"}],"wp:attachment":[{"href":"https:\/\/sorareceo.com\/hr\/wp-json\/wp\/v2\/media?parent=36578"}],"curies":[{"name":"wp","href":"https:\/\/api.w.org\/{rel}","templated":true}]}}