{"id":5814,"date":"2022-11-18T00:09:51","date_gmt":"2022-11-18T00:09:51","guid":{"rendered":"https:\/\/www.sorareceo.com\/home\/"},"modified":"2023-02-25T21:15:53","modified_gmt":"2023-02-25T21:15:53","slug":"home","status":"publish","type":"page","link":"https:\/\/sorareceo.com\/fr\/home\/","title":{"rendered":"Home"},"content":{"rendered":"<style>\/*! elementor - v3.9.1 - 14-12-2022 *\/\n.elementor-heading-title{padding:0;margin:0;line-height:1}.elementor-widget-heading .elementor-heading-title[class*=elementor-size-]>a{color:inherit;font-size:inherit;line-height:inherit}.elementor-widget-heading .elementor-heading-title.elementor-size-small{font-size:15px}.elementor-widget-heading .elementor-heading-title.elementor-size-medium{font-size:19px}.elementor-widget-heading .elementor-heading-title.elementor-size-large{font-size:29px}.elementor-widget-heading .elementor-heading-title.elementor-size-xl{font-size:39px}.elementor-widget-heading .elementor-heading-title.elementor-size-xxl{font-size:59px}<\/style>\n<h3>L&rsquo;expert n\u00b01 de Sorare<\/h3>\n<h1>SORARE CEO<\/h1>\n<p>Si vous recherchez des strat\u00e9gies, des conseils et des astuces pour Sorare, ainsi que les derni\u00e8res nouvelles concernant la plus grande plateforme de fantasy football, vous \u00eates au bon endroit.<\/p>\n<p>\t\t\t<a href=\"https:\/\/www.sorareceo.com\/fr\/offre-dinscription-sorare\/\" role=\"button\"><br \/>\n\t\t\t\t\t\tCARTE GRATUITE<br \/>\n\t\t\t\t\t<\/a><br \/>\n\t\t\t<a href=\"https:\/\/www.sorareceo.com\/fr\/tutoriel-sorare\/\" role=\"button\"><br \/>\n\t\t\t\t\t\tGUIDE DU D\u00c9BUTANT<br \/>\n\t\t\t\t\t<\/a><\/p>\n<h3>LAISSEZ-NOUS VOUS AIDER \u00c0 DEVENIR VRAIMENT BON \u00c0 SORARE<\/h3>\n<p>Que vous souhaitiez am\u00e9liorer votre position dans les comp\u00e9titions hebdomadaires (et commencer \u00e0 gagner des r\u00e9compenses), devenir un trader Sorare performant ou simplement vous amuser en jouant au fantasy football (ou \u00e0 la NBA ou \u00e0 la MLB), vous \u00eates au bon endroit.<\/p>\n<style>\/*! elementor - v3.9.1 - 14-12-2022 *\/\n.elementor-widget-image{text-align:center}.elementor-widget-image a{display:inline-block}.elementor-widget-image a img[src$=\".svg\"]{width:48px}.elementor-widget-image img{vertical-align:middle;display:inline-block}<\/style>\n<p>\t\t\t\t\t\t\t\t\t\t\t\t<img decoding=\"async\" src=\"https:\/\/sorare.com\/assets\/legacy.5302204a.png\" title=\"\" alt=\"\" \/>\t\t\t\t\t\t\t\t\t\t\t\t\t\t\t<\/p>\n<style>\/*! elementor - v3.9.1 - 14-12-2022 *\/\n.elementor-counter .elementor-counter-number-wrapper{display:flex;font-size:69px;font-weight:600;line-height:1}.elementor-counter .elementor-counter-number-prefix,.elementor-counter .elementor-counter-number-suffix{flex-grow:1;white-space:pre-wrap}.elementor-counter .elementor-counter-number-prefix{text-align:right}.elementor-counter .elementor-counter-number-suffix{text-align:left}.elementor-counter .elementor-counter-title{text-align:center;font-size:19px;font-weight:400;line-height:2.5}<\/style>\n<p>\t\t\t\t0<br \/>\n\t\t\t\t+<br \/>\n\t\t\t\t\t\t\tGESTIONNAIRES DE SORARE<br \/>\n\t\t\t\t0<br \/>\n\t\t\t\t+<br \/>\n\t\t\t\t\t\t\tComp\u00e9titions hebdomadaires<br \/>\n\t\t\t\t0<br \/>\n\t\t\t\t\t\t\tSORARE CEO<\/p>\n","protected":false},"excerpt":{"rendered":"<p>L&rsquo;expert n\u00b01 de Sorare SORARE CEO Si vous recherchez des strat\u00e9gies, des conseils et des astuces pour Sorare, ainsi que les derni\u00e8res nouvelles concernant la plus grande plateforme de fantasy football, vous \u00eates au bon endroit. CARTE GRATUITE GUIDE DU D\u00c9BUTANT LAISSEZ-NOUS VOUS AIDER \u00c0 DEVENIR VRAIMENT BON \u00c0 SORARE Que vous souhaitiez am\u00e9liorer votre &#8230; <a title=\"Home\" class=\"read-more\" href=\"https:\/\/sorareceo.com\/fr\/home\/\" aria-label=\"En savoir plus sur Home\">Lire plus<\/a><\/p>\n","protected":false},"author":1,"featured_media":0,"parent":0,"menu_order":0,"comment_status":"closed","ping_status":"closed","template":"","meta":{"footnotes":""},"class_list":["post-5814","page","type-page","status-publish"],"yoast_head":"<!-- This site is optimized with the Yoast SEO plugin v26.6 - https:\/\/yoast.com\/wordpress\/plugins\/seo\/ -->\n<title>SorareCEO - Your Place for Sorare Strategies &amp; Tips<\/title>\n<meta name=\"robots\" content=\"index, follow, max-snippet:-1, max-image-preview:large, max-video-preview:-1\" \/>\n<link rel=\"canonical\" href=\"https:\/\/sorareceo.com\/fr\/home\/\" \/>\n<meta property=\"og:locale\" content=\"fr_FR\" \/>\n<meta property=\"og:type\" content=\"article\" \/>\n<meta property=\"og:title\" content=\"SorareCEO - Your Place for Sorare Strategies &amp; Tips\" \/>\n<meta property=\"og:description\" content=\"L&rsquo;expert n\u00b01 de Sorare SORARE CEO Si vous recherchez des strat\u00e9gies, des conseils et des astuces pour Sorare, ainsi que les derni\u00e8res nouvelles concernant la plus grande plateforme de fantasy football, vous \u00eates au bon endroit. CARTE GRATUITE GUIDE DU D\u00c9BUTANT LAISSEZ-NOUS VOUS AIDER \u00c0 DEVENIR VRAIMENT BON \u00c0 SORARE Que vous souhaitiez am\u00e9liorer votre ... Lire plus\" \/>\n<meta property=\"og:url\" content=\"https:\/\/sorareceo.com\/fr\/home\/\" \/>\n<meta property=\"og:site_name\" content=\"SorareCEO - Your Place for Sorare Strategies &amp; Tips\" \/>\n<meta property=\"article:modified_time\" content=\"2023-02-25T21:15:53+00:00\" \/>\n<meta property=\"og:image\" content=\"https:\/\/sorare.com\/assets\/legacy.5302204a.png\" \/>\n<meta name=\"twitter:card\" content=\"summary_large_image\" \/>\n<meta name=\"twitter:label1\" content=\"Dur\u00e9e de lecture estim\u00e9e\" \/>\n\t<meta name=\"twitter:data1\" content=\"1 minute\" \/>\n<script type=\"application\/ld+json\" class=\"yoast-schema-graph\">{\"@context\":\"https:\/\/schema.org\",\"@graph\":[{\"@type\":\"WebPage\",\"@id\":\"https:\/\/sorareceo.com\/fr\/home\/\",\"url\":\"https:\/\/sorareceo.com\/fr\/home\/\",\"name\":\"SorareCEO - Your Place for Sorare Strategies &amp; Tips\",\"isPartOf\":{\"@id\":\"https:\/\/sorareceo.com\/#website\"},\"primaryImageOfPage\":{\"@id\":\"https:\/\/sorareceo.com\/fr\/home\/#primaryimage\"},\"image\":{\"@id\":\"https:\/\/sorareceo.com\/fr\/home\/#primaryimage\"},\"thumbnailUrl\":\"https:\/\/sorare.com\/assets\/legacy.5302204a.png\",\"datePublished\":\"2022-11-18T00:09:51+00:00\",\"dateModified\":\"2023-02-25T21:15:53+00:00\",\"breadcrumb\":{\"@id\":\"https:\/\/sorareceo.com\/fr\/home\/#breadcrumb\"},\"inLanguage\":\"fr-FR\",\"potentialAction\":[{\"@type\":\"ReadAction\",\"target\":[\"https:\/\/sorareceo.com\/fr\/home\/\"]}]},{\"@type\":\"ImageObject\",\"inLanguage\":\"fr-FR\",\"@id\":\"https:\/\/sorareceo.com\/fr\/home\/#primaryimage\",\"url\":\"https:\/\/sorare.com\/assets\/legacy.5302204a.png\",\"contentUrl\":\"https:\/\/sorare.com\/assets\/legacy.5302204a.png\"},{\"@type\":\"BreadcrumbList\",\"@id\":\"https:\/\/sorareceo.com\/fr\/home\/#breadcrumb\",\"itemListElement\":[{\"@type\":\"ListItem\",\"position\":1,\"name\":\"Home\",\"item\":\"https:\/\/sorareceo.com\/fr\/\"},{\"@type\":\"ListItem\",\"position\":2,\"name\":\"Home\"}]},{\"@type\":\"WebSite\",\"@id\":\"https:\/\/sorareceo.com\/#website\",\"url\":\"https:\/\/sorareceo.com\/\",\"name\":\"SorareCEO - Your Place for Sorare Strategies &amp; Tips\",\"description\":\"The best place for up-to-date Sorare strategies, guides &amp; tips.\",\"publisher\":{\"@id\":\"https:\/\/sorareceo.com\/#organization\"},\"potentialAction\":[{\"@type\":\"SearchAction\",\"target\":{\"@type\":\"EntryPoint\",\"urlTemplate\":\"https:\/\/sorareceo.com\/?s={search_term_string}\"},\"query-input\":{\"@type\":\"PropertyValueSpecification\",\"valueRequired\":true,\"valueName\":\"search_term_string\"}}],\"inLanguage\":\"fr-FR\"},{\"@type\":\"Organization\",\"@id\":\"https:\/\/sorareceo.com\/#organization\",\"name\":\"SorareCEO - Your Place for Sorare Strategies &amp; Tips\",\"url\":\"https:\/\/sorareceo.com\/\",\"logo\":{\"@type\":\"ImageObject\",\"inLanguage\":\"fr-FR\",\"@id\":\"https:\/\/sorareceo.com\/#\/schema\/logo\/image\/\",\"url\":\"https:\/\/sorareceo.com\/wp-content\/uploads\/2025\/08\/new-logo.webp\",\"contentUrl\":\"https:\/\/sorareceo.com\/wp-content\/uploads\/2025\/08\/new-logo.webp\",\"width\":500,\"height\":150,\"caption\":\"SorareCEO - Your Place for Sorare Strategies &amp; Tips\"},\"image\":{\"@id\":\"https:\/\/sorareceo.com\/#\/schema\/logo\/image\/\"}}]}<\/script>\n<!-- \/ Yoast SEO plugin. -->","yoast_head_json":{"title":"SorareCEO - Your Place for Sorare Strategies &amp; Tips","robots":{"index":"index","follow":"follow","max-snippet":"max-snippet:-1","max-image-preview":"max-image-preview:large","max-video-preview":"max-video-preview:-1"},"canonical":"https:\/\/sorareceo.com\/fr\/home\/","og_locale":"fr_FR","og_type":"article","og_title":"SorareCEO - Your Place for Sorare Strategies &amp; Tips","og_description":"L&rsquo;expert n\u00b01 de Sorare SORARE CEO Si vous recherchez des strat\u00e9gies, des conseils et des astuces pour Sorare, ainsi que les derni\u00e8res nouvelles concernant la plus grande plateforme de fantasy football, vous \u00eates au bon endroit. CARTE GRATUITE GUIDE DU D\u00c9BUTANT LAISSEZ-NOUS VOUS AIDER \u00c0 DEVENIR VRAIMENT BON \u00c0 SORARE Que vous souhaitiez am\u00e9liorer votre ... Lire plus","og_url":"https:\/\/sorareceo.com\/fr\/home\/","og_site_name":"SorareCEO - Your Place for Sorare Strategies &amp; Tips","article_modified_time":"2023-02-25T21:15:53+00:00","og_image":[{"url":"https:\/\/sorare.com\/assets\/legacy.5302204a.png","type":"","width":"","height":""}],"twitter_card":"summary_large_image","twitter_misc":{"Dur\u00e9e de lecture estim\u00e9e":"1 minute"},"schema":{"@context":"https:\/\/schema.org","@graph":[{"@type":"WebPage","@id":"https:\/\/sorareceo.com\/fr\/home\/","url":"https:\/\/sorareceo.com\/fr\/home\/","name":"SorareCEO - Your Place for Sorare Strategies &amp; Tips","isPartOf":{"@id":"https:\/\/sorareceo.com\/#website"},"primaryImageOfPage":{"@id":"https:\/\/sorareceo.com\/fr\/home\/#primaryimage"},"image":{"@id":"https:\/\/sorareceo.com\/fr\/home\/#primaryimage"},"thumbnailUrl":"https:\/\/sorare.com\/assets\/legacy.5302204a.png","datePublished":"2022-11-18T00:09:51+00:00","dateModified":"2023-02-25T21:15:53+00:00","breadcrumb":{"@id":"https:\/\/sorareceo.com\/fr\/home\/#breadcrumb"},"inLanguage":"fr-FR","potentialAction":[{"@type":"ReadAction","target":["https:\/\/sorareceo.com\/fr\/home\/"]}]},{"@type":"ImageObject","inLanguage":"fr-FR","@id":"https:\/\/sorareceo.com\/fr\/home\/#primaryimage","url":"https:\/\/sorare.com\/assets\/legacy.5302204a.png","contentUrl":"https:\/\/sorare.com\/assets\/legacy.5302204a.png"},{"@type":"BreadcrumbList","@id":"https:\/\/sorareceo.com\/fr\/home\/#breadcrumb","itemListElement":[{"@type":"ListItem","position":1,"name":"Home","item":"https:\/\/sorareceo.com\/fr\/"},{"@type":"ListItem","position":2,"name":"Home"}]},{"@type":"WebSite","@id":"https:\/\/sorareceo.com\/#website","url":"https:\/\/sorareceo.com\/","name":"SorareCEO - Your Place for Sorare Strategies &amp; Tips","description":"The best place for up-to-date Sorare strategies, guides &amp; tips.","publisher":{"@id":"https:\/\/sorareceo.com\/#organization"},"potentialAction":[{"@type":"SearchAction","target":{"@type":"EntryPoint","urlTemplate":"https:\/\/sorareceo.com\/?s={search_term_string}"},"query-input":{"@type":"PropertyValueSpecification","valueRequired":true,"valueName":"search_term_string"}}],"inLanguage":"fr-FR"},{"@type":"Organization","@id":"https:\/\/sorareceo.com\/#organization","name":"SorareCEO - Your Place for Sorare Strategies &amp; Tips","url":"https:\/\/sorareceo.com\/","logo":{"@type":"ImageObject","inLanguage":"fr-FR","@id":"https:\/\/sorareceo.com\/#\/schema\/logo\/image\/","url":"https:\/\/sorareceo.com\/wp-content\/uploads\/2025\/08\/new-logo.webp","contentUrl":"https:\/\/sorareceo.com\/wp-content\/uploads\/2025\/08\/new-logo.webp","width":500,"height":150,"caption":"SorareCEO - Your Place for Sorare Strategies &amp; Tips"},"image":{"@id":"https:\/\/sorareceo.com\/#\/schema\/logo\/image\/"}}]}},"_links":{"self":[{"href":"https:\/\/sorareceo.com\/fr\/wp-json\/wp\/v2\/pages\/5814","targetHints":{"allow":["GET"]}}],"collection":[{"href":"https:\/\/sorareceo.com\/fr\/wp-json\/wp\/v2\/pages"}],"about":[{"href":"https:\/\/sorareceo.com\/fr\/wp-json\/wp\/v2\/types\/page"}],"author":[{"embeddable":true,"href":"https:\/\/sorareceo.com\/fr\/wp-json\/wp\/v2\/users\/1"}],"replies":[{"embeddable":true,"href":"https:\/\/sorareceo.com\/fr\/wp-json\/wp\/v2\/comments?post=5814"}],"version-history":[{"count":0,"href":"https:\/\/sorareceo.com\/fr\/wp-json\/wp\/v2\/pages\/5814\/revisions"}],"wp:attachment":[{"href":"https:\/\/sorareceo.com\/fr\/wp-json\/wp\/v2\/media?parent=5814"}],"curies":[{"name":"wp","href":"https:\/\/api.w.org\/{rel}","templated":true}]}}