{"id":36589,"date":"2025-01-04T00:18:52","date_gmt":"2025-01-04T00:18:52","guid":{"rendered":"https:\/\/sorareceo.com\/sorareceo-com-luotettava-oppaasi-sorareen\/"},"modified":"2025-08-27T01:15:02","modified_gmt":"2025-08-27T01:15:02","slug":"sorareceo-com-luotettava-oppaasi-sorareen","status":"publish","type":"page","link":"https:\/\/sorareceo.com\/fi\/","title":{"rendered":"SorareCEO.com \u2013 luotettava oppaasi Sorareen"},"content":{"rendered":"<div class=\"gb-container gb-container-4f6744a8 alignfull\">\n\n<h2 class=\"gb-headline gb-headline-59c6c384 gb-headline-text\">Tervetuloa SorareCEO:hon<\/h2>\n\n\n\n<h1 class=\"gb-headline gb-headline-499f076a gb-headline-text\">Paikka Sorare-oppaille, tutoriaaleille ja strategioille.<\/h1>\n\n\n\n<a class=\"gb-button gb-button-7411aeb9 gb-button-text\" href=\"https:\/\/sorareceo.com\/fi\/mika-on-sorare\/\" target=\"_blank\" rel=\"noopener noreferrer\">MIK\u00c4 ON SORARE?<\/a>\n\n<\/div>\n\n<div class=\"gb-container gb-container-dff66fc0 alignfull\">\n<div class=\"gb-container gb-container-5ae625cf\">\n<div class=\"gb-container gb-container-7bad8aa5\">\n\n<h2 class=\"gb-headline gb-headline-3639624f gb-headline-text\">Aloittelijan opas<\/h2>\n\n\n\n<figure class=\"wp-block-image size-full is-resized\"><img loading=\"lazy\" decoding=\"async\" width=\"1000\" height=\"1000\" src=\"http:\/\/sorareceo.com\/wp-content\/uploads\/2025\/08\/guide-homepage.webp\" alt=\"\" class=\"wp-image-35215\" style=\"object-fit:cover;width:300px;height:300px\" srcset=\"https:\/\/sorareceo.com\/wp-content\/uploads\/2025\/08\/guide-homepage.webp 1000w, https:\/\/sorareceo.com\/wp-content\/uploads\/2025\/08\/guide-homepage-300x300.webp 300w, https:\/\/sorareceo.com\/wp-content\/uploads\/2025\/08\/guide-homepage-150x150.webp 150w, https:\/\/sorareceo.com\/wp-content\/uploads\/2025\/08\/guide-homepage-768x768.webp 768w\" sizes=\"auto, (max-width: 1000px) 100vw, 1000px\" \/><\/figure>\n\n\n<div class=\"gb-container gb-container-98b4471b\">\n\n<p class=\"gb-headline gb-headline-44cbcbf8 gb-headline-text\">Oletko uusi Soraressa? Ehk\u00e4 haluat v\u00e4ltt\u00e4\u00e4 aloittelijan virheet ja maksimoida mahdollisuutesi hy\u00f6ty\u00e4 pelist\u00e4 mahdollisimman aikaisin liittymisen j\u00e4lkeen. Minun Sorare-aloittelijan oppaani auttaa sinua tekem\u00e4\u00e4n juuri sen \u2013 ja paljon enemm\u00e4n.  <\/p>\n\n\n\n<a class=\"gb-button gb-button-ff8e8a3a gb-button-text\" href=\"https:\/\/sorareceo.com\/fi\/sorare-tutorial\/\" target=\"_blank\" rel=\"noopener noreferrer\">LUE T\u00c4\u00c4LT\u00c4<\/a>\n\n<\/div>\n<\/div>\n<\/div>\n\n<div class=\"gb-container gb-container-5732aabf\">\n<div class=\"gb-container gb-container-84b12203\">\n\n<h2 class=\"gb-headline gb-headline-a59e7235 gb-headline-text\">Peliarvostelu<\/h2>\n\n\n\n<figure class=\"wp-block-image size-full is-resized\"><img loading=\"lazy\" decoding=\"async\" width=\"1000\" height=\"1000\" src=\"http:\/\/sorareceo.com\/wp-content\/uploads\/2025\/08\/review-homepage.webp\" alt=\"\" class=\"wp-image-35262\" style=\"object-fit:cover;width:300px;height:300px\" srcset=\"https:\/\/sorareceo.com\/wp-content\/uploads\/2025\/08\/review-homepage.webp 1000w, https:\/\/sorareceo.com\/wp-content\/uploads\/2025\/08\/review-homepage-300x300.webp 300w, https:\/\/sorareceo.com\/wp-content\/uploads\/2025\/08\/review-homepage-150x150.webp 150w, https:\/\/sorareceo.com\/wp-content\/uploads\/2025\/08\/review-homepage-768x768.webp 768w\" sizes=\"auto, (max-width: 1000px) 100vw, 1000px\" \/><\/figure>\n\n\n<div class=\"gb-container gb-container-5d281bbd\">\n\n<p class=\"gb-headline gb-headline-e815eb18 gb-headline-text\">Mietitk\u00f6 yh\u00e4, onko peli sinua varten? Lue Sorare-arvosteluni, jossa jaan rehellisimm\u00e4n mielipiteeni tuotteesta ja siit\u00e4, miten se eroaa muista fantasy-urheilualustoista. Kuten kaikissa peleiss\u00e4, siin\u00e4 on sek\u00e4 hyvi\u00e4 ett\u00e4 huonoja puolia.   <\/p>\n\n\n\n<a class=\"gb-button gb-button-2dee9ba5 gb-button-text\" href=\"#\" target=\"_blank\" rel=\"noopener noreferrer\">LUE T\u00c4\u00c4LT\u00c4<\/a>\n\n<\/div>\n<\/div>\n<\/div>\n\n<div class=\"gb-container gb-container-9a12ce94\">\n<div class=\"gb-container gb-container-4a74dada\">\n\n<h2 class=\"gb-headline gb-headline-7b49ca4e gb-headline-text\">Rekister\u00f6itymistarjous<\/h2>\n\n\n\n<figure class=\"wp-block-image size-full is-resized\"><img loading=\"lazy\" decoding=\"async\" width=\"1000\" height=\"1000\" src=\"http:\/\/sorareceo.com\/wp-content\/uploads\/2025\/08\/sign-up-offer-homepage.webp\" alt=\"\" class=\"wp-image-35309\" style=\"object-fit:cover;width:300px;height:300px\" srcset=\"https:\/\/sorareceo.com\/wp-content\/uploads\/2025\/08\/sign-up-offer-homepage.webp 1000w, https:\/\/sorareceo.com\/wp-content\/uploads\/2025\/08\/sign-up-offer-homepage-300x300.webp 300w, https:\/\/sorareceo.com\/wp-content\/uploads\/2025\/08\/sign-up-offer-homepage-150x150.webp 150w, https:\/\/sorareceo.com\/wp-content\/uploads\/2025\/08\/sign-up-offer-homepage-768x768.webp 768w\" sizes=\"auto, (max-width: 1000px) 100vw, 1000px\" \/><\/figure>\n\n\n<div class=\"gb-container gb-container-9727e384\">\n\n<p class=\"gb-headline gb-headline-e3c72453 gb-headline-text\">Jos olet tehnyt (oikean) p\u00e4\u00e4t\u00f6ksen liitty\u00e4 peliin, t\u00e4ss\u00e4 on lahjani sinulle. Liity SorareCEO:n lukijoihin, jotka saavat tervetuliaisbonuksen ja etuly\u00f6ntiaseman muihin managereihin verrattuna. Tutustu nykyiseen kampanjaan t\u00e4\u00e4lt\u00e4.   <\/p>\n\n\n\n<a class=\"gb-button gb-button-fc86622e gb-button-text\" href=\"https:\/\/sorareceo.com\/fi\/sorare-rekisteroitymistarjous\/\" target=\"_blank\" rel=\"noopener noreferrer\">LUE T\u00c4\u00c4LT\u00c4<\/a>\n\n<\/div>\n<\/div>\n<\/div>\n<\/div>","protected":false},"excerpt":{"rendered":"<p>Tervetuloa SorareCEO:hon Paikka Sorare-oppaille, tutoriaaleille ja strategioille. Aloittelijan opas Oletko uusi Soraressa? Ehk\u00e4 haluat v\u00e4ltt\u00e4\u00e4 aloittelijan virheet ja maksimoida mahdollisuutesi hy\u00f6ty\u00e4 pelist\u00e4 mahdollisimman aikaisin liittymisen j\u00e4lkeen. Minun Sorare-aloittelijan oppaani auttaa sinua tekem\u00e4\u00e4n juuri sen \u2013 ja paljon enemm\u00e4n. Peliarvostelu Mietitk\u00f6 yh\u00e4, onko peli sinua varten? Lue Sorare-arvosteluni, jossa jaan rehellisimm\u00e4n mielipiteeni tuotteesta ja siit\u00e4, miten &#8230; <a title=\"SorareCEO.com \u2013 luotettava oppaasi Sorareen\" class=\"read-more\" href=\"https:\/\/sorareceo.com\/fi\/\" aria-label=\"Lue lis\u00e4\u00e4 aiheesta SorareCEO.com \u2013 luotettava oppaasi Sorareen\">Lue lis\u00e4\u00e4<\/a><\/p>\n","protected":false},"author":1,"featured_media":34295,"parent":0,"menu_order":0,"comment_status":"closed","ping_status":"closed","template":"","meta":{"footnotes":""},"class_list":["post-36589","page","type-page","status-publish","has-post-thumbnail"],"yoast_head":"<!-- This site is optimized with the Yoast SEO plugin v26.6 - https:\/\/yoast.com\/wordpress\/plugins\/seo\/ -->\n<title>SorareCEO.com \u2013 luotettava oppaasi Sorareen<\/title>\n<meta name=\"description\" content=\"SorareCEO on luotettava l\u00e4hteesi oppaille, tutoriaaleille, vinkeille, strategioille ja uutisille Soraresta. Tule paremmaksi pelaajaksi yhdess\u00e4 kanssani.\" \/>\n<meta name=\"robots\" content=\"index, follow, max-snippet:-1, max-image-preview:large, max-video-preview:-1\" \/>\n<link rel=\"canonical\" href=\"https:\/\/sorareceo.com\/fi\/\" \/>\n<meta property=\"og:locale\" content=\"fi_FI\" \/>\n<meta property=\"og:type\" content=\"article\" \/>\n<meta property=\"og:title\" content=\"SorareCEO.com \u2013 luotettava oppaasi Sorareen\" \/>\n<meta property=\"og:description\" content=\"SorareCEO on luotettava l\u00e4hteesi oppaille, tutoriaaleille, vinkeille, strategioille ja uutisille Soraresta. Tule paremmaksi pelaajaksi yhdess\u00e4 kanssani.\" \/>\n<meta property=\"og:url\" content=\"https:\/\/sorareceo.com\/fi\/\" \/>\n<meta property=\"og:site_name\" content=\"SorareCEO - Your Place for Sorare Strategies &amp; Tips\" \/>\n<meta property=\"article:modified_time\" content=\"2025-08-27T01:15:02+00:00\" \/>\n<meta property=\"og:image\" content=\"https:\/\/sorareceo.com\/wp-content\/uploads\/2025\/08\/icon.webp\" \/>\n\t<meta property=\"og:image:width\" content=\"100\" \/>\n\t<meta property=\"og:image:height\" content=\"100\" \/>\n\t<meta property=\"og:image:type\" content=\"image\/webp\" \/>\n<meta name=\"twitter:card\" content=\"summary_large_image\" \/>\n<meta name=\"twitter:label1\" content=\"Arvioitu lukuaika\" \/>\n\t<meta name=\"twitter:data1\" content=\"2 minuuttia\" \/>\n<script type=\"application\/ld+json\" class=\"yoast-schema-graph\">{\"@context\":\"https:\/\/schema.org\",\"@graph\":[{\"@type\":\"WebPage\",\"@id\":\"https:\/\/sorareceo.com\/fi\/\",\"url\":\"https:\/\/sorareceo.com\/fi\/\",\"name\":\"SorareCEO.com \u2013 luotettava oppaasi Sorareen\",\"isPartOf\":{\"@id\":\"https:\/\/sorareceo.com\/#website\"},\"primaryImageOfPage\":{\"@id\":\"https:\/\/sorareceo.com\/fi\/#primaryimage\"},\"image\":{\"@id\":\"https:\/\/sorareceo.com\/fi\/#primaryimage\"},\"thumbnailUrl\":\"https:\/\/sorareceo.com\/wp-content\/uploads\/2025\/08\/icon.webp\",\"datePublished\":\"2025-01-04T00:18:52+00:00\",\"dateModified\":\"2025-08-27T01:15:02+00:00\",\"description\":\"SorareCEO on luotettava l\u00e4hteesi oppaille, tutoriaaleille, vinkeille, strategioille ja uutisille Soraresta. Tule paremmaksi pelaajaksi yhdess\u00e4 kanssani.\",\"breadcrumb\":{\"@id\":\"https:\/\/sorareceo.com\/fi\/#breadcrumb\"},\"inLanguage\":\"fi\",\"potentialAction\":[{\"@type\":\"ReadAction\",\"target\":[\"https:\/\/sorareceo.com\/fi\/\"]}]},{\"@type\":\"ImageObject\",\"inLanguage\":\"fi\",\"@id\":\"https:\/\/sorareceo.com\/fi\/#primaryimage\",\"url\":\"https:\/\/sorareceo.com\/wp-content\/uploads\/2025\/08\/icon.webp\",\"contentUrl\":\"https:\/\/sorareceo.com\/wp-content\/uploads\/2025\/08\/icon.webp\",\"width\":100,\"height\":100},{\"@type\":\"BreadcrumbList\",\"@id\":\"https:\/\/sorareceo.com\/fi\/#breadcrumb\",\"itemListElement\":[{\"@type\":\"ListItem\",\"position\":1,\"name\":\"Home\",\"item\":\"https:\/\/sorareceo.com\/fi\/\"},{\"@type\":\"ListItem\",\"position\":2,\"name\":\"SorareCEO.com \u2013 luotettava oppaasi Sorareen\"}]},{\"@type\":\"WebSite\",\"@id\":\"https:\/\/sorareceo.com\/#website\",\"url\":\"https:\/\/sorareceo.com\/\",\"name\":\"SorareCEO - Your Place for Sorare Strategies &amp; Tips\",\"description\":\"The best place for up-to-date Sorare strategies, guides &amp; tips.\",\"publisher\":{\"@id\":\"https:\/\/sorareceo.com\/#organization\"},\"potentialAction\":[{\"@type\":\"SearchAction\",\"target\":{\"@type\":\"EntryPoint\",\"urlTemplate\":\"https:\/\/sorareceo.com\/?s={search_term_string}\"},\"query-input\":{\"@type\":\"PropertyValueSpecification\",\"valueRequired\":true,\"valueName\":\"search_term_string\"}}],\"inLanguage\":\"fi\"},{\"@type\":\"Organization\",\"@id\":\"https:\/\/sorareceo.com\/#organization\",\"name\":\"SorareCEO - Your Place for Sorare Strategies &amp; Tips\",\"url\":\"https:\/\/sorareceo.com\/\",\"logo\":{\"@type\":\"ImageObject\",\"inLanguage\":\"fi\",\"@id\":\"https:\/\/sorareceo.com\/#\/schema\/logo\/image\/\",\"url\":\"https:\/\/sorareceo.com\/wp-content\/uploads\/2025\/08\/new-logo.webp\",\"contentUrl\":\"https:\/\/sorareceo.com\/wp-content\/uploads\/2025\/08\/new-logo.webp\",\"width\":500,\"height\":150,\"caption\":\"SorareCEO - Your Place for Sorare Strategies &amp; Tips\"},\"image\":{\"@id\":\"https:\/\/sorareceo.com\/#\/schema\/logo\/image\/\"}}]}<\/script>\n<!-- \/ Yoast SEO plugin. -->","yoast_head_json":{"title":"SorareCEO.com \u2013 luotettava oppaasi Sorareen","description":"SorareCEO on luotettava l\u00e4hteesi oppaille, tutoriaaleille, vinkeille, strategioille ja uutisille Soraresta. Tule paremmaksi pelaajaksi yhdess\u00e4 kanssani.","robots":{"index":"index","follow":"follow","max-snippet":"max-snippet:-1","max-image-preview":"max-image-preview:large","max-video-preview":"max-video-preview:-1"},"canonical":"https:\/\/sorareceo.com\/fi\/","og_locale":"fi_FI","og_type":"article","og_title":"SorareCEO.com \u2013 luotettava oppaasi Sorareen","og_description":"SorareCEO on luotettava l\u00e4hteesi oppaille, tutoriaaleille, vinkeille, strategioille ja uutisille Soraresta. Tule paremmaksi pelaajaksi yhdess\u00e4 kanssani.","og_url":"https:\/\/sorareceo.com\/fi\/","og_site_name":"SorareCEO - Your Place for Sorare Strategies &amp; Tips","article_modified_time":"2025-08-27T01:15:02+00:00","og_image":[{"width":100,"height":100,"url":"https:\/\/sorareceo.com\/wp-content\/uploads\/2025\/08\/icon.webp","type":"image\/webp"}],"twitter_card":"summary_large_image","twitter_misc":{"Arvioitu lukuaika":"2 minuuttia"},"schema":{"@context":"https:\/\/schema.org","@graph":[{"@type":"WebPage","@id":"https:\/\/sorareceo.com\/fi\/","url":"https:\/\/sorareceo.com\/fi\/","name":"SorareCEO.com \u2013 luotettava oppaasi Sorareen","isPartOf":{"@id":"https:\/\/sorareceo.com\/#website"},"primaryImageOfPage":{"@id":"https:\/\/sorareceo.com\/fi\/#primaryimage"},"image":{"@id":"https:\/\/sorareceo.com\/fi\/#primaryimage"},"thumbnailUrl":"https:\/\/sorareceo.com\/wp-content\/uploads\/2025\/08\/icon.webp","datePublished":"2025-01-04T00:18:52+00:00","dateModified":"2025-08-27T01:15:02+00:00","description":"SorareCEO on luotettava l\u00e4hteesi oppaille, tutoriaaleille, vinkeille, strategioille ja uutisille Soraresta. Tule paremmaksi pelaajaksi yhdess\u00e4 kanssani.","breadcrumb":{"@id":"https:\/\/sorareceo.com\/fi\/#breadcrumb"},"inLanguage":"fi","potentialAction":[{"@type":"ReadAction","target":["https:\/\/sorareceo.com\/fi\/"]}]},{"@type":"ImageObject","inLanguage":"fi","@id":"https:\/\/sorareceo.com\/fi\/#primaryimage","url":"https:\/\/sorareceo.com\/wp-content\/uploads\/2025\/08\/icon.webp","contentUrl":"https:\/\/sorareceo.com\/wp-content\/uploads\/2025\/08\/icon.webp","width":100,"height":100},{"@type":"BreadcrumbList","@id":"https:\/\/sorareceo.com\/fi\/#breadcrumb","itemListElement":[{"@type":"ListItem","position":1,"name":"Home","item":"https:\/\/sorareceo.com\/fi\/"},{"@type":"ListItem","position":2,"name":"SorareCEO.com \u2013 luotettava oppaasi Sorareen"}]},{"@type":"WebSite","@id":"https:\/\/sorareceo.com\/#website","url":"https:\/\/sorareceo.com\/","name":"SorareCEO - Your Place for Sorare Strategies &amp; Tips","description":"The best place for up-to-date Sorare strategies, guides &amp; tips.","publisher":{"@id":"https:\/\/sorareceo.com\/#organization"},"potentialAction":[{"@type":"SearchAction","target":{"@type":"EntryPoint","urlTemplate":"https:\/\/sorareceo.com\/?s={search_term_string}"},"query-input":{"@type":"PropertyValueSpecification","valueRequired":true,"valueName":"search_term_string"}}],"inLanguage":"fi"},{"@type":"Organization","@id":"https:\/\/sorareceo.com\/#organization","name":"SorareCEO - Your Place for Sorare Strategies &amp; Tips","url":"https:\/\/sorareceo.com\/","logo":{"@type":"ImageObject","inLanguage":"fi","@id":"https:\/\/sorareceo.com\/#\/schema\/logo\/image\/","url":"https:\/\/sorareceo.com\/wp-content\/uploads\/2025\/08\/new-logo.webp","contentUrl":"https:\/\/sorareceo.com\/wp-content\/uploads\/2025\/08\/new-logo.webp","width":500,"height":150,"caption":"SorareCEO - Your Place for Sorare Strategies &amp; Tips"},"image":{"@id":"https:\/\/sorareceo.com\/#\/schema\/logo\/image\/"}}]}},"_links":{"self":[{"href":"https:\/\/sorareceo.com\/fi\/wp-json\/wp\/v2\/pages\/36589","targetHints":{"allow":["GET"]}}],"collection":[{"href":"https:\/\/sorareceo.com\/fi\/wp-json\/wp\/v2\/pages"}],"about":[{"href":"https:\/\/sorareceo.com\/fi\/wp-json\/wp\/v2\/types\/page"}],"author":[{"embeddable":true,"href":"https:\/\/sorareceo.com\/fi\/wp-json\/wp\/v2\/users\/1"}],"replies":[{"embeddable":true,"href":"https:\/\/sorareceo.com\/fi\/wp-json\/wp\/v2\/comments?post=36589"}],"version-history":[{"count":3,"href":"https:\/\/sorareceo.com\/fi\/wp-json\/wp\/v2\/pages\/36589\/revisions"}],"predecessor-version":[{"id":37791,"href":"https:\/\/sorareceo.com\/fi\/wp-json\/wp\/v2\/pages\/36589\/revisions\/37791"}],"wp:featuredmedia":[{"embeddable":true,"href":"https:\/\/sorareceo.com\/fi\/wp-json\/wp\/v2\/media\/34295"}],"wp:attachment":[{"href":"https:\/\/sorareceo.com\/fi\/wp-json\/wp\/v2\/media?parent=36589"}],"curies":[{"name":"wp","href":"https:\/\/api.w.org\/{rel}","templated":true}]}}