{"id":36592,"date":"2025-01-04T00:18:52","date_gmt":"2025-01-04T00:18:52","guid":{"rendered":"https:\/\/sorareceo.com\/sorareceo-com-sinu-usaldusvaarne-teejuht-sorare-maailma\/"},"modified":"2025-08-27T01:08:24","modified_gmt":"2025-08-27T01:08:24","slug":"sorareceo-com-sinu-usaldusvaarne-teejuht-sorare-maailma","status":"publish","type":"page","link":"https:\/\/sorareceo.com\/et\/","title":{"rendered":"SorareCEO.com \u2013 sinu usaldusv\u00e4\u00e4rne teejuht Sorare maailma"},"content":{"rendered":"<div class=\"gb-container gb-container-4f6744a8 alignfull\">\n\n<h2 class=\"gb-headline gb-headline-59c6c384 gb-headline-text\">Tere tulemast SorareCEO-sse<\/h2>\n\n\n\n<h1 class=\"gb-headline gb-headline-499f076a gb-headline-text\">Koht, kus leiad Sorare juhendid, \u00f5petused ja strateegiad.<\/h1>\n\n\n\n<a class=\"gb-button gb-button-7411aeb9 gb-button-text\" href=\"https:\/\/sorareceo.com\/et\/mis-on-sorare\/\" target=\"_blank\" rel=\"noopener noreferrer\">MIS ON SORARE?<\/a>\n\n<\/div>\n\n<div class=\"gb-container gb-container-dff66fc0 alignfull\">\n<div class=\"gb-container gb-container-5ae625cf\">\n<div class=\"gb-container gb-container-7bad8aa5\">\n\n<h2 class=\"gb-headline gb-headline-3639624f gb-headline-text\">Algajate juhend<\/h2>\n\n\n\n<figure class=\"wp-block-image size-full is-resized\"><img loading=\"lazy\" decoding=\"async\" width=\"1000\" height=\"1000\" src=\"http:\/\/sorareceo.com\/wp-content\/uploads\/2025\/08\/guide-homepage.webp\" alt=\"\" class=\"wp-image-35215\" style=\"object-fit:cover;width:300px;height:300px\" srcset=\"https:\/\/sorareceo.com\/wp-content\/uploads\/2025\/08\/guide-homepage.webp 1000w, https:\/\/sorareceo.com\/wp-content\/uploads\/2025\/08\/guide-homepage-300x300.webp 300w, https:\/\/sorareceo.com\/wp-content\/uploads\/2025\/08\/guide-homepage-150x150.webp 150w, https:\/\/sorareceo.com\/wp-content\/uploads\/2025\/08\/guide-homepage-768x768.webp 768w\" sizes=\"auto, (max-width: 1000px) 100vw, 1000px\" \/><\/figure>\n\n\n<div class=\"gb-container gb-container-98b4471b\">\n\n<p class=\"gb-headline gb-headline-44cbcbf8 gb-headline-text\">Oled Sorare\u2019is uus? V\u00f5ib-olla soovid v\u00e4ltida algajate vigu ja maksimeerida oma v\u00f5imalusi kasumit teenida v\u00f5imalikult vara p\u00e4rast liitumist. Minu Sorare algajate juhend aitab sul just seda teha \u2013 ja veel palju enamat.  <\/p>\n\n\n\n<a class=\"gb-button gb-button-ff8e8a3a gb-button-text\" href=\"https:\/\/sorareceo.com\/et\/sorare-opetus\/\" target=\"_blank\" rel=\"noopener noreferrer\">LOE SIIT<\/a>\n\n<\/div>\n<\/div>\n<\/div>\n\n<div class=\"gb-container gb-container-5732aabf\">\n<div class=\"gb-container gb-container-84b12203\">\n\n<h2 class=\"gb-headline gb-headline-a59e7235 gb-headline-text\">M\u00e4ngu\u00fclevaade<\/h2>\n\n\n\n<figure class=\"wp-block-image size-full is-resized\"><img loading=\"lazy\" decoding=\"async\" width=\"1000\" height=\"1000\" src=\"http:\/\/sorareceo.com\/wp-content\/uploads\/2025\/08\/review-homepage.webp\" alt=\"\" class=\"wp-image-35262\" style=\"object-fit:cover;width:300px;height:300px\" srcset=\"https:\/\/sorareceo.com\/wp-content\/uploads\/2025\/08\/review-homepage.webp 1000w, https:\/\/sorareceo.com\/wp-content\/uploads\/2025\/08\/review-homepage-300x300.webp 300w, https:\/\/sorareceo.com\/wp-content\/uploads\/2025\/08\/review-homepage-150x150.webp 150w, https:\/\/sorareceo.com\/wp-content\/uploads\/2025\/08\/review-homepage-768x768.webp 768w\" sizes=\"auto, (max-width: 1000px) 100vw, 1000px\" \/><\/figure>\n\n\n<div class=\"gb-container gb-container-5d281bbd\">\n\n<p class=\"gb-headline gb-headline-e815eb18 gb-headline-text\">Kahtled endiselt, kas m\u00e4ng on sinu jaoks? Loe minu Sorare arvustust, kust leiad mu k\u00f5ige ausama tagasiside toote kohta ning saad teada, kuidas see erineb teistest fantaasiaspordi platvormidest. Nagu igal m\u00e4ngul, on ka sellel omad plussid ja miinused.   <\/p>\n\n\n\n<a class=\"gb-button gb-button-2dee9ba5 gb-button-text\" href=\"#\" target=\"_blank\" rel=\"noopener noreferrer\">LOE SIIT<\/a>\n\n<\/div>\n<\/div>\n<\/div>\n\n<div class=\"gb-container gb-container-9a12ce94\">\n<div class=\"gb-container gb-container-4a74dada\">\n\n<h2 class=\"gb-headline gb-headline-7b49ca4e gb-headline-text\">Registreerumispakkumine<\/h2>\n\n\n\n<figure class=\"wp-block-image size-full is-resized\"><img loading=\"lazy\" decoding=\"async\" width=\"1000\" height=\"1000\" src=\"http:\/\/sorareceo.com\/wp-content\/uploads\/2025\/08\/sign-up-offer-homepage.webp\" alt=\"\" class=\"wp-image-35309\" style=\"object-fit:cover;width:300px;height:300px\" srcset=\"https:\/\/sorareceo.com\/wp-content\/uploads\/2025\/08\/sign-up-offer-homepage.webp 1000w, https:\/\/sorareceo.com\/wp-content\/uploads\/2025\/08\/sign-up-offer-homepage-300x300.webp 300w, https:\/\/sorareceo.com\/wp-content\/uploads\/2025\/08\/sign-up-offer-homepage-150x150.webp 150w, https:\/\/sorareceo.com\/wp-content\/uploads\/2025\/08\/sign-up-offer-homepage-768x768.webp 768w\" sizes=\"auto, (max-width: 1000px) 100vw, 1000px\" \/><\/figure>\n\n\n<div class=\"gb-container gb-container-9727e384\">\n\n<p class=\"gb-headline gb-headline-e3c72453 gb-headline-text\">Kui oled teinud (\u00f5ige) otsuse m\u00e4nguga liituda, on mul sulle kingitus. Saa \u00fcheks SorareCEO lugejatest, kes saavad tervitusboonuse ja edumaa teiste m\u00e4ned\u017eeride ees. Vaata siit praegust kampaaniat.   <\/p>\n\n\n\n<a class=\"gb-button gb-button-fc86622e gb-button-text\" href=\"https:\/\/sorareceo.com\/et\/sorare-registreerumispakkumine\/\" target=\"_blank\" rel=\"noopener noreferrer\">LOE SIIT<\/a>\n\n<\/div>\n<\/div>\n<\/div>\n<\/div>","protected":false},"excerpt":{"rendered":"<p>Tere tulemast SorareCEO-sse Koht, kus leiad Sorare juhendid, \u00f5petused ja strateegiad. Algajate juhend Oled Sorare\u2019is uus? V\u00f5ib-olla soovid v\u00e4ltida algajate vigu ja maksimeerida oma v\u00f5imalusi kasumit teenida v\u00f5imalikult vara p\u00e4rast liitumist. Minu Sorare algajate juhend aitab sul just seda teha \u2013 ja veel palju enamat. M\u00e4ngu\u00fclevaade Kahtled endiselt, kas m\u00e4ng on sinu jaoks? Loe minu &#8230; <a title=\"SorareCEO.com \u2013 sinu usaldusv\u00e4\u00e4rne teejuht Sorare maailma\" class=\"read-more\" href=\"https:\/\/sorareceo.com\/et\/\" aria-label=\"Read more about SorareCEO.com \u2013 sinu usaldusv\u00e4\u00e4rne teejuht Sorare maailma\">Read more<\/a><\/p>\n","protected":false},"author":1,"featured_media":34294,"parent":0,"menu_order":0,"comment_status":"closed","ping_status":"closed","template":"","meta":{"footnotes":""},"class_list":["post-36592","page","type-page","status-publish","has-post-thumbnail"],"yoast_head":"<!-- This site is optimized with the Yoast SEO plugin v26.6 - https:\/\/yoast.com\/wordpress\/plugins\/seo\/ -->\n<title>SorareCEO.com \u2013 sinu usaldusv\u00e4\u00e4rne teejuht Sorare maailma<\/title>\n<meta name=\"description\" content=\"SorareCEO on sinu kindel allikas juhendite, \u00f5petuste, n\u00f5uannete, strateegiate ja uudiste jaoks Sorare kohta. Saa m\u00e4ngus paremaks koos minuga.\" \/>\n<meta name=\"robots\" content=\"index, follow, max-snippet:-1, max-image-preview:large, max-video-preview:-1\" \/>\n<link rel=\"canonical\" href=\"https:\/\/sorareceo.com\/et\/\" \/>\n<meta property=\"og:locale\" content=\"et_EE\" \/>\n<meta property=\"og:type\" content=\"article\" \/>\n<meta property=\"og:title\" content=\"SorareCEO.com \u2013 sinu usaldusv\u00e4\u00e4rne teejuht Sorare maailma\" \/>\n<meta property=\"og:description\" content=\"SorareCEO on sinu kindel allikas juhendite, \u00f5petuste, n\u00f5uannete, strateegiate ja uudiste jaoks Sorare kohta. Saa m\u00e4ngus paremaks koos minuga.\" \/>\n<meta property=\"og:url\" content=\"https:\/\/sorareceo.com\/et\/\" \/>\n<meta property=\"og:site_name\" content=\"SorareCEO - Your Place for Sorare Strategies &amp; Tips\" \/>\n<meta property=\"article:modified_time\" content=\"2025-08-27T01:08:24+00:00\" \/>\n<meta property=\"og:image\" content=\"https:\/\/sorareceo.com\/wp-content\/uploads\/2025\/08\/icon.webp\" \/>\n\t<meta property=\"og:image:width\" content=\"100\" \/>\n\t<meta property=\"og:image:height\" content=\"100\" \/>\n\t<meta property=\"og:image:type\" content=\"image\/webp\" \/>\n<meta name=\"twitter:card\" content=\"summary_large_image\" \/>\n<meta name=\"twitter:label1\" content=\"Est. reading time\" \/>\n\t<meta name=\"twitter:data1\" content=\"2 minutit\" \/>\n<script type=\"application\/ld+json\" class=\"yoast-schema-graph\">{\"@context\":\"https:\/\/schema.org\",\"@graph\":[{\"@type\":\"WebPage\",\"@id\":\"https:\/\/sorareceo.com\/et\/\",\"url\":\"https:\/\/sorareceo.com\/et\/\",\"name\":\"SorareCEO.com \u2013 sinu usaldusv\u00e4\u00e4rne teejuht Sorare maailma\",\"isPartOf\":{\"@id\":\"https:\/\/sorareceo.com\/#website\"},\"primaryImageOfPage\":{\"@id\":\"https:\/\/sorareceo.com\/et\/#primaryimage\"},\"image\":{\"@id\":\"https:\/\/sorareceo.com\/et\/#primaryimage\"},\"thumbnailUrl\":\"https:\/\/sorareceo.com\/wp-content\/uploads\/2025\/08\/icon.webp\",\"datePublished\":\"2025-01-04T00:18:52+00:00\",\"dateModified\":\"2025-08-27T01:08:24+00:00\",\"description\":\"SorareCEO on sinu kindel allikas juhendite, \u00f5petuste, n\u00f5uannete, strateegiate ja uudiste jaoks Sorare kohta. Saa m\u00e4ngus paremaks koos minuga.\",\"breadcrumb\":{\"@id\":\"https:\/\/sorareceo.com\/et\/#breadcrumb\"},\"inLanguage\":\"et\",\"potentialAction\":[{\"@type\":\"ReadAction\",\"target\":[\"https:\/\/sorareceo.com\/et\/\"]}]},{\"@type\":\"ImageObject\",\"inLanguage\":\"et\",\"@id\":\"https:\/\/sorareceo.com\/et\/#primaryimage\",\"url\":\"https:\/\/sorareceo.com\/wp-content\/uploads\/2025\/08\/icon.webp\",\"contentUrl\":\"https:\/\/sorareceo.com\/wp-content\/uploads\/2025\/08\/icon.webp\",\"width\":100,\"height\":100},{\"@type\":\"BreadcrumbList\",\"@id\":\"https:\/\/sorareceo.com\/et\/#breadcrumb\",\"itemListElement\":[{\"@type\":\"ListItem\",\"position\":1,\"name\":\"Home\",\"item\":\"https:\/\/sorareceo.com\/et\/\"},{\"@type\":\"ListItem\",\"position\":2,\"name\":\"SorareCEO.com \u2013 sinu usaldusv\u00e4\u00e4rne teejuht Sorare maailma\"}]},{\"@type\":\"WebSite\",\"@id\":\"https:\/\/sorareceo.com\/#website\",\"url\":\"https:\/\/sorareceo.com\/\",\"name\":\"SorareCEO - Your Place for Sorare Strategies &amp; Tips\",\"description\":\"The best place for up-to-date Sorare strategies, guides &amp; tips.\",\"publisher\":{\"@id\":\"https:\/\/sorareceo.com\/#organization\"},\"potentialAction\":[{\"@type\":\"SearchAction\",\"target\":{\"@type\":\"EntryPoint\",\"urlTemplate\":\"https:\/\/sorareceo.com\/?s={search_term_string}\"},\"query-input\":{\"@type\":\"PropertyValueSpecification\",\"valueRequired\":true,\"valueName\":\"search_term_string\"}}],\"inLanguage\":\"et\"},{\"@type\":\"Organization\",\"@id\":\"https:\/\/sorareceo.com\/#organization\",\"name\":\"SorareCEO - Your Place for Sorare Strategies &amp; Tips\",\"url\":\"https:\/\/sorareceo.com\/\",\"logo\":{\"@type\":\"ImageObject\",\"inLanguage\":\"et\",\"@id\":\"https:\/\/sorareceo.com\/#\/schema\/logo\/image\/\",\"url\":\"https:\/\/sorareceo.com\/wp-content\/uploads\/2025\/08\/new-logo.webp\",\"contentUrl\":\"https:\/\/sorareceo.com\/wp-content\/uploads\/2025\/08\/new-logo.webp\",\"width\":500,\"height\":150,\"caption\":\"SorareCEO - Your Place for Sorare Strategies &amp; Tips\"},\"image\":{\"@id\":\"https:\/\/sorareceo.com\/#\/schema\/logo\/image\/\"}}]}<\/script>\n<!-- \/ Yoast SEO plugin. -->","yoast_head_json":{"title":"SorareCEO.com \u2013 sinu usaldusv\u00e4\u00e4rne teejuht Sorare maailma","description":"SorareCEO on sinu kindel allikas juhendite, \u00f5petuste, n\u00f5uannete, strateegiate ja uudiste jaoks Sorare kohta. Saa m\u00e4ngus paremaks koos minuga.","robots":{"index":"index","follow":"follow","max-snippet":"max-snippet:-1","max-image-preview":"max-image-preview:large","max-video-preview":"max-video-preview:-1"},"canonical":"https:\/\/sorareceo.com\/et\/","og_locale":"et_EE","og_type":"article","og_title":"SorareCEO.com \u2013 sinu usaldusv\u00e4\u00e4rne teejuht Sorare maailma","og_description":"SorareCEO on sinu kindel allikas juhendite, \u00f5petuste, n\u00f5uannete, strateegiate ja uudiste jaoks Sorare kohta. Saa m\u00e4ngus paremaks koos minuga.","og_url":"https:\/\/sorareceo.com\/et\/","og_site_name":"SorareCEO - Your Place for Sorare Strategies &amp; Tips","article_modified_time":"2025-08-27T01:08:24+00:00","og_image":[{"width":100,"height":100,"url":"https:\/\/sorareceo.com\/wp-content\/uploads\/2025\/08\/icon.webp","type":"image\/webp"}],"twitter_card":"summary_large_image","twitter_misc":{"Est. reading time":"2 minutit"},"schema":{"@context":"https:\/\/schema.org","@graph":[{"@type":"WebPage","@id":"https:\/\/sorareceo.com\/et\/","url":"https:\/\/sorareceo.com\/et\/","name":"SorareCEO.com \u2013 sinu usaldusv\u00e4\u00e4rne teejuht Sorare maailma","isPartOf":{"@id":"https:\/\/sorareceo.com\/#website"},"primaryImageOfPage":{"@id":"https:\/\/sorareceo.com\/et\/#primaryimage"},"image":{"@id":"https:\/\/sorareceo.com\/et\/#primaryimage"},"thumbnailUrl":"https:\/\/sorareceo.com\/wp-content\/uploads\/2025\/08\/icon.webp","datePublished":"2025-01-04T00:18:52+00:00","dateModified":"2025-08-27T01:08:24+00:00","description":"SorareCEO on sinu kindel allikas juhendite, \u00f5petuste, n\u00f5uannete, strateegiate ja uudiste jaoks Sorare kohta. Saa m\u00e4ngus paremaks koos minuga.","breadcrumb":{"@id":"https:\/\/sorareceo.com\/et\/#breadcrumb"},"inLanguage":"et","potentialAction":[{"@type":"ReadAction","target":["https:\/\/sorareceo.com\/et\/"]}]},{"@type":"ImageObject","inLanguage":"et","@id":"https:\/\/sorareceo.com\/et\/#primaryimage","url":"https:\/\/sorareceo.com\/wp-content\/uploads\/2025\/08\/icon.webp","contentUrl":"https:\/\/sorareceo.com\/wp-content\/uploads\/2025\/08\/icon.webp","width":100,"height":100},{"@type":"BreadcrumbList","@id":"https:\/\/sorareceo.com\/et\/#breadcrumb","itemListElement":[{"@type":"ListItem","position":1,"name":"Home","item":"https:\/\/sorareceo.com\/et\/"},{"@type":"ListItem","position":2,"name":"SorareCEO.com \u2013 sinu usaldusv\u00e4\u00e4rne teejuht Sorare maailma"}]},{"@type":"WebSite","@id":"https:\/\/sorareceo.com\/#website","url":"https:\/\/sorareceo.com\/","name":"SorareCEO - Your Place for Sorare Strategies &amp; Tips","description":"The best place for up-to-date Sorare strategies, guides &amp; tips.","publisher":{"@id":"https:\/\/sorareceo.com\/#organization"},"potentialAction":[{"@type":"SearchAction","target":{"@type":"EntryPoint","urlTemplate":"https:\/\/sorareceo.com\/?s={search_term_string}"},"query-input":{"@type":"PropertyValueSpecification","valueRequired":true,"valueName":"search_term_string"}}],"inLanguage":"et"},{"@type":"Organization","@id":"https:\/\/sorareceo.com\/#organization","name":"SorareCEO - Your Place for Sorare Strategies &amp; Tips","url":"https:\/\/sorareceo.com\/","logo":{"@type":"ImageObject","inLanguage":"et","@id":"https:\/\/sorareceo.com\/#\/schema\/logo\/image\/","url":"https:\/\/sorareceo.com\/wp-content\/uploads\/2025\/08\/new-logo.webp","contentUrl":"https:\/\/sorareceo.com\/wp-content\/uploads\/2025\/08\/new-logo.webp","width":500,"height":150,"caption":"SorareCEO - Your Place for Sorare Strategies &amp; Tips"},"image":{"@id":"https:\/\/sorareceo.com\/#\/schema\/logo\/image\/"}}]}},"_links":{"self":[{"href":"https:\/\/sorareceo.com\/et\/wp-json\/wp\/v2\/pages\/36592","targetHints":{"allow":["GET"]}}],"collection":[{"href":"https:\/\/sorareceo.com\/et\/wp-json\/wp\/v2\/pages"}],"about":[{"href":"https:\/\/sorareceo.com\/et\/wp-json\/wp\/v2\/types\/page"}],"author":[{"embeddable":true,"href":"https:\/\/sorareceo.com\/et\/wp-json\/wp\/v2\/users\/1"}],"replies":[{"embeddable":true,"href":"https:\/\/sorareceo.com\/et\/wp-json\/wp\/v2\/comments?post=36592"}],"version-history":[{"count":3,"href":"https:\/\/sorareceo.com\/et\/wp-json\/wp\/v2\/pages\/36592\/revisions"}],"predecessor-version":[{"id":37787,"href":"https:\/\/sorareceo.com\/et\/wp-json\/wp\/v2\/pages\/36592\/revisions\/37787"}],"wp:featuredmedia":[{"embeddable":true,"href":"https:\/\/sorareceo.com\/et\/wp-json\/wp\/v2\/media\/34294"}],"wp:attachment":[{"href":"https:\/\/sorareceo.com\/et\/wp-json\/wp\/v2\/media?parent=36592"}],"curies":[{"name":"wp","href":"https:\/\/api.w.org\/{rel}","templated":true}]}}