{"id":5393,"date":"2022-10-21T00:49:42","date_gmt":"2022-10-21T00:49:42","guid":{"rendered":"https:\/\/www.sorareceo.com\/sorare-sign-up-bonus-offer-1-free-limited-40-common-cards\/"},"modified":"2025-08-06T05:26:24","modified_gmt":"2025-08-06T05:26:24","slug":"oferta-de-registro-sorare","status":"publish","type":"page","link":"https:\/\/sorareceo.com\/es\/oferta-de-registro-sorare\/","title":{"rendered":"Oferta de inscripci\u00f3n en Sorare 2025 [\u20ac150 para gastar en cartas]"},"content":{"rendered":"\n<p>Abrir una cuenta en Sorare es gratis y rapid\u00edsimo, pero lo que muchos no saben es que hay una oferta de inscripci\u00f3n en Sorare que te da una ventaja enorme frente al resto de los nuevos m\u00e1nagers.<\/p>\n\n\n\n<p>Como SorareCEO.com es un socio oficial certificado, el oferta de registro de Sorare exclusivo que ofrecemos a nuestros lectores es el mejor del mercado: \u00a1\u20ac150 en cr\u00e9ditos para gastar en cartas!<\/p>\n\n\n<div class=\"gb-container gb-container-86147414 offer-content\"><div class=\"gb-inside-container\">\n<div class=\"gb-grid-wrapper gb-grid-wrapper-1f0ac75f\">\n<div class=\"gb-grid-column gb-grid-column-d0516e33\"><div class=\"gb-container gb-container-d0516e33\"><div class=\"gb-inside-container\">\n\n<p class=\"gb-headline gb-headline-09f7489c gb-headline-text\">OFERTA DE REGISTRO<\/p>\n\n\n\n<p class=\"gb-headline gb-headline-eeb2c06c gb-headline-text\">Reg\u00edstrate en Sorare con esta oferta de registro y consigue 150\u202f\u20ac gratis para gastar en cartas.<\/p>\n\n<\/div><\/div><\/div>\n\n<div class=\"gb-grid-column gb-grid-column-53f5d8fa\"><div class=\"gb-container gb-container-53f5d8fa\"><div class=\"gb-inside-container\">\n\n<div class=\"wp-block-buttons has-border-color is-horizontal is-content-justification-center is-layout-flex wp-container-core-buttons-is-layout-29bd5dc9 wp-block-buttons-is-layout-flex\" style=\"border-color:var(--base-3);border-width:3px;border-radius:12px\">\n<div class=\"wp-block-button has-custom-width wp-block-button__width-100 aligncenter is-style-fill\"><a class=\"wp-block-button__link has-base-3-color has-accent-background-color has-text-color has-background has-custom-font-size wp-element-button\" href=\"https:\/\/sorare.pxf.io\/Nk0GkP\" style=\"border-radius:10px;font-size:22px;font-style:normal;font-weight:1000\" target=\"_blank\" rel=\"noreferrer noopener nofollow\">RECIBE \u20ac150 AHORA<\/a><\/div>\n<\/div>\n\n<\/div><\/div><\/div>\n<\/div>\n<\/div><\/div><div class=\"gb-container gb-container-72194729\">\n\n<figure class=\"gb-block-image gb-block-image-176ca640\"><img loading=\"lazy\" decoding=\"async\" width=\"700\" height=\"350\" class=\"gb-image gb-image-176ca640\" src=\"http:\/\/sorareceo.com\/wp-content\/uploads\/2023\/03\/banner-cards.webp\" alt=\"\" title=\"banner-cards\" srcset=\"https:\/\/sorareceo.com\/wp-content\/uploads\/2023\/03\/banner-cards.webp 700w, https:\/\/sorareceo.com\/wp-content\/uploads\/2023\/03\/banner-cards-300x150.webp 300w\" sizes=\"auto, (max-width: 700px) 100vw, 700px\" \/><\/figure>\n\n\n\n<div class=\"gb-headline gb-headline-d537e29c gb-headline-text\">OFERTA DE REGISTRO<\/div>\n\n\n\n<div class=\"gb-headline gb-headline-563ddc24 gb-headline-text\">\u00daNETE A SORARE HOY Y CONSIGUE \u20ac150 GRATIS PARA GASTAR EN CARTAS.<\/div>\n\n\n\n<a class=\"gb-button gb-button-40af701f\" href=\"https:\/\/sorare.pxf.io\/Nk0GkP\" target=\"_blank\" rel=\"nofollow noopener noreferrer\"><span class=\"gb-icon\"><svg xmlns=\"http:\/\/www.w3.org\/2000\/svg\" aria-hidden=\"true\" role=\"img\" height=\"1em\" width=\"1em\" viewbox=\"0 0 448 512\"><path fill=\"currentColor\" d=\"M416 208H272V64c0-17.67-14.33-32-32-32h-32c-17.67 0-32 14.33-32 32v144H32c-17.67 0-32 14.33-32 32v32c0 17.67 14.33 32 32 32h144v144c0 17.67 14.33 32 32 32h32c17.67 0 32-14.33 32-32V304h144c17.67 0 32-14.33 32-32v-32c0-17.67-14.33-32-32-32z\"><\/path><\/svg><\/span><span class=\"gb-button-text\">\u00daNETE AQU\u00cd<\/span><\/a>\n\n<\/div>\n\n\n<p>Te cuento paso a paso c\u00f3mo conseguirlo&#8230; y empezar tu galer\u00eda por mucho menos de lo que gastan la mayor\u00eda de los principiantes.<\/p>\n\n\n\n<h2 class=\"wp-block-heading\">Paso a paso: c\u00f3mo activar la oferta de inscripci\u00f3n de Sorare<\/h2>\n\n\n\n<p>Ojal\u00e1 Sorare diera hoy a los nuevos usuarios lo mismo que me ofreci\u00f3 a m\u00ed cuando empec\u00e9 all\u00e1 por 2022. En mi caso, la bienvenida consist\u00eda en una carta Limitada que apenas rozaba los \u20ac2\u2026 y eso solo despu\u00e9s de comprar cinco cartas primero.<\/p>\n\n\n\n<p>Comparado con eso, lo que puedes conseguir hoy es, sin exagerar, unas 75 veces mejor. Los \u20ac150 en cr\u00e9ditos de mercado que se desbloquean con mi enlace son la mejor promoci\u00f3n que ha existido hasta la fecha. Y lo mejor: est\u00e1s a unos pocos clics de tenerla.<\/p>\n\n\n<div class=\"gb-container gb-container-bf79a44c pro-tip\">\n\n<h3 class=\"wp-block-heading\">\ud83d\udcdd Condiciones del bono:<\/h3>\n\n\n\n<ul class=\"wp-block-list\">\n<li><strong>Cantidad:<\/strong> \u20ac150 (tambi\u00e9n disponible en $, \u00a3) en cr\u00e9ditos de mercado<\/li>\n\n\n\n<li><strong>Caducidad:<\/strong> 12 meses<\/li>\n\n\n\n<li><strong>C\u00f3mo funciona:<\/strong> Son descuentos del 50%. Si compras una carta de \u20ac20, solo pagas \u20ac10. Si es de \u20ac100, pagas \u20ac50. Puedes usarlo todo en una sola compra o ir gastando poco a poco en distintas cartas.<\/li>\n<\/ul>\n\n<\/div>\n\n\n<h3 class=\"wp-block-heading\">Paso 1: Usa el enlace correcto<\/h3>\n\n\n\n<p>Para que se active el bono de $150, necesitas registrarte a trav\u00e9s de mi enlace de socio de Sorare. As\u00ed no solo activas el bono, sino que tambi\u00e9n apoyas mi trabajo en SorareCEO (\u00a1gracias de antemano!).<\/p>\n\n\n\n<p><strong><a href=\"https:\/\/sorare.pxf.io\/Nk0GkP\" target=\"_blank\" rel=\"noreferrer noopener nofollow\">Haz clic aqu\u00ed<\/a><\/strong> para registrarte con la oferta.<\/p>\n\n\n\n<h3 class=\"wp-block-heading\">Paso 2: Elige tu nombre de m\u00e1nager<\/h3>\n\n\n\n<figure class=\"wp-block-image size-large\"><img loading=\"lazy\" decoding=\"async\" width=\"1024\" height=\"445\" src=\"http:\/\/sorareceo.com\/wp-content\/uploads\/2025\/08\/offer-claim-screenshot-1024x445.webp\" alt=\"\" class=\"wp-image-31475\" srcset=\"https:\/\/sorareceo.com\/wp-content\/uploads\/2025\/08\/offer-claim-screenshot-1024x445.webp 1024w, https:\/\/sorareceo.com\/wp-content\/uploads\/2025\/08\/offer-claim-screenshot-300x130.webp 300w, https:\/\/sorareceo.com\/wp-content\/uploads\/2025\/08\/offer-claim-screenshot-768x334.webp 768w, https:\/\/sorareceo.com\/wp-content\/uploads\/2025\/08\/offer-claim-screenshot-1536x668.webp 1536w, https:\/\/sorareceo.com\/wp-content\/uploads\/2025\/08\/offer-claim-screenshot-2048x890.webp 2048w\" sizes=\"auto, (max-width: 1024px) 100vw, 1024px\" \/><\/figure>\n\n\n\n<p>Al hacer clic, llegar\u00e1s a una p\u00e1gina donde debes elegir el nombre que te representar\u00e1 en las clasificaciones y en los intercambios. No le des demasiadas vueltas&#8230; siempre podr\u00e1s cambiarlo m\u00e1s adelante si se te ocurre uno mejor.<\/p>\n\n\n\n<h3 class=\"wp-block-heading\">Paso 3: Completa el registro<\/h3>\n\n\n\n<figure class=\"wp-block-image size-large\"><img loading=\"lazy\" decoding=\"async\" width=\"1024\" height=\"436\" src=\"http:\/\/sorareceo.com\/wp-content\/uploads\/2025\/07\/sorare-start-screenshot-email-1024x436.webp\" alt=\"\" class=\"wp-image-31217\" srcset=\"https:\/\/sorareceo.com\/wp-content\/uploads\/2025\/07\/sorare-start-screenshot-email-1024x436.webp 1024w, https:\/\/sorareceo.com\/wp-content\/uploads\/2025\/07\/sorare-start-screenshot-email-300x128.webp 300w, https:\/\/sorareceo.com\/wp-content\/uploads\/2025\/07\/sorare-start-screenshot-email-768x327.webp 768w, https:\/\/sorareceo.com\/wp-content\/uploads\/2025\/07\/sorare-start-screenshot-email-1536x654.webp 1536w, https:\/\/sorareceo.com\/wp-content\/uploads\/2025\/07\/sorare-start-screenshot-email-2048x872.webp 2048w\" sizes=\"auto, (max-width: 1024px) 100vw, 1024px\" \/><\/figure>\n\n\n\n<p>Si tu nombre est\u00e1 disponible, pasar\u00e1s al siguiente paso:<\/p>\n\n\n\n<ul class=\"wp-block-list\">\n<li>Confirmar que tienes al menos 16 a\u00f1os (edad m\u00ednima para jugar Sorare)<\/li>\n\n\n\n<li>Aceptar los T\u00e9rminos y Condiciones y la Pol\u00edtica de Privacidad<\/li>\n\n\n\n<li>Elegir c\u00f3mo quieres registrarte: email, cuenta de Google o Apple<\/li>\n<\/ul>\n\n\n\n<p class=\"pro-tip\"><strong>\ud83d\udca1 CONSEJO:<\/strong> \u00bfYa te registraste sin activar esta promoci\u00f3n? No pasa nada. Puedes volver a crear una cuenta con otro email y seguir\u00e1s teniendo acceso a los \u20ac150, igual que todos los lectores de SorareCEO.<\/p>\n\n\n\n<p>No olvides crear una buena contrase\u00f1a. Esa ser\u00e1 tu llave para acceder a tu cuenta y a todo el mercado.<\/p>\n\n\n\n<h2 class=\"wp-block-heading\">\u00bfExiste una mejor oferta de registro de Sorare?<\/h2>\n\n\n\n<p>A d\u00eda de hoy, esta es sin duda la mejor oferta disponible para nuevos usuarios. Ning\u00fan otro socio oficial ofrece m\u00e1s de \u20ac150 en cr\u00e9ditos.<\/p>\n\n\n\n<p>Eso s\u00ed, cuidado con p\u00e1ginas que prometen cartas Raras, Super Raras o incluso \u00danicas como bono de bienvenida. Son t\u00e1cticas enga\u00f1osas y bastante poco \u00e9ticas para que te registres con su enlace de afiliado. No caigas.<\/p>\n\n\n<div class=\"gb-container gb-container-86147414 offer-content\"><div class=\"gb-inside-container\">\n<div class=\"gb-grid-wrapper gb-grid-wrapper-1f0ac75f\">\n<div class=\"gb-grid-column gb-grid-column-d0516e33\"><div class=\"gb-container gb-container-d0516e33\"><div class=\"gb-inside-container\">\n\n<p class=\"gb-headline gb-headline-09f7489c gb-headline-text\">OFERTA DE REGISTRO<\/p>\n\n\n\n<p class=\"gb-headline gb-headline-eeb2c06c gb-headline-text\">Reg\u00edstrate en Sorare con esta oferta de registro y consigue 150\u202f\u20ac gratis para gastar en cartas.<\/p>\n\n<\/div><\/div><\/div>\n\n<div class=\"gb-grid-column gb-grid-column-53f5d8fa\"><div class=\"gb-container gb-container-53f5d8fa\"><div class=\"gb-inside-container\">\n\n<div class=\"wp-block-buttons has-border-color is-horizontal is-content-justification-center is-layout-flex wp-container-core-buttons-is-layout-29bd5dc9 wp-block-buttons-is-layout-flex\" style=\"border-color:var(--base-3);border-width:3px;border-radius:12px\">\n<div class=\"wp-block-button has-custom-width wp-block-button__width-100 aligncenter is-style-fill\"><a class=\"wp-block-button__link has-base-3-color has-accent-background-color has-text-color has-background has-custom-font-size wp-element-button\" href=\"https:\/\/sorare.pxf.io\/Nk0GkP\" style=\"border-radius:10px;font-size:22px;font-style:normal;font-weight:1000\" target=\"_blank\" rel=\"noreferrer noopener nofollow\">RECIBE \u20ac150 AHORA<\/a><\/div>\n<\/div>\n\n<\/div><\/div><\/div>\n<\/div>\n<\/div><\/div><div class=\"gb-container gb-container-72194729\">\n\n<figure class=\"gb-block-image gb-block-image-176ca640\"><img loading=\"lazy\" decoding=\"async\" width=\"700\" height=\"350\" class=\"gb-image gb-image-176ca640\" src=\"http:\/\/sorareceo.com\/wp-content\/uploads\/2023\/03\/banner-cards.webp\" alt=\"\" title=\"banner-cards\" srcset=\"https:\/\/sorareceo.com\/wp-content\/uploads\/2023\/03\/banner-cards.webp 700w, https:\/\/sorareceo.com\/wp-content\/uploads\/2023\/03\/banner-cards-300x150.webp 300w\" sizes=\"auto, (max-width: 700px) 100vw, 700px\" \/><\/figure>\n\n\n\n<div class=\"gb-headline gb-headline-d537e29c gb-headline-text\">OFERTA DE REGISTRO<\/div>\n\n\n\n<div class=\"gb-headline gb-headline-563ddc24 gb-headline-text\">\u00daNETE A SORARE HOY Y CONSIGUE \u20ac150 GRATIS PARA GASTAR EN CARTAS.<\/div>\n\n\n\n<a class=\"gb-button gb-button-40af701f\" href=\"https:\/\/sorare.pxf.io\/Nk0GkP\" target=\"_blank\" rel=\"nofollow noopener noreferrer\"><span class=\"gb-icon\"><svg xmlns=\"http:\/\/www.w3.org\/2000\/svg\" aria-hidden=\"true\" role=\"img\" height=\"1em\" width=\"1em\" viewbox=\"0 0 448 512\"><path fill=\"currentColor\" d=\"M416 208H272V64c0-17.67-14.33-32-32-32h-32c-17.67 0-32 14.33-32 32v144H32c-17.67 0-32 14.33-32 32v32c0 17.67 14.33 32 32 32h144v144c0 17.67 14.33 32 32 32h32c17.67 0 32-14.33 32-32V304h144c17.67 0 32-14.33 32-32v-32c0-17.67-14.33-32-32-32z\"><\/path><\/svg><\/span><span class=\"gb-button-text\">\u00daNETE AQU\u00cd<\/span><\/a>\n\n<\/div>\n\n\n<p>Si Sorare lanza una nueva promoci\u00f3n oficial, ser\u00e1s el primero en enterarte si sigues esta web.<\/p>\n\n\n\n<h2 class=\"wp-block-heading\">\u00bfA\u00fan no sabes qu\u00e9 es Sorare?<\/h2>\n\n\n\n<p>Sorare naci\u00f3 en 2019, creado por dos ingenieros franceses, Nicolas Julia y Adrien Montfort, grandes fan\u00e1ticos del f\u00fatbol y la tecnolog\u00eda. Desde entonces, la plataforma se ha convertido en el referente global de los fantasy games deportivos.<\/p>\n\n\n\n<p>No es casualidad. La combinaci\u00f3n de cartas digitales con licencia oficial, estad\u00edsticas reales de jugadores y premios valiosos ha triunfado a nivel internacional. Incluso Kylian Mbapp\u00e9 y Serena Williams han invertido en el proyecto.<\/p>\n\n\n\n<p>La diferencia de Sorare es clara: cada carta es un activo digital real. Puedes coleccionarlas, competir con ellas en torneos o venderlas\/intercambiarlas libremente. T\u00fa decides tu estrategia.<\/p>\n\n\n\n<figure class=\"wp-block-image size-large\"><img loading=\"lazy\" decoding=\"async\" width=\"1024\" height=\"307\" src=\"http:\/\/sorareceo.com\/wp-content\/uploads\/2022\/12\/logo-sorare-1024x307.png\" alt=\"Sorare logo\" class=\"wp-image-770\" srcset=\"https:\/\/sorareceo.com\/wp-content\/uploads\/2022\/12\/logo-sorare-1024x307.png 1024w, https:\/\/sorareceo.com\/wp-content\/uploads\/2022\/12\/logo-sorare-300x90.png 300w, https:\/\/sorareceo.com\/wp-content\/uploads\/2022\/12\/logo-sorare-768x230.png 768w, https:\/\/sorareceo.com\/wp-content\/uploads\/2022\/12\/logo-sorare.png 1200w\" sizes=\"auto, (max-width: 1024px) 100vw, 1024px\" \/><\/figure>\n\n\n\n<p>Las cartas se pueden conseguir de dos formas: compr\u00e1ndolas en el mercado de Sorare o gan\u00e1ndolas en torneos. Cuando tengas unas cuantas en tu galer\u00eda, podr\u00e1s armar tus equipos y participar en competiciones semanales.<\/p>\n\n\n\n<p>Todo m\u00e1nager nuevo empieza con un set gratuito de cartas Comunes para aprender y practicar sin gastar un c\u00e9ntimo. Pero si quieres competir a lo grande y subir en los rankings, necesitar\u00e1s dar el salto a las cartas Limitadas, Raras, Super Raras o \u00danicas.<\/p>\n\n\n\n<p>El objetivo es simple: formar un equipo de cinco jugadores y superar a otros m\u00e1nagers en funci\u00f3n del rendimiento real de tus jugadores. Cuanto mejor jueguen en la vida real, m\u00e1s puntos fantasy ganar\u00e1s. Y esos puntos se traducen en premios en efectivo, cartas nuevas y mucho m\u00e1s.<\/p>\n\n\n\n<p>Si quieres evitar los errores de novato y avanzar m\u00e1s r\u00e1pido, te recomiendo que leas mi<strong> <a href=\"https:\/\/sorareceo.com\/es\/sorare-guia-principiantes\/\" target=\"_blank\" rel=\"noreferrer noopener\">Sorare gu\u00eda para principiantes<\/a><\/strong> sobre c\u00f3mo funciona Sorare.<\/p>\n\n\n\n<p class=\"pro-tip\">\u00bfDudas sobre el proceso o no puedes activar tu bono? Escr\u00edbeme en Twitter <strong>@SorareCEOx<\/strong> o <a href=\"mailto:contact@sorareceo.com\">m\u00e1ndame un correo<\/a>. \u00a1Te echo una mano encantado!<\/p>\n","protected":false},"excerpt":{"rendered":"<p>Abrir una cuenta en Sorare es gratis y rapid\u00edsimo, pero lo que muchos no saben es que hay una oferta de inscripci\u00f3n en Sorare que te da una ventaja enorme frente al resto de los nuevos m\u00e1nagers. Como SorareCEO.com es un socio oficial certificado, el oferta de registro de Sorare exclusivo que ofrecemos a nuestros &#8230; <a title=\"Oferta de inscripci\u00f3n en Sorare 2025 [\u20ac150 para gastar en cartas]\" class=\"read-more\" href=\"https:\/\/sorareceo.com\/es\/oferta-de-registro-sorare\/\" aria-label=\"Leer m\u00e1s sobre Oferta de inscripci\u00f3n en Sorare 2025 [\u20ac150 para gastar en cartas]\">Leer m\u00e1s<\/a><\/p>\n","protected":false},"author":1,"featured_media":34427,"parent":0,"menu_order":0,"comment_status":"closed","ping_status":"closed","template":"","meta":{"footnotes":""},"class_list":["post-5393","page","type-page","status-publish","has-post-thumbnail"],"yoast_head":"<!-- This site is optimized with the Yoast SEO plugin v26.6 - https:\/\/yoast.com\/wordpress\/plugins\/seo\/ -->\n<title>Oferta de inscripci\u00f3n en Sorare 2025 [\u20ac150 para gastar en cartas]<\/title>\n<meta name=\"description\" content=\"La oferta de registro en Sorare para los lectores de mi web te da \u20ac150 gratis en cr\u00e9ditos para cartas. \u00a1Cons\u00edguela AQUI!\" \/>\n<meta name=\"robots\" content=\"index, follow, max-snippet:-1, max-image-preview:large, max-video-preview:-1\" \/>\n<link rel=\"canonical\" href=\"https:\/\/sorareceo.com\/sorare-sign-up-offer\/\" \/>\n<meta property=\"og:locale\" content=\"es_ES\" \/>\n<meta property=\"og:type\" content=\"article\" \/>\n<meta property=\"og:title\" content=\"Oferta de inscripci\u00f3n en Sorare 2025 [\u20ac150 para gastar en cartas]\" \/>\n<meta property=\"og:description\" content=\"La oferta de registro en Sorare para los lectores de mi web te da \u20ac150 gratis en cr\u00e9ditos para cartas. \u00a1Cons\u00edguela AQUI!\" \/>\n<meta property=\"og:url\" content=\"https:\/\/sorareceo.com\/sorare-sign-up-offer\/\" \/>\n<meta property=\"og:site_name\" content=\"SorareCEO - Your Place for Sorare Strategies &amp; Tips\" \/>\n<meta property=\"article:modified_time\" content=\"2025-08-06T05:26:24+00:00\" \/>\n<meta property=\"og:image\" content=\"https:\/\/sorareceo.com\/wp-content\/uploads\/2025\/08\/sorare-sign-up-offer-featured.webp\" \/>\n\t<meta property=\"og:image:width\" content=\"966\" \/>\n\t<meta property=\"og:image:height\" content=\"692\" \/>\n\t<meta property=\"og:image:type\" content=\"image\/webp\" \/>\n<meta name=\"twitter:card\" content=\"summary_large_image\" \/>\n<meta name=\"twitter:label1\" content=\"Tiempo de lectura\" \/>\n\t<meta name=\"twitter:data1\" content=\"13 minutos\" \/>\n<script type=\"application\/ld+json\" class=\"yoast-schema-graph\">{\"@context\":\"https:\/\/schema.org\",\"@graph\":[{\"@type\":\"WebPage\",\"@id\":\"https:\/\/sorareceo.com\/sorare-sign-up-offer\/\",\"url\":\"https:\/\/sorareceo.com\/sorare-sign-up-offer\/\",\"name\":\"Oferta de inscripci\u00f3n en Sorare 2025 [\u20ac150 para gastar en cartas]\",\"isPartOf\":{\"@id\":\"https:\/\/sorareceo.com\/#website\"},\"primaryImageOfPage\":{\"@id\":\"https:\/\/sorareceo.com\/sorare-sign-up-offer\/#primaryimage\"},\"image\":{\"@id\":\"https:\/\/sorareceo.com\/sorare-sign-up-offer\/#primaryimage\"},\"thumbnailUrl\":\"https:\/\/sorareceo.com\/wp-content\/uploads\/2025\/08\/sorare-sign-up-offer-featured.webp\",\"datePublished\":\"2022-10-21T00:49:42+00:00\",\"dateModified\":\"2025-08-06T05:26:24+00:00\",\"description\":\"La oferta de registro en Sorare para los lectores de mi web te da \u20ac150 gratis en cr\u00e9ditos para cartas. \u00a1Cons\u00edguela AQUI!\",\"breadcrumb\":{\"@id\":\"https:\/\/sorareceo.com\/sorare-sign-up-offer\/#breadcrumb\"},\"inLanguage\":\"es\",\"potentialAction\":[{\"@type\":\"ReadAction\",\"target\":[\"https:\/\/sorareceo.com\/sorare-sign-up-offer\/\"]}]},{\"@type\":\"ImageObject\",\"inLanguage\":\"es\",\"@id\":\"https:\/\/sorareceo.com\/sorare-sign-up-offer\/#primaryimage\",\"url\":\"https:\/\/sorareceo.com\/wp-content\/uploads\/2025\/08\/sorare-sign-up-offer-featured.webp\",\"contentUrl\":\"https:\/\/sorareceo.com\/wp-content\/uploads\/2025\/08\/sorare-sign-up-offer-featured.webp\",\"width\":966,\"height\":692,\"caption\":\"Sorare sign-up offer - featured image\"},{\"@type\":\"BreadcrumbList\",\"@id\":\"https:\/\/sorareceo.com\/sorare-sign-up-offer\/#breadcrumb\",\"itemListElement\":[{\"@type\":\"ListItem\",\"position\":1,\"name\":\"Home\",\"item\":\"https:\/\/sorareceo.com\/es\/\"},{\"@type\":\"ListItem\",\"position\":2,\"name\":\"Oferta de inscripci\u00f3n en Sorare 2025 [\u20ac150 para gastar en cartas]\"}]},{\"@type\":\"WebSite\",\"@id\":\"https:\/\/sorareceo.com\/#website\",\"url\":\"https:\/\/sorareceo.com\/\",\"name\":\"SorareCEO - Your Place for Sorare Strategies &amp; Tips\",\"description\":\"The best place for up-to-date Sorare strategies, guides &amp; tips.\",\"publisher\":{\"@id\":\"https:\/\/sorareceo.com\/#organization\"},\"potentialAction\":[{\"@type\":\"SearchAction\",\"target\":{\"@type\":\"EntryPoint\",\"urlTemplate\":\"https:\/\/sorareceo.com\/?s={search_term_string}\"},\"query-input\":{\"@type\":\"PropertyValueSpecification\",\"valueRequired\":true,\"valueName\":\"search_term_string\"}}],\"inLanguage\":\"es\"},{\"@type\":\"Organization\",\"@id\":\"https:\/\/sorareceo.com\/#organization\",\"name\":\"SorareCEO - Your Place for Sorare Strategies &amp; Tips\",\"url\":\"https:\/\/sorareceo.com\/\",\"logo\":{\"@type\":\"ImageObject\",\"inLanguage\":\"es\",\"@id\":\"https:\/\/sorareceo.com\/#\/schema\/logo\/image\/\",\"url\":\"https:\/\/sorareceo.com\/wp-content\/uploads\/2025\/08\/new-logo.webp\",\"contentUrl\":\"https:\/\/sorareceo.com\/wp-content\/uploads\/2025\/08\/new-logo.webp\",\"width\":500,\"height\":150,\"caption\":\"SorareCEO - Your Place for Sorare Strategies &amp; Tips\"},\"image\":{\"@id\":\"https:\/\/sorareceo.com\/#\/schema\/logo\/image\/\"}}]}<\/script>\n<!-- \/ Yoast SEO plugin. -->","yoast_head_json":{"title":"Oferta de inscripci\u00f3n en Sorare 2025 [\u20ac150 para gastar en cartas]","description":"La oferta de registro en Sorare para los lectores de mi web te da \u20ac150 gratis en cr\u00e9ditos para cartas. \u00a1Cons\u00edguela AQUI!","robots":{"index":"index","follow":"follow","max-snippet":"max-snippet:-1","max-image-preview":"max-image-preview:large","max-video-preview":"max-video-preview:-1"},"canonical":"https:\/\/sorareceo.com\/sorare-sign-up-offer\/","og_locale":"es_ES","og_type":"article","og_title":"Oferta de inscripci\u00f3n en Sorare 2025 [\u20ac150 para gastar en cartas]","og_description":"La oferta de registro en Sorare para los lectores de mi web te da \u20ac150 gratis en cr\u00e9ditos para cartas. \u00a1Cons\u00edguela AQUI!","og_url":"https:\/\/sorareceo.com\/sorare-sign-up-offer\/","og_site_name":"SorareCEO - Your Place for Sorare Strategies &amp; Tips","article_modified_time":"2025-08-06T05:26:24+00:00","og_image":[{"width":966,"height":692,"url":"https:\/\/sorareceo.com\/wp-content\/uploads\/2025\/08\/sorare-sign-up-offer-featured.webp","type":"image\/webp"}],"twitter_card":"summary_large_image","twitter_misc":{"Tiempo de lectura":"13 minutos"},"schema":{"@context":"https:\/\/schema.org","@graph":[{"@type":"WebPage","@id":"https:\/\/sorareceo.com\/sorare-sign-up-offer\/","url":"https:\/\/sorareceo.com\/sorare-sign-up-offer\/","name":"Oferta de inscripci\u00f3n en Sorare 2025 [\u20ac150 para gastar en cartas]","isPartOf":{"@id":"https:\/\/sorareceo.com\/#website"},"primaryImageOfPage":{"@id":"https:\/\/sorareceo.com\/sorare-sign-up-offer\/#primaryimage"},"image":{"@id":"https:\/\/sorareceo.com\/sorare-sign-up-offer\/#primaryimage"},"thumbnailUrl":"https:\/\/sorareceo.com\/wp-content\/uploads\/2025\/08\/sorare-sign-up-offer-featured.webp","datePublished":"2022-10-21T00:49:42+00:00","dateModified":"2025-08-06T05:26:24+00:00","description":"La oferta de registro en Sorare para los lectores de mi web te da \u20ac150 gratis en cr\u00e9ditos para cartas. \u00a1Cons\u00edguela AQUI!","breadcrumb":{"@id":"https:\/\/sorareceo.com\/sorare-sign-up-offer\/#breadcrumb"},"inLanguage":"es","potentialAction":[{"@type":"ReadAction","target":["https:\/\/sorareceo.com\/sorare-sign-up-offer\/"]}]},{"@type":"ImageObject","inLanguage":"es","@id":"https:\/\/sorareceo.com\/sorare-sign-up-offer\/#primaryimage","url":"https:\/\/sorareceo.com\/wp-content\/uploads\/2025\/08\/sorare-sign-up-offer-featured.webp","contentUrl":"https:\/\/sorareceo.com\/wp-content\/uploads\/2025\/08\/sorare-sign-up-offer-featured.webp","width":966,"height":692,"caption":"Sorare sign-up offer - featured image"},{"@type":"BreadcrumbList","@id":"https:\/\/sorareceo.com\/sorare-sign-up-offer\/#breadcrumb","itemListElement":[{"@type":"ListItem","position":1,"name":"Home","item":"https:\/\/sorareceo.com\/es\/"},{"@type":"ListItem","position":2,"name":"Oferta de inscripci\u00f3n en Sorare 2025 [\u20ac150 para gastar en cartas]"}]},{"@type":"WebSite","@id":"https:\/\/sorareceo.com\/#website","url":"https:\/\/sorareceo.com\/","name":"SorareCEO - Your Place for Sorare Strategies &amp; Tips","description":"The best place for up-to-date Sorare strategies, guides &amp; tips.","publisher":{"@id":"https:\/\/sorareceo.com\/#organization"},"potentialAction":[{"@type":"SearchAction","target":{"@type":"EntryPoint","urlTemplate":"https:\/\/sorareceo.com\/?s={search_term_string}"},"query-input":{"@type":"PropertyValueSpecification","valueRequired":true,"valueName":"search_term_string"}}],"inLanguage":"es"},{"@type":"Organization","@id":"https:\/\/sorareceo.com\/#organization","name":"SorareCEO - Your Place for Sorare Strategies &amp; Tips","url":"https:\/\/sorareceo.com\/","logo":{"@type":"ImageObject","inLanguage":"es","@id":"https:\/\/sorareceo.com\/#\/schema\/logo\/image\/","url":"https:\/\/sorareceo.com\/wp-content\/uploads\/2025\/08\/new-logo.webp","contentUrl":"https:\/\/sorareceo.com\/wp-content\/uploads\/2025\/08\/new-logo.webp","width":500,"height":150,"caption":"SorareCEO - Your Place for Sorare Strategies &amp; Tips"},"image":{"@id":"https:\/\/sorareceo.com\/#\/schema\/logo\/image\/"}}]}},"_links":{"self":[{"href":"https:\/\/sorareceo.com\/es\/wp-json\/wp\/v2\/pages\/5393","targetHints":{"allow":["GET"]}}],"collection":[{"href":"https:\/\/sorareceo.com\/es\/wp-json\/wp\/v2\/pages"}],"about":[{"href":"https:\/\/sorareceo.com\/es\/wp-json\/wp\/v2\/types\/page"}],"author":[{"embeddable":true,"href":"https:\/\/sorareceo.com\/es\/wp-json\/wp\/v2\/users\/1"}],"replies":[{"embeddable":true,"href":"https:\/\/sorareceo.com\/es\/wp-json\/wp\/v2\/comments?post=5393"}],"version-history":[{"count":9,"href":"https:\/\/sorareceo.com\/es\/wp-json\/wp\/v2\/pages\/5393\/revisions"}],"predecessor-version":[{"id":34439,"href":"https:\/\/sorareceo.com\/es\/wp-json\/wp\/v2\/pages\/5393\/revisions\/34439"}],"wp:featuredmedia":[{"embeddable":true,"href":"https:\/\/sorareceo.com\/es\/wp-json\/wp\/v2\/media\/34427"}],"wp:attachment":[{"href":"https:\/\/sorareceo.com\/es\/wp-json\/wp\/v2\/media?parent=5393"}],"curies":[{"name":"wp","href":"https:\/\/api.w.org\/{rel}","templated":true}]}}