{"id":5816,"date":"2022-11-18T00:09:51","date_gmt":"2022-11-18T00:09:51","guid":{"rendered":"https:\/\/www.sorareceo.com\/home\/"},"modified":"2023-02-25T21:19:53","modified_gmt":"2023-02-25T21:19:53","slug":"home","status":"publish","type":"page","link":"https:\/\/sorareceo.com\/de\/home\/","title":{"rendered":"Home"},"content":{"rendered":"<style>\/*! elementor - v3.9.1 - 14-12-2022 *\/\n.elementor-heading-title{padding:0;margin:0;line-height:1}.elementor-widget-heading .elementor-heading-title[class*=elementor-size-]>a{color:inherit;font-size:inherit;line-height:inherit}.elementor-widget-heading .elementor-heading-title.elementor-size-small{font-size:15px}.elementor-widget-heading .elementor-heading-title.elementor-size-medium{font-size:19px}.elementor-widget-heading .elementor-heading-title.elementor-size-large{font-size:29px}.elementor-widget-heading .elementor-heading-title.elementor-size-xl{font-size:39px}.elementor-widget-heading .elementor-heading-title.elementor-size-xxl{font-size:59px}<\/style>\n<h3>Sorare&#8217;s #1 Experte<\/h3>\n<h1>SORARE CEO<\/h1>\n<p>Wenn Sie auf der Suche nach bew\u00e4hrten Sorare-Strategien, Tipps &amp; Tricks sowie den neuesten Nachrichten rund um die gr\u00f6\u00dfte Fantasy-Fu\u00dfball-Plattform sind, sind Sie hier genau richtig.<\/p>\n<p>\t\t\t<a href=\"https:\/\/www.sorareceo.com\/de\/sorare-anmelde-angebot\/\" role=\"button\"><br \/>\n\t\t\t\t\t\tKOSTENLOSE KARTE<br \/>\n\t\t\t\t\t<\/a><br \/>\n\t\t\t<a href=\"https:\/\/www.sorareceo.com\/de\/sorare-tutorial\/\" role=\"button\"><br \/>\n\t\t\t\t\t\tLEITFADEN F\u00dcR ANF\u00c4NGER<br \/>\n\t\t\t\t\t<\/a><\/p>\n<h3>LASSEN SIE UNS IHNEN HELFEN, RICHTIG GUT IN SORARE ZU WERDEN<\/h3>\n<p>Egal, ob Sie Ihre Position in den w\u00f6chentlichen Wettbewerben verbessern (und Belohnungen gewinnen), ein erfolgreicher Sorare-H\u00e4ndler werden oder einfach mehr Spa\u00df am Fantasy Football (oder NBA oder MLB) haben wollen, hier sind Sie richtig.<\/p>\n<style>\/*! elementor - v3.9.1 - 14-12-2022 *\/\n.elementor-widget-image{text-align:center}.elementor-widget-image a{display:inline-block}.elementor-widget-image a img[src$=\".svg\"]{width:48px}.elementor-widget-image img{vertical-align:middle;display:inline-block}<\/style>\n<p>\t\t\t\t\t\t\t\t\t\t\t\t<img decoding=\"async\" src=\"https:\/\/sorare.com\/assets\/legacy.5302204a.png\" title=\"\" alt=\"\" \/>\t\t\t\t\t\t\t\t\t\t\t\t\t\t\t<\/p>\n<style>\/*! elementor - v3.9.1 - 14-12-2022 *\/\n.elementor-counter .elementor-counter-number-wrapper{display:flex;font-size:69px;font-weight:600;line-height:1}.elementor-counter .elementor-counter-number-prefix,.elementor-counter .elementor-counter-number-suffix{flex-grow:1;white-space:pre-wrap}.elementor-counter .elementor-counter-number-prefix{text-align:right}.elementor-counter .elementor-counter-number-suffix{text-align:left}.elementor-counter .elementor-counter-title{text-align:center;font-size:19px;font-weight:400;line-height:2.5}<\/style>\n<p>\t\t\t\t0<br \/>\n\t\t\t\t+<br \/>\n\t\t\t\t\t\t\tSORARE MANAGER<br \/>\n\t\t\t\t0<br \/>\n\t\t\t\t+<br \/>\n\t\t\t\t\t\t\tW\u00f6chentliche Wettbewerbe<br \/>\n\t\t\t\t0<br \/>\n\t\t\t\t\t\t\tSORARE CEO<\/p>\n","protected":false},"excerpt":{"rendered":"<p>Sorare&#8217;s #1 Experte SORARE CEO Wenn Sie auf der Suche nach bew\u00e4hrten Sorare-Strategien, Tipps &amp; Tricks sowie den neuesten Nachrichten rund um die gr\u00f6\u00dfte Fantasy-Fu\u00dfball-Plattform sind, sind Sie hier genau richtig. KOSTENLOSE KARTE LEITFADEN F\u00dcR ANF\u00c4NGER LASSEN SIE UNS IHNEN HELFEN, RICHTIG GUT IN SORARE ZU WERDEN Egal, ob Sie Ihre Position in den w\u00f6chentlichen &#8230; <a title=\"Home\" class=\"read-more\" href=\"https:\/\/sorareceo.com\/de\/home\/\" aria-label=\"Mehr Informationen \u00fcber Home\">Weiterlesen &#8230;<\/a><\/p>\n","protected":false},"author":1,"featured_media":0,"parent":0,"menu_order":0,"comment_status":"closed","ping_status":"closed","template":"","meta":{"footnotes":""},"class_list":["post-5816","page","type-page","status-publish"],"yoast_head":"<!-- This site is optimized with the Yoast SEO plugin v26.6 - https:\/\/yoast.com\/wordpress\/plugins\/seo\/ -->\n<title>SorareCEO - Your Place for Sorare Strategies &amp; Tips<\/title>\n<meta name=\"robots\" content=\"index, follow, max-snippet:-1, max-image-preview:large, max-video-preview:-1\" \/>\n<link rel=\"canonical\" href=\"https:\/\/sorareceo.com\/de\/home\/\" \/>\n<meta property=\"og:locale\" content=\"de_DE\" \/>\n<meta property=\"og:type\" content=\"article\" \/>\n<meta property=\"og:title\" content=\"SorareCEO - Your Place for Sorare Strategies &amp; Tips\" \/>\n<meta property=\"og:description\" content=\"Sorare&#8217;s #1 Experte SORARE CEO Wenn Sie auf der Suche nach bew\u00e4hrten Sorare-Strategien, Tipps &amp; Tricks sowie den neuesten Nachrichten rund um die gr\u00f6\u00dfte Fantasy-Fu\u00dfball-Plattform sind, sind Sie hier genau richtig. KOSTENLOSE KARTE LEITFADEN F\u00dcR ANF\u00c4NGER LASSEN SIE UNS IHNEN HELFEN, RICHTIG GUT IN SORARE ZU WERDEN Egal, ob Sie Ihre Position in den w\u00f6chentlichen ... Weiterlesen ...\" \/>\n<meta property=\"og:url\" content=\"https:\/\/sorareceo.com\/de\/home\/\" \/>\n<meta property=\"og:site_name\" content=\"SorareCEO - Your Place for Sorare Strategies &amp; Tips\" \/>\n<meta property=\"article:modified_time\" content=\"2023-02-25T21:19:53+00:00\" \/>\n<meta property=\"og:image\" content=\"https:\/\/sorare.com\/assets\/legacy.5302204a.png\" \/>\n<meta name=\"twitter:card\" content=\"summary_large_image\" \/>\n<script type=\"application\/ld+json\" class=\"yoast-schema-graph\">{\"@context\":\"https:\/\/schema.org\",\"@graph\":[{\"@type\":\"WebPage\",\"@id\":\"https:\/\/sorareceo.com\/de\/home\/\",\"url\":\"https:\/\/sorareceo.com\/de\/home\/\",\"name\":\"SorareCEO - Your Place for Sorare Strategies &amp; Tips\",\"isPartOf\":{\"@id\":\"https:\/\/sorareceo.com\/#website\"},\"primaryImageOfPage\":{\"@id\":\"https:\/\/sorareceo.com\/de\/home\/#primaryimage\"},\"image\":{\"@id\":\"https:\/\/sorareceo.com\/de\/home\/#primaryimage\"},\"thumbnailUrl\":\"https:\/\/sorare.com\/assets\/legacy.5302204a.png\",\"datePublished\":\"2022-11-18T00:09:51+00:00\",\"dateModified\":\"2023-02-25T21:19:53+00:00\",\"breadcrumb\":{\"@id\":\"https:\/\/sorareceo.com\/de\/home\/#breadcrumb\"},\"inLanguage\":\"de\",\"potentialAction\":[{\"@type\":\"ReadAction\",\"target\":[\"https:\/\/sorareceo.com\/de\/home\/\"]}]},{\"@type\":\"ImageObject\",\"inLanguage\":\"de\",\"@id\":\"https:\/\/sorareceo.com\/de\/home\/#primaryimage\",\"url\":\"https:\/\/sorare.com\/assets\/legacy.5302204a.png\",\"contentUrl\":\"https:\/\/sorare.com\/assets\/legacy.5302204a.png\"},{\"@type\":\"BreadcrumbList\",\"@id\":\"https:\/\/sorareceo.com\/de\/home\/#breadcrumb\",\"itemListElement\":[{\"@type\":\"ListItem\",\"position\":1,\"name\":\"Home\",\"item\":\"https:\/\/sorareceo.com\/de\/\"},{\"@type\":\"ListItem\",\"position\":2,\"name\":\"Home\"}]},{\"@type\":\"WebSite\",\"@id\":\"https:\/\/sorareceo.com\/#website\",\"url\":\"https:\/\/sorareceo.com\/\",\"name\":\"SorareCEO - Your Place for Sorare Strategies &amp; Tips\",\"description\":\"The best place for up-to-date Sorare strategies, guides &amp; tips.\",\"publisher\":{\"@id\":\"https:\/\/sorareceo.com\/#organization\"},\"potentialAction\":[{\"@type\":\"SearchAction\",\"target\":{\"@type\":\"EntryPoint\",\"urlTemplate\":\"https:\/\/sorareceo.com\/?s={search_term_string}\"},\"query-input\":{\"@type\":\"PropertyValueSpecification\",\"valueRequired\":true,\"valueName\":\"search_term_string\"}}],\"inLanguage\":\"de\"},{\"@type\":\"Organization\",\"@id\":\"https:\/\/sorareceo.com\/#organization\",\"name\":\"SorareCEO - Your Place for Sorare Strategies &amp; Tips\",\"url\":\"https:\/\/sorareceo.com\/\",\"logo\":{\"@type\":\"ImageObject\",\"inLanguage\":\"de\",\"@id\":\"https:\/\/sorareceo.com\/#\/schema\/logo\/image\/\",\"url\":\"https:\/\/sorareceo.com\/wp-content\/uploads\/2025\/08\/new-logo.webp\",\"contentUrl\":\"https:\/\/sorareceo.com\/wp-content\/uploads\/2025\/08\/new-logo.webp\",\"width\":500,\"height\":150,\"caption\":\"SorareCEO - Your Place for Sorare Strategies &amp; Tips\"},\"image\":{\"@id\":\"https:\/\/sorareceo.com\/#\/schema\/logo\/image\/\"}}]}<\/script>\n<!-- \/ Yoast SEO plugin. -->","yoast_head_json":{"title":"SorareCEO - Your Place for Sorare Strategies &amp; Tips","robots":{"index":"index","follow":"follow","max-snippet":"max-snippet:-1","max-image-preview":"max-image-preview:large","max-video-preview":"max-video-preview:-1"},"canonical":"https:\/\/sorareceo.com\/de\/home\/","og_locale":"de_DE","og_type":"article","og_title":"SorareCEO - Your Place for Sorare Strategies &amp; Tips","og_description":"Sorare&#8217;s #1 Experte SORARE CEO Wenn Sie auf der Suche nach bew\u00e4hrten Sorare-Strategien, Tipps &amp; Tricks sowie den neuesten Nachrichten rund um die gr\u00f6\u00dfte Fantasy-Fu\u00dfball-Plattform sind, sind Sie hier genau richtig. KOSTENLOSE KARTE LEITFADEN F\u00dcR ANF\u00c4NGER LASSEN SIE UNS IHNEN HELFEN, RICHTIG GUT IN SORARE ZU WERDEN Egal, ob Sie Ihre Position in den w\u00f6chentlichen ... Weiterlesen ...","og_url":"https:\/\/sorareceo.com\/de\/home\/","og_site_name":"SorareCEO - Your Place for Sorare Strategies &amp; Tips","article_modified_time":"2023-02-25T21:19:53+00:00","og_image":[{"url":"https:\/\/sorare.com\/assets\/legacy.5302204a.png","type":"","width":"","height":""}],"twitter_card":"summary_large_image","schema":{"@context":"https:\/\/schema.org","@graph":[{"@type":"WebPage","@id":"https:\/\/sorareceo.com\/de\/home\/","url":"https:\/\/sorareceo.com\/de\/home\/","name":"SorareCEO - Your Place for Sorare Strategies &amp; Tips","isPartOf":{"@id":"https:\/\/sorareceo.com\/#website"},"primaryImageOfPage":{"@id":"https:\/\/sorareceo.com\/de\/home\/#primaryimage"},"image":{"@id":"https:\/\/sorareceo.com\/de\/home\/#primaryimage"},"thumbnailUrl":"https:\/\/sorare.com\/assets\/legacy.5302204a.png","datePublished":"2022-11-18T00:09:51+00:00","dateModified":"2023-02-25T21:19:53+00:00","breadcrumb":{"@id":"https:\/\/sorareceo.com\/de\/home\/#breadcrumb"},"inLanguage":"de","potentialAction":[{"@type":"ReadAction","target":["https:\/\/sorareceo.com\/de\/home\/"]}]},{"@type":"ImageObject","inLanguage":"de","@id":"https:\/\/sorareceo.com\/de\/home\/#primaryimage","url":"https:\/\/sorare.com\/assets\/legacy.5302204a.png","contentUrl":"https:\/\/sorare.com\/assets\/legacy.5302204a.png"},{"@type":"BreadcrumbList","@id":"https:\/\/sorareceo.com\/de\/home\/#breadcrumb","itemListElement":[{"@type":"ListItem","position":1,"name":"Home","item":"https:\/\/sorareceo.com\/de\/"},{"@type":"ListItem","position":2,"name":"Home"}]},{"@type":"WebSite","@id":"https:\/\/sorareceo.com\/#website","url":"https:\/\/sorareceo.com\/","name":"SorareCEO - Your Place for Sorare Strategies &amp; Tips","description":"The best place for up-to-date Sorare strategies, guides &amp; tips.","publisher":{"@id":"https:\/\/sorareceo.com\/#organization"},"potentialAction":[{"@type":"SearchAction","target":{"@type":"EntryPoint","urlTemplate":"https:\/\/sorareceo.com\/?s={search_term_string}"},"query-input":{"@type":"PropertyValueSpecification","valueRequired":true,"valueName":"search_term_string"}}],"inLanguage":"de"},{"@type":"Organization","@id":"https:\/\/sorareceo.com\/#organization","name":"SorareCEO - Your Place for Sorare Strategies &amp; Tips","url":"https:\/\/sorareceo.com\/","logo":{"@type":"ImageObject","inLanguage":"de","@id":"https:\/\/sorareceo.com\/#\/schema\/logo\/image\/","url":"https:\/\/sorareceo.com\/wp-content\/uploads\/2025\/08\/new-logo.webp","contentUrl":"https:\/\/sorareceo.com\/wp-content\/uploads\/2025\/08\/new-logo.webp","width":500,"height":150,"caption":"SorareCEO - Your Place for Sorare Strategies &amp; Tips"},"image":{"@id":"https:\/\/sorareceo.com\/#\/schema\/logo\/image\/"}}]}},"_links":{"self":[{"href":"https:\/\/sorareceo.com\/de\/wp-json\/wp\/v2\/pages\/5816","targetHints":{"allow":["GET"]}}],"collection":[{"href":"https:\/\/sorareceo.com\/de\/wp-json\/wp\/v2\/pages"}],"about":[{"href":"https:\/\/sorareceo.com\/de\/wp-json\/wp\/v2\/types\/page"}],"author":[{"embeddable":true,"href":"https:\/\/sorareceo.com\/de\/wp-json\/wp\/v2\/users\/1"}],"replies":[{"embeddable":true,"href":"https:\/\/sorareceo.com\/de\/wp-json\/wp\/v2\/comments?post=5816"}],"version-history":[{"count":0,"href":"https:\/\/sorareceo.com\/de\/wp-json\/wp\/v2\/pages\/5816\/revisions"}],"wp:attachment":[{"href":"https:\/\/sorareceo.com\/de\/wp-json\/wp\/v2\/media?parent=5816"}],"curies":[{"name":"wp","href":"https:\/\/api.w.org\/{rel}","templated":true}]}}