{"id":5368,"date":"2022-10-21T00:49:42","date_gmt":"2022-10-21T00:49:42","guid":{"rendered":"https:\/\/www.sorareceo.com\/sorare-sign-up-offer\/"},"modified":"2025-08-03T02:53:41","modified_gmt":"2025-08-03T02:53:41","slug":"sorare-anmelde-angebot","status":"publish","type":"page","link":"https:\/\/sorareceo.com\/de\/sorare-anmelde-angebot\/","title":{"rendered":"Bestes Sorare Anmeldeangebot [\u20ac150 zum Ausgeben f\u00fcr Karten]"},"content":{"rendered":"\n<p>Ein Sorare-Konto zu erstellen ist komplett kostenlos und dauert nur wenige Minuten. Doch viele wissen gar nicht, dass es ein Sorare Anmeldeangebot gibt, das dir einen echten Vorteil gegen\u00fcber anderen neuen Managern verschafft.<\/p>\n\n\n\n<p>Da SorareCEO.com offizieller Partner der Plattform ist, k\u00f6nnen unsere Leser von einem exklusiven Bonus profitieren: \u20ac150 an Marktkrediten \u2013 das aktuell beste Angebot auf dem Markt!<\/p>\n\n\n<div class=\"gb-container gb-container-86147414 offer-content\"><div class=\"gb-inside-container\">\n<div class=\"gb-grid-wrapper gb-grid-wrapper-1f0ac75f\">\n<div class=\"gb-grid-column gb-grid-column-d0516e33\"><div class=\"gb-container gb-container-d0516e33\"><div class=\"gb-inside-container\">\n\n<p class=\"gb-headline gb-headline-09f7489c gb-headline-text\">ANGEBOT ZUR ANMELDUNG<\/p>\n\n\n\n<p class=\"gb-headline gb-headline-eeb2c06c gb-headline-text\">Registriere dich bei Sorare mit diesem Anmeldeangebot und erhalte 150\u202f\u20ac gratis zum Ausgeben f\u00fcr Karten.<\/p>\n\n<\/div><\/div><\/div>\n\n<div class=\"gb-grid-column gb-grid-column-53f5d8fa\"><div class=\"gb-container gb-container-53f5d8fa\"><div class=\"gb-inside-container\">\n\n<div class=\"wp-block-buttons has-border-color is-horizontal is-content-justification-center is-layout-flex wp-container-core-buttons-is-layout-29bd5dc9 wp-block-buttons-is-layout-flex\" style=\"border-color:var(--base-3);border-width:3px;border-radius:12px\">\n<div class=\"wp-block-button has-custom-width wp-block-button__width-100 aligncenter is-style-fill\"><a class=\"wp-block-button__link has-base-3-color has-accent-background-color has-text-color has-background has-custom-font-size wp-element-button\" href=\"https:\/\/sorare.pxf.io\/Nk0GkP\" style=\"border-radius:10px;font-size:22px;font-style:normal;font-weight:1000\" target=\"_blank\" rel=\"noreferrer noopener nofollow\">JETZT 150 \u20ac ERHALTEN<\/a><\/div>\n<\/div>\n\n<\/div><\/div><\/div>\n<\/div>\n<\/div><\/div><div class=\"gb-container gb-container-72194729\">\n\n<figure class=\"gb-block-image gb-block-image-176ca640\"><img loading=\"lazy\" decoding=\"async\" width=\"700\" height=\"350\" class=\"gb-image gb-image-176ca640\" src=\"http:\/\/sorareceo.com\/wp-content\/uploads\/2023\/03\/banner-cards.webp\" alt=\"\" title=\"banner-cards\" srcset=\"https:\/\/sorareceo.com\/wp-content\/uploads\/2023\/03\/banner-cards.webp 700w, https:\/\/sorareceo.com\/wp-content\/uploads\/2023\/03\/banner-cards-300x150.webp 300w\" sizes=\"auto, (max-width: 700px) 100vw, 700px\" \/><\/figure>\n\n\n\n<div class=\"gb-headline gb-headline-d537e29c gb-headline-text\">ANGEBOT ZUR ANMELDUNG<\/div>\n\n\n\n<div class=\"gb-headline gb-headline-563ddc24 gb-headline-text\">TRETEN SIE NOCH HEUTE SORARE BEI UND ERHALTEN SIE 150\u202f\u20ac GRATIS F\u00dcR KARTEN.<\/div>\n\n\n\n<a class=\"gb-button gb-button-40af701f\" href=\"https:\/\/sorare.pxf.io\/Nk0GkP\" target=\"_blank\" rel=\"nofollow noopener noreferrer\"><span class=\"gb-icon\"><svg xmlns=\"http:\/\/www.w3.org\/2000\/svg\" aria-hidden=\"true\" role=\"img\" height=\"1em\" width=\"1em\" viewbox=\"0 0 448 512\"><path fill=\"currentColor\" d=\"M416 208H272V64c0-17.67-14.33-32-32-32h-32c-17.67 0-32 14.33-32 32v144H32c-17.67 0-32 14.33-32 32v32c0 17.67 14.33 32 32 32h144v144c0 17.67 14.33 32 32 32h32c17.67 0 32-14.33 32-32V304h144c17.67 0 32-14.33 32-32v-32c0-17.67-14.33-32-32-32z\"><\/path><\/svg><\/span><span class=\"gb-button-text\">JETZT BEITRETEN<\/span><\/a>\n\n<\/div>\n\n\n<p>Hier erf\u00e4hrst du Schritt f\u00fcr Schritt, wie du dir diesen Bonus sicherst&#8230; und deine Sammlung g\u00fcnstiger startest als viele andere Anf\u00e4nger.<\/p>\n\n\n\n<h2 class=\"wp-block-heading\">Schritt-f\u00fcr-Schritt-Anleitung zum Sorare Anmeldeangebot<\/h2>\n\n\n\n<p>Ich w\u00fcnschte, dieses Angebot h\u00e4tte es schon gegeben, als ich 2022 bei Sorare eingestiegen bin. Damals bekam ich als neuer Manager eine kostenlose Limited-Karte im Wert von knapp \u20ac2. Und selbst die gab es erst, nachdem ich f\u00fcnf Karten gekauft hatte!<\/p>\n\n\n\n<p>Was du heute bekommst, ist also rund 75-mal wertvoller. Die \u20ac150 an Guthaben, die meine Leser \u00fcber den exklusiven Link erhalten, sind bislang das beste Sorare Anmeldeangebot \u00fcberhaupt. Und du bist nur ein paar Klicks davon entfernt!<\/p>\n\n\n<div class=\"gb-container gb-container-7d331f7e pro-tip\">\n\n<h3 class=\"wp-block-heading\">\ud83d\udcdd Bonusbedingungen:<\/h3>\n\n\n\n<ul class=\"wp-block-list\">\n<li><strong>Betrag:<\/strong> \u20ac150 (oder entsprechender Wert in $ oder \u00a3) als Guthaben auf dem Marktplatz<\/li>\n\n\n\n<li><strong>G\u00fcltigkeit:<\/strong> 12 Monate<\/li>\n\n\n\n<li><strong>Funktionsweise:<\/strong> Das Guthaben wird als 50% Rabatt auf Eink\u00e4ufe gew\u00e4hrt. Kaufst du eine Karte f\u00fcr \u20ac20, zahlst du nur \u20ac10. Eine Karte f\u00fcr \u20ac100 kostet dich \u20ac50. Du kannst den gesamten Betrag auf einmal ausgeben oder \u00fcber mehrere K\u00e4ufe hinweg nutzen.<\/li>\n<\/ul>\n\n<\/div>\n\n\n<h3 class=\"wp-block-heading\">Schritt 1: Den richtigen Partnerlink verwenden<\/h3>\n\n\n\n<p>Um die \u20ac150 zu erhalten, musst du dich \u00fcber meinen offiziellen Sorare-Partnerlink registrieren. So sicherst du dir nicht nur den Bonus, sondern unterst\u00fctzt auch meine Arbeit (vielen Dank schon mal daf\u00fcr!).<\/p>\n\n\n\n<p><a href=\"https:\/\/sorare.pxf.io\/Nk0GkP\" target=\"_blank\" rel=\"noreferrer noopener nofollow\">Jetzt klicken<\/a> und Bonus aktivieren.<\/p>\n\n\n\n<h3 class=\"wp-block-heading\">Schritt 2: W\u00e4hle deinen Managernamen<\/h3>\n\n\n\n<figure class=\"wp-block-image size-large\"><img loading=\"lazy\" decoding=\"async\" width=\"1024\" height=\"445\" src=\"http:\/\/sorareceo.com\/wp-content\/uploads\/2025\/08\/offer-claim-screenshot-1024x445.webp\" alt=\"\" class=\"wp-image-31456\" srcset=\"https:\/\/sorareceo.com\/wp-content\/uploads\/2025\/08\/offer-claim-screenshot-1024x445.webp 1024w, https:\/\/sorareceo.com\/wp-content\/uploads\/2025\/08\/offer-claim-screenshot-300x130.webp 300w, https:\/\/sorareceo.com\/wp-content\/uploads\/2025\/08\/offer-claim-screenshot-768x334.webp 768w, https:\/\/sorareceo.com\/wp-content\/uploads\/2025\/08\/offer-claim-screenshot-1536x668.webp 1536w, https:\/\/sorareceo.com\/wp-content\/uploads\/2025\/08\/offer-claim-screenshot-2048x890.webp 2048w\" sizes=\"auto, (max-width: 1024px) 100vw, 1024px\" \/><\/figure>\n\n\n\n<p>Nach dem Klick landest du auf einer Seite, auf der du deinen Managernamen festlegst \u2013 dieser erscheint sp\u00e4ter auf Ranglisten und in Transferverhandlungen.<\/p>\n\n\n\n<p>Mach dir nicht zu viele Gedanken. Du kannst den Namen sp\u00e4ter jederzeit \u00e4ndern, falls dir etwas Besseres einf\u00e4llt.<\/p>\n\n\n\n<h3 class=\"wp-block-heading\">Schritt 3: Registrierungsart w\u00e4hlen<\/h3>\n\n\n\n<figure class=\"wp-block-image size-large\"><img loading=\"lazy\" decoding=\"async\" width=\"1024\" height=\"436\" src=\"http:\/\/sorareceo.com\/wp-content\/uploads\/2025\/07\/sorare-start-screenshot-email-1024x436.webp\" alt=\"\" class=\"wp-image-31198\" srcset=\"https:\/\/sorareceo.com\/wp-content\/uploads\/2025\/07\/sorare-start-screenshot-email-1024x436.webp 1024w, https:\/\/sorareceo.com\/wp-content\/uploads\/2025\/07\/sorare-start-screenshot-email-300x128.webp 300w, https:\/\/sorareceo.com\/wp-content\/uploads\/2025\/07\/sorare-start-screenshot-email-768x327.webp 768w, https:\/\/sorareceo.com\/wp-content\/uploads\/2025\/07\/sorare-start-screenshot-email-1536x654.webp 1536w, https:\/\/sorareceo.com\/wp-content\/uploads\/2025\/07\/sorare-start-screenshot-email-2048x872.webp 2048w\" sizes=\"auto, (max-width: 1024px) 100vw, 1024px\" \/><\/figure>\n\n\n\n<p>Wenn der gew\u00fcnschte Name noch frei ist, geht es weiter. In diesem Schritt musst du:<\/p>\n\n\n\n<ul class=\"wp-block-list\">\n<li>Best\u00e4tigen, dass du mindestens 16 Jahre alt bist (Mindestalter f\u00fcr Sorare)<\/li>\n\n\n\n<li>Die Nutzungsbedingungen und Datenschutzrichtlinie akzeptieren<\/li>\n\n\n\n<li>Eine Registrierungsart ausw\u00e4hlen: E-Mail, Google oder Apple<\/li>\n<\/ul>\n\n\n\n<p class=\"pro-tip\"><strong>\ud83d\udca1 PRO TIPP:<\/strong> Hast du dich schon ohne diesen Bonus registriert? Kein Problem \u2013 leg einfach mit einer anderen E-Mail-Adresse ein neues Konto an und du bekommst trotzdem die vollen \u20ac150 wie alle Leser von SorareCEO.<\/p>\n\n\n\n<p>Vergiss nicht, ein starkes Passwort zu w\u00e4hlen \u2013 es ist dein Schl\u00fcssel zum Konto und zum Zugang zum gesamten Sorare-Marktplatz.<\/p>\n\n\n\n<h2 class=\"wp-block-heading\">Gibt es ein besseres Sorare Anmeldeangebot?<\/h2>\n\n\n\n<p>Zum Zeitpunkt dieses Artikels ist dieses Sorare Anmeldeangebot das beste, das es f\u00fcr neue Nutzer gibt. Kein anderer offizieller Partner bietet mehr als \u20ac150 in Marktkrediten!<\/p>\n\n\n\n<p>Doch Achtung: Manche Webseiten behaupten, man bek\u00e4me eine kostenlose Rare-, Super Rare- oder sogar Unique-Karte als Willkommensbonus. Das ist schlichtweg eine unethische T\u00e4uschung, um dich \u00fcber ihren Affiliate-Link zur Registrierung zu bewegen.<\/p>\n\n\n<div class=\"gb-container gb-container-86147414 offer-content\"><div class=\"gb-inside-container\">\n<div class=\"gb-grid-wrapper gb-grid-wrapper-1f0ac75f\">\n<div class=\"gb-grid-column gb-grid-column-d0516e33\"><div class=\"gb-container gb-container-d0516e33\"><div class=\"gb-inside-container\">\n\n<p class=\"gb-headline gb-headline-09f7489c gb-headline-text\">ANGEBOT ZUR ANMELDUNG<\/p>\n\n\n\n<p class=\"gb-headline gb-headline-eeb2c06c gb-headline-text\">Registriere dich bei Sorare mit diesem Anmeldeangebot und erhalte 150\u202f\u20ac gratis zum Ausgeben f\u00fcr Karten.<\/p>\n\n<\/div><\/div><\/div>\n\n<div class=\"gb-grid-column gb-grid-column-53f5d8fa\"><div class=\"gb-container gb-container-53f5d8fa\"><div class=\"gb-inside-container\">\n\n<div class=\"wp-block-buttons has-border-color is-horizontal is-content-justification-center is-layout-flex wp-container-core-buttons-is-layout-29bd5dc9 wp-block-buttons-is-layout-flex\" style=\"border-color:var(--base-3);border-width:3px;border-radius:12px\">\n<div class=\"wp-block-button has-custom-width wp-block-button__width-100 aligncenter is-style-fill\"><a class=\"wp-block-button__link has-base-3-color has-accent-background-color has-text-color has-background has-custom-font-size wp-element-button\" href=\"https:\/\/sorare.pxf.io\/Nk0GkP\" style=\"border-radius:10px;font-size:22px;font-style:normal;font-weight:1000\" target=\"_blank\" rel=\"noreferrer noopener nofollow\">JETZT 150 \u20ac ERHALTEN<\/a><\/div>\n<\/div>\n\n<\/div><\/div><\/div>\n<\/div>\n<\/div><\/div><div class=\"gb-container gb-container-72194729\">\n\n<figure class=\"gb-block-image gb-block-image-176ca640\"><img loading=\"lazy\" decoding=\"async\" width=\"700\" height=\"350\" class=\"gb-image gb-image-176ca640\" src=\"http:\/\/sorareceo.com\/wp-content\/uploads\/2023\/03\/banner-cards.webp\" alt=\"\" title=\"banner-cards\" srcset=\"https:\/\/sorareceo.com\/wp-content\/uploads\/2023\/03\/banner-cards.webp 700w, https:\/\/sorareceo.com\/wp-content\/uploads\/2023\/03\/banner-cards-300x150.webp 300w\" sizes=\"auto, (max-width: 700px) 100vw, 700px\" \/><\/figure>\n\n\n\n<div class=\"gb-headline gb-headline-d537e29c gb-headline-text\">ANGEBOT ZUR ANMELDUNG<\/div>\n\n\n\n<div class=\"gb-headline gb-headline-563ddc24 gb-headline-text\">TRETEN SIE NOCH HEUTE SORARE BEI UND ERHALTEN SIE 150\u202f\u20ac GRATIS F\u00dcR KARTEN.<\/div>\n\n\n\n<a class=\"gb-button gb-button-40af701f\" href=\"https:\/\/sorare.pxf.io\/Nk0GkP\" target=\"_blank\" rel=\"nofollow noopener noreferrer\"><span class=\"gb-icon\"><svg xmlns=\"http:\/\/www.w3.org\/2000\/svg\" aria-hidden=\"true\" role=\"img\" height=\"1em\" width=\"1em\" viewbox=\"0 0 448 512\"><path fill=\"currentColor\" d=\"M416 208H272V64c0-17.67-14.33-32-32-32h-32c-17.67 0-32 14.33-32 32v144H32c-17.67 0-32 14.33-32 32v32c0 17.67 14.33 32 32 32h144v144c0 17.67 14.33 32 32 32h32c17.67 0 32-14.33 32-32V304h144c17.67 0 32-14.33 32-32v-32c0-17.67-14.33-32-32-32z\"><\/path><\/svg><\/span><span class=\"gb-button-text\">JETZT BEITRETEN<\/span><\/a>\n\n<\/div>\n\n\n<p>Wenn Sorare in Zukunft ein neues offizielles Angebot startet, erf\u00e4hrst du es als Erstes direkt hier auf der Seite.<\/p>\n\n\n\n<h2 class=\"wp-block-heading\">Was ist Sorare eigentlich?<\/h2>\n\n\n\n<p>Sorare wurde 2019 von zwei franz\u00f6sischen Ingenieuren gegr\u00fcndet \u2013 Nicolas Julia und Adrien Montfort, beide mit gro\u00dfer Leidenschaft f\u00fcr Fu\u00dfball und Technologie. Seitdem ist Sorare zur weltweit f\u00fchrenden Fantasy-Sport-Plattform aufgestiegen.<\/p>\n\n\n\n<p>Der Erfolg kommt nicht von ungef\u00e4hr. Sorare kombiniert offiziell lizenzierte digitale Karten mit realen Spielerleistungen und echten Belohnungen. Sogar Kylian Mbapp\u00e9 und Tennislegende Serena Williams haben in das Projekt investiert.<\/p>\n\n\n\n<p>Das Besondere: Jede Karte, die du besitzt, ist ein echter digitaler Verm\u00f6genswert. Die Eigentumsverh\u00e4ltnisse sind transparent nachvollziehbar. Du kannst deine Karten im Spiel einsetzen, sammeln oder frei auf dem Markt handeln. Deine Strategie \u2013 deine Entscheidung.<\/p>\n\n\n\n<figure class=\"wp-block-image size-large\"><img loading=\"lazy\" decoding=\"async\" width=\"1024\" height=\"307\" src=\"http:\/\/sorareceo.com\/wp-content\/uploads\/2022\/12\/logo-sorare-1024x307.png\" alt=\"Sorare logo\" class=\"wp-image-1422\" srcset=\"https:\/\/sorareceo.com\/wp-content\/uploads\/2022\/12\/logo-sorare-1024x307.png 1024w, https:\/\/sorareceo.com\/wp-content\/uploads\/2022\/12\/logo-sorare-300x90.png 300w, https:\/\/sorareceo.com\/wp-content\/uploads\/2022\/12\/logo-sorare-768x230.png 768w, https:\/\/sorareceo.com\/wp-content\/uploads\/2022\/12\/logo-sorare.png 1200w\" sizes=\"auto, (max-width: 1024px) 100vw, 1024px\" \/><\/figure>\n\n\n\n<p>Neue Karten kannst du auf zwei Arten bekommen: entweder durch den Kauf im Sorare-Marktplatz oder durch Gewinne in Turnieren. Sobald du ein paar Karten gesammelt hast, kannst du eigene Aufstellungen zusammenstellen und an w\u00f6chentlichen Wettbewerben teilnehmen.<\/p>\n\n\n\n<p>Neue Nutzer starten mit einem Set kostenloser Common-Karten, um das Spiel risikofrei auszuprobieren. Aber wenn du aufsteigen und um ernsthafte Belohnungen spielen willst, brauchst du Karten mit h\u00f6herer Seltenheit \u2013 also Limited, Rare, Super Rare oder Unique.<\/p>\n\n\n\n<p>Das Prinzip ist simpel: Baue dein st\u00e4rkstes Team aus f\u00fcnf Spielern auf und \u00fcbertrumpfe andere Manager basierend auf echten Spielerleistungen. Je besser deine Spieler auf dem Platz abschneiden, desto mehr Fantasy-Punkte sammelst du. Und die bringen dir neue Karten, Geldpreise und internationale Anerkennung.<\/p>\n\n\n\n<p>Wenn du typische Anf\u00e4ngerfehler vermeiden und schneller durchstarten willst, lies unbedingt meinen<strong> <a href=\"https:\/\/sorareceo.com\/de\/sorare-tutorial\/\" target=\"_blank\" rel=\"noreferrer noopener\">Guide f\u00fcr Sorare-Einsteiger<\/a><\/strong>.<\/p>\n\n\n\n<p>Wenn du Probleme beim Aktivieren deines Sorare Anmeldeangebots hast, schreib mir gern auf Twitter <strong>@SorareCEOx<\/strong> oder <a href=\"mailto:contact@sorareceo.com\" target=\"_blank\" rel=\"noreferrer noopener\">per E-Mail<\/a>. Ich helfe dir gerne weiter!<\/p>\n","protected":false},"excerpt":{"rendered":"<p>Ein Sorare-Konto zu erstellen ist komplett kostenlos und dauert nur wenige Minuten. Doch viele wissen gar nicht, dass es ein Sorare Anmeldeangebot gibt, das dir einen echten Vorteil gegen\u00fcber anderen neuen Managern verschafft. Da SorareCEO.com offizieller Partner der Plattform ist, k\u00f6nnen unsere Leser von einem exklusiven Bonus profitieren: \u20ac150 an Marktkrediten \u2013 das aktuell beste &#8230; <a title=\"Bestes Sorare Anmeldeangebot [\u20ac150 zum Ausgeben f\u00fcr Karten]\" class=\"read-more\" href=\"https:\/\/sorareceo.com\/de\/sorare-anmelde-angebot\/\" aria-label=\"Mehr Informationen \u00fcber Bestes Sorare Anmeldeangebot [\u20ac150 zum Ausgeben f\u00fcr Karten]\">Weiterlesen &#8230;<\/a><\/p>\n","protected":false},"author":1,"featured_media":32291,"parent":0,"menu_order":0,"comment_status":"closed","ping_status":"closed","template":"","meta":{"footnotes":""},"class_list":["post-5368","page","type-page","status-publish","has-post-thumbnail"],"yoast_head":"<!-- This site is optimized with the Yoast SEO plugin v26.6 - https:\/\/yoast.com\/wordpress\/plugins\/seo\/ -->\n<title>Bestes Sorare Anmeldeangebot [\u20ac150 zum Ausgeben f\u00fcr Karten]<\/title>\n<meta name=\"description\" content=\"Sorare Anmeldeangebot \u2013 sichere dir $150 Startguthaben und starte deine Galerie mit Vorsprung. Hol es dir JETZT!\" \/>\n<meta name=\"robots\" content=\"index, follow, max-snippet:-1, max-image-preview:large, max-video-preview:-1\" \/>\n<link rel=\"canonical\" href=\"https:\/\/sorareceo.com\/sorare-sign-up-offer\/\" \/>\n<meta property=\"og:locale\" content=\"de_DE\" \/>\n<meta property=\"og:type\" content=\"article\" \/>\n<meta property=\"og:title\" content=\"Bestes Sorare Anmeldeangebot [\u20ac150 zum Ausgeben f\u00fcr Karten]\" \/>\n<meta property=\"og:description\" content=\"Sorare Anmeldeangebot \u2013 sichere dir $150 Startguthaben und starte deine Galerie mit Vorsprung. Hol es dir JETZT!\" \/>\n<meta property=\"og:url\" content=\"https:\/\/sorareceo.com\/sorare-sign-up-offer\/\" \/>\n<meta property=\"og:site_name\" content=\"SorareCEO - Your Place for Sorare Strategies &amp; Tips\" \/>\n<meta property=\"article:modified_time\" content=\"2025-08-03T02:53:41+00:00\" \/>\n<meta property=\"og:image\" content=\"https:\/\/sorareceo.com\/wp-content\/uploads\/2025\/08\/Sorare-Anmeldeangebot-main.webp\" \/>\n\t<meta property=\"og:image:width\" content=\"865\" \/>\n\t<meta property=\"og:image:height\" content=\"432\" \/>\n\t<meta property=\"og:image:type\" content=\"image\/webp\" \/>\n<meta name=\"twitter:card\" content=\"summary_large_image\" \/>\n<meta name=\"twitter:label1\" content=\"Gesch\u00e4tzte Lesezeit\" \/>\n\t<meta name=\"twitter:data1\" content=\"5\u00a0Minuten\" \/>\n<script type=\"application\/ld+json\" class=\"yoast-schema-graph\">{\"@context\":\"https:\/\/schema.org\",\"@graph\":[{\"@type\":\"WebPage\",\"@id\":\"https:\/\/sorareceo.com\/sorare-sign-up-offer\/\",\"url\":\"https:\/\/sorareceo.com\/sorare-sign-up-offer\/\",\"name\":\"Bestes Sorare Anmeldeangebot [\u20ac150 zum Ausgeben f\u00fcr Karten]\",\"isPartOf\":{\"@id\":\"https:\/\/sorareceo.com\/#website\"},\"primaryImageOfPage\":{\"@id\":\"https:\/\/sorareceo.com\/sorare-sign-up-offer\/#primaryimage\"},\"image\":{\"@id\":\"https:\/\/sorareceo.com\/sorare-sign-up-offer\/#primaryimage\"},\"thumbnailUrl\":\"https:\/\/sorareceo.com\/wp-content\/uploads\/2025\/08\/Sorare-Anmeldeangebot-main.webp\",\"datePublished\":\"2022-10-21T00:49:42+00:00\",\"dateModified\":\"2025-08-03T02:53:41+00:00\",\"description\":\"Sorare Anmeldeangebot \u2013 sichere dir $150 Startguthaben und starte deine Galerie mit Vorsprung. Hol es dir JETZT!\",\"breadcrumb\":{\"@id\":\"https:\/\/sorareceo.com\/sorare-sign-up-offer\/#breadcrumb\"},\"inLanguage\":\"de\",\"potentialAction\":[{\"@type\":\"ReadAction\",\"target\":[\"https:\/\/sorareceo.com\/sorare-sign-up-offer\/\"]}]},{\"@type\":\"ImageObject\",\"inLanguage\":\"de\",\"@id\":\"https:\/\/sorareceo.com\/sorare-sign-up-offer\/#primaryimage\",\"url\":\"https:\/\/sorareceo.com\/wp-content\/uploads\/2025\/08\/Sorare-Anmeldeangebot-main.webp\",\"contentUrl\":\"https:\/\/sorareceo.com\/wp-content\/uploads\/2025\/08\/Sorare-Anmeldeangebot-main.webp\",\"width\":865,\"height\":432,\"caption\":\"Sorare Anmeldeangebot - featured img\"},{\"@type\":\"BreadcrumbList\",\"@id\":\"https:\/\/sorareceo.com\/sorare-sign-up-offer\/#breadcrumb\",\"itemListElement\":[{\"@type\":\"ListItem\",\"position\":1,\"name\":\"Home\",\"item\":\"https:\/\/sorareceo.com\/de\/\"},{\"@type\":\"ListItem\",\"position\":2,\"name\":\"Bestes Sorare Anmeldeangebot [\u20ac150 zum Ausgeben f\u00fcr Karten]\"}]},{\"@type\":\"WebSite\",\"@id\":\"https:\/\/sorareceo.com\/#website\",\"url\":\"https:\/\/sorareceo.com\/\",\"name\":\"SorareCEO - Your Place for Sorare Strategies &amp; Tips\",\"description\":\"The best place for up-to-date Sorare strategies, guides &amp; tips.\",\"publisher\":{\"@id\":\"https:\/\/sorareceo.com\/#organization\"},\"potentialAction\":[{\"@type\":\"SearchAction\",\"target\":{\"@type\":\"EntryPoint\",\"urlTemplate\":\"https:\/\/sorareceo.com\/?s={search_term_string}\"},\"query-input\":{\"@type\":\"PropertyValueSpecification\",\"valueRequired\":true,\"valueName\":\"search_term_string\"}}],\"inLanguage\":\"de\"},{\"@type\":\"Organization\",\"@id\":\"https:\/\/sorareceo.com\/#organization\",\"name\":\"SorareCEO - Your Place for Sorare Strategies &amp; Tips\",\"url\":\"https:\/\/sorareceo.com\/\",\"logo\":{\"@type\":\"ImageObject\",\"inLanguage\":\"de\",\"@id\":\"https:\/\/sorareceo.com\/#\/schema\/logo\/image\/\",\"url\":\"https:\/\/sorareceo.com\/wp-content\/uploads\/2025\/08\/new-logo.webp\",\"contentUrl\":\"https:\/\/sorareceo.com\/wp-content\/uploads\/2025\/08\/new-logo.webp\",\"width\":500,\"height\":150,\"caption\":\"SorareCEO - Your Place for Sorare Strategies &amp; Tips\"},\"image\":{\"@id\":\"https:\/\/sorareceo.com\/#\/schema\/logo\/image\/\"}}]}<\/script>\n<!-- \/ Yoast SEO plugin. -->","yoast_head_json":{"title":"Bestes Sorare Anmeldeangebot [\u20ac150 zum Ausgeben f\u00fcr Karten]","description":"Sorare Anmeldeangebot \u2013 sichere dir $150 Startguthaben und starte deine Galerie mit Vorsprung. Hol es dir JETZT!","robots":{"index":"index","follow":"follow","max-snippet":"max-snippet:-1","max-image-preview":"max-image-preview:large","max-video-preview":"max-video-preview:-1"},"canonical":"https:\/\/sorareceo.com\/sorare-sign-up-offer\/","og_locale":"de_DE","og_type":"article","og_title":"Bestes Sorare Anmeldeangebot [\u20ac150 zum Ausgeben f\u00fcr Karten]","og_description":"Sorare Anmeldeangebot \u2013 sichere dir $150 Startguthaben und starte deine Galerie mit Vorsprung. Hol es dir JETZT!","og_url":"https:\/\/sorareceo.com\/sorare-sign-up-offer\/","og_site_name":"SorareCEO - Your Place for Sorare Strategies &amp; Tips","article_modified_time":"2025-08-03T02:53:41+00:00","og_image":[{"width":865,"height":432,"url":"https:\/\/sorareceo.com\/wp-content\/uploads\/2025\/08\/Sorare-Anmeldeangebot-main.webp","type":"image\/webp"}],"twitter_card":"summary_large_image","twitter_misc":{"Gesch\u00e4tzte Lesezeit":"5\u00a0Minuten"},"schema":{"@context":"https:\/\/schema.org","@graph":[{"@type":"WebPage","@id":"https:\/\/sorareceo.com\/sorare-sign-up-offer\/","url":"https:\/\/sorareceo.com\/sorare-sign-up-offer\/","name":"Bestes Sorare Anmeldeangebot [\u20ac150 zum Ausgeben f\u00fcr Karten]","isPartOf":{"@id":"https:\/\/sorareceo.com\/#website"},"primaryImageOfPage":{"@id":"https:\/\/sorareceo.com\/sorare-sign-up-offer\/#primaryimage"},"image":{"@id":"https:\/\/sorareceo.com\/sorare-sign-up-offer\/#primaryimage"},"thumbnailUrl":"https:\/\/sorareceo.com\/wp-content\/uploads\/2025\/08\/Sorare-Anmeldeangebot-main.webp","datePublished":"2022-10-21T00:49:42+00:00","dateModified":"2025-08-03T02:53:41+00:00","description":"Sorare Anmeldeangebot \u2013 sichere dir $150 Startguthaben und starte deine Galerie mit Vorsprung. Hol es dir JETZT!","breadcrumb":{"@id":"https:\/\/sorareceo.com\/sorare-sign-up-offer\/#breadcrumb"},"inLanguage":"de","potentialAction":[{"@type":"ReadAction","target":["https:\/\/sorareceo.com\/sorare-sign-up-offer\/"]}]},{"@type":"ImageObject","inLanguage":"de","@id":"https:\/\/sorareceo.com\/sorare-sign-up-offer\/#primaryimage","url":"https:\/\/sorareceo.com\/wp-content\/uploads\/2025\/08\/Sorare-Anmeldeangebot-main.webp","contentUrl":"https:\/\/sorareceo.com\/wp-content\/uploads\/2025\/08\/Sorare-Anmeldeangebot-main.webp","width":865,"height":432,"caption":"Sorare Anmeldeangebot - featured img"},{"@type":"BreadcrumbList","@id":"https:\/\/sorareceo.com\/sorare-sign-up-offer\/#breadcrumb","itemListElement":[{"@type":"ListItem","position":1,"name":"Home","item":"https:\/\/sorareceo.com\/de\/"},{"@type":"ListItem","position":2,"name":"Bestes Sorare Anmeldeangebot [\u20ac150 zum Ausgeben f\u00fcr Karten]"}]},{"@type":"WebSite","@id":"https:\/\/sorareceo.com\/#website","url":"https:\/\/sorareceo.com\/","name":"SorareCEO - Your Place for Sorare Strategies &amp; Tips","description":"The best place for up-to-date Sorare strategies, guides &amp; tips.","publisher":{"@id":"https:\/\/sorareceo.com\/#organization"},"potentialAction":[{"@type":"SearchAction","target":{"@type":"EntryPoint","urlTemplate":"https:\/\/sorareceo.com\/?s={search_term_string}"},"query-input":{"@type":"PropertyValueSpecification","valueRequired":true,"valueName":"search_term_string"}}],"inLanguage":"de"},{"@type":"Organization","@id":"https:\/\/sorareceo.com\/#organization","name":"SorareCEO - Your Place for Sorare Strategies &amp; Tips","url":"https:\/\/sorareceo.com\/","logo":{"@type":"ImageObject","inLanguage":"de","@id":"https:\/\/sorareceo.com\/#\/schema\/logo\/image\/","url":"https:\/\/sorareceo.com\/wp-content\/uploads\/2025\/08\/new-logo.webp","contentUrl":"https:\/\/sorareceo.com\/wp-content\/uploads\/2025\/08\/new-logo.webp","width":500,"height":150,"caption":"SorareCEO - Your Place for Sorare Strategies &amp; Tips"},"image":{"@id":"https:\/\/sorareceo.com\/#\/schema\/logo\/image\/"}}]}},"_links":{"self":[{"href":"https:\/\/sorareceo.com\/de\/wp-json\/wp\/v2\/pages\/5368","targetHints":{"allow":["GET"]}}],"collection":[{"href":"https:\/\/sorareceo.com\/de\/wp-json\/wp\/v2\/pages"}],"about":[{"href":"https:\/\/sorareceo.com\/de\/wp-json\/wp\/v2\/types\/page"}],"author":[{"embeddable":true,"href":"https:\/\/sorareceo.com\/de\/wp-json\/wp\/v2\/users\/1"}],"replies":[{"embeddable":true,"href":"https:\/\/sorareceo.com\/de\/wp-json\/wp\/v2\/comments?post=5368"}],"version-history":[{"count":1,"href":"https:\/\/sorareceo.com\/de\/wp-json\/wp\/v2\/pages\/5368\/revisions"}],"predecessor-version":[{"id":32329,"href":"https:\/\/sorareceo.com\/de\/wp-json\/wp\/v2\/pages\/5368\/revisions\/32329"}],"wp:featuredmedia":[{"embeddable":true,"href":"https:\/\/sorareceo.com\/de\/wp-json\/wp\/v2\/media\/32291"}],"wp:attachment":[{"href":"https:\/\/sorareceo.com\/de\/wp-json\/wp\/v2\/media?parent=5368"}],"curies":[{"name":"wp","href":"https:\/\/api.w.org\/{rel}","templated":true}]}}