{"id":31166,"date":"2025-01-04T00:18:52","date_gmt":"2025-01-04T00:18:52","guid":{"rendered":"https:\/\/sorareceo.com\/main\/"},"modified":"2025-08-13T21:53:47","modified_gmt":"2025-08-13T21:53:47","slug":"main","status":"publish","type":"page","link":"https:\/\/sorareceo.com\/de\/","title":{"rendered":"SorareCEO.com \u2013 Ihr vertrauensw\u00fcrdiger Ratgeber f\u00fcr Sorare"},"content":{"rendered":"<div class=\"gb-container gb-container-4f6744a8 alignfull\">\n\n<h2 class=\"gb-headline gb-headline-59c6c384 gb-headline-text\">Willkommen bei SorareCEO<\/h2>\n\n\n\n<h1 class=\"gb-headline gb-headline-499f076a gb-headline-text\">Der Ort f\u00fcr Sorare-Anleitungen, Tutorials und Strategien.<\/h1>\n\n\n\n<a class=\"gb-button gb-button-7411aeb9 gb-button-text\" href=\"https:\/\/sorareceo.com\/de\/was-ist-sorare\/\" target=\"_blank\" rel=\"noopener noreferrer\">WAS IST SORARE?<\/a>\n\n<\/div>\n\n<div class=\"gb-container gb-container-dff66fc0 alignfull\">\n<div class=\"gb-container gb-container-5ae625cf\">\n<div class=\"gb-container gb-container-7bad8aa5\">\n\n<h2 class=\"gb-headline gb-headline-3639624f gb-headline-text\">Einsteigerleitfaden<\/h2>\n\n\n\n<figure class=\"wp-block-image size-full is-resized\"><img loading=\"lazy\" decoding=\"async\" width=\"1000\" height=\"1000\" src=\"http:\/\/sorareceo.com\/wp-content\/uploads\/2025\/08\/guide-homepage.webp\" alt=\"\" class=\"wp-image-35215\" style=\"object-fit:cover;width:300px;height:300px\" srcset=\"https:\/\/sorareceo.com\/wp-content\/uploads\/2025\/08\/guide-homepage.webp 1000w, https:\/\/sorareceo.com\/wp-content\/uploads\/2025\/08\/guide-homepage-300x300.webp 300w, https:\/\/sorareceo.com\/wp-content\/uploads\/2025\/08\/guide-homepage-150x150.webp 150w, https:\/\/sorareceo.com\/wp-content\/uploads\/2025\/08\/guide-homepage-768x768.webp 768w\" sizes=\"auto, (max-width: 1000px) 100vw, 1000px\" \/><\/figure>\n\n\n<div class=\"gb-container gb-container-98b4471b\">\n\n<p class=\"gb-headline gb-headline-44cbcbf8 gb-headline-text\">Neu bei Sorare? Sie m\u00f6chten Anf\u00e4ngerfehler vermeiden und Ihre Chancen maximieren, so fr\u00fch wie m\u00f6glich nach dem Einstieg vom Spiel zu profitieren? Mein Sorare-Einsteigerleitfaden hilft Ihnen genau dabei \u2013 und noch viel mehr. <\/p>\n\n\n\n<a class=\"gb-button gb-button-ff8e8a3a gb-button-text\" href=\"https:\/\/sorareceo.com\/de\/sorare-tutorial\/\" target=\"_blank\" rel=\"noopener noreferrer\">LESEN SIE HIER<\/a>\n\n<\/div>\n<\/div>\n<\/div>\n\n<div class=\"gb-container gb-container-5732aabf\">\n<div class=\"gb-container gb-container-84b12203\">\n\n<h2 class=\"gb-headline gb-headline-a59e7235 gb-headline-text\">Spielbewertung<\/h2>\n\n\n\n<figure class=\"wp-block-image size-full is-resized\"><img loading=\"lazy\" decoding=\"async\" width=\"1000\" height=\"1000\" src=\"http:\/\/sorareceo.com\/wp-content\/uploads\/2025\/08\/review-homepage.webp\" alt=\"\" class=\"wp-image-35262\" style=\"object-fit:cover;width:300px;height:300px\" srcset=\"https:\/\/sorareceo.com\/wp-content\/uploads\/2025\/08\/review-homepage.webp 1000w, https:\/\/sorareceo.com\/wp-content\/uploads\/2025\/08\/review-homepage-300x300.webp 300w, https:\/\/sorareceo.com\/wp-content\/uploads\/2025\/08\/review-homepage-150x150.webp 150w, https:\/\/sorareceo.com\/wp-content\/uploads\/2025\/08\/review-homepage-768x768.webp 768w\" sizes=\"auto, (max-width: 1000px) 100vw, 1000px\" \/><\/figure>\n\n\n<div class=\"gb-container gb-container-5d281bbd\">\n\n<p class=\"gb-headline gb-headline-e815eb18 gb-headline-text\">Sind Sie noch unsicher, ob das Spiel zu Ihnen passt? Lesen Sie meine Sorare-Bewertung, in der Sie mein ehrlichstes Feedback zum Produkt finden und erfahren, wie es sich von anderen Fantasy-Sport-Plattformen unterscheidet. Wie jedes Spiel hat es Vor- und Nachteile.<\/p>\n\n\n\n<a class=\"gb-button gb-button-2dee9ba5 gb-button-text\" href=\"https:\/\/sorareceo.com\/de\/sorare-bewertung\/\" target=\"_blank\" rel=\"noopener noreferrer\">LESEN SIE HIER<\/a>\n\n<\/div>\n<\/div>\n<\/div>\n\n<div class=\"gb-container gb-container-9a12ce94\">\n<div class=\"gb-container gb-container-4a74dada\">\n\n<h2 class=\"gb-headline gb-headline-7b49ca4e gb-headline-text\">Angebot zur Anmeldung<\/h2>\n\n\n\n<figure class=\"wp-block-image size-full is-resized\"><img loading=\"lazy\" decoding=\"async\" width=\"1000\" height=\"1000\" src=\"http:\/\/sorareceo.com\/wp-content\/uploads\/2025\/08\/sign-up-offer-homepage.webp\" alt=\"\" class=\"wp-image-35309\" style=\"object-fit:cover;width:300px;height:300px\" srcset=\"https:\/\/sorareceo.com\/wp-content\/uploads\/2025\/08\/sign-up-offer-homepage.webp 1000w, https:\/\/sorareceo.com\/wp-content\/uploads\/2025\/08\/sign-up-offer-homepage-300x300.webp 300w, https:\/\/sorareceo.com\/wp-content\/uploads\/2025\/08\/sign-up-offer-homepage-150x150.webp 150w, https:\/\/sorareceo.com\/wp-content\/uploads\/2025\/08\/sign-up-offer-homepage-768x768.webp 768w\" sizes=\"auto, (max-width: 1000px) 100vw, 1000px\" \/><\/figure>\n\n\n<div class=\"gb-container gb-container-9727e384\">\n\n<p class=\"gb-headline gb-headline-e3c72453 gb-headline-text\">Wenn Sie die (richtige) Entscheidung getroffen haben, dem Spiel beizutreten, habe ich ein Geschenk f\u00fcr Sie. Werden Sie einer der SorareCEO-Leser, die einen Willkommensbonus erhalten und so einen Vorsprung gegen\u00fcber anderen Managern haben. Entdecken Sie hier die aktuelle Aktion.   <\/p>\n\n\n\n<a class=\"gb-button gb-button-fc86622e gb-button-text\" href=\"https:\/\/sorareceo.com\/de\/sorare-anmelde-angebot\/\" target=\"_blank\" rel=\"noopener noreferrer\">LESEN SIE HIER<\/a>\n\n<\/div>\n<\/div>\n<\/div>\n<\/div>","protected":false},"excerpt":{"rendered":"<p>Willkommen bei SorareCEO Der Ort f\u00fcr Sorare-Anleitungen, Tutorials und Strategien. Einsteigerleitfaden Neu bei Sorare? Sie m\u00f6chten Anf\u00e4ngerfehler vermeiden und Ihre Chancen maximieren, so fr\u00fch wie m\u00f6glich nach dem Einstieg vom Spiel zu profitieren? Mein Sorare-Einsteigerleitfaden hilft Ihnen genau dabei \u2013 und noch viel mehr. Spielbewertung Sind Sie noch unsicher, ob das Spiel zu Ihnen passt? &#8230; <a title=\"SorareCEO.com \u2013 Ihr vertrauensw\u00fcrdiger Ratgeber f\u00fcr Sorare\" class=\"read-more\" href=\"https:\/\/sorareceo.com\/de\/\" aria-label=\"Mehr Informationen \u00fcber SorareCEO.com \u2013 Ihr vertrauensw\u00fcrdiger Ratgeber f\u00fcr Sorare\">Weiterlesen &#8230;<\/a><\/p>\n","protected":false},"author":1,"featured_media":34297,"parent":0,"menu_order":0,"comment_status":"closed","ping_status":"closed","template":"","meta":{"footnotes":""},"class_list":["post-31166","page","type-page","status-publish","has-post-thumbnail"],"yoast_head":"<!-- This site is optimized with the Yoast SEO plugin v26.6 - https:\/\/yoast.com\/wordpress\/plugins\/seo\/ -->\n<title>SorareCEO.com \u2013 Ihr vertrauensw\u00fcrdiger Ratgeber f\u00fcr Sorare<\/title>\n<meta name=\"description\" content=\"SorareCEO ist Ihre zuverl\u00e4ssige Quelle f\u00fcr Anleitungen, Tutorials, Tipps, Strategien und Neuigkeiten rund um Sorare.\" \/>\n<meta name=\"robots\" content=\"index, follow, max-snippet:-1, max-image-preview:large, max-video-preview:-1\" \/>\n<link rel=\"canonical\" href=\"https:\/\/sorareceo.com\/de\/\" \/>\n<meta property=\"og:locale\" content=\"de_DE\" \/>\n<meta property=\"og:type\" content=\"article\" \/>\n<meta property=\"og:title\" content=\"SorareCEO.com \u2013 Ihr vertrauensw\u00fcrdiger Ratgeber f\u00fcr Sorare\" \/>\n<meta property=\"og:description\" content=\"SorareCEO ist Ihre zuverl\u00e4ssige Quelle f\u00fcr Anleitungen, Tutorials, Tipps, Strategien und Neuigkeiten rund um Sorare.\" \/>\n<meta property=\"og:url\" content=\"https:\/\/sorareceo.com\/de\/\" \/>\n<meta property=\"og:site_name\" content=\"SorareCEO - Your Place for Sorare Strategies &amp; Tips\" \/>\n<meta property=\"article:modified_time\" content=\"2025-08-13T21:53:47+00:00\" \/>\n<meta property=\"og:image\" content=\"https:\/\/sorareceo.com\/wp-content\/uploads\/2025\/08\/icon.webp\" \/>\n\t<meta property=\"og:image:width\" content=\"100\" \/>\n\t<meta property=\"og:image:height\" content=\"100\" \/>\n\t<meta property=\"og:image:type\" content=\"image\/webp\" \/>\n<meta name=\"twitter:card\" content=\"summary_large_image\" \/>\n<meta name=\"twitter:label1\" content=\"Gesch\u00e4tzte Lesezeit\" \/>\n\t<meta name=\"twitter:data1\" content=\"2\u00a0Minuten\" \/>\n<script type=\"application\/ld+json\" class=\"yoast-schema-graph\">{\"@context\":\"https:\/\/schema.org\",\"@graph\":[{\"@type\":\"WebPage\",\"@id\":\"https:\/\/sorareceo.com\/de\/\",\"url\":\"https:\/\/sorareceo.com\/de\/\",\"name\":\"SorareCEO.com \u2013 Ihr vertrauensw\u00fcrdiger Ratgeber f\u00fcr Sorare\",\"isPartOf\":{\"@id\":\"https:\/\/sorareceo.com\/#website\"},\"primaryImageOfPage\":{\"@id\":\"https:\/\/sorareceo.com\/de\/#primaryimage\"},\"image\":{\"@id\":\"https:\/\/sorareceo.com\/de\/#primaryimage\"},\"thumbnailUrl\":\"https:\/\/sorareceo.com\/wp-content\/uploads\/2025\/08\/icon.webp\",\"datePublished\":\"2025-01-04T00:18:52+00:00\",\"dateModified\":\"2025-08-13T21:53:47+00:00\",\"description\":\"SorareCEO ist Ihre zuverl\u00e4ssige Quelle f\u00fcr Anleitungen, Tutorials, Tipps, Strategien und Neuigkeiten rund um Sorare.\",\"breadcrumb\":{\"@id\":\"https:\/\/sorareceo.com\/de\/#breadcrumb\"},\"inLanguage\":\"de\",\"potentialAction\":[{\"@type\":\"ReadAction\",\"target\":[\"https:\/\/sorareceo.com\/de\/\"]}]},{\"@type\":\"ImageObject\",\"inLanguage\":\"de\",\"@id\":\"https:\/\/sorareceo.com\/de\/#primaryimage\",\"url\":\"https:\/\/sorareceo.com\/wp-content\/uploads\/2025\/08\/icon.webp\",\"contentUrl\":\"https:\/\/sorareceo.com\/wp-content\/uploads\/2025\/08\/icon.webp\",\"width\":100,\"height\":100},{\"@type\":\"BreadcrumbList\",\"@id\":\"https:\/\/sorareceo.com\/de\/#breadcrumb\",\"itemListElement\":[{\"@type\":\"ListItem\",\"position\":1,\"name\":\"Home\",\"item\":\"https:\/\/sorareceo.com\/de\/\"},{\"@type\":\"ListItem\",\"position\":2,\"name\":\"SorareCEO.com \u2013 Ihr vertrauensw\u00fcrdiger Ratgeber f\u00fcr Sorare\"}]},{\"@type\":\"WebSite\",\"@id\":\"https:\/\/sorareceo.com\/#website\",\"url\":\"https:\/\/sorareceo.com\/\",\"name\":\"SorareCEO - Your Place for Sorare Strategies &amp; Tips\",\"description\":\"The best place for up-to-date Sorare strategies, guides &amp; tips.\",\"publisher\":{\"@id\":\"https:\/\/sorareceo.com\/#organization\"},\"potentialAction\":[{\"@type\":\"SearchAction\",\"target\":{\"@type\":\"EntryPoint\",\"urlTemplate\":\"https:\/\/sorareceo.com\/?s={search_term_string}\"},\"query-input\":{\"@type\":\"PropertyValueSpecification\",\"valueRequired\":true,\"valueName\":\"search_term_string\"}}],\"inLanguage\":\"de\"},{\"@type\":\"Organization\",\"@id\":\"https:\/\/sorareceo.com\/#organization\",\"name\":\"SorareCEO - Your Place for Sorare Strategies &amp; Tips\",\"url\":\"https:\/\/sorareceo.com\/\",\"logo\":{\"@type\":\"ImageObject\",\"inLanguage\":\"de\",\"@id\":\"https:\/\/sorareceo.com\/#\/schema\/logo\/image\/\",\"url\":\"https:\/\/sorareceo.com\/wp-content\/uploads\/2025\/08\/new-logo.webp\",\"contentUrl\":\"https:\/\/sorareceo.com\/wp-content\/uploads\/2025\/08\/new-logo.webp\",\"width\":500,\"height\":150,\"caption\":\"SorareCEO - Your Place for Sorare Strategies &amp; Tips\"},\"image\":{\"@id\":\"https:\/\/sorareceo.com\/#\/schema\/logo\/image\/\"}}]}<\/script>\n<!-- \/ Yoast SEO plugin. -->","yoast_head_json":{"title":"SorareCEO.com \u2013 Ihr vertrauensw\u00fcrdiger Ratgeber f\u00fcr Sorare","description":"SorareCEO ist Ihre zuverl\u00e4ssige Quelle f\u00fcr Anleitungen, Tutorials, Tipps, Strategien und Neuigkeiten rund um Sorare.","robots":{"index":"index","follow":"follow","max-snippet":"max-snippet:-1","max-image-preview":"max-image-preview:large","max-video-preview":"max-video-preview:-1"},"canonical":"https:\/\/sorareceo.com\/de\/","og_locale":"de_DE","og_type":"article","og_title":"SorareCEO.com \u2013 Ihr vertrauensw\u00fcrdiger Ratgeber f\u00fcr Sorare","og_description":"SorareCEO ist Ihre zuverl\u00e4ssige Quelle f\u00fcr Anleitungen, Tutorials, Tipps, Strategien und Neuigkeiten rund um Sorare.","og_url":"https:\/\/sorareceo.com\/de\/","og_site_name":"SorareCEO - Your Place for Sorare Strategies &amp; Tips","article_modified_time":"2025-08-13T21:53:47+00:00","og_image":[{"width":100,"height":100,"url":"https:\/\/sorareceo.com\/wp-content\/uploads\/2025\/08\/icon.webp","type":"image\/webp"}],"twitter_card":"summary_large_image","twitter_misc":{"Gesch\u00e4tzte Lesezeit":"2\u00a0Minuten"},"schema":{"@context":"https:\/\/schema.org","@graph":[{"@type":"WebPage","@id":"https:\/\/sorareceo.com\/de\/","url":"https:\/\/sorareceo.com\/de\/","name":"SorareCEO.com \u2013 Ihr vertrauensw\u00fcrdiger Ratgeber f\u00fcr Sorare","isPartOf":{"@id":"https:\/\/sorareceo.com\/#website"},"primaryImageOfPage":{"@id":"https:\/\/sorareceo.com\/de\/#primaryimage"},"image":{"@id":"https:\/\/sorareceo.com\/de\/#primaryimage"},"thumbnailUrl":"https:\/\/sorareceo.com\/wp-content\/uploads\/2025\/08\/icon.webp","datePublished":"2025-01-04T00:18:52+00:00","dateModified":"2025-08-13T21:53:47+00:00","description":"SorareCEO ist Ihre zuverl\u00e4ssige Quelle f\u00fcr Anleitungen, Tutorials, Tipps, Strategien und Neuigkeiten rund um Sorare.","breadcrumb":{"@id":"https:\/\/sorareceo.com\/de\/#breadcrumb"},"inLanguage":"de","potentialAction":[{"@type":"ReadAction","target":["https:\/\/sorareceo.com\/de\/"]}]},{"@type":"ImageObject","inLanguage":"de","@id":"https:\/\/sorareceo.com\/de\/#primaryimage","url":"https:\/\/sorareceo.com\/wp-content\/uploads\/2025\/08\/icon.webp","contentUrl":"https:\/\/sorareceo.com\/wp-content\/uploads\/2025\/08\/icon.webp","width":100,"height":100},{"@type":"BreadcrumbList","@id":"https:\/\/sorareceo.com\/de\/#breadcrumb","itemListElement":[{"@type":"ListItem","position":1,"name":"Home","item":"https:\/\/sorareceo.com\/de\/"},{"@type":"ListItem","position":2,"name":"SorareCEO.com \u2013 Ihr vertrauensw\u00fcrdiger Ratgeber f\u00fcr Sorare"}]},{"@type":"WebSite","@id":"https:\/\/sorareceo.com\/#website","url":"https:\/\/sorareceo.com\/","name":"SorareCEO - Your Place for Sorare Strategies &amp; Tips","description":"The best place for up-to-date Sorare strategies, guides &amp; tips.","publisher":{"@id":"https:\/\/sorareceo.com\/#organization"},"potentialAction":[{"@type":"SearchAction","target":{"@type":"EntryPoint","urlTemplate":"https:\/\/sorareceo.com\/?s={search_term_string}"},"query-input":{"@type":"PropertyValueSpecification","valueRequired":true,"valueName":"search_term_string"}}],"inLanguage":"de"},{"@type":"Organization","@id":"https:\/\/sorareceo.com\/#organization","name":"SorareCEO - Your Place for Sorare Strategies &amp; Tips","url":"https:\/\/sorareceo.com\/","logo":{"@type":"ImageObject","inLanguage":"de","@id":"https:\/\/sorareceo.com\/#\/schema\/logo\/image\/","url":"https:\/\/sorareceo.com\/wp-content\/uploads\/2025\/08\/new-logo.webp","contentUrl":"https:\/\/sorareceo.com\/wp-content\/uploads\/2025\/08\/new-logo.webp","width":500,"height":150,"caption":"SorareCEO - Your Place for Sorare Strategies &amp; Tips"},"image":{"@id":"https:\/\/sorareceo.com\/#\/schema\/logo\/image\/"}}]}},"_links":{"self":[{"href":"https:\/\/sorareceo.com\/de\/wp-json\/wp\/v2\/pages\/31166","targetHints":{"allow":["GET"]}}],"collection":[{"href":"https:\/\/sorareceo.com\/de\/wp-json\/wp\/v2\/pages"}],"about":[{"href":"https:\/\/sorareceo.com\/de\/wp-json\/wp\/v2\/types\/page"}],"author":[{"embeddable":true,"href":"https:\/\/sorareceo.com\/de\/wp-json\/wp\/v2\/users\/1"}],"replies":[{"embeddable":true,"href":"https:\/\/sorareceo.com\/de\/wp-json\/wp\/v2\/comments?post=31166"}],"version-history":[{"count":9,"href":"https:\/\/sorareceo.com\/de\/wp-json\/wp\/v2\/pages\/31166\/revisions"}],"predecessor-version":[{"id":36401,"href":"https:\/\/sorareceo.com\/de\/wp-json\/wp\/v2\/pages\/31166\/revisions\/36401"}],"wp:featuredmedia":[{"embeddable":true,"href":"https:\/\/sorareceo.com\/de\/wp-json\/wp\/v2\/media\/34297"}],"wp:attachment":[{"href":"https:\/\/sorareceo.com\/de\/wp-json\/wp\/v2\/media?parent=31166"}],"curies":[{"name":"wp","href":"https:\/\/api.w.org\/{rel}","templated":true}]}}