{"id":37763,"date":"2022-10-21T00:49:42","date_gmt":"2022-10-21T00:49:42","guid":{"rendered":"https:\/\/sorareceo.com\/sorare-sign-up-offer\/"},"modified":"2025-08-27T00:55:15","modified_gmt":"2025-08-27T00:55:15","slug":"sorare-tilmeldingstilbud","status":"publish","type":"page","link":"https:\/\/sorareceo.com\/da\/sorare-tilmeldingstilbud\/","title":{"rendered":"Sorare-tilmeldingstilbud [$150 at bruge p\u00e5 kort i 2025]"},"content":{"rendered":"\n<p>Selvom registrering p\u00e5 Sorare er helt gratis og hurtigt klaret, er det langt fra alle, der kender til Sorare-tilmeldingsbonussen, som giver dig et forspring foran de fleste nye managers.<\/p>\n\n\n\n<p>Da SorareCEO.com er en certificeret affiliate-partner til spillet, er den eksklusive Sorare-bonus, vi tilbyder vores l\u00e6sere, den bedste p\u00e5 markedet \u2013 nu med hele 150 $ i markedscredits!<\/p>\n\n\n\n<p>L\u00e6s videre for at finde ud af, hvordan du aktiverer bonussen \u2013 og kom i gang med at bygge din samling meget billigere end de fleste andre nybegyndere.<\/p>\n\n\n\n<h2 class=\"wp-block-heading gb-headline gb-headline-f1a263a9 gb-headline-text\">Sorare tilmeldingsbonus trin for trin<\/h2>\n\n\n\n<p>Jeg ville virkelig \u00f8nske, at Sorare tilb\u00f8d nye brugere det samme, som de g\u00f8r nu, da jeg startede min rejse i 2022. Dengang fik jeg som ny manager en gratis Limited-kort til en v\u00e6rdi af under 2 $. Og jeg var ovenik\u00f8bet n\u00f8dt til at k\u00f8be 5 kort f\u00f8rst for at f\u00e5 den!<\/p>\n\n\n<div class=\"gb-container gb-container-86147414 offer-content\"><div class=\"gb-inside-container\">\n<div class=\"gb-grid-wrapper gb-grid-wrapper-1f0ac75f\">\n<div class=\"gb-grid-column gb-grid-column-d0516e33\"><div class=\"gb-container gb-container-d0516e33\"><div class=\"gb-inside-container\">\n\n<p class=\"gb-headline gb-headline-09f7489c gb-headline-text\">TILBUD VED TILMELDING<\/p>\n\n\n\n<p class=\"gb-headline gb-headline-eeb2c06c gb-headline-text\">Registr\u00e9r dig p\u00e5 Sorare med dette tilbud og f\u00e5 $150 gratis til at bruge p\u00e5 kort.<\/p>\n\n<\/div><\/div><\/div>\n\n<div class=\"gb-grid-column gb-grid-column-53f5d8fa\"><div class=\"gb-container gb-container-53f5d8fa\"><div class=\"gb-inside-container\">\n\n<div class=\"wp-block-buttons has-border-color is-horizontal is-content-justification-center is-layout-flex wp-container-core-buttons-is-layout-29bd5dc9 wp-block-buttons-is-layout-flex\" style=\"border-color:var(--base-3);border-width:3px;border-radius:12px\">\n<div class=\"wp-block-button has-custom-width wp-block-button__width-100 aligncenter is-style-fill\"><a class=\"wp-block-button__link has-base-3-color has-accent-background-color has-text-color has-background has-custom-font-size wp-element-button\" href=\"https:\/\/sorare.pxf.io\/Nk0GkP\" style=\"border-radius:10px;font-size:22px;font-style:normal;font-weight:1000\" target=\"_blank\" rel=\"noreferrer noopener nofollow\">F\u00c5 \u20ac150 NU<\/a><\/div>\n<\/div>\n\n<\/div><\/div><\/div>\n<\/div>\n<\/div><\/div><div class=\"gb-container gb-container-72194729\">\n\n<figure class=\"gb-block-image gb-block-image-176ca640\"><img loading=\"lazy\" decoding=\"async\" width=\"700\" height=\"350\" class=\"gb-image gb-image-176ca640\" src=\"http:\/\/sorareceo.com\/wp-content\/uploads\/2023\/03\/banner-cards.webp\" alt=\"\" title=\"banner-cards\" srcset=\"https:\/\/sorareceo.com\/wp-content\/uploads\/2023\/03\/banner-cards.webp 700w, https:\/\/sorareceo.com\/wp-content\/uploads\/2023\/03\/banner-cards-300x150.webp 300w\" sizes=\"auto, (max-width: 700px) 100vw, 700px\" \/><\/figure>\n\n\n\n<div class=\"gb-headline gb-headline-d537e29c gb-headline-text\">TILBUD VED TILMELDING<\/div>\n\n\n\n<div class=\"gb-headline gb-headline-563ddc24 gb-headline-text\">TILMELD DIG SORARE I DAG OG F\u00c5 $150 GRATIS TIL AT BRUGE P\u00c5 KORT.<\/div>\n\n\n\n<a class=\"gb-button gb-button-40af701f\" href=\"https:\/\/sorare.pxf.io\/Nk0GkP\" target=\"_blank\" rel=\"nofollow noopener noreferrer\"><span class=\"gb-icon\"><svg xmlns=\"http:\/\/www.w3.org\/2000\/svg\" aria-hidden=\"true\" role=\"img\" height=\"1em\" width=\"1em\" viewbox=\"0 0 448 512\"><path fill=\"currentColor\" d=\"M416 208H272V64c0-17.67-14.33-32-32-32h-32c-17.67 0-32 14.33-32 32v144H32c-17.67 0-32 14.33-32 32v32c0 17.67 14.33 32 32 32h144v144c0 17.67 14.33 32 32 32h32c17.67 0 32-14.33 32-32V304h144c17.67 0 32-14.33 32-32v-32c0-17.67-14.33-32-32-32z\"><\/path><\/svg><\/span><span class=\"gb-button-text\">TILMELD DIG HER<\/span><\/a>\n\n<\/div>\n\n\n<p>Sammenlignet med det f\u00e5r du nu noget, der er 75 gange bedre. De 150 $ i markedscredits, der er tilg\u00e6ngelige for mine l\u00e6sere, er uden tvivl den bedste Sorare-tilmeldingsbonus nogensinde, og jeg er virkelig begejstret for, at du nu kun er f\u00e5 klik v\u00e6k fra at f\u00e5 den!<\/p>\n\n\n<div class=\"gb-container gb-container-8b2e3d1b pro-tip\">\n\n<h3 class=\"wp-block-heading\">\ud83d\udcdd <strong>Bonusbetingelser:<\/strong><\/h3>\n\n\n\n<ul class=\"wp-block-list\">\n<li><strong>Bel\u00f8b:<\/strong> 150 $ (eller \u00a3, eller \u20ac) i markedscredits til k\u00f8b af kort<\/li>\n\n\n\n<li><strong>Udl\u00f8bsdato:<\/strong> 12 m\u00e5neder<\/li>\n\n\n\n<li><strong>Betingelser:<\/strong> Kreditterne fungerer som en 50 % rabat p\u00e5 dine k\u00f8b p\u00e5 Prim\u00e6rmarkedet. K\u00f8ber du et kort til 20 $, betaler du kun 10 $. K\u00f8ber du et kort til 100 $, betaler du 50 $, osv. Du kan enten bruge alle 150 $ p\u00e5 \u00e9n gang eller sprede rabatten over flere k\u00f8b.<\/li>\n<\/ul>\n\n<\/div>\n\n\n<p>Nu hvor du ved, hvordan denne Sorare-bonus fungerer, lad os g\u00e5 videre til aktiveringen.<\/p>\n\n\n\n<h3 class=\"wp-block-heading\">Trin 1: Brug den rigtige partnerlink<\/h3>\n\n\n\n<p>For at f\u00e5 tilskrevet de 150 $ skal du bruge mit Sorare-partnerlink. P\u00e5 den m\u00e5de giver du ikke kun dig selv en stor fordel i spillet, men du st\u00f8tter ogs\u00e5 mit arbejde (p\u00e5 forh\u00e5nd tak! \ud83d\ude42 ).<\/p>\n\n\n\n<p>For at komme i gang skal du <a href=\"https:\/\/sorare.pxf.io\/Nk0GkP\" target=\"_blank\" rel=\"noreferrer noopener nofollow\">klikke her<\/a>.<\/p>\n\n\n\n<h3 class=\"wp-block-heading\">Trin 2: V\u00e6lg dit manager-navn<\/h3>\n\n\n\n<figure class=\"wp-block-image size-large\"><img loading=\"lazy\" decoding=\"async\" width=\"1024\" height=\"445\" src=\"http:\/\/sorareceo.com\/wp-content\/uploads\/2025\/08\/offer-claim-screenshot-1024x445.webp\" alt=\"\" class=\"wp-image-31443\" srcset=\"https:\/\/sorareceo.com\/wp-content\/uploads\/2025\/08\/offer-claim-screenshot-1024x445.webp 1024w, https:\/\/sorareceo.com\/wp-content\/uploads\/2025\/08\/offer-claim-screenshot-300x130.webp 300w, https:\/\/sorareceo.com\/wp-content\/uploads\/2025\/08\/offer-claim-screenshot-768x334.webp 768w, https:\/\/sorareceo.com\/wp-content\/uploads\/2025\/08\/offer-claim-screenshot-1536x668.webp 1536w, https:\/\/sorareceo.com\/wp-content\/uploads\/2025\/08\/offer-claim-screenshot-2048x890.webp 2048w\" sizes=\"auto, (max-width: 1024px) 100vw, 1024px\" \/><\/figure>\n\n\n\n<p>N\u00e5r du klikker p\u00e5 linket, lander du p\u00e5 en side, der ligner den ovenfor. Her v\u00e6lger du dit <strong>manager-navn<\/strong> \u2013 navnet, som vil vises p\u00e5 ranglisterne og i fremtidige handler.<\/p>\n\n\n\n<p>Overt\u00e6nk det ikke! Du kan altid \u00e6ndre dit navn senere, hvis du finder p\u00e5 noget bedre.<\/p>\n\n\n\n<h3 class=\"wp-block-heading\">Trin 3: V\u00e6lg registreringsmetode<\/h3>\n\n\n\n<figure class=\"wp-block-image size-large\"><img loading=\"lazy\" decoding=\"async\" width=\"1024\" height=\"436\" src=\"http:\/\/sorareceo.com\/wp-content\/uploads\/2025\/07\/sorare-start-screenshot-email-1024x436.webp\" alt=\"\" class=\"wp-image-31185\" srcset=\"https:\/\/sorareceo.com\/wp-content\/uploads\/2025\/07\/sorare-start-screenshot-email-1024x436.webp 1024w, https:\/\/sorareceo.com\/wp-content\/uploads\/2025\/07\/sorare-start-screenshot-email-300x128.webp 300w, https:\/\/sorareceo.com\/wp-content\/uploads\/2025\/07\/sorare-start-screenshot-email-768x327.webp 768w, https:\/\/sorareceo.com\/wp-content\/uploads\/2025\/07\/sorare-start-screenshot-email-1536x654.webp 1536w, https:\/\/sorareceo.com\/wp-content\/uploads\/2025\/07\/sorare-start-screenshot-email-2048x872.webp 2048w\" sizes=\"auto, (max-width: 1024px) 100vw, 1024px\" \/><\/figure>\n\n\n\n<p>Hvis dit valgte navn er ledigt, g\u00e5r du videre til n\u00e6ste trin. Her skal du:<\/p>\n\n\n\n<ul class=\"wp-block-list\">\n<li>Bekr\u00e6fte, at du er mindst 16 \u00e5r gammel (minimumsalderen for at spille Sorare)<\/li>\n\n\n\n<li>Acceptere Vilk\u00e5r &amp; Betingelser samt Privatlivspolitik<\/li>\n\n\n\n<li>V\u00e6lge din foretrukne registreringsmetode: e-mail, Google eller Apple<\/li>\n<\/ul>\n\n\n\n<p class=\"pro-tip\">\ud83d\udca1 <strong>PRO TIP:<\/strong> Allerede registreret uden at bruge mit velkomsttilbud? Intet problem \u2013 du kan stadig f\u00e5 det! Hvis du endnu ikke har k\u00f8bt nogen kort, kan du registrere dig igen med en anden e-mail og f\u00e5 den samme bonus p\u00e5 150 $, som alle SorareCEO-l\u00e6sere.<\/p>\n\n\n\n<p>Til sidst: husk at lave et st\u00e6rkt kodeord. Det bliver din n\u00f8gle til at f\u00e5 adgang til din Sorare-konto og hele markedspladsen.<\/p>\n\n\n\n<h2 class=\"wp-block-heading\">Findes der en bedre Sorare-bonus?<\/h2>\n\n\n\n<p>P\u00e5 tidspunktet hvor denne artikel skrives, kan jeg med stolthed sige, at den beskrevne Sorare-tilmeldingsbonus er den bedste tilg\u00e6ngelige for nye managers. Ingen anden partner tilbyder mere end 150 $ i kreditter!<\/p>\n\n\n\n<p>Desv\u00e6rre findes der sider, der pr\u00f8ver at narre dig til at tro, at du kan f\u00e5 et gratis Rare, Super Rare eller endda Unique-kort som velkomstbonus. Det er ikke andet end uetiske tricks for at f\u00e5 dig til at registrere dig via deres affiliate-link.<\/p>\n\n\n\n<p>Hvis der kommer et nyt Sorare-tilbud i fremtiden, vil mine l\u00e6sere v\u00e6re de f\u00f8rste til at h\u00f8re om det.<\/p>\n\n\n\n<h2 class=\"wp-block-heading\">Mere om spillet<\/h2>\n\n\n\n<p>Sorare blev skabt i 2019 af to franske ingeni\u00f8rer \u2013 Nicolas Julia og Adrien Montfort \u2013 som deler en passion for fodbold og teknologi. Siden da er Sorare blevet den f\u00f8rende fantasy-sportsplatform globalt.<\/p>\n\n\n\n<p>Succesen er ikke tilf\u00e6ldig. Sorare kombinerer officielt licenserede digitale kort, reelle spillerpr\u00e6stationer og v\u00e6rdifulde pr\u00e6mier, hvilket har fanget opm\u00e6rksomheden verden over. Selv store sportsstjerner som Kylian Mbapp\u00e9 og tennisspilleren Serena Williams har investeret i projektet.<\/p>\n\n\n\n<p>Det, der g\u00f8r Sorare unikt, er, at hvert kort, du ejer, er en \u00e6gte digital aktiv. Platformen sporer ejerskabet transparent, og du kan frit bruge dine kort i konkurrencer, gemme dem som samlerobjekter eller handle dem p\u00e5 markedet. Din strategi, dit valg.<\/p>\n\n\n\n<figure class=\"wp-block-image gb-block-image gb-block-image-dbe1eb87\"><img decoding=\"async\" src=\"https:\/\/www.sorareceo.com\/wp-content\/uploads\/2022\/12\/logo-sorare.png\" alt=\"Sorare logo\" title=\"logo-sorare\"\/><\/figure>\n\n\n\n<p>Du kan f\u00e5 nye kort p\u00e5 to m\u00e5der: ved at k\u00f8be dem p\u00e5 Sorare\u2019s markedsplads eller vinde dem i turneringer. N\u00e5r du har et par kort i dit galleri, kan du begynde at bygge hold og deltage i de ugentlige konkurrencer.<\/p>\n\n\n\n<p>Nye managers starter med en samling gratis Common-kort, s\u00e5 de kan pr\u00f8ve spillet uden at bruge penge. Men hvis du vil op p\u00e5 ranglisterne og vinde seri\u00f8se pr\u00e6mier, skal du g\u00e5 efter sj\u00e6ldnere kort \u2013 Limited, Rare, Super Rare eller Unique \u2013 som giver adgang til de h\u00f8jere turneringsniveauer.<\/p>\n\n\n\n<p>Hovedm\u00e5let er simpelt: byg dit st\u00e6rkeste hold p\u00e5 fem spillere og sl\u00e5 de andre managers baseret p\u00e5 reelle spillerstatistikker. Jo bedre dine spillere pr\u00e6sterer p\u00e5 banen, desto flere fantasy-point scorer du. Disse point kan f\u00f8re til kontantpr\u00e6mier, nye kort og global anerkendelse.<\/p>\n\n\n\n<p>Hvis du vil undg\u00e5 begynderfejl og f\u00e5 succes hurtigere end andre, kan du l\u00e6se min guide for nybegyndere om <a href=\"https:\/\/sorareceo.com\/da\/sorare-tutorial\/\" target=\"_blank\" rel=\"noreferrer noopener\">hvordan man spiller Sorare<\/a>.<\/p>\n\n\n\n<p class=\"pro-tip\">Hvis du har problemer med at aktivere din Sorare-bonus, er du velkommen til at kontakte mig p\u00e5 Twitter <em>@SorareCEOx<\/em> eller sende mig en <a href=\"mailto:contact@sorareceo.com\" target=\"_blank\" rel=\"noreferrer noopener nofollow\">e-mail<\/a>.<\/p>\n","protected":false},"excerpt":{"rendered":"<p>Selvom registrering p\u00e5 Sorare er helt gratis og hurtigt klaret, er det langt fra alle, der kender til Sorare-tilmeldingsbonussen, som giver dig et forspring foran de fleste nye managers. Da SorareCEO.com er en certificeret affiliate-partner til spillet, er den eksklusive Sorare-bonus, vi tilbyder vores l\u00e6sere, den bedste p\u00e5 markedet \u2013 nu med hele 150 $ &#8230; <a title=\"Sorare-tilmeldingstilbud [$150 at bruge p\u00e5 kort i 2025]\" class=\"read-more\" href=\"https:\/\/sorareceo.com\/da\/sorare-tilmeldingstilbud\/\" aria-label=\"Read more about Sorare-tilmeldingstilbud [$150 at bruge p\u00e5 kort i 2025]\">L\u00e6s Mere<\/a><\/p>\n","protected":false},"author":1,"featured_media":34403,"parent":0,"menu_order":0,"comment_status":"closed","ping_status":"closed","template":"","meta":{"footnotes":""},"class_list":["post-37763","page","type-page","status-publish","has-post-thumbnail"],"yoast_head":"<!-- This site is optimized with the Yoast SEO plugin v26.6 - https:\/\/yoast.com\/wordpress\/plugins\/seo\/ -->\n<title>Sorare-tilmeldingstilbud [$150 at bruge p\u00e5 kort i 2025]<\/title>\n<meta name=\"description\" content=\"Sorares tilmeldingstilbud til l\u00e6serne af min hjemmeside er nu gratis $150 i kreditter, som kan bruges p\u00e5 nye kort! F\u00e5 det HER.\" \/>\n<meta name=\"robots\" content=\"index, follow, max-snippet:-1, max-image-preview:large, max-video-preview:-1\" \/>\n<link rel=\"canonical\" href=\"https:\/\/sorareceo.com\/da\/sorare-tilmeldingstilbud\/\" \/>\n<meta property=\"og:locale\" content=\"da_DK\" \/>\n<meta property=\"og:type\" content=\"article\" \/>\n<meta property=\"og:title\" content=\"Sorare-tilmeldingstilbud [$150 at bruge p\u00e5 kort i 2025]\" \/>\n<meta property=\"og:description\" content=\"Sorares tilmeldingstilbud til l\u00e6serne af min hjemmeside er nu gratis $150 i kreditter, som kan bruges p\u00e5 nye kort! F\u00e5 det HER.\" \/>\n<meta property=\"og:url\" content=\"https:\/\/sorareceo.com\/da\/sorare-tilmeldingstilbud\/\" \/>\n<meta property=\"og:site_name\" content=\"SorareCEO - Your Place for Sorare Strategies &amp; Tips\" \/>\n<meta property=\"article:modified_time\" content=\"2025-08-27T00:55:15+00:00\" \/>\n<meta property=\"og:image\" content=\"https:\/\/sorareceo.com\/wp-content\/uploads\/2025\/08\/sorare-sign-up-offer-featured.webp\" \/>\n\t<meta property=\"og:image:width\" content=\"966\" \/>\n\t<meta property=\"og:image:height\" content=\"692\" \/>\n\t<meta property=\"og:image:type\" content=\"image\/webp\" \/>\n<meta name=\"twitter:card\" content=\"summary_large_image\" \/>\n<meta name=\"twitter:label1\" content=\"Estimeret l\u00e6setid\" \/>\n\t<meta name=\"twitter:data1\" content=\"6 minutter\" \/>\n<script type=\"application\/ld+json\" class=\"yoast-schema-graph\">{\"@context\":\"https:\/\/schema.org\",\"@graph\":[{\"@type\":\"WebPage\",\"@id\":\"https:\/\/sorareceo.com\/da\/sorare-tilmeldingstilbud\/\",\"url\":\"https:\/\/sorareceo.com\/da\/sorare-tilmeldingstilbud\/\",\"name\":\"Sorare-tilmeldingstilbud [$150 at bruge p\u00e5 kort i 2025]\",\"isPartOf\":{\"@id\":\"https:\/\/sorareceo.com\/#website\"},\"primaryImageOfPage\":{\"@id\":\"https:\/\/sorareceo.com\/da\/sorare-tilmeldingstilbud\/#primaryimage\"},\"image\":{\"@id\":\"https:\/\/sorareceo.com\/da\/sorare-tilmeldingstilbud\/#primaryimage\"},\"thumbnailUrl\":\"https:\/\/sorareceo.com\/wp-content\/uploads\/2025\/08\/sorare-sign-up-offer-featured.webp\",\"datePublished\":\"2022-10-21T00:49:42+00:00\",\"dateModified\":\"2025-08-27T00:55:15+00:00\",\"description\":\"Sorares tilmeldingstilbud til l\u00e6serne af min hjemmeside er nu gratis $150 i kreditter, som kan bruges p\u00e5 nye kort! F\u00e5 det HER.\",\"breadcrumb\":{\"@id\":\"https:\/\/sorareceo.com\/da\/sorare-tilmeldingstilbud\/#breadcrumb\"},\"inLanguage\":\"da-DK\",\"potentialAction\":[{\"@type\":\"ReadAction\",\"target\":[\"https:\/\/sorareceo.com\/da\/sorare-tilmeldingstilbud\/\"]}]},{\"@type\":\"ImageObject\",\"inLanguage\":\"da-DK\",\"@id\":\"https:\/\/sorareceo.com\/da\/sorare-tilmeldingstilbud\/#primaryimage\",\"url\":\"https:\/\/sorareceo.com\/wp-content\/uploads\/2025\/08\/sorare-sign-up-offer-featured.webp\",\"contentUrl\":\"https:\/\/sorareceo.com\/wp-content\/uploads\/2025\/08\/sorare-sign-up-offer-featured.webp\",\"width\":966,\"height\":692,\"caption\":\"Sorare sign-up offer - featured image\"},{\"@type\":\"BreadcrumbList\",\"@id\":\"https:\/\/sorareceo.com\/da\/sorare-tilmeldingstilbud\/#breadcrumb\",\"itemListElement\":[{\"@type\":\"ListItem\",\"position\":1,\"name\":\"Home\",\"item\":\"https:\/\/sorareceo.com\/da\/\"},{\"@type\":\"ListItem\",\"position\":2,\"name\":\"Sorare-tilmeldingstilbud [$150 at bruge p\u00e5 kort i 2025]\"}]},{\"@type\":\"WebSite\",\"@id\":\"https:\/\/sorareceo.com\/#website\",\"url\":\"https:\/\/sorareceo.com\/\",\"name\":\"SorareCEO - Your Place for Sorare Strategies &amp; Tips\",\"description\":\"The best place for up-to-date Sorare strategies, guides &amp; tips.\",\"publisher\":{\"@id\":\"https:\/\/sorareceo.com\/#organization\"},\"potentialAction\":[{\"@type\":\"SearchAction\",\"target\":{\"@type\":\"EntryPoint\",\"urlTemplate\":\"https:\/\/sorareceo.com\/?s={search_term_string}\"},\"query-input\":{\"@type\":\"PropertyValueSpecification\",\"valueRequired\":true,\"valueName\":\"search_term_string\"}}],\"inLanguage\":\"da-DK\"},{\"@type\":\"Organization\",\"@id\":\"https:\/\/sorareceo.com\/#organization\",\"name\":\"SorareCEO - Your Place for Sorare Strategies &amp; Tips\",\"url\":\"https:\/\/sorareceo.com\/\",\"logo\":{\"@type\":\"ImageObject\",\"inLanguage\":\"da-DK\",\"@id\":\"https:\/\/sorareceo.com\/#\/schema\/logo\/image\/\",\"url\":\"https:\/\/sorareceo.com\/wp-content\/uploads\/2025\/08\/new-logo.webp\",\"contentUrl\":\"https:\/\/sorareceo.com\/wp-content\/uploads\/2025\/08\/new-logo.webp\",\"width\":500,\"height\":150,\"caption\":\"SorareCEO - Your Place for Sorare Strategies &amp; Tips\"},\"image\":{\"@id\":\"https:\/\/sorareceo.com\/#\/schema\/logo\/image\/\"}}]}<\/script>\n<!-- \/ Yoast SEO plugin. -->","yoast_head_json":{"title":"Sorare-tilmeldingstilbud [$150 at bruge p\u00e5 kort i 2025]","description":"Sorares tilmeldingstilbud til l\u00e6serne af min hjemmeside er nu gratis $150 i kreditter, som kan bruges p\u00e5 nye kort! F\u00e5 det HER.","robots":{"index":"index","follow":"follow","max-snippet":"max-snippet:-1","max-image-preview":"max-image-preview:large","max-video-preview":"max-video-preview:-1"},"canonical":"https:\/\/sorareceo.com\/da\/sorare-tilmeldingstilbud\/","og_locale":"da_DK","og_type":"article","og_title":"Sorare-tilmeldingstilbud [$150 at bruge p\u00e5 kort i 2025]","og_description":"Sorares tilmeldingstilbud til l\u00e6serne af min hjemmeside er nu gratis $150 i kreditter, som kan bruges p\u00e5 nye kort! F\u00e5 det HER.","og_url":"https:\/\/sorareceo.com\/da\/sorare-tilmeldingstilbud\/","og_site_name":"SorareCEO - Your Place for Sorare Strategies &amp; Tips","article_modified_time":"2025-08-27T00:55:15+00:00","og_image":[{"width":966,"height":692,"url":"https:\/\/sorareceo.com\/wp-content\/uploads\/2025\/08\/sorare-sign-up-offer-featured.webp","type":"image\/webp"}],"twitter_card":"summary_large_image","twitter_misc":{"Estimeret l\u00e6setid":"6 minutter"},"schema":{"@context":"https:\/\/schema.org","@graph":[{"@type":"WebPage","@id":"https:\/\/sorareceo.com\/da\/sorare-tilmeldingstilbud\/","url":"https:\/\/sorareceo.com\/da\/sorare-tilmeldingstilbud\/","name":"Sorare-tilmeldingstilbud [$150 at bruge p\u00e5 kort i 2025]","isPartOf":{"@id":"https:\/\/sorareceo.com\/#website"},"primaryImageOfPage":{"@id":"https:\/\/sorareceo.com\/da\/sorare-tilmeldingstilbud\/#primaryimage"},"image":{"@id":"https:\/\/sorareceo.com\/da\/sorare-tilmeldingstilbud\/#primaryimage"},"thumbnailUrl":"https:\/\/sorareceo.com\/wp-content\/uploads\/2025\/08\/sorare-sign-up-offer-featured.webp","datePublished":"2022-10-21T00:49:42+00:00","dateModified":"2025-08-27T00:55:15+00:00","description":"Sorares tilmeldingstilbud til l\u00e6serne af min hjemmeside er nu gratis $150 i kreditter, som kan bruges p\u00e5 nye kort! F\u00e5 det HER.","breadcrumb":{"@id":"https:\/\/sorareceo.com\/da\/sorare-tilmeldingstilbud\/#breadcrumb"},"inLanguage":"da-DK","potentialAction":[{"@type":"ReadAction","target":["https:\/\/sorareceo.com\/da\/sorare-tilmeldingstilbud\/"]}]},{"@type":"ImageObject","inLanguage":"da-DK","@id":"https:\/\/sorareceo.com\/da\/sorare-tilmeldingstilbud\/#primaryimage","url":"https:\/\/sorareceo.com\/wp-content\/uploads\/2025\/08\/sorare-sign-up-offer-featured.webp","contentUrl":"https:\/\/sorareceo.com\/wp-content\/uploads\/2025\/08\/sorare-sign-up-offer-featured.webp","width":966,"height":692,"caption":"Sorare sign-up offer - featured image"},{"@type":"BreadcrumbList","@id":"https:\/\/sorareceo.com\/da\/sorare-tilmeldingstilbud\/#breadcrumb","itemListElement":[{"@type":"ListItem","position":1,"name":"Home","item":"https:\/\/sorareceo.com\/da\/"},{"@type":"ListItem","position":2,"name":"Sorare-tilmeldingstilbud [$150 at bruge p\u00e5 kort i 2025]"}]},{"@type":"WebSite","@id":"https:\/\/sorareceo.com\/#website","url":"https:\/\/sorareceo.com\/","name":"SorareCEO - Your Place for Sorare Strategies &amp; Tips","description":"The best place for up-to-date Sorare strategies, guides &amp; tips.","publisher":{"@id":"https:\/\/sorareceo.com\/#organization"},"potentialAction":[{"@type":"SearchAction","target":{"@type":"EntryPoint","urlTemplate":"https:\/\/sorareceo.com\/?s={search_term_string}"},"query-input":{"@type":"PropertyValueSpecification","valueRequired":true,"valueName":"search_term_string"}}],"inLanguage":"da-DK"},{"@type":"Organization","@id":"https:\/\/sorareceo.com\/#organization","name":"SorareCEO - Your Place for Sorare Strategies &amp; Tips","url":"https:\/\/sorareceo.com\/","logo":{"@type":"ImageObject","inLanguage":"da-DK","@id":"https:\/\/sorareceo.com\/#\/schema\/logo\/image\/","url":"https:\/\/sorareceo.com\/wp-content\/uploads\/2025\/08\/new-logo.webp","contentUrl":"https:\/\/sorareceo.com\/wp-content\/uploads\/2025\/08\/new-logo.webp","width":500,"height":150,"caption":"SorareCEO - Your Place for Sorare Strategies &amp; Tips"},"image":{"@id":"https:\/\/sorareceo.com\/#\/schema\/logo\/image\/"}}]}},"_links":{"self":[{"href":"https:\/\/sorareceo.com\/da\/wp-json\/wp\/v2\/pages\/37763","targetHints":{"allow":["GET"]}}],"collection":[{"href":"https:\/\/sorareceo.com\/da\/wp-json\/wp\/v2\/pages"}],"about":[{"href":"https:\/\/sorareceo.com\/da\/wp-json\/wp\/v2\/types\/page"}],"author":[{"embeddable":true,"href":"https:\/\/sorareceo.com\/da\/wp-json\/wp\/v2\/users\/1"}],"replies":[{"embeddable":true,"href":"https:\/\/sorareceo.com\/da\/wp-json\/wp\/v2\/comments?post=37763"}],"version-history":[{"count":1,"href":"https:\/\/sorareceo.com\/da\/wp-json\/wp\/v2\/pages\/37763\/revisions"}],"predecessor-version":[{"id":37777,"href":"https:\/\/sorareceo.com\/da\/wp-json\/wp\/v2\/pages\/37763\/revisions\/37777"}],"wp:featuredmedia":[{"embeddable":true,"href":"https:\/\/sorareceo.com\/da\/wp-json\/wp\/v2\/media\/34403"}],"wp:attachment":[{"href":"https:\/\/sorareceo.com\/da\/wp-json\/wp\/v2\/media?parent=37763"}],"curies":[{"name":"wp","href":"https:\/\/api.w.org\/{rel}","templated":true}]}}