{"id":37762,"date":"2022-10-21T00:49:42","date_gmt":"2022-10-21T00:49:42","guid":{"rendered":"https:\/\/sorareceo.com\/sorare-sign-up-offer\/"},"modified":"2025-08-27T00:47:28","modified_gmt":"2025-08-27T00:47:28","slug":"nabidka-pro-registracji-sorare","status":"publish","type":"page","link":"https:\/\/sorareceo.com\/cs\/nabidka-pro-registracji-sorare\/","title":{"rendered":"Nab\u00eddka pro registraci do Sorare [150 dolar\u016f k utr\u00e1cen\u00ed za karty]"},"content":{"rendered":"\n<p>I kdy\u017e je registrace na Sorare zcela zdarma a velmi rychl\u00e1, ne ka\u017ed\u00fd v\u00ed o bonusu za registraci, kter\u00fd ti zaru\u010d\u00ed n\u00e1skok p\u0159ed v\u011bt\u0161inou nov\u00fdch mana\u017eer\u016f.<\/p>\n\n\n\n<p>Proto\u017ee je SorareCEO.com certifikovan\u00fdm partnersk\u00fdm affiliate str\u00e1nky, exkluzivn\u00ed Sorare bonus, kter\u00fd nab\u00edz\u00edme na\u0161im \u010dten\u00e1\u0159\u016fm, je moment\u00e1ln\u011b nejlep\u0161\u00ed na trhu \u2013 nyn\u00ed p\u0159in\u00e1\u0161\u00ed a\u017e 150 $ v kreditech na n\u00e1kup karet!<\/p>\n\n\n\n<p>Pokra\u010duj ve \u010dten\u00ed a zjisti, jak tento bonus aktivovat \u2013 a za\u010dni budovat svou galerii karet mnohem levn\u011bji ne\u017e ostatn\u00ed za\u010d\u00e1te\u010dn\u00edci.<\/p>\n\n\n\n<h2 class=\"wp-block-heading gb-headline gb-headline-f1a263a9 gb-headline-text\">Jak z\u00edskat Sorare bonus krok za krokem<\/h2>\n\n\n\n<p>Opravdu bych si p\u0159\u00e1l, aby Sorare nab\u00edzelo nov\u00fdm u\u017eivatel\u016fm to, co nab\u00edz\u00ed dnes, kdy\u017e jsem j\u00e1 za\u010d\u00ednal v roce 2022. Tehdy jsem jako nov\u00fd mana\u017eer dostal zdarma Limited kartu v hodnot\u011b necel\u00fdch 2 $. A je\u0161t\u011b k tomu jsem musel p\u0159edt\u00edm koupit 5 karet, abych ji v\u016fbec z\u00edskal!<\/p>\n\n\n<div class=\"gb-container gb-container-86147414 offer-content\"><div class=\"gb-inside-container\">\n<div class=\"gb-grid-wrapper gb-grid-wrapper-1f0ac75f\">\n<div class=\"gb-grid-column gb-grid-column-d0516e33\"><div class=\"gb-container gb-container-d0516e33\"><div class=\"gb-inside-container\">\n\n<p class=\"gb-headline gb-headline-09f7489c gb-headline-text\">NAB\u00cdDKA P\u0158I REGISTRACI<\/p>\n\n\n\n<p class=\"gb-headline gb-headline-eeb2c06c gb-headline-text\">Zaregistruj se na Sorare pomoc\u00ed t\u00e9to nab\u00eddky a z\u00edskej $150 zdarma na n\u00e1kup karet.<\/p>\n\n<\/div><\/div><\/div>\n\n<div class=\"gb-grid-column gb-grid-column-53f5d8fa\"><div class=\"gb-container gb-container-53f5d8fa\"><div class=\"gb-inside-container\">\n\n<div class=\"wp-block-buttons has-border-color is-horizontal is-content-justification-center is-layout-flex wp-container-core-buttons-is-layout-29bd5dc9 wp-block-buttons-is-layout-flex\" style=\"border-color:var(--base-3);border-width:3px;border-radius:12px\">\n<div class=\"wp-block-button has-custom-width wp-block-button__width-100 aligncenter is-style-fill\"><a class=\"wp-block-button__link has-base-3-color has-accent-background-color has-text-color has-background has-custom-font-size wp-element-button\" href=\"https:\/\/sorare.pxf.io\/Nk0GkP\" style=\"border-radius:10px;font-size:22px;font-style:normal;font-weight:1000\" target=\"_blank\" rel=\"noreferrer noopener nofollow\">Z\u00cdSKEJ \u20ac150 NYN\u00cd<\/a><\/div>\n<\/div>\n\n<\/div><\/div><\/div>\n<\/div>\n<\/div><\/div><div class=\"gb-container gb-container-72194729\">\n\n<figure class=\"gb-block-image gb-block-image-176ca640\"><img loading=\"lazy\" decoding=\"async\" width=\"700\" height=\"350\" class=\"gb-image gb-image-176ca640\" src=\"http:\/\/sorareceo.com\/wp-content\/uploads\/2023\/03\/banner-cards.webp\" alt=\"\" title=\"banner-cards\" srcset=\"https:\/\/sorareceo.com\/wp-content\/uploads\/2023\/03\/banner-cards.webp 700w, https:\/\/sorareceo.com\/wp-content\/uploads\/2023\/03\/banner-cards-300x150.webp 300w\" sizes=\"auto, (max-width: 700px) 100vw, 700px\" \/><\/figure>\n\n\n\n<div class=\"gb-headline gb-headline-d537e29c gb-headline-text\">NAB\u00cdDKA P\u0158I REGISTRACI<\/div>\n\n\n\n<div class=\"gb-headline gb-headline-563ddc24 gb-headline-text\">P\u0158IDEJ SE K SORARE JE\u0160T\u011a DNES A Z\u00cdSKEJ $150 ZDARMA NA N\u00c1KUP KARET.<\/div>\n\n\n\n<a class=\"gb-button gb-button-40af701f\" href=\"https:\/\/sorare.pxf.io\/Nk0GkP\" target=\"_blank\" rel=\"nofollow noopener noreferrer\"><span class=\"gb-icon\"><svg xmlns=\"http:\/\/www.w3.org\/2000\/svg\" aria-hidden=\"true\" role=\"img\" height=\"1em\" width=\"1em\" viewbox=\"0 0 448 512\"><path fill=\"currentColor\" d=\"M416 208H272V64c0-17.67-14.33-32-32-32h-32c-17.67 0-32 14.33-32 32v144H32c-17.67 0-32 14.33-32 32v32c0 17.67 14.33 32 32 32h144v144c0 17.67 14.33 32 32 32h32c17.67 0 32-14.33 32-32V304h144c17.67 0 32-14.33 32-32v-32c0-17.67-14.33-32-32-32z\"><\/path><\/svg><\/span><span class=\"gb-button-text\">P\u0158IPOJ SE ZDE<\/span><\/a>\n\n<\/div>\n\n\n<p>Ve srovn\u00e1n\u00ed s t\u00edm te\u010f dost\u00e1v\u00e1\u0161 n\u011bco asi 75x lep\u0161\u00edho. Bonus 150 $ v kreditech, kter\u00fd je k dispozici m\u00fdm \u010dten\u00e1\u0159\u016fm, je zat\u00edm nejv\u011bt\u0161\u00ed nab\u00eddka Sorare a jsem nad\u0161en\u00fd, \u017ee jsi jen p\u00e1r kliknut\u00ed od jeho aktivace!<\/p>\n\n\n<div class=\"gb-container gb-container-8b2e3d1b pro-tip\">\n\n<h3 class=\"wp-block-heading\">\ud83d\udcdd <strong>Podm\u00ednky bonusu:<\/strong><\/h3>\n\n\n\n<ul class=\"wp-block-list\">\n<li><strong>V\u00fd\u0161e:<\/strong> 150 $ (nebo \u00a3, \u010di \u20ac) v kreditech na trhu k pou\u017eit\u00ed p\u0159i n\u00e1kupu karet<\/li>\n\n\n\n<li><strong>Platnost:<\/strong> 12 m\u011bs\u00edc\u016f<\/li>\n\n\n\n<li><strong>Podm\u00ednky:<\/strong> Kredity funguj\u00ed jako 50% sleva na n\u00e1kupy na Prim\u00e1rn\u00edm Trhu. Kdy\u017e kupuje\u0161 kartu za 20 $, zaplat\u00ed\u0161 jen 10 $. P\u0159i n\u00e1kupu za 100 $ zaplat\u00ed\u0161 50 $ atd. M\u016f\u017ee\u0161 utratit v\u0161ech 150 $ hned p\u0159i jedn\u00e9 transakci nebo vyu\u017e\u00edt postupn\u011b n\u011bkolik 50% slev.<\/li>\n<\/ul>\n\n<\/div>\n\n\n<p>Te\u010f kdy\u017e u\u017e v\u00ed\u0161, jak tento Sorare bonus funguje, poj\u010fme si proj\u00edt, jak ho aktivovat.<\/p>\n\n\n\n<h3 class=\"wp-block-heading\">Krok 1: Pou\u017eij partnersk\u00fd odkaz<\/h3>\n\n\n\n<p>Abys z\u00edskal 150 $ v kreditech, mus\u00ed\u0161 pou\u017e\u00edt m\u016fj partnersk\u00fd odkaz na Sorare. D\u00edky tomu si nejen zajist\u00ed\u0161 obrovskou v\u00fdhodu ve h\u0159e, ale z\u00e1rove\u0148 podpo\u0159\u00ed\u0161 moji pr\u00e1ci (d\u00edky p\u0159edem! \ud83d\ude42 ).<\/p>\n\n\n\n<p>Pro za\u010d\u00e1tek sta\u010d\u00ed <a href=\"https:\/\/sorare.pxf.io\/Nk0GkP\" target=\"_blank\" rel=\"noreferrer noopener nofollow\">kliknout zde<\/a>.<\/p>\n\n\n\n<h3 class=\"wp-block-heading\">Krok 2: Vyber si jm\u00e9no mana\u017eera<\/h3>\n\n\n\n<figure class=\"wp-block-image size-large\"><img loading=\"lazy\" decoding=\"async\" width=\"1024\" height=\"445\" src=\"http:\/\/sorareceo.com\/wp-content\/uploads\/2025\/08\/offer-claim-screenshot-1024x445.webp\" alt=\"\" class=\"wp-image-31443\" srcset=\"https:\/\/sorareceo.com\/wp-content\/uploads\/2025\/08\/offer-claim-screenshot-1024x445.webp 1024w, https:\/\/sorareceo.com\/wp-content\/uploads\/2025\/08\/offer-claim-screenshot-300x130.webp 300w, https:\/\/sorareceo.com\/wp-content\/uploads\/2025\/08\/offer-claim-screenshot-768x334.webp 768w, https:\/\/sorareceo.com\/wp-content\/uploads\/2025\/08\/offer-claim-screenshot-1536x668.webp 1536w, https:\/\/sorareceo.com\/wp-content\/uploads\/2025\/08\/offer-claim-screenshot-2048x890.webp 2048w\" sizes=\"auto, (max-width: 1024px) 100vw, 1024px\" \/><\/figure>\n\n\n\n<p>Jakmile klikne\u0161 na odkaz, otev\u0159e se ti str\u00e1nka podobn\u00e1 t\u00e9 v\u00fd\u0161e. Zde si vybere\u0161 sv\u00e9 <strong>mana\u017eersk\u00e9 jm\u00e9no<\/strong> \u2013 to, kter\u00e9 se bude zobrazovat na \u017eeb\u0159\u00ed\u010dc\u00edch a v budouc\u00edch obchodn\u00edch jedn\u00e1n\u00edch.<\/p>\n\n\n\n<p>Nep\u0159em\u00fd\u0161lej nad t\u00edm p\u0159\u00edli\u0161! Jm\u00e9no m\u016f\u017ee\u0161 kdykoli pozd\u011bji zm\u011bnit, pokud p\u0159ijde\u0161 na lep\u0161\u00ed n\u00e1pad.<\/p>\n\n\n\n<h3 class=\"wp-block-heading\">Krok 3: Zvol metodu registrace<\/h3>\n\n\n\n<figure class=\"wp-block-image size-large\"><img loading=\"lazy\" decoding=\"async\" width=\"1024\" height=\"436\" src=\"http:\/\/sorareceo.com\/wp-content\/uploads\/2025\/07\/sorare-start-screenshot-email-1024x436.webp\" alt=\"\" class=\"wp-image-31185\" srcset=\"https:\/\/sorareceo.com\/wp-content\/uploads\/2025\/07\/sorare-start-screenshot-email-1024x436.webp 1024w, https:\/\/sorareceo.com\/wp-content\/uploads\/2025\/07\/sorare-start-screenshot-email-300x128.webp 300w, https:\/\/sorareceo.com\/wp-content\/uploads\/2025\/07\/sorare-start-screenshot-email-768x327.webp 768w, https:\/\/sorareceo.com\/wp-content\/uploads\/2025\/07\/sorare-start-screenshot-email-1536x654.webp 1536w, https:\/\/sorareceo.com\/wp-content\/uploads\/2025\/07\/sorare-start-screenshot-email-2048x872.webp 2048w\" sizes=\"auto, (max-width: 1024px) 100vw, 1024px\" \/><\/figure>\n\n\n\n<p>Pokud je tebou zvolen\u00e9 jm\u00e9no dostupn\u00e9, p\u0159ejde\u0161 na dal\u0161\u00ed krok. V t\u00e9to f\u00e1zi je pot\u0159eba:<\/p>\n\n\n\n<ul class=\"wp-block-list\">\n<li>Potvrdit, \u017ee ti je alespo\u0148 16 let (minim\u00e1ln\u00ed v\u011bk pro hran\u00ed Sorare)<\/li>\n\n\n\n<li>P\u0159ijmout Obchodn\u00ed podm\u00ednky a Z\u00e1sady ochrany osobn\u00edch \u00fadaj\u016f<\/li>\n\n\n\n<li>Vybrat preferovanou metodu registrace: email, Google nebo Apple<\/li>\n<\/ul>\n\n\n\n<p class=\"pro-tip\">\ud83d\udca1 <strong>PRO TIP:<\/strong> U\u017e ses registroval bez vyu\u017eit\u00ed m\u00e9ho bonusu? \u017d\u00e1dn\u00fd probl\u00e9m \u2013 st\u00e1le ho m\u016f\u017ee\u0161 z\u00edskat! Pokud jsi je\u0161t\u011b nekoupil \u017e\u00e1dn\u00e9 karty, sta\u010d\u00ed se zaregistrovat znovu s jin\u00fdm emailem a z\u00edsk\u00e1\u0161 stejn\u00fd bonus 150 $ jako v\u0161ichni \u010dten\u00e1\u0159i SorareCEO.<\/p>\n\n\n\n<p>A nakonec, nezapome\u0148 si vytvo\u0159it siln\u00e9 heslo. To bude tv\u00fdm kl\u00ed\u010dem k p\u0159\u00edstupu na \u00fa\u010det Sorare a do cel\u00e9ho tr\u017ei\u0161t\u011b.<\/p>\n\n\n\n<h2 class=\"wp-block-heading\">Existuje lep\u0161\u00ed Sorare bonus?<\/h2>\n\n\n\n<p>V dob\u011b psan\u00ed tohoto \u010dl\u00e1nku mohu s hrdost\u00ed \u0159\u00edci, \u017ee bonus popsan\u00fd zde je nejlep\u0161\u00ed dostupn\u00fd pro nov\u011b registrovan\u00e9 mana\u017eery. \u017d\u00e1dn\u00fd jin\u00fd partner Sorare nenab\u00edz\u00ed v\u00edce ne\u017e 150 $ v kreditech!<\/p>\n\n\n\n<p>Bohu\u017eel, existuj\u00ed i weby, kter\u00e9 se sna\u017e\u00ed nal\u00e1kat na \u00fadajn\u00e9 nab\u00eddky Rare, Super Rare nebo dokonce Unique karet zdarma. Ve skute\u010dnosti jde o neetick\u00e9 triky, jak t\u011b p\u0159im\u011bt k registraci p\u0159es jejich affiliate odkaz.<\/p>\n\n\n\n<p>Pokud se n\u011bkdy objev\u00ed nov\u00fd Sorare bonus, moji \u010dten\u00e1\u0159i se o n\u011bm dozv\u011bd\u00ed jako prvn\u00ed.<\/p>\n\n\n\n<h2 class=\"wp-block-heading\">V\u00edce o h\u0159e<\/h2>\n\n\n\n<p>Sorare vzniklo v roce 2019, zalo\u017een\u00e9 dv\u011bma francouzsk\u00fdmi in\u017een\u00fdry \u2013 Nicolasem Juliou a Adrienem Montfortem \u2013 kte\u0159\u00ed spojili v\u00e1\u0161e\u0148 pro fotbal a technologie. Od sv\u00e9ho debutu se Sorare vy\u0161vihlo na \u0161pi\u010dku jako glob\u00e1ln\u00ed fantasy sportovn\u00ed platforma.<\/p>\n\n\n\n<p>Jeho \u00fasp\u011bch nen\u00ed n\u00e1hoda. Sorare kombinuje ofici\u00e1ln\u011b licencovan\u00e9 digit\u00e1ln\u00ed karty, re\u00e1ln\u00e9 sportovn\u00ed v\u00fdkony a hodnotn\u00e9 odm\u011bny. To v\u0161e p\u0159it\u00e1hlo pozornost po cel\u00e9m sv\u011bt\u011b. Do projektu investovali i slavn\u00ed sportovci jako Kylian Mbapp\u00e9 \u010di tenisov\u00e1 legenda Serena Williams.<\/p>\n\n\n\n<p>Co d\u011bl\u00e1 Sorare v\u00fdjime\u010dn\u00fdm je to, \u017ee ka\u017ed\u00e1 karta, kterou vlastn\u00ed\u0161, je skute\u010dn\u00e9 digit\u00e1ln\u00ed aktivum. Platforma transparentn\u011b sleduje vlastnictv\u00ed a ty m\u00e1\u0161 mo\u017enost sv\u00e9 karty pou\u017e\u00edvat v sout\u011b\u017e\u00edch, dr\u017eet je jako sb\u011bratelsk\u00e9 p\u0159edm\u011bty nebo je prod\u00e1vat na trhu. Tv\u016fj pl\u00e1n, tvoje volba.<\/p>\n\n\n\n<figure class=\"wp-block-image gb-block-image gb-block-image-dbe1eb87\"><img decoding=\"async\" src=\"https:\/\/www.sorareceo.com\/wp-content\/uploads\/2022\/12\/logo-sorare.png\" alt=\"Sorare logo\" title=\"logo-sorare\"\/><\/figure>\n\n\n\n<p>Nov\u00e9 karty lze z\u00edskat dv\u011bma zp\u016fsoby: zakoupen\u00edm na tr\u017ei\u0161ti Sorare nebo jejich v\u00fdhrou v turnaj\u00edch. Jakmile m\u00e1\u0161 v galerii p\u00e1r karet, m\u016f\u017ee\u0161 za\u010d\u00edt skl\u00e1dat sestavy a p\u0159ihla\u0161ovat se do t\u00fddenn\u00edch sout\u011b\u017e\u00ed.<\/p>\n\n\n\n<p>Nov\u00ed mana\u017ee\u0159i za\u010d\u00ednaj\u00ed s v\u00fdb\u011brem bezplatn\u00fdch Common karet, kter\u00e9 jim umo\u017e\u0148uj\u00ed hru vyzkou\u0161et bez investic. Ale pokud chce\u0161 stoupat na \u017eeb\u0159\u00ed\u010dc\u00edch a z\u00edsk\u00e1vat zaj\u00edmav\u00e9 odm\u011bny, mus\u00ed\u0161 p\u0159ej\u00edt na vz\u00e1cn\u011bj\u0161\u00ed karty \u2013 Limited, Rare, Super Rare nebo Unique \u2013 a t\u00edm si otev\u0159\u00edt p\u0159\u00edstup do vy\u0161\u0161\u00edch lig.<\/p>\n\n\n\n<p>Hlavn\u00ed \u00fakol je jednoduch\u00fd: postav nejsiln\u011bj\u0161\u00ed p\u011btici hr\u00e1\u010d\u016f a p\u0159ekonej ostatn\u00ed mana\u017eery podle re\u00e1ln\u00fdch statistik ze z\u00e1pas\u016f. \u010c\u00edm l\u00e9pe tvoji hr\u00e1\u010di hraj\u00ed, t\u00edm v\u00edce fantasy bod\u016f z\u00edsk\u00e1\u0161. Tyto body t\u011b pak mohou dov\u00e9st k hotovostn\u00edm v\u00fdhr\u00e1m, nov\u00fdm kart\u00e1m a glob\u00e1ln\u00edmu uzn\u00e1n\u00ed.<\/p>\n\n\n\n<p>Pokud se chce\u0161 vyhnout typick\u00fdm chyb\u00e1m za\u010d\u00e1te\u010dn\u00edk\u016f a usp\u011bt rychleji ne\u017e ostatn\u00ed, p\u0159e\u010dti si m\u016fj n\u00e1vod pro nov\u00e1\u010dky o <a href=\"https:\/\/sorareceo.com\/cs\/sorare-tutorial\/\" target=\"_blank\" rel=\"noreferrer noopener\">jak hr\u00e1t Sorare<\/a>.<\/p>\n\n\n\n<p class=\"pro-tip\">Pokud naraz\u00ed\u0161 na probl\u00e9my s aktivac\u00ed Sorare bonusu, klidn\u011b m\u011b kontaktuj na Twitteru <em>@SorareCEOx<\/em> nebo mi po\u0161li <a href=\"mailto:contact@sorareceo.com\" target=\"_blank\" rel=\"noreferrer noopener nofollow\">email<\/a>.<\/p>\n","protected":false},"excerpt":{"rendered":"<p>I kdy\u017e je registrace na Sorare zcela zdarma a velmi rychl\u00e1, ne ka\u017ed\u00fd v\u00ed o bonusu za registraci, kter\u00fd ti zaru\u010d\u00ed n\u00e1skok p\u0159ed v\u011bt\u0161inou nov\u00fdch mana\u017eer\u016f. Proto\u017ee je SorareCEO.com certifikovan\u00fdm partnersk\u00fdm affiliate str\u00e1nky, exkluzivn\u00ed Sorare bonus, kter\u00fd nab\u00edz\u00edme na\u0161im \u010dten\u00e1\u0159\u016fm, je moment\u00e1ln\u011b nejlep\u0161\u00ed na trhu \u2013 nyn\u00ed p\u0159in\u00e1\u0161\u00ed a\u017e 150 $ v kreditech na n\u00e1kup &#8230; <a title=\"Nab\u00eddka pro registraci do Sorare [150 dolar\u016f k utr\u00e1cen\u00ed za karty]\" class=\"read-more\" href=\"https:\/\/sorareceo.com\/cs\/nabidka-pro-registracji-sorare\/\" aria-label=\"\u010c\u00edst v\u00edce o Nab\u00eddka pro registraci do Sorare [150 dolar\u016f k utr\u00e1cen\u00ed za karty]\">Read more<\/a><\/p>\n","protected":false},"author":1,"featured_media":34402,"parent":0,"menu_order":0,"comment_status":"closed","ping_status":"closed","template":"","meta":{"footnotes":""},"class_list":["post-37762","page","type-page","status-publish","has-post-thumbnail"],"yoast_head":"<!-- This site is optimized with the Yoast SEO plugin v26.6 - https:\/\/yoast.com\/wordpress\/plugins\/seo\/ -->\n<title>Nab\u00eddka pro registraci do Sorare [150 dolar\u016f k utr\u00e1cen\u00ed za karty]<\/title>\n<meta name=\"description\" content=\"Registra\u010dn\u00ed nab\u00eddka Sorare pro \u010dten\u00e1\u0159e m\u00e9ho webu je nyn\u00ed zdarma a kredity v hodnot\u011b 150 dolar\u016f si m\u016f\u017eete koupit nov\u00e9 karty! Z\u00edskejte je ZDE.\" \/>\n<meta name=\"robots\" content=\"index, follow, max-snippet:-1, max-image-preview:large, max-video-preview:-1\" \/>\n<link rel=\"canonical\" href=\"https:\/\/sorareceo.com\/cs\/nabidka-pro-registracji-sorare\/\" \/>\n<meta property=\"og:locale\" content=\"cs_CZ\" \/>\n<meta property=\"og:type\" content=\"article\" \/>\n<meta property=\"og:title\" content=\"Nab\u00eddka pro registraci do Sorare [150 dolar\u016f k utr\u00e1cen\u00ed za karty]\" \/>\n<meta property=\"og:description\" content=\"Registra\u010dn\u00ed nab\u00eddka Sorare pro \u010dten\u00e1\u0159e m\u00e9ho webu je nyn\u00ed zdarma a kredity v hodnot\u011b 150 dolar\u016f si m\u016f\u017eete koupit nov\u00e9 karty! Z\u00edskejte je ZDE.\" \/>\n<meta property=\"og:url\" content=\"https:\/\/sorareceo.com\/cs\/nabidka-pro-registracji-sorare\/\" \/>\n<meta property=\"og:site_name\" content=\"SorareCEO - Your Place for Sorare Strategies &amp; Tips\" \/>\n<meta property=\"article:modified_time\" content=\"2025-08-27T00:47:28+00:00\" \/>\n<meta property=\"og:image\" content=\"https:\/\/sorareceo.com\/wp-content\/uploads\/2025\/08\/sorare-sign-up-offer-featured.webp\" \/>\n\t<meta property=\"og:image:width\" content=\"966\" \/>\n\t<meta property=\"og:image:height\" content=\"692\" \/>\n\t<meta property=\"og:image:type\" content=\"image\/webp\" \/>\n<meta name=\"twitter:card\" content=\"summary_large_image\" \/>\n<meta name=\"twitter:label1\" content=\"Odhadovan\u00e1 doba \u010dten\u00ed\" \/>\n\t<meta name=\"twitter:data1\" content=\"5 minut\" \/>\n<script type=\"application\/ld+json\" class=\"yoast-schema-graph\">{\"@context\":\"https:\/\/schema.org\",\"@graph\":[{\"@type\":\"WebPage\",\"@id\":\"https:\/\/sorareceo.com\/cs\/nabidka-pro-registracji-sorare\/\",\"url\":\"https:\/\/sorareceo.com\/cs\/nabidka-pro-registracji-sorare\/\",\"name\":\"Nab\u00eddka pro registraci do Sorare [150 dolar\u016f k utr\u00e1cen\u00ed za karty]\",\"isPartOf\":{\"@id\":\"https:\/\/sorareceo.com\/#website\"},\"primaryImageOfPage\":{\"@id\":\"https:\/\/sorareceo.com\/cs\/nabidka-pro-registracji-sorare\/#primaryimage\"},\"image\":{\"@id\":\"https:\/\/sorareceo.com\/cs\/nabidka-pro-registracji-sorare\/#primaryimage\"},\"thumbnailUrl\":\"https:\/\/sorareceo.com\/wp-content\/uploads\/2025\/08\/sorare-sign-up-offer-featured.webp\",\"datePublished\":\"2022-10-21T00:49:42+00:00\",\"dateModified\":\"2025-08-27T00:47:28+00:00\",\"description\":\"Registra\u010dn\u00ed nab\u00eddka Sorare pro \u010dten\u00e1\u0159e m\u00e9ho webu je nyn\u00ed zdarma a kredity v hodnot\u011b 150 dolar\u016f si m\u016f\u017eete koupit nov\u00e9 karty! Z\u00edskejte je ZDE.\",\"breadcrumb\":{\"@id\":\"https:\/\/sorareceo.com\/cs\/nabidka-pro-registracji-sorare\/#breadcrumb\"},\"inLanguage\":\"cs\",\"potentialAction\":[{\"@type\":\"ReadAction\",\"target\":[\"https:\/\/sorareceo.com\/cs\/nabidka-pro-registracji-sorare\/\"]}]},{\"@type\":\"ImageObject\",\"inLanguage\":\"cs\",\"@id\":\"https:\/\/sorareceo.com\/cs\/nabidka-pro-registracji-sorare\/#primaryimage\",\"url\":\"https:\/\/sorareceo.com\/wp-content\/uploads\/2025\/08\/sorare-sign-up-offer-featured.webp\",\"contentUrl\":\"https:\/\/sorareceo.com\/wp-content\/uploads\/2025\/08\/sorare-sign-up-offer-featured.webp\",\"width\":966,\"height\":692,\"caption\":\"Sorare sign-up offer - featured image\"},{\"@type\":\"BreadcrumbList\",\"@id\":\"https:\/\/sorareceo.com\/cs\/nabidka-pro-registracji-sorare\/#breadcrumb\",\"itemListElement\":[{\"@type\":\"ListItem\",\"position\":1,\"name\":\"Home\",\"item\":\"https:\/\/sorareceo.com\/cs\/\"},{\"@type\":\"ListItem\",\"position\":2,\"name\":\"Nab\u00eddka pro registraci do Sorare [150 dolar\u016f k utr\u00e1cen\u00ed za karty]\"}]},{\"@type\":\"WebSite\",\"@id\":\"https:\/\/sorareceo.com\/#website\",\"url\":\"https:\/\/sorareceo.com\/\",\"name\":\"SorareCEO - Your Place for Sorare Strategies &amp; Tips\",\"description\":\"The best place for up-to-date Sorare strategies, guides &amp; tips.\",\"publisher\":{\"@id\":\"https:\/\/sorareceo.com\/#organization\"},\"potentialAction\":[{\"@type\":\"SearchAction\",\"target\":{\"@type\":\"EntryPoint\",\"urlTemplate\":\"https:\/\/sorareceo.com\/?s={search_term_string}\"},\"query-input\":{\"@type\":\"PropertyValueSpecification\",\"valueRequired\":true,\"valueName\":\"search_term_string\"}}],\"inLanguage\":\"cs\"},{\"@type\":\"Organization\",\"@id\":\"https:\/\/sorareceo.com\/#organization\",\"name\":\"SorareCEO - Your Place for Sorare Strategies &amp; Tips\",\"url\":\"https:\/\/sorareceo.com\/\",\"logo\":{\"@type\":\"ImageObject\",\"inLanguage\":\"cs\",\"@id\":\"https:\/\/sorareceo.com\/#\/schema\/logo\/image\/\",\"url\":\"https:\/\/sorareceo.com\/wp-content\/uploads\/2025\/08\/new-logo.webp\",\"contentUrl\":\"https:\/\/sorareceo.com\/wp-content\/uploads\/2025\/08\/new-logo.webp\",\"width\":500,\"height\":150,\"caption\":\"SorareCEO - Your Place for Sorare Strategies &amp; Tips\"},\"image\":{\"@id\":\"https:\/\/sorareceo.com\/#\/schema\/logo\/image\/\"}}]}<\/script>\n<!-- \/ Yoast SEO plugin. -->","yoast_head_json":{"title":"Nab\u00eddka pro registraci do Sorare [150 dolar\u016f k utr\u00e1cen\u00ed za karty]","description":"Registra\u010dn\u00ed nab\u00eddka Sorare pro \u010dten\u00e1\u0159e m\u00e9ho webu je nyn\u00ed zdarma a kredity v hodnot\u011b 150 dolar\u016f si m\u016f\u017eete koupit nov\u00e9 karty! Z\u00edskejte je ZDE.","robots":{"index":"index","follow":"follow","max-snippet":"max-snippet:-1","max-image-preview":"max-image-preview:large","max-video-preview":"max-video-preview:-1"},"canonical":"https:\/\/sorareceo.com\/cs\/nabidka-pro-registracji-sorare\/","og_locale":"cs_CZ","og_type":"article","og_title":"Nab\u00eddka pro registraci do Sorare [150 dolar\u016f k utr\u00e1cen\u00ed za karty]","og_description":"Registra\u010dn\u00ed nab\u00eddka Sorare pro \u010dten\u00e1\u0159e m\u00e9ho webu je nyn\u00ed zdarma a kredity v hodnot\u011b 150 dolar\u016f si m\u016f\u017eete koupit nov\u00e9 karty! Z\u00edskejte je ZDE.","og_url":"https:\/\/sorareceo.com\/cs\/nabidka-pro-registracji-sorare\/","og_site_name":"SorareCEO - Your Place for Sorare Strategies &amp; Tips","article_modified_time":"2025-08-27T00:47:28+00:00","og_image":[{"width":966,"height":692,"url":"https:\/\/sorareceo.com\/wp-content\/uploads\/2025\/08\/sorare-sign-up-offer-featured.webp","type":"image\/webp"}],"twitter_card":"summary_large_image","twitter_misc":{"Odhadovan\u00e1 doba \u010dten\u00ed":"5 minut"},"schema":{"@context":"https:\/\/schema.org","@graph":[{"@type":"WebPage","@id":"https:\/\/sorareceo.com\/cs\/nabidka-pro-registracji-sorare\/","url":"https:\/\/sorareceo.com\/cs\/nabidka-pro-registracji-sorare\/","name":"Nab\u00eddka pro registraci do Sorare [150 dolar\u016f k utr\u00e1cen\u00ed za karty]","isPartOf":{"@id":"https:\/\/sorareceo.com\/#website"},"primaryImageOfPage":{"@id":"https:\/\/sorareceo.com\/cs\/nabidka-pro-registracji-sorare\/#primaryimage"},"image":{"@id":"https:\/\/sorareceo.com\/cs\/nabidka-pro-registracji-sorare\/#primaryimage"},"thumbnailUrl":"https:\/\/sorareceo.com\/wp-content\/uploads\/2025\/08\/sorare-sign-up-offer-featured.webp","datePublished":"2022-10-21T00:49:42+00:00","dateModified":"2025-08-27T00:47:28+00:00","description":"Registra\u010dn\u00ed nab\u00eddka Sorare pro \u010dten\u00e1\u0159e m\u00e9ho webu je nyn\u00ed zdarma a kredity v hodnot\u011b 150 dolar\u016f si m\u016f\u017eete koupit nov\u00e9 karty! Z\u00edskejte je ZDE.","breadcrumb":{"@id":"https:\/\/sorareceo.com\/cs\/nabidka-pro-registracji-sorare\/#breadcrumb"},"inLanguage":"cs","potentialAction":[{"@type":"ReadAction","target":["https:\/\/sorareceo.com\/cs\/nabidka-pro-registracji-sorare\/"]}]},{"@type":"ImageObject","inLanguage":"cs","@id":"https:\/\/sorareceo.com\/cs\/nabidka-pro-registracji-sorare\/#primaryimage","url":"https:\/\/sorareceo.com\/wp-content\/uploads\/2025\/08\/sorare-sign-up-offer-featured.webp","contentUrl":"https:\/\/sorareceo.com\/wp-content\/uploads\/2025\/08\/sorare-sign-up-offer-featured.webp","width":966,"height":692,"caption":"Sorare sign-up offer - featured image"},{"@type":"BreadcrumbList","@id":"https:\/\/sorareceo.com\/cs\/nabidka-pro-registracji-sorare\/#breadcrumb","itemListElement":[{"@type":"ListItem","position":1,"name":"Home","item":"https:\/\/sorareceo.com\/cs\/"},{"@type":"ListItem","position":2,"name":"Nab\u00eddka pro registraci do Sorare [150 dolar\u016f k utr\u00e1cen\u00ed za karty]"}]},{"@type":"WebSite","@id":"https:\/\/sorareceo.com\/#website","url":"https:\/\/sorareceo.com\/","name":"SorareCEO - Your Place for Sorare Strategies &amp; Tips","description":"The best place for up-to-date Sorare strategies, guides &amp; tips.","publisher":{"@id":"https:\/\/sorareceo.com\/#organization"},"potentialAction":[{"@type":"SearchAction","target":{"@type":"EntryPoint","urlTemplate":"https:\/\/sorareceo.com\/?s={search_term_string}"},"query-input":{"@type":"PropertyValueSpecification","valueRequired":true,"valueName":"search_term_string"}}],"inLanguage":"cs"},{"@type":"Organization","@id":"https:\/\/sorareceo.com\/#organization","name":"SorareCEO - Your Place for Sorare Strategies &amp; Tips","url":"https:\/\/sorareceo.com\/","logo":{"@type":"ImageObject","inLanguage":"cs","@id":"https:\/\/sorareceo.com\/#\/schema\/logo\/image\/","url":"https:\/\/sorareceo.com\/wp-content\/uploads\/2025\/08\/new-logo.webp","contentUrl":"https:\/\/sorareceo.com\/wp-content\/uploads\/2025\/08\/new-logo.webp","width":500,"height":150,"caption":"SorareCEO - Your Place for Sorare Strategies &amp; Tips"},"image":{"@id":"https:\/\/sorareceo.com\/#\/schema\/logo\/image\/"}}]}},"_links":{"self":[{"href":"https:\/\/sorareceo.com\/cs\/wp-json\/wp\/v2\/pages\/37762","targetHints":{"allow":["GET"]}}],"collection":[{"href":"https:\/\/sorareceo.com\/cs\/wp-json\/wp\/v2\/pages"}],"about":[{"href":"https:\/\/sorareceo.com\/cs\/wp-json\/wp\/v2\/types\/page"}],"author":[{"embeddable":true,"href":"https:\/\/sorareceo.com\/cs\/wp-json\/wp\/v2\/users\/1"}],"replies":[{"embeddable":true,"href":"https:\/\/sorareceo.com\/cs\/wp-json\/wp\/v2\/comments?post=37762"}],"version-history":[{"count":1,"href":"https:\/\/sorareceo.com\/cs\/wp-json\/wp\/v2\/pages\/37762\/revisions"}],"predecessor-version":[{"id":37773,"href":"https:\/\/sorareceo.com\/cs\/wp-json\/wp\/v2\/pages\/37762\/revisions\/37773"}],"wp:featuredmedia":[{"embeddable":true,"href":"https:\/\/sorareceo.com\/cs\/wp-json\/wp\/v2\/media\/34402"}],"wp:attachment":[{"href":"https:\/\/sorareceo.com\/cs\/wp-json\/wp\/v2\/media?parent=37762"}],"curies":[{"name":"wp","href":"https:\/\/api.w.org\/{rel}","templated":true}]}}