{"id":36563,"date":"2025-01-04T00:18:52","date_gmt":"2025-01-04T00:18:52","guid":{"rendered":"https:\/\/sorareceo.com\/sorareceo-com-vas-spolehlivy-pruvodce-sorare\/"},"modified":"2025-08-27T00:49:20","modified_gmt":"2025-08-27T00:49:20","slug":"sorareceo-com-vas-spolehlivy-pruvodce-sorare","status":"publish","type":"page","link":"https:\/\/sorareceo.com\/cs\/","title":{"rendered":"SorareCEO.com \u2013 v\u00e1\u0161 spolehliv\u00fd pr\u016fvodce Sorare"},"content":{"rendered":"<div class=\"gb-container gb-container-4f6744a8 alignfull\">\n\n<h2 class=\"gb-headline gb-headline-59c6c384 gb-headline-text\">V\u00edtejte na SorareCEO<\/h2>\n\n\n\n<h1 class=\"gb-headline gb-headline-499f076a gb-headline-text\">M\u00edsto pro n\u00e1vody, tutori\u00e1ly a strategie k Sorare.<\/h1>\n\n\n\n<a class=\"gb-button gb-button-7411aeb9 gb-button-text\" href=\"https:\/\/sorareceo.com\/cs\/co-je-sorare\/\" target=\"_blank\" rel=\"noopener noreferrer\">CO JE SORARE?<\/a>\n\n<\/div>\n\n<div class=\"gb-container gb-container-dff66fc0 alignfull\">\n<div class=\"gb-container gb-container-5ae625cf\">\n<div class=\"gb-container gb-container-7bad8aa5\">\n\n<h2 class=\"gb-headline gb-headline-3639624f gb-headline-text\">Pr\u016fvodce pro za\u010d\u00e1te\u010dn\u00edky<\/h2>\n\n\n\n<figure class=\"wp-block-image size-full is-resized\"><img loading=\"lazy\" decoding=\"async\" width=\"1000\" height=\"1000\" src=\"http:\/\/sorareceo.com\/wp-content\/uploads\/2025\/08\/guide-homepage.webp\" alt=\"\" class=\"wp-image-35215\" style=\"object-fit:cover;width:300px;height:300px\" srcset=\"https:\/\/sorareceo.com\/wp-content\/uploads\/2025\/08\/guide-homepage.webp 1000w, https:\/\/sorareceo.com\/wp-content\/uploads\/2025\/08\/guide-homepage-300x300.webp 300w, https:\/\/sorareceo.com\/wp-content\/uploads\/2025\/08\/guide-homepage-150x150.webp 150w, https:\/\/sorareceo.com\/wp-content\/uploads\/2025\/08\/guide-homepage-768x768.webp 768w\" sizes=\"auto, (max-width: 1000px) 100vw, 1000px\" \/><\/figure>\n\n\n<div class=\"gb-container gb-container-98b4471b\">\n\n<p class=\"gb-headline gb-headline-44cbcbf8 gb-headline-text\">Jste v Sorare nov\u00ed? Mo\u017en\u00e1 se chcete vyhnout za\u010d\u00e1te\u010dnick\u00fdm chyb\u00e1m a maximalizovat sv\u00e9 \u0161ance na zisk co nejd\u0159\u00edve po registraci. M\u016fj pr\u016fvodce pro za\u010d\u00e1te\u010dn\u00edky v Sorare v\u00e1m s t\u00edm pom\u016f\u017ee\u2026 a je\u0161t\u011b s mnoh\u00fdm dal\u0161\u00edm.  <\/p>\n\n\n\n<a class=\"gb-button gb-button-ff8e8a3a gb-button-text\" href=\"https:\/\/sorareceo.com\/cs\/sorare-tutorial\/\" target=\"_blank\" rel=\"noopener noreferrer\">\u010cT\u011aTE ZDE<\/a>\n\n<\/div>\n<\/div>\n<\/div>\n\n<div class=\"gb-container gb-container-5732aabf\">\n<div class=\"gb-container gb-container-84b12203\">\n\n<h2 class=\"gb-headline gb-headline-a59e7235 gb-headline-text\">Recenze hry<\/h2>\n\n\n\n<figure class=\"wp-block-image size-full is-resized\"><img loading=\"lazy\" decoding=\"async\" width=\"1000\" height=\"1000\" src=\"http:\/\/sorareceo.com\/wp-content\/uploads\/2025\/08\/review-homepage.webp\" alt=\"\" class=\"wp-image-35262\" style=\"object-fit:cover;width:300px;height:300px\" srcset=\"https:\/\/sorareceo.com\/wp-content\/uploads\/2025\/08\/review-homepage.webp 1000w, https:\/\/sorareceo.com\/wp-content\/uploads\/2025\/08\/review-homepage-300x300.webp 300w, https:\/\/sorareceo.com\/wp-content\/uploads\/2025\/08\/review-homepage-150x150.webp 150w, https:\/\/sorareceo.com\/wp-content\/uploads\/2025\/08\/review-homepage-768x768.webp 768w\" sizes=\"auto, (max-width: 1000px) 100vw, 1000px\" \/><\/figure>\n\n\n<div class=\"gb-container gb-container-5d281bbd\">\n\n<p class=\"gb-headline gb-headline-e815eb18 gb-headline-text\">St\u00e1le v\u00e1h\u00e1te, jestli je tato hra pro v\u00e1s? P\u0159e\u010dt\u011bte si mou recenzi Sorare, kde najdete m\u00e9 nejup\u0159\u00edmn\u011bj\u0161\u00ed hodnocen\u00ed produktu a tak\u00e9 to, \u010d\u00edm se li\u0161\u00ed od jin\u00fdch fantasy sportovn\u00edch platforem. Stejn\u011b jako ka\u017ed\u00e1 hra m\u00e1 sv\u00e9 plusy i m\u00ednusy.   <\/p>\n\n\n\n<a class=\"gb-button gb-button-2dee9ba5 gb-button-text\" href=\"#\" target=\"_blank\" rel=\"noopener noreferrer\">\u010cT\u011aTE ZDE<\/a>\n\n<\/div>\n<\/div>\n<\/div>\n\n<div class=\"gb-container gb-container-9a12ce94\">\n<div class=\"gb-container gb-container-4a74dada\">\n\n<h2 class=\"gb-headline gb-headline-7b49ca4e gb-headline-text\">Nab\u00eddka p\u0159i registraci<\/h2>\n\n\n\n<figure class=\"wp-block-image size-full is-resized\"><img loading=\"lazy\" decoding=\"async\" width=\"1000\" height=\"1000\" src=\"http:\/\/sorareceo.com\/wp-content\/uploads\/2025\/08\/sign-up-offer-homepage.webp\" alt=\"\" class=\"wp-image-35309\" style=\"object-fit:cover;width:300px;height:300px\" srcset=\"https:\/\/sorareceo.com\/wp-content\/uploads\/2025\/08\/sign-up-offer-homepage.webp 1000w, https:\/\/sorareceo.com\/wp-content\/uploads\/2025\/08\/sign-up-offer-homepage-300x300.webp 300w, https:\/\/sorareceo.com\/wp-content\/uploads\/2025\/08\/sign-up-offer-homepage-150x150.webp 150w, https:\/\/sorareceo.com\/wp-content\/uploads\/2025\/08\/sign-up-offer-homepage-768x768.webp 768w\" sizes=\"auto, (max-width: 1000px) 100vw, 1000px\" \/><\/figure>\n\n\n<div class=\"gb-container gb-container-9727e384\">\n\n<p class=\"gb-headline gb-headline-e3c72453 gb-headline-text\">Pokud jste u\u010dinili (spr\u00e1vn\u00e9) rozhodnut\u00ed p\u0159idat se ke h\u0159e, m\u00e1m pro v\u00e1s d\u00e1rek. Sta\u0148te se jedn\u00edm z \u010dten\u00e1\u0159\u016f SorareCEO, kte\u0159\u00ed z\u00edskaj\u00ed uv\u00edtac\u00ed bonus a n\u00e1skok p\u0159ed ostatn\u00edmi mana\u017eery. Aktu\u00e1ln\u00ed akci objevte zde.   <\/p>\n\n\n\n<a class=\"gb-button gb-button-fc86622e gb-button-text\" href=\"https:\/\/sorareceo.com\/cs\/nabidka-pro-registracji-sorare\/\" target=\"_blank\" rel=\"noopener noreferrer\">\u010cT\u011aTE ZDE<\/a>\n\n<\/div>\n<\/div>\n<\/div>\n<\/div>","protected":false},"excerpt":{"rendered":"<p>V\u00edtejte na SorareCEO M\u00edsto pro n\u00e1vody, tutori\u00e1ly a strategie k Sorare. Pr\u016fvodce pro za\u010d\u00e1te\u010dn\u00edky Jste v Sorare nov\u00ed? Mo\u017en\u00e1 se chcete vyhnout za\u010d\u00e1te\u010dnick\u00fdm chyb\u00e1m a maximalizovat sv\u00e9 \u0161ance na zisk co nejd\u0159\u00edve po registraci. M\u016fj pr\u016fvodce pro za\u010d\u00e1te\u010dn\u00edky v Sorare v\u00e1m s t\u00edm pom\u016f\u017ee\u2026 a je\u0161t\u011b s mnoh\u00fdm dal\u0161\u00edm. Recenze hry St\u00e1le v\u00e1h\u00e1te, jestli je &#8230; <a title=\"SorareCEO.com \u2013 v\u00e1\u0161 spolehliv\u00fd pr\u016fvodce Sorare\" class=\"read-more\" href=\"https:\/\/sorareceo.com\/cs\/\" aria-label=\"\u010c\u00edst v\u00edce o SorareCEO.com \u2013 v\u00e1\u0161 spolehliv\u00fd pr\u016fvodce Sorare\">Read more<\/a><\/p>\n","protected":false},"author":1,"featured_media":34291,"parent":0,"menu_order":0,"comment_status":"closed","ping_status":"closed","template":"","meta":{"footnotes":""},"class_list":["post-36563","page","type-page","status-publish","has-post-thumbnail"],"yoast_head":"<!-- This site is optimized with the Yoast SEO plugin v26.6 - https:\/\/yoast.com\/wordpress\/plugins\/seo\/ -->\n<title>SorareCEO.com \u2013 v\u00e1\u0161 spolehliv\u00fd pr\u016fvodce Sorare<\/title>\n<meta name=\"description\" content=\"SorareCEO je v\u00e1\u0161 d\u016fv\u011bryhodn\u00fd zdroj n\u00e1vod\u016f, tutori\u00e1l\u016f, tip\u016f, strategi\u00ed a novinek o Sorare. Zlep\u0161ete se ve h\u0159e se mnou.\" \/>\n<meta name=\"robots\" content=\"index, follow, max-snippet:-1, max-image-preview:large, max-video-preview:-1\" \/>\n<link rel=\"canonical\" href=\"https:\/\/sorareceo.com\/cs\/\" \/>\n<meta property=\"og:locale\" content=\"cs_CZ\" \/>\n<meta property=\"og:type\" content=\"article\" \/>\n<meta property=\"og:title\" content=\"SorareCEO.com \u2013 v\u00e1\u0161 spolehliv\u00fd pr\u016fvodce Sorare\" \/>\n<meta property=\"og:description\" content=\"SorareCEO je v\u00e1\u0161 d\u016fv\u011bryhodn\u00fd zdroj n\u00e1vod\u016f, tutori\u00e1l\u016f, tip\u016f, strategi\u00ed a novinek o Sorare. Zlep\u0161ete se ve h\u0159e se mnou.\" \/>\n<meta property=\"og:url\" content=\"https:\/\/sorareceo.com\/cs\/\" \/>\n<meta property=\"og:site_name\" content=\"SorareCEO - Your Place for Sorare Strategies &amp; Tips\" \/>\n<meta property=\"article:modified_time\" content=\"2025-08-27T00:49:20+00:00\" \/>\n<meta property=\"og:image\" content=\"https:\/\/sorareceo.com\/wp-content\/uploads\/2025\/08\/icon.webp\" \/>\n\t<meta property=\"og:image:width\" content=\"100\" \/>\n\t<meta property=\"og:image:height\" content=\"100\" \/>\n\t<meta property=\"og:image:type\" content=\"image\/webp\" \/>\n<meta name=\"twitter:card\" content=\"summary_large_image\" \/>\n<meta name=\"twitter:label1\" content=\"Odhadovan\u00e1 doba \u010dten\u00ed\" \/>\n\t<meta name=\"twitter:data1\" content=\"2 minuty\" \/>\n<script type=\"application\/ld+json\" class=\"yoast-schema-graph\">{\"@context\":\"https:\/\/schema.org\",\"@graph\":[{\"@type\":\"WebPage\",\"@id\":\"https:\/\/sorareceo.com\/cs\/\",\"url\":\"https:\/\/sorareceo.com\/cs\/\",\"name\":\"SorareCEO.com \u2013 v\u00e1\u0161 spolehliv\u00fd pr\u016fvodce Sorare\",\"isPartOf\":{\"@id\":\"https:\/\/sorareceo.com\/#website\"},\"primaryImageOfPage\":{\"@id\":\"https:\/\/sorareceo.com\/cs\/#primaryimage\"},\"image\":{\"@id\":\"https:\/\/sorareceo.com\/cs\/#primaryimage\"},\"thumbnailUrl\":\"https:\/\/sorareceo.com\/wp-content\/uploads\/2025\/08\/icon.webp\",\"datePublished\":\"2025-01-04T00:18:52+00:00\",\"dateModified\":\"2025-08-27T00:49:20+00:00\",\"description\":\"SorareCEO je v\u00e1\u0161 d\u016fv\u011bryhodn\u00fd zdroj n\u00e1vod\u016f, tutori\u00e1l\u016f, tip\u016f, strategi\u00ed a novinek o Sorare. Zlep\u0161ete se ve h\u0159e se mnou.\",\"breadcrumb\":{\"@id\":\"https:\/\/sorareceo.com\/cs\/#breadcrumb\"},\"inLanguage\":\"cs\",\"potentialAction\":[{\"@type\":\"ReadAction\",\"target\":[\"https:\/\/sorareceo.com\/cs\/\"]}]},{\"@type\":\"ImageObject\",\"inLanguage\":\"cs\",\"@id\":\"https:\/\/sorareceo.com\/cs\/#primaryimage\",\"url\":\"https:\/\/sorareceo.com\/wp-content\/uploads\/2025\/08\/icon.webp\",\"contentUrl\":\"https:\/\/sorareceo.com\/wp-content\/uploads\/2025\/08\/icon.webp\",\"width\":100,\"height\":100},{\"@type\":\"BreadcrumbList\",\"@id\":\"https:\/\/sorareceo.com\/cs\/#breadcrumb\",\"itemListElement\":[{\"@type\":\"ListItem\",\"position\":1,\"name\":\"Home\",\"item\":\"https:\/\/sorareceo.com\/cs\/\"},{\"@type\":\"ListItem\",\"position\":2,\"name\":\"SorareCEO.com \u2013 v\u00e1\u0161 spolehliv\u00fd pr\u016fvodce Sorare\"}]},{\"@type\":\"WebSite\",\"@id\":\"https:\/\/sorareceo.com\/#website\",\"url\":\"https:\/\/sorareceo.com\/\",\"name\":\"SorareCEO - Your Place for Sorare Strategies &amp; Tips\",\"description\":\"The best place for up-to-date Sorare strategies, guides &amp; tips.\",\"publisher\":{\"@id\":\"https:\/\/sorareceo.com\/#organization\"},\"potentialAction\":[{\"@type\":\"SearchAction\",\"target\":{\"@type\":\"EntryPoint\",\"urlTemplate\":\"https:\/\/sorareceo.com\/?s={search_term_string}\"},\"query-input\":{\"@type\":\"PropertyValueSpecification\",\"valueRequired\":true,\"valueName\":\"search_term_string\"}}],\"inLanguage\":\"cs\"},{\"@type\":\"Organization\",\"@id\":\"https:\/\/sorareceo.com\/#organization\",\"name\":\"SorareCEO - Your Place for Sorare Strategies &amp; Tips\",\"url\":\"https:\/\/sorareceo.com\/\",\"logo\":{\"@type\":\"ImageObject\",\"inLanguage\":\"cs\",\"@id\":\"https:\/\/sorareceo.com\/#\/schema\/logo\/image\/\",\"url\":\"https:\/\/sorareceo.com\/wp-content\/uploads\/2025\/08\/new-logo.webp\",\"contentUrl\":\"https:\/\/sorareceo.com\/wp-content\/uploads\/2025\/08\/new-logo.webp\",\"width\":500,\"height\":150,\"caption\":\"SorareCEO - Your Place for Sorare Strategies &amp; Tips\"},\"image\":{\"@id\":\"https:\/\/sorareceo.com\/#\/schema\/logo\/image\/\"}}]}<\/script>\n<!-- \/ Yoast SEO plugin. -->","yoast_head_json":{"title":"SorareCEO.com \u2013 v\u00e1\u0161 spolehliv\u00fd pr\u016fvodce Sorare","description":"SorareCEO je v\u00e1\u0161 d\u016fv\u011bryhodn\u00fd zdroj n\u00e1vod\u016f, tutori\u00e1l\u016f, tip\u016f, strategi\u00ed a novinek o Sorare. Zlep\u0161ete se ve h\u0159e se mnou.","robots":{"index":"index","follow":"follow","max-snippet":"max-snippet:-1","max-image-preview":"max-image-preview:large","max-video-preview":"max-video-preview:-1"},"canonical":"https:\/\/sorareceo.com\/cs\/","og_locale":"cs_CZ","og_type":"article","og_title":"SorareCEO.com \u2013 v\u00e1\u0161 spolehliv\u00fd pr\u016fvodce Sorare","og_description":"SorareCEO je v\u00e1\u0161 d\u016fv\u011bryhodn\u00fd zdroj n\u00e1vod\u016f, tutori\u00e1l\u016f, tip\u016f, strategi\u00ed a novinek o Sorare. Zlep\u0161ete se ve h\u0159e se mnou.","og_url":"https:\/\/sorareceo.com\/cs\/","og_site_name":"SorareCEO - Your Place for Sorare Strategies &amp; Tips","article_modified_time":"2025-08-27T00:49:20+00:00","og_image":[{"width":100,"height":100,"url":"https:\/\/sorareceo.com\/wp-content\/uploads\/2025\/08\/icon.webp","type":"image\/webp"}],"twitter_card":"summary_large_image","twitter_misc":{"Odhadovan\u00e1 doba \u010dten\u00ed":"2 minuty"},"schema":{"@context":"https:\/\/schema.org","@graph":[{"@type":"WebPage","@id":"https:\/\/sorareceo.com\/cs\/","url":"https:\/\/sorareceo.com\/cs\/","name":"SorareCEO.com \u2013 v\u00e1\u0161 spolehliv\u00fd pr\u016fvodce Sorare","isPartOf":{"@id":"https:\/\/sorareceo.com\/#website"},"primaryImageOfPage":{"@id":"https:\/\/sorareceo.com\/cs\/#primaryimage"},"image":{"@id":"https:\/\/sorareceo.com\/cs\/#primaryimage"},"thumbnailUrl":"https:\/\/sorareceo.com\/wp-content\/uploads\/2025\/08\/icon.webp","datePublished":"2025-01-04T00:18:52+00:00","dateModified":"2025-08-27T00:49:20+00:00","description":"SorareCEO je v\u00e1\u0161 d\u016fv\u011bryhodn\u00fd zdroj n\u00e1vod\u016f, tutori\u00e1l\u016f, tip\u016f, strategi\u00ed a novinek o Sorare. Zlep\u0161ete se ve h\u0159e se mnou.","breadcrumb":{"@id":"https:\/\/sorareceo.com\/cs\/#breadcrumb"},"inLanguage":"cs","potentialAction":[{"@type":"ReadAction","target":["https:\/\/sorareceo.com\/cs\/"]}]},{"@type":"ImageObject","inLanguage":"cs","@id":"https:\/\/sorareceo.com\/cs\/#primaryimage","url":"https:\/\/sorareceo.com\/wp-content\/uploads\/2025\/08\/icon.webp","contentUrl":"https:\/\/sorareceo.com\/wp-content\/uploads\/2025\/08\/icon.webp","width":100,"height":100},{"@type":"BreadcrumbList","@id":"https:\/\/sorareceo.com\/cs\/#breadcrumb","itemListElement":[{"@type":"ListItem","position":1,"name":"Home","item":"https:\/\/sorareceo.com\/cs\/"},{"@type":"ListItem","position":2,"name":"SorareCEO.com \u2013 v\u00e1\u0161 spolehliv\u00fd pr\u016fvodce Sorare"}]},{"@type":"WebSite","@id":"https:\/\/sorareceo.com\/#website","url":"https:\/\/sorareceo.com\/","name":"SorareCEO - Your Place for Sorare Strategies &amp; Tips","description":"The best place for up-to-date Sorare strategies, guides &amp; tips.","publisher":{"@id":"https:\/\/sorareceo.com\/#organization"},"potentialAction":[{"@type":"SearchAction","target":{"@type":"EntryPoint","urlTemplate":"https:\/\/sorareceo.com\/?s={search_term_string}"},"query-input":{"@type":"PropertyValueSpecification","valueRequired":true,"valueName":"search_term_string"}}],"inLanguage":"cs"},{"@type":"Organization","@id":"https:\/\/sorareceo.com\/#organization","name":"SorareCEO - Your Place for Sorare Strategies &amp; Tips","url":"https:\/\/sorareceo.com\/","logo":{"@type":"ImageObject","inLanguage":"cs","@id":"https:\/\/sorareceo.com\/#\/schema\/logo\/image\/","url":"https:\/\/sorareceo.com\/wp-content\/uploads\/2025\/08\/new-logo.webp","contentUrl":"https:\/\/sorareceo.com\/wp-content\/uploads\/2025\/08\/new-logo.webp","width":500,"height":150,"caption":"SorareCEO - Your Place for Sorare Strategies &amp; Tips"},"image":{"@id":"https:\/\/sorareceo.com\/#\/schema\/logo\/image\/"}}]}},"_links":{"self":[{"href":"https:\/\/sorareceo.com\/cs\/wp-json\/wp\/v2\/pages\/36563","targetHints":{"allow":["GET"]}}],"collection":[{"href":"https:\/\/sorareceo.com\/cs\/wp-json\/wp\/v2\/pages"}],"about":[{"href":"https:\/\/sorareceo.com\/cs\/wp-json\/wp\/v2\/types\/page"}],"author":[{"embeddable":true,"href":"https:\/\/sorareceo.com\/cs\/wp-json\/wp\/v2\/users\/1"}],"replies":[{"embeddable":true,"href":"https:\/\/sorareceo.com\/cs\/wp-json\/wp\/v2\/comments?post=36563"}],"version-history":[{"count":3,"href":"https:\/\/sorareceo.com\/cs\/wp-json\/wp\/v2\/pages\/36563\/revisions"}],"predecessor-version":[{"id":37775,"href":"https:\/\/sorareceo.com\/cs\/wp-json\/wp\/v2\/pages\/36563\/revisions\/37775"}],"wp:featuredmedia":[{"embeddable":true,"href":"https:\/\/sorareceo.com\/cs\/wp-json\/wp\/v2\/media\/34291"}],"wp:attachment":[{"href":"https:\/\/sorareceo.com\/cs\/wp-json\/wp\/v2\/media?parent=36563"}],"curies":[{"name":"wp","href":"https:\/\/api.w.org\/{rel}","templated":true}]}}