{"id":36612,"date":"2025-01-04T00:18:52","date_gmt":"2025-01-04T00:18:52","guid":{"rendered":"https:\/\/sorareceo.com\/sorareceo-com-s%c9%99nin-etibarli-b%c9%99l%c9%99dcin-sorare-ucun\/"},"modified":"2025-08-27T20:14:03","modified_gmt":"2025-08-27T20:14:03","slug":"sorareceo-com-s%c9%99nin-etibarli-b%c9%99l%c9%99dcin-sorare-ucun","status":"publish","type":"page","link":"https:\/\/sorareceo.com\/az\/","title":{"rendered":"SorareCEO.com \u2013 S\u0259nin etibarl\u0131 b\u0259l\u0259d\u00e7in Sorare \u00fc\u00e7\u00fcn"},"content":{"rendered":"<div class=\"gb-container gb-container-4f6744a8 alignfull\">\n\n<h2 class=\"gb-headline gb-headline-59c6c384 gb-headline-text\">SorareCEO-ya xo\u015f g\u0259lmis\u0259n<\/h2>\n\n\n\n<h1 class=\"gb-headline gb-headline-499f076a gb-headline-text\">Sorare b\u0259l\u0259d\u00e7il\u0259ri, d\u0259rslikl\u0259ri v\u0259 strategiyalar\u0131 \u00fc\u00e7\u00fcn do\u011fru yer.<\/h1>\n\n\n\n<a class=\"gb-button gb-button-7411aeb9 gb-button-text\" href=\"https:\/\/sorareceo.com\/az\/sorare-nedir\/\" target=\"_blank\" rel=\"noopener noreferrer\">SORARE N\u018fD\u0130R?<\/a>\n\n<\/div>\n\n<div class=\"gb-container gb-container-dff66fc0 alignfull\">\n<div class=\"gb-container gb-container-5ae625cf\">\n<div class=\"gb-container gb-container-7bad8aa5\">\n\n<h2 class=\"gb-headline gb-headline-3639624f gb-headline-text\">Yeni ba\u015flayanlar \u00fc\u00e7\u00fcn b\u0259l\u0259d\u00e7i<\/h2>\n\n\n\n<figure class=\"wp-block-image size-full is-resized\"><img loading=\"lazy\" decoding=\"async\" width=\"1000\" height=\"1000\" src=\"http:\/\/sorareceo.com\/wp-content\/uploads\/2025\/08\/guide-homepage.webp\" alt=\"\" class=\"wp-image-35215\" style=\"object-fit:cover;width:300px;height:300px\" srcset=\"https:\/\/sorareceo.com\/wp-content\/uploads\/2025\/08\/guide-homepage.webp 1000w, https:\/\/sorareceo.com\/wp-content\/uploads\/2025\/08\/guide-homepage-300x300.webp 300w, https:\/\/sorareceo.com\/wp-content\/uploads\/2025\/08\/guide-homepage-150x150.webp 150w, https:\/\/sorareceo.com\/wp-content\/uploads\/2025\/08\/guide-homepage-768x768.webp 768w\" sizes=\"auto, (max-width: 1000px) 100vw, 1000px\" \/><\/figure>\n\n\n<div class=\"gb-container gb-container-98b4471b\">\n\n<p class=\"gb-headline gb-headline-44cbcbf8 gb-headline-text\">Sorare-d\u0259 yenis\u0259n? B\u0259lk\u0259 d\u0259 ba\u015flan\u011f\u0131c s\u0259hvl\u0259rind\u0259n qa\u00e7maq v\u0259 qo\u015fulduqdan d\u0259rhal sonra qazanc \u0259ld\u0259 etm\u0259 \u015fans\u0131n\u0131 maksimuma \u00e7atd\u0131rmaq ist\u0259yirs\u0259n. M\u0259nim Sorare yeni ba\u015flayanlar \u00fc\u00e7\u00fcn b\u0259l\u0259d\u00e7im s\u0259n\u0259 m\u0259hz bunda \u2013 v\u0259 daha \u00e7oxunda \u2013 k\u00f6m\u0259k ed\u0259c\u0259k.  <\/p>\n\n\n\n<a class=\"gb-button gb-button-ff8e8a3a gb-button-text\" href=\"https:\/\/sorareceo.com\/az\/sorare-tutorial\/\" target=\"_blank\" rel=\"noopener noreferrer\">BURADA OXUYUN<\/a>\n\n<\/div>\n<\/div>\n<\/div>\n\n<div class=\"gb-container gb-container-5732aabf\">\n<div class=\"gb-container gb-container-84b12203\">\n\n<h2 class=\"gb-headline gb-headline-a59e7235 gb-headline-text\">Oyun icmal\u0131<\/h2>\n\n\n\n<figure class=\"wp-block-image size-full is-resized\"><img loading=\"lazy\" decoding=\"async\" width=\"1000\" height=\"1000\" src=\"http:\/\/sorareceo.com\/wp-content\/uploads\/2025\/08\/review-homepage.webp\" alt=\"\" class=\"wp-image-35262\" style=\"object-fit:cover;width:300px;height:300px\" srcset=\"https:\/\/sorareceo.com\/wp-content\/uploads\/2025\/08\/review-homepage.webp 1000w, https:\/\/sorareceo.com\/wp-content\/uploads\/2025\/08\/review-homepage-300x300.webp 300w, https:\/\/sorareceo.com\/wp-content\/uploads\/2025\/08\/review-homepage-150x150.webp 150w, https:\/\/sorareceo.com\/wp-content\/uploads\/2025\/08\/review-homepage-768x768.webp 768w\" sizes=\"auto, (max-width: 1000px) 100vw, 1000px\" \/><\/figure>\n\n\n<div class=\"gb-container gb-container-5d281bbd\">\n\n<p class=\"gb-headline gb-headline-e815eb18 gb-headline-text\">H\u0259l\u0259 d\u0259 bu oyunun s\u0259n\u0259 uy\u011fun olub-olmad\u0131\u011f\u0131n\u0131 d\u00fc\u015f\u00fcn\u00fcrs\u0259n? M\u0259nim Sorare icmal\u0131m\u0131 oxu \u2013 burada m\u0259hsul haqq\u0131nda \u0259n s\u0259mimi fikirl\u0259rimi v\u0259 onun dig\u0259r fantaziya idman platformalar\u0131ndan nec\u0259 f\u0259rql\u0259ndiyini tapa bil\u0259rs\u0259n. H\u0259r bir oyun kimi, bunun da \u00fcst\u00fcnl\u00fckl\u0259ri v\u0259 \u00e7at\u0131\u015fmazl\u0131qlar\u0131 var.   <\/p>\n\n\n\n<a class=\"gb-button gb-button-2dee9ba5 gb-button-text\" href=\"#\" target=\"_blank\" rel=\"noopener noreferrer\">BURADA OXUYUN<\/a>\n\n<\/div>\n<\/div>\n<\/div>\n\n<div class=\"gb-container gb-container-9a12ce94\">\n<div class=\"gb-container gb-container-4a74dada\">\n\n<h2 class=\"gb-headline gb-headline-7b49ca4e gb-headline-text\">Qeydiyyat t\u0259klifi<\/h2>\n\n\n\n<figure class=\"wp-block-image size-full is-resized\"><img loading=\"lazy\" decoding=\"async\" width=\"1000\" height=\"1000\" src=\"http:\/\/sorareceo.com\/wp-content\/uploads\/2025\/08\/sign-up-offer-homepage.webp\" alt=\"\" class=\"wp-image-35309\" style=\"object-fit:cover;width:300px;height:300px\" srcset=\"https:\/\/sorareceo.com\/wp-content\/uploads\/2025\/08\/sign-up-offer-homepage.webp 1000w, https:\/\/sorareceo.com\/wp-content\/uploads\/2025\/08\/sign-up-offer-homepage-300x300.webp 300w, https:\/\/sorareceo.com\/wp-content\/uploads\/2025\/08\/sign-up-offer-homepage-150x150.webp 150w, https:\/\/sorareceo.com\/wp-content\/uploads\/2025\/08\/sign-up-offer-homepage-768x768.webp 768w\" sizes=\"auto, (max-width: 1000px) 100vw, 1000px\" \/><\/figure>\n\n\n<div class=\"gb-container gb-container-9727e384\">\n\n<p class=\"gb-headline gb-headline-e3c72453 gb-headline-text\">\u018fg\u0259r oyuna qo\u015fulmaq bar\u0259d\u0259 (d\u00fczg\u00fcn) q\u0259rar\u0131 vermis\u0259ns\u0259, bu m\u0259nim s\u0259n\u0259 h\u0259diyy\u0259mdir. SorareCEO oxucular\u0131ndan biri ol, xo\u015f g\u0259ldin bonusu qazan v\u0259 oyunda dig\u0259r menecerl\u0259r\u0259 qar\u015f\u0131 \u00fcst\u00fcnl\u00fck \u0259ld\u0259 et. Buradan haz\u0131rk\u0131 kampaniyan\u0131 k\u0259\u015ff et.   <\/p>\n\n\n\n<a class=\"gb-button gb-button-fc86622e gb-button-text\" href=\"https:\/\/sorareceo.com\/az\/sorare-qeydiyyat-teklifi\/\" target=\"_blank\" rel=\"noopener noreferrer\">BURADA OXUYUN<\/a>\n\n<\/div>\n<\/div>\n<\/div>\n<\/div>","protected":false},"excerpt":{"rendered":"<p>SorareCEO-ya xo\u015f g\u0259lmis\u0259n Sorare b\u0259l\u0259d\u00e7il\u0259ri, d\u0259rslikl\u0259ri v\u0259 strategiyalar\u0131 \u00fc\u00e7\u00fcn do\u011fru yer. Yeni ba\u015flayanlar \u00fc\u00e7\u00fcn b\u0259l\u0259d\u00e7i Sorare-d\u0259 yenis\u0259n? B\u0259lk\u0259 d\u0259 ba\u015flan\u011f\u0131c s\u0259hvl\u0259rind\u0259n qa\u00e7maq v\u0259 qo\u015fulduqdan d\u0259rhal sonra qazanc \u0259ld\u0259 etm\u0259 \u015fans\u0131n\u0131 maksimuma \u00e7atd\u0131rmaq ist\u0259yirs\u0259n. M\u0259nim Sorare yeni ba\u015flayanlar \u00fc\u00e7\u00fcn b\u0259l\u0259d\u00e7im s\u0259n\u0259 m\u0259hz bunda \u2013 v\u0259 daha \u00e7oxunda \u2013 k\u00f6m\u0259k ed\u0259c\u0259k. Oyun icmal\u0131 H\u0259l\u0259 d\u0259 bu oyunun &#8230; <a title=\"SorareCEO.com \u2013 S\u0259nin etibarl\u0131 b\u0259l\u0259d\u00e7in Sorare \u00fc\u00e7\u00fcn\" class=\"read-more\" href=\"https:\/\/sorareceo.com\/az\/\" aria-label=\"Read more about SorareCEO.com \u2013 S\u0259nin etibarl\u0131 b\u0259l\u0259d\u00e7in Sorare \u00fc\u00e7\u00fcn\">Read more<\/a><\/p>\n","protected":false},"author":1,"featured_media":34287,"parent":0,"menu_order":0,"comment_status":"closed","ping_status":"closed","template":"","meta":{"footnotes":""},"class_list":["post-36612","page","type-page","status-publish","has-post-thumbnail"],"yoast_head":"<!-- This site is optimized with the Yoast SEO plugin v26.6 - https:\/\/yoast.com\/wordpress\/plugins\/seo\/ -->\n<title>SorareCEO.com \u2013 S\u0259nin etibarl\u0131 b\u0259l\u0259d\u00e7in Sorare \u00fc\u00e7\u00fcn<\/title>\n<meta name=\"description\" content=\"SorareCEO Sorare haqq\u0131nda b\u0259l\u0259d\u00e7il\u0259r, d\u0259rslikl\u0259r, m\u0259sl\u0259h\u0259tl\u0259r, strategiyalar v\u0259 x\u0259b\u0259rl\u0259r \u00fc\u00e7\u00fcn etibarl\u0131 m\u0259nb\u0259yindir. Oyunda m\u0259niml\u0259 birlikd\u0259 inki\u015faf et.\" \/>\n<meta name=\"robots\" content=\"index, follow, max-snippet:-1, max-image-preview:large, max-video-preview:-1\" \/>\n<link rel=\"canonical\" href=\"https:\/\/sorareceo.com\/az\/\" \/>\n<meta property=\"og:locale\" content=\"az_AZ\" \/>\n<meta property=\"og:type\" content=\"article\" \/>\n<meta property=\"og:title\" content=\"SorareCEO.com \u2013 S\u0259nin etibarl\u0131 b\u0259l\u0259d\u00e7in Sorare \u00fc\u00e7\u00fcn\" \/>\n<meta property=\"og:description\" content=\"SorareCEO Sorare haqq\u0131nda b\u0259l\u0259d\u00e7il\u0259r, d\u0259rslikl\u0259r, m\u0259sl\u0259h\u0259tl\u0259r, strategiyalar v\u0259 x\u0259b\u0259rl\u0259r \u00fc\u00e7\u00fcn etibarl\u0131 m\u0259nb\u0259yindir. Oyunda m\u0259niml\u0259 birlikd\u0259 inki\u015faf et.\" \/>\n<meta property=\"og:url\" content=\"https:\/\/sorareceo.com\/az\/\" \/>\n<meta property=\"og:site_name\" content=\"SorareCEO - Your Place for Sorare Strategies &amp; Tips\" \/>\n<meta property=\"article:modified_time\" content=\"2025-08-27T20:14:03+00:00\" \/>\n<meta property=\"og:image\" content=\"https:\/\/sorareceo.com\/wp-content\/uploads\/2025\/08\/icon.webp\" \/>\n\t<meta property=\"og:image:width\" content=\"100\" \/>\n\t<meta property=\"og:image:height\" content=\"100\" \/>\n\t<meta property=\"og:image:type\" content=\"image\/webp\" \/>\n<meta name=\"twitter:card\" content=\"summary_large_image\" \/>\n<meta name=\"twitter:label1\" content=\"Est. reading time\" \/>\n\t<meta name=\"twitter:data1\" content=\"2 minutes\" \/>\n<script type=\"application\/ld+json\" class=\"yoast-schema-graph\">{\"@context\":\"https:\/\/schema.org\",\"@graph\":[{\"@type\":\"WebPage\",\"@id\":\"https:\/\/sorareceo.com\/az\/\",\"url\":\"https:\/\/sorareceo.com\/az\/\",\"name\":\"SorareCEO.com \u2013 S\u0259nin etibarl\u0131 b\u0259l\u0259d\u00e7in Sorare \u00fc\u00e7\u00fcn\",\"isPartOf\":{\"@id\":\"https:\/\/sorareceo.com\/#website\"},\"primaryImageOfPage\":{\"@id\":\"https:\/\/sorareceo.com\/az\/#primaryimage\"},\"image\":{\"@id\":\"https:\/\/sorareceo.com\/az\/#primaryimage\"},\"thumbnailUrl\":\"https:\/\/sorareceo.com\/wp-content\/uploads\/2025\/08\/icon.webp\",\"datePublished\":\"2025-01-04T00:18:52+00:00\",\"dateModified\":\"2025-08-27T20:14:03+00:00\",\"description\":\"SorareCEO Sorare haqq\u0131nda b\u0259l\u0259d\u00e7il\u0259r, d\u0259rslikl\u0259r, m\u0259sl\u0259h\u0259tl\u0259r, strategiyalar v\u0259 x\u0259b\u0259rl\u0259r \u00fc\u00e7\u00fcn etibarl\u0131 m\u0259nb\u0259yindir. Oyunda m\u0259niml\u0259 birlikd\u0259 inki\u015faf et.\",\"breadcrumb\":{\"@id\":\"https:\/\/sorareceo.com\/az\/#breadcrumb\"},\"inLanguage\":\"az\",\"potentialAction\":[{\"@type\":\"ReadAction\",\"target\":[\"https:\/\/sorareceo.com\/az\/\"]}]},{\"@type\":\"ImageObject\",\"inLanguage\":\"az\",\"@id\":\"https:\/\/sorareceo.com\/az\/#primaryimage\",\"url\":\"https:\/\/sorareceo.com\/wp-content\/uploads\/2025\/08\/icon.webp\",\"contentUrl\":\"https:\/\/sorareceo.com\/wp-content\/uploads\/2025\/08\/icon.webp\",\"width\":100,\"height\":100},{\"@type\":\"BreadcrumbList\",\"@id\":\"https:\/\/sorareceo.com\/az\/#breadcrumb\",\"itemListElement\":[{\"@type\":\"ListItem\",\"position\":1,\"name\":\"Home\",\"item\":\"https:\/\/sorareceo.com\/az\/\"},{\"@type\":\"ListItem\",\"position\":2,\"name\":\"SorareCEO.com \u2013 S\u0259nin etibarl\u0131 b\u0259l\u0259d\u00e7in Sorare \u00fc\u00e7\u00fcn\"}]},{\"@type\":\"WebSite\",\"@id\":\"https:\/\/sorareceo.com\/#website\",\"url\":\"https:\/\/sorareceo.com\/\",\"name\":\"SorareCEO - Your Place for Sorare Strategies &amp; Tips\",\"description\":\"The best place for up-to-date Sorare strategies, guides &amp; tips.\",\"publisher\":{\"@id\":\"https:\/\/sorareceo.com\/#organization\"},\"potentialAction\":[{\"@type\":\"SearchAction\",\"target\":{\"@type\":\"EntryPoint\",\"urlTemplate\":\"https:\/\/sorareceo.com\/?s={search_term_string}\"},\"query-input\":{\"@type\":\"PropertyValueSpecification\",\"valueRequired\":true,\"valueName\":\"search_term_string\"}}],\"inLanguage\":\"az\"},{\"@type\":\"Organization\",\"@id\":\"https:\/\/sorareceo.com\/#organization\",\"name\":\"SorareCEO - Your Place for Sorare Strategies &amp; Tips\",\"url\":\"https:\/\/sorareceo.com\/\",\"logo\":{\"@type\":\"ImageObject\",\"inLanguage\":\"az\",\"@id\":\"https:\/\/sorareceo.com\/#\/schema\/logo\/image\/\",\"url\":\"https:\/\/sorareceo.com\/wp-content\/uploads\/2025\/08\/new-logo.webp\",\"contentUrl\":\"https:\/\/sorareceo.com\/wp-content\/uploads\/2025\/08\/new-logo.webp\",\"width\":500,\"height\":150,\"caption\":\"SorareCEO - Your Place for Sorare Strategies &amp; Tips\"},\"image\":{\"@id\":\"https:\/\/sorareceo.com\/#\/schema\/logo\/image\/\"}}]}<\/script>\n<!-- \/ Yoast SEO plugin. -->","yoast_head_json":{"title":"SorareCEO.com \u2013 S\u0259nin etibarl\u0131 b\u0259l\u0259d\u00e7in Sorare \u00fc\u00e7\u00fcn","description":"SorareCEO Sorare haqq\u0131nda b\u0259l\u0259d\u00e7il\u0259r, d\u0259rslikl\u0259r, m\u0259sl\u0259h\u0259tl\u0259r, strategiyalar v\u0259 x\u0259b\u0259rl\u0259r \u00fc\u00e7\u00fcn etibarl\u0131 m\u0259nb\u0259yindir. Oyunda m\u0259niml\u0259 birlikd\u0259 inki\u015faf et.","robots":{"index":"index","follow":"follow","max-snippet":"max-snippet:-1","max-image-preview":"max-image-preview:large","max-video-preview":"max-video-preview:-1"},"canonical":"https:\/\/sorareceo.com\/az\/","og_locale":"az_AZ","og_type":"article","og_title":"SorareCEO.com \u2013 S\u0259nin etibarl\u0131 b\u0259l\u0259d\u00e7in Sorare \u00fc\u00e7\u00fcn","og_description":"SorareCEO Sorare haqq\u0131nda b\u0259l\u0259d\u00e7il\u0259r, d\u0259rslikl\u0259r, m\u0259sl\u0259h\u0259tl\u0259r, strategiyalar v\u0259 x\u0259b\u0259rl\u0259r \u00fc\u00e7\u00fcn etibarl\u0131 m\u0259nb\u0259yindir. Oyunda m\u0259niml\u0259 birlikd\u0259 inki\u015faf et.","og_url":"https:\/\/sorareceo.com\/az\/","og_site_name":"SorareCEO - Your Place for Sorare Strategies &amp; Tips","article_modified_time":"2025-08-27T20:14:03+00:00","og_image":[{"width":100,"height":100,"url":"https:\/\/sorareceo.com\/wp-content\/uploads\/2025\/08\/icon.webp","type":"image\/webp"}],"twitter_card":"summary_large_image","twitter_misc":{"Est. reading time":"2 minutes"},"schema":{"@context":"https:\/\/schema.org","@graph":[{"@type":"WebPage","@id":"https:\/\/sorareceo.com\/az\/","url":"https:\/\/sorareceo.com\/az\/","name":"SorareCEO.com \u2013 S\u0259nin etibarl\u0131 b\u0259l\u0259d\u00e7in Sorare \u00fc\u00e7\u00fcn","isPartOf":{"@id":"https:\/\/sorareceo.com\/#website"},"primaryImageOfPage":{"@id":"https:\/\/sorareceo.com\/az\/#primaryimage"},"image":{"@id":"https:\/\/sorareceo.com\/az\/#primaryimage"},"thumbnailUrl":"https:\/\/sorareceo.com\/wp-content\/uploads\/2025\/08\/icon.webp","datePublished":"2025-01-04T00:18:52+00:00","dateModified":"2025-08-27T20:14:03+00:00","description":"SorareCEO Sorare haqq\u0131nda b\u0259l\u0259d\u00e7il\u0259r, d\u0259rslikl\u0259r, m\u0259sl\u0259h\u0259tl\u0259r, strategiyalar v\u0259 x\u0259b\u0259rl\u0259r \u00fc\u00e7\u00fcn etibarl\u0131 m\u0259nb\u0259yindir. Oyunda m\u0259niml\u0259 birlikd\u0259 inki\u015faf et.","breadcrumb":{"@id":"https:\/\/sorareceo.com\/az\/#breadcrumb"},"inLanguage":"az","potentialAction":[{"@type":"ReadAction","target":["https:\/\/sorareceo.com\/az\/"]}]},{"@type":"ImageObject","inLanguage":"az","@id":"https:\/\/sorareceo.com\/az\/#primaryimage","url":"https:\/\/sorareceo.com\/wp-content\/uploads\/2025\/08\/icon.webp","contentUrl":"https:\/\/sorareceo.com\/wp-content\/uploads\/2025\/08\/icon.webp","width":100,"height":100},{"@type":"BreadcrumbList","@id":"https:\/\/sorareceo.com\/az\/#breadcrumb","itemListElement":[{"@type":"ListItem","position":1,"name":"Home","item":"https:\/\/sorareceo.com\/az\/"},{"@type":"ListItem","position":2,"name":"SorareCEO.com \u2013 S\u0259nin etibarl\u0131 b\u0259l\u0259d\u00e7in Sorare \u00fc\u00e7\u00fcn"}]},{"@type":"WebSite","@id":"https:\/\/sorareceo.com\/#website","url":"https:\/\/sorareceo.com\/","name":"SorareCEO - Your Place for Sorare Strategies &amp; Tips","description":"The best place for up-to-date Sorare strategies, guides &amp; tips.","publisher":{"@id":"https:\/\/sorareceo.com\/#organization"},"potentialAction":[{"@type":"SearchAction","target":{"@type":"EntryPoint","urlTemplate":"https:\/\/sorareceo.com\/?s={search_term_string}"},"query-input":{"@type":"PropertyValueSpecification","valueRequired":true,"valueName":"search_term_string"}}],"inLanguage":"az"},{"@type":"Organization","@id":"https:\/\/sorareceo.com\/#organization","name":"SorareCEO - Your Place for Sorare Strategies &amp; Tips","url":"https:\/\/sorareceo.com\/","logo":{"@type":"ImageObject","inLanguage":"az","@id":"https:\/\/sorareceo.com\/#\/schema\/logo\/image\/","url":"https:\/\/sorareceo.com\/wp-content\/uploads\/2025\/08\/new-logo.webp","contentUrl":"https:\/\/sorareceo.com\/wp-content\/uploads\/2025\/08\/new-logo.webp","width":500,"height":150,"caption":"SorareCEO - Your Place for Sorare Strategies &amp; Tips"},"image":{"@id":"https:\/\/sorareceo.com\/#\/schema\/logo\/image\/"}}]}},"_links":{"self":[{"href":"https:\/\/sorareceo.com\/az\/wp-json\/wp\/v2\/pages\/36612","targetHints":{"allow":["GET"]}}],"collection":[{"href":"https:\/\/sorareceo.com\/az\/wp-json\/wp\/v2\/pages"}],"about":[{"href":"https:\/\/sorareceo.com\/az\/wp-json\/wp\/v2\/types\/page"}],"author":[{"embeddable":true,"href":"https:\/\/sorareceo.com\/az\/wp-json\/wp\/v2\/users\/1"}],"replies":[{"embeddable":true,"href":"https:\/\/sorareceo.com\/az\/wp-json\/wp\/v2\/comments?post=36612"}],"version-history":[{"count":3,"href":"https:\/\/sorareceo.com\/az\/wp-json\/wp\/v2\/pages\/36612\/revisions"}],"predecessor-version":[{"id":37874,"href":"https:\/\/sorareceo.com\/az\/wp-json\/wp\/v2\/pages\/36612\/revisions\/37874"}],"wp:featuredmedia":[{"embeddable":true,"href":"https:\/\/sorareceo.com\/az\/wp-json\/wp\/v2\/media\/34287"}],"wp:attachment":[{"href":"https:\/\/sorareceo.com\/az\/wp-json\/wp\/v2\/media?parent=36612"}],"curies":[{"name":"wp","href":"https:\/\/api.w.org\/{rel}","templated":true}]}}